{"id":8954,"date":"2019-11-29T12:20:01","date_gmt":"2019-11-29T11:20:01","guid":{"rendered":"https:\/\/www.salon-medecinedouce.com\/paris\/?page_id=8954"},"modified":"2019-11-29T12:20:01","modified_gmt":"2019-11-29T11:20:01","slug":"studio-wellness-2019","status":"publish","type":"page","link":"https:\/\/www.salon-medecinedouce.com\/paris\/studio-wellness-2019\/","title":{"rendered":"Studio Wellness 2019"},"content":{"rendered":"<h3>Retrouvez les cours de yoga, pilates, m\u00e9ditation et autres pratiques corporelles pour votre bien-\u00eatre int\u00e9rieur.de l&rsquo;\u00e9dition 2019.<\/h3>\n<h3><strong><u>Jeudi 31 janvier 2019<\/u><\/strong><\/h3>\n<p><span style=\"color: #000000;\">12h00<\/span>\u00a0: Qigong &#8211; les huit pi\u00e8ces de brocart\u00a0<em><span style=\"color: #e3723a;\">par Weijia Cambreleng<\/span><\/em><\/p>\n<p><span style=\"color: #e3723a;\"><span style=\"color: #000000;\">13h00<\/span>\u00a0<span style=\"color: #000000;\">:\u00a0<\/span><\/span>Yoga &amp; pleine conscience (pratique douce des mouvements, accent sur la respiration.\u00a0<span style=\"color: #e3723a;\"><em>Le Dojo de Montreuil<\/em>\u00a0<\/span><\/p>\n<p><span style=\"color: #e3723a;\"><span style=\"color: #000000;\">14h00<\/span>\u00a0<\/span>: Relaxation (de la d\u00e9tente physique \u00e0 la d\u00e9tente mentale).\u00a0<span style=\"color: #e3723a;\"><em>Le Dojo de Montreuil<\/em>\u00a0<\/span><\/p>\n<p><span style=\"color: #000000;\">17h00<\/span>\u00a0: M\u00e9ditation zen et pleine conscience avec le ma\u00eetre zen.\u00a0<em><span style=\"color: #e3723a;\">Federico Dainin J\u00f4K\u00f4 Procopio<\/span><\/em><\/p>\n<h3><strong><u>Vendredi 01 f\u00e9vrier 2019<\/u><\/strong><\/h3>\n<p><span style=\"color: #000000;\">12h00<\/span>\u00a0: Sophro-m\u00e9ditation sur les cinq sens\u00a0: partez \u00e0 la d\u00e9couverte du monde et enrichissez votre monde int\u00e9rieur en activant vos cinq sens\u2026 <span style=\"color: #e3723a;\"><em>Magali Lartigue<\/em><\/span><\/p>\n<p><span style=\"color: #000000;\">13h00<\/span>\u00a0: Concentration sur un objet\u00a0: Face \u00e0 la multiplication des sollicitations incessantes du monde ext\u00e9rieur, apprenez \u00e0 vous concentrer pour revenir \u00e0 l\u2019essentiel et trouver la paix int\u00e9rieure\u2026 <span style=\"color: #e3723a;\"><em>Magali Lartigue<\/em><\/span><\/p>\n<p><span style=\"color: #e3723a;\"><span style=\"color: #000000;\">14h00<\/span>\u00a0<\/span>: Yoga &amp; pleine conscience\u00a0(pratique douce des mouvements, accent sur la respiration).\u00a0<em><span style=\"color: #e3723a;\">Le Dojo de Montreuil\u00a0<\/span><\/em><\/p>\n<p><span style=\"color: #000000;\">15h00<\/span>\u00a0: Relaxation (de la d\u00e9tente physique \u00e0 la d\u00e9tente mentale).\u00a0<span style=\"color: #e3723a;\"><em>Le Dojo de Montreuil<\/em>\u00a0<\/span><\/p>\n<p><span style=\"color: #e3723a;\"><span style=\"color: #000000;\">16h00\u00a0: Qigong &#8211; yi jin jing, renforcement des tendons et des muscles.<\/span><\/span><em><span style=\"color: #e3723a;\">\u00a0Weijia Cambreleng<\/span><\/em><\/p>\n<p><span style=\"color: #000000;\">17h00\u00a0<\/span>: M\u00e9ditation zen et pleine conscience avec le ma\u00eetre zen.\u00a0<em><span style=\"color: #e3723a;\">Federico Dainin J\u00f4K\u00f4 Procopio<\/span><\/em><\/p>\n<h3><strong><u>Samedi 02 f<\/u><\/strong><strong><u>\u00e9<\/u><\/strong><strong><u>vrier 2019<\/u><\/strong><\/h3>\n<p><span style=\"color: #e3723a;\"><span style=\"color: #000000;\">12h00 : Qigong &#8211; daoyin yangsheng gong, pour la pr\u00e9vention de la sant\u00e9.<\/span><\/span><em><span style=\"color: #e3723a;\">\u00a0Weijia Cambreleng<\/span><\/em><\/p>\n<p><span style=\"color: #000000;\">13h00<\/span>\u00a0: Yoga &amp; pleine conscience\u00a0(pratique douce des mouvements, accent sur la respiration).\u00a0<span style=\"color: #e3723a;\"><em>Le Dojo de Montreuil<\/em>\u00a0<\/span><\/p>\n<p><span style=\"color: #000000;\">14h00<\/span>\u00a0: Yoga Ashtanga.\u00a0<em><span style=\"color: #e3723a;\">Harmonia<\/span><\/em><\/p>\n<p><span style=\"color: #000000;\">15h00\u00a0<\/span>: Yoga Vinyasa en musique.\u00a0<em><span style=\"color: #e3723a;\">Harmonia<\/span><\/em><\/p>\n<p><span style=\"color: #000000;\">16h00\u00a0<\/span>: Relaxation (de la d\u00e9tente physique \u00e0 la d\u00e9tente mentale).\u00a0<span style=\"color: #e3723a;\"><em>Le Dojo de Montreuil<\/em>\u00a0<\/span><\/p>\n<p><span style=\"color: #000000;\">17h00<\/span>\u00a0: M\u00e9ditation zen et pleine conscience avec le ma\u00eetre zen.\u00a0<em><span style=\"color: #e3723a;\">Federico Dainin J\u00f4K\u00f4 Procopio<\/span><\/em><\/p>\n<p><span style=\"font-size: 18pt;\"><strong><u>Dimanche 03 f<\/u><\/strong><strong><u>\u00e9<\/u><\/strong><strong><u>vrier 2019<\/u><\/strong><\/span><\/p>\n<p><span style=\"color: #000000;\">12h00\u00a0<\/span>: Yoga Vinyasa en musique.\u00a0<em><span style=\"color: #e3723a;\">Harmonia<\/span><\/em><\/p>\n<p><span style=\"color: #000000;\">13h00\u00a0<\/span>: Abdominaux m\u00e9thode de Gasquet.\u00a0<em><span style=\"color: #e3723a;\">Harmonia<\/span><\/em><\/p>\n<p><span style=\"color: #e3723a;\"><span style=\"color: #000000;\">14h00<\/span>\u00a0<span style=\"color: #000000;\">: Qigong &#8211; WU QIN XI ou le jeu des 5 animaux.<\/span><\/span><em><span style=\"color: #e3723a;\">\u00a0Weijia Cambreleng<\/span><\/em><\/p>\n<p><span style=\"color: #000000;\">15h00<\/span>\u00a0: Yoga &amp; pleine conscience\u00a0(pratique douce des mouvements, accent sur la respiration).\u00a0<span style=\"color: #e3723a;\"><em>Le Dojo de Montreuil<\/em>\u00a0<\/span><\/p>\n<p><span style=\"color: #000000;\">16h00<\/span>\u00a0: Relaxation (de la d\u00e9tente physique \u00e0 la d\u00e9tente mentale).\u00a0<span style=\"color: #e3723a;\"><em>Le Dojo de Montreuil<\/em>\u00a0<\/span><\/p>\n<p><span style=\"color: #e3723a;\"><span style=\"color: #000000;\">17h00<\/span>\u00a0<\/span>: M\u00e9ditation zen et pleine conscience avec le ma\u00eetre zen.\u00a0<em><span style=\"color: #e3723a;\">Federico Dainin J\u00f4K\u00f4 Procopio<\/span><\/em><\/p>\n<h3><strong><u>Lundi 04 f<\/u><\/strong><strong><u>\u00e9<\/u><\/strong><strong><u>vrier<\/u><\/strong><\/h3>\n<p><span style=\"color: #000000;\">12h00 &#8211; 13h30 : Tai-chi style chen.\u00a0<\/span><em><span style=\"color: #e3723a;\">Rodolphe Pollet<\/span><\/em><\/p>\n<p>13h30 &#8211; 15h00 : Qigong debout : yi jin jing (renforcement des tendons et des muscles) et Qigong assis.<em><span style=\"color: #e3723a;\">\u00a0Weijia Cambreleng<\/span><\/em><\/p>\n<p><span style=\"color: #000000;\">15h00<\/span>\u00a0: Yoga &amp; pleine conscience\u00a0(pratique douce des mouvements, accent sur la respiration).\u00a0<span style=\"color: #e3723a;\"><em>Le Dojo de Montreuil<\/em>\u00a0<\/span><\/p>\n<p><span style=\"color: #000000;\">16h00<\/span>\u00a0: Relaxation (de la d\u00e9tente physique \u00e0 la d\u00e9tente mentale).\u00a0<span style=\"color: #e3723a;\"><em>Le Dojo de Montreuil<\/em>\u00a0<\/span><\/p>\n<p><span style=\"color: #000000;\">17h00<\/span>\u00a0: M\u00e9ditation zen et pleine conscience avec le ma\u00eetre zen.\u00a0<em><span style=\"color: #e3723a;\">Federico Dainin J\u00f4K\u00f4 Procopio<\/span><\/em><\/p>\n<div class=\"salon-pubs-hp-bas-de-page salon-entity-placement\" id=\"salon-3868666381\"><div id=\"salon-1587085201\"><a data-no-instant=\"1\" href=\"https:\/\/www.adntv.fr\/home?request_origin=tv_app\" rel=\"noopener\" class=\"a2t-link\" target=\"_blank\"><p><a href=\"https:\/\/www.salondesseniors.com\/\"><img fetchpriority=\"high\" decoding=\"async\" class=\"wp-image-22417 aligncenter\" src=\"https:\/\/www.salon-medecinedouce.com\/paris\/wp-content\/uploads\/sites\/14\/2026\/02\/Banniere-728x90-1-300x37.png\" alt=\"\" width=\"754\" height=\"93\" srcset=\"https:\/\/www.salon-medecinedouce.com\/paris\/wp-content\/uploads\/sites\/14\/2026\/02\/Banniere-728x90-1-300x37.png 300w, https:\/\/www.salon-medecinedouce.com\/paris\/wp-content\/uploads\/sites\/14\/2026\/02\/Banniere-728x90-1-1024x127.png 1024w, https:\/\/www.salon-medecinedouce.com\/paris\/wp-content\/uploads\/sites\/14\/2026\/02\/Banniere-728x90-1-768x95.png 768w, https:\/\/www.salon-medecinedouce.com\/paris\/wp-content\/uploads\/sites\/14\/2026\/02\/Banniere-728x90-1-1536x190.png 1536w, https:\/\/www.salon-medecinedouce.com\/paris\/wp-content\/uploads\/sites\/14\/2026\/02\/Banniere-728x90-1-2048x253.png 2048w, https:\/\/www.salon-medecinedouce.com\/paris\/wp-content\/uploads\/sites\/14\/2026\/02\/Banniere-728x90-1-150x19.png 150w, https:\/\/www.salon-medecinedouce.com\/paris\/wp-content\/uploads\/sites\/14\/2026\/02\/Banniere-728x90-1-500x62.png 500w\" sizes=\"(max-width: 754px) 100vw, 754px\" \/><\/a><\/p>\n<\/a><\/div><\/div>","protected":false},"excerpt":{"rendered":"<p>Retrouvez les cours de yoga, pilates, m\u00e9ditation et autres pratiques corporelles pour votre bien-\u00eatre int\u00e9rieur.de l&rsquo;\u00e9dition 2019. Jeudi 31 janvier 2019 12h00\u00a0: Qigong &#8211; les huit pi\u00e8ces de brocart\u00a0par Weijia Cambreleng 13h00\u00a0:\u00a0Yoga &amp; pleine conscience (pratique douce des mouvements, accent sur la respiration.\u00a0Le Dojo de Montreuil\u00a0 14h00\u00a0: Relaxation (de la d\u00e9tente physique \u00e0 la d\u00e9tente&hellip; <\/p>\n","protected":false},"author":1,"featured_media":0,"parent":0,"menu_order":0,"comment_status":"closed","ping_status":"closed","template":"","meta":{"_monsterinsights_skip_tracking":false,"_monsterinsights_sitenote_active":false,"_monsterinsights_sitenote_note":"","_monsterinsights_sitenote_category":0,"footnotes":""},"class_list":["post-8954","page","type-page","status-publish","hentry"],"yoast_head":"<!-- This site is optimized with the Yoast SEO plugin v27.3 - https:\/\/yoast.com\/product\/yoast-seo-wordpress\/ -->\n<title>Studio Wellness 2019 - Bien-\u00eatre Paris<\/title>\n<meta name=\"robots\" content=\"index, follow, max-snippet:-1, max-image-preview:large, max-video-preview:-1\" \/>\n<link rel=\"canonical\" href=\"https:\/\/www.salon-medecinedouce.com\/paris\/studio-wellness-2019\/\" \/>\n<meta property=\"og:locale\" content=\"fr_FR\" \/>\n<meta property=\"og:type\" content=\"article\" \/>\n<meta property=\"og:title\" content=\"Studio Wellness 2019 - Bien-\u00eatre Paris\" \/>\n<meta property=\"og:description\" content=\"Retrouvez les cours de yoga, pilates, m\u00e9ditation et autres pratiques corporelles pour votre bien-\u00eatre int\u00e9rieur.de l&rsquo;\u00e9dition 2019. Jeudi 31 janvier 2019 12h00\u00a0: Qigong &#8211; les huit pi\u00e8ces de brocart\u00a0par Weijia Cambreleng 13h00\u00a0:\u00a0Yoga &amp; pleine conscience (pratique douce des mouvements, accent sur la respiration.\u00a0Le Dojo de Montreuil\u00a0 14h00\u00a0: Relaxation (de la d\u00e9tente physique \u00e0 la d\u00e9tente&hellip;\" \/>\n<meta property=\"og:url\" content=\"https:\/\/www.salon-medecinedouce.com\/paris\/studio-wellness-2019\/\" \/>\n<meta property=\"og:site_name\" content=\"Bien-\u00eatre Paris\" \/>\n<meta name=\"twitter:card\" content=\"summary_large_image\" \/>\n<meta name=\"twitter:label1\" content=\"Dur\u00e9e de lecture estim\u00e9e\" \/>\n\t<meta name=\"twitter:data1\" content=\"2 minutes\" \/>\n<script type=\"application\/ld+json\" class=\"yoast-schema-graph\">{\"@context\":\"https:\\\/\\\/schema.org\",\"@graph\":[{\"@type\":\"WebPage\",\"@id\":\"https:\\\/\\\/www.salon-medecinedouce.com\\\/paris\\\/studio-wellness-2019\\\/\",\"url\":\"https:\\\/\\\/www.salon-medecinedouce.com\\\/paris\\\/studio-wellness-2019\\\/\",\"name\":\"Studio Wellness 2019 - Bien-\u00eatre Paris\",\"isPartOf\":{\"@id\":\"https:\\\/\\\/www.salon-medecinedouce.com\\\/paris\\\/#website\"},\"datePublished\":\"2019-11-29T11:20:01+00:00\",\"breadcrumb\":{\"@id\":\"https:\\\/\\\/www.salon-medecinedouce.com\\\/paris\\\/studio-wellness-2019\\\/#breadcrumb\"},\"inLanguage\":\"fr-FR\",\"potentialAction\":[{\"@type\":\"ReadAction\",\"target\":[\"https:\\\/\\\/www.salon-medecinedouce.com\\\/paris\\\/studio-wellness-2019\\\/\"]}]},{\"@type\":\"BreadcrumbList\",\"@id\":\"https:\\\/\\\/www.salon-medecinedouce.com\\\/paris\\\/studio-wellness-2019\\\/#breadcrumb\",\"itemListElement\":[{\"@type\":\"ListItem\",\"position\":1,\"name\":\"Accueil\",\"item\":\"https:\\\/\\\/www.salon-medecinedouce.com\\\/paris\\\/\"},{\"@type\":\"ListItem\",\"position\":2,\"name\":\"Studio Wellness 2019\"}]},{\"@type\":\"WebSite\",\"@id\":\"https:\\\/\\\/www.salon-medecinedouce.com\\\/paris\\\/#website\",\"url\":\"https:\\\/\\\/www.salon-medecinedouce.com\\\/paris\\\/\",\"name\":\"Bien-\u00eatre Paris\",\"description\":\"La sant\u00e9 au naturel : M\u00e9decines douces - Compl\u00e9ments alimentaires - Alimentation saine - Cosm\u00e9tiques naturelles - Art de vivre - Tourisme de sant\u00e9\",\"publisher\":{\"@id\":\"https:\\\/\\\/www.salon-medecinedouce.com\\\/paris\\\/#organization\"},\"potentialAction\":[{\"@type\":\"SearchAction\",\"target\":{\"@type\":\"EntryPoint\",\"urlTemplate\":\"https:\\\/\\\/www.salon-medecinedouce.com\\\/paris\\\/?s={search_term_string}\"},\"query-input\":{\"@type\":\"PropertyValueSpecification\",\"valueRequired\":true,\"valueName\":\"search_term_string\"}}],\"inLanguage\":\"fr-FR\"},{\"@type\":\"Organization\",\"@id\":\"https:\\\/\\\/www.salon-medecinedouce.com\\\/paris\\\/#organization\",\"name\":\"Bien-\u00eatre Paris\",\"url\":\"https:\\\/\\\/www.salon-medecinedouce.com\\\/paris\\\/\",\"logo\":{\"@type\":\"ImageObject\",\"inLanguage\":\"fr-FR\",\"@id\":\"https:\\\/\\\/www.salon-medecinedouce.com\\\/paris\\\/#\\\/schema\\\/logo\\\/image\\\/\",\"url\":\"https:\\\/\\\/www.salon-medecinedouce.com\\\/paris\\\/wp-content\\\/uploads\\\/sites\\\/14\\\/2024\\\/05\\\/cropped-logo-orange-bemd.png\",\"contentUrl\":\"https:\\\/\\\/www.salon-medecinedouce.com\\\/paris\\\/wp-content\\\/uploads\\\/sites\\\/14\\\/2024\\\/05\\\/cropped-logo-orange-bemd.png\",\"width\":591,\"height\":591,\"caption\":\"Bien-\u00eatre Paris\"},\"image\":{\"@id\":\"https:\\\/\\\/www.salon-medecinedouce.com\\\/paris\\\/#\\\/schema\\\/logo\\\/image\\\/\"}}]}<\/script>\n<!-- \/ Yoast SEO plugin. -->","yoast_head_json":{"title":"Studio Wellness 2019 - Bien-\u00eatre Paris","robots":{"index":"index","follow":"follow","max-snippet":"max-snippet:-1","max-image-preview":"max-image-preview:large","max-video-preview":"max-video-preview:-1"},"canonical":"https:\/\/www.salon-medecinedouce.com\/paris\/studio-wellness-2019\/","og_locale":"fr_FR","og_type":"article","og_title":"Studio Wellness 2019 - Bien-\u00eatre Paris","og_description":"Retrouvez les cours de yoga, pilates, m\u00e9ditation et autres pratiques corporelles pour votre bien-\u00eatre int\u00e9rieur.de l&rsquo;\u00e9dition 2019. Jeudi 31 janvier 2019 12h00\u00a0: Qigong &#8211; les huit pi\u00e8ces de brocart\u00a0par Weijia Cambreleng 13h00\u00a0:\u00a0Yoga &amp; pleine conscience (pratique douce des mouvements, accent sur la respiration.\u00a0Le Dojo de Montreuil\u00a0 14h00\u00a0: Relaxation (de la d\u00e9tente physique \u00e0 la d\u00e9tente&hellip;","og_url":"https:\/\/www.salon-medecinedouce.com\/paris\/studio-wellness-2019\/","og_site_name":"Bien-\u00eatre Paris","twitter_card":"summary_large_image","twitter_misc":{"Dur\u00e9e de lecture estim\u00e9e":"2 minutes"},"schema":{"@context":"https:\/\/schema.org","@graph":[{"@type":"WebPage","@id":"https:\/\/www.salon-medecinedouce.com\/paris\/studio-wellness-2019\/","url":"https:\/\/www.salon-medecinedouce.com\/paris\/studio-wellness-2019\/","name":"Studio Wellness 2019 - Bien-\u00eatre Paris","isPartOf":{"@id":"https:\/\/www.salon-medecinedouce.com\/paris\/#website"},"datePublished":"2019-11-29T11:20:01+00:00","breadcrumb":{"@id":"https:\/\/www.salon-medecinedouce.com\/paris\/studio-wellness-2019\/#breadcrumb"},"inLanguage":"fr-FR","potentialAction":[{"@type":"ReadAction","target":["https:\/\/www.salon-medecinedouce.com\/paris\/studio-wellness-2019\/"]}]},{"@type":"BreadcrumbList","@id":"https:\/\/www.salon-medecinedouce.com\/paris\/studio-wellness-2019\/#breadcrumb","itemListElement":[{"@type":"ListItem","position":1,"name":"Accueil","item":"https:\/\/www.salon-medecinedouce.com\/paris\/"},{"@type":"ListItem","position":2,"name":"Studio Wellness 2019"}]},{"@type":"WebSite","@id":"https:\/\/www.salon-medecinedouce.com\/paris\/#website","url":"https:\/\/www.salon-medecinedouce.com\/paris\/","name":"Bien-\u00eatre Paris","description":"La sant\u00e9 au naturel : M\u00e9decines douces - Compl\u00e9ments alimentaires - Alimentation saine - Cosm\u00e9tiques naturelles - Art de vivre - Tourisme de sant\u00e9","publisher":{"@id":"https:\/\/www.salon-medecinedouce.com\/paris\/#organization"},"potentialAction":[{"@type":"SearchAction","target":{"@type":"EntryPoint","urlTemplate":"https:\/\/www.salon-medecinedouce.com\/paris\/?s={search_term_string}"},"query-input":{"@type":"PropertyValueSpecification","valueRequired":true,"valueName":"search_term_string"}}],"inLanguage":"fr-FR"},{"@type":"Organization","@id":"https:\/\/www.salon-medecinedouce.com\/paris\/#organization","name":"Bien-\u00eatre Paris","url":"https:\/\/www.salon-medecinedouce.com\/paris\/","logo":{"@type":"ImageObject","inLanguage":"fr-FR","@id":"https:\/\/www.salon-medecinedouce.com\/paris\/#\/schema\/logo\/image\/","url":"https:\/\/www.salon-medecinedouce.com\/paris\/wp-content\/uploads\/sites\/14\/2024\/05\/cropped-logo-orange-bemd.png","contentUrl":"https:\/\/www.salon-medecinedouce.com\/paris\/wp-content\/uploads\/sites\/14\/2024\/05\/cropped-logo-orange-bemd.png","width":591,"height":591,"caption":"Bien-\u00eatre Paris"},"image":{"@id":"https:\/\/www.salon-medecinedouce.com\/paris\/#\/schema\/logo\/image\/"}}]}},"rttpg_featured_image_url":null,"rttpg_author":{"display_name":"admin","author_link":"https:\/\/www.salon-medecinedouce.com\/paris\/blog\/author\/admin\/"},"rttpg_comment":0,"rttpg_category":false,"rttpg_excerpt":"Retrouvez les cours de yoga, pilates, m\u00e9ditation et autres pratiques corporelles pour votre bien-\u00eatre int\u00e9rieur.de l&rsquo;\u00e9dition 2019. Jeudi 31 janvier 2019 12h00\u00a0: Qigong &#8211; les huit pi\u00e8ces de brocart\u00a0par Weijia Cambreleng 13h00\u00a0:\u00a0Yoga &amp; pleine conscience (pratique douce des mouvements, accent sur la respiration.\u00a0Le Dojo de Montreuil\u00a0 14h00\u00a0: Relaxation (de la d\u00e9tente physique \u00e0 la d\u00e9tente&hellip;","_links":{"self":[{"href":"https:\/\/www.salon-medecinedouce.com\/paris\/wp-json\/wp\/v2\/pages\/8954","targetHints":{"allow":["GET"]}}],"collection":[{"href":"https:\/\/www.salon-medecinedouce.com\/paris\/wp-json\/wp\/v2\/pages"}],"about":[{"href":"https:\/\/www.salon-medecinedouce.com\/paris\/wp-json\/wp\/v2\/types\/page"}],"author":[{"embeddable":true,"href":"https:\/\/www.salon-medecinedouce.com\/paris\/wp-json\/wp\/v2\/users\/1"}],"replies":[{"embeddable":true,"href":"https:\/\/www.salon-medecinedouce.com\/paris\/wp-json\/wp\/v2\/comments?post=8954"}],"version-history":[{"count":1,"href":"https:\/\/www.salon-medecinedouce.com\/paris\/wp-json\/wp\/v2\/pages\/8954\/revisions"}],"predecessor-version":[{"id":8955,"href":"https:\/\/www.salon-medecinedouce.com\/paris\/wp-json\/wp\/v2\/pages\/8954\/revisions\/8955"}],"wp:attachment":[{"href":"https:\/\/www.salon-medecinedouce.com\/paris\/wp-json\/wp\/v2\/media?parent=8954"}],"curies":[{"name":"wp","href":"https:\/\/api.w.org\/{rel}","templated":true}]}}