{"id":6716,"date":"2018-12-26T18:05:33","date_gmt":"2018-12-26T17:05:33","guid":{"rendered":"https:\/\/www.salon-medecinedouce.com\/paris\/?page_id=6716"},"modified":"2020-01-13T12:40:49","modified_gmt":"2020-01-13T11:40:49","slug":"les-start-ups-du-healthy-food","status":"publish","type":"page","link":"https:\/\/www.salon-medecinedouce.com\/paris\/les-start-ups-du-healthy-food\/","title":{"rendered":"Les start-ups du Healthy Food"},"content":{"rendered":"<p><strong>Nouveaut\u00e9 2019 : Un espace d\u00e9di\u00e9 aux start-ups du Healthy Food situ\u00e9 sur l&#8217;emplacement J65<\/strong><\/p>\n<p><strong>Liste des jeunes entreprises innovantes pr\u00e9sentes sur le salon, dans le secteur de l\u2019alimentation saine.<\/strong><\/p>\n<p><strong><span style=\"color: #e3723a;\">ENVI-BIO L\u00cfV HAPPY FOOD<\/span><\/strong><br \/>\nNouvelle alternative aux p\u00e2tes et au riz, Envi-bio et L\u00efv Happy Food sont des p\u00e2tes de konjac et d&rsquo;avoine trop bonnes.<br \/>\n<a href=\"http:\/\/www.envi-bio.com\" target=\"_blank\" rel=\"noopener noreferrer\">www.envi-bio.com<\/a><\/p>\n<p><span style=\"color: #e3723a;\"><strong>FIBY &amp; SES FRUITS<\/strong><\/span><br \/>\nAlli\u00e9 indispensable de vos petites faims. Fiby est sain et naturel compos\u00e9 \u00e0 80 % d&rsquo;un seul fruit pur, sans sucre ajout\u00e9. \u00c0 go\u00fbter !<br \/>\n<a href=\"http:\/\/www.phebee.fr\" target=\"_blank\" rel=\"noopener noreferrer\">www.phebee.fr<\/a><\/p>\n<p><span style=\"color: #e3723a;\"><strong>FITALETY<\/strong><\/span><br \/>\nUne gamme naturelle, simple, efficace et moderne de nutrition sant\u00e9, sous forme de capsules de caf\u00e9 enrichies en actif d&rsquo;origine naturelle : FIT expresso mod\u00e8re l&rsquo;app\u00e9tit et r\u00e9duit les grignotages, et ZEN expresso d\u00e9tend et relaxe.<br \/>\n<a href=\"http:\/\/www.fitalety.com\" target=\"_blank\" rel=\"noopener noreferrer\">www.fitalety.com<\/a><\/p>\n<p><span style=\"color: #e3723a;\"><strong>HDEB MINCEUR<\/strong><\/span><br \/>\nCentre d&rsquo;amincissement par digitopuncture et accompagnement alimentaire.<br \/>\n<a href=\"http:\/\/www.hdeb-minceur.fr\" target=\"_blank\" rel=\"noopener noreferrer\">www.hdeb-minceur.fr<\/a><\/p>\n<p><span style=\"color: #e3723a;\"><strong>HELLO JOYA<\/strong><\/span><br \/>\nHello Joya vous propose toute une gamme de produits \u00e0 base de chanvre pour les sportifs et tous ceux qui se soucient de leur bien-\u00eatre.<br \/>\n<a href=\"http:\/\/greenleafcompany.fr\" target=\"_blank\" rel=\"noopener noreferrer\">http:\/\/greenleafcompany.fr<\/a><\/p>\n<p><strong><span style=\"color: #e3723a;\">LES PETITES POUSSES<\/span><\/strong><br \/>\nDes sp\u00e9cialit\u00e9s v\u00e9g\u00e9tales ferment\u00e9es, bio, sans soja, sans lactose, des ingr\u00e9dients peu transform\u00e9s pour prendre soin de soi et des autres. Sans oublier de se faire plaisir !<br \/>\n<a href=\"http:\/\/www.lespetitespousses-bio.com\" target=\"_blank\" rel=\"noopener noreferrer\">www.lespetitespousses-bio.com<\/a><\/p>\n<p><span style=\"color: #e3723a;\"><strong>LUXIA SCIENTIFIC<\/strong><\/span><br \/>\nLuxia Scientific est une start-up innovante qui cr\u00e9\u00e9 1test<sup>TM<\/sup>, le premier test fran\u00e7ais d&rsquo;analyse du microbiote intestinal par s\u00e9quen\u00e7age ADN. Il permet de personnaliser son r\u00e9\u00e9quilibrage alimentaire selon les besoins de sa flore intestinale.<br \/>\n<a href=\"http:\/\/www.luxia-scientific.com\" target=\"_blank\" rel=\"noopener noreferrer\">www.luxia-scientific.com<\/a><\/p>\n<p>&nbsp;<\/p>\n<p>&nbsp;<\/p>\n<div class=\"salon-pubs-hp-bas-de-page salon-entity-placement\" id=\"salon-2374201939\"><div id=\"salon-3816177843\"><a data-no-instant=\"1\" href=\"https:\/\/www.adntv.fr\/home?request_origin=tv_app\" rel=\"noopener\" class=\"a2t-link\" target=\"_blank\"><p><a href=\"https:\/\/www.salondesseniors.com\/\"><img fetchpriority=\"high\" decoding=\"async\" class=\"wp-image-22417 aligncenter\" src=\"https:\/\/www.salon-medecinedouce.com\/paris\/wp-content\/uploads\/sites\/14\/2026\/02\/Banniere-728x90-1-300x37.png\" alt=\"\" width=\"754\" height=\"93\" srcset=\"https:\/\/www.salon-medecinedouce.com\/paris\/wp-content\/uploads\/sites\/14\/2026\/02\/Banniere-728x90-1-300x37.png 300w, https:\/\/www.salon-medecinedouce.com\/paris\/wp-content\/uploads\/sites\/14\/2026\/02\/Banniere-728x90-1-1024x127.png 1024w, https:\/\/www.salon-medecinedouce.com\/paris\/wp-content\/uploads\/sites\/14\/2026\/02\/Banniere-728x90-1-768x95.png 768w, https:\/\/www.salon-medecinedouce.com\/paris\/wp-content\/uploads\/sites\/14\/2026\/02\/Banniere-728x90-1-1536x190.png 1536w, https:\/\/www.salon-medecinedouce.com\/paris\/wp-content\/uploads\/sites\/14\/2026\/02\/Banniere-728x90-1-2048x253.png 2048w, https:\/\/www.salon-medecinedouce.com\/paris\/wp-content\/uploads\/sites\/14\/2026\/02\/Banniere-728x90-1-150x19.png 150w, https:\/\/www.salon-medecinedouce.com\/paris\/wp-content\/uploads\/sites\/14\/2026\/02\/Banniere-728x90-1-500x62.png 500w\" sizes=\"(max-width: 754px) 100vw, 754px\" \/><\/a><\/p>\n<\/a><\/div><\/div>","protected":false},"excerpt":{"rendered":"<p>Nouveaut\u00e9 2019 : Un espace d\u00e9di\u00e9 aux start-ups du Healthy Food situ\u00e9 sur l&#8217;emplacement J65 Liste des jeunes entreprises innovantes pr\u00e9sentes sur le salon, dans le secteur de l\u2019alimentation saine. ENVI-BIO L\u00cfV HAPPY FOOD Nouvelle alternative aux p\u00e2tes et au riz, Envi-bio et L\u00efv Happy Food sont des p\u00e2tes de konjac et d&rsquo;avoine trop bonnes.&hellip; <\/p>\n","protected":false},"author":1,"featured_media":0,"parent":0,"menu_order":0,"comment_status":"closed","ping_status":"closed","template":"","meta":{"_angie_page":false,"_monsterinsights_skip_tracking":false,"_monsterinsights_sitenote_active":false,"_monsterinsights_sitenote_note":"","_monsterinsights_sitenote_category":0,"footnotes":""},"class_list":["post-6716","page","type-page","status-publish","hentry"],"yoast_head":"<!-- This site is optimized with the Yoast SEO plugin v27.3 - https:\/\/yoast.com\/product\/yoast-seo-wordpress\/ -->\n<title>Les start-ups du Healthy Food - Bien-\u00eatre Paris<\/title>\n<meta name=\"robots\" content=\"index, follow, max-snippet:-1, max-image-preview:large, max-video-preview:-1\" \/>\n<link rel=\"canonical\" href=\"https:\/\/www.salon-medecinedouce.com\/paris\/les-start-ups-du-healthy-food\/\" \/>\n<meta property=\"og:locale\" content=\"fr_FR\" \/>\n<meta property=\"og:type\" content=\"article\" \/>\n<meta property=\"og:title\" content=\"Les start-ups du Healthy Food - Bien-\u00eatre Paris\" \/>\n<meta property=\"og:description\" content=\"Nouveaut\u00e9 2019 : Un espace d\u00e9di\u00e9 aux start-ups du Healthy Food situ\u00e9 sur l&#8217;emplacement J65 Liste des jeunes entreprises innovantes pr\u00e9sentes sur le salon, dans le secteur de l\u2019alimentation saine. ENVI-BIO L\u00cfV HAPPY FOOD Nouvelle alternative aux p\u00e2tes et au riz, Envi-bio et L\u00efv Happy Food sont des p\u00e2tes de konjac et d&rsquo;avoine trop bonnes.&hellip;\" \/>\n<meta property=\"og:url\" content=\"https:\/\/www.salon-medecinedouce.com\/paris\/les-start-ups-du-healthy-food\/\" \/>\n<meta property=\"og:site_name\" content=\"Bien-\u00eatre Paris\" \/>\n<meta property=\"article:modified_time\" content=\"2020-01-13T11:40:49+00:00\" \/>\n<meta name=\"twitter:card\" content=\"summary_large_image\" \/>\n<meta name=\"twitter:label1\" content=\"Dur\u00e9e de lecture estim\u00e9e\" \/>\n\t<meta name=\"twitter:data1\" content=\"1 minute\" \/>\n<script type=\"application\/ld+json\" class=\"yoast-schema-graph\">{\"@context\":\"https:\\\/\\\/schema.org\",\"@graph\":[{\"@type\":\"WebPage\",\"@id\":\"https:\\\/\\\/www.salon-medecinedouce.com\\\/paris\\\/les-start-ups-du-healthy-food\\\/\",\"url\":\"https:\\\/\\\/www.salon-medecinedouce.com\\\/paris\\\/les-start-ups-du-healthy-food\\\/\",\"name\":\"Les start-ups du Healthy Food - Bien-\u00eatre Paris\",\"isPartOf\":{\"@id\":\"https:\\\/\\\/www.salon-medecinedouce.com\\\/paris\\\/#website\"},\"datePublished\":\"2018-12-26T17:05:33+00:00\",\"dateModified\":\"2020-01-13T11:40:49+00:00\",\"breadcrumb\":{\"@id\":\"https:\\\/\\\/www.salon-medecinedouce.com\\\/paris\\\/les-start-ups-du-healthy-food\\\/#breadcrumb\"},\"inLanguage\":\"fr-FR\",\"potentialAction\":[{\"@type\":\"ReadAction\",\"target\":[\"https:\\\/\\\/www.salon-medecinedouce.com\\\/paris\\\/les-start-ups-du-healthy-food\\\/\"]}]},{\"@type\":\"BreadcrumbList\",\"@id\":\"https:\\\/\\\/www.salon-medecinedouce.com\\\/paris\\\/les-start-ups-du-healthy-food\\\/#breadcrumb\",\"itemListElement\":[{\"@type\":\"ListItem\",\"position\":1,\"name\":\"Accueil\",\"item\":\"https:\\\/\\\/www.salon-medecinedouce.com\\\/paris\\\/\"},{\"@type\":\"ListItem\",\"position\":2,\"name\":\"Les start-ups du Healthy Food\"}]},{\"@type\":\"WebSite\",\"@id\":\"https:\\\/\\\/www.salon-medecinedouce.com\\\/paris\\\/#website\",\"url\":\"https:\\\/\\\/www.salon-medecinedouce.com\\\/paris\\\/\",\"name\":\"Bien-\u00eatre Paris\",\"description\":\"La sant\u00e9 au naturel : M\u00e9decines douces - Compl\u00e9ments alimentaires - Alimentation saine - Cosm\u00e9tiques naturelles - Art de vivre - Tourisme de sant\u00e9\",\"publisher\":{\"@id\":\"https:\\\/\\\/www.salon-medecinedouce.com\\\/paris\\\/#organization\"},\"potentialAction\":[{\"@type\":\"SearchAction\",\"target\":{\"@type\":\"EntryPoint\",\"urlTemplate\":\"https:\\\/\\\/www.salon-medecinedouce.com\\\/paris\\\/?s={search_term_string}\"},\"query-input\":{\"@type\":\"PropertyValueSpecification\",\"valueRequired\":true,\"valueName\":\"search_term_string\"}}],\"inLanguage\":\"fr-FR\"},{\"@type\":\"Organization\",\"@id\":\"https:\\\/\\\/www.salon-medecinedouce.com\\\/paris\\\/#organization\",\"name\":\"Bien-\u00eatre Paris\",\"url\":\"https:\\\/\\\/www.salon-medecinedouce.com\\\/paris\\\/\",\"logo\":{\"@type\":\"ImageObject\",\"inLanguage\":\"fr-FR\",\"@id\":\"https:\\\/\\\/www.salon-medecinedouce.com\\\/paris\\\/#\\\/schema\\\/logo\\\/image\\\/\",\"url\":\"https:\\\/\\\/www.salon-medecinedouce.com\\\/paris\\\/wp-content\\\/uploads\\\/sites\\\/14\\\/2024\\\/05\\\/cropped-logo-orange-bemd.png\",\"contentUrl\":\"https:\\\/\\\/www.salon-medecinedouce.com\\\/paris\\\/wp-content\\\/uploads\\\/sites\\\/14\\\/2024\\\/05\\\/cropped-logo-orange-bemd.png\",\"width\":591,\"height\":591,\"caption\":\"Bien-\u00eatre Paris\"},\"image\":{\"@id\":\"https:\\\/\\\/www.salon-medecinedouce.com\\\/paris\\\/#\\\/schema\\\/logo\\\/image\\\/\"}}]}<\/script>\n<!-- \/ Yoast SEO plugin. -->","yoast_head_json":{"title":"Les start-ups du Healthy Food - Bien-\u00eatre Paris","robots":{"index":"index","follow":"follow","max-snippet":"max-snippet:-1","max-image-preview":"max-image-preview:large","max-video-preview":"max-video-preview:-1"},"canonical":"https:\/\/www.salon-medecinedouce.com\/paris\/les-start-ups-du-healthy-food\/","og_locale":"fr_FR","og_type":"article","og_title":"Les start-ups du Healthy Food - Bien-\u00eatre Paris","og_description":"Nouveaut\u00e9 2019 : Un espace d\u00e9di\u00e9 aux start-ups du Healthy Food situ\u00e9 sur l&#8217;emplacement J65 Liste des jeunes entreprises innovantes pr\u00e9sentes sur le salon, dans le secteur de l\u2019alimentation saine. ENVI-BIO L\u00cfV HAPPY FOOD Nouvelle alternative aux p\u00e2tes et au riz, Envi-bio et L\u00efv Happy Food sont des p\u00e2tes de konjac et d&rsquo;avoine trop bonnes.&hellip;","og_url":"https:\/\/www.salon-medecinedouce.com\/paris\/les-start-ups-du-healthy-food\/","og_site_name":"Bien-\u00eatre Paris","article_modified_time":"2020-01-13T11:40:49+00:00","twitter_card":"summary_large_image","twitter_misc":{"Dur\u00e9e de lecture estim\u00e9e":"1 minute"},"schema":{"@context":"https:\/\/schema.org","@graph":[{"@type":"WebPage","@id":"https:\/\/www.salon-medecinedouce.com\/paris\/les-start-ups-du-healthy-food\/","url":"https:\/\/www.salon-medecinedouce.com\/paris\/les-start-ups-du-healthy-food\/","name":"Les start-ups du Healthy Food - Bien-\u00eatre Paris","isPartOf":{"@id":"https:\/\/www.salon-medecinedouce.com\/paris\/#website"},"datePublished":"2018-12-26T17:05:33+00:00","dateModified":"2020-01-13T11:40:49+00:00","breadcrumb":{"@id":"https:\/\/www.salon-medecinedouce.com\/paris\/les-start-ups-du-healthy-food\/#breadcrumb"},"inLanguage":"fr-FR","potentialAction":[{"@type":"ReadAction","target":["https:\/\/www.salon-medecinedouce.com\/paris\/les-start-ups-du-healthy-food\/"]}]},{"@type":"BreadcrumbList","@id":"https:\/\/www.salon-medecinedouce.com\/paris\/les-start-ups-du-healthy-food\/#breadcrumb","itemListElement":[{"@type":"ListItem","position":1,"name":"Accueil","item":"https:\/\/www.salon-medecinedouce.com\/paris\/"},{"@type":"ListItem","position":2,"name":"Les start-ups du Healthy Food"}]},{"@type":"WebSite","@id":"https:\/\/www.salon-medecinedouce.com\/paris\/#website","url":"https:\/\/www.salon-medecinedouce.com\/paris\/","name":"Bien-\u00eatre Paris","description":"La sant\u00e9 au naturel : M\u00e9decines douces - Compl\u00e9ments alimentaires - Alimentation saine - Cosm\u00e9tiques naturelles - Art de vivre - Tourisme de sant\u00e9","publisher":{"@id":"https:\/\/www.salon-medecinedouce.com\/paris\/#organization"},"potentialAction":[{"@type":"SearchAction","target":{"@type":"EntryPoint","urlTemplate":"https:\/\/www.salon-medecinedouce.com\/paris\/?s={search_term_string}"},"query-input":{"@type":"PropertyValueSpecification","valueRequired":true,"valueName":"search_term_string"}}],"inLanguage":"fr-FR"},{"@type":"Organization","@id":"https:\/\/www.salon-medecinedouce.com\/paris\/#organization","name":"Bien-\u00eatre Paris","url":"https:\/\/www.salon-medecinedouce.com\/paris\/","logo":{"@type":"ImageObject","inLanguage":"fr-FR","@id":"https:\/\/www.salon-medecinedouce.com\/paris\/#\/schema\/logo\/image\/","url":"https:\/\/www.salon-medecinedouce.com\/paris\/wp-content\/uploads\/sites\/14\/2024\/05\/cropped-logo-orange-bemd.png","contentUrl":"https:\/\/www.salon-medecinedouce.com\/paris\/wp-content\/uploads\/sites\/14\/2024\/05\/cropped-logo-orange-bemd.png","width":591,"height":591,"caption":"Bien-\u00eatre Paris"},"image":{"@id":"https:\/\/www.salon-medecinedouce.com\/paris\/#\/schema\/logo\/image\/"}}]}},"rttpg_featured_image_url":null,"rttpg_author":{"display_name":"admin","author_link":"https:\/\/www.salon-medecinedouce.com\/paris\/blog\/author\/admin\/"},"rttpg_comment":0,"rttpg_category":false,"rttpg_excerpt":"Nouveaut\u00e9 2019 : Un espace d\u00e9di\u00e9 aux start-ups du Healthy Food situ\u00e9 sur l&#8217;emplacement J65 Liste des jeunes entreprises innovantes pr\u00e9sentes sur le salon, dans le secteur de l\u2019alimentation saine. ENVI-BIO L\u00cfV HAPPY FOOD Nouvelle alternative aux p\u00e2tes et au riz, Envi-bio et L\u00efv Happy Food sont des p\u00e2tes de konjac et d&rsquo;avoine trop bonnes.&hellip;","_links":{"self":[{"href":"https:\/\/www.salon-medecinedouce.com\/paris\/wp-json\/wp\/v2\/pages\/6716","targetHints":{"allow":["GET"]}}],"collection":[{"href":"https:\/\/www.salon-medecinedouce.com\/paris\/wp-json\/wp\/v2\/pages"}],"about":[{"href":"https:\/\/www.salon-medecinedouce.com\/paris\/wp-json\/wp\/v2\/types\/page"}],"author":[{"embeddable":true,"href":"https:\/\/www.salon-medecinedouce.com\/paris\/wp-json\/wp\/v2\/users\/1"}],"replies":[{"embeddable":true,"href":"https:\/\/www.salon-medecinedouce.com\/paris\/wp-json\/wp\/v2\/comments?post=6716"}],"version-history":[{"count":5,"href":"https:\/\/www.salon-medecinedouce.com\/paris\/wp-json\/wp\/v2\/pages\/6716\/revisions"}],"predecessor-version":[{"id":8904,"href":"https:\/\/www.salon-medecinedouce.com\/paris\/wp-json\/wp\/v2\/pages\/6716\/revisions\/8904"}],"wp:attachment":[{"href":"https:\/\/www.salon-medecinedouce.com\/paris\/wp-json\/wp\/v2\/media?parent=6716"}],"curies":[{"name":"wp","href":"https:\/\/api.w.org\/{rel}","templated":true}]}}