{"id":6078,"date":"2018-04-19T14:56:00","date_gmt":"2018-04-19T12:56:00","guid":{"rendered":"https:\/\/www.salon-medecinedouce.com\/paris\/?page_id=6078"},"modified":"2019-11-25T11:49:06","modified_gmt":"2019-11-25T10:49:06","slug":"espace-sport-et-sante","status":"publish","type":"page","link":"https:\/\/www.salon-medecinedouce.com\/paris\/programme\/espace-sport-et-sante\/espace-sport-et-sante\/","title":{"rendered":"Ateliers pratiques 2018"},"content":{"rendered":"<p>Le programme des ateliers pratiques est r\u00e9guli\u00e8rement mis \u00e0 jour.<\/p>\n<h2>Jeudi 1er f\u00e9vrier 2018<\/h2>\n<p><span style=\"color: #32a6a6;\"><strong>12h<\/strong><\/span> Le Th\u00e8me de Cristal : votre portrait \u00e9nerg\u00e9tique de naissance. <span style=\"color: #808080;\"><em>Wydiane Khaoua<\/em><\/span><br \/>\n <span style=\"color: #32a6a6;\"><strong>13h<\/strong> <\/span>Se revitaliser avec l&rsquo;autre, Kinomichi.<span style=\"color: #808080;\"><em> Takeharu Noro<\/em><\/span><br \/>\n <span style=\"color: #32a6a6;\"><strong>16h<\/strong><\/span> Identifier les blessures \u00e9motionnelles.<span style=\"color: #808080;\"><em> Ceo Da silva <\/em><\/span><br \/>\n <strong><span style=\"color: #32a6a6;\">17h<\/span><\/strong> Ressentir et faire ressentir aux autres les nouvelles \u00e9nergies. <span style=\"color: #808080;\"><em>Fran\u00e7ois Constant<br \/>\n <\/em><strong><span style=\"color: #2ea9aa;\">18h<\/span> <\/strong><span style=\"color: #000000;\">Toucher-bien-\u00eatre, massage habill\u00e9 sur chaise<\/span><em>. <span style=\"color: #999999;\">Yannicke Dirand<\/span><br \/>\n <\/em><\/span><\/p>\n<h2>Vendredi 2 f\u00e9vrier 2018<\/h2>\n<p><span style=\"color: #32a6a6;\"><strong>11h<\/strong> <\/span>M\u00e9ditation bol de cristal. <span style=\"color: #808080;\"><em>Alain Metraux<\/em><\/span><br \/>\n <span style=\"color: #32a6a6;\"><strong>12h<\/strong><\/span> Le Th\u00e8me de Cristal : votre portrait \u00e9nerg\u00e9tique de naissance. <span style=\"color: #808080;\"><em>Wydiane Khaoua<\/em><\/span><br \/>\n <span style=\"color: #32a6a6;\"><strong>16h<\/strong><\/span> L&rsquo;Oracle de l&rsquo;enfant int\u00e9rieur : se reconnecter et prendre soin de son enfant int\u00e9rieur. <span style=\"color: #808080;\"><em>Marie-France et Emmanuel Ballet de Coquereaumo<\/em><\/span>nt<br \/>\n <span style=\"color: #32a6a6;\"><strong>17h<\/strong><\/span> Sophr&rsquo;ose la vie. <span style=\"color: #808080;\"><em>Corinne Collin-Bellet<\/em><\/span><br \/>\n <span style=\"color: #32a6a6;\"><strong>18h<\/strong><\/span> Se revitaliser avec l&rsquo;autre, Kinomichi. <span style=\"color: #808080;\"><em>Takeharu Noro<br \/>\n <\/em><\/span><\/p>\n<h2>\n Samedi 3 f\u00e9vrier 2018<\/h2>\n<p><span style=\"color: #32a6a6;\"><strong>11h<\/strong><\/span> Le Th\u00e8me de Cristal : votre portrait \u00e9nerg\u00e9tique de naissance.<span style=\"color: #808080;\"><em> Wydiane Khaoua<\/em><\/span><br \/>\n <span style=\"color: #32a6a6;\"><strong>12h<\/strong><\/span> M\u00e9ditation bols tib\u00e9tain et pratique du massage avec bol tib\u00e9tain. <span style=\"color: #808080;\"><em>Alain Metraux<\/em><\/span><br \/>\n <span style=\"color: #32a6a6;\"><strong>16h<\/strong> <\/span>Sophr&rsquo;ose la vie. <span style=\"color: #808080;\"><em>Corinne Collin-Bellet<\/em><\/span><br \/>\n <span style=\"color: #32a6a6;\"><strong>17h<\/strong><\/span> Apr\u00e8s avoir identifi\u00e9 les blessures \u00e9motionnelles, vient le temps de la r\u00e9solution! <span style=\"color: #808080;\"><em>Ceo Da Silva<\/em><\/span><br \/>\n <span style=\"color: #32a6a6;\"><strong>18h<\/strong><\/span> Concert m\u00e9ditatif, bain de son voix de l\u2019\u00e2me. Bol cristal, didgeridoo, tambours\u2026 <span style=\"color: #808080;\"><em>Annabelle de Villedieu<\/em><\/span><\/p>\n<h2>Dimanche 4 f\u00e9vrier 2018<\/h2>\n<p><span style=\"color: #32a6a6;\"><strong>11h<\/strong><\/span> Le Th\u00e8me de Cristal : votre portrait \u00e9nerg\u00e9tique de naissance. <span style=\"color: #808080;\"><em>Wydiane Khaoua<\/em><\/span><br \/>\n <span style=\"color: #32a6a6;\"><strong>12h<\/strong><\/span> Mission d&rsquo;\u00c2me : comment la d\u00e9couvrir et la r\u00e9aliser.<span style=\"color: #808080;\"><em> Nicolas Mauran<\/em><\/span><br \/>\n <span style=\"color: #32a6a6;\"><strong>17h<\/strong><\/span> Se lib\u00e9rer de ses blocages par la visualisation cr\u00e9atrice. <span style=\"color: #808080;\"><em>Muriel Jarousseau<br \/>\n <\/em><\/span><span style=\"color: #2ea9aa;\"><strong>18h<\/strong> <\/span>M\u00e9ditation Mandala sur l&rsquo;acceptation de soi et la d\u00e9couverte de son v\u00e9ritable soi<em>. <span style=\"color: #808080;\">Agn\u00e8s Cordonnier<\/span><\/em><\/p>\n<p><span style=\"color: #808080;\"><em><\/p>\n<p> <\/em><\/span><\/p>\n<h2>Lundi 5 f\u00e9vrier 2018<\/h2>\n<p><span style=\"color: #32a6a6;\"><strong>11h <\/strong><span style=\"color: #000000;\">Ta\u00efso : m\u00e9thode Japonaise, forme et vitalit\u00e9 au quotidien \u00e0 travers 4 exercices. <span style=\"color: #808080;\"><em>Fabien Trenel<\/em><\/span><\/span><strong><br \/>\n 12h<\/strong> <\/span>Le Th\u00e8me de Cristal : votre portrait \u00e9nerg\u00e9tique de naissance.<span style=\"color: #808080;\"><em> Wydiane Khaoua<\/em><\/span><br \/>\n <span style=\"color: #32a6a6;\"><strong>13h<\/strong><\/span> Lib\u00e9rer la respiration. <span style=\"color: #808080;\"><em>Chantal Carrier<\/em><\/span><br \/>\n <span style=\"color: #32a6a6;\"><strong>15h<\/strong><\/span> Vers son plein potentiel avec l&rsquo;OlfactoQuantique \u00ae. <span style=\"color: #808080;\"><em>Blandine Cazy<\/em><\/span><br \/>\n <span style=\"color: #32a6a6;\"><strong>16h<\/strong><\/span> L&rsquo;\u00e9tat m\u00e9ditatif, invitation \u00e0 l&rsquo;art de l&rsquo;attention ouverte. <span style=\"color: #808080;\"><em>Chantal Carrier<\/em><\/span><br \/>\n <span style=\"color: #32a6a6;\"><strong>17h<\/strong><\/span> Des cl\u00e9s pour mieux s&rsquo;ancrer et s&rsquo;affirmer. <span style=\"color: #808080;\"><em>Agn\u00e8s Cordonnier<\/em><\/span><\/p>\n<p><a href=\"https:\/\/www.salon-medecinedouce.com\/paris\/programme-des-conferences\/espace-sport-et-sante\/\" target=\"_blank\" rel=\"noopener noreferrer\">Retrouver le programme des atelier pratiques de 2017<\/a><\/p>\n<div class=\"salon-pubs-hp-bas-de-page salon-entity-placement\" id=\"salon-3128000737\"><div id=\"salon-4041747271\"><a data-no-instant=\"1\" href=\"https:\/\/www.adntv.fr\/home?request_origin=tv_app\" rel=\"noopener\" class=\"a2t-link\" target=\"_blank\"><p><a href=\"https:\/\/www.salondesseniors.com\/\"><img fetchpriority=\"high\" decoding=\"async\" class=\"wp-image-22417 aligncenter\" src=\"https:\/\/www.salon-medecinedouce.com\/paris\/wp-content\/uploads\/sites\/14\/2026\/02\/Banniere-728x90-1-300x37.png\" alt=\"\" width=\"754\" height=\"93\" srcset=\"https:\/\/www.salon-medecinedouce.com\/paris\/wp-content\/uploads\/sites\/14\/2026\/02\/Banniere-728x90-1-300x37.png 300w, https:\/\/www.salon-medecinedouce.com\/paris\/wp-content\/uploads\/sites\/14\/2026\/02\/Banniere-728x90-1-1024x127.png 1024w, https:\/\/www.salon-medecinedouce.com\/paris\/wp-content\/uploads\/sites\/14\/2026\/02\/Banniere-728x90-1-768x95.png 768w, https:\/\/www.salon-medecinedouce.com\/paris\/wp-content\/uploads\/sites\/14\/2026\/02\/Banniere-728x90-1-1536x190.png 1536w, https:\/\/www.salon-medecinedouce.com\/paris\/wp-content\/uploads\/sites\/14\/2026\/02\/Banniere-728x90-1-2048x253.png 2048w, https:\/\/www.salon-medecinedouce.com\/paris\/wp-content\/uploads\/sites\/14\/2026\/02\/Banniere-728x90-1-150x19.png 150w, https:\/\/www.salon-medecinedouce.com\/paris\/wp-content\/uploads\/sites\/14\/2026\/02\/Banniere-728x90-1-500x62.png 500w\" sizes=\"(max-width: 754px) 100vw, 754px\" \/><\/a><\/p>\n<\/a><\/div><\/div>","protected":false},"excerpt":{"rendered":"<p>Le programme des ateliers pratiques est r\u00e9guli\u00e8rement mis \u00e0 jour. Jeudi 1er f\u00e9vrier 2018 12h Le Th\u00e8me de Cristal : votre portrait \u00e9nerg\u00e9tique de naissance. Wydiane Khaoua 13h Se revitaliser avec l&rsquo;autre, Kinomichi. Takeharu Noro 16h Identifier les blessures \u00e9motionnelles. Ceo Da silva 17h Ressentir et faire ressentir aux autres les nouvelles \u00e9nergies. Fran\u00e7ois Constant&hellip; <\/p>\n","protected":false},"author":1,"featured_media":0,"parent":3616,"menu_order":4,"comment_status":"closed","ping_status":"closed","template":"","meta":{"_monsterinsights_skip_tracking":false,"_monsterinsights_sitenote_active":false,"_monsterinsights_sitenote_note":"","_monsterinsights_sitenote_category":0,"footnotes":""},"class_list":["post-6078","page","type-page","status-publish","hentry"],"yoast_head":"<!-- This site is optimized with the Yoast SEO plugin v27.3 - https:\/\/yoast.com\/product\/yoast-seo-wordpress\/ -->\n<title>Ateliers pratiques 2018 - Bien-\u00eatre Paris<\/title>\n<meta name=\"robots\" content=\"index, follow, max-snippet:-1, max-image-preview:large, max-video-preview:-1\" \/>\n<link rel=\"canonical\" href=\"https:\/\/www.salon-medecinedouce.com\/paris\/programme\/espace-sport-et-sante\/espace-sport-et-sante\/\" \/>\n<meta property=\"og:locale\" content=\"fr_FR\" \/>\n<meta property=\"og:type\" content=\"article\" \/>\n<meta property=\"og:title\" content=\"Ateliers pratiques 2018 - Bien-\u00eatre Paris\" \/>\n<meta property=\"og:description\" content=\"Le programme des ateliers pratiques est r\u00e9guli\u00e8rement mis \u00e0 jour. Jeudi 1er f\u00e9vrier 2018 12h Le Th\u00e8me de Cristal : votre portrait \u00e9nerg\u00e9tique de naissance. Wydiane Khaoua 13h Se revitaliser avec l&rsquo;autre, Kinomichi. Takeharu Noro 16h Identifier les blessures \u00e9motionnelles. Ceo Da silva 17h Ressentir et faire ressentir aux autres les nouvelles \u00e9nergies. Fran\u00e7ois Constant&hellip;\" \/>\n<meta property=\"og:url\" content=\"https:\/\/www.salon-medecinedouce.com\/paris\/programme\/espace-sport-et-sante\/espace-sport-et-sante\/\" \/>\n<meta property=\"og:site_name\" content=\"Bien-\u00eatre Paris\" \/>\n<meta property=\"article:modified_time\" content=\"2019-11-25T10:49:06+00:00\" \/>\n<meta name=\"twitter:card\" content=\"summary_large_image\" \/>\n<meta name=\"twitter:label1\" content=\"Dur\u00e9e de lecture estim\u00e9e\" \/>\n\t<meta name=\"twitter:data1\" content=\"2 minutes\" \/>\n<script type=\"application\/ld+json\" class=\"yoast-schema-graph\">{\"@context\":\"https:\\\/\\\/schema.org\",\"@graph\":[{\"@type\":\"WebPage\",\"@id\":\"https:\\\/\\\/www.salon-medecinedouce.com\\\/paris\\\/programme\\\/espace-sport-et-sante\\\/espace-sport-et-sante\\\/\",\"url\":\"https:\\\/\\\/www.salon-medecinedouce.com\\\/paris\\\/programme\\\/espace-sport-et-sante\\\/espace-sport-et-sante\\\/\",\"name\":\"Ateliers pratiques 2018 - Bien-\u00eatre Paris\",\"isPartOf\":{\"@id\":\"https:\\\/\\\/www.salon-medecinedouce.com\\\/paris\\\/#website\"},\"datePublished\":\"2018-04-19T12:56:00+00:00\",\"dateModified\":\"2019-11-25T10:49:06+00:00\",\"breadcrumb\":{\"@id\":\"https:\\\/\\\/www.salon-medecinedouce.com\\\/paris\\\/programme\\\/espace-sport-et-sante\\\/espace-sport-et-sante\\\/#breadcrumb\"},\"inLanguage\":\"fr-FR\",\"potentialAction\":[{\"@type\":\"ReadAction\",\"target\":[\"https:\\\/\\\/www.salon-medecinedouce.com\\\/paris\\\/programme\\\/espace-sport-et-sante\\\/espace-sport-et-sante\\\/\"]}]},{\"@type\":\"BreadcrumbList\",\"@id\":\"https:\\\/\\\/www.salon-medecinedouce.com\\\/paris\\\/programme\\\/espace-sport-et-sante\\\/espace-sport-et-sante\\\/#breadcrumb\",\"itemListElement\":[{\"@type\":\"ListItem\",\"position\":1,\"name\":\"Accueil\",\"item\":\"https:\\\/\\\/www.salon-medecinedouce.com\\\/paris\\\/\"},{\"@type\":\"ListItem\",\"position\":2,\"name\":\"Programme du salon\",\"item\":\"https:\\\/\\\/www.salon-medecinedouce.com\\\/paris\\\/programme\\\/\"},{\"@type\":\"ListItem\",\"position\":3,\"name\":\"L&rsquo;espace Fit &amp; Forme\",\"item\":\"https:\\\/\\\/www.salon-medecinedouce.com\\\/paris\\\/?page_id=3616\"},{\"@type\":\"ListItem\",\"position\":4,\"name\":\"Ateliers pratiques 2018\"}]},{\"@type\":\"WebSite\",\"@id\":\"https:\\\/\\\/www.salon-medecinedouce.com\\\/paris\\\/#website\",\"url\":\"https:\\\/\\\/www.salon-medecinedouce.com\\\/paris\\\/\",\"name\":\"Bien-\u00eatre Paris\",\"description\":\"La sant\u00e9 au naturel : M\u00e9decines douces - Compl\u00e9ments alimentaires - Alimentation saine - Cosm\u00e9tiques naturelles - Art de vivre - Tourisme de sant\u00e9\",\"publisher\":{\"@id\":\"https:\\\/\\\/www.salon-medecinedouce.com\\\/paris\\\/#organization\"},\"potentialAction\":[{\"@type\":\"SearchAction\",\"target\":{\"@type\":\"EntryPoint\",\"urlTemplate\":\"https:\\\/\\\/www.salon-medecinedouce.com\\\/paris\\\/?s={search_term_string}\"},\"query-input\":{\"@type\":\"PropertyValueSpecification\",\"valueRequired\":true,\"valueName\":\"search_term_string\"}}],\"inLanguage\":\"fr-FR\"},{\"@type\":\"Organization\",\"@id\":\"https:\\\/\\\/www.salon-medecinedouce.com\\\/paris\\\/#organization\",\"name\":\"Bien-\u00eatre Paris\",\"url\":\"https:\\\/\\\/www.salon-medecinedouce.com\\\/paris\\\/\",\"logo\":{\"@type\":\"ImageObject\",\"inLanguage\":\"fr-FR\",\"@id\":\"https:\\\/\\\/www.salon-medecinedouce.com\\\/paris\\\/#\\\/schema\\\/logo\\\/image\\\/\",\"url\":\"https:\\\/\\\/www.salon-medecinedouce.com\\\/paris\\\/wp-content\\\/uploads\\\/sites\\\/14\\\/2024\\\/05\\\/cropped-logo-orange-bemd.png\",\"contentUrl\":\"https:\\\/\\\/www.salon-medecinedouce.com\\\/paris\\\/wp-content\\\/uploads\\\/sites\\\/14\\\/2024\\\/05\\\/cropped-logo-orange-bemd.png\",\"width\":591,\"height\":591,\"caption\":\"Bien-\u00eatre Paris\"},\"image\":{\"@id\":\"https:\\\/\\\/www.salon-medecinedouce.com\\\/paris\\\/#\\\/schema\\\/logo\\\/image\\\/\"}}]}<\/script>\n<!-- \/ Yoast SEO plugin. -->","yoast_head_json":{"title":"Ateliers pratiques 2018 - Bien-\u00eatre Paris","robots":{"index":"index","follow":"follow","max-snippet":"max-snippet:-1","max-image-preview":"max-image-preview:large","max-video-preview":"max-video-preview:-1"},"canonical":"https:\/\/www.salon-medecinedouce.com\/paris\/programme\/espace-sport-et-sante\/espace-sport-et-sante\/","og_locale":"fr_FR","og_type":"article","og_title":"Ateliers pratiques 2018 - Bien-\u00eatre Paris","og_description":"Le programme des ateliers pratiques est r\u00e9guli\u00e8rement mis \u00e0 jour. Jeudi 1er f\u00e9vrier 2018 12h Le Th\u00e8me de Cristal : votre portrait \u00e9nerg\u00e9tique de naissance. Wydiane Khaoua 13h Se revitaliser avec l&rsquo;autre, Kinomichi. Takeharu Noro 16h Identifier les blessures \u00e9motionnelles. Ceo Da silva 17h Ressentir et faire ressentir aux autres les nouvelles \u00e9nergies. Fran\u00e7ois Constant&hellip;","og_url":"https:\/\/www.salon-medecinedouce.com\/paris\/programme\/espace-sport-et-sante\/espace-sport-et-sante\/","og_site_name":"Bien-\u00eatre Paris","article_modified_time":"2019-11-25T10:49:06+00:00","twitter_card":"summary_large_image","twitter_misc":{"Dur\u00e9e de lecture estim\u00e9e":"2 minutes"},"schema":{"@context":"https:\/\/schema.org","@graph":[{"@type":"WebPage","@id":"https:\/\/www.salon-medecinedouce.com\/paris\/programme\/espace-sport-et-sante\/espace-sport-et-sante\/","url":"https:\/\/www.salon-medecinedouce.com\/paris\/programme\/espace-sport-et-sante\/espace-sport-et-sante\/","name":"Ateliers pratiques 2018 - Bien-\u00eatre Paris","isPartOf":{"@id":"https:\/\/www.salon-medecinedouce.com\/paris\/#website"},"datePublished":"2018-04-19T12:56:00+00:00","dateModified":"2019-11-25T10:49:06+00:00","breadcrumb":{"@id":"https:\/\/www.salon-medecinedouce.com\/paris\/programme\/espace-sport-et-sante\/espace-sport-et-sante\/#breadcrumb"},"inLanguage":"fr-FR","potentialAction":[{"@type":"ReadAction","target":["https:\/\/www.salon-medecinedouce.com\/paris\/programme\/espace-sport-et-sante\/espace-sport-et-sante\/"]}]},{"@type":"BreadcrumbList","@id":"https:\/\/www.salon-medecinedouce.com\/paris\/programme\/espace-sport-et-sante\/espace-sport-et-sante\/#breadcrumb","itemListElement":[{"@type":"ListItem","position":1,"name":"Accueil","item":"https:\/\/www.salon-medecinedouce.com\/paris\/"},{"@type":"ListItem","position":2,"name":"Programme du salon","item":"https:\/\/www.salon-medecinedouce.com\/paris\/programme\/"},{"@type":"ListItem","position":3,"name":"L&rsquo;espace Fit &amp; Forme","item":"https:\/\/www.salon-medecinedouce.com\/paris\/?page_id=3616"},{"@type":"ListItem","position":4,"name":"Ateliers pratiques 2018"}]},{"@type":"WebSite","@id":"https:\/\/www.salon-medecinedouce.com\/paris\/#website","url":"https:\/\/www.salon-medecinedouce.com\/paris\/","name":"Bien-\u00eatre Paris","description":"La sant\u00e9 au naturel : M\u00e9decines douces - Compl\u00e9ments alimentaires - Alimentation saine - Cosm\u00e9tiques naturelles - Art de vivre - Tourisme de sant\u00e9","publisher":{"@id":"https:\/\/www.salon-medecinedouce.com\/paris\/#organization"},"potentialAction":[{"@type":"SearchAction","target":{"@type":"EntryPoint","urlTemplate":"https:\/\/www.salon-medecinedouce.com\/paris\/?s={search_term_string}"},"query-input":{"@type":"PropertyValueSpecification","valueRequired":true,"valueName":"search_term_string"}}],"inLanguage":"fr-FR"},{"@type":"Organization","@id":"https:\/\/www.salon-medecinedouce.com\/paris\/#organization","name":"Bien-\u00eatre Paris","url":"https:\/\/www.salon-medecinedouce.com\/paris\/","logo":{"@type":"ImageObject","inLanguage":"fr-FR","@id":"https:\/\/www.salon-medecinedouce.com\/paris\/#\/schema\/logo\/image\/","url":"https:\/\/www.salon-medecinedouce.com\/paris\/wp-content\/uploads\/sites\/14\/2024\/05\/cropped-logo-orange-bemd.png","contentUrl":"https:\/\/www.salon-medecinedouce.com\/paris\/wp-content\/uploads\/sites\/14\/2024\/05\/cropped-logo-orange-bemd.png","width":591,"height":591,"caption":"Bien-\u00eatre Paris"},"image":{"@id":"https:\/\/www.salon-medecinedouce.com\/paris\/#\/schema\/logo\/image\/"}}]}},"rttpg_featured_image_url":null,"rttpg_author":{"display_name":"admin","author_link":"https:\/\/www.salon-medecinedouce.com\/paris\/blog\/author\/admin\/"},"rttpg_comment":0,"rttpg_category":false,"rttpg_excerpt":"Le programme des ateliers pratiques est r\u00e9guli\u00e8rement mis \u00e0 jour. Jeudi 1er f\u00e9vrier 2018 12h Le Th\u00e8me de Cristal : votre portrait \u00e9nerg\u00e9tique de naissance. Wydiane Khaoua 13h Se revitaliser avec l&rsquo;autre, Kinomichi. Takeharu Noro 16h Identifier les blessures \u00e9motionnelles. Ceo Da silva 17h Ressentir et faire ressentir aux autres les nouvelles \u00e9nergies. Fran\u00e7ois Constant&hellip;","_links":{"self":[{"href":"https:\/\/www.salon-medecinedouce.com\/paris\/wp-json\/wp\/v2\/pages\/6078","targetHints":{"allow":["GET"]}}],"collection":[{"href":"https:\/\/www.salon-medecinedouce.com\/paris\/wp-json\/wp\/v2\/pages"}],"about":[{"href":"https:\/\/www.salon-medecinedouce.com\/paris\/wp-json\/wp\/v2\/types\/page"}],"author":[{"embeddable":true,"href":"https:\/\/www.salon-medecinedouce.com\/paris\/wp-json\/wp\/v2\/users\/1"}],"replies":[{"embeddable":true,"href":"https:\/\/www.salon-medecinedouce.com\/paris\/wp-json\/wp\/v2\/comments?post=6078"}],"version-history":[{"count":2,"href":"https:\/\/www.salon-medecinedouce.com\/paris\/wp-json\/wp\/v2\/pages\/6078\/revisions"}],"predecessor-version":[{"id":8909,"href":"https:\/\/www.salon-medecinedouce.com\/paris\/wp-json\/wp\/v2\/pages\/6078\/revisions\/8909"}],"up":[{"embeddable":true,"href":"https:\/\/www.salon-medecinedouce.com\/paris\/wp-json\/wp\/v2\/pages\/3616"}],"wp:attachment":[{"href":"https:\/\/www.salon-medecinedouce.com\/paris\/wp-json\/wp\/v2\/media?parent=6078"}],"curies":[{"name":"wp","href":"https:\/\/api.w.org\/{rel}","templated":true}]}}