{"id":3626,"date":"2017-05-04T12:25:23","date_gmt":"2017-05-04T10:25:23","guid":{"rendered":"http:\/\/localhost:8888\/bemd\/?page_id=3626"},"modified":"2020-01-13T12:42:32","modified_gmt":"2020-01-13T11:42:32","slug":"le-village-sante-connectee","status":"publish","type":"page","link":"https:\/\/www.salon-medecinedouce.com\/paris\/le-village-sante-connectee\/","title":{"rendered":"Le Digital-lab"},"content":{"rendered":"<p><img fetchpriority=\"high\" decoding=\"async\" class=\"alignnone size-full wp-image-4165\" src=\"http:\/\/www.salon-medecinedouce.com\/paris\/wp-content\/uploads\/sites\/14\/2017\/06\/sante_connectee.png\" alt=\"\" width=\"830\" height=\"235\" srcset=\"https:\/\/www.salon-medecinedouce.com\/paris\/wp-content\/uploads\/sites\/14\/2017\/06\/sante_connectee.png 830w, https:\/\/www.salon-medecinedouce.com\/paris\/wp-content\/uploads\/sites\/14\/2017\/06\/sante_connectee-300x85.png 300w, https:\/\/www.salon-medecinedouce.com\/paris\/wp-content\/uploads\/sites\/14\/2017\/06\/sante_connectee-768x217.png 768w, https:\/\/www.salon-medecinedouce.com\/paris\/wp-content\/uploads\/sites\/14\/2017\/06\/sante_connectee-150x42.png 150w, https:\/\/www.salon-medecinedouce.com\/paris\/wp-content\/uploads\/sites\/14\/2017\/06\/sante_connectee-500x142.png 500w\" sizes=\"(max-width: 830px) 100vw, 830px\" \/><\/p>\n<h3><span style=\"color: #e3723a;\"><span style=\"line-height: 1.6471;\">Le Salon Bien-\u00eatre, M\u00e9decine douce &amp; Thalasso accueille une nouvelle fois en 2019 les start-ups qui vont vous pr\u00e9senter leurs innovations en mati\u00e8re de produits et services connect\u00e9s.<\/span><\/span><\/h3>\n<div id=\"bodycopy\">\n<p><strong>Voici la liste des participants sur le Digital-Lab 2019, stand A10<\/strong><\/p>\n<p><span style=\"color: #e3723a;\"><strong>ACCORD-SOPHRO<\/strong><\/span><br \/>\nUn sophrologue \u00e0 toute heure avec vous. Vous pourrez vous initier et vous entra\u00eener \u00e0 la sophrologie et b\u00e9n\u00e9ficier de conseils.<br \/>\n<a href=\"http:\/\/www.accord-sophro.com\" target=\"_blank\" rel=\"noopener noreferrer\">www.accord-sophro.com<\/a><\/p>\n<p><strong><span style=\"color: #e3723a;\">BIOCURAE<\/span><\/strong><br \/>\nBiocurae, la plateforme de recherche et recommandations des compl\u00e9ments alimentaires.<br \/>\n<a href=\"http:\/\/www.altcare.io\" target=\"_blank\" rel=\"noopener noreferrer\">www.altcare.io<\/a><\/p>\n<p><span style=\"color: #e3723a;\"><strong>LA BO\u00ceTE \u00c0 AIDER<\/strong><\/span><br \/>\nUn site de consultations en ligne de relation d&rsquo;aide alternative, reli\u00e9 \u00e0 des \u00ab\u00a0bo\u00eetes \u00e0 aider\u00a0\u00bb physiques et \u00e0 un maillage de professionnels.<br \/>\n<a href=\"http:\/\/www.laboiteaaider.com\" target=\"_blank\" rel=\"noopener noreferrer\">www.laboiteaaider.com<\/a><\/p>\n<p><strong><span style=\"color: #e3723a;\">LADY-COMP France<\/span><\/strong><br \/>\nDepuis 30 ans, nos moniteurs de cycles enregistrent vos donn\u00e9es et vous disent si vous \u00eates fertiles ou non. C&rsquo;est simple, rapide. Prenez votre temp\u00e9rature buccale tous les matins au r\u00e9veil. 99,3% de fiabilit\u00e9 pour une fertilit\u00e9 100% naturelle.<br \/>\n<a href=\"http:\/\/www.lady-comp.fr\" target=\"_blank\" rel=\"noopener noreferrer\">www.lady-comp.fr<\/a><\/p>\n<p><span style=\"color: #e3723a;\"><strong>LONOFI<\/strong><\/span><br \/>\nApplication mobile permettant de cr\u00e9er, de personnaliser et d&rsquo;\u00e9couter des ambiances sonores pour la relaxation, la m\u00e9ditation et pour faciliter la concentration au travail.<br \/>\n<a href=\"http:\/\/www.lonofi.com\">www.lonofi.com<\/a><\/p>\n<p><strong><span style=\"color: #e3723a;\">MEDOUCINE<\/span><\/strong><br \/>\nMedoucine n&rsquo;a qu&rsquo;une mission : vous offrir du bien-\u00eatre gr\u00e2ce \u00e0 nos th\u00e9rapeutes certifi\u00e9s et valid\u00e9s. Enfin des m\u00e9decines douces en toute confiance.<br \/>\n<a href=\"http:\/\/www.medoucine.com\" target=\"_blank\" rel=\"noopener noreferrer\">www.medoucine.com<\/a><\/p>\n<p><span style=\"color: #e3723a;\"><strong>SERENITY<\/strong><\/span><br \/>\nSerenity est une solution innovante de relaxation pour lutter contre le stress et favoriser le mieux-\u00eatre en alliant m\u00e9thodes traditionnelles et nouvelles technologies.<br \/>\n<a href=\"http:\/\/www.serenity-relaxation.com\" target=\"_blank\" rel=\"noopener noreferrer\">www.serenity-relaxation.com<\/a><\/p>\n<p>&nbsp;<\/p>\n<p>&nbsp;<\/p>\n<p class=\"p1\"><a href=\"https:\/\/www.salon-medecinedouce.com\/paris\/le-digital-lab-2018\/\" target=\"_blank\" rel=\"noopener noreferrer\">Consultez les exposants du Digital-lab de l&rsquo;\u00e9dition 2018<\/a><\/p>\n<p>&nbsp;<\/p>\n<\/div>\n<div class=\"salon-pubs-hp-bas-de-page salon-entity-placement\" id=\"salon-3301722347\"><div id=\"salon-3246396364\"><a data-no-instant=\"1\" href=\"https:\/\/www.adntv.fr\/home?request_origin=tv_app\" rel=\"noopener\" class=\"a2t-link\" target=\"_blank\"><p><a href=\"https:\/\/www.salondesseniors.com\/\"><img decoding=\"async\" class=\"wp-image-22417 aligncenter\" src=\"https:\/\/www.salon-medecinedouce.com\/paris\/wp-content\/uploads\/sites\/14\/2026\/02\/Banniere-728x90-1-300x37.png\" alt=\"\" width=\"754\" height=\"93\" srcset=\"https:\/\/www.salon-medecinedouce.com\/paris\/wp-content\/uploads\/sites\/14\/2026\/02\/Banniere-728x90-1-300x37.png 300w, https:\/\/www.salon-medecinedouce.com\/paris\/wp-content\/uploads\/sites\/14\/2026\/02\/Banniere-728x90-1-1024x127.png 1024w, https:\/\/www.salon-medecinedouce.com\/paris\/wp-content\/uploads\/sites\/14\/2026\/02\/Banniere-728x90-1-768x95.png 768w, https:\/\/www.salon-medecinedouce.com\/paris\/wp-content\/uploads\/sites\/14\/2026\/02\/Banniere-728x90-1-1536x190.png 1536w, https:\/\/www.salon-medecinedouce.com\/paris\/wp-content\/uploads\/sites\/14\/2026\/02\/Banniere-728x90-1-2048x253.png 2048w, https:\/\/www.salon-medecinedouce.com\/paris\/wp-content\/uploads\/sites\/14\/2026\/02\/Banniere-728x90-1-150x19.png 150w, https:\/\/www.salon-medecinedouce.com\/paris\/wp-content\/uploads\/sites\/14\/2026\/02\/Banniere-728x90-1-500x62.png 500w\" sizes=\"(max-width: 754px) 100vw, 754px\" \/><\/a><\/p>\n<\/a><\/div><\/div>","protected":false},"excerpt":{"rendered":"<p>Le Salon Bien-\u00eatre, M\u00e9decine douce &amp; Thalasso accueille une nouvelle fois en 2019 les start-ups qui vont vous pr\u00e9senter leurs innovations en mati\u00e8re de produits et services connect\u00e9s. Voici la liste des participants sur le Digital-Lab 2019, stand A10 ACCORD-SOPHRO Un sophrologue \u00e0 toute heure avec vous. Vous pourrez vous initier et vous entra\u00eener \u00e0&hellip; <\/p>\n","protected":false},"author":1,"featured_media":0,"parent":0,"menu_order":9,"comment_status":"closed","ping_status":"closed","template":"","meta":{"_monsterinsights_skip_tracking":false,"_monsterinsights_sitenote_active":false,"_monsterinsights_sitenote_note":"","_monsterinsights_sitenote_category":0,"footnotes":""},"class_list":["post-3626","page","type-page","status-publish","hentry"],"yoast_head":"<!-- This site is optimized with the Yoast SEO plugin v27.3 - https:\/\/yoast.com\/product\/yoast-seo-wordpress\/ -->\n<title>Le Digital-lab - Bien-\u00eatre Paris<\/title>\n<meta name=\"robots\" content=\"index, follow, max-snippet:-1, max-image-preview:large, max-video-preview:-1\" \/>\n<link rel=\"canonical\" href=\"https:\/\/www.salon-medecinedouce.com\/paris\/le-village-sante-connectee\/\" \/>\n<meta property=\"og:locale\" content=\"fr_FR\" \/>\n<meta property=\"og:type\" content=\"article\" \/>\n<meta property=\"og:title\" content=\"Le Digital-lab - Bien-\u00eatre Paris\" \/>\n<meta property=\"og:description\" content=\"Le Salon Bien-\u00eatre, M\u00e9decine douce &amp; Thalasso accueille une nouvelle fois en 2019 les start-ups qui vont vous pr\u00e9senter leurs innovations en mati\u00e8re de produits et services connect\u00e9s. Voici la liste des participants sur le Digital-Lab 2019, stand A10 ACCORD-SOPHRO Un sophrologue \u00e0 toute heure avec vous. Vous pourrez vous initier et vous entra\u00eener \u00e0&hellip;\" \/>\n<meta property=\"og:url\" content=\"https:\/\/www.salon-medecinedouce.com\/paris\/le-village-sante-connectee\/\" \/>\n<meta property=\"og:site_name\" content=\"Bien-\u00eatre Paris\" \/>\n<meta property=\"article:modified_time\" content=\"2020-01-13T11:42:32+00:00\" \/>\n<meta property=\"og:image\" content=\"http:\/\/www.salon-medecinedouce.com\/paris\/wp-content\/uploads\/sites\/14\/2017\/06\/sante_connectee.png\" \/>\n<meta name=\"twitter:card\" content=\"summary_large_image\" \/>\n<meta name=\"twitter:label1\" content=\"Dur\u00e9e de lecture estim\u00e9e\" \/>\n\t<meta name=\"twitter:data1\" content=\"1 minute\" \/>\n<script type=\"application\/ld+json\" class=\"yoast-schema-graph\">{\"@context\":\"https:\\\/\\\/schema.org\",\"@graph\":[{\"@type\":\"WebPage\",\"@id\":\"https:\\\/\\\/www.salon-medecinedouce.com\\\/paris\\\/le-village-sante-connectee\\\/\",\"url\":\"https:\\\/\\\/www.salon-medecinedouce.com\\\/paris\\\/le-village-sante-connectee\\\/\",\"name\":\"Le Digital-lab - Bien-\u00eatre Paris\",\"isPartOf\":{\"@id\":\"https:\\\/\\\/www.salon-medecinedouce.com\\\/paris\\\/#website\"},\"primaryImageOfPage\":{\"@id\":\"https:\\\/\\\/www.salon-medecinedouce.com\\\/paris\\\/le-village-sante-connectee\\\/#primaryimage\"},\"image\":{\"@id\":\"https:\\\/\\\/www.salon-medecinedouce.com\\\/paris\\\/le-village-sante-connectee\\\/#primaryimage\"},\"thumbnailUrl\":\"http:\\\/\\\/www.salon-medecinedouce.com\\\/paris\\\/wp-content\\\/uploads\\\/sites\\\/14\\\/2017\\\/06\\\/sante_connectee.png\",\"datePublished\":\"2017-05-04T10:25:23+00:00\",\"dateModified\":\"2020-01-13T11:42:32+00:00\",\"breadcrumb\":{\"@id\":\"https:\\\/\\\/www.salon-medecinedouce.com\\\/paris\\\/le-village-sante-connectee\\\/#breadcrumb\"},\"inLanguage\":\"fr-FR\",\"potentialAction\":[{\"@type\":\"ReadAction\",\"target\":[\"https:\\\/\\\/www.salon-medecinedouce.com\\\/paris\\\/le-village-sante-connectee\\\/\"]}]},{\"@type\":\"ImageObject\",\"inLanguage\":\"fr-FR\",\"@id\":\"https:\\\/\\\/www.salon-medecinedouce.com\\\/paris\\\/le-village-sante-connectee\\\/#primaryimage\",\"url\":\"https:\\\/\\\/www.salon-medecinedouce.com\\\/paris\\\/wp-content\\\/uploads\\\/sites\\\/14\\\/2017\\\/06\\\/sante_connectee.png\",\"contentUrl\":\"https:\\\/\\\/www.salon-medecinedouce.com\\\/paris\\\/wp-content\\\/uploads\\\/sites\\\/14\\\/2017\\\/06\\\/sante_connectee.png\",\"width\":830,\"height\":235},{\"@type\":\"BreadcrumbList\",\"@id\":\"https:\\\/\\\/www.salon-medecinedouce.com\\\/paris\\\/le-village-sante-connectee\\\/#breadcrumb\",\"itemListElement\":[{\"@type\":\"ListItem\",\"position\":1,\"name\":\"Accueil\",\"item\":\"https:\\\/\\\/www.salon-medecinedouce.com\\\/paris\\\/\"},{\"@type\":\"ListItem\",\"position\":2,\"name\":\"Le Digital-lab\"}]},{\"@type\":\"WebSite\",\"@id\":\"https:\\\/\\\/www.salon-medecinedouce.com\\\/paris\\\/#website\",\"url\":\"https:\\\/\\\/www.salon-medecinedouce.com\\\/paris\\\/\",\"name\":\"Bien-\u00eatre Paris\",\"description\":\"La sant\u00e9 au naturel : M\u00e9decines douces - Compl\u00e9ments alimentaires - Alimentation saine - Cosm\u00e9tiques naturelles - Art de vivre - Tourisme de sant\u00e9\",\"publisher\":{\"@id\":\"https:\\\/\\\/www.salon-medecinedouce.com\\\/paris\\\/#organization\"},\"potentialAction\":[{\"@type\":\"SearchAction\",\"target\":{\"@type\":\"EntryPoint\",\"urlTemplate\":\"https:\\\/\\\/www.salon-medecinedouce.com\\\/paris\\\/?s={search_term_string}\"},\"query-input\":{\"@type\":\"PropertyValueSpecification\",\"valueRequired\":true,\"valueName\":\"search_term_string\"}}],\"inLanguage\":\"fr-FR\"},{\"@type\":\"Organization\",\"@id\":\"https:\\\/\\\/www.salon-medecinedouce.com\\\/paris\\\/#organization\",\"name\":\"Bien-\u00eatre Paris\",\"url\":\"https:\\\/\\\/www.salon-medecinedouce.com\\\/paris\\\/\",\"logo\":{\"@type\":\"ImageObject\",\"inLanguage\":\"fr-FR\",\"@id\":\"https:\\\/\\\/www.salon-medecinedouce.com\\\/paris\\\/#\\\/schema\\\/logo\\\/image\\\/\",\"url\":\"https:\\\/\\\/www.salon-medecinedouce.com\\\/paris\\\/wp-content\\\/uploads\\\/sites\\\/14\\\/2024\\\/05\\\/cropped-logo-orange-bemd.png\",\"contentUrl\":\"https:\\\/\\\/www.salon-medecinedouce.com\\\/paris\\\/wp-content\\\/uploads\\\/sites\\\/14\\\/2024\\\/05\\\/cropped-logo-orange-bemd.png\",\"width\":591,\"height\":591,\"caption\":\"Bien-\u00eatre Paris\"},\"image\":{\"@id\":\"https:\\\/\\\/www.salon-medecinedouce.com\\\/paris\\\/#\\\/schema\\\/logo\\\/image\\\/\"}}]}<\/script>\n<!-- \/ Yoast SEO plugin. -->","yoast_head_json":{"title":"Le Digital-lab - Bien-\u00eatre Paris","robots":{"index":"index","follow":"follow","max-snippet":"max-snippet:-1","max-image-preview":"max-image-preview:large","max-video-preview":"max-video-preview:-1"},"canonical":"https:\/\/www.salon-medecinedouce.com\/paris\/le-village-sante-connectee\/","og_locale":"fr_FR","og_type":"article","og_title":"Le Digital-lab - Bien-\u00eatre Paris","og_description":"Le Salon Bien-\u00eatre, M\u00e9decine douce &amp; Thalasso accueille une nouvelle fois en 2019 les start-ups qui vont vous pr\u00e9senter leurs innovations en mati\u00e8re de produits et services connect\u00e9s. Voici la liste des participants sur le Digital-Lab 2019, stand A10 ACCORD-SOPHRO Un sophrologue \u00e0 toute heure avec vous. Vous pourrez vous initier et vous entra\u00eener \u00e0&hellip;","og_url":"https:\/\/www.salon-medecinedouce.com\/paris\/le-village-sante-connectee\/","og_site_name":"Bien-\u00eatre Paris","article_modified_time":"2020-01-13T11:42:32+00:00","og_image":[{"url":"http:\/\/www.salon-medecinedouce.com\/paris\/wp-content\/uploads\/sites\/14\/2017\/06\/sante_connectee.png","type":"","width":"","height":""}],"twitter_card":"summary_large_image","twitter_misc":{"Dur\u00e9e de lecture estim\u00e9e":"1 minute"},"schema":{"@context":"https:\/\/schema.org","@graph":[{"@type":"WebPage","@id":"https:\/\/www.salon-medecinedouce.com\/paris\/le-village-sante-connectee\/","url":"https:\/\/www.salon-medecinedouce.com\/paris\/le-village-sante-connectee\/","name":"Le Digital-lab - Bien-\u00eatre Paris","isPartOf":{"@id":"https:\/\/www.salon-medecinedouce.com\/paris\/#website"},"primaryImageOfPage":{"@id":"https:\/\/www.salon-medecinedouce.com\/paris\/le-village-sante-connectee\/#primaryimage"},"image":{"@id":"https:\/\/www.salon-medecinedouce.com\/paris\/le-village-sante-connectee\/#primaryimage"},"thumbnailUrl":"http:\/\/www.salon-medecinedouce.com\/paris\/wp-content\/uploads\/sites\/14\/2017\/06\/sante_connectee.png","datePublished":"2017-05-04T10:25:23+00:00","dateModified":"2020-01-13T11:42:32+00:00","breadcrumb":{"@id":"https:\/\/www.salon-medecinedouce.com\/paris\/le-village-sante-connectee\/#breadcrumb"},"inLanguage":"fr-FR","potentialAction":[{"@type":"ReadAction","target":["https:\/\/www.salon-medecinedouce.com\/paris\/le-village-sante-connectee\/"]}]},{"@type":"ImageObject","inLanguage":"fr-FR","@id":"https:\/\/www.salon-medecinedouce.com\/paris\/le-village-sante-connectee\/#primaryimage","url":"https:\/\/www.salon-medecinedouce.com\/paris\/wp-content\/uploads\/sites\/14\/2017\/06\/sante_connectee.png","contentUrl":"https:\/\/www.salon-medecinedouce.com\/paris\/wp-content\/uploads\/sites\/14\/2017\/06\/sante_connectee.png","width":830,"height":235},{"@type":"BreadcrumbList","@id":"https:\/\/www.salon-medecinedouce.com\/paris\/le-village-sante-connectee\/#breadcrumb","itemListElement":[{"@type":"ListItem","position":1,"name":"Accueil","item":"https:\/\/www.salon-medecinedouce.com\/paris\/"},{"@type":"ListItem","position":2,"name":"Le Digital-lab"}]},{"@type":"WebSite","@id":"https:\/\/www.salon-medecinedouce.com\/paris\/#website","url":"https:\/\/www.salon-medecinedouce.com\/paris\/","name":"Bien-\u00eatre Paris","description":"La sant\u00e9 au naturel : M\u00e9decines douces - Compl\u00e9ments alimentaires - Alimentation saine - Cosm\u00e9tiques naturelles - Art de vivre - Tourisme de sant\u00e9","publisher":{"@id":"https:\/\/www.salon-medecinedouce.com\/paris\/#organization"},"potentialAction":[{"@type":"SearchAction","target":{"@type":"EntryPoint","urlTemplate":"https:\/\/www.salon-medecinedouce.com\/paris\/?s={search_term_string}"},"query-input":{"@type":"PropertyValueSpecification","valueRequired":true,"valueName":"search_term_string"}}],"inLanguage":"fr-FR"},{"@type":"Organization","@id":"https:\/\/www.salon-medecinedouce.com\/paris\/#organization","name":"Bien-\u00eatre Paris","url":"https:\/\/www.salon-medecinedouce.com\/paris\/","logo":{"@type":"ImageObject","inLanguage":"fr-FR","@id":"https:\/\/www.salon-medecinedouce.com\/paris\/#\/schema\/logo\/image\/","url":"https:\/\/www.salon-medecinedouce.com\/paris\/wp-content\/uploads\/sites\/14\/2024\/05\/cropped-logo-orange-bemd.png","contentUrl":"https:\/\/www.salon-medecinedouce.com\/paris\/wp-content\/uploads\/sites\/14\/2024\/05\/cropped-logo-orange-bemd.png","width":591,"height":591,"caption":"Bien-\u00eatre Paris"},"image":{"@id":"https:\/\/www.salon-medecinedouce.com\/paris\/#\/schema\/logo\/image\/"}}]}},"rttpg_featured_image_url":null,"rttpg_author":{"display_name":"admin","author_link":"https:\/\/www.salon-medecinedouce.com\/paris\/blog\/author\/admin\/"},"rttpg_comment":0,"rttpg_category":false,"rttpg_excerpt":"Le Salon Bien-\u00eatre, M\u00e9decine douce &amp; Thalasso accueille une nouvelle fois en 2019 les start-ups qui vont vous pr\u00e9senter leurs innovations en mati\u00e8re de produits et services connect\u00e9s. Voici la liste des participants sur le Digital-Lab 2019, stand A10 ACCORD-SOPHRO Un sophrologue \u00e0 toute heure avec vous. Vous pourrez vous initier et vous entra\u00eener \u00e0&hellip;","_links":{"self":[{"href":"https:\/\/www.salon-medecinedouce.com\/paris\/wp-json\/wp\/v2\/pages\/3626","targetHints":{"allow":["GET"]}}],"collection":[{"href":"https:\/\/www.salon-medecinedouce.com\/paris\/wp-json\/wp\/v2\/pages"}],"about":[{"href":"https:\/\/www.salon-medecinedouce.com\/paris\/wp-json\/wp\/v2\/types\/page"}],"author":[{"embeddable":true,"href":"https:\/\/www.salon-medecinedouce.com\/paris\/wp-json\/wp\/v2\/users\/1"}],"replies":[{"embeddable":true,"href":"https:\/\/www.salon-medecinedouce.com\/paris\/wp-json\/wp\/v2\/comments?post=3626"}],"version-history":[{"count":12,"href":"https:\/\/www.salon-medecinedouce.com\/paris\/wp-json\/wp\/v2\/pages\/3626\/revisions"}],"predecessor-version":[{"id":8915,"href":"https:\/\/www.salon-medecinedouce.com\/paris\/wp-json\/wp\/v2\/pages\/3626\/revisions\/8915"}],"wp:attachment":[{"href":"https:\/\/www.salon-medecinedouce.com\/paris\/wp-json\/wp\/v2\/media?parent=3626"}],"curies":[{"name":"wp","href":"https:\/\/api.w.org\/{rel}","templated":true}]}}