{"id":3493,"date":"2017-03-01T10:33:56","date_gmt":"2017-03-01T09:33:56","guid":{"rendered":"http:\/\/localhost:8888\/marjolaine\/?page_id=3493"},"modified":"2025-05-14T15:35:59","modified_gmt":"2025-05-14T13:35:59","slug":"sites","status":"publish","type":"page","link":"https:\/\/www.salon-medecinedouce.com\/paris\/presse-partenaires\/sites\/","title":{"rendered":"Sites recommand\u00e9s"},"content":{"rendered":"<h3><img fetchpriority=\"high\" decoding=\"async\" class=\"alignnone size-full wp-image-8617\" src=\"https:\/\/www.salon-medecinedouce.com\/paris\/wp-content\/uploads\/sites\/14\/2019\/06\/075_BIEN-E\u0302TRE-2019_\u00a9Photo-Faust-Favart_.jpg\" alt=\"\" width=\"840\" height=\"250\" srcset=\"https:\/\/www.salon-medecinedouce.com\/paris\/wp-content\/uploads\/sites\/14\/2019\/06\/075_BIEN-E\u0302TRE-2019_\u00a9Photo-Faust-Favart_.jpg 840w, https:\/\/www.salon-medecinedouce.com\/paris\/wp-content\/uploads\/sites\/14\/2019\/06\/075_BIEN-E\u0302TRE-2019_\u00a9Photo-Faust-Favart_-300x89.jpg 300w, https:\/\/www.salon-medecinedouce.com\/paris\/wp-content\/uploads\/sites\/14\/2019\/06\/075_BIEN-E\u0302TRE-2019_\u00a9Photo-Faust-Favart_-768x229.jpg 768w, https:\/\/www.salon-medecinedouce.com\/paris\/wp-content\/uploads\/sites\/14\/2019\/06\/075_BIEN-E\u0302TRE-2019_\u00a9Photo-Faust-Favart_-150x45.jpg 150w, https:\/\/www.salon-medecinedouce.com\/paris\/wp-content\/uploads\/sites\/14\/2019\/06\/075_BIEN-E\u0302TRE-2019_\u00a9Photo-Faust-Favart_-500x149.jpg 500w\" sizes=\"(max-width: 840px) 100vw, 840px\" \/><\/h3>\n<h3><span style=\"color: #165e6c;\">La s\u00e9lection du web du salon Bien-\u00eatre<\/span><\/h3>\n<table style=\"width: 100%;\" border=\"0\" cellspacing=\"10\">\n<tbody>\n<tr>\n<td style=\"width: 50%;\" valign=\"top\">\n<p><a href=\"http:\/\/www.bien-etre-et-ecologie.com\/\" target=\"_blank\" rel=\"noopener\">www.bien-etre-et-ecologie.com<\/a><br \/>\n<a href=\"http:\/\/www.generation-tao.com\/\" target=\"_blank\" rel=\"noopener\">www.generation-tao.com<\/a><br \/>\n<a href=\"http:\/\/www.meditationfrance.com\/\" target=\"_blank\" rel=\"noopener\">www.meditationfrance.com<\/a><br \/>\n<a href=\"http:\/\/www.acupuncture-france.com\/\" target=\"_blank\" rel=\"noopener\">www.acupuncture-france.com<\/a><br \/>\n<a href=\"http:\/\/www.association-ressource.org\/\" target=\"_blank\" rel=\"noopener\">www.association-ressource.org<\/a><br \/>\n<a href=\"http:\/\/www.ayurveda-france.org\/\" target=\"_blank\" rel=\"noopener\">www.ayurveda-france.org<\/a><br \/>\n<a href=\"http:\/\/www.cfmtc.org\/\" target=\"_blank\" rel=\"noopener\">www.cfmtc.org<\/a><br \/>\n<a href=\"http:\/\/www.etiopathie.com\/\" target=\"_blank\" rel=\"noopener\">www.etiopathie.com<\/a><br \/>\n<a href=\"http:\/\/www.fidhy.fr\/\" target=\"_blank\" rel=\"noopener\">www.fidhy.fr<\/a><br \/>\n<a href=\"http:\/\/www.hippocratus.com\/\" target=\"_blank\" rel=\"noopener\">www.hippocratus.com<\/a><br \/>\n<a href=\"http:\/\/www.ifhe.net\/\" target=\"_blank\" rel=\"noopener\">www.ifhe.net<\/a><br \/>\n<a href=\"http:\/\/www.emdr-france.org\/\" target=\"_blank\" rel=\"noopener\">www.emdr-france.org<\/a><\/p>\n<\/td>\n<td style=\"width: 50%;\" valign=\"top\"><a href=\"http:\/\/www.soignez-vous.com\/\" target=\"_blank\" rel=\"noopener\">www.soignez-vous.com<\/a><br \/>\n<a href=\"http:\/\/www.sortirsansgluten.com\/\" target=\"_blank\" rel=\"noopener\">www.sortirsansgluten.com<\/a><br \/>\n<a href=\"http:\/\/www.votre-sante.com\/\" target=\"_blank\" rel=\"noopener\">www.votre-sante.com<\/a><br \/>\n<a href=\"http:\/\/www.methode-mezieres.com\/\" target=\"_blank\" rel=\"noopener\">www.methode-mezieres.com<\/a><br \/>\n<a href=\"http:\/\/www.odenth.com\/\" target=\"_blank\" rel=\"noopener\">www.odenth.com<\/a><br \/>\n<a href=\"http:\/\/www.omnes.fr\/\" target=\"_blank\" rel=\"noopener\">www.omnes.fr<\/a><br \/>\n<a href=\"http:\/\/www.osteopathie.org\/\" target=\"_blank\" rel=\"noopener\">www.osteopathie.org<\/a><br \/>\n<a href=\"http:\/\/www.osteo-bebe.com\/\" target=\"_blank\" rel=\"noopener\">www.osteo-bebe.com<\/a><br \/>\n<a href=\"http:\/\/www.phyto2000.org\/\" target=\"_blank\" rel=\"noopener\">www.phyto2000.org<\/a><br \/>\n<a href=\"http:\/\/www.plante-sante.net\/\" target=\"_blank\" rel=\"noopener\">www.plante-sante.net<\/a><br \/>\n<a href=\"http:\/\/www.ufpmtc.com\/\" target=\"_blank\" rel=\"noopener\">www.ufpmtc.com<\/a><br \/>\n<a href=\"https:\/\/influencesante.fr\/\" target=\"_blank\" rel=\"noopener\">www.influencesante.fr<\/a><br \/>\n<a href=\"http:\/\/www.mamedecine.fr\/\" target=\"_blank\" rel=\"noopener\">www.mamedecine.fr<\/a><\/td>\n<\/tr>\n<\/tbody>\n<\/table>\n<p>&nbsp;<\/p>\n<div class=\"salon-pubs-hp-bas-de-page salon-entity-placement\" id=\"salon-1318691420\"><div id=\"salon-1374192902\"><a data-no-instant=\"1\" href=\"https:\/\/www.adntv.fr\/home?request_origin=tv_app\" rel=\"noopener\" class=\"a2t-link\" target=\"_blank\"><p><a href=\"https:\/\/www.salondesseniors.com\/\"><img decoding=\"async\" class=\"wp-image-22417 aligncenter\" src=\"https:\/\/www.salon-medecinedouce.com\/paris\/wp-content\/uploads\/sites\/14\/2026\/02\/Banniere-728x90-1-300x37.png\" alt=\"\" width=\"754\" height=\"93\" srcset=\"https:\/\/www.salon-medecinedouce.com\/paris\/wp-content\/uploads\/sites\/14\/2026\/02\/Banniere-728x90-1-300x37.png 300w, https:\/\/www.salon-medecinedouce.com\/paris\/wp-content\/uploads\/sites\/14\/2026\/02\/Banniere-728x90-1-1024x127.png 1024w, https:\/\/www.salon-medecinedouce.com\/paris\/wp-content\/uploads\/sites\/14\/2026\/02\/Banniere-728x90-1-768x95.png 768w, https:\/\/www.salon-medecinedouce.com\/paris\/wp-content\/uploads\/sites\/14\/2026\/02\/Banniere-728x90-1-1536x190.png 1536w, https:\/\/www.salon-medecinedouce.com\/paris\/wp-content\/uploads\/sites\/14\/2026\/02\/Banniere-728x90-1-2048x253.png 2048w, https:\/\/www.salon-medecinedouce.com\/paris\/wp-content\/uploads\/sites\/14\/2026\/02\/Banniere-728x90-1-150x19.png 150w, https:\/\/www.salon-medecinedouce.com\/paris\/wp-content\/uploads\/sites\/14\/2026\/02\/Banniere-728x90-1-500x62.png 500w\" sizes=\"(max-width: 754px) 100vw, 754px\" \/><\/a><\/p>\n<\/a><\/div><\/div>","protected":false},"excerpt":{"rendered":"<p>La s\u00e9lection du web du salon Bien-\u00eatre www.bien-etre-et-ecologie.com www.generation-tao.com www.meditationfrance.com www.acupuncture-france.com www.association-ressource.org www.ayurveda-france.org www.cfmtc.org www.etiopathie.com www.fidhy.fr www.hippocratus.com www.ifhe.net www.emdr-france.org www.soignez-vous.com www.sortirsansgluten.com www.votre-sante.com www.methode-mezieres.com www.odenth.com www.omnes.fr www.osteopathie.org www.osteo-bebe.com www.phyto2000.org www.plante-sante.net www.ufpmtc.com www.influencesante.fr www.mamedecine.fr &nbsp;<\/p>\n","protected":false},"author":1,"featured_media":0,"parent":2091,"menu_order":3,"comment_status":"closed","ping_status":"closed","template":"","meta":{"_angie_page":false,"_monsterinsights_skip_tracking":false,"_monsterinsights_sitenote_active":false,"_monsterinsights_sitenote_note":"","_monsterinsights_sitenote_category":0,"footnotes":""},"class_list":["post-3493","page","type-page","status-publish","hentry"],"yoast_head":"<!-- This site is optimized with the Yoast SEO plugin v27.3 - https:\/\/yoast.com\/product\/yoast-seo-wordpress\/ -->\n<title>Sites recommand\u00e9s - Bien-\u00eatre Paris<\/title>\n<meta name=\"robots\" content=\"index, follow, max-snippet:-1, max-image-preview:large, max-video-preview:-1\" \/>\n<link rel=\"canonical\" href=\"https:\/\/www.salon-medecinedouce.com\/paris\/presse-partenaires\/sites\/\" \/>\n<meta property=\"og:locale\" content=\"fr_FR\" \/>\n<meta property=\"og:type\" content=\"article\" \/>\n<meta property=\"og:title\" content=\"Sites recommand\u00e9s - Bien-\u00eatre Paris\" \/>\n<meta property=\"og:description\" content=\"La s\u00e9lection du web du salon Bien-\u00eatre www.bien-etre-et-ecologie.com www.generation-tao.com www.meditationfrance.com www.acupuncture-france.com www.association-ressource.org www.ayurveda-france.org www.cfmtc.org www.etiopathie.com www.fidhy.fr www.hippocratus.com www.ifhe.net www.emdr-france.org www.soignez-vous.com www.sortirsansgluten.com www.votre-sante.com www.methode-mezieres.com www.odenth.com www.omnes.fr www.osteopathie.org www.osteo-bebe.com www.phyto2000.org www.plante-sante.net www.ufpmtc.com www.influencesante.fr www.mamedecine.fr &nbsp;\" \/>\n<meta property=\"og:url\" content=\"https:\/\/www.salon-medecinedouce.com\/paris\/presse-partenaires\/sites\/\" \/>\n<meta property=\"og:site_name\" content=\"Bien-\u00eatre Paris\" \/>\n<meta property=\"article:modified_time\" content=\"2025-05-14T13:35:59+00:00\" \/>\n<meta name=\"twitter:card\" content=\"summary_large_image\" \/>\n<meta name=\"twitter:label1\" content=\"Dur\u00e9e de lecture estim\u00e9e\" \/>\n\t<meta name=\"twitter:data1\" content=\"1 minute\" \/>\n<script type=\"application\/ld+json\" class=\"yoast-schema-graph\">{\"@context\":\"https:\\\/\\\/schema.org\",\"@graph\":[{\"@type\":\"WebPage\",\"@id\":\"https:\\\/\\\/www.salon-medecinedouce.com\\\/paris\\\/presse-partenaires\\\/sites\\\/\",\"url\":\"https:\\\/\\\/www.salon-medecinedouce.com\\\/paris\\\/presse-partenaires\\\/sites\\\/\",\"name\":\"Sites recommand\u00e9s - Bien-\u00eatre Paris\",\"isPartOf\":{\"@id\":\"https:\\\/\\\/www.salon-medecinedouce.com\\\/paris\\\/#website\"},\"datePublished\":\"2017-03-01T09:33:56+00:00\",\"dateModified\":\"2025-05-14T13:35:59+00:00\",\"breadcrumb\":{\"@id\":\"https:\\\/\\\/www.salon-medecinedouce.com\\\/paris\\\/presse-partenaires\\\/sites\\\/#breadcrumb\"},\"inLanguage\":\"fr-FR\",\"potentialAction\":[{\"@type\":\"ReadAction\",\"target\":[\"https:\\\/\\\/www.salon-medecinedouce.com\\\/paris\\\/presse-partenaires\\\/sites\\\/\"]}]},{\"@type\":\"BreadcrumbList\",\"@id\":\"https:\\\/\\\/www.salon-medecinedouce.com\\\/paris\\\/presse-partenaires\\\/sites\\\/#breadcrumb\",\"itemListElement\":[{\"@type\":\"ListItem\",\"position\":1,\"name\":\"Accueil\",\"item\":\"https:\\\/\\\/www.salon-medecinedouce.com\\\/paris\\\/\"},{\"@type\":\"ListItem\",\"position\":2,\"name\":\"Presse\\\/partenaires\",\"item\":\"https:\\\/\\\/www.salon-medecinedouce.com\\\/paris\\\/presse-partenaires\\\/\"},{\"@type\":\"ListItem\",\"position\":3,\"name\":\"Sites recommand\u00e9s\"}]},{\"@type\":\"WebSite\",\"@id\":\"https:\\\/\\\/www.salon-medecinedouce.com\\\/paris\\\/#website\",\"url\":\"https:\\\/\\\/www.salon-medecinedouce.com\\\/paris\\\/\",\"name\":\"Bien-\u00eatre Paris\",\"description\":\"La sant\u00e9 au naturel : M\u00e9decines douces - Compl\u00e9ments alimentaires - Alimentation saine - Cosm\u00e9tiques naturelles - Art de vivre - Tourisme de sant\u00e9\",\"publisher\":{\"@id\":\"https:\\\/\\\/www.salon-medecinedouce.com\\\/paris\\\/#organization\"},\"potentialAction\":[{\"@type\":\"SearchAction\",\"target\":{\"@type\":\"EntryPoint\",\"urlTemplate\":\"https:\\\/\\\/www.salon-medecinedouce.com\\\/paris\\\/?s={search_term_string}\"},\"query-input\":{\"@type\":\"PropertyValueSpecification\",\"valueRequired\":true,\"valueName\":\"search_term_string\"}}],\"inLanguage\":\"fr-FR\"},{\"@type\":\"Organization\",\"@id\":\"https:\\\/\\\/www.salon-medecinedouce.com\\\/paris\\\/#organization\",\"name\":\"Bien-\u00eatre Paris\",\"url\":\"https:\\\/\\\/www.salon-medecinedouce.com\\\/paris\\\/\",\"logo\":{\"@type\":\"ImageObject\",\"inLanguage\":\"fr-FR\",\"@id\":\"https:\\\/\\\/www.salon-medecinedouce.com\\\/paris\\\/#\\\/schema\\\/logo\\\/image\\\/\",\"url\":\"https:\\\/\\\/www.salon-medecinedouce.com\\\/paris\\\/wp-content\\\/uploads\\\/sites\\\/14\\\/2024\\\/05\\\/cropped-logo-orange-bemd.png\",\"contentUrl\":\"https:\\\/\\\/www.salon-medecinedouce.com\\\/paris\\\/wp-content\\\/uploads\\\/sites\\\/14\\\/2024\\\/05\\\/cropped-logo-orange-bemd.png\",\"width\":591,\"height\":591,\"caption\":\"Bien-\u00eatre Paris\"},\"image\":{\"@id\":\"https:\\\/\\\/www.salon-medecinedouce.com\\\/paris\\\/#\\\/schema\\\/logo\\\/image\\\/\"}}]}<\/script>\n<!-- \/ Yoast SEO plugin. -->","yoast_head_json":{"title":"Sites recommand\u00e9s - Bien-\u00eatre Paris","robots":{"index":"index","follow":"follow","max-snippet":"max-snippet:-1","max-image-preview":"max-image-preview:large","max-video-preview":"max-video-preview:-1"},"canonical":"https:\/\/www.salon-medecinedouce.com\/paris\/presse-partenaires\/sites\/","og_locale":"fr_FR","og_type":"article","og_title":"Sites recommand\u00e9s - Bien-\u00eatre Paris","og_description":"La s\u00e9lection du web du salon Bien-\u00eatre www.bien-etre-et-ecologie.com www.generation-tao.com www.meditationfrance.com www.acupuncture-france.com www.association-ressource.org www.ayurveda-france.org www.cfmtc.org www.etiopathie.com www.fidhy.fr www.hippocratus.com www.ifhe.net www.emdr-france.org www.soignez-vous.com www.sortirsansgluten.com www.votre-sante.com www.methode-mezieres.com www.odenth.com www.omnes.fr www.osteopathie.org www.osteo-bebe.com www.phyto2000.org www.plante-sante.net www.ufpmtc.com www.influencesante.fr www.mamedecine.fr &nbsp;","og_url":"https:\/\/www.salon-medecinedouce.com\/paris\/presse-partenaires\/sites\/","og_site_name":"Bien-\u00eatre Paris","article_modified_time":"2025-05-14T13:35:59+00:00","twitter_card":"summary_large_image","twitter_misc":{"Dur\u00e9e de lecture estim\u00e9e":"1 minute"},"schema":{"@context":"https:\/\/schema.org","@graph":[{"@type":"WebPage","@id":"https:\/\/www.salon-medecinedouce.com\/paris\/presse-partenaires\/sites\/","url":"https:\/\/www.salon-medecinedouce.com\/paris\/presse-partenaires\/sites\/","name":"Sites recommand\u00e9s - Bien-\u00eatre Paris","isPartOf":{"@id":"https:\/\/www.salon-medecinedouce.com\/paris\/#website"},"datePublished":"2017-03-01T09:33:56+00:00","dateModified":"2025-05-14T13:35:59+00:00","breadcrumb":{"@id":"https:\/\/www.salon-medecinedouce.com\/paris\/presse-partenaires\/sites\/#breadcrumb"},"inLanguage":"fr-FR","potentialAction":[{"@type":"ReadAction","target":["https:\/\/www.salon-medecinedouce.com\/paris\/presse-partenaires\/sites\/"]}]},{"@type":"BreadcrumbList","@id":"https:\/\/www.salon-medecinedouce.com\/paris\/presse-partenaires\/sites\/#breadcrumb","itemListElement":[{"@type":"ListItem","position":1,"name":"Accueil","item":"https:\/\/www.salon-medecinedouce.com\/paris\/"},{"@type":"ListItem","position":2,"name":"Presse\/partenaires","item":"https:\/\/www.salon-medecinedouce.com\/paris\/presse-partenaires\/"},{"@type":"ListItem","position":3,"name":"Sites recommand\u00e9s"}]},{"@type":"WebSite","@id":"https:\/\/www.salon-medecinedouce.com\/paris\/#website","url":"https:\/\/www.salon-medecinedouce.com\/paris\/","name":"Bien-\u00eatre Paris","description":"La sant\u00e9 au naturel : M\u00e9decines douces - Compl\u00e9ments alimentaires - Alimentation saine - Cosm\u00e9tiques naturelles - Art de vivre - Tourisme de sant\u00e9","publisher":{"@id":"https:\/\/www.salon-medecinedouce.com\/paris\/#organization"},"potentialAction":[{"@type":"SearchAction","target":{"@type":"EntryPoint","urlTemplate":"https:\/\/www.salon-medecinedouce.com\/paris\/?s={search_term_string}"},"query-input":{"@type":"PropertyValueSpecification","valueRequired":true,"valueName":"search_term_string"}}],"inLanguage":"fr-FR"},{"@type":"Organization","@id":"https:\/\/www.salon-medecinedouce.com\/paris\/#organization","name":"Bien-\u00eatre Paris","url":"https:\/\/www.salon-medecinedouce.com\/paris\/","logo":{"@type":"ImageObject","inLanguage":"fr-FR","@id":"https:\/\/www.salon-medecinedouce.com\/paris\/#\/schema\/logo\/image\/","url":"https:\/\/www.salon-medecinedouce.com\/paris\/wp-content\/uploads\/sites\/14\/2024\/05\/cropped-logo-orange-bemd.png","contentUrl":"https:\/\/www.salon-medecinedouce.com\/paris\/wp-content\/uploads\/sites\/14\/2024\/05\/cropped-logo-orange-bemd.png","width":591,"height":591,"caption":"Bien-\u00eatre Paris"},"image":{"@id":"https:\/\/www.salon-medecinedouce.com\/paris\/#\/schema\/logo\/image\/"}}]}},"rttpg_featured_image_url":null,"rttpg_author":{"display_name":"admin","author_link":"https:\/\/www.salon-medecinedouce.com\/paris\/blog\/author\/admin\/"},"rttpg_comment":0,"rttpg_category":false,"rttpg_excerpt":"La s\u00e9lection du web du salon Bien-\u00eatre www.bien-etre-et-ecologie.com www.generation-tao.com www.meditationfrance.com www.acupuncture-france.com www.association-ressource.org www.ayurveda-france.org www.cfmtc.org www.etiopathie.com www.fidhy.fr www.hippocratus.com www.ifhe.net www.emdr-france.org www.soignez-vous.com www.sortirsansgluten.com www.votre-sante.com www.methode-mezieres.com www.odenth.com www.omnes.fr www.osteopathie.org www.osteo-bebe.com www.phyto2000.org www.plante-sante.net www.ufpmtc.com www.influencesante.fr www.mamedecine.fr &nbsp;","_links":{"self":[{"href":"https:\/\/www.salon-medecinedouce.com\/paris\/wp-json\/wp\/v2\/pages\/3493","targetHints":{"allow":["GET"]}}],"collection":[{"href":"https:\/\/www.salon-medecinedouce.com\/paris\/wp-json\/wp\/v2\/pages"}],"about":[{"href":"https:\/\/www.salon-medecinedouce.com\/paris\/wp-json\/wp\/v2\/types\/page"}],"author":[{"embeddable":true,"href":"https:\/\/www.salon-medecinedouce.com\/paris\/wp-json\/wp\/v2\/users\/1"}],"replies":[{"embeddable":true,"href":"https:\/\/www.salon-medecinedouce.com\/paris\/wp-json\/wp\/v2\/comments?post=3493"}],"version-history":[{"count":12,"href":"https:\/\/www.salon-medecinedouce.com\/paris\/wp-json\/wp\/v2\/pages\/3493\/revisions"}],"predecessor-version":[{"id":19693,"href":"https:\/\/www.salon-medecinedouce.com\/paris\/wp-json\/wp\/v2\/pages\/3493\/revisions\/19693"}],"up":[{"embeddable":true,"href":"https:\/\/www.salon-medecinedouce.com\/paris\/wp-json\/wp\/v2\/pages\/2091"}],"wp:attachment":[{"href":"https:\/\/www.salon-medecinedouce.com\/paris\/wp-json\/wp\/v2\/media?parent=3493"}],"curies":[{"name":"wp","href":"https:\/\/api.w.org\/{rel}","templated":true}]}}