{"id":2458,"date":"2017-01-24T14:19:20","date_gmt":"2017-01-24T13:19:20","guid":{"rendered":"http:\/\/localhost:8888\/zen\/?page_id=2458"},"modified":"2025-12-02T16:44:37","modified_gmt":"2025-12-02T15:44:37","slug":"espace-presse","status":"publish","type":"page","link":"https:\/\/www.salon-medecinedouce.com\/paris\/presse-partenaires\/espace-presse\/","title":{"rendered":"Espace presse"},"content":{"rendered":"<h3><span style=\"color: #165e6c;\">Bienvenue dans l&rsquo;espace presse du salon Bien-\u00eatre M\u00e9decine Douce<\/span><\/h3>\n<p>Ici t\u00e9l\u00e9chargez les visuels du salon pour vos usages d&rsquo;impression et de communication ainsi que les communiqu\u00e9s de presse.<\/p>\n<p>&nbsp;<\/p>\n<ul>\n<li><strong>Affiche A4<\/strong><\/li>\n<\/ul>\n<p><a href=\"https:\/\/www.salon-medecinedouce.com\/paris\/presse-partenaires\/espace-presse\/capture-decran-2025-05-14-a-15-10-12\/\" rel=\"attachment wp-att-19687\"><img fetchpriority=\"high\" decoding=\"async\" class=\"alignnone wp-image-19687 \" src=\"https:\/\/www.salon-medecinedouce.com\/paris\/wp-content\/uploads\/sites\/14\/2025\/05\/Capture-decran-2025-05-14-a-15.10.12.png\" alt=\"\" width=\"389\" height=\"568\" srcset=\"https:\/\/www.salon-medecinedouce.com\/paris\/wp-content\/uploads\/sites\/14\/2025\/05\/Capture-decran-2025-05-14-a-15.10.12.png 1042w, https:\/\/www.salon-medecinedouce.com\/paris\/wp-content\/uploads\/sites\/14\/2025\/05\/Capture-decran-2025-05-14-a-15.10.12-205x300.png 205w, https:\/\/www.salon-medecinedouce.com\/paris\/wp-content\/uploads\/sites\/14\/2025\/05\/Capture-decran-2025-05-14-a-15.10.12-701x1024.png 701w, https:\/\/www.salon-medecinedouce.com\/paris\/wp-content\/uploads\/sites\/14\/2025\/05\/Capture-decran-2025-05-14-a-15.10.12-768x1122.png 768w, https:\/\/www.salon-medecinedouce.com\/paris\/wp-content\/uploads\/sites\/14\/2025\/05\/Capture-decran-2025-05-14-a-15.10.12-150x219.png 150w, https:\/\/www.salon-medecinedouce.com\/paris\/wp-content\/uploads\/sites\/14\/2025\/05\/Capture-decran-2025-05-14-a-15.10.12-342x500.png 342w\" sizes=\"(max-width: 389px) 100vw, 389px\" \/><\/a><\/p>\n<ul>\n<li><strong>Logo\u00a0<\/strong><br \/>\n<a href=\"https:\/\/www.salon-medecinedouce.com\/paris\/wp-content\/uploads\/sites\/14\/2024\/05\/cropped-cropped-Logo-BE25.png\"><img decoding=\"async\" class=\"alignnone wp-image-17243 \" src=\"https:\/\/www.salon-medecinedouce.com\/paris\/wp-content\/uploads\/sites\/14\/2024\/05\/Logo-BE25.png\" alt=\"Logo BEMD\" width=\"237\" height=\"235\" srcset=\"https:\/\/www.salon-medecinedouce.com\/paris\/wp-content\/uploads\/sites\/14\/2024\/05\/Logo-BE25.png 486w, https:\/\/www.salon-medecinedouce.com\/paris\/wp-content\/uploads\/sites\/14\/2024\/05\/Logo-BE25-300x297.png 300w, https:\/\/www.salon-medecinedouce.com\/paris\/wp-content\/uploads\/sites\/14\/2024\/05\/Logo-BE25-150x148.png 150w, https:\/\/www.salon-medecinedouce.com\/paris\/wp-content\/uploads\/sites\/14\/2024\/05\/Logo-BE25-100x100.png 100w, https:\/\/www.salon-medecinedouce.com\/paris\/wp-content\/uploads\/sites\/14\/2024\/05\/Logo-BE25-45x45.png 45w\" sizes=\"(max-width: 237px) 100vw, 237px\" \/><\/a><\/li>\n<li><strong>Banni\u00e8re mobile 580 x 250<\/strong><\/li>\n<\/ul>\n<p><a href=\"https:\/\/www.salon-medecinedouce.com\/paris\/presse-partenaires\/espace-presse\/capture-decran-2025-05-14-a-15-11-54\/\" rel=\"attachment wp-att-19688\"><img decoding=\"async\" class=\"alignnone wp-image-19688 size-full\" src=\"https:\/\/www.salon-medecinedouce.com\/paris\/wp-content\/uploads\/sites\/14\/2025\/05\/Capture-decran-2025-05-14-a-15.11.54.png\" alt=\"\" width=\"1240\" height=\"532\" srcset=\"https:\/\/www.salon-medecinedouce.com\/paris\/wp-content\/uploads\/sites\/14\/2025\/05\/Capture-decran-2025-05-14-a-15.11.54.png 1240w, https:\/\/www.salon-medecinedouce.com\/paris\/wp-content\/uploads\/sites\/14\/2025\/05\/Capture-decran-2025-05-14-a-15.11.54-300x129.png 300w, https:\/\/www.salon-medecinedouce.com\/paris\/wp-content\/uploads\/sites\/14\/2025\/05\/Capture-decran-2025-05-14-a-15.11.54-1024x439.png 1024w, https:\/\/www.salon-medecinedouce.com\/paris\/wp-content\/uploads\/sites\/14\/2025\/05\/Capture-decran-2025-05-14-a-15.11.54-768x329.png 768w, https:\/\/www.salon-medecinedouce.com\/paris\/wp-content\/uploads\/sites\/14\/2025\/05\/Capture-decran-2025-05-14-a-15.11.54-150x64.png 150w, https:\/\/www.salon-medecinedouce.com\/paris\/wp-content\/uploads\/sites\/14\/2025\/05\/Capture-decran-2025-05-14-a-15.11.54-500x215.png 500w\" sizes=\"(max-width: 1240px) 100vw, 1240px\" \/><\/a><\/p>\n<ul>\n<li><strong>Banni\u00e8re 300 <\/strong><strong>x<\/strong><strong> 250<\/strong><\/li>\n<\/ul>\n<p><a href=\"https:\/\/www.salon-medecinedouce.com\/paris\/presse-partenaires\/espace-presse\/capture-decran-2025-05-14-a-15-13-27\/\" rel=\"attachment wp-att-19689\"><img loading=\"lazy\" decoding=\"async\" class=\"alignnone wp-image-19689 \" src=\"https:\/\/www.salon-medecinedouce.com\/paris\/wp-content\/uploads\/sites\/14\/2025\/05\/Capture-decran-2025-05-14-a-15.13.27.png\" alt=\"\" width=\"389\" height=\"323\" srcset=\"https:\/\/www.salon-medecinedouce.com\/paris\/wp-content\/uploads\/sites\/14\/2025\/05\/Capture-decran-2025-05-14-a-15.13.27.png 774w, https:\/\/www.salon-medecinedouce.com\/paris\/wp-content\/uploads\/sites\/14\/2025\/05\/Capture-decran-2025-05-14-a-15.13.27-300x250.png 300w, https:\/\/www.salon-medecinedouce.com\/paris\/wp-content\/uploads\/sites\/14\/2025\/05\/Capture-decran-2025-05-14-a-15.13.27-768x639.png 768w, https:\/\/www.salon-medecinedouce.com\/paris\/wp-content\/uploads\/sites\/14\/2025\/05\/Capture-decran-2025-05-14-a-15.13.27-150x125.png 150w, https:\/\/www.salon-medecinedouce.com\/paris\/wp-content\/uploads\/sites\/14\/2025\/05\/Capture-decran-2025-05-14-a-15.13.27-500x416.png 500w\" sizes=\"(max-width: 389px) 100vw, 389px\" \/><\/a><\/p>\n<ul>\n<li><strong>Banni\u00e8re 300 x 600<\/strong><\/li>\n<\/ul>\n<p><a href=\"https:\/\/www.salon-medecinedouce.com\/paris\/presse-partenaires\/espace-presse\/capture-decran-2025-05-14-a-15-14-34\/\" rel=\"attachment wp-att-19690\"><img loading=\"lazy\" decoding=\"async\" class=\"alignnone wp-image-19690 \" src=\"https:\/\/www.salon-medecinedouce.com\/paris\/wp-content\/uploads\/sites\/14\/2025\/05\/Capture-decran-2025-05-14-a-15.14.34.png\" alt=\"\" width=\"338\" height=\"680\" srcset=\"https:\/\/www.salon-medecinedouce.com\/paris\/wp-content\/uploads\/sites\/14\/2025\/05\/Capture-decran-2025-05-14-a-15.14.34.png 467w, https:\/\/www.salon-medecinedouce.com\/paris\/wp-content\/uploads\/sites\/14\/2025\/05\/Capture-decran-2025-05-14-a-15.14.34-149x300.png 149w, https:\/\/www.salon-medecinedouce.com\/paris\/wp-content\/uploads\/sites\/14\/2025\/05\/Capture-decran-2025-05-14-a-15.14.34-150x302.png 150w, https:\/\/www.salon-medecinedouce.com\/paris\/wp-content\/uploads\/sites\/14\/2025\/05\/Capture-decran-2025-05-14-a-15.14.34-249x500.png 249w\" sizes=\"(max-width: 338px) 100vw, 338px\" \/><\/a><\/p>\n<ul>\n<li style=\"list-style-type: none;\">\u00a0<\/li>\n<\/ul>\n<p>Contactez-nous pour tout autre format de visuel du salon : <a href=\"mailto:contact@salon-medecinedouce.com\">contact@salon-medecinedouce.com<\/a>\u00a0<\/p>\n<h2><span style=\"font-size: 18pt;\"><strong><br \/>\n<span style=\"color: #165e6c;\">Les Communiqu\u00e9s de Presse du salon Bien-\u00catre M\u00e9decine Douce Paris :<\/span><\/strong><\/span><\/h2>\n<p><strong>Les Communiqu\u00e9 de presse et Newsletters 2025 :<br \/>\n<\/strong><\/p>\n<p>&gt;&gt; <a href=\"https:\/\/www.salon-medecinedouce.com\/paris\/wp-content\/uploads\/sites\/14\/2025\/01\/CP-BEMD-nutrition.pdf\">Nutrition et bien-\u00eatre : un pilier essentiel du Salon Bien \u00catre M\u00e9decine Douce<\/a><\/p>\n<p class=\"p1\">&gt;&gt; <a href=\"https:\/\/www.salon-medecinedouce.com\/paris\/wp-content\/uploads\/sites\/14\/2025\/01\/CP-BEMD-sommeil.pdf\">Un sommeil r\u00e9parateur : plonger dans un univers de s\u00e9r\u00e9nit\u00e9 au salon Bien \u00catre M\u00e9decine Douce<\/a><\/p>\n<p>&gt;&gt; <a href=\"https:\/\/www.salon-medecinedouce.com\/paris\/wp-content\/uploads\/sites\/14\/2025\/01\/CP-BEMD-2025-Paris-Lyon.pdf\">Les salons Bien-\u00catre M\u00e9decine Douce annoncent les dates de ses \u00e9ditions 2025 : Lyon (17 au 19 janvier), Paris (30 janvier au 3 f\u00e9vrier) mettant en valeur les piliers de la sant\u00e9<\/a><\/p>\n<p>&nbsp;<\/p>\n<p>&nbsp;<\/p>\n<h2>\n<span style=\"color: #165e6c;\">Relations Presse<\/span><\/h2>\n<table style=\"width: 100.455%; height: 260px;\">\n<tbody>\n<tr>\n<td style=\"width: 63.0792%;\" width=\"232\">\n<p>&nbsp;<\/p>\n<p>CONTACT :<\/p>\n<p>&nbsp;<\/p>\n<p>&nbsp;<\/p>\n<\/td>\n<td style=\"width: 69.2368%;\" width=\"232\">\n<p>&nbsp;<\/p>\n<p>Sophie MAZZOLENI<\/p>\n<p><a href=\"mailto:smazzoleni@spas-expo.com\">smazzoleni@spas-expo.com<\/a><\/p>\n<p>&nbsp;<\/p>\n<\/td>\n<td style=\"width: 48.1488%;\" width=\"232\">\u00a0<\/td>\n<\/tr>\n<\/tbody>\n<\/table>\n<h3>\u00a0<\/h3>\n<div class=\"salon-pubs-hp-bas-de-page salon-entity-placement\" id=\"salon-1746005992\"><div id=\"salon-260478806\"><a data-no-instant=\"1\" href=\"https:\/\/www.adntv.fr\/home?request_origin=tv_app\" rel=\"noopener\" class=\"a2t-link\" target=\"_blank\"><p><a href=\"https:\/\/www.salondesseniors.com\/\"><img loading=\"lazy\" decoding=\"async\" class=\"wp-image-22417 aligncenter\" src=\"https:\/\/www.salon-medecinedouce.com\/paris\/wp-content\/uploads\/sites\/14\/2026\/02\/Banniere-728x90-1-300x37.png\" alt=\"\" width=\"754\" height=\"93\" srcset=\"https:\/\/www.salon-medecinedouce.com\/paris\/wp-content\/uploads\/sites\/14\/2026\/02\/Banniere-728x90-1-300x37.png 300w, https:\/\/www.salon-medecinedouce.com\/paris\/wp-content\/uploads\/sites\/14\/2026\/02\/Banniere-728x90-1-1024x127.png 1024w, https:\/\/www.salon-medecinedouce.com\/paris\/wp-content\/uploads\/sites\/14\/2026\/02\/Banniere-728x90-1-768x95.png 768w, https:\/\/www.salon-medecinedouce.com\/paris\/wp-content\/uploads\/sites\/14\/2026\/02\/Banniere-728x90-1-1536x190.png 1536w, https:\/\/www.salon-medecinedouce.com\/paris\/wp-content\/uploads\/sites\/14\/2026\/02\/Banniere-728x90-1-2048x253.png 2048w, https:\/\/www.salon-medecinedouce.com\/paris\/wp-content\/uploads\/sites\/14\/2026\/02\/Banniere-728x90-1-150x19.png 150w, https:\/\/www.salon-medecinedouce.com\/paris\/wp-content\/uploads\/sites\/14\/2026\/02\/Banniere-728x90-1-500x62.png 500w\" sizes=\"(max-width: 754px) 100vw, 754px\" \/><\/a><\/p>\n<\/a><\/div><\/div>","protected":false},"excerpt":{"rendered":"<p>Bienvenue dans l&rsquo;espace presse du salon Bien-\u00eatre M\u00e9decine Douce Ici t\u00e9l\u00e9chargez les visuels du salon pour vos usages d&rsquo;impression et de communication ainsi que les communiqu\u00e9s de presse. &nbsp; Affiche A4 Logo\u00a0 Banni\u00e8re mobile 580 x 250 Banni\u00e8re 300 x 250 Banni\u00e8re 300 x 600 \u00a0 Contactez-nous pour tout autre format de visuel du salon&hellip; <\/p>\n","protected":false},"author":1,"featured_media":0,"parent":2091,"menu_order":2,"comment_status":"closed","ping_status":"closed","template":"","meta":{"_monsterinsights_skip_tracking":false,"_monsterinsights_sitenote_active":false,"_monsterinsights_sitenote_note":"","_monsterinsights_sitenote_category":0,"footnotes":""},"class_list":["post-2458","page","type-page","status-publish","hentry"],"yoast_head":"<!-- This site is optimized with the Yoast SEO plugin v27.3 - https:\/\/yoast.com\/product\/yoast-seo-wordpress\/ -->\n<title>Espace presse - Bien-\u00eatre Paris<\/title>\n<meta name=\"robots\" content=\"index, follow, max-snippet:-1, max-image-preview:large, max-video-preview:-1\" \/>\n<link rel=\"canonical\" href=\"https:\/\/www.salon-medecinedouce.com\/paris\/presse-partenaires\/espace-presse\/\" \/>\n<meta property=\"og:locale\" content=\"fr_FR\" \/>\n<meta property=\"og:type\" content=\"article\" \/>\n<meta property=\"og:title\" content=\"Espace presse - Bien-\u00eatre Paris\" \/>\n<meta property=\"og:description\" content=\"Bienvenue dans l&rsquo;espace presse du salon Bien-\u00eatre M\u00e9decine Douce Ici t\u00e9l\u00e9chargez les visuels du salon pour vos usages d&rsquo;impression et de communication ainsi que les communiqu\u00e9s de presse. &nbsp; Affiche A4 Logo\u00a0 Banni\u00e8re mobile 580 x 250 Banni\u00e8re 300 x 250 Banni\u00e8re 300 x 600 \u00a0 Contactez-nous pour tout autre format de visuel du salon&hellip;\" \/>\n<meta property=\"og:url\" content=\"https:\/\/www.salon-medecinedouce.com\/paris\/presse-partenaires\/espace-presse\/\" \/>\n<meta property=\"og:site_name\" content=\"Bien-\u00eatre Paris\" \/>\n<meta property=\"article:modified_time\" content=\"2025-12-02T15:44:37+00:00\" \/>\n<meta property=\"og:image\" content=\"https:\/\/www.salon-medecinedouce.com\/paris\/wp-content\/uploads\/sites\/14\/2025\/05\/Capture-decran-2025-05-14-a-15.10.12-701x1024.png\" \/>\n\t<meta property=\"og:image:width\" content=\"701\" \/>\n\t<meta property=\"og:image:height\" content=\"1024\" \/>\n\t<meta property=\"og:image:type\" content=\"image\/png\" \/>\n<meta name=\"twitter:card\" content=\"summary_large_image\" \/>\n<meta name=\"twitter:label1\" content=\"Dur\u00e9e de lecture estim\u00e9e\" \/>\n\t<meta name=\"twitter:data1\" content=\"2 minutes\" \/>\n<script type=\"application\/ld+json\" class=\"yoast-schema-graph\">{\"@context\":\"https:\\\/\\\/schema.org\",\"@graph\":[{\"@type\":\"WebPage\",\"@id\":\"https:\\\/\\\/www.salon-medecinedouce.com\\\/paris\\\/presse-partenaires\\\/espace-presse\\\/\",\"url\":\"https:\\\/\\\/www.salon-medecinedouce.com\\\/paris\\\/presse-partenaires\\\/espace-presse\\\/\",\"name\":\"Espace presse - Bien-\u00eatre Paris\",\"isPartOf\":{\"@id\":\"https:\\\/\\\/www.salon-medecinedouce.com\\\/paris\\\/#website\"},\"primaryImageOfPage\":{\"@id\":\"https:\\\/\\\/www.salon-medecinedouce.com\\\/paris\\\/presse-partenaires\\\/espace-presse\\\/#primaryimage\"},\"image\":{\"@id\":\"https:\\\/\\\/www.salon-medecinedouce.com\\\/paris\\\/presse-partenaires\\\/espace-presse\\\/#primaryimage\"},\"thumbnailUrl\":\"https:\\\/\\\/www.salon-medecinedouce.com\\\/paris\\\/wp-content\\\/uploads\\\/sites\\\/14\\\/2025\\\/05\\\/Capture-decran-2025-05-14-a-15.10.12.png\",\"datePublished\":\"2017-01-24T13:19:20+00:00\",\"dateModified\":\"2025-12-02T15:44:37+00:00\",\"breadcrumb\":{\"@id\":\"https:\\\/\\\/www.salon-medecinedouce.com\\\/paris\\\/presse-partenaires\\\/espace-presse\\\/#breadcrumb\"},\"inLanguage\":\"fr-FR\",\"potentialAction\":[{\"@type\":\"ReadAction\",\"target\":[\"https:\\\/\\\/www.salon-medecinedouce.com\\\/paris\\\/presse-partenaires\\\/espace-presse\\\/\"]}]},{\"@type\":\"ImageObject\",\"inLanguage\":\"fr-FR\",\"@id\":\"https:\\\/\\\/www.salon-medecinedouce.com\\\/paris\\\/presse-partenaires\\\/espace-presse\\\/#primaryimage\",\"url\":\"https:\\\/\\\/www.salon-medecinedouce.com\\\/paris\\\/wp-content\\\/uploads\\\/sites\\\/14\\\/2025\\\/05\\\/Capture-decran-2025-05-14-a-15.10.12.png\",\"contentUrl\":\"https:\\\/\\\/www.salon-medecinedouce.com\\\/paris\\\/wp-content\\\/uploads\\\/sites\\\/14\\\/2025\\\/05\\\/Capture-decran-2025-05-14-a-15.10.12.png\",\"width\":1042,\"height\":1522},{\"@type\":\"BreadcrumbList\",\"@id\":\"https:\\\/\\\/www.salon-medecinedouce.com\\\/paris\\\/presse-partenaires\\\/espace-presse\\\/#breadcrumb\",\"itemListElement\":[{\"@type\":\"ListItem\",\"position\":1,\"name\":\"Accueil\",\"item\":\"https:\\\/\\\/www.salon-medecinedouce.com\\\/paris\\\/\"},{\"@type\":\"ListItem\",\"position\":2,\"name\":\"Presse\\\/partenaires\",\"item\":\"https:\\\/\\\/www.salon-medecinedouce.com\\\/paris\\\/presse-partenaires\\\/\"},{\"@type\":\"ListItem\",\"position\":3,\"name\":\"Espace presse\"}]},{\"@type\":\"WebSite\",\"@id\":\"https:\\\/\\\/www.salon-medecinedouce.com\\\/paris\\\/#website\",\"url\":\"https:\\\/\\\/www.salon-medecinedouce.com\\\/paris\\\/\",\"name\":\"Bien-\u00eatre Paris\",\"description\":\"La sant\u00e9 au naturel : M\u00e9decines douces - Compl\u00e9ments alimentaires - Alimentation saine - Cosm\u00e9tiques naturelles - Art de vivre - Tourisme de sant\u00e9\",\"publisher\":{\"@id\":\"https:\\\/\\\/www.salon-medecinedouce.com\\\/paris\\\/#organization\"},\"potentialAction\":[{\"@type\":\"SearchAction\",\"target\":{\"@type\":\"EntryPoint\",\"urlTemplate\":\"https:\\\/\\\/www.salon-medecinedouce.com\\\/paris\\\/?s={search_term_string}\"},\"query-input\":{\"@type\":\"PropertyValueSpecification\",\"valueRequired\":true,\"valueName\":\"search_term_string\"}}],\"inLanguage\":\"fr-FR\"},{\"@type\":\"Organization\",\"@id\":\"https:\\\/\\\/www.salon-medecinedouce.com\\\/paris\\\/#organization\",\"name\":\"Bien-\u00eatre Paris\",\"url\":\"https:\\\/\\\/www.salon-medecinedouce.com\\\/paris\\\/\",\"logo\":{\"@type\":\"ImageObject\",\"inLanguage\":\"fr-FR\",\"@id\":\"https:\\\/\\\/www.salon-medecinedouce.com\\\/paris\\\/#\\\/schema\\\/logo\\\/image\\\/\",\"url\":\"https:\\\/\\\/www.salon-medecinedouce.com\\\/paris\\\/wp-content\\\/uploads\\\/sites\\\/14\\\/2024\\\/05\\\/cropped-logo-orange-bemd.png\",\"contentUrl\":\"https:\\\/\\\/www.salon-medecinedouce.com\\\/paris\\\/wp-content\\\/uploads\\\/sites\\\/14\\\/2024\\\/05\\\/cropped-logo-orange-bemd.png\",\"width\":591,\"height\":591,\"caption\":\"Bien-\u00eatre Paris\"},\"image\":{\"@id\":\"https:\\\/\\\/www.salon-medecinedouce.com\\\/paris\\\/#\\\/schema\\\/logo\\\/image\\\/\"}}]}<\/script>\n<!-- \/ Yoast SEO plugin. -->","yoast_head_json":{"title":"Espace presse - Bien-\u00eatre Paris","robots":{"index":"index","follow":"follow","max-snippet":"max-snippet:-1","max-image-preview":"max-image-preview:large","max-video-preview":"max-video-preview:-1"},"canonical":"https:\/\/www.salon-medecinedouce.com\/paris\/presse-partenaires\/espace-presse\/","og_locale":"fr_FR","og_type":"article","og_title":"Espace presse - Bien-\u00eatre Paris","og_description":"Bienvenue dans l&rsquo;espace presse du salon Bien-\u00eatre M\u00e9decine Douce Ici t\u00e9l\u00e9chargez les visuels du salon pour vos usages d&rsquo;impression et de communication ainsi que les communiqu\u00e9s de presse. &nbsp; Affiche A4 Logo\u00a0 Banni\u00e8re mobile 580 x 250 Banni\u00e8re 300 x 250 Banni\u00e8re 300 x 600 \u00a0 Contactez-nous pour tout autre format de visuel du salon&hellip;","og_url":"https:\/\/www.salon-medecinedouce.com\/paris\/presse-partenaires\/espace-presse\/","og_site_name":"Bien-\u00eatre Paris","article_modified_time":"2025-12-02T15:44:37+00:00","og_image":[{"width":701,"height":1024,"url":"https:\/\/www.salon-medecinedouce.com\/paris\/wp-content\/uploads\/sites\/14\/2025\/05\/Capture-decran-2025-05-14-a-15.10.12-701x1024.png","type":"image\/png"}],"twitter_card":"summary_large_image","twitter_misc":{"Dur\u00e9e de lecture estim\u00e9e":"2 minutes"},"schema":{"@context":"https:\/\/schema.org","@graph":[{"@type":"WebPage","@id":"https:\/\/www.salon-medecinedouce.com\/paris\/presse-partenaires\/espace-presse\/","url":"https:\/\/www.salon-medecinedouce.com\/paris\/presse-partenaires\/espace-presse\/","name":"Espace presse - Bien-\u00eatre Paris","isPartOf":{"@id":"https:\/\/www.salon-medecinedouce.com\/paris\/#website"},"primaryImageOfPage":{"@id":"https:\/\/www.salon-medecinedouce.com\/paris\/presse-partenaires\/espace-presse\/#primaryimage"},"image":{"@id":"https:\/\/www.salon-medecinedouce.com\/paris\/presse-partenaires\/espace-presse\/#primaryimage"},"thumbnailUrl":"https:\/\/www.salon-medecinedouce.com\/paris\/wp-content\/uploads\/sites\/14\/2025\/05\/Capture-decran-2025-05-14-a-15.10.12.png","datePublished":"2017-01-24T13:19:20+00:00","dateModified":"2025-12-02T15:44:37+00:00","breadcrumb":{"@id":"https:\/\/www.salon-medecinedouce.com\/paris\/presse-partenaires\/espace-presse\/#breadcrumb"},"inLanguage":"fr-FR","potentialAction":[{"@type":"ReadAction","target":["https:\/\/www.salon-medecinedouce.com\/paris\/presse-partenaires\/espace-presse\/"]}]},{"@type":"ImageObject","inLanguage":"fr-FR","@id":"https:\/\/www.salon-medecinedouce.com\/paris\/presse-partenaires\/espace-presse\/#primaryimage","url":"https:\/\/www.salon-medecinedouce.com\/paris\/wp-content\/uploads\/sites\/14\/2025\/05\/Capture-decran-2025-05-14-a-15.10.12.png","contentUrl":"https:\/\/www.salon-medecinedouce.com\/paris\/wp-content\/uploads\/sites\/14\/2025\/05\/Capture-decran-2025-05-14-a-15.10.12.png","width":1042,"height":1522},{"@type":"BreadcrumbList","@id":"https:\/\/www.salon-medecinedouce.com\/paris\/presse-partenaires\/espace-presse\/#breadcrumb","itemListElement":[{"@type":"ListItem","position":1,"name":"Accueil","item":"https:\/\/www.salon-medecinedouce.com\/paris\/"},{"@type":"ListItem","position":2,"name":"Presse\/partenaires","item":"https:\/\/www.salon-medecinedouce.com\/paris\/presse-partenaires\/"},{"@type":"ListItem","position":3,"name":"Espace presse"}]},{"@type":"WebSite","@id":"https:\/\/www.salon-medecinedouce.com\/paris\/#website","url":"https:\/\/www.salon-medecinedouce.com\/paris\/","name":"Bien-\u00eatre Paris","description":"La sant\u00e9 au naturel : M\u00e9decines douces - Compl\u00e9ments alimentaires - Alimentation saine - Cosm\u00e9tiques naturelles - Art de vivre - Tourisme de sant\u00e9","publisher":{"@id":"https:\/\/www.salon-medecinedouce.com\/paris\/#organization"},"potentialAction":[{"@type":"SearchAction","target":{"@type":"EntryPoint","urlTemplate":"https:\/\/www.salon-medecinedouce.com\/paris\/?s={search_term_string}"},"query-input":{"@type":"PropertyValueSpecification","valueRequired":true,"valueName":"search_term_string"}}],"inLanguage":"fr-FR"},{"@type":"Organization","@id":"https:\/\/www.salon-medecinedouce.com\/paris\/#organization","name":"Bien-\u00eatre Paris","url":"https:\/\/www.salon-medecinedouce.com\/paris\/","logo":{"@type":"ImageObject","inLanguage":"fr-FR","@id":"https:\/\/www.salon-medecinedouce.com\/paris\/#\/schema\/logo\/image\/","url":"https:\/\/www.salon-medecinedouce.com\/paris\/wp-content\/uploads\/sites\/14\/2024\/05\/cropped-logo-orange-bemd.png","contentUrl":"https:\/\/www.salon-medecinedouce.com\/paris\/wp-content\/uploads\/sites\/14\/2024\/05\/cropped-logo-orange-bemd.png","width":591,"height":591,"caption":"Bien-\u00eatre Paris"},"image":{"@id":"https:\/\/www.salon-medecinedouce.com\/paris\/#\/schema\/logo\/image\/"}}]}},"rttpg_featured_image_url":null,"rttpg_author":{"display_name":"admin","author_link":"https:\/\/www.salon-medecinedouce.com\/paris\/blog\/author\/admin\/"},"rttpg_comment":0,"rttpg_category":false,"rttpg_excerpt":"Bienvenue dans l&rsquo;espace presse du salon Bien-\u00eatre M\u00e9decine Douce Ici t\u00e9l\u00e9chargez les visuels du salon pour vos usages d&rsquo;impression et de communication ainsi que les communiqu\u00e9s de presse. &nbsp; Affiche A4 Logo\u00a0 Banni\u00e8re mobile 580 x 250 Banni\u00e8re 300 x 250 Banni\u00e8re 300 x 600 \u00a0 Contactez-nous pour tout autre format de visuel du salon&hellip;","_links":{"self":[{"href":"https:\/\/www.salon-medecinedouce.com\/paris\/wp-json\/wp\/v2\/pages\/2458","targetHints":{"allow":["GET"]}}],"collection":[{"href":"https:\/\/www.salon-medecinedouce.com\/paris\/wp-json\/wp\/v2\/pages"}],"about":[{"href":"https:\/\/www.salon-medecinedouce.com\/paris\/wp-json\/wp\/v2\/types\/page"}],"author":[{"embeddable":true,"href":"https:\/\/www.salon-medecinedouce.com\/paris\/wp-json\/wp\/v2\/users\/1"}],"replies":[{"embeddable":true,"href":"https:\/\/www.salon-medecinedouce.com\/paris\/wp-json\/wp\/v2\/comments?post=2458"}],"version-history":[{"count":101,"href":"https:\/\/www.salon-medecinedouce.com\/paris\/wp-json\/wp\/v2\/pages\/2458\/revisions"}],"predecessor-version":[{"id":20159,"href":"https:\/\/www.salon-medecinedouce.com\/paris\/wp-json\/wp\/v2\/pages\/2458\/revisions\/20159"}],"up":[{"embeddable":true,"href":"https:\/\/www.salon-medecinedouce.com\/paris\/wp-json\/wp\/v2\/pages\/2091"}],"wp:attachment":[{"href":"https:\/\/www.salon-medecinedouce.com\/paris\/wp-json\/wp\/v2\/media?parent=2458"}],"curies":[{"name":"wp","href":"https:\/\/api.w.org\/{rel}","templated":true}]}}