{"id":2456,"date":"2017-01-24T14:18:54","date_gmt":"2017-01-24T13:18:54","guid":{"rendered":"http:\/\/localhost:8888\/zen\/?page_id=2456"},"modified":"2026-02-17T16:47:58","modified_gmt":"2026-02-17T15:47:58","slug":"nos-partenaires","status":"publish","type":"page","link":"https:\/\/www.salon-medecinedouce.com\/paris\/presse-partenaires\/nos-partenaires\/","title":{"rendered":"Nos partenaires"},"content":{"rendered":"<h2><img fetchpriority=\"high\" decoding=\"async\" class=\"alignnone size-full wp-image-8600\" src=\"https:\/\/www.salon-medecinedouce.com\/paris\/wp-content\/uploads\/sites\/14\/2019\/06\/AdobeStock_218234665.jpg\" alt=\"\" width=\"840\" height=\"250\" srcset=\"https:\/\/www.salon-medecinedouce.com\/paris\/wp-content\/uploads\/sites\/14\/2019\/06\/AdobeStock_218234665.jpg 840w, https:\/\/www.salon-medecinedouce.com\/paris\/wp-content\/uploads\/sites\/14\/2019\/06\/AdobeStock_218234665-300x89.jpg 300w, https:\/\/www.salon-medecinedouce.com\/paris\/wp-content\/uploads\/sites\/14\/2019\/06\/AdobeStock_218234665-768x229.jpg 768w, https:\/\/www.salon-medecinedouce.com\/paris\/wp-content\/uploads\/sites\/14\/2019\/06\/AdobeStock_218234665-150x45.jpg 150w, https:\/\/www.salon-medecinedouce.com\/paris\/wp-content\/uploads\/sites\/14\/2019\/06\/AdobeStock_218234665-500x149.jpg 500w\" sizes=\"(max-width: 840px) 100vw, 840px\" \/><\/h2>\n<p><strong>D\u00e9couvrez les partenaires qui accompagnent le salon Bien-\u00catre M\u00e9decine Douce.<\/strong><\/p>\n<h2><span style=\"color: #d65d00;\"><strong><a style=\"color: #d65d00;\" href=\"https:\/\/www.adntv.fr\/home\" target=\"_blank\" rel=\"noopener\">ADNtv<\/a><\/strong><\/span><\/h2>\n<p>Plateforme bien-\u00eatre proposant des contenus inspirants autour de la sant\u00e9 globale, de la nutrition et du mieux-\u00eatre.<\/p>\n<h3><strong><a href=\"https:\/\/www.salon-medecinedouce.com\/lyon\/presse-partenaires\/nos-partenaires\/alterrenat-presse\/\"><span style=\"color: #d65d00;\">Alterrenat Presse<\/span><\/a><\/strong><\/h3>\n<p>Cr\u00e9\u00e9e en 1999 par des professionnels de la presse ind\u00e9pendante et alternative, Alterrenat Presse assure la diffusion, la r\u00e9gie publicitaire et la communication de nombreux supports\u2026\u00a0<\/p>\n<h3><strong><a href=\"https:\/\/www.best-of-bio.fr\/\"><span style=\"color: #d65d00;\">Best of Bio<\/span><\/a><\/strong><\/h3>\n<p>Annuaire d\u00e9di\u00e9 aux professionnels et au grand public visant \u00e0 mettre en avant les acteurs du secteur et leurs produits.<\/p>\n<h3><span style=\"color: #d65d00;\"><strong><a style=\"color: #d65d00;\" href=\"https:\/\/www.salon-medecinedouce.com\/lyon\/presse-partenaires\/nos-partenaires\/biocontact\/\">Biocontact<\/a><\/strong><\/span><\/h3>\n<p>Mensuel gratuit distribu\u00e9 dans les magasins de produits biologiques.<\/p>\n<h3><span style=\"color: #d65d00;\"><strong><a style=\"color: #d65d00;\" href=\"https:\/\/www.passeportsante.net\/\" target=\"_blank\" rel=\"noopener\">Passeport Sant\u00e9<\/a><\/strong><\/span><\/h3>\n<p>Media sant\u00e9 grand public offrant des conseils fiables pour mieux comprendre, pr\u00e9venir et prendre soin de sa sant\u00e9 au quotidien.<\/p>\n<h3><span style=\"color: #d65d00;\"><strong><a style=\"color: #d65d00;\" href=\"https:\/\/www.salon-medecinedouce.com\/lyon\/presse-partenaires\/nos-partenaires\/rebelle-sante\/\">Rebelle Sant\u00e9<\/a><\/strong><\/span><\/h3>\n<p class=\"p1\">Un magazine qui\u00a0cherche pour ses lectrices et lecteurs les meilleures informations pour se soigner et pr\u00e9server sa sant\u00e9.\u00a0<\/p>\n<h3><span style=\"color: #d65d00;\"><strong><a style=\"color: #d65d00;\" href=\"http:\/\/www.rfm.fr\/\" target=\"_blank\" rel=\"noopener\">RFM<\/a><\/strong><\/span><\/h3>\n<p>Radio musicale embl\u00e9matique proposant \u00ab Le Meilleur de la Musique \u00bb des ann\u00e9es 80 \u00e0 aujourd\u2019hui.<\/p>\n<h3><strong><a href=\"https:\/\/www.salondesseniors.com\/\"><span style=\"color: #d65d00;\">Salon des Seniors<\/span><\/a><\/strong><\/h3>\n<div class=\"description description\">\n<p>Le Salon des Seniors se tiendra\u00a0<b>du 11 au 14 mars 2026 \u00e0 Paris Expo \u2013 Porte de Versailles.\u00a0<\/b>Cet \u00e9v\u00e9nement de r\u00e9f\u00e9rence s\u2019adresse aux personnes de 55 ans et plus et propose, pendant quatre jours, des r<b>encontres, conf\u00e9rences et solutions pratiques<\/b> pour bien vivre cette \u00e9tape de la vie. L\u2019\u00e9dition 2026 met la sant\u00e9 au c\u0153ur de son fil rouge, avec une approche globale ax\u00e9e sur la pr\u00e9vention, le bien-\u00eatre et le maintien de l\u2019autonomie. Le salon invite ainsi les visiteurs \u00e0 mieux comprendre leur sant\u00e9, \u00e0 agir au quotidien et \u00e0 la cultiver durablement. Un rendez-vous incontournable pour rester inform\u00e9, actif et acteur de sa qualit\u00e9 de vie.<\/p>\n<\/div>\n<h3><span style=\"color: #d65d00;\"><strong><a style=\"color: #d65d00;\" href=\"https:\/\/seniorsactuels.com\/\" target=\"_blank\" rel=\"noopener\">Seniors Actuels<\/a><\/strong><\/span><\/h3>\n<p>Magazine d\u00e9di\u00e9 aux plus de 50 ans, ax\u00e9 sur le bien-\u00eatre, la sant\u00e9 et une vie active et \u00e9panouie.<\/p>\n<h3><a href=\"https:\/\/topmaman.fr\/\"><span style=\"color: #d65d00;\"><strong>Top Maman<\/strong><\/span><\/a><\/h3>\n<p>&nbsp;<\/p>\n<div class=\"salon-pubs-hp-bas-de-page salon-entity-placement\" id=\"salon-1973366697\"><div id=\"salon-3943758750\"><a data-no-instant=\"1\" href=\"https:\/\/www.adntv.fr\/home?request_origin=tv_app\" rel=\"noopener\" class=\"a2t-link\" target=\"_blank\"><p><a href=\"https:\/\/www.salondesseniors.com\/\"><img decoding=\"async\" class=\"wp-image-22417 aligncenter\" src=\"https:\/\/www.salon-medecinedouce.com\/paris\/wp-content\/uploads\/sites\/14\/2026\/02\/Banniere-728x90-1-300x37.png\" alt=\"\" width=\"754\" height=\"93\" srcset=\"https:\/\/www.salon-medecinedouce.com\/paris\/wp-content\/uploads\/sites\/14\/2026\/02\/Banniere-728x90-1-300x37.png 300w, https:\/\/www.salon-medecinedouce.com\/paris\/wp-content\/uploads\/sites\/14\/2026\/02\/Banniere-728x90-1-1024x127.png 1024w, https:\/\/www.salon-medecinedouce.com\/paris\/wp-content\/uploads\/sites\/14\/2026\/02\/Banniere-728x90-1-768x95.png 768w, https:\/\/www.salon-medecinedouce.com\/paris\/wp-content\/uploads\/sites\/14\/2026\/02\/Banniere-728x90-1-1536x190.png 1536w, https:\/\/www.salon-medecinedouce.com\/paris\/wp-content\/uploads\/sites\/14\/2026\/02\/Banniere-728x90-1-2048x253.png 2048w, https:\/\/www.salon-medecinedouce.com\/paris\/wp-content\/uploads\/sites\/14\/2026\/02\/Banniere-728x90-1-150x19.png 150w, https:\/\/www.salon-medecinedouce.com\/paris\/wp-content\/uploads\/sites\/14\/2026\/02\/Banniere-728x90-1-500x62.png 500w\" sizes=\"(max-width: 754px) 100vw, 754px\" \/><\/a><\/p>\n<\/a><\/div><\/div>","protected":false},"excerpt":{"rendered":"<p>D\u00e9couvrez les partenaires qui accompagnent le salon Bien-\u00catre M\u00e9decine Douce. ADNtv Plateforme bien-\u00eatre proposant des contenus inspirants autour de la sant\u00e9 globale, de la nutrition et du mieux-\u00eatre. Alterrenat Presse Cr\u00e9\u00e9e en 1999 par des professionnels de la presse ind\u00e9pendante et alternative, Alterrenat Presse assure la diffusion, la r\u00e9gie publicitaire et la communication de nombreux&hellip; <\/p>\n","protected":false},"author":1,"featured_media":0,"parent":2091,"menu_order":1,"comment_status":"closed","ping_status":"closed","template":"","meta":{"_monsterinsights_skip_tracking":false,"_monsterinsights_sitenote_active":false,"_monsterinsights_sitenote_note":"","_monsterinsights_sitenote_category":0,"footnotes":""},"class_list":["post-2456","page","type-page","status-publish","hentry"],"yoast_head":"<!-- This site is optimized with the Yoast SEO plugin v27.3 - https:\/\/yoast.com\/product\/yoast-seo-wordpress\/ -->\n<title>Nos partenaires - Bien-\u00eatre Paris<\/title>\n<meta name=\"robots\" content=\"index, follow, max-snippet:-1, max-image-preview:large, max-video-preview:-1\" \/>\n<link rel=\"canonical\" href=\"https:\/\/www.salon-medecinedouce.com\/paris\/presse-partenaires\/nos-partenaires\/\" \/>\n<meta property=\"og:locale\" content=\"fr_FR\" \/>\n<meta property=\"og:type\" content=\"article\" \/>\n<meta property=\"og:title\" content=\"Nos partenaires - Bien-\u00eatre Paris\" \/>\n<meta property=\"og:description\" content=\"D\u00e9couvrez les partenaires qui accompagnent le salon Bien-\u00catre M\u00e9decine Douce. ADNtv Plateforme bien-\u00eatre proposant des contenus inspirants autour de la sant\u00e9 globale, de la nutrition et du mieux-\u00eatre. Alterrenat Presse Cr\u00e9\u00e9e en 1999 par des professionnels de la presse ind\u00e9pendante et alternative, Alterrenat Presse assure la diffusion, la r\u00e9gie publicitaire et la communication de nombreux&hellip;\" \/>\n<meta property=\"og:url\" content=\"https:\/\/www.salon-medecinedouce.com\/paris\/presse-partenaires\/nos-partenaires\/\" \/>\n<meta property=\"og:site_name\" content=\"Bien-\u00eatre Paris\" \/>\n<meta property=\"article:modified_time\" content=\"2026-02-17T15:47:58+00:00\" \/>\n<meta property=\"og:image\" content=\"https:\/\/www.salon-medecinedouce.com\/paris\/wp-content\/uploads\/sites\/14\/2019\/06\/AdobeStock_218234665.jpg\" \/>\n\t<meta property=\"og:image:width\" content=\"840\" \/>\n\t<meta property=\"og:image:height\" content=\"250\" \/>\n\t<meta property=\"og:image:type\" content=\"image\/jpeg\" \/>\n<meta name=\"twitter:card\" content=\"summary_large_image\" \/>\n<meta name=\"twitter:label1\" content=\"Dur\u00e9e de lecture estim\u00e9e\" \/>\n\t<meta name=\"twitter:data1\" content=\"2 minutes\" \/>\n<script type=\"application\/ld+json\" class=\"yoast-schema-graph\">{\"@context\":\"https:\\\/\\\/schema.org\",\"@graph\":[{\"@type\":\"WebPage\",\"@id\":\"https:\\\/\\\/www.salon-medecinedouce.com\\\/paris\\\/presse-partenaires\\\/nos-partenaires\\\/\",\"url\":\"https:\\\/\\\/www.salon-medecinedouce.com\\\/paris\\\/presse-partenaires\\\/nos-partenaires\\\/\",\"name\":\"Nos partenaires - Bien-\u00eatre Paris\",\"isPartOf\":{\"@id\":\"https:\\\/\\\/www.salon-medecinedouce.com\\\/paris\\\/#website\"},\"primaryImageOfPage\":{\"@id\":\"https:\\\/\\\/www.salon-medecinedouce.com\\\/paris\\\/presse-partenaires\\\/nos-partenaires\\\/#primaryimage\"},\"image\":{\"@id\":\"https:\\\/\\\/www.salon-medecinedouce.com\\\/paris\\\/presse-partenaires\\\/nos-partenaires\\\/#primaryimage\"},\"thumbnailUrl\":\"https:\\\/\\\/www.salon-medecinedouce.com\\\/paris\\\/wp-content\\\/uploads\\\/sites\\\/14\\\/2019\\\/06\\\/AdobeStock_218234665.jpg\",\"datePublished\":\"2017-01-24T13:18:54+00:00\",\"dateModified\":\"2026-02-17T15:47:58+00:00\",\"breadcrumb\":{\"@id\":\"https:\\\/\\\/www.salon-medecinedouce.com\\\/paris\\\/presse-partenaires\\\/nos-partenaires\\\/#breadcrumb\"},\"inLanguage\":\"fr-FR\",\"potentialAction\":[{\"@type\":\"ReadAction\",\"target\":[\"https:\\\/\\\/www.salon-medecinedouce.com\\\/paris\\\/presse-partenaires\\\/nos-partenaires\\\/\"]}]},{\"@type\":\"ImageObject\",\"inLanguage\":\"fr-FR\",\"@id\":\"https:\\\/\\\/www.salon-medecinedouce.com\\\/paris\\\/presse-partenaires\\\/nos-partenaires\\\/#primaryimage\",\"url\":\"https:\\\/\\\/www.salon-medecinedouce.com\\\/paris\\\/wp-content\\\/uploads\\\/sites\\\/14\\\/2019\\\/06\\\/AdobeStock_218234665.jpg\",\"contentUrl\":\"https:\\\/\\\/www.salon-medecinedouce.com\\\/paris\\\/wp-content\\\/uploads\\\/sites\\\/14\\\/2019\\\/06\\\/AdobeStock_218234665.jpg\",\"width\":840,\"height\":250},{\"@type\":\"BreadcrumbList\",\"@id\":\"https:\\\/\\\/www.salon-medecinedouce.com\\\/paris\\\/presse-partenaires\\\/nos-partenaires\\\/#breadcrumb\",\"itemListElement\":[{\"@type\":\"ListItem\",\"position\":1,\"name\":\"Accueil\",\"item\":\"https:\\\/\\\/www.salon-medecinedouce.com\\\/paris\\\/\"},{\"@type\":\"ListItem\",\"position\":2,\"name\":\"Presse\\\/partenaires\",\"item\":\"https:\\\/\\\/www.salon-medecinedouce.com\\\/paris\\\/presse-partenaires\\\/\"},{\"@type\":\"ListItem\",\"position\":3,\"name\":\"Nos partenaires\"}]},{\"@type\":\"WebSite\",\"@id\":\"https:\\\/\\\/www.salon-medecinedouce.com\\\/paris\\\/#website\",\"url\":\"https:\\\/\\\/www.salon-medecinedouce.com\\\/paris\\\/\",\"name\":\"Bien-\u00eatre Paris\",\"description\":\"La sant\u00e9 au naturel : M\u00e9decines douces - Compl\u00e9ments alimentaires - Alimentation saine - Cosm\u00e9tiques naturelles - Art de vivre - Tourisme de sant\u00e9\",\"publisher\":{\"@id\":\"https:\\\/\\\/www.salon-medecinedouce.com\\\/paris\\\/#organization\"},\"potentialAction\":[{\"@type\":\"SearchAction\",\"target\":{\"@type\":\"EntryPoint\",\"urlTemplate\":\"https:\\\/\\\/www.salon-medecinedouce.com\\\/paris\\\/?s={search_term_string}\"},\"query-input\":{\"@type\":\"PropertyValueSpecification\",\"valueRequired\":true,\"valueName\":\"search_term_string\"}}],\"inLanguage\":\"fr-FR\"},{\"@type\":\"Organization\",\"@id\":\"https:\\\/\\\/www.salon-medecinedouce.com\\\/paris\\\/#organization\",\"name\":\"Bien-\u00eatre Paris\",\"url\":\"https:\\\/\\\/www.salon-medecinedouce.com\\\/paris\\\/\",\"logo\":{\"@type\":\"ImageObject\",\"inLanguage\":\"fr-FR\",\"@id\":\"https:\\\/\\\/www.salon-medecinedouce.com\\\/paris\\\/#\\\/schema\\\/logo\\\/image\\\/\",\"url\":\"https:\\\/\\\/www.salon-medecinedouce.com\\\/paris\\\/wp-content\\\/uploads\\\/sites\\\/14\\\/2024\\\/05\\\/cropped-logo-orange-bemd.png\",\"contentUrl\":\"https:\\\/\\\/www.salon-medecinedouce.com\\\/paris\\\/wp-content\\\/uploads\\\/sites\\\/14\\\/2024\\\/05\\\/cropped-logo-orange-bemd.png\",\"width\":591,\"height\":591,\"caption\":\"Bien-\u00eatre Paris\"},\"image\":{\"@id\":\"https:\\\/\\\/www.salon-medecinedouce.com\\\/paris\\\/#\\\/schema\\\/logo\\\/image\\\/\"}}]}<\/script>\n<!-- \/ Yoast SEO plugin. -->","yoast_head_json":{"title":"Nos partenaires - Bien-\u00eatre Paris","robots":{"index":"index","follow":"follow","max-snippet":"max-snippet:-1","max-image-preview":"max-image-preview:large","max-video-preview":"max-video-preview:-1"},"canonical":"https:\/\/www.salon-medecinedouce.com\/paris\/presse-partenaires\/nos-partenaires\/","og_locale":"fr_FR","og_type":"article","og_title":"Nos partenaires - Bien-\u00eatre Paris","og_description":"D\u00e9couvrez les partenaires qui accompagnent le salon Bien-\u00catre M\u00e9decine Douce. ADNtv Plateforme bien-\u00eatre proposant des contenus inspirants autour de la sant\u00e9 globale, de la nutrition et du mieux-\u00eatre. Alterrenat Presse Cr\u00e9\u00e9e en 1999 par des professionnels de la presse ind\u00e9pendante et alternative, Alterrenat Presse assure la diffusion, la r\u00e9gie publicitaire et la communication de nombreux&hellip;","og_url":"https:\/\/www.salon-medecinedouce.com\/paris\/presse-partenaires\/nos-partenaires\/","og_site_name":"Bien-\u00eatre Paris","article_modified_time":"2026-02-17T15:47:58+00:00","og_image":[{"width":840,"height":250,"url":"https:\/\/www.salon-medecinedouce.com\/paris\/wp-content\/uploads\/sites\/14\/2019\/06\/AdobeStock_218234665.jpg","type":"image\/jpeg"}],"twitter_card":"summary_large_image","twitter_misc":{"Dur\u00e9e de lecture estim\u00e9e":"2 minutes"},"schema":{"@context":"https:\/\/schema.org","@graph":[{"@type":"WebPage","@id":"https:\/\/www.salon-medecinedouce.com\/paris\/presse-partenaires\/nos-partenaires\/","url":"https:\/\/www.salon-medecinedouce.com\/paris\/presse-partenaires\/nos-partenaires\/","name":"Nos partenaires - Bien-\u00eatre Paris","isPartOf":{"@id":"https:\/\/www.salon-medecinedouce.com\/paris\/#website"},"primaryImageOfPage":{"@id":"https:\/\/www.salon-medecinedouce.com\/paris\/presse-partenaires\/nos-partenaires\/#primaryimage"},"image":{"@id":"https:\/\/www.salon-medecinedouce.com\/paris\/presse-partenaires\/nos-partenaires\/#primaryimage"},"thumbnailUrl":"https:\/\/www.salon-medecinedouce.com\/paris\/wp-content\/uploads\/sites\/14\/2019\/06\/AdobeStock_218234665.jpg","datePublished":"2017-01-24T13:18:54+00:00","dateModified":"2026-02-17T15:47:58+00:00","breadcrumb":{"@id":"https:\/\/www.salon-medecinedouce.com\/paris\/presse-partenaires\/nos-partenaires\/#breadcrumb"},"inLanguage":"fr-FR","potentialAction":[{"@type":"ReadAction","target":["https:\/\/www.salon-medecinedouce.com\/paris\/presse-partenaires\/nos-partenaires\/"]}]},{"@type":"ImageObject","inLanguage":"fr-FR","@id":"https:\/\/www.salon-medecinedouce.com\/paris\/presse-partenaires\/nos-partenaires\/#primaryimage","url":"https:\/\/www.salon-medecinedouce.com\/paris\/wp-content\/uploads\/sites\/14\/2019\/06\/AdobeStock_218234665.jpg","contentUrl":"https:\/\/www.salon-medecinedouce.com\/paris\/wp-content\/uploads\/sites\/14\/2019\/06\/AdobeStock_218234665.jpg","width":840,"height":250},{"@type":"BreadcrumbList","@id":"https:\/\/www.salon-medecinedouce.com\/paris\/presse-partenaires\/nos-partenaires\/#breadcrumb","itemListElement":[{"@type":"ListItem","position":1,"name":"Accueil","item":"https:\/\/www.salon-medecinedouce.com\/paris\/"},{"@type":"ListItem","position":2,"name":"Presse\/partenaires","item":"https:\/\/www.salon-medecinedouce.com\/paris\/presse-partenaires\/"},{"@type":"ListItem","position":3,"name":"Nos partenaires"}]},{"@type":"WebSite","@id":"https:\/\/www.salon-medecinedouce.com\/paris\/#website","url":"https:\/\/www.salon-medecinedouce.com\/paris\/","name":"Bien-\u00eatre Paris","description":"La sant\u00e9 au naturel : M\u00e9decines douces - Compl\u00e9ments alimentaires - Alimentation saine - Cosm\u00e9tiques naturelles - Art de vivre - Tourisme de sant\u00e9","publisher":{"@id":"https:\/\/www.salon-medecinedouce.com\/paris\/#organization"},"potentialAction":[{"@type":"SearchAction","target":{"@type":"EntryPoint","urlTemplate":"https:\/\/www.salon-medecinedouce.com\/paris\/?s={search_term_string}"},"query-input":{"@type":"PropertyValueSpecification","valueRequired":true,"valueName":"search_term_string"}}],"inLanguage":"fr-FR"},{"@type":"Organization","@id":"https:\/\/www.salon-medecinedouce.com\/paris\/#organization","name":"Bien-\u00eatre Paris","url":"https:\/\/www.salon-medecinedouce.com\/paris\/","logo":{"@type":"ImageObject","inLanguage":"fr-FR","@id":"https:\/\/www.salon-medecinedouce.com\/paris\/#\/schema\/logo\/image\/","url":"https:\/\/www.salon-medecinedouce.com\/paris\/wp-content\/uploads\/sites\/14\/2024\/05\/cropped-logo-orange-bemd.png","contentUrl":"https:\/\/www.salon-medecinedouce.com\/paris\/wp-content\/uploads\/sites\/14\/2024\/05\/cropped-logo-orange-bemd.png","width":591,"height":591,"caption":"Bien-\u00eatre Paris"},"image":{"@id":"https:\/\/www.salon-medecinedouce.com\/paris\/#\/schema\/logo\/image\/"}}]}},"rttpg_featured_image_url":null,"rttpg_author":{"display_name":"admin","author_link":"https:\/\/www.salon-medecinedouce.com\/paris\/blog\/author\/admin\/"},"rttpg_comment":0,"rttpg_category":false,"rttpg_excerpt":"D\u00e9couvrez les partenaires qui accompagnent le salon Bien-\u00catre M\u00e9decine Douce. ADNtv Plateforme bien-\u00eatre proposant des contenus inspirants autour de la sant\u00e9 globale, de la nutrition et du mieux-\u00eatre. Alterrenat Presse Cr\u00e9\u00e9e en 1999 par des professionnels de la presse ind\u00e9pendante et alternative, Alterrenat Presse assure la diffusion, la r\u00e9gie publicitaire et la communication de nombreux&hellip;","_links":{"self":[{"href":"https:\/\/www.salon-medecinedouce.com\/paris\/wp-json\/wp\/v2\/pages\/2456","targetHints":{"allow":["GET"]}}],"collection":[{"href":"https:\/\/www.salon-medecinedouce.com\/paris\/wp-json\/wp\/v2\/pages"}],"about":[{"href":"https:\/\/www.salon-medecinedouce.com\/paris\/wp-json\/wp\/v2\/types\/page"}],"author":[{"embeddable":true,"href":"https:\/\/www.salon-medecinedouce.com\/paris\/wp-json\/wp\/v2\/users\/1"}],"replies":[{"embeddable":true,"href":"https:\/\/www.salon-medecinedouce.com\/paris\/wp-json\/wp\/v2\/comments?post=2456"}],"version-history":[{"count":74,"href":"https:\/\/www.salon-medecinedouce.com\/paris\/wp-json\/wp\/v2\/pages\/2456\/revisions"}],"predecessor-version":[{"id":22412,"href":"https:\/\/www.salon-medecinedouce.com\/paris\/wp-json\/wp\/v2\/pages\/2456\/revisions\/22412"}],"up":[{"embeddable":true,"href":"https:\/\/www.salon-medecinedouce.com\/paris\/wp-json\/wp\/v2\/pages\/2091"}],"wp:attachment":[{"href":"https:\/\/www.salon-medecinedouce.com\/paris\/wp-json\/wp\/v2\/media?parent=2456"}],"curies":[{"name":"wp","href":"https:\/\/api.w.org\/{rel}","templated":true}]}}