{"id":2438,"date":"2024-06-26T09:00:59","date_gmt":"2024-06-26T07:00:59","guid":{"rendered":"http:\/\/localhost:8888\/zen\/?page_id=2438"},"modified":"2024-07-03T10:03:06","modified_gmt":"2024-07-03T08:03:06","slug":"exposant_atelier","status":"publish","type":"page","link":"https:\/\/www.salon-medecinedouce.com\/paris\/exposants\/exposant_atelier\/","title":{"rendered":"R\u00e9servez un atelier sur le salon"},"content":{"rendered":"<h2><img fetchpriority=\"high\" decoding=\"async\" class=\"alignnone size-full wp-image-8598\" src=\"https:\/\/www.salon-medecinedouce.com\/paris\/wp-content\/uploads\/sites\/14\/2019\/06\/AdobeStock_147099277-1.jpg\" alt=\"\" width=\"840\" height=\"250\" srcset=\"https:\/\/www.salon-medecinedouce.com\/paris\/wp-content\/uploads\/sites\/14\/2019\/06\/AdobeStock_147099277-1.jpg 840w, https:\/\/www.salon-medecinedouce.com\/paris\/wp-content\/uploads\/sites\/14\/2019\/06\/AdobeStock_147099277-1-300x89.jpg 300w, https:\/\/www.salon-medecinedouce.com\/paris\/wp-content\/uploads\/sites\/14\/2019\/06\/AdobeStock_147099277-1-768x229.jpg 768w, https:\/\/www.salon-medecinedouce.com\/paris\/wp-content\/uploads\/sites\/14\/2019\/06\/AdobeStock_147099277-1-150x45.jpg 150w, https:\/\/www.salon-medecinedouce.com\/paris\/wp-content\/uploads\/sites\/14\/2019\/06\/AdobeStock_147099277-1-500x149.jpg 500w\" sizes=\"(max-width: 840px) 100vw, 840px\" \/><\/h2>\n<h2><span style=\"color: #165e6c;\">Pr\u00e9sentation des ateliers<\/span><\/h2>\n<p>Que vous soyez exposant ou non, pensez \u00e0 r\u00e9server un atelier pour pr\u00e9senter vos m\u00e9thodes de travail et ou mettre en avant vos produits.<\/p>\n<p>La salle est \u00e9quip\u00e9e de chaises, de 2 tables, d\u2019une sono et d\u2019un mat\u00e9riel de vid\u00e9o-projection. Attention, l\u2019obscurit\u00e9 dans la salle est impossible.<\/p>\n<p>La r\u00e9servation d\u2019un atelier se fait dans la limite des disponibilit\u00e9s \u00e0 la date de votre inscription et sous r\u00e9serve de l\u2019acceptation du Comit\u00e9 de S\u00e9lection.<\/p>\n<p><strong>Pour r\u00e9server un atelier ou pour toute demande d\u2019information compl\u00e9mentaire, merci de nous contacter en cliquant <a href=\"https:\/\/www.salon-medecinedouce.com\/paris\/exposants\/demandez-votre-dossier-d-inscription\/\"><span style=\"color: #165e6c;\">ici<\/span><\/a> .<\/strong><\/p>\n<p><a href=\"https:\/\/www.salon-medecinedouce.com\/lyon\/NEW-be\/?page_id=3614\">&gt;&gt; Programme des ateliers<\/a><\/p>\n<p>&nbsp;<\/p>\n<div class=\"salon-pubs-hp-bas-de-page salon-entity-placement\" id=\"salon-3514559572\"><div id=\"salon-3191170311\"><a data-no-instant=\"1\" href=\"https:\/\/www.adntv.fr\/home?request_origin=tv_app\" rel=\"noopener\" class=\"a2t-link\" target=\"_blank\"><p><a href=\"https:\/\/www.salondesseniors.com\/\"><img decoding=\"async\" class=\"wp-image-22417 aligncenter\" src=\"https:\/\/www.salon-medecinedouce.com\/paris\/wp-content\/uploads\/sites\/14\/2026\/02\/Banniere-728x90-1-300x37.png\" alt=\"\" width=\"754\" height=\"93\" srcset=\"https:\/\/www.salon-medecinedouce.com\/paris\/wp-content\/uploads\/sites\/14\/2026\/02\/Banniere-728x90-1-300x37.png 300w, https:\/\/www.salon-medecinedouce.com\/paris\/wp-content\/uploads\/sites\/14\/2026\/02\/Banniere-728x90-1-1024x127.png 1024w, https:\/\/www.salon-medecinedouce.com\/paris\/wp-content\/uploads\/sites\/14\/2026\/02\/Banniere-728x90-1-768x95.png 768w, https:\/\/www.salon-medecinedouce.com\/paris\/wp-content\/uploads\/sites\/14\/2026\/02\/Banniere-728x90-1-1536x190.png 1536w, https:\/\/www.salon-medecinedouce.com\/paris\/wp-content\/uploads\/sites\/14\/2026\/02\/Banniere-728x90-1-2048x253.png 2048w, https:\/\/www.salon-medecinedouce.com\/paris\/wp-content\/uploads\/sites\/14\/2026\/02\/Banniere-728x90-1-150x19.png 150w, https:\/\/www.salon-medecinedouce.com\/paris\/wp-content\/uploads\/sites\/14\/2026\/02\/Banniere-728x90-1-500x62.png 500w\" sizes=\"(max-width: 754px) 100vw, 754px\" \/><\/a><\/p>\n<\/a><\/div><\/div>","protected":false},"excerpt":{"rendered":"<p>Pr\u00e9sentation des ateliers Que vous soyez exposant ou non, pensez \u00e0 r\u00e9server un atelier pour pr\u00e9senter vos m\u00e9thodes de travail et ou mettre en avant vos produits. La salle est \u00e9quip\u00e9e de chaises, de 2 tables, d\u2019une sono et d\u2019un mat\u00e9riel de vid\u00e9o-projection. Attention, l\u2019obscurit\u00e9 dans la salle est impossible. La r\u00e9servation d\u2019un atelier se&hellip; <\/p>\n","protected":false},"author":1,"featured_media":0,"parent":2087,"menu_order":3,"comment_status":"closed","ping_status":"closed","template":"","meta":{"_monsterinsights_skip_tracking":false,"_monsterinsights_sitenote_active":false,"_monsterinsights_sitenote_note":"","_monsterinsights_sitenote_category":0,"footnotes":""},"class_list":["post-2438","page","type-page","status-publish","hentry"],"yoast_head":"<!-- This site is optimized with the Yoast SEO plugin v27.5 - https:\/\/yoast.com\/product\/yoast-seo-wordpress\/ -->\n<title>R\u00e9servez un atelier sur le salon - Bien-\u00eatre Paris<\/title>\n<meta name=\"description\" content=\"Que vous soyez exposant ou non, pensez \u00e0 r\u00e9server un atelier pour pr\u00e9senter vos m\u00e9thodes de travail et ou mettre en avant vos produits.\" \/>\n<meta name=\"robots\" content=\"index, follow, max-snippet:-1, max-image-preview:large, max-video-preview:-1\" \/>\n<link rel=\"canonical\" href=\"https:\/\/www.salon-medecinedouce.com\/paris\/exposants\/exposant_atelier\/\" \/>\n<meta property=\"og:locale\" content=\"fr_FR\" \/>\n<meta property=\"og:type\" content=\"article\" \/>\n<meta property=\"og:title\" content=\"R\u00e9servez un atelier sur le salon - Bien-\u00eatre Paris\" \/>\n<meta property=\"og:description\" content=\"Que vous soyez exposant ou non, pensez \u00e0 r\u00e9server un atelier pour pr\u00e9senter vos m\u00e9thodes de travail et ou mettre en avant vos produits.\" \/>\n<meta property=\"og:url\" content=\"https:\/\/www.salon-medecinedouce.com\/paris\/exposants\/exposant_atelier\/\" \/>\n<meta property=\"og:site_name\" content=\"Bien-\u00eatre Paris\" \/>\n<meta property=\"article:modified_time\" content=\"2024-07-03T08:03:06+00:00\" \/>\n<meta property=\"og:image\" content=\"https:\/\/www.salon-medecinedouce.com\/paris\/wp-content\/uploads\/sites\/14\/2019\/06\/AdobeStock_147099277-1.jpg\" \/>\n<meta name=\"twitter:card\" content=\"summary_large_image\" \/>\n<meta name=\"twitter:label1\" content=\"Dur\u00e9e de lecture estim\u00e9e\" \/>\n\t<meta name=\"twitter:data1\" content=\"1 minute\" \/>\n<script type=\"application\/ld+json\" class=\"yoast-schema-graph\">{\"@context\":\"https:\\\/\\\/schema.org\",\"@graph\":[{\"@type\":\"WebPage\",\"@id\":\"https:\\\/\\\/www.salon-medecinedouce.com\\\/paris\\\/exposants\\\/exposant_atelier\\\/\",\"url\":\"https:\\\/\\\/www.salon-medecinedouce.com\\\/paris\\\/exposants\\\/exposant_atelier\\\/\",\"name\":\"R\u00e9servez un atelier sur le salon - Bien-\u00eatre Paris\",\"isPartOf\":{\"@id\":\"https:\\\/\\\/www.salon-medecinedouce.com\\\/paris\\\/#website\"},\"primaryImageOfPage\":{\"@id\":\"https:\\\/\\\/www.salon-medecinedouce.com\\\/paris\\\/exposants\\\/exposant_atelier\\\/#primaryimage\"},\"image\":{\"@id\":\"https:\\\/\\\/www.salon-medecinedouce.com\\\/paris\\\/exposants\\\/exposant_atelier\\\/#primaryimage\"},\"thumbnailUrl\":\"https:\\\/\\\/www.salon-medecinedouce.com\\\/paris\\\/wp-content\\\/uploads\\\/sites\\\/14\\\/2019\\\/06\\\/AdobeStock_147099277-1.jpg\",\"datePublished\":\"2024-06-26T07:00:59+00:00\",\"dateModified\":\"2024-07-03T08:03:06+00:00\",\"description\":\"Que vous soyez exposant ou non, pensez \u00e0 r\u00e9server un atelier pour pr\u00e9senter vos m\u00e9thodes de travail et ou mettre en avant vos produits.\",\"breadcrumb\":{\"@id\":\"https:\\\/\\\/www.salon-medecinedouce.com\\\/paris\\\/exposants\\\/exposant_atelier\\\/#breadcrumb\"},\"inLanguage\":\"fr-FR\",\"potentialAction\":[{\"@type\":\"ReadAction\",\"target\":[\"https:\\\/\\\/www.salon-medecinedouce.com\\\/paris\\\/exposants\\\/exposant_atelier\\\/\"]}]},{\"@type\":\"ImageObject\",\"inLanguage\":\"fr-FR\",\"@id\":\"https:\\\/\\\/www.salon-medecinedouce.com\\\/paris\\\/exposants\\\/exposant_atelier\\\/#primaryimage\",\"url\":\"https:\\\/\\\/www.salon-medecinedouce.com\\\/paris\\\/wp-content\\\/uploads\\\/sites\\\/14\\\/2019\\\/06\\\/AdobeStock_147099277-1.jpg\",\"contentUrl\":\"https:\\\/\\\/www.salon-medecinedouce.com\\\/paris\\\/wp-content\\\/uploads\\\/sites\\\/14\\\/2019\\\/06\\\/AdobeStock_147099277-1.jpg\",\"width\":840,\"height\":250},{\"@type\":\"BreadcrumbList\",\"@id\":\"https:\\\/\\\/www.salon-medecinedouce.com\\\/paris\\\/exposants\\\/exposant_atelier\\\/#breadcrumb\",\"itemListElement\":[{\"@type\":\"ListItem\",\"position\":1,\"name\":\"Accueil\",\"item\":\"https:\\\/\\\/www.salon-medecinedouce.com\\\/paris\\\/\"},{\"@type\":\"ListItem\",\"position\":2,\"name\":\"Exposer sur le salon\",\"item\":\"https:\\\/\\\/www.salon-medecinedouce.com\\\/paris\\\/exposants\\\/\"},{\"@type\":\"ListItem\",\"position\":3,\"name\":\"R\u00e9servez un atelier sur le salon\"}]},{\"@type\":\"WebSite\",\"@id\":\"https:\\\/\\\/www.salon-medecinedouce.com\\\/paris\\\/#website\",\"url\":\"https:\\\/\\\/www.salon-medecinedouce.com\\\/paris\\\/\",\"name\":\"Bien-\u00eatre Paris\",\"description\":\"La sant\u00e9 au naturel : M\u00e9decines douces - Compl\u00e9ments alimentaires - Alimentation saine - Cosm\u00e9tiques naturelles - Art de vivre - Tourisme de sant\u00e9\",\"publisher\":{\"@id\":\"https:\\\/\\\/www.salon-medecinedouce.com\\\/paris\\\/#organization\"},\"potentialAction\":[{\"@type\":\"SearchAction\",\"target\":{\"@type\":\"EntryPoint\",\"urlTemplate\":\"https:\\\/\\\/www.salon-medecinedouce.com\\\/paris\\\/?s={search_term_string}\"},\"query-input\":{\"@type\":\"PropertyValueSpecification\",\"valueRequired\":true,\"valueName\":\"search_term_string\"}}],\"inLanguage\":\"fr-FR\"},{\"@type\":\"Organization\",\"@id\":\"https:\\\/\\\/www.salon-medecinedouce.com\\\/paris\\\/#organization\",\"name\":\"Bien-\u00eatre Paris\",\"url\":\"https:\\\/\\\/www.salon-medecinedouce.com\\\/paris\\\/\",\"logo\":{\"@type\":\"ImageObject\",\"inLanguage\":\"fr-FR\",\"@id\":\"https:\\\/\\\/www.salon-medecinedouce.com\\\/paris\\\/#\\\/schema\\\/logo\\\/image\\\/\",\"url\":\"https:\\\/\\\/www.salon-medecinedouce.com\\\/paris\\\/wp-content\\\/uploads\\\/sites\\\/14\\\/2024\\\/05\\\/cropped-logo-orange-bemd.png\",\"contentUrl\":\"https:\\\/\\\/www.salon-medecinedouce.com\\\/paris\\\/wp-content\\\/uploads\\\/sites\\\/14\\\/2024\\\/05\\\/cropped-logo-orange-bemd.png\",\"width\":591,\"height\":591,\"caption\":\"Bien-\u00eatre Paris\"},\"image\":{\"@id\":\"https:\\\/\\\/www.salon-medecinedouce.com\\\/paris\\\/#\\\/schema\\\/logo\\\/image\\\/\"}}]}<\/script>\n<!-- \/ Yoast SEO plugin. -->","yoast_head_json":{"title":"R\u00e9servez un atelier sur le salon - Bien-\u00eatre Paris","description":"Que vous soyez exposant ou non, pensez \u00e0 r\u00e9server un atelier pour pr\u00e9senter vos m\u00e9thodes de travail et ou mettre en avant vos produits.","robots":{"index":"index","follow":"follow","max-snippet":"max-snippet:-1","max-image-preview":"max-image-preview:large","max-video-preview":"max-video-preview:-1"},"canonical":"https:\/\/www.salon-medecinedouce.com\/paris\/exposants\/exposant_atelier\/","og_locale":"fr_FR","og_type":"article","og_title":"R\u00e9servez un atelier sur le salon - Bien-\u00eatre Paris","og_description":"Que vous soyez exposant ou non, pensez \u00e0 r\u00e9server un atelier pour pr\u00e9senter vos m\u00e9thodes de travail et ou mettre en avant vos produits.","og_url":"https:\/\/www.salon-medecinedouce.com\/paris\/exposants\/exposant_atelier\/","og_site_name":"Bien-\u00eatre Paris","article_modified_time":"2024-07-03T08:03:06+00:00","og_image":[{"url":"https:\/\/www.salon-medecinedouce.com\/paris\/wp-content\/uploads\/sites\/14\/2019\/06\/AdobeStock_147099277-1.jpg","type":"","width":"","height":""}],"twitter_card":"summary_large_image","twitter_misc":{"Dur\u00e9e de lecture estim\u00e9e":"1 minute"},"schema":{"@context":"https:\/\/schema.org","@graph":[{"@type":"WebPage","@id":"https:\/\/www.salon-medecinedouce.com\/paris\/exposants\/exposant_atelier\/","url":"https:\/\/www.salon-medecinedouce.com\/paris\/exposants\/exposant_atelier\/","name":"R\u00e9servez un atelier sur le salon - Bien-\u00eatre Paris","isPartOf":{"@id":"https:\/\/www.salon-medecinedouce.com\/paris\/#website"},"primaryImageOfPage":{"@id":"https:\/\/www.salon-medecinedouce.com\/paris\/exposants\/exposant_atelier\/#primaryimage"},"image":{"@id":"https:\/\/www.salon-medecinedouce.com\/paris\/exposants\/exposant_atelier\/#primaryimage"},"thumbnailUrl":"https:\/\/www.salon-medecinedouce.com\/paris\/wp-content\/uploads\/sites\/14\/2019\/06\/AdobeStock_147099277-1.jpg","datePublished":"2024-06-26T07:00:59+00:00","dateModified":"2024-07-03T08:03:06+00:00","description":"Que vous soyez exposant ou non, pensez \u00e0 r\u00e9server un atelier pour pr\u00e9senter vos m\u00e9thodes de travail et ou mettre en avant vos produits.","breadcrumb":{"@id":"https:\/\/www.salon-medecinedouce.com\/paris\/exposants\/exposant_atelier\/#breadcrumb"},"inLanguage":"fr-FR","potentialAction":[{"@type":"ReadAction","target":["https:\/\/www.salon-medecinedouce.com\/paris\/exposants\/exposant_atelier\/"]}]},{"@type":"ImageObject","inLanguage":"fr-FR","@id":"https:\/\/www.salon-medecinedouce.com\/paris\/exposants\/exposant_atelier\/#primaryimage","url":"https:\/\/www.salon-medecinedouce.com\/paris\/wp-content\/uploads\/sites\/14\/2019\/06\/AdobeStock_147099277-1.jpg","contentUrl":"https:\/\/www.salon-medecinedouce.com\/paris\/wp-content\/uploads\/sites\/14\/2019\/06\/AdobeStock_147099277-1.jpg","width":840,"height":250},{"@type":"BreadcrumbList","@id":"https:\/\/www.salon-medecinedouce.com\/paris\/exposants\/exposant_atelier\/#breadcrumb","itemListElement":[{"@type":"ListItem","position":1,"name":"Accueil","item":"https:\/\/www.salon-medecinedouce.com\/paris\/"},{"@type":"ListItem","position":2,"name":"Exposer sur le salon","item":"https:\/\/www.salon-medecinedouce.com\/paris\/exposants\/"},{"@type":"ListItem","position":3,"name":"R\u00e9servez un atelier sur le salon"}]},{"@type":"WebSite","@id":"https:\/\/www.salon-medecinedouce.com\/paris\/#website","url":"https:\/\/www.salon-medecinedouce.com\/paris\/","name":"Bien-\u00eatre Paris","description":"La sant\u00e9 au naturel : M\u00e9decines douces - Compl\u00e9ments alimentaires - Alimentation saine - Cosm\u00e9tiques naturelles - Art de vivre - Tourisme de sant\u00e9","publisher":{"@id":"https:\/\/www.salon-medecinedouce.com\/paris\/#organization"},"potentialAction":[{"@type":"SearchAction","target":{"@type":"EntryPoint","urlTemplate":"https:\/\/www.salon-medecinedouce.com\/paris\/?s={search_term_string}"},"query-input":{"@type":"PropertyValueSpecification","valueRequired":true,"valueName":"search_term_string"}}],"inLanguage":"fr-FR"},{"@type":"Organization","@id":"https:\/\/www.salon-medecinedouce.com\/paris\/#organization","name":"Bien-\u00eatre Paris","url":"https:\/\/www.salon-medecinedouce.com\/paris\/","logo":{"@type":"ImageObject","inLanguage":"fr-FR","@id":"https:\/\/www.salon-medecinedouce.com\/paris\/#\/schema\/logo\/image\/","url":"https:\/\/www.salon-medecinedouce.com\/paris\/wp-content\/uploads\/sites\/14\/2024\/05\/cropped-logo-orange-bemd.png","contentUrl":"https:\/\/www.salon-medecinedouce.com\/paris\/wp-content\/uploads\/sites\/14\/2024\/05\/cropped-logo-orange-bemd.png","width":591,"height":591,"caption":"Bien-\u00eatre Paris"},"image":{"@id":"https:\/\/www.salon-medecinedouce.com\/paris\/#\/schema\/logo\/image\/"}}]}},"rttpg_featured_image_url":null,"rttpg_author":{"display_name":"admin","author_link":"https:\/\/www.salon-medecinedouce.com\/paris\/blog\/author\/admin\/"},"rttpg_comment":0,"rttpg_category":false,"rttpg_excerpt":"Pr\u00e9sentation des ateliers Que vous soyez exposant ou non, pensez \u00e0 r\u00e9server un atelier pour pr\u00e9senter vos m\u00e9thodes de travail et ou mettre en avant vos produits. La salle est \u00e9quip\u00e9e de chaises, de 2 tables, d\u2019une sono et d\u2019un mat\u00e9riel de vid\u00e9o-projection. Attention, l\u2019obscurit\u00e9 dans la salle est impossible. La r\u00e9servation d\u2019un atelier se&hellip;","_links":{"self":[{"href":"https:\/\/www.salon-medecinedouce.com\/paris\/wp-json\/wp\/v2\/pages\/2438","targetHints":{"allow":["GET"]}}],"collection":[{"href":"https:\/\/www.salon-medecinedouce.com\/paris\/wp-json\/wp\/v2\/pages"}],"about":[{"href":"https:\/\/www.salon-medecinedouce.com\/paris\/wp-json\/wp\/v2\/types\/page"}],"author":[{"embeddable":true,"href":"https:\/\/www.salon-medecinedouce.com\/paris\/wp-json\/wp\/v2\/users\/1"}],"replies":[{"embeddable":true,"href":"https:\/\/www.salon-medecinedouce.com\/paris\/wp-json\/wp\/v2\/comments?post=2438"}],"version-history":[{"count":10,"href":"https:\/\/www.salon-medecinedouce.com\/paris\/wp-json\/wp\/v2\/pages\/2438\/revisions"}],"predecessor-version":[{"id":17427,"href":"https:\/\/www.salon-medecinedouce.com\/paris\/wp-json\/wp\/v2\/pages\/2438\/revisions\/17427"}],"up":[{"embeddable":true,"href":"https:\/\/www.salon-medecinedouce.com\/paris\/wp-json\/wp\/v2\/pages\/2087"}],"wp:attachment":[{"href":"https:\/\/www.salon-medecinedouce.com\/paris\/wp-json\/wp\/v2\/media?parent=2438"}],"curies":[{"name":"wp","href":"https:\/\/api.w.org\/{rel}","templated":true}]}}