{"id":2436,"date":"2017-01-24T14:15:36","date_gmt":"2017-01-24T13:15:36","guid":{"rendered":"http:\/\/localhost:8888\/zen\/?page_id=2436"},"modified":"2025-11-28T12:40:49","modified_gmt":"2025-11-28T11:40:49","slug":"pourquoi-exposer","status":"publish","type":"page","link":"https:\/\/www.salon-medecinedouce.com\/paris\/exposants\/pourquoi-exposer\/","title":{"rendered":"Pourquoi exposer ?"},"content":{"rendered":"<h3><\/h3>\r\n<h1><span style=\"color: #165e6c;\">Votre Rendez-Vous de la pr\u00e9vention sant\u00e9 au naturel<\/span><\/h1>\r\n<p>Le salon Bien-\u00catre M\u00e9decine douce propose \u00e0 des professionnels d&rsquo;exposer sur un \u00e9v\u00e9nement sp\u00e9cialis\u00e9 riche en \u00e9changes, rencontres, prises de contacts et ventes directes avec un public en recherche de m\u00e9thodes douces et naturelles.<\/p>\r\n<p><span style=\"color: #165e6c;\"><strong>Vous vous sentez concern\u00e9 ? Alors votre place se trouve sur notre \u00e9v\u00e9nement !<\/strong><\/span><\/p>\r\n<p><img fetchpriority=\"high\" decoding=\"async\" class=\"alignnone size-full wp-image-17441\" src=\"https:\/\/www.salon-medecinedouce.com\/paris\/wp-content\/uploads\/sites\/14\/2024\/07\/Pourquoi-exposer-.png\" alt=\"Banniere pourquoi exposer\" width=\"6912\" height=\"3456\" srcset=\"https:\/\/www.salon-medecinedouce.com\/paris\/wp-content\/uploads\/sites\/14\/2024\/07\/Pourquoi-exposer-.png 6912w, https:\/\/www.salon-medecinedouce.com\/paris\/wp-content\/uploads\/sites\/14\/2024\/07\/Pourquoi-exposer--300x150.png 300w, https:\/\/www.salon-medecinedouce.com\/paris\/wp-content\/uploads\/sites\/14\/2024\/07\/Pourquoi-exposer--1024x512.png 1024w, https:\/\/www.salon-medecinedouce.com\/paris\/wp-content\/uploads\/sites\/14\/2024\/07\/Pourquoi-exposer--768x384.png 768w, https:\/\/www.salon-medecinedouce.com\/paris\/wp-content\/uploads\/sites\/14\/2024\/07\/Pourquoi-exposer--1536x768.png 1536w, https:\/\/www.salon-medecinedouce.com\/paris\/wp-content\/uploads\/sites\/14\/2024\/07\/Pourquoi-exposer--2048x1024.png 2048w, https:\/\/www.salon-medecinedouce.com\/paris\/wp-content\/uploads\/sites\/14\/2024\/07\/Pourquoi-exposer--150x75.png 150w, https:\/\/www.salon-medecinedouce.com\/paris\/wp-content\/uploads\/sites\/14\/2024\/07\/Pourquoi-exposer--500x250.png 500w\" sizes=\"(max-width: 6912px) 100vw, 6912px\" \/><\/p>\r\n<h2><span style=\"color: #165e6c;\">Le rendez-vous Bien-\u00eatre M\u00e9decine douce de Paris : 42\u00e8me \u00e9dition !<\/span><\/h2>\r\n<p>\u00a0 <img decoding=\"async\" class=\"alignnone wp-image-17442 size-full\" src=\"https:\/\/www.salon-medecinedouce.com\/paris\/wp-content\/uploads\/sites\/14\/2024\/07\/Chiffres-e1720426091380.png\" alt=\"Chiffres\" width=\"6301\" height=\"1866\" srcset=\"https:\/\/www.salon-medecinedouce.com\/paris\/wp-content\/uploads\/sites\/14\/2024\/07\/Chiffres-e1720426091380.png 6301w, https:\/\/www.salon-medecinedouce.com\/paris\/wp-content\/uploads\/sites\/14\/2024\/07\/Chiffres-e1720426091380-300x89.png 300w, https:\/\/www.salon-medecinedouce.com\/paris\/wp-content\/uploads\/sites\/14\/2024\/07\/Chiffres-e1720426091380-1024x303.png 1024w, https:\/\/www.salon-medecinedouce.com\/paris\/wp-content\/uploads\/sites\/14\/2024\/07\/Chiffres-e1720426091380-768x227.png 768w, https:\/\/www.salon-medecinedouce.com\/paris\/wp-content\/uploads\/sites\/14\/2024\/07\/Chiffres-e1720426091380-1536x455.png 1536w, https:\/\/www.salon-medecinedouce.com\/paris\/wp-content\/uploads\/sites\/14\/2024\/07\/Chiffres-e1720426091380-2048x607.png 2048w, https:\/\/www.salon-medecinedouce.com\/paris\/wp-content\/uploads\/sites\/14\/2024\/07\/Chiffres-e1720426091380-150x44.png 150w, https:\/\/www.salon-medecinedouce.com\/paris\/wp-content\/uploads\/sites\/14\/2024\/07\/Chiffres-e1720426091380-500x148.png 500w\" sizes=\"(max-width: 6301px) 100vw, 6301px\" \/><\/p>\r\n<h2><span style=\"color: #165e6c;\">Une charte et un Comit\u00e9 de s\u00e9lection<\/span><\/h2>\r\n<p class=\"p1\">Les salons Bien-\u00eatre M\u00e9decine douce restent vigilants face aux d\u00e9rives sectaires\u00a0et aux all\u00e9gations th\u00e9rapeutiques en s\u00e9lectionnant rigoureusement ses exposants. Les produits pr\u00e9sents sur le salon sont \u00e9galement soumis \u00e0 notre cahier des charges.<\/p>\r\n<p>&nbsp;<\/p>\r\n<h2><span style=\"color: #165e6c;\">Le salon se d\u00e9ploie sur 2 secteurs d&rsquo;expositions<\/span><\/h2>\r\n<h3><span style=\"color: #165e6c;\">Sant\u00e9 au naturel &amp; M\u00e9decine douce<\/span><\/h3>\r\n<p>5 ESPACES POUR PRENDRE SOIN DE SOI AUTREMENT<\/p>\r\n<table style=\"width: 100%;\">\r\n<tbody>\r\n<tr>\r\n<td style=\"width: 93.3333%;\">\r\n<ul>\r\n\t<li>Formation &amp; Expertise : \u00e9coles sp\u00e9cialis\u00e9es, f\u00e9d\u00e9rations engag\u00e9es, organismes de r\u00e9f\u00e9rence<\/li>\r\n\t<li>Praticiens du mieux-\u00eatre : naturopathes, praticiens en MTC, experts en nutrition sant\u00e9<\/li>\r\n\t<li>Art du soins &amp; massages : r\u00e9flexologie, soins traditionnels du monde, techniques manuelles innovantes<\/li>\r\n\t<li>Sant\u00e9 mentale &amp; \u00e9motionnelle : coaching de vie, th\u00e9rapies br\u00e8ves, accompagnements transformateurs<\/li>\r\n\t<li>Nutrition sant\u00e9 : laboratoires experts, compl\u00e9ments alimentaires innovants, micronutrition cibl\u00e9e<\/li>\r\n<\/ul>\r\n<\/td>\r\n<td style=\"width: 6.51515%;\">\u00a0<\/td>\r\n<\/tr>\r\n<\/tbody>\r\n<\/table>\r\n<h3>\u00a0<\/h3>\r\n<h3><span style=\"color: #165e6c;\">Bien-\u00eatre &amp; Spirit<\/span><\/h3>\r\n<p>5 PILIERS POUR SE RESSOURCER<\/p>\r\n<table style=\"width: 100%;\">\r\n<tbody>\r\n<tr>\r\n<td style=\"width: 44.0439%;\">\r\n<ul>\r\n\t<li>Alimentation saine : superaliments, alternatives \u00ab sans \u00bb, innovations culinaires healthy<\/li>\r\n\t<li>Sommeil r\u00e9parateur : literie haut de gamme, technologies du sommeil, rituels de relaxation<\/li>\r\n\t<li>Mouvement et Vitalit\u00e9 : coaching holistique, pratiques douces, \u00e9quipements bien-\u00eatre<\/li>\r\n<\/ul>\r\n<\/td>\r\n<td style=\"width: 55.7994%;\">\r\n<ul>\r\n\t<li>Beaut\u00e9 authentique : cosm\u00e9tiques naturels, soins corps &amp; cheveux clean beauty, appareils bien-\u00eatre<\/li>\r\n\t<li>\u00c9veil spirituel : soins \u00e9nerg\u00e9tiques, rituels chamaniques, guidance intuitive<\/li>\r\n<\/ul>\r\n<\/td>\r\n<\/tr>\r\n<\/tbody>\r\n<\/table>\r\n<h3>\u00a0<\/h3>\r\n<h3><span style=\"font-size: 29px; color: #165e6c;\">Les nouveaut\u00e9s Paris<\/span><\/h3>\r\n<p>&nbsp;<\/p>\r\n<h3><span style=\"color: #165e6c;\">Les troph\u00e9es du salon bien-\u00eatre m\u00e9decine douce\u00a0<\/span><strong>\u00a0<\/strong><\/h3>\r\n<ul>\r\n\t<li style=\"list-style-type: none;\">\r\n<ul>\r\n\t<li style=\"list-style-type: none;\">\r\n<ul>\r\n\t<li style=\"font-weight: 400; text-align: left;\">Le troph\u00e9e Innovation Bien-\u00eatre<\/li>\r\n\t<li style=\"font-weight: 400; text-align: left;\">Le troph\u00e9e Alimentation saine<\/li>\r\n\t<li style=\"font-weight: 400; text-align: left;\">Le troph\u00e9e du livre Bien-\u00eatre\/ M\u00e9decines douces\u00a0<\/li>\r\n<\/ul>\r\n<\/li>\r\n<\/ul>\r\n<\/li>\r\n<\/ul>\r\n<h3>\u00a0<\/h3>\r\n<h3><span style=\"color: #165e6c;\">Le village des acteurs de la sant\u00e9 au naturel<\/span><\/h3>\r\n<p style=\"font-weight: 400;\">Nouvelle zone d\u00e9di\u00e9e aux \u00e9coles, f\u00e9d\u00e9rations et syndicats du bien-\u00eatre et de la sant\u00e9 au naturel mais aussi aux praticiens en profession lib\u00e9rale et aux compl\u00e9ments alimentaires<\/p>\r\n<p>&nbsp;<\/p>\r\n<h3><span style=\"color: #165e6c;\">Les ateliers d&rsquo;alimentation saine\u00a0<\/span><\/h3>\r\n<p style=\"font-weight: 400;\">D\u00e9monstrations, d\u00e9gustations et conseils pour mieux manger au quotidien<\/p>\r\n<p>&nbsp;<\/p>\r\n<h2><span style=\"color: #165e6c;\">Une campagne de communication multim\u00e9dia adapt\u00e9e \u00e0 chaque ville<\/span><\/h2>\r\n<ul>\r\n\t<li style=\"list-style-type: none;\">\r\n<ul>\r\n\t<li style=\"list-style-type: none;\">\r\n<ul>\r\n\t<li style=\"font-weight: 400;\"><strong>170 000 invitations diffus\u00e9es <\/strong>aupr\u00e8s du grand public, des professionnels de sant\u00e9, des boutiques et centres de bien-\u00eatre<\/li>\r\n<\/ul>\r\n<\/li>\r\n\t<li style=\"list-style-type: none;\">\u00a0\r\n\r\n<ul>\r\n\t<li style=\"font-weight: 400;\"><strong>350 affiches d\u00e9ploy\u00e9es <\/strong>dans les m\u00e9tros et bus, accompagn\u00e9es d\u2019une large diffusion d\u2019invitations dans les boutiques sp\u00e9cialis\u00e9es \u00e0 Paris et Lyon<\/li>\r\n<\/ul>\r\n<\/li>\r\n\t<li style=\"list-style-type: none;\">\u00a0\r\n\r\n<ul>\r\n\t<li style=\"font-weight: 400;\"><strong>Une campagne radio cibl\u00e9e <\/strong>en affinit\u00e9 avec les audiences prioritaires<\/li>\r\n<\/ul>\r\n<\/li>\r\n\t<li style=\"list-style-type: none;\">\u00a0\r\n\r\n<ul>\r\n\t<li style=\"font-weight: 400;\"><strong>Des insertions publicitaires <\/strong>et r\u00e9dactionnelles dans de grands titres de presse`<\/li>\r\n<\/ul>\r\n<\/li>\r\n\t<li style=\"list-style-type: none;\">\u00a0\r\n\r\n<ul>\r\n\t<li style=\"font-weight: 400;\"><strong>90 000 visites <\/strong>et 280 000 pages vues sur le site <a href=\"http:\/\/www.salon-medecinedouce.com\">www.salon-medecinedouce.com<\/a> le mois du salon<\/li>\r\n<\/ul>\r\n<\/li>\r\n\t<li style=\"list-style-type: none;\">\u00a0\r\n\r\n<ul>\r\n\t<li style=\"font-weight: 400;\"><strong>Une visibilit\u00e9 accrue <\/strong>sur des sites affinitaires, via banni\u00e8res et publir\u00e9dactionnels<\/li>\r\n<\/ul>\r\n<\/li>\r\n\t<li style=\"list-style-type: none;\">\u00a0\r\n\r\n<ul>\r\n\t<li style=\"font-weight: 400;\"><strong>Des campagnes d\u2019emailings <\/strong>r\u00e9guli\u00e8res, adress\u00e9es \u00e0 une base de 150 000 anciens visiteurs et aux contacts de nos partenaires<\/li>\r\n<\/ul>\r\n<\/li>\r\n\t<li style=\"list-style-type: none;\">\u00a0\r\n\r\n<ul>\r\n\t<li style=\"font-weight: 400;\"><strong>Des publications social media <\/strong>percutantes, soutenues par une campagne sponsoris\u00e9e cibl\u00e9e\u00a0<\/li>\r\n<\/ul>\r\n<\/li>\r\n<\/ul>\r\n<\/li>\r\n<\/ul>\r\n<p>&nbsp;<\/p>\r\n<p><a href=\"https:\/\/www.salon-medecinedouce.com\/paris\/exposants\/pourquoi-exposer\/capture-decran-2025-05-13-a-15-00-11\/\" rel=\"attachment wp-att-19619\"><img decoding=\"async\" class=\"alignnone wp-image-19619 size-full\" src=\"https:\/\/www.salon-medecinedouce.com\/paris\/wp-content\/uploads\/sites\/14\/2025\/05\/Capture-decran-2025-05-13-a-15.00.11.png\" alt=\"\" width=\"1726\" height=\"826\" srcset=\"https:\/\/www.salon-medecinedouce.com\/paris\/wp-content\/uploads\/sites\/14\/2025\/05\/Capture-decran-2025-05-13-a-15.00.11.png 1726w, https:\/\/www.salon-medecinedouce.com\/paris\/wp-content\/uploads\/sites\/14\/2025\/05\/Capture-decran-2025-05-13-a-15.00.11-300x144.png 300w, https:\/\/www.salon-medecinedouce.com\/paris\/wp-content\/uploads\/sites\/14\/2025\/05\/Capture-decran-2025-05-13-a-15.00.11-1024x490.png 1024w, https:\/\/www.salon-medecinedouce.com\/paris\/wp-content\/uploads\/sites\/14\/2025\/05\/Capture-decran-2025-05-13-a-15.00.11-768x368.png 768w, https:\/\/www.salon-medecinedouce.com\/paris\/wp-content\/uploads\/sites\/14\/2025\/05\/Capture-decran-2025-05-13-a-15.00.11-1536x735.png 1536w, https:\/\/www.salon-medecinedouce.com\/paris\/wp-content\/uploads\/sites\/14\/2025\/05\/Capture-decran-2025-05-13-a-15.00.11-150x72.png 150w, https:\/\/www.salon-medecinedouce.com\/paris\/wp-content\/uploads\/sites\/14\/2025\/05\/Capture-decran-2025-05-13-a-15.00.11-500x239.png 500w\" sizes=\"(max-width: 1726px) 100vw, 1726px\" \/><\/a><\/p>\r\n<h3><span style=\"color: #d95f0d;\"><a style=\"color: #d95f0d;\" href=\"https:\/\/www.salon-medecinedouce.com\/lyon\/exposants\/demandez-votre-dossier-d-inscription\/\">&gt;&gt; Demandez votre dossier d&rsquo;inscription<\/a><\/span><\/h3>\r\n<h3><span style=\"color: #165e6c;\"><a style=\"color: #165e6c;\" href=\"https:\/\/www.salon-medecinedouce.com\/lyon\/exposants\/contacts-exposants\/\">&gt;&gt; Contactez l&rsquo;\u00e9quipe du salon<\/a><\/span><\/h3>\r\n<p>&nbsp;<\/p>\r\n<p>&nbsp;<\/p>\r\n<h2><span style=\"color: #165e6c;\">Tous vos rendez-vous :<\/span><\/h2>\r\n<table style=\"width: 100%; height: 140px;\">\r\n<tbody>\r\n<tr style=\"height: 140px;\">\r\n<td style=\"height: 140px;\">\r\n<h3><span style=\"color: #165e6c;\"><a style=\"color: #165e6c;\" href=\"https:\/\/www.salon-medecinedouce.com\/paris\">&gt;&gt; Bien-\u00catre M\u00e9decine Douce Paris<\/a><\/span><\/h3>\r\n<p>29 janvier &#8211; 2 f\u00e9vrier 2026 &#8211; Cit\u00e9 Porte de Versailles<\/p>\r\n<\/td>\r\n<td style=\"height: 140px;\">\r\n<p>&nbsp;<\/p>\r\n<\/td>\r\n<\/tr>\r\n<\/tbody>\r\n<\/table>\r\n<h3><\/h3>\r\n<ul><!-- \/wp:post-content --><\/ul><div class=\"salon-pubs-hp-bas-de-page salon-entity-placement\" id=\"salon-4020356622\"><div id=\"salon-2770837080\"><a data-no-instant=\"1\" href=\"https:\/\/www.adntv.fr\/home?request_origin=tv_app\" rel=\"noopener\" class=\"a2t-link\" target=\"_blank\"><p><a href=\"https:\/\/www.salondesseniors.com\/\"><img loading=\"lazy\" decoding=\"async\" class=\"wp-image-22417 aligncenter\" src=\"https:\/\/www.salon-medecinedouce.com\/paris\/wp-content\/uploads\/sites\/14\/2026\/02\/Banniere-728x90-1-300x37.png\" alt=\"\" width=\"754\" height=\"93\" srcset=\"https:\/\/www.salon-medecinedouce.com\/paris\/wp-content\/uploads\/sites\/14\/2026\/02\/Banniere-728x90-1-300x37.png 300w, https:\/\/www.salon-medecinedouce.com\/paris\/wp-content\/uploads\/sites\/14\/2026\/02\/Banniere-728x90-1-1024x127.png 1024w, https:\/\/www.salon-medecinedouce.com\/paris\/wp-content\/uploads\/sites\/14\/2026\/02\/Banniere-728x90-1-768x95.png 768w, https:\/\/www.salon-medecinedouce.com\/paris\/wp-content\/uploads\/sites\/14\/2026\/02\/Banniere-728x90-1-1536x190.png 1536w, https:\/\/www.salon-medecinedouce.com\/paris\/wp-content\/uploads\/sites\/14\/2026\/02\/Banniere-728x90-1-2048x253.png 2048w, https:\/\/www.salon-medecinedouce.com\/paris\/wp-content\/uploads\/sites\/14\/2026\/02\/Banniere-728x90-1-150x19.png 150w, https:\/\/www.salon-medecinedouce.com\/paris\/wp-content\/uploads\/sites\/14\/2026\/02\/Banniere-728x90-1-500x62.png 500w\" sizes=\"(max-width: 754px) 100vw, 754px\" \/><\/a><\/p>\n<\/a><\/div><\/div>","protected":false},"excerpt":{"rendered":"","protected":false},"author":1,"featured_media":0,"parent":2087,"menu_order":1,"comment_status":"closed","ping_status":"closed","template":"","meta":{"_angie_page":false,"_monsterinsights_skip_tracking":false,"_monsterinsights_sitenote_active":false,"_monsterinsights_sitenote_note":"","_monsterinsights_sitenote_category":0,"footnotes":""},"class_list":["post-2436","page","type-page","status-publish","hentry"],"yoast_head":"<!-- This site is optimized with the Yoast SEO plugin v27.3 - https:\/\/yoast.com\/product\/yoast-seo-wordpress\/ -->\n<title>Pourquoi exposer ? - Bien-\u00eatre Paris<\/title>\n<meta name=\"description\" content=\"Le salon Bien-\u00catre M\u00e9decine douce propose \u00e0 des professionnels d&#039;exposer sur un \u00e9v\u00e9nement sp\u00e9cialis\u00e9 riche en rencontres et ventes directes avec un public en recherche de m\u00e9thodes douces et naturelles.\" \/>\n<meta name=\"robots\" content=\"index, follow, max-snippet:-1, max-image-preview:large, max-video-preview:-1\" \/>\n<link rel=\"canonical\" href=\"https:\/\/www.salon-medecinedouce.com\/paris\/exposants\/pourquoi-exposer\/\" \/>\n<meta property=\"og:locale\" content=\"fr_FR\" \/>\n<meta property=\"og:type\" content=\"article\" \/>\n<meta property=\"og:title\" content=\"Pourquoi exposer ? - Bien-\u00eatre Paris\" \/>\n<meta property=\"og:description\" content=\"Le salon Bien-\u00catre M\u00e9decine douce propose \u00e0 des professionnels d&#039;exposer sur un \u00e9v\u00e9nement sp\u00e9cialis\u00e9 riche en rencontres et ventes directes avec un public en recherche de m\u00e9thodes douces et naturelles.\" \/>\n<meta property=\"og:url\" content=\"https:\/\/www.salon-medecinedouce.com\/paris\/exposants\/pourquoi-exposer\/\" \/>\n<meta property=\"og:site_name\" content=\"Bien-\u00eatre Paris\" \/>\n<meta property=\"article:modified_time\" content=\"2025-11-28T11:40:49+00:00\" \/>\n<meta property=\"og:image\" content=\"https:\/\/www.salon-medecinedouce.com\/paris\/wp-content\/uploads\/sites\/14\/2024\/07\/Pourquoi-exposer-.png\" \/>\n\t<meta property=\"og:image:width\" content=\"6912\" \/>\n\t<meta property=\"og:image:height\" content=\"3456\" \/>\n\t<meta property=\"og:image:type\" content=\"image\/png\" \/>\n<meta name=\"twitter:card\" content=\"summary_large_image\" \/>\n<meta name=\"twitter:label1\" content=\"Dur\u00e9e de lecture estim\u00e9e\" \/>\n\t<meta name=\"twitter:data1\" content=\"3 minutes\" \/>\n<script type=\"application\/ld+json\" class=\"yoast-schema-graph\">{\"@context\":\"https:\\\/\\\/schema.org\",\"@graph\":[{\"@type\":\"WebPage\",\"@id\":\"https:\\\/\\\/www.salon-medecinedouce.com\\\/paris\\\/exposants\\\/pourquoi-exposer\\\/\",\"url\":\"https:\\\/\\\/www.salon-medecinedouce.com\\\/paris\\\/exposants\\\/pourquoi-exposer\\\/\",\"name\":\"Pourquoi exposer ? - Bien-\u00eatre Paris\",\"isPartOf\":{\"@id\":\"https:\\\/\\\/www.salon-medecinedouce.com\\\/paris\\\/#website\"},\"primaryImageOfPage\":{\"@id\":\"https:\\\/\\\/www.salon-medecinedouce.com\\\/paris\\\/exposants\\\/pourquoi-exposer\\\/#primaryimage\"},\"image\":{\"@id\":\"https:\\\/\\\/www.salon-medecinedouce.com\\\/paris\\\/exposants\\\/pourquoi-exposer\\\/#primaryimage\"},\"thumbnailUrl\":\"https:\\\/\\\/www.salon-medecinedouce.com\\\/paris\\\/wp-content\\\/uploads\\\/sites\\\/14\\\/2024\\\/07\\\/Pourquoi-exposer-.png\",\"datePublished\":\"2017-01-24T13:15:36+00:00\",\"dateModified\":\"2025-11-28T11:40:49+00:00\",\"description\":\"Le salon Bien-\u00catre M\u00e9decine douce propose \u00e0 des professionnels d'exposer sur un \u00e9v\u00e9nement sp\u00e9cialis\u00e9 riche en rencontres et ventes directes avec un public en recherche de m\u00e9thodes douces et naturelles.\",\"breadcrumb\":{\"@id\":\"https:\\\/\\\/www.salon-medecinedouce.com\\\/paris\\\/exposants\\\/pourquoi-exposer\\\/#breadcrumb\"},\"inLanguage\":\"fr-FR\",\"potentialAction\":[{\"@type\":\"ReadAction\",\"target\":[\"https:\\\/\\\/www.salon-medecinedouce.com\\\/paris\\\/exposants\\\/pourquoi-exposer\\\/\"]}]},{\"@type\":\"ImageObject\",\"inLanguage\":\"fr-FR\",\"@id\":\"https:\\\/\\\/www.salon-medecinedouce.com\\\/paris\\\/exposants\\\/pourquoi-exposer\\\/#primaryimage\",\"url\":\"https:\\\/\\\/www.salon-medecinedouce.com\\\/paris\\\/wp-content\\\/uploads\\\/sites\\\/14\\\/2024\\\/07\\\/Pourquoi-exposer-.png\",\"contentUrl\":\"https:\\\/\\\/www.salon-medecinedouce.com\\\/paris\\\/wp-content\\\/uploads\\\/sites\\\/14\\\/2024\\\/07\\\/Pourquoi-exposer-.png\",\"width\":6912,\"height\":3456,\"caption\":\"Banniere pourquoi exposer\"},{\"@type\":\"BreadcrumbList\",\"@id\":\"https:\\\/\\\/www.salon-medecinedouce.com\\\/paris\\\/exposants\\\/pourquoi-exposer\\\/#breadcrumb\",\"itemListElement\":[{\"@type\":\"ListItem\",\"position\":1,\"name\":\"Accueil\",\"item\":\"https:\\\/\\\/www.salon-medecinedouce.com\\\/paris\\\/\"},{\"@type\":\"ListItem\",\"position\":2,\"name\":\"Exposer sur le salon\",\"item\":\"https:\\\/\\\/www.salon-medecinedouce.com\\\/paris\\\/exposants\\\/\"},{\"@type\":\"ListItem\",\"position\":3,\"name\":\"Pourquoi exposer ?\"}]},{\"@type\":\"WebSite\",\"@id\":\"https:\\\/\\\/www.salon-medecinedouce.com\\\/paris\\\/#website\",\"url\":\"https:\\\/\\\/www.salon-medecinedouce.com\\\/paris\\\/\",\"name\":\"Bien-\u00eatre Paris\",\"description\":\"La sant\u00e9 au naturel : M\u00e9decines douces - Compl\u00e9ments alimentaires - Alimentation saine - Cosm\u00e9tiques naturelles - Art de vivre - Tourisme de sant\u00e9\",\"publisher\":{\"@id\":\"https:\\\/\\\/www.salon-medecinedouce.com\\\/paris\\\/#organization\"},\"potentialAction\":[{\"@type\":\"SearchAction\",\"target\":{\"@type\":\"EntryPoint\",\"urlTemplate\":\"https:\\\/\\\/www.salon-medecinedouce.com\\\/paris\\\/?s={search_term_string}\"},\"query-input\":{\"@type\":\"PropertyValueSpecification\",\"valueRequired\":true,\"valueName\":\"search_term_string\"}}],\"inLanguage\":\"fr-FR\"},{\"@type\":\"Organization\",\"@id\":\"https:\\\/\\\/www.salon-medecinedouce.com\\\/paris\\\/#organization\",\"name\":\"Bien-\u00eatre Paris\",\"url\":\"https:\\\/\\\/www.salon-medecinedouce.com\\\/paris\\\/\",\"logo\":{\"@type\":\"ImageObject\",\"inLanguage\":\"fr-FR\",\"@id\":\"https:\\\/\\\/www.salon-medecinedouce.com\\\/paris\\\/#\\\/schema\\\/logo\\\/image\\\/\",\"url\":\"https:\\\/\\\/www.salon-medecinedouce.com\\\/paris\\\/wp-content\\\/uploads\\\/sites\\\/14\\\/2024\\\/05\\\/cropped-logo-orange-bemd.png\",\"contentUrl\":\"https:\\\/\\\/www.salon-medecinedouce.com\\\/paris\\\/wp-content\\\/uploads\\\/sites\\\/14\\\/2024\\\/05\\\/cropped-logo-orange-bemd.png\",\"width\":591,\"height\":591,\"caption\":\"Bien-\u00eatre Paris\"},\"image\":{\"@id\":\"https:\\\/\\\/www.salon-medecinedouce.com\\\/paris\\\/#\\\/schema\\\/logo\\\/image\\\/\"}}]}<\/script>\n<!-- \/ Yoast SEO plugin. -->","yoast_head_json":{"title":"Pourquoi exposer ? - Bien-\u00eatre Paris","description":"Le salon Bien-\u00catre M\u00e9decine douce propose \u00e0 des professionnels d'exposer sur un \u00e9v\u00e9nement sp\u00e9cialis\u00e9 riche en rencontres et ventes directes avec un public en recherche de m\u00e9thodes douces et naturelles.","robots":{"index":"index","follow":"follow","max-snippet":"max-snippet:-1","max-image-preview":"max-image-preview:large","max-video-preview":"max-video-preview:-1"},"canonical":"https:\/\/www.salon-medecinedouce.com\/paris\/exposants\/pourquoi-exposer\/","og_locale":"fr_FR","og_type":"article","og_title":"Pourquoi exposer ? - Bien-\u00eatre Paris","og_description":"Le salon Bien-\u00catre M\u00e9decine douce propose \u00e0 des professionnels d'exposer sur un \u00e9v\u00e9nement sp\u00e9cialis\u00e9 riche en rencontres et ventes directes avec un public en recherche de m\u00e9thodes douces et naturelles.","og_url":"https:\/\/www.salon-medecinedouce.com\/paris\/exposants\/pourquoi-exposer\/","og_site_name":"Bien-\u00eatre Paris","article_modified_time":"2025-11-28T11:40:49+00:00","og_image":[{"width":6912,"height":3456,"url":"https:\/\/www.salon-medecinedouce.com\/paris\/wp-content\/uploads\/sites\/14\/2024\/07\/Pourquoi-exposer-.png","type":"image\/png"}],"twitter_card":"summary_large_image","twitter_misc":{"Dur\u00e9e de lecture estim\u00e9e":"3 minutes"},"schema":{"@context":"https:\/\/schema.org","@graph":[{"@type":"WebPage","@id":"https:\/\/www.salon-medecinedouce.com\/paris\/exposants\/pourquoi-exposer\/","url":"https:\/\/www.salon-medecinedouce.com\/paris\/exposants\/pourquoi-exposer\/","name":"Pourquoi exposer ? - Bien-\u00eatre Paris","isPartOf":{"@id":"https:\/\/www.salon-medecinedouce.com\/paris\/#website"},"primaryImageOfPage":{"@id":"https:\/\/www.salon-medecinedouce.com\/paris\/exposants\/pourquoi-exposer\/#primaryimage"},"image":{"@id":"https:\/\/www.salon-medecinedouce.com\/paris\/exposants\/pourquoi-exposer\/#primaryimage"},"thumbnailUrl":"https:\/\/www.salon-medecinedouce.com\/paris\/wp-content\/uploads\/sites\/14\/2024\/07\/Pourquoi-exposer-.png","datePublished":"2017-01-24T13:15:36+00:00","dateModified":"2025-11-28T11:40:49+00:00","description":"Le salon Bien-\u00catre M\u00e9decine douce propose \u00e0 des professionnels d'exposer sur un \u00e9v\u00e9nement sp\u00e9cialis\u00e9 riche en rencontres et ventes directes avec un public en recherche de m\u00e9thodes douces et naturelles.","breadcrumb":{"@id":"https:\/\/www.salon-medecinedouce.com\/paris\/exposants\/pourquoi-exposer\/#breadcrumb"},"inLanguage":"fr-FR","potentialAction":[{"@type":"ReadAction","target":["https:\/\/www.salon-medecinedouce.com\/paris\/exposants\/pourquoi-exposer\/"]}]},{"@type":"ImageObject","inLanguage":"fr-FR","@id":"https:\/\/www.salon-medecinedouce.com\/paris\/exposants\/pourquoi-exposer\/#primaryimage","url":"https:\/\/www.salon-medecinedouce.com\/paris\/wp-content\/uploads\/sites\/14\/2024\/07\/Pourquoi-exposer-.png","contentUrl":"https:\/\/www.salon-medecinedouce.com\/paris\/wp-content\/uploads\/sites\/14\/2024\/07\/Pourquoi-exposer-.png","width":6912,"height":3456,"caption":"Banniere pourquoi exposer"},{"@type":"BreadcrumbList","@id":"https:\/\/www.salon-medecinedouce.com\/paris\/exposants\/pourquoi-exposer\/#breadcrumb","itemListElement":[{"@type":"ListItem","position":1,"name":"Accueil","item":"https:\/\/www.salon-medecinedouce.com\/paris\/"},{"@type":"ListItem","position":2,"name":"Exposer sur le salon","item":"https:\/\/www.salon-medecinedouce.com\/paris\/exposants\/"},{"@type":"ListItem","position":3,"name":"Pourquoi exposer ?"}]},{"@type":"WebSite","@id":"https:\/\/www.salon-medecinedouce.com\/paris\/#website","url":"https:\/\/www.salon-medecinedouce.com\/paris\/","name":"Bien-\u00eatre Paris","description":"La sant\u00e9 au naturel : M\u00e9decines douces - Compl\u00e9ments alimentaires - Alimentation saine - Cosm\u00e9tiques naturelles - Art de vivre - Tourisme de sant\u00e9","publisher":{"@id":"https:\/\/www.salon-medecinedouce.com\/paris\/#organization"},"potentialAction":[{"@type":"SearchAction","target":{"@type":"EntryPoint","urlTemplate":"https:\/\/www.salon-medecinedouce.com\/paris\/?s={search_term_string}"},"query-input":{"@type":"PropertyValueSpecification","valueRequired":true,"valueName":"search_term_string"}}],"inLanguage":"fr-FR"},{"@type":"Organization","@id":"https:\/\/www.salon-medecinedouce.com\/paris\/#organization","name":"Bien-\u00eatre Paris","url":"https:\/\/www.salon-medecinedouce.com\/paris\/","logo":{"@type":"ImageObject","inLanguage":"fr-FR","@id":"https:\/\/www.salon-medecinedouce.com\/paris\/#\/schema\/logo\/image\/","url":"https:\/\/www.salon-medecinedouce.com\/paris\/wp-content\/uploads\/sites\/14\/2024\/05\/cropped-logo-orange-bemd.png","contentUrl":"https:\/\/www.salon-medecinedouce.com\/paris\/wp-content\/uploads\/sites\/14\/2024\/05\/cropped-logo-orange-bemd.png","width":591,"height":591,"caption":"Bien-\u00eatre Paris"},"image":{"@id":"https:\/\/www.salon-medecinedouce.com\/paris\/#\/schema\/logo\/image\/"}}]}},"rttpg_featured_image_url":null,"rttpg_author":{"display_name":"admin","author_link":"https:\/\/www.salon-medecinedouce.com\/paris\/blog\/author\/admin\/"},"rttpg_comment":0,"rttpg_category":false,"rttpg_excerpt":null,"_links":{"self":[{"href":"https:\/\/www.salon-medecinedouce.com\/paris\/wp-json\/wp\/v2\/pages\/2436","targetHints":{"allow":["GET"]}}],"collection":[{"href":"https:\/\/www.salon-medecinedouce.com\/paris\/wp-json\/wp\/v2\/pages"}],"about":[{"href":"https:\/\/www.salon-medecinedouce.com\/paris\/wp-json\/wp\/v2\/types\/page"}],"author":[{"embeddable":true,"href":"https:\/\/www.salon-medecinedouce.com\/paris\/wp-json\/wp\/v2\/users\/1"}],"replies":[{"embeddable":true,"href":"https:\/\/www.salon-medecinedouce.com\/paris\/wp-json\/wp\/v2\/comments?post=2436"}],"version-history":[{"count":63,"href":"https:\/\/www.salon-medecinedouce.com\/paris\/wp-json\/wp\/v2\/pages\/2436\/revisions"}],"predecessor-version":[{"id":20133,"href":"https:\/\/www.salon-medecinedouce.com\/paris\/wp-json\/wp\/v2\/pages\/2436\/revisions\/20133"}],"up":[{"embeddable":true,"href":"https:\/\/www.salon-medecinedouce.com\/paris\/wp-json\/wp\/v2\/pages\/2087"}],"wp:attachment":[{"href":"https:\/\/www.salon-medecinedouce.com\/paris\/wp-json\/wp\/v2\/media?parent=2436"}],"curies":[{"name":"wp","href":"https:\/\/api.w.org\/{rel}","templated":true}]}}