{"id":2392,"date":"2017-01-24T12:45:18","date_gmt":"2017-01-24T11:45:18","guid":{"rendered":"http:\/\/localhost:8888\/zen\/?page_id=2392"},"modified":"2025-05-14T16:33:26","modified_gmt":"2025-05-14T14:33:26","slug":"les-photos-du-salon","status":"publish","type":"page","link":"https:\/\/www.salon-medecinedouce.com\/paris\/visiter\/les-photos-du-salon\/","title":{"rendered":"Les photos du salon"},"content":{"rendered":"<p>&nbsp;<\/p>\n<p style=\"text-align: center;\">Retrouvez ci-dessous une s\u00e9lection de photos de l&rsquo;\u00e9dition 2025 du salon Bien-\u00catre M\u00e9decine Douce :<\/p>\n<div id='gallery-1' class='gallery galleryid-2392 gallery-columns-4 gallery-size-large'><figure class='gallery-item'>\n\t\t\t<div class='gallery-icon portrait'>\n\t\t\t\t<a href='https:\/\/www.salon-medecinedouce.com\/paris\/visiter\/les-photos-du-salon\/img_9711-3\/'><img fetchpriority=\"high\" decoding=\"async\" width=\"576\" height=\"1024\" src=\"https:\/\/www.salon-medecinedouce.com\/paris\/wp-content\/uploads\/sites\/14\/2025\/05\/IMG_9711-2-576x1024.jpg\" class=\"attachment-large size-large\" alt=\"\" srcset=\"https:\/\/www.salon-medecinedouce.com\/paris\/wp-content\/uploads\/sites\/14\/2025\/05\/IMG_9711-2-576x1024.jpg 576w, https:\/\/www.salon-medecinedouce.com\/paris\/wp-content\/uploads\/sites\/14\/2025\/05\/IMG_9711-2-169x300.jpg 169w, https:\/\/www.salon-medecinedouce.com\/paris\/wp-content\/uploads\/sites\/14\/2025\/05\/IMG_9711-2-768x1365.jpg 768w, https:\/\/www.salon-medecinedouce.com\/paris\/wp-content\/uploads\/sites\/14\/2025\/05\/IMG_9711-2-864x1536.jpg 864w, https:\/\/www.salon-medecinedouce.com\/paris\/wp-content\/uploads\/sites\/14\/2025\/05\/IMG_9711-2-1152x2048.jpg 1152w, https:\/\/www.salon-medecinedouce.com\/paris\/wp-content\/uploads\/sites\/14\/2025\/05\/IMG_9711-2-150x267.jpg 150w, https:\/\/www.salon-medecinedouce.com\/paris\/wp-content\/uploads\/sites\/14\/2025\/05\/IMG_9711-2-281x500.jpg 281w, https:\/\/www.salon-medecinedouce.com\/paris\/wp-content\/uploads\/sites\/14\/2025\/05\/IMG_9711-2-scaled.jpg 1440w\" sizes=\"(max-width: 576px) 100vw, 576px\" \/><\/a>\n\t\t\t<\/div><\/figure><figure class='gallery-item'>\n\t\t\t<div class='gallery-icon portrait'>\n\t\t\t\t<a href='https:\/\/www.salon-medecinedouce.com\/paris\/visiter\/les-photos-du-salon\/img_9697-2\/'><img decoding=\"async\" width=\"576\" height=\"1024\" src=\"https:\/\/www.salon-medecinedouce.com\/paris\/wp-content\/uploads\/sites\/14\/2025\/05\/IMG_9697-1-576x1024.jpg\" class=\"attachment-large size-large\" alt=\"\" srcset=\"https:\/\/www.salon-medecinedouce.com\/paris\/wp-content\/uploads\/sites\/14\/2025\/05\/IMG_9697-1-576x1024.jpg 576w, https:\/\/www.salon-medecinedouce.com\/paris\/wp-content\/uploads\/sites\/14\/2025\/05\/IMG_9697-1-169x300.jpg 169w, https:\/\/www.salon-medecinedouce.com\/paris\/wp-content\/uploads\/sites\/14\/2025\/05\/IMG_9697-1-768x1365.jpg 768w, https:\/\/www.salon-medecinedouce.com\/paris\/wp-content\/uploads\/sites\/14\/2025\/05\/IMG_9697-1-864x1536.jpg 864w, https:\/\/www.salon-medecinedouce.com\/paris\/wp-content\/uploads\/sites\/14\/2025\/05\/IMG_9697-1-1152x2048.jpg 1152w, https:\/\/www.salon-medecinedouce.com\/paris\/wp-content\/uploads\/sites\/14\/2025\/05\/IMG_9697-1-150x267.jpg 150w, https:\/\/www.salon-medecinedouce.com\/paris\/wp-content\/uploads\/sites\/14\/2025\/05\/IMG_9697-1-281x500.jpg 281w, https:\/\/www.salon-medecinedouce.com\/paris\/wp-content\/uploads\/sites\/14\/2025\/05\/IMG_9697-1-scaled.jpg 1440w\" sizes=\"(max-width: 576px) 100vw, 576px\" \/><\/a>\n\t\t\t<\/div><\/figure><figure class='gallery-item'>\n\t\t\t<div class='gallery-icon portrait'>\n\t\t\t\t<a href='https:\/\/www.salon-medecinedouce.com\/paris\/visiter\/les-photos-du-salon\/img_9658-4\/'><img decoding=\"async\" width=\"576\" height=\"1024\" src=\"https:\/\/www.salon-medecinedouce.com\/paris\/wp-content\/uploads\/sites\/14\/2025\/05\/IMG_9658-3-576x1024.jpg\" class=\"attachment-large size-large\" alt=\"\" srcset=\"https:\/\/www.salon-medecinedouce.com\/paris\/wp-content\/uploads\/sites\/14\/2025\/05\/IMG_9658-3-576x1024.jpg 576w, https:\/\/www.salon-medecinedouce.com\/paris\/wp-content\/uploads\/sites\/14\/2025\/05\/IMG_9658-3-169x300.jpg 169w, https:\/\/www.salon-medecinedouce.com\/paris\/wp-content\/uploads\/sites\/14\/2025\/05\/IMG_9658-3-768x1365.jpg 768w, https:\/\/www.salon-medecinedouce.com\/paris\/wp-content\/uploads\/sites\/14\/2025\/05\/IMG_9658-3-864x1536.jpg 864w, https:\/\/www.salon-medecinedouce.com\/paris\/wp-content\/uploads\/sites\/14\/2025\/05\/IMG_9658-3-1152x2048.jpg 1152w, https:\/\/www.salon-medecinedouce.com\/paris\/wp-content\/uploads\/sites\/14\/2025\/05\/IMG_9658-3-150x267.jpg 150w, https:\/\/www.salon-medecinedouce.com\/paris\/wp-content\/uploads\/sites\/14\/2025\/05\/IMG_9658-3-281x500.jpg 281w, https:\/\/www.salon-medecinedouce.com\/paris\/wp-content\/uploads\/sites\/14\/2025\/05\/IMG_9658-3-scaled.jpg 1440w\" sizes=\"(max-width: 576px) 100vw, 576px\" \/><\/a>\n\t\t\t<\/div><\/figure><figure class='gallery-item'>\n\t\t\t<div class='gallery-icon portrait'>\n\t\t\t\t<a href='https:\/\/www.salon-medecinedouce.com\/paris\/visiter\/les-photos-du-salon\/img_9689\/'><img loading=\"lazy\" decoding=\"async\" width=\"576\" height=\"1024\" src=\"https:\/\/www.salon-medecinedouce.com\/paris\/wp-content\/uploads\/sites\/14\/2025\/05\/IMG_9689-576x1024.jpg\" class=\"attachment-large size-large\" alt=\"\" srcset=\"https:\/\/www.salon-medecinedouce.com\/paris\/wp-content\/uploads\/sites\/14\/2025\/05\/IMG_9689-576x1024.jpg 576w, https:\/\/www.salon-medecinedouce.com\/paris\/wp-content\/uploads\/sites\/14\/2025\/05\/IMG_9689-169x300.jpg 169w, https:\/\/www.salon-medecinedouce.com\/paris\/wp-content\/uploads\/sites\/14\/2025\/05\/IMG_9689-768x1365.jpg 768w, https:\/\/www.salon-medecinedouce.com\/paris\/wp-content\/uploads\/sites\/14\/2025\/05\/IMG_9689-864x1536.jpg 864w, https:\/\/www.salon-medecinedouce.com\/paris\/wp-content\/uploads\/sites\/14\/2025\/05\/IMG_9689-1152x2048.jpg 1152w, https:\/\/www.salon-medecinedouce.com\/paris\/wp-content\/uploads\/sites\/14\/2025\/05\/IMG_9689-150x267.jpg 150w, https:\/\/www.salon-medecinedouce.com\/paris\/wp-content\/uploads\/sites\/14\/2025\/05\/IMG_9689-281x500.jpg 281w, https:\/\/www.salon-medecinedouce.com\/paris\/wp-content\/uploads\/sites\/14\/2025\/05\/IMG_9689-scaled.jpg 1440w\" sizes=\"(max-width: 576px) 100vw, 576px\" \/><\/a>\n\t\t\t<\/div><\/figure><figure class='gallery-item'>\n\t\t\t<div class='gallery-icon portrait'>\n\t\t\t\t<a href='https:\/\/www.salon-medecinedouce.com\/paris\/visiter\/les-photos-du-salon\/img_9675\/'><img loading=\"lazy\" decoding=\"async\" width=\"576\" height=\"1024\" src=\"https:\/\/www.salon-medecinedouce.com\/paris\/wp-content\/uploads\/sites\/14\/2025\/05\/IMG_9675-576x1024.jpg\" class=\"attachment-large size-large\" alt=\"\" srcset=\"https:\/\/www.salon-medecinedouce.com\/paris\/wp-content\/uploads\/sites\/14\/2025\/05\/IMG_9675-576x1024.jpg 576w, https:\/\/www.salon-medecinedouce.com\/paris\/wp-content\/uploads\/sites\/14\/2025\/05\/IMG_9675-169x300.jpg 169w, https:\/\/www.salon-medecinedouce.com\/paris\/wp-content\/uploads\/sites\/14\/2025\/05\/IMG_9675-768x1365.jpg 768w, https:\/\/www.salon-medecinedouce.com\/paris\/wp-content\/uploads\/sites\/14\/2025\/05\/IMG_9675-864x1536.jpg 864w, https:\/\/www.salon-medecinedouce.com\/paris\/wp-content\/uploads\/sites\/14\/2025\/05\/IMG_9675-1152x2048.jpg 1152w, https:\/\/www.salon-medecinedouce.com\/paris\/wp-content\/uploads\/sites\/14\/2025\/05\/IMG_9675-150x267.jpg 150w, https:\/\/www.salon-medecinedouce.com\/paris\/wp-content\/uploads\/sites\/14\/2025\/05\/IMG_9675-281x500.jpg 281w, https:\/\/www.salon-medecinedouce.com\/paris\/wp-content\/uploads\/sites\/14\/2025\/05\/IMG_9675-scaled.jpg 1440w\" sizes=\"(max-width: 576px) 100vw, 576px\" \/><\/a>\n\t\t\t<\/div><\/figure><figure class='gallery-item'>\n\t\t\t<div class='gallery-icon portrait'>\n\t\t\t\t<a href='https:\/\/www.salon-medecinedouce.com\/paris\/visiter\/les-photos-du-salon\/img_9730\/'><img loading=\"lazy\" decoding=\"async\" width=\"576\" height=\"1024\" src=\"https:\/\/www.salon-medecinedouce.com\/paris\/wp-content\/uploads\/sites\/14\/2025\/05\/IMG_9730-576x1024.jpg\" class=\"attachment-large size-large\" alt=\"\" srcset=\"https:\/\/www.salon-medecinedouce.com\/paris\/wp-content\/uploads\/sites\/14\/2025\/05\/IMG_9730-576x1024.jpg 576w, https:\/\/www.salon-medecinedouce.com\/paris\/wp-content\/uploads\/sites\/14\/2025\/05\/IMG_9730-169x300.jpg 169w, https:\/\/www.salon-medecinedouce.com\/paris\/wp-content\/uploads\/sites\/14\/2025\/05\/IMG_9730-768x1365.jpg 768w, https:\/\/www.salon-medecinedouce.com\/paris\/wp-content\/uploads\/sites\/14\/2025\/05\/IMG_9730-864x1536.jpg 864w, https:\/\/www.salon-medecinedouce.com\/paris\/wp-content\/uploads\/sites\/14\/2025\/05\/IMG_9730-1152x2048.jpg 1152w, https:\/\/www.salon-medecinedouce.com\/paris\/wp-content\/uploads\/sites\/14\/2025\/05\/IMG_9730-150x267.jpg 150w, https:\/\/www.salon-medecinedouce.com\/paris\/wp-content\/uploads\/sites\/14\/2025\/05\/IMG_9730-281x500.jpg 281w, https:\/\/www.salon-medecinedouce.com\/paris\/wp-content\/uploads\/sites\/14\/2025\/05\/IMG_9730-scaled.jpg 1440w\" sizes=\"(max-width: 576px) 100vw, 576px\" \/><\/a>\n\t\t\t<\/div><\/figure><figure class='gallery-item'>\n\t\t\t<div class='gallery-icon portrait'>\n\t\t\t\t<a href='https:\/\/www.salon-medecinedouce.com\/paris\/visiter\/les-photos-du-salon\/img_9687\/'><img loading=\"lazy\" decoding=\"async\" width=\"576\" height=\"1024\" src=\"https:\/\/www.salon-medecinedouce.com\/paris\/wp-content\/uploads\/sites\/14\/2025\/05\/IMG_9687-576x1024.jpg\" class=\"attachment-large size-large\" alt=\"\" srcset=\"https:\/\/www.salon-medecinedouce.com\/paris\/wp-content\/uploads\/sites\/14\/2025\/05\/IMG_9687-576x1024.jpg 576w, https:\/\/www.salon-medecinedouce.com\/paris\/wp-content\/uploads\/sites\/14\/2025\/05\/IMG_9687-169x300.jpg 169w, https:\/\/www.salon-medecinedouce.com\/paris\/wp-content\/uploads\/sites\/14\/2025\/05\/IMG_9687-768x1365.jpg 768w, https:\/\/www.salon-medecinedouce.com\/paris\/wp-content\/uploads\/sites\/14\/2025\/05\/IMG_9687-864x1536.jpg 864w, https:\/\/www.salon-medecinedouce.com\/paris\/wp-content\/uploads\/sites\/14\/2025\/05\/IMG_9687-1152x2048.jpg 1152w, https:\/\/www.salon-medecinedouce.com\/paris\/wp-content\/uploads\/sites\/14\/2025\/05\/IMG_9687-150x267.jpg 150w, https:\/\/www.salon-medecinedouce.com\/paris\/wp-content\/uploads\/sites\/14\/2025\/05\/IMG_9687-281x500.jpg 281w, https:\/\/www.salon-medecinedouce.com\/paris\/wp-content\/uploads\/sites\/14\/2025\/05\/IMG_9687-scaled.jpg 1440w\" sizes=\"(max-width: 576px) 100vw, 576px\" \/><\/a>\n\t\t\t<\/div><\/figure>\n\t\t<\/div>\n\n<div class=\"salon-pubs-hp-bas-de-page salon-entity-placement\" id=\"salon-2692355928\"><div id=\"salon-3105277573\"><a data-no-instant=\"1\" href=\"https:\/\/www.adntv.fr\/home?request_origin=tv_app\" rel=\"noopener\" class=\"a2t-link\" target=\"_blank\"><p><a href=\"https:\/\/www.salondesseniors.com\/\"><img loading=\"lazy\" decoding=\"async\" class=\"wp-image-22417 aligncenter\" src=\"https:\/\/www.salon-medecinedouce.com\/paris\/wp-content\/uploads\/sites\/14\/2026\/02\/Banniere-728x90-1-300x37.png\" alt=\"\" width=\"754\" height=\"93\" srcset=\"https:\/\/www.salon-medecinedouce.com\/paris\/wp-content\/uploads\/sites\/14\/2026\/02\/Banniere-728x90-1-300x37.png 300w, https:\/\/www.salon-medecinedouce.com\/paris\/wp-content\/uploads\/sites\/14\/2026\/02\/Banniere-728x90-1-1024x127.png 1024w, https:\/\/www.salon-medecinedouce.com\/paris\/wp-content\/uploads\/sites\/14\/2026\/02\/Banniere-728x90-1-768x95.png 768w, https:\/\/www.salon-medecinedouce.com\/paris\/wp-content\/uploads\/sites\/14\/2026\/02\/Banniere-728x90-1-1536x190.png 1536w, https:\/\/www.salon-medecinedouce.com\/paris\/wp-content\/uploads\/sites\/14\/2026\/02\/Banniere-728x90-1-2048x253.png 2048w, https:\/\/www.salon-medecinedouce.com\/paris\/wp-content\/uploads\/sites\/14\/2026\/02\/Banniere-728x90-1-150x19.png 150w, https:\/\/www.salon-medecinedouce.com\/paris\/wp-content\/uploads\/sites\/14\/2026\/02\/Banniere-728x90-1-500x62.png 500w\" sizes=\"(max-width: 754px) 100vw, 754px\" \/><\/a><\/p>\n<\/a><\/div><\/div>","protected":false},"excerpt":{"rendered":"<p>&nbsp; Retrouvez ci-dessous une s\u00e9lection de photos de l&rsquo;\u00e9dition 2025 du salon Bien-\u00catre M\u00e9decine Douce :<\/p>\n","protected":false},"author":1,"featured_media":0,"parent":2081,"menu_order":5,"comment_status":"closed","ping_status":"closed","template":"page-templates\/gallery-template.php","meta":{"_monsterinsights_skip_tracking":false,"_monsterinsights_sitenote_active":false,"_monsterinsights_sitenote_note":"","_monsterinsights_sitenote_category":0,"footnotes":""},"class_list":["post-2392","page","type-page","status-publish","hentry"],"yoast_head":"<!-- This site is optimized with the Yoast SEO plugin v27.5 - https:\/\/yoast.com\/product\/yoast-seo-wordpress\/ -->\n<title>Les photos du salon - Bien-\u00eatre Paris<\/title>\n<meta name=\"description\" content=\"Retrouvez une s\u00e9lection de photos des \u00e9ditions pass\u00e9es du salon Bien-\u00eatre M\u00e9decine douce Paris.\" \/>\n<meta name=\"robots\" content=\"index, follow, max-snippet:-1, max-image-preview:large, max-video-preview:-1\" \/>\n<link rel=\"canonical\" href=\"https:\/\/www.salon-medecinedouce.com\/paris\/visiter\/les-photos-du-salon\/\" \/>\n<meta property=\"og:locale\" content=\"fr_FR\" \/>\n<meta property=\"og:type\" content=\"article\" \/>\n<meta property=\"og:title\" content=\"Les photos du salon - Bien-\u00eatre Paris\" \/>\n<meta property=\"og:description\" content=\"Retrouvez une s\u00e9lection de photos des \u00e9ditions pass\u00e9es du salon Bien-\u00eatre M\u00e9decine douce Paris.\" \/>\n<meta property=\"og:url\" content=\"https:\/\/www.salon-medecinedouce.com\/paris\/visiter\/les-photos-du-salon\/\" \/>\n<meta property=\"og:site_name\" content=\"Bien-\u00eatre Paris\" \/>\n<meta property=\"article:modified_time\" content=\"2025-05-14T14:33:26+00:00\" \/>\n<meta property=\"og:image\" content=\"https:\/\/www.salon-medecinedouce.com\/paris\/wp-content\/uploads\/sites\/14\/2025\/05\/IMG_9711-2-576x1024.jpg\" \/>\n<meta name=\"twitter:card\" content=\"summary_large_image\" \/>\n<meta name=\"twitter:label1\" content=\"Dur\u00e9e de lecture estim\u00e9e\" \/>\n\t<meta name=\"twitter:data1\" content=\"1 minute\" \/>\n<script type=\"application\/ld+json\" class=\"yoast-schema-graph\">{\"@context\":\"https:\\\/\\\/schema.org\",\"@graph\":[{\"@type\":\"WebPage\",\"@id\":\"https:\\\/\\\/www.salon-medecinedouce.com\\\/paris\\\/visiter\\\/les-photos-du-salon\\\/\",\"url\":\"https:\\\/\\\/www.salon-medecinedouce.com\\\/paris\\\/visiter\\\/les-photos-du-salon\\\/\",\"name\":\"Les photos du salon - Bien-\u00eatre Paris\",\"isPartOf\":{\"@id\":\"https:\\\/\\\/www.salon-medecinedouce.com\\\/paris\\\/#website\"},\"datePublished\":\"2017-01-24T11:45:18+00:00\",\"dateModified\":\"2025-05-14T14:33:26+00:00\",\"description\":\"Retrouvez une s\u00e9lection de photos des \u00e9ditions pass\u00e9es du salon Bien-\u00eatre M\u00e9decine douce Paris.\",\"breadcrumb\":{\"@id\":\"https:\\\/\\\/www.salon-medecinedouce.com\\\/paris\\\/visiter\\\/les-photos-du-salon\\\/#breadcrumb\"},\"inLanguage\":\"fr-FR\",\"potentialAction\":[{\"@type\":\"ReadAction\",\"target\":[\"https:\\\/\\\/www.salon-medecinedouce.com\\\/paris\\\/visiter\\\/les-photos-du-salon\\\/\"]}]},{\"@type\":\"BreadcrumbList\",\"@id\":\"https:\\\/\\\/www.salon-medecinedouce.com\\\/paris\\\/visiter\\\/les-photos-du-salon\\\/#breadcrumb\",\"itemListElement\":[{\"@type\":\"ListItem\",\"position\":1,\"name\":\"Accueil\",\"item\":\"https:\\\/\\\/www.salon-medecinedouce.com\\\/paris\\\/\"},{\"@type\":\"ListItem\",\"position\":2,\"name\":\"Visiter le salon\",\"item\":\"https:\\\/\\\/www.salon-medecinedouce.com\\\/paris\\\/visiter\\\/\"},{\"@type\":\"ListItem\",\"position\":3,\"name\":\"Les photos du salon\"}]},{\"@type\":\"WebSite\",\"@id\":\"https:\\\/\\\/www.salon-medecinedouce.com\\\/paris\\\/#website\",\"url\":\"https:\\\/\\\/www.salon-medecinedouce.com\\\/paris\\\/\",\"name\":\"Bien-\u00eatre Paris\",\"description\":\"La sant\u00e9 au naturel : M\u00e9decines douces - Compl\u00e9ments alimentaires - Alimentation saine - Cosm\u00e9tiques naturelles - Art de vivre - Tourisme de sant\u00e9\",\"publisher\":{\"@id\":\"https:\\\/\\\/www.salon-medecinedouce.com\\\/paris\\\/#organization\"},\"potentialAction\":[{\"@type\":\"SearchAction\",\"target\":{\"@type\":\"EntryPoint\",\"urlTemplate\":\"https:\\\/\\\/www.salon-medecinedouce.com\\\/paris\\\/?s={search_term_string}\"},\"query-input\":{\"@type\":\"PropertyValueSpecification\",\"valueRequired\":true,\"valueName\":\"search_term_string\"}}],\"inLanguage\":\"fr-FR\"},{\"@type\":\"Organization\",\"@id\":\"https:\\\/\\\/www.salon-medecinedouce.com\\\/paris\\\/#organization\",\"name\":\"Bien-\u00eatre Paris\",\"url\":\"https:\\\/\\\/www.salon-medecinedouce.com\\\/paris\\\/\",\"logo\":{\"@type\":\"ImageObject\",\"inLanguage\":\"fr-FR\",\"@id\":\"https:\\\/\\\/www.salon-medecinedouce.com\\\/paris\\\/#\\\/schema\\\/logo\\\/image\\\/\",\"url\":\"https:\\\/\\\/www.salon-medecinedouce.com\\\/paris\\\/wp-content\\\/uploads\\\/sites\\\/14\\\/2024\\\/05\\\/cropped-logo-orange-bemd.png\",\"contentUrl\":\"https:\\\/\\\/www.salon-medecinedouce.com\\\/paris\\\/wp-content\\\/uploads\\\/sites\\\/14\\\/2024\\\/05\\\/cropped-logo-orange-bemd.png\",\"width\":591,\"height\":591,\"caption\":\"Bien-\u00eatre Paris\"},\"image\":{\"@id\":\"https:\\\/\\\/www.salon-medecinedouce.com\\\/paris\\\/#\\\/schema\\\/logo\\\/image\\\/\"}}]}<\/script>\n<!-- \/ Yoast SEO plugin. -->","yoast_head_json":{"title":"Les photos du salon - Bien-\u00eatre Paris","description":"Retrouvez une s\u00e9lection de photos des \u00e9ditions pass\u00e9es du salon Bien-\u00eatre M\u00e9decine douce Paris.","robots":{"index":"index","follow":"follow","max-snippet":"max-snippet:-1","max-image-preview":"max-image-preview:large","max-video-preview":"max-video-preview:-1"},"canonical":"https:\/\/www.salon-medecinedouce.com\/paris\/visiter\/les-photos-du-salon\/","og_locale":"fr_FR","og_type":"article","og_title":"Les photos du salon - Bien-\u00eatre Paris","og_description":"Retrouvez une s\u00e9lection de photos des \u00e9ditions pass\u00e9es du salon Bien-\u00eatre M\u00e9decine douce Paris.","og_url":"https:\/\/www.salon-medecinedouce.com\/paris\/visiter\/les-photos-du-salon\/","og_site_name":"Bien-\u00eatre Paris","article_modified_time":"2025-05-14T14:33:26+00:00","og_image":[{"url":"https:\/\/www.salon-medecinedouce.com\/paris\/wp-content\/uploads\/sites\/14\/2025\/05\/IMG_9711-2-576x1024.jpg","type":"","width":"","height":""}],"twitter_card":"summary_large_image","twitter_misc":{"Dur\u00e9e de lecture estim\u00e9e":"1 minute"},"schema":{"@context":"https:\/\/schema.org","@graph":[{"@type":"WebPage","@id":"https:\/\/www.salon-medecinedouce.com\/paris\/visiter\/les-photos-du-salon\/","url":"https:\/\/www.salon-medecinedouce.com\/paris\/visiter\/les-photos-du-salon\/","name":"Les photos du salon - Bien-\u00eatre Paris","isPartOf":{"@id":"https:\/\/www.salon-medecinedouce.com\/paris\/#website"},"datePublished":"2017-01-24T11:45:18+00:00","dateModified":"2025-05-14T14:33:26+00:00","description":"Retrouvez une s\u00e9lection de photos des \u00e9ditions pass\u00e9es du salon Bien-\u00eatre M\u00e9decine douce Paris.","breadcrumb":{"@id":"https:\/\/www.salon-medecinedouce.com\/paris\/visiter\/les-photos-du-salon\/#breadcrumb"},"inLanguage":"fr-FR","potentialAction":[{"@type":"ReadAction","target":["https:\/\/www.salon-medecinedouce.com\/paris\/visiter\/les-photos-du-salon\/"]}]},{"@type":"BreadcrumbList","@id":"https:\/\/www.salon-medecinedouce.com\/paris\/visiter\/les-photos-du-salon\/#breadcrumb","itemListElement":[{"@type":"ListItem","position":1,"name":"Accueil","item":"https:\/\/www.salon-medecinedouce.com\/paris\/"},{"@type":"ListItem","position":2,"name":"Visiter le salon","item":"https:\/\/www.salon-medecinedouce.com\/paris\/visiter\/"},{"@type":"ListItem","position":3,"name":"Les photos du salon"}]},{"@type":"WebSite","@id":"https:\/\/www.salon-medecinedouce.com\/paris\/#website","url":"https:\/\/www.salon-medecinedouce.com\/paris\/","name":"Bien-\u00eatre Paris","description":"La sant\u00e9 au naturel : M\u00e9decines douces - Compl\u00e9ments alimentaires - Alimentation saine - Cosm\u00e9tiques naturelles - Art de vivre - Tourisme de sant\u00e9","publisher":{"@id":"https:\/\/www.salon-medecinedouce.com\/paris\/#organization"},"potentialAction":[{"@type":"SearchAction","target":{"@type":"EntryPoint","urlTemplate":"https:\/\/www.salon-medecinedouce.com\/paris\/?s={search_term_string}"},"query-input":{"@type":"PropertyValueSpecification","valueRequired":true,"valueName":"search_term_string"}}],"inLanguage":"fr-FR"},{"@type":"Organization","@id":"https:\/\/www.salon-medecinedouce.com\/paris\/#organization","name":"Bien-\u00eatre Paris","url":"https:\/\/www.salon-medecinedouce.com\/paris\/","logo":{"@type":"ImageObject","inLanguage":"fr-FR","@id":"https:\/\/www.salon-medecinedouce.com\/paris\/#\/schema\/logo\/image\/","url":"https:\/\/www.salon-medecinedouce.com\/paris\/wp-content\/uploads\/sites\/14\/2024\/05\/cropped-logo-orange-bemd.png","contentUrl":"https:\/\/www.salon-medecinedouce.com\/paris\/wp-content\/uploads\/sites\/14\/2024\/05\/cropped-logo-orange-bemd.png","width":591,"height":591,"caption":"Bien-\u00eatre Paris"},"image":{"@id":"https:\/\/www.salon-medecinedouce.com\/paris\/#\/schema\/logo\/image\/"}}]}},"rttpg_featured_image_url":null,"rttpg_author":{"display_name":"admin","author_link":"https:\/\/www.salon-medecinedouce.com\/paris\/blog\/author\/admin\/"},"rttpg_comment":0,"rttpg_category":false,"rttpg_excerpt":"&nbsp; Retrouvez ci-dessous une s\u00e9lection de photos de l&rsquo;\u00e9dition 2025 du salon Bien-\u00catre M\u00e9decine Douce :","_links":{"self":[{"href":"https:\/\/www.salon-medecinedouce.com\/paris\/wp-json\/wp\/v2\/pages\/2392","targetHints":{"allow":["GET"]}}],"collection":[{"href":"https:\/\/www.salon-medecinedouce.com\/paris\/wp-json\/wp\/v2\/pages"}],"about":[{"href":"https:\/\/www.salon-medecinedouce.com\/paris\/wp-json\/wp\/v2\/types\/page"}],"author":[{"embeddable":true,"href":"https:\/\/www.salon-medecinedouce.com\/paris\/wp-json\/wp\/v2\/users\/1"}],"replies":[{"embeddable":true,"href":"https:\/\/www.salon-medecinedouce.com\/paris\/wp-json\/wp\/v2\/comments?post=2392"}],"version-history":[{"count":24,"href":"https:\/\/www.salon-medecinedouce.com\/paris\/wp-json\/wp\/v2\/pages\/2392\/revisions"}],"predecessor-version":[{"id":17308,"href":"https:\/\/www.salon-medecinedouce.com\/paris\/wp-json\/wp\/v2\/pages\/2392\/revisions\/17308"}],"up":[{"embeddable":true,"href":"https:\/\/www.salon-medecinedouce.com\/paris\/wp-json\/wp\/v2\/pages\/2081"}],"wp:attachment":[{"href":"https:\/\/www.salon-medecinedouce.com\/paris\/wp-json\/wp\/v2\/media?parent=2392"}],"curies":[{"name":"wp","href":"https:\/\/api.w.org\/{rel}","templated":true}]}}