{"id":2388,"date":"2024-06-26T09:00:44","date_gmt":"2024-06-26T07:00:44","guid":{"rendered":"http:\/\/localhost:8888\/zen\/?page_id=2388"},"modified":"2025-05-14T14:05:28","modified_gmt":"2025-05-14T12:05:28","slug":"les-secteurs-du-salon","status":"publish","type":"page","link":"https:\/\/www.salon-medecinedouce.com\/paris\/visiter\/les-secteurs-du-salon\/","title":{"rendered":"Les secteurs du salon"},"content":{"rendered":"<h2><img fetchpriority=\"high\" decoding=\"async\" class=\"alignnone size-full wp-image-8600\" src=\"https:\/\/www.salon-medecinedouce.com\/paris\/wp-content\/uploads\/sites\/14\/2019\/06\/AdobeStock_218234665.jpg\" alt=\"\" width=\"840\" height=\"250\" srcset=\"https:\/\/www.salon-medecinedouce.com\/paris\/wp-content\/uploads\/sites\/14\/2019\/06\/AdobeStock_218234665.jpg 840w, https:\/\/www.salon-medecinedouce.com\/paris\/wp-content\/uploads\/sites\/14\/2019\/06\/AdobeStock_218234665-300x89.jpg 300w, https:\/\/www.salon-medecinedouce.com\/paris\/wp-content\/uploads\/sites\/14\/2019\/06\/AdobeStock_218234665-768x229.jpg 768w, https:\/\/www.salon-medecinedouce.com\/paris\/wp-content\/uploads\/sites\/14\/2019\/06\/AdobeStock_218234665-150x45.jpg 150w, https:\/\/www.salon-medecinedouce.com\/paris\/wp-content\/uploads\/sites\/14\/2019\/06\/AdobeStock_218234665-500x149.jpg 500w\" sizes=\"(max-width: 840px) 100vw, 840px\" \/><\/h2>\n<h2><span style=\"color: #165e6c;\">Le salon se d\u00e9ploie sur 2 secteurs d&rsquo;exposition d\u00e9taill\u00e9s ci-dessous\u00a0 :<\/span><\/h2>\n<h3><span style=\"color: #165e6c;\"><strong>Sant\u00e9 au naturel &amp; M\u00e9decine douce<\/strong><\/span><\/h3>\n<p>5 espaces pour prendre soin de soi autrement :<\/p>\n<ul>\n<li><span style=\"color: #165e6c;\">La formation &amp; expertise<\/span> : \u00e9coles sp\u00e9cialis\u00e9es, f\u00e9d\u00e9rations engag\u00e9es, organismes de r\u00e9f\u00e9rence&#8230;<\/li>\n<li><span style=\"color: #165e6c;\">Praticiens du mieux \u00eatre<\/span> : naturopathes, praticiens en MTC, experts en nutrition sant\u00e9&#8230;<\/li>\n<li><span style=\"color: #165e6c;\">Art du soins &amp; massages<\/span> : r\u00e9flexologie, soins traditionnels du monde, techniques manuelles innovantes&#8230;<\/li>\n<li><span style=\"color: #165e6c;\">Sant\u00e9 mentale &amp; \u00e9motionnelle<\/span> : coaching de vie, th\u00e9rapies br\u00e8ves, accompagnements transformateurs&#8230;<\/li>\n<li><span style=\"color: #165e6c;\">Nutrition sant\u00e9<\/span> : laboratoires experts, compl\u00e9ments alimentaires innovants, micronutrition cibl\u00e9e&#8230;<\/li>\n<\/ul>\n<h3>\u00a0<\/h3>\n<h3><span style=\"color: #165e6c;\"><strong>Bien-\u00eatre &amp; Spirit<\/strong><\/span><\/h3>\n<p>5 piliers pour se ressourcer :<\/p>\n<ul>\n<li><span style=\"color: #165e6c;\">Alimentation saine<\/span> : superaliments, alternatives \u00ab sans \u00bb, innovations culinaires healthy&#8230;<\/li>\n<li><span style=\"color: #165e6c;\">Sommeil r\u00e9parateur<\/span>: literiehaut de gamme, technologies du sommeil, rituels de relaxation&#8230;<\/li>\n<li><span style=\"color: #165e6c;\">Mouvement et Vitalit\u00e9<\/span> : coachingholistique, pratiques douces, \u00e9quipements bien-\u00eatre&#8230;<\/li>\n<li><span style=\"color: #165e6c;\">Beaute\u0301 authentique<\/span> : <b> <\/b>cosm\u00e9tiques naturels, soins corps &amp; cheveux clean beauty, appareils bien-\u00eatre<span class=\"apple-converted-space\">\u00a0<\/span>&#8230;<\/li>\n<li><span style=\"color: #165e6c;\">\u00c9veil spiriturel<\/span> : soins \u00e9nerg\u00e9tiques, rituels chamaniques, guidance intuitive&#8230;<\/li>\n<\/ul>\n<div class=\"salon-pubs-hp-bas-de-page salon-entity-placement\" id=\"salon-3488645978\"><div id=\"salon-1577283635\"><a data-no-instant=\"1\" href=\"https:\/\/www.adntv.fr\/home?request_origin=tv_app\" rel=\"noopener\" class=\"a2t-link\" target=\"_blank\"><p><a href=\"https:\/\/www.salondesseniors.com\/\"><img decoding=\"async\" class=\"wp-image-22417 aligncenter\" src=\"https:\/\/www.salon-medecinedouce.com\/paris\/wp-content\/uploads\/sites\/14\/2026\/02\/Banniere-728x90-1-300x37.png\" alt=\"\" width=\"754\" height=\"93\" srcset=\"https:\/\/www.salon-medecinedouce.com\/paris\/wp-content\/uploads\/sites\/14\/2026\/02\/Banniere-728x90-1-300x37.png 300w, https:\/\/www.salon-medecinedouce.com\/paris\/wp-content\/uploads\/sites\/14\/2026\/02\/Banniere-728x90-1-1024x127.png 1024w, https:\/\/www.salon-medecinedouce.com\/paris\/wp-content\/uploads\/sites\/14\/2026\/02\/Banniere-728x90-1-768x95.png 768w, https:\/\/www.salon-medecinedouce.com\/paris\/wp-content\/uploads\/sites\/14\/2026\/02\/Banniere-728x90-1-1536x190.png 1536w, https:\/\/www.salon-medecinedouce.com\/paris\/wp-content\/uploads\/sites\/14\/2026\/02\/Banniere-728x90-1-2048x253.png 2048w, https:\/\/www.salon-medecinedouce.com\/paris\/wp-content\/uploads\/sites\/14\/2026\/02\/Banniere-728x90-1-150x19.png 150w, https:\/\/www.salon-medecinedouce.com\/paris\/wp-content\/uploads\/sites\/14\/2026\/02\/Banniere-728x90-1-500x62.png 500w\" sizes=\"(max-width: 754px) 100vw, 754px\" \/><\/a><\/p>\n<\/a><\/div><\/div>","protected":false},"excerpt":{"rendered":"<p>Le salon se d\u00e9ploie sur 2 secteurs d&rsquo;exposition d\u00e9taill\u00e9s ci-dessous\u00a0 : Sant\u00e9 au naturel &amp; M\u00e9decine douce 5 espaces pour prendre soin de soi autrement : La formation &amp; expertise : \u00e9coles sp\u00e9cialis\u00e9es, f\u00e9d\u00e9rations engag\u00e9es, organismes de r\u00e9f\u00e9rence&#8230; Praticiens du mieux \u00eatre : naturopathes, praticiens en MTC, experts en nutrition sant\u00e9&#8230; Art du soins &amp;&hellip; <\/p>\n","protected":false},"author":1,"featured_media":4100,"parent":2081,"menu_order":2,"comment_status":"closed","ping_status":"closed","template":"","meta":{"_monsterinsights_skip_tracking":false,"_monsterinsights_sitenote_active":false,"_monsterinsights_sitenote_note":"","_monsterinsights_sitenote_category":0,"footnotes":""},"class_list":["post-2388","page","type-page","status-publish","has-post-thumbnail","hentry"],"yoast_head":"<!-- This site is optimized with the Yoast SEO plugin v27.5 - https:\/\/yoast.com\/product\/yoast-seo-wordpress\/ -->\n<title>Les secteurs du salon - Bien-\u00eatre Paris<\/title>\n<meta name=\"description\" content=\"Le salon se d\u00e9ploie sur 2 secteurs d&#039;exposition : Sant\u00e9 au Naturel &amp; M\u00e9decine douce, Bien-\u00eatre &amp; Spirit\" \/>\n<meta name=\"robots\" content=\"index, follow, max-snippet:-1, max-image-preview:large, max-video-preview:-1\" \/>\n<link rel=\"canonical\" href=\"https:\/\/www.salon-medecinedouce.com\/paris\/visiter\/les-secteurs-du-salon\/\" \/>\n<meta property=\"og:locale\" content=\"fr_FR\" \/>\n<meta property=\"og:type\" content=\"article\" \/>\n<meta property=\"og:title\" content=\"Les secteurs du salon - Bien-\u00eatre Paris\" \/>\n<meta property=\"og:description\" content=\"Le salon se d\u00e9ploie sur 2 secteurs d&#039;exposition : Sant\u00e9 au Naturel &amp; M\u00e9decine douce, Bien-\u00eatre &amp; Spirit\" \/>\n<meta property=\"og:url\" content=\"https:\/\/www.salon-medecinedouce.com\/paris\/visiter\/les-secteurs-du-salon\/\" \/>\n<meta property=\"og:site_name\" content=\"Bien-\u00eatre Paris\" \/>\n<meta property=\"article:modified_time\" content=\"2025-05-14T12:05:28+00:00\" \/>\n<meta property=\"og:image\" content=\"https:\/\/www.salon-medecinedouce.com\/paris\/wp-content\/uploads\/sites\/14\/2017\/06\/shutterstock_521637919.jpg\" \/>\n\t<meta property=\"og:image:width\" content=\"1000\" \/>\n\t<meta property=\"og:image:height\" content=\"667\" \/>\n\t<meta property=\"og:image:type\" content=\"image\/jpeg\" \/>\n<meta name=\"twitter:card\" content=\"summary_large_image\" \/>\n<meta name=\"twitter:label1\" content=\"Dur\u00e9e de lecture estim\u00e9e\" \/>\n\t<meta name=\"twitter:data1\" content=\"2 minutes\" \/>\n<script type=\"application\/ld+json\" class=\"yoast-schema-graph\">{\"@context\":\"https:\\\/\\\/schema.org\",\"@graph\":[{\"@type\":\"WebPage\",\"@id\":\"https:\\\/\\\/www.salon-medecinedouce.com\\\/paris\\\/visiter\\\/les-secteurs-du-salon\\\/\",\"url\":\"https:\\\/\\\/www.salon-medecinedouce.com\\\/paris\\\/visiter\\\/les-secteurs-du-salon\\\/\",\"name\":\"Les secteurs du salon - Bien-\u00eatre Paris\",\"isPartOf\":{\"@id\":\"https:\\\/\\\/www.salon-medecinedouce.com\\\/paris\\\/#website\"},\"primaryImageOfPage\":{\"@id\":\"https:\\\/\\\/www.salon-medecinedouce.com\\\/paris\\\/visiter\\\/les-secteurs-du-salon\\\/#primaryimage\"},\"image\":{\"@id\":\"https:\\\/\\\/www.salon-medecinedouce.com\\\/paris\\\/visiter\\\/les-secteurs-du-salon\\\/#primaryimage\"},\"thumbnailUrl\":\"https:\\\/\\\/www.salon-medecinedouce.com\\\/paris\\\/wp-content\\\/uploads\\\/sites\\\/14\\\/2017\\\/06\\\/shutterstock_521637919.jpg\",\"datePublished\":\"2024-06-26T07:00:44+00:00\",\"dateModified\":\"2025-05-14T12:05:28+00:00\",\"description\":\"Le salon se d\u00e9ploie sur 2 secteurs d'exposition : Sant\u00e9 au Naturel & M\u00e9decine douce, Bien-\u00eatre & Spirit\",\"breadcrumb\":{\"@id\":\"https:\\\/\\\/www.salon-medecinedouce.com\\\/paris\\\/visiter\\\/les-secteurs-du-salon\\\/#breadcrumb\"},\"inLanguage\":\"fr-FR\",\"potentialAction\":[{\"@type\":\"ReadAction\",\"target\":[\"https:\\\/\\\/www.salon-medecinedouce.com\\\/paris\\\/visiter\\\/les-secteurs-du-salon\\\/\"]}]},{\"@type\":\"ImageObject\",\"inLanguage\":\"fr-FR\",\"@id\":\"https:\\\/\\\/www.salon-medecinedouce.com\\\/paris\\\/visiter\\\/les-secteurs-du-salon\\\/#primaryimage\",\"url\":\"https:\\\/\\\/www.salon-medecinedouce.com\\\/paris\\\/wp-content\\\/uploads\\\/sites\\\/14\\\/2017\\\/06\\\/shutterstock_521637919.jpg\",\"contentUrl\":\"https:\\\/\\\/www.salon-medecinedouce.com\\\/paris\\\/wp-content\\\/uploads\\\/sites\\\/14\\\/2017\\\/06\\\/shutterstock_521637919.jpg\",\"width\":1000,\"height\":667},{\"@type\":\"BreadcrumbList\",\"@id\":\"https:\\\/\\\/www.salon-medecinedouce.com\\\/paris\\\/visiter\\\/les-secteurs-du-salon\\\/#breadcrumb\",\"itemListElement\":[{\"@type\":\"ListItem\",\"position\":1,\"name\":\"Accueil\",\"item\":\"https:\\\/\\\/www.salon-medecinedouce.com\\\/paris\\\/\"},{\"@type\":\"ListItem\",\"position\":2,\"name\":\"Visiter le salon\",\"item\":\"https:\\\/\\\/www.salon-medecinedouce.com\\\/paris\\\/visiter\\\/\"},{\"@type\":\"ListItem\",\"position\":3,\"name\":\"Les secteurs du salon\"}]},{\"@type\":\"WebSite\",\"@id\":\"https:\\\/\\\/www.salon-medecinedouce.com\\\/paris\\\/#website\",\"url\":\"https:\\\/\\\/www.salon-medecinedouce.com\\\/paris\\\/\",\"name\":\"Bien-\u00eatre Paris\",\"description\":\"La sant\u00e9 au naturel : M\u00e9decines douces - Compl\u00e9ments alimentaires - Alimentation saine - Cosm\u00e9tiques naturelles - Art de vivre - Tourisme de sant\u00e9\",\"publisher\":{\"@id\":\"https:\\\/\\\/www.salon-medecinedouce.com\\\/paris\\\/#organization\"},\"potentialAction\":[{\"@type\":\"SearchAction\",\"target\":{\"@type\":\"EntryPoint\",\"urlTemplate\":\"https:\\\/\\\/www.salon-medecinedouce.com\\\/paris\\\/?s={search_term_string}\"},\"query-input\":{\"@type\":\"PropertyValueSpecification\",\"valueRequired\":true,\"valueName\":\"search_term_string\"}}],\"inLanguage\":\"fr-FR\"},{\"@type\":\"Organization\",\"@id\":\"https:\\\/\\\/www.salon-medecinedouce.com\\\/paris\\\/#organization\",\"name\":\"Bien-\u00eatre Paris\",\"url\":\"https:\\\/\\\/www.salon-medecinedouce.com\\\/paris\\\/\",\"logo\":{\"@type\":\"ImageObject\",\"inLanguage\":\"fr-FR\",\"@id\":\"https:\\\/\\\/www.salon-medecinedouce.com\\\/paris\\\/#\\\/schema\\\/logo\\\/image\\\/\",\"url\":\"https:\\\/\\\/www.salon-medecinedouce.com\\\/paris\\\/wp-content\\\/uploads\\\/sites\\\/14\\\/2024\\\/05\\\/cropped-logo-orange-bemd.png\",\"contentUrl\":\"https:\\\/\\\/www.salon-medecinedouce.com\\\/paris\\\/wp-content\\\/uploads\\\/sites\\\/14\\\/2024\\\/05\\\/cropped-logo-orange-bemd.png\",\"width\":591,\"height\":591,\"caption\":\"Bien-\u00eatre Paris\"},\"image\":{\"@id\":\"https:\\\/\\\/www.salon-medecinedouce.com\\\/paris\\\/#\\\/schema\\\/logo\\\/image\\\/\"}}]}<\/script>\n<!-- \/ Yoast SEO plugin. -->","yoast_head_json":{"title":"Les secteurs du salon - Bien-\u00eatre Paris","description":"Le salon se d\u00e9ploie sur 2 secteurs d'exposition : Sant\u00e9 au Naturel & M\u00e9decine douce, Bien-\u00eatre & Spirit","robots":{"index":"index","follow":"follow","max-snippet":"max-snippet:-1","max-image-preview":"max-image-preview:large","max-video-preview":"max-video-preview:-1"},"canonical":"https:\/\/www.salon-medecinedouce.com\/paris\/visiter\/les-secteurs-du-salon\/","og_locale":"fr_FR","og_type":"article","og_title":"Les secteurs du salon - Bien-\u00eatre Paris","og_description":"Le salon se d\u00e9ploie sur 2 secteurs d'exposition : Sant\u00e9 au Naturel & M\u00e9decine douce, Bien-\u00eatre & Spirit","og_url":"https:\/\/www.salon-medecinedouce.com\/paris\/visiter\/les-secteurs-du-salon\/","og_site_name":"Bien-\u00eatre Paris","article_modified_time":"2025-05-14T12:05:28+00:00","og_image":[{"width":1000,"height":667,"url":"https:\/\/www.salon-medecinedouce.com\/paris\/wp-content\/uploads\/sites\/14\/2017\/06\/shutterstock_521637919.jpg","type":"image\/jpeg"}],"twitter_card":"summary_large_image","twitter_misc":{"Dur\u00e9e de lecture estim\u00e9e":"2 minutes"},"schema":{"@context":"https:\/\/schema.org","@graph":[{"@type":"WebPage","@id":"https:\/\/www.salon-medecinedouce.com\/paris\/visiter\/les-secteurs-du-salon\/","url":"https:\/\/www.salon-medecinedouce.com\/paris\/visiter\/les-secteurs-du-salon\/","name":"Les secteurs du salon - Bien-\u00eatre Paris","isPartOf":{"@id":"https:\/\/www.salon-medecinedouce.com\/paris\/#website"},"primaryImageOfPage":{"@id":"https:\/\/www.salon-medecinedouce.com\/paris\/visiter\/les-secteurs-du-salon\/#primaryimage"},"image":{"@id":"https:\/\/www.salon-medecinedouce.com\/paris\/visiter\/les-secteurs-du-salon\/#primaryimage"},"thumbnailUrl":"https:\/\/www.salon-medecinedouce.com\/paris\/wp-content\/uploads\/sites\/14\/2017\/06\/shutterstock_521637919.jpg","datePublished":"2024-06-26T07:00:44+00:00","dateModified":"2025-05-14T12:05:28+00:00","description":"Le salon se d\u00e9ploie sur 2 secteurs d'exposition : Sant\u00e9 au Naturel & M\u00e9decine douce, Bien-\u00eatre & Spirit","breadcrumb":{"@id":"https:\/\/www.salon-medecinedouce.com\/paris\/visiter\/les-secteurs-du-salon\/#breadcrumb"},"inLanguage":"fr-FR","potentialAction":[{"@type":"ReadAction","target":["https:\/\/www.salon-medecinedouce.com\/paris\/visiter\/les-secteurs-du-salon\/"]}]},{"@type":"ImageObject","inLanguage":"fr-FR","@id":"https:\/\/www.salon-medecinedouce.com\/paris\/visiter\/les-secteurs-du-salon\/#primaryimage","url":"https:\/\/www.salon-medecinedouce.com\/paris\/wp-content\/uploads\/sites\/14\/2017\/06\/shutterstock_521637919.jpg","contentUrl":"https:\/\/www.salon-medecinedouce.com\/paris\/wp-content\/uploads\/sites\/14\/2017\/06\/shutterstock_521637919.jpg","width":1000,"height":667},{"@type":"BreadcrumbList","@id":"https:\/\/www.salon-medecinedouce.com\/paris\/visiter\/les-secteurs-du-salon\/#breadcrumb","itemListElement":[{"@type":"ListItem","position":1,"name":"Accueil","item":"https:\/\/www.salon-medecinedouce.com\/paris\/"},{"@type":"ListItem","position":2,"name":"Visiter le salon","item":"https:\/\/www.salon-medecinedouce.com\/paris\/visiter\/"},{"@type":"ListItem","position":3,"name":"Les secteurs du salon"}]},{"@type":"WebSite","@id":"https:\/\/www.salon-medecinedouce.com\/paris\/#website","url":"https:\/\/www.salon-medecinedouce.com\/paris\/","name":"Bien-\u00eatre Paris","description":"La sant\u00e9 au naturel : M\u00e9decines douces - Compl\u00e9ments alimentaires - Alimentation saine - Cosm\u00e9tiques naturelles - Art de vivre - Tourisme de sant\u00e9","publisher":{"@id":"https:\/\/www.salon-medecinedouce.com\/paris\/#organization"},"potentialAction":[{"@type":"SearchAction","target":{"@type":"EntryPoint","urlTemplate":"https:\/\/www.salon-medecinedouce.com\/paris\/?s={search_term_string}"},"query-input":{"@type":"PropertyValueSpecification","valueRequired":true,"valueName":"search_term_string"}}],"inLanguage":"fr-FR"},{"@type":"Organization","@id":"https:\/\/www.salon-medecinedouce.com\/paris\/#organization","name":"Bien-\u00eatre Paris","url":"https:\/\/www.salon-medecinedouce.com\/paris\/","logo":{"@type":"ImageObject","inLanguage":"fr-FR","@id":"https:\/\/www.salon-medecinedouce.com\/paris\/#\/schema\/logo\/image\/","url":"https:\/\/www.salon-medecinedouce.com\/paris\/wp-content\/uploads\/sites\/14\/2024\/05\/cropped-logo-orange-bemd.png","contentUrl":"https:\/\/www.salon-medecinedouce.com\/paris\/wp-content\/uploads\/sites\/14\/2024\/05\/cropped-logo-orange-bemd.png","width":591,"height":591,"caption":"Bien-\u00eatre Paris"},"image":{"@id":"https:\/\/www.salon-medecinedouce.com\/paris\/#\/schema\/logo\/image\/"}}]}},"rttpg_featured_image_url":{"full":["https:\/\/www.salon-medecinedouce.com\/paris\/wp-content\/uploads\/sites\/14\/2017\/06\/shutterstock_521637919.jpg",1000,667,false],"landscape":["https:\/\/www.salon-medecinedouce.com\/paris\/wp-content\/uploads\/sites\/14\/2017\/06\/shutterstock_521637919.jpg",1000,667,false],"portraits":["https:\/\/www.salon-medecinedouce.com\/paris\/wp-content\/uploads\/sites\/14\/2017\/06\/shutterstock_521637919.jpg",1000,667,false],"thumbnail":["https:\/\/www.salon-medecinedouce.com\/paris\/wp-content\/uploads\/sites\/14\/2017\/06\/shutterstock_521637919-150x150.jpg",150,150,true],"medium":["https:\/\/www.salon-medecinedouce.com\/paris\/wp-content\/uploads\/sites\/14\/2017\/06\/shutterstock_521637919-300x200.jpg",300,200,true],"large":["https:\/\/www.salon-medecinedouce.com\/paris\/wp-content\/uploads\/sites\/14\/2017\/06\/shutterstock_521637919.jpg",790,527,false],"1536x1536":["https:\/\/www.salon-medecinedouce.com\/paris\/wp-content\/uploads\/sites\/14\/2017\/06\/shutterstock_521637919.jpg",1000,667,false],"2048x2048":["https:\/\/www.salon-medecinedouce.com\/paris\/wp-content\/uploads\/sites\/14\/2017\/06\/shutterstock_521637919.jpg",1000,667,false],"gg_gallery_thumbnail":["https:\/\/www.salon-medecinedouce.com\/paris\/wp-content\/uploads\/sites\/14\/2017\/06\/shutterstock_521637919-450x250.jpg",450,250,true],"rpwe-thumbnail":["https:\/\/www.salon-medecinedouce.com\/paris\/wp-content\/uploads\/sites\/14\/2017\/06\/shutterstock_521637919-45x45.jpg",45,45,true]},"rttpg_author":{"display_name":"admin","author_link":"https:\/\/www.salon-medecinedouce.com\/paris\/blog\/author\/admin\/"},"rttpg_comment":0,"rttpg_category":false,"rttpg_excerpt":"Le salon se d\u00e9ploie sur 2 secteurs d&rsquo;exposition d\u00e9taill\u00e9s ci-dessous\u00a0 : Sant\u00e9 au naturel &amp; M\u00e9decine douce 5 espaces pour prendre soin de soi autrement : La formation &amp; expertise : \u00e9coles sp\u00e9cialis\u00e9es, f\u00e9d\u00e9rations engag\u00e9es, organismes de r\u00e9f\u00e9rence&#8230; Praticiens du mieux \u00eatre : naturopathes, praticiens en MTC, experts en nutrition sant\u00e9&#8230; Art du soins &amp;&hellip;","_links":{"self":[{"href":"https:\/\/www.salon-medecinedouce.com\/paris\/wp-json\/wp\/v2\/pages\/2388","targetHints":{"allow":["GET"]}}],"collection":[{"href":"https:\/\/www.salon-medecinedouce.com\/paris\/wp-json\/wp\/v2\/pages"}],"about":[{"href":"https:\/\/www.salon-medecinedouce.com\/paris\/wp-json\/wp\/v2\/types\/page"}],"author":[{"embeddable":true,"href":"https:\/\/www.salon-medecinedouce.com\/paris\/wp-json\/wp\/v2\/users\/1"}],"replies":[{"embeddable":true,"href":"https:\/\/www.salon-medecinedouce.com\/paris\/wp-json\/wp\/v2\/comments?post=2388"}],"version-history":[{"count":47,"href":"https:\/\/www.salon-medecinedouce.com\/paris\/wp-json\/wp\/v2\/pages\/2388\/revisions"}],"predecessor-version":[{"id":19657,"href":"https:\/\/www.salon-medecinedouce.com\/paris\/wp-json\/wp\/v2\/pages\/2388\/revisions\/19657"}],"up":[{"embeddable":true,"href":"https:\/\/www.salon-medecinedouce.com\/paris\/wp-json\/wp\/v2\/pages\/2081"}],"wp:featuredmedia":[{"embeddable":true,"href":"https:\/\/www.salon-medecinedouce.com\/paris\/wp-json\/wp\/v2\/media\/4100"}],"wp:attachment":[{"href":"https:\/\/www.salon-medecinedouce.com\/paris\/wp-json\/wp\/v2\/media?parent=2388"}],"curies":[{"name":"wp","href":"https:\/\/api.w.org\/{rel}","templated":true}]}}