{"id":2094,"date":"2016-10-05T16:22:43","date_gmt":"2016-10-05T14:22:43","guid":{"rendered":"http:\/\/localhost:8888\/natexpo\/?page_id=2094"},"modified":"2025-05-14T15:36:15","modified_gmt":"2025-05-14T13:36:15","slug":"infos","status":"publish","type":"page","link":"https:\/\/www.salon-medecinedouce.com\/paris\/infos\/","title":{"rendered":"Infos pratiques"},"content":{"rendered":"<p><img fetchpriority=\"high\" decoding=\"async\" class=\"alignnone size-full wp-image-11340\" src=\"https:\/\/www.salon-medecinedouce.com\/paris\/wp-content\/uploads\/sites\/14\/2020\/10\/Fotolia_219658768_Subscription_Monthly_M.jpg\" alt=\"photo plantes m\u00e9dicinales salon Bien-\u00eatre m\u00e9decine douce\" width=\"840\" height=\"250\" srcset=\"https:\/\/www.salon-medecinedouce.com\/paris\/wp-content\/uploads\/sites\/14\/2020\/10\/Fotolia_219658768_Subscription_Monthly_M.jpg 840w, https:\/\/www.salon-medecinedouce.com\/paris\/wp-content\/uploads\/sites\/14\/2020\/10\/Fotolia_219658768_Subscription_Monthly_M-300x89.jpg 300w, https:\/\/www.salon-medecinedouce.com\/paris\/wp-content\/uploads\/sites\/14\/2020\/10\/Fotolia_219658768_Subscription_Monthly_M-768x229.jpg 768w, https:\/\/www.salon-medecinedouce.com\/paris\/wp-content\/uploads\/sites\/14\/2020\/10\/Fotolia_219658768_Subscription_Monthly_M-150x45.jpg 150w, https:\/\/www.salon-medecinedouce.com\/paris\/wp-content\/uploads\/sites\/14\/2020\/10\/Fotolia_219658768_Subscription_Monthly_M-500x149.jpg 500w\" sizes=\"(max-width: 840px) 100vw, 840px\" \/><\/p>\n<h3><span style=\"color: #165e6c;\">Voici toutes les informations pour vous rendre au salon, savoir quand et o\u00f9 il se d\u00e9roule et quels sont les services propos\u00e9s.<\/span><\/h3>\n<ul>\n<li>\n<h3><a href=\"https:\/\/www.salon-medecinedouce.com\/paris\/infos\/acceder-au-salon\/\">Comment venir ?<\/a><\/h3>\n<\/li>\n<li>\n<h3><a href=\"https:\/\/www.salon-medecinedouce.com\/paris\/visiteur_invitation\/\">T\u00e9l\u00e9chargez votre entr\u00e9e gratuite<\/a><\/h3>\n<\/li>\n<li>\n<h3><a href=\"https:\/\/www.salon-medecinedouce.com\/paris\/infos\/infos\/\">Informations et services visiteurs<\/a><\/h3>\n<\/li>\n<li>\n<h3><a href=\"https:\/\/www.salon-medecinedouce.com\/paris\/infos\/contacts\/\">Contacts<\/a><\/h3>\n<\/li>\n<li>\n<h3><a href=\"https:\/\/www.salon-medecinedouce.com\/paris\/restaurants\/\" target=\"_blank\" rel=\"noopener\">O\u00f9 manger ?<\/a><\/h3>\n<\/li>\n<\/ul>\n<div class=\"salon-pubs-hp-bas-de-page salon-entity-placement\" id=\"salon-2769858259\"><div id=\"salon-49874303\"><a data-no-instant=\"1\" href=\"https:\/\/www.adntv.fr\/home?request_origin=tv_app\" rel=\"noopener\" class=\"a2t-link\" target=\"_blank\"><p><a href=\"https:\/\/www.salondesseniors.com\/\"><img decoding=\"async\" class=\"wp-image-22417 aligncenter\" src=\"https:\/\/www.salon-medecinedouce.com\/paris\/wp-content\/uploads\/sites\/14\/2026\/02\/Banniere-728x90-1-300x37.png\" alt=\"\" width=\"754\" height=\"93\" srcset=\"https:\/\/www.salon-medecinedouce.com\/paris\/wp-content\/uploads\/sites\/14\/2026\/02\/Banniere-728x90-1-300x37.png 300w, https:\/\/www.salon-medecinedouce.com\/paris\/wp-content\/uploads\/sites\/14\/2026\/02\/Banniere-728x90-1-1024x127.png 1024w, https:\/\/www.salon-medecinedouce.com\/paris\/wp-content\/uploads\/sites\/14\/2026\/02\/Banniere-728x90-1-768x95.png 768w, https:\/\/www.salon-medecinedouce.com\/paris\/wp-content\/uploads\/sites\/14\/2026\/02\/Banniere-728x90-1-1536x190.png 1536w, https:\/\/www.salon-medecinedouce.com\/paris\/wp-content\/uploads\/sites\/14\/2026\/02\/Banniere-728x90-1-2048x253.png 2048w, https:\/\/www.salon-medecinedouce.com\/paris\/wp-content\/uploads\/sites\/14\/2026\/02\/Banniere-728x90-1-150x19.png 150w, https:\/\/www.salon-medecinedouce.com\/paris\/wp-content\/uploads\/sites\/14\/2026\/02\/Banniere-728x90-1-500x62.png 500w\" sizes=\"(max-width: 754px) 100vw, 754px\" \/><\/a><\/p>\n<\/a><\/div><\/div>","protected":false},"excerpt":{"rendered":"<p>Voici toutes les informations pour vous rendre au salon, savoir quand et o\u00f9 il se d\u00e9roule et quels sont les services propos\u00e9s. Comment venir ? T\u00e9l\u00e9chargez votre entr\u00e9e gratuite Informations et services visiteurs Contacts O\u00f9 manger ?<\/p>\n","protected":false},"author":1,"featured_media":4100,"parent":0,"menu_order":5,"comment_status":"closed","ping_status":"closed","template":"","meta":{"_monsterinsights_skip_tracking":false,"_monsterinsights_sitenote_active":false,"_monsterinsights_sitenote_note":"","_monsterinsights_sitenote_category":0,"footnotes":""},"class_list":["post-2094","page","type-page","status-publish","has-post-thumbnail","hentry"],"yoast_head":"<!-- This site is optimized with the Yoast SEO plugin v27.3 - https:\/\/yoast.com\/product\/yoast-seo-wordpress\/ -->\n<title>Infos pratiques - Bien-\u00eatre Paris<\/title>\n<meta name=\"robots\" content=\"index, follow, max-snippet:-1, max-image-preview:large, max-video-preview:-1\" \/>\n<link rel=\"canonical\" href=\"https:\/\/www.salon-medecinedouce.com\/paris\/infos\/\" \/>\n<meta property=\"og:locale\" content=\"fr_FR\" \/>\n<meta property=\"og:type\" content=\"article\" \/>\n<meta property=\"og:title\" content=\"Infos pratiques - Bien-\u00eatre Paris\" \/>\n<meta property=\"og:description\" content=\"Voici toutes les informations pour vous rendre au salon, savoir quand et o\u00f9 il se d\u00e9roule et quels sont les services propos\u00e9s. Comment venir ? T\u00e9l\u00e9chargez votre entr\u00e9e gratuite Informations et services visiteurs Contacts O\u00f9 manger ?\" \/>\n<meta property=\"og:url\" content=\"https:\/\/www.salon-medecinedouce.com\/paris\/infos\/\" \/>\n<meta property=\"og:site_name\" content=\"Bien-\u00eatre Paris\" \/>\n<meta property=\"article:modified_time\" content=\"2025-05-14T13:36:15+00:00\" \/>\n<meta property=\"og:image\" content=\"https:\/\/www.salon-medecinedouce.com\/paris\/wp-content\/uploads\/sites\/14\/2017\/06\/shutterstock_521637919.jpg\" \/>\n\t<meta property=\"og:image:width\" content=\"1000\" \/>\n\t<meta property=\"og:image:height\" content=\"667\" \/>\n\t<meta property=\"og:image:type\" content=\"image\/jpeg\" \/>\n<meta name=\"twitter:card\" content=\"summary_large_image\" \/>\n<meta name=\"twitter:label1\" content=\"Dur\u00e9e de lecture estim\u00e9e\" \/>\n\t<meta name=\"twitter:data1\" content=\"1 minute\" \/>\n<script type=\"application\/ld+json\" class=\"yoast-schema-graph\">{\"@context\":\"https:\\\/\\\/schema.org\",\"@graph\":[{\"@type\":\"WebPage\",\"@id\":\"https:\\\/\\\/www.salon-medecinedouce.com\\\/paris\\\/infos\\\/\",\"url\":\"https:\\\/\\\/www.salon-medecinedouce.com\\\/paris\\\/infos\\\/\",\"name\":\"Infos pratiques - Bien-\u00eatre Paris\",\"isPartOf\":{\"@id\":\"https:\\\/\\\/www.salon-medecinedouce.com\\\/paris\\\/#website\"},\"primaryImageOfPage\":{\"@id\":\"https:\\\/\\\/www.salon-medecinedouce.com\\\/paris\\\/infos\\\/#primaryimage\"},\"image\":{\"@id\":\"https:\\\/\\\/www.salon-medecinedouce.com\\\/paris\\\/infos\\\/#primaryimage\"},\"thumbnailUrl\":\"https:\\\/\\\/www.salon-medecinedouce.com\\\/paris\\\/wp-content\\\/uploads\\\/sites\\\/14\\\/2017\\\/06\\\/shutterstock_521637919.jpg\",\"datePublished\":\"2016-10-05T14:22:43+00:00\",\"dateModified\":\"2025-05-14T13:36:15+00:00\",\"breadcrumb\":{\"@id\":\"https:\\\/\\\/www.salon-medecinedouce.com\\\/paris\\\/infos\\\/#breadcrumb\"},\"inLanguage\":\"fr-FR\",\"potentialAction\":[{\"@type\":\"ReadAction\",\"target\":[\"https:\\\/\\\/www.salon-medecinedouce.com\\\/paris\\\/infos\\\/\"]}]},{\"@type\":\"ImageObject\",\"inLanguage\":\"fr-FR\",\"@id\":\"https:\\\/\\\/www.salon-medecinedouce.com\\\/paris\\\/infos\\\/#primaryimage\",\"url\":\"https:\\\/\\\/www.salon-medecinedouce.com\\\/paris\\\/wp-content\\\/uploads\\\/sites\\\/14\\\/2017\\\/06\\\/shutterstock_521637919.jpg\",\"contentUrl\":\"https:\\\/\\\/www.salon-medecinedouce.com\\\/paris\\\/wp-content\\\/uploads\\\/sites\\\/14\\\/2017\\\/06\\\/shutterstock_521637919.jpg\",\"width\":1000,\"height\":667},{\"@type\":\"BreadcrumbList\",\"@id\":\"https:\\\/\\\/www.salon-medecinedouce.com\\\/paris\\\/infos\\\/#breadcrumb\",\"itemListElement\":[{\"@type\":\"ListItem\",\"position\":1,\"name\":\"Accueil\",\"item\":\"https:\\\/\\\/www.salon-medecinedouce.com\\\/paris\\\/\"},{\"@type\":\"ListItem\",\"position\":2,\"name\":\"Infos pratiques\"}]},{\"@type\":\"WebSite\",\"@id\":\"https:\\\/\\\/www.salon-medecinedouce.com\\\/paris\\\/#website\",\"url\":\"https:\\\/\\\/www.salon-medecinedouce.com\\\/paris\\\/\",\"name\":\"Bien-\u00eatre Paris\",\"description\":\"La sant\u00e9 au naturel : M\u00e9decines douces - Compl\u00e9ments alimentaires - Alimentation saine - Cosm\u00e9tiques naturelles - Art de vivre - Tourisme de sant\u00e9\",\"publisher\":{\"@id\":\"https:\\\/\\\/www.salon-medecinedouce.com\\\/paris\\\/#organization\"},\"potentialAction\":[{\"@type\":\"SearchAction\",\"target\":{\"@type\":\"EntryPoint\",\"urlTemplate\":\"https:\\\/\\\/www.salon-medecinedouce.com\\\/paris\\\/?s={search_term_string}\"},\"query-input\":{\"@type\":\"PropertyValueSpecification\",\"valueRequired\":true,\"valueName\":\"search_term_string\"}}],\"inLanguage\":\"fr-FR\"},{\"@type\":\"Organization\",\"@id\":\"https:\\\/\\\/www.salon-medecinedouce.com\\\/paris\\\/#organization\",\"name\":\"Bien-\u00eatre Paris\",\"url\":\"https:\\\/\\\/www.salon-medecinedouce.com\\\/paris\\\/\",\"logo\":{\"@type\":\"ImageObject\",\"inLanguage\":\"fr-FR\",\"@id\":\"https:\\\/\\\/www.salon-medecinedouce.com\\\/paris\\\/#\\\/schema\\\/logo\\\/image\\\/\",\"url\":\"https:\\\/\\\/www.salon-medecinedouce.com\\\/paris\\\/wp-content\\\/uploads\\\/sites\\\/14\\\/2024\\\/05\\\/cropped-logo-orange-bemd.png\",\"contentUrl\":\"https:\\\/\\\/www.salon-medecinedouce.com\\\/paris\\\/wp-content\\\/uploads\\\/sites\\\/14\\\/2024\\\/05\\\/cropped-logo-orange-bemd.png\",\"width\":591,\"height\":591,\"caption\":\"Bien-\u00eatre Paris\"},\"image\":{\"@id\":\"https:\\\/\\\/www.salon-medecinedouce.com\\\/paris\\\/#\\\/schema\\\/logo\\\/image\\\/\"}}]}<\/script>\n<!-- \/ Yoast SEO plugin. -->","yoast_head_json":{"title":"Infos pratiques - Bien-\u00eatre Paris","robots":{"index":"index","follow":"follow","max-snippet":"max-snippet:-1","max-image-preview":"max-image-preview:large","max-video-preview":"max-video-preview:-1"},"canonical":"https:\/\/www.salon-medecinedouce.com\/paris\/infos\/","og_locale":"fr_FR","og_type":"article","og_title":"Infos pratiques - Bien-\u00eatre Paris","og_description":"Voici toutes les informations pour vous rendre au salon, savoir quand et o\u00f9 il se d\u00e9roule et quels sont les services propos\u00e9s. Comment venir ? T\u00e9l\u00e9chargez votre entr\u00e9e gratuite Informations et services visiteurs Contacts O\u00f9 manger ?","og_url":"https:\/\/www.salon-medecinedouce.com\/paris\/infos\/","og_site_name":"Bien-\u00eatre Paris","article_modified_time":"2025-05-14T13:36:15+00:00","og_image":[{"width":1000,"height":667,"url":"https:\/\/www.salon-medecinedouce.com\/paris\/wp-content\/uploads\/sites\/14\/2017\/06\/shutterstock_521637919.jpg","type":"image\/jpeg"}],"twitter_card":"summary_large_image","twitter_misc":{"Dur\u00e9e de lecture estim\u00e9e":"1 minute"},"schema":{"@context":"https:\/\/schema.org","@graph":[{"@type":"WebPage","@id":"https:\/\/www.salon-medecinedouce.com\/paris\/infos\/","url":"https:\/\/www.salon-medecinedouce.com\/paris\/infos\/","name":"Infos pratiques - Bien-\u00eatre Paris","isPartOf":{"@id":"https:\/\/www.salon-medecinedouce.com\/paris\/#website"},"primaryImageOfPage":{"@id":"https:\/\/www.salon-medecinedouce.com\/paris\/infos\/#primaryimage"},"image":{"@id":"https:\/\/www.salon-medecinedouce.com\/paris\/infos\/#primaryimage"},"thumbnailUrl":"https:\/\/www.salon-medecinedouce.com\/paris\/wp-content\/uploads\/sites\/14\/2017\/06\/shutterstock_521637919.jpg","datePublished":"2016-10-05T14:22:43+00:00","dateModified":"2025-05-14T13:36:15+00:00","breadcrumb":{"@id":"https:\/\/www.salon-medecinedouce.com\/paris\/infos\/#breadcrumb"},"inLanguage":"fr-FR","potentialAction":[{"@type":"ReadAction","target":["https:\/\/www.salon-medecinedouce.com\/paris\/infos\/"]}]},{"@type":"ImageObject","inLanguage":"fr-FR","@id":"https:\/\/www.salon-medecinedouce.com\/paris\/infos\/#primaryimage","url":"https:\/\/www.salon-medecinedouce.com\/paris\/wp-content\/uploads\/sites\/14\/2017\/06\/shutterstock_521637919.jpg","contentUrl":"https:\/\/www.salon-medecinedouce.com\/paris\/wp-content\/uploads\/sites\/14\/2017\/06\/shutterstock_521637919.jpg","width":1000,"height":667},{"@type":"BreadcrumbList","@id":"https:\/\/www.salon-medecinedouce.com\/paris\/infos\/#breadcrumb","itemListElement":[{"@type":"ListItem","position":1,"name":"Accueil","item":"https:\/\/www.salon-medecinedouce.com\/paris\/"},{"@type":"ListItem","position":2,"name":"Infos pratiques"}]},{"@type":"WebSite","@id":"https:\/\/www.salon-medecinedouce.com\/paris\/#website","url":"https:\/\/www.salon-medecinedouce.com\/paris\/","name":"Bien-\u00eatre Paris","description":"La sant\u00e9 au naturel : M\u00e9decines douces - Compl\u00e9ments alimentaires - Alimentation saine - Cosm\u00e9tiques naturelles - Art de vivre - Tourisme de sant\u00e9","publisher":{"@id":"https:\/\/www.salon-medecinedouce.com\/paris\/#organization"},"potentialAction":[{"@type":"SearchAction","target":{"@type":"EntryPoint","urlTemplate":"https:\/\/www.salon-medecinedouce.com\/paris\/?s={search_term_string}"},"query-input":{"@type":"PropertyValueSpecification","valueRequired":true,"valueName":"search_term_string"}}],"inLanguage":"fr-FR"},{"@type":"Organization","@id":"https:\/\/www.salon-medecinedouce.com\/paris\/#organization","name":"Bien-\u00eatre Paris","url":"https:\/\/www.salon-medecinedouce.com\/paris\/","logo":{"@type":"ImageObject","inLanguage":"fr-FR","@id":"https:\/\/www.salon-medecinedouce.com\/paris\/#\/schema\/logo\/image\/","url":"https:\/\/www.salon-medecinedouce.com\/paris\/wp-content\/uploads\/sites\/14\/2024\/05\/cropped-logo-orange-bemd.png","contentUrl":"https:\/\/www.salon-medecinedouce.com\/paris\/wp-content\/uploads\/sites\/14\/2024\/05\/cropped-logo-orange-bemd.png","width":591,"height":591,"caption":"Bien-\u00eatre Paris"},"image":{"@id":"https:\/\/www.salon-medecinedouce.com\/paris\/#\/schema\/logo\/image\/"}}]}},"rttpg_featured_image_url":{"full":["https:\/\/www.salon-medecinedouce.com\/paris\/wp-content\/uploads\/sites\/14\/2017\/06\/shutterstock_521637919.jpg",1000,667,false],"landscape":["https:\/\/www.salon-medecinedouce.com\/paris\/wp-content\/uploads\/sites\/14\/2017\/06\/shutterstock_521637919.jpg",1000,667,false],"portraits":["https:\/\/www.salon-medecinedouce.com\/paris\/wp-content\/uploads\/sites\/14\/2017\/06\/shutterstock_521637919.jpg",1000,667,false],"thumbnail":["https:\/\/www.salon-medecinedouce.com\/paris\/wp-content\/uploads\/sites\/14\/2017\/06\/shutterstock_521637919-150x150.jpg",150,150,true],"medium":["https:\/\/www.salon-medecinedouce.com\/paris\/wp-content\/uploads\/sites\/14\/2017\/06\/shutterstock_521637919-300x200.jpg",300,200,true],"large":["https:\/\/www.salon-medecinedouce.com\/paris\/wp-content\/uploads\/sites\/14\/2017\/06\/shutterstock_521637919.jpg",790,527,false],"1536x1536":["https:\/\/www.salon-medecinedouce.com\/paris\/wp-content\/uploads\/sites\/14\/2017\/06\/shutterstock_521637919.jpg",1000,667,false],"2048x2048":["https:\/\/www.salon-medecinedouce.com\/paris\/wp-content\/uploads\/sites\/14\/2017\/06\/shutterstock_521637919.jpg",1000,667,false],"gg_gallery_thumbnail":["https:\/\/www.salon-medecinedouce.com\/paris\/wp-content\/uploads\/sites\/14\/2017\/06\/shutterstock_521637919-450x250.jpg",450,250,true],"rpwe-thumbnail":["https:\/\/www.salon-medecinedouce.com\/paris\/wp-content\/uploads\/sites\/14\/2017\/06\/shutterstock_521637919-45x45.jpg",45,45,true]},"rttpg_author":{"display_name":"admin","author_link":"https:\/\/www.salon-medecinedouce.com\/paris\/blog\/author\/admin\/"},"rttpg_comment":0,"rttpg_category":false,"rttpg_excerpt":"Voici toutes les informations pour vous rendre au salon, savoir quand et o\u00f9 il se d\u00e9roule et quels sont les services propos\u00e9s. Comment venir ? T\u00e9l\u00e9chargez votre entr\u00e9e gratuite Informations et services visiteurs Contacts O\u00f9 manger ?","_links":{"self":[{"href":"https:\/\/www.salon-medecinedouce.com\/paris\/wp-json\/wp\/v2\/pages\/2094","targetHints":{"allow":["GET"]}}],"collection":[{"href":"https:\/\/www.salon-medecinedouce.com\/paris\/wp-json\/wp\/v2\/pages"}],"about":[{"href":"https:\/\/www.salon-medecinedouce.com\/paris\/wp-json\/wp\/v2\/types\/page"}],"author":[{"embeddable":true,"href":"https:\/\/www.salon-medecinedouce.com\/paris\/wp-json\/wp\/v2\/users\/1"}],"replies":[{"embeddable":true,"href":"https:\/\/www.salon-medecinedouce.com\/paris\/wp-json\/wp\/v2\/comments?post=2094"}],"version-history":[{"count":19,"href":"https:\/\/www.salon-medecinedouce.com\/paris\/wp-json\/wp\/v2\/pages\/2094\/revisions"}],"predecessor-version":[{"id":19694,"href":"https:\/\/www.salon-medecinedouce.com\/paris\/wp-json\/wp\/v2\/pages\/2094\/revisions\/19694"}],"wp:featuredmedia":[{"embeddable":true,"href":"https:\/\/www.salon-medecinedouce.com\/paris\/wp-json\/wp\/v2\/media\/4100"}],"wp:attachment":[{"href":"https:\/\/www.salon-medecinedouce.com\/paris\/wp-json\/wp\/v2\/media?parent=2094"}],"curies":[{"name":"wp","href":"https:\/\/api.w.org\/{rel}","templated":true}]}}