{"id":2085,"date":"2024-06-26T09:00:19","date_gmt":"2024-06-26T07:00:19","guid":{"rendered":"http:\/\/localhost:8888\/natexpo\/?page_id=2085"},"modified":"2025-12-02T17:28:52","modified_gmt":"2025-12-02T16:28:52","slug":"programme","status":"publish","type":"page","link":"https:\/\/www.salon-medecinedouce.com\/paris\/programme\/","title":{"rendered":"Programme du salon"},"content":{"rendered":"<h3><img fetchpriority=\"high\" decoding=\"async\" class=\"alignnone size-full wp-image-8618\" src=\"https:\/\/www.salon-medecinedouce.com\/paris\/wp-content\/uploads\/sites\/14\/2019\/06\/107_BIEN-E\u0302TRE-2019_\u00a9Photo-Faust-Favart_.jpg\" alt=\"\" width=\"840\" height=\"250\" srcset=\"https:\/\/www.salon-medecinedouce.com\/paris\/wp-content\/uploads\/sites\/14\/2019\/06\/107_BIEN-E\u0302TRE-2019_\u00a9Photo-Faust-Favart_.jpg 840w, https:\/\/www.salon-medecinedouce.com\/paris\/wp-content\/uploads\/sites\/14\/2019\/06\/107_BIEN-E\u0302TRE-2019_\u00a9Photo-Faust-Favart_-300x89.jpg 300w, https:\/\/www.salon-medecinedouce.com\/paris\/wp-content\/uploads\/sites\/14\/2019\/06\/107_BIEN-E\u0302TRE-2019_\u00a9Photo-Faust-Favart_-768x229.jpg 768w, https:\/\/www.salon-medecinedouce.com\/paris\/wp-content\/uploads\/sites\/14\/2019\/06\/107_BIEN-E\u0302TRE-2019_\u00a9Photo-Faust-Favart_-150x45.jpg 150w, https:\/\/www.salon-medecinedouce.com\/paris\/wp-content\/uploads\/sites\/14\/2019\/06\/107_BIEN-E\u0302TRE-2019_\u00a9Photo-Faust-Favart_-500x149.jpg 500w\" sizes=\"(max-width: 840px) 100vw, 840px\" \/><\/h3>\n<p style=\"font-weight: 400;\"><strong>Profitez d\u2019un programme riche : 23 conf\u00e9rences et plus de 120 ateliers\/animations !<\/strong><\/p>\n<h3><span style=\"color: #165e6c;\"><strong><a style=\"color: #165e6c;\" href=\"https:\/\/www.salon-medecinedouce.com\/paris\/programme-des-conferences\/conferences\/\">Les conf\u00e9rences experts<\/a><\/strong><\/span><\/h3>\n<p>Au coeur du salon, les conf\u00e9rences pl\u00e9ni\u00e8res font intervenir m\u00e9decins et praticiens sur des probl\u00e9matiques ancr\u00e9es dans l\u2019actualit\u00e9 et ax\u00e9es sur des grands th\u00e8mes journaliers.<br \/>\n<span style=\"color: #165e6c;\"><a style=\"color: #165e6c;\" href=\"https:\/\/www.salon-medecinedouce.com\/paris\/programme\/conferences\/\" target=\"_blank\" rel=\"noopener\">Programme des conf\u00e9rences court<\/a><\/span><br \/>\n<span style=\"color: #165e6c;\"><a style=\"color: #165e6c;\" href=\"https:\/\/www.salon-medecinedouce.com\/paris\/?page_id=19919&amp;preview=true\" target=\"_blank\" rel=\"noopener\">Programme des conf\u00e9rences en d\u00e9tail\u00a0<\/a><\/span><\/p>\n<h3><span style=\"color: #165e6c;\"><strong><a style=\"color: #165e6c;\" href=\"https:\/\/www.salon-medecinedouce.com\/paris\/programme-des-conferences\/ateliers\" target=\"_blank\" rel=\"noopener noreferrer\">Les ateliers<\/a><\/strong><\/span><\/h3>\n<p>Plus de 100 ateliers pour d\u00e9couvrir l&rsquo;expertise des exposants \u00e0 d\u00e9couvrir <a href=\"https:\/\/www.salon-medecinedouce.com\/paris\/programme\/ateliers-conferences\/\">ici<\/a>.<\/p>\n<h2 class=\"p1\">3 ZONES SP\u00c9CIALES D\u2019EXPOSITION<\/h2>\n<h3><a href=\"https:\/\/www.salon-medecinedouce.com\/paris\/programme\/le-village-des-acteurs-sante-naturel\/\"><span style=\"color: #165e6c;\"><strong>Le village des acteurs de la sant\u00e9 au naturel<\/strong><\/span><\/a><\/h3>\n<p class=\"p1\">\u00c0 l\u2019entr\u00e9e du salon, retrouvez toutes les \u00e9coles, f\u00e9d\u00e9rations et syndicats du bien-\u00eatre et de la sant\u00e9 au naturel mais aussi les praticiens en profession lib\u00e9rale et des compl\u00e9ments alimentaires.\u00a0<\/p>\n<h3><span style=\"color: #165e6c;\"><strong><a style=\"color: #165e6c;\" href=\"https:\/\/www.salon-medecinedouce.com\/paris\/programme\/tremplin-du-bien-etre\/\" target=\"_blank\" rel=\"noopener noreferrer\">Le Tremplin du bien-\u00eatre<\/a><\/strong><\/span><\/h3>\n<p class=\"p1\">Un espace d\u00e9di\u00e9 aux jeunes entreprises innovantes pour booster leur lancement avec des stands \u00e0 co\u00fbt accessible.<\/p>\n<h3><span style=\"color: #165e6c;\"><strong><a href=\"https:\/\/www.salon-medecinedouce.com\/paris\/programme\/rendez-vous-des-guidances\/\">Le rendez-vous des guidances<\/a>\u00a0<\/strong><\/span><\/h3>\n<p class=\"p1\">La zone d\u00e9di\u00e9e aux activit\u00e9s spirituelles : \u00e9nerg\u00e9tique, chamanisme, m\u00e9diumnit\u00e9, cartomancie, astrologie&#8230;<\/p>\n<p>&nbsp;<\/p>\n<p>&nbsp;<\/p>\n<h2 class=\"p1\">Focus sur les nouveaut\u00e9s 2026<\/h2>\n<h3><a href=\"https:\/\/www.salon-medecinedouce.com\/paris\/trophees-bien-etre-medecine-douce\/\"><span style=\"color: #165e6c;\"><strong>Les troph\u00e9es du salon Bien-\u00catre M\u00e9decine Douce<\/strong><\/span><\/a><\/h3>\n<p class=\"p2\">&#8211; Le troph\u00e9e Innovation Bien-\u00eatre<\/p>\n<p class=\"p2\">&#8211; Le troph\u00e9e Alimentation saine<\/p>\n<p class=\"p2\">&#8211; Le troph\u00e9e du livre Bien-\u00catre \/ M\u00e9decines Douce<\/p>\n<h3><a href=\"https:\/\/www.salon-medecinedouce.com\/paris\/ateliers-alimentation-saine\/\"><span style=\"color: #165e6c;\"><strong>Les ateliers d&rsquo;alimentation saine<\/strong><\/span><\/a><\/h3>\n<p class=\"p1\">D\u00e9monstrations, d\u00e9gustations et conseils pour mieux manger au quotidien.<\/p>\n<h3>\u00a0<\/h3>\n<h3>\u00a0<\/h3>\n<h3><span style=\"color: #d65d00;\"><a style=\"color: #d65d00;\" href=\"https:\/\/www.salon-medecinedouce.com\/paris\/visiteur_invitation\/\" target=\"_blank\" rel=\"noopener\">T\u00e9l\u00e9chargez votre entr\u00e9e gratuite<\/a>\u00a0<\/span><\/h3>\n<p>&nbsp;<\/p>\n<p>&nbsp;<\/p>\n<div class=\"salon-pubs-hp-bas-de-page salon-entity-placement\" id=\"salon-1420177336\"><div id=\"salon-148563040\"><a data-no-instant=\"1\" href=\"https:\/\/www.adntv.fr\/home?request_origin=tv_app\" rel=\"noopener\" class=\"a2t-link\" target=\"_blank\"><p><a href=\"https:\/\/www.salondesseniors.com\/\"><img decoding=\"async\" class=\"wp-image-22417 aligncenter\" src=\"https:\/\/www.salon-medecinedouce.com\/paris\/wp-content\/uploads\/sites\/14\/2026\/02\/Banniere-728x90-1-300x37.png\" alt=\"\" width=\"754\" height=\"93\" srcset=\"https:\/\/www.salon-medecinedouce.com\/paris\/wp-content\/uploads\/sites\/14\/2026\/02\/Banniere-728x90-1-300x37.png 300w, https:\/\/www.salon-medecinedouce.com\/paris\/wp-content\/uploads\/sites\/14\/2026\/02\/Banniere-728x90-1-1024x127.png 1024w, https:\/\/www.salon-medecinedouce.com\/paris\/wp-content\/uploads\/sites\/14\/2026\/02\/Banniere-728x90-1-768x95.png 768w, https:\/\/www.salon-medecinedouce.com\/paris\/wp-content\/uploads\/sites\/14\/2026\/02\/Banniere-728x90-1-1536x190.png 1536w, https:\/\/www.salon-medecinedouce.com\/paris\/wp-content\/uploads\/sites\/14\/2026\/02\/Banniere-728x90-1-2048x253.png 2048w, https:\/\/www.salon-medecinedouce.com\/paris\/wp-content\/uploads\/sites\/14\/2026\/02\/Banniere-728x90-1-150x19.png 150w, https:\/\/www.salon-medecinedouce.com\/paris\/wp-content\/uploads\/sites\/14\/2026\/02\/Banniere-728x90-1-500x62.png 500w\" sizes=\"(max-width: 754px) 100vw, 754px\" \/><\/a><\/p>\n<\/a><\/div><\/div>","protected":false},"excerpt":{"rendered":"<p>Profitez d\u2019un programme riche : 23 conf\u00e9rences et plus de 120 ateliers\/animations ! Les conf\u00e9rences experts Au coeur du salon, les conf\u00e9rences pl\u00e9ni\u00e8res font intervenir m\u00e9decins et praticiens sur des probl\u00e9matiques ancr\u00e9es dans l\u2019actualit\u00e9 et ax\u00e9es sur des grands th\u00e8mes journaliers. Programme des conf\u00e9rences court Programme des conf\u00e9rences en d\u00e9tail\u00a0 Les ateliers Plus de 100&hellip; <\/p>\n","protected":false},"author":1,"featured_media":8542,"parent":0,"menu_order":2,"comment_status":"closed","ping_status":"closed","template":"","meta":{"_monsterinsights_skip_tracking":false,"_monsterinsights_sitenote_active":false,"_monsterinsights_sitenote_note":"","_monsterinsights_sitenote_category":0,"footnotes":""},"class_list":["post-2085","page","type-page","status-publish","has-post-thumbnail","hentry"],"yoast_head":"<!-- This site is optimized with the Yoast SEO plugin v27.5 - https:\/\/yoast.com\/product\/yoast-seo-wordpress\/ -->\n<title>Programme du salon Bien-\u00eatre M\u00e9decine douce 2023<\/title>\n<meta name=\"description\" content=\"Programme du salon : 15 conf\u00e9rences, 150 ateliers\/animations et le Tremplin du bien-\u00eatre qui regroupe des start-ups.\" \/>\n<meta name=\"robots\" content=\"index, follow, max-snippet:-1, max-image-preview:large, max-video-preview:-1\" \/>\n<link rel=\"canonical\" href=\"https:\/\/www.salon-medecinedouce.com\/paris\/programme\/\" \/>\n<meta property=\"og:locale\" content=\"fr_FR\" \/>\n<meta property=\"og:type\" content=\"article\" \/>\n<meta property=\"og:title\" content=\"Programme du salon Bien-\u00eatre M\u00e9decine douce 2023\" \/>\n<meta property=\"og:description\" content=\"Programme du salon : 15 conf\u00e9rences, 150 ateliers\/animations et le Tremplin du bien-\u00eatre qui regroupe des start-ups.\" \/>\n<meta property=\"og:url\" content=\"https:\/\/www.salon-medecinedouce.com\/paris\/programme\/\" \/>\n<meta property=\"og:site_name\" content=\"Bien-\u00eatre Paris\" \/>\n<meta property=\"article:modified_time\" content=\"2025-12-02T16:28:52+00:00\" \/>\n<meta property=\"og:image\" content=\"https:\/\/www.salon-medecinedouce.com\/paris\/wp-content\/uploads\/sites\/14\/2019\/06\/BEMD-img1.jpg\" \/>\n\t<meta property=\"og:image:width\" content=\"500\" \/>\n\t<meta property=\"og:image:height\" content=\"334\" \/>\n\t<meta property=\"og:image:type\" content=\"image\/jpeg\" \/>\n<meta name=\"twitter:card\" content=\"summary_large_image\" \/>\n<meta name=\"twitter:label1\" content=\"Dur\u00e9e de lecture estim\u00e9e\" \/>\n\t<meta name=\"twitter:data1\" content=\"2 minutes\" \/>\n<script type=\"application\/ld+json\" class=\"yoast-schema-graph\">{\"@context\":\"https:\\\/\\\/schema.org\",\"@graph\":[{\"@type\":\"WebPage\",\"@id\":\"https:\\\/\\\/www.salon-medecinedouce.com\\\/paris\\\/programme\\\/\",\"url\":\"https:\\\/\\\/www.salon-medecinedouce.com\\\/paris\\\/programme\\\/\",\"name\":\"Programme du salon Bien-\u00eatre M\u00e9decine douce 2023\",\"isPartOf\":{\"@id\":\"https:\\\/\\\/www.salon-medecinedouce.com\\\/paris\\\/#website\"},\"primaryImageOfPage\":{\"@id\":\"https:\\\/\\\/www.salon-medecinedouce.com\\\/paris\\\/programme\\\/#primaryimage\"},\"image\":{\"@id\":\"https:\\\/\\\/www.salon-medecinedouce.com\\\/paris\\\/programme\\\/#primaryimage\"},\"thumbnailUrl\":\"https:\\\/\\\/www.salon-medecinedouce.com\\\/paris\\\/wp-content\\\/uploads\\\/sites\\\/14\\\/2019\\\/06\\\/BEMD-img1.jpg\",\"datePublished\":\"2024-06-26T07:00:19+00:00\",\"dateModified\":\"2025-12-02T16:28:52+00:00\",\"description\":\"Programme du salon : 15 conf\u00e9rences, 150 ateliers\\\/animations et le Tremplin du bien-\u00eatre qui regroupe des start-ups.\",\"breadcrumb\":{\"@id\":\"https:\\\/\\\/www.salon-medecinedouce.com\\\/paris\\\/programme\\\/#breadcrumb\"},\"inLanguage\":\"fr-FR\",\"potentialAction\":[{\"@type\":\"ReadAction\",\"target\":[\"https:\\\/\\\/www.salon-medecinedouce.com\\\/paris\\\/programme\\\/\"]}]},{\"@type\":\"ImageObject\",\"inLanguage\":\"fr-FR\",\"@id\":\"https:\\\/\\\/www.salon-medecinedouce.com\\\/paris\\\/programme\\\/#primaryimage\",\"url\":\"https:\\\/\\\/www.salon-medecinedouce.com\\\/paris\\\/wp-content\\\/uploads\\\/sites\\\/14\\\/2019\\\/06\\\/BEMD-img1.jpg\",\"contentUrl\":\"https:\\\/\\\/www.salon-medecinedouce.com\\\/paris\\\/wp-content\\\/uploads\\\/sites\\\/14\\\/2019\\\/06\\\/BEMD-img1.jpg\",\"width\":500,\"height\":334,\"caption\":\"Salon Bien-\u00eatre, M\u00e9decine Douce & Thalasso 2020\"},{\"@type\":\"BreadcrumbList\",\"@id\":\"https:\\\/\\\/www.salon-medecinedouce.com\\\/paris\\\/programme\\\/#breadcrumb\",\"itemListElement\":[{\"@type\":\"ListItem\",\"position\":1,\"name\":\"Accueil\",\"item\":\"https:\\\/\\\/www.salon-medecinedouce.com\\\/paris\\\/\"},{\"@type\":\"ListItem\",\"position\":2,\"name\":\"Programme du salon\"}]},{\"@type\":\"WebSite\",\"@id\":\"https:\\\/\\\/www.salon-medecinedouce.com\\\/paris\\\/#website\",\"url\":\"https:\\\/\\\/www.salon-medecinedouce.com\\\/paris\\\/\",\"name\":\"Bien-\u00eatre Paris\",\"description\":\"La sant\u00e9 au naturel : M\u00e9decines douces - Compl\u00e9ments alimentaires - Alimentation saine - Cosm\u00e9tiques naturelles - Art de vivre - Tourisme de sant\u00e9\",\"publisher\":{\"@id\":\"https:\\\/\\\/www.salon-medecinedouce.com\\\/paris\\\/#organization\"},\"potentialAction\":[{\"@type\":\"SearchAction\",\"target\":{\"@type\":\"EntryPoint\",\"urlTemplate\":\"https:\\\/\\\/www.salon-medecinedouce.com\\\/paris\\\/?s={search_term_string}\"},\"query-input\":{\"@type\":\"PropertyValueSpecification\",\"valueRequired\":true,\"valueName\":\"search_term_string\"}}],\"inLanguage\":\"fr-FR\"},{\"@type\":\"Organization\",\"@id\":\"https:\\\/\\\/www.salon-medecinedouce.com\\\/paris\\\/#organization\",\"name\":\"Bien-\u00eatre Paris\",\"url\":\"https:\\\/\\\/www.salon-medecinedouce.com\\\/paris\\\/\",\"logo\":{\"@type\":\"ImageObject\",\"inLanguage\":\"fr-FR\",\"@id\":\"https:\\\/\\\/www.salon-medecinedouce.com\\\/paris\\\/#\\\/schema\\\/logo\\\/image\\\/\",\"url\":\"https:\\\/\\\/www.salon-medecinedouce.com\\\/paris\\\/wp-content\\\/uploads\\\/sites\\\/14\\\/2024\\\/05\\\/cropped-logo-orange-bemd.png\",\"contentUrl\":\"https:\\\/\\\/www.salon-medecinedouce.com\\\/paris\\\/wp-content\\\/uploads\\\/sites\\\/14\\\/2024\\\/05\\\/cropped-logo-orange-bemd.png\",\"width\":591,\"height\":591,\"caption\":\"Bien-\u00eatre Paris\"},\"image\":{\"@id\":\"https:\\\/\\\/www.salon-medecinedouce.com\\\/paris\\\/#\\\/schema\\\/logo\\\/image\\\/\"}}]}<\/script>\n<!-- \/ Yoast SEO plugin. -->","yoast_head_json":{"title":"Programme du salon Bien-\u00eatre M\u00e9decine douce 2023","description":"Programme du salon : 15 conf\u00e9rences, 150 ateliers\/animations et le Tremplin du bien-\u00eatre qui regroupe des start-ups.","robots":{"index":"index","follow":"follow","max-snippet":"max-snippet:-1","max-image-preview":"max-image-preview:large","max-video-preview":"max-video-preview:-1"},"canonical":"https:\/\/www.salon-medecinedouce.com\/paris\/programme\/","og_locale":"fr_FR","og_type":"article","og_title":"Programme du salon Bien-\u00eatre M\u00e9decine douce 2023","og_description":"Programme du salon : 15 conf\u00e9rences, 150 ateliers\/animations et le Tremplin du bien-\u00eatre qui regroupe des start-ups.","og_url":"https:\/\/www.salon-medecinedouce.com\/paris\/programme\/","og_site_name":"Bien-\u00eatre Paris","article_modified_time":"2025-12-02T16:28:52+00:00","og_image":[{"width":500,"height":334,"url":"https:\/\/www.salon-medecinedouce.com\/paris\/wp-content\/uploads\/sites\/14\/2019\/06\/BEMD-img1.jpg","type":"image\/jpeg"}],"twitter_card":"summary_large_image","twitter_misc":{"Dur\u00e9e de lecture estim\u00e9e":"2 minutes"},"schema":{"@context":"https:\/\/schema.org","@graph":[{"@type":"WebPage","@id":"https:\/\/www.salon-medecinedouce.com\/paris\/programme\/","url":"https:\/\/www.salon-medecinedouce.com\/paris\/programme\/","name":"Programme du salon Bien-\u00eatre M\u00e9decine douce 2023","isPartOf":{"@id":"https:\/\/www.salon-medecinedouce.com\/paris\/#website"},"primaryImageOfPage":{"@id":"https:\/\/www.salon-medecinedouce.com\/paris\/programme\/#primaryimage"},"image":{"@id":"https:\/\/www.salon-medecinedouce.com\/paris\/programme\/#primaryimage"},"thumbnailUrl":"https:\/\/www.salon-medecinedouce.com\/paris\/wp-content\/uploads\/sites\/14\/2019\/06\/BEMD-img1.jpg","datePublished":"2024-06-26T07:00:19+00:00","dateModified":"2025-12-02T16:28:52+00:00","description":"Programme du salon : 15 conf\u00e9rences, 150 ateliers\/animations et le Tremplin du bien-\u00eatre qui regroupe des start-ups.","breadcrumb":{"@id":"https:\/\/www.salon-medecinedouce.com\/paris\/programme\/#breadcrumb"},"inLanguage":"fr-FR","potentialAction":[{"@type":"ReadAction","target":["https:\/\/www.salon-medecinedouce.com\/paris\/programme\/"]}]},{"@type":"ImageObject","inLanguage":"fr-FR","@id":"https:\/\/www.salon-medecinedouce.com\/paris\/programme\/#primaryimage","url":"https:\/\/www.salon-medecinedouce.com\/paris\/wp-content\/uploads\/sites\/14\/2019\/06\/BEMD-img1.jpg","contentUrl":"https:\/\/www.salon-medecinedouce.com\/paris\/wp-content\/uploads\/sites\/14\/2019\/06\/BEMD-img1.jpg","width":500,"height":334,"caption":"Salon Bien-\u00eatre, M\u00e9decine Douce & Thalasso 2020"},{"@type":"BreadcrumbList","@id":"https:\/\/www.salon-medecinedouce.com\/paris\/programme\/#breadcrumb","itemListElement":[{"@type":"ListItem","position":1,"name":"Accueil","item":"https:\/\/www.salon-medecinedouce.com\/paris\/"},{"@type":"ListItem","position":2,"name":"Programme du salon"}]},{"@type":"WebSite","@id":"https:\/\/www.salon-medecinedouce.com\/paris\/#website","url":"https:\/\/www.salon-medecinedouce.com\/paris\/","name":"Bien-\u00eatre Paris","description":"La sant\u00e9 au naturel : M\u00e9decines douces - Compl\u00e9ments alimentaires - Alimentation saine - Cosm\u00e9tiques naturelles - Art de vivre - Tourisme de sant\u00e9","publisher":{"@id":"https:\/\/www.salon-medecinedouce.com\/paris\/#organization"},"potentialAction":[{"@type":"SearchAction","target":{"@type":"EntryPoint","urlTemplate":"https:\/\/www.salon-medecinedouce.com\/paris\/?s={search_term_string}"},"query-input":{"@type":"PropertyValueSpecification","valueRequired":true,"valueName":"search_term_string"}}],"inLanguage":"fr-FR"},{"@type":"Organization","@id":"https:\/\/www.salon-medecinedouce.com\/paris\/#organization","name":"Bien-\u00eatre Paris","url":"https:\/\/www.salon-medecinedouce.com\/paris\/","logo":{"@type":"ImageObject","inLanguage":"fr-FR","@id":"https:\/\/www.salon-medecinedouce.com\/paris\/#\/schema\/logo\/image\/","url":"https:\/\/www.salon-medecinedouce.com\/paris\/wp-content\/uploads\/sites\/14\/2024\/05\/cropped-logo-orange-bemd.png","contentUrl":"https:\/\/www.salon-medecinedouce.com\/paris\/wp-content\/uploads\/sites\/14\/2024\/05\/cropped-logo-orange-bemd.png","width":591,"height":591,"caption":"Bien-\u00eatre Paris"},"image":{"@id":"https:\/\/www.salon-medecinedouce.com\/paris\/#\/schema\/logo\/image\/"}}]}},"rttpg_featured_image_url":{"full":["https:\/\/www.salon-medecinedouce.com\/paris\/wp-content\/uploads\/sites\/14\/2019\/06\/BEMD-img1.jpg",500,334,false],"landscape":["https:\/\/www.salon-medecinedouce.com\/paris\/wp-content\/uploads\/sites\/14\/2019\/06\/BEMD-img1.jpg",500,334,false],"portraits":["https:\/\/www.salon-medecinedouce.com\/paris\/wp-content\/uploads\/sites\/14\/2019\/06\/BEMD-img1.jpg",500,334,false],"thumbnail":["https:\/\/www.salon-medecinedouce.com\/paris\/wp-content\/uploads\/sites\/14\/2019\/06\/BEMD-img1-150x150.jpg",150,150,true],"medium":["https:\/\/www.salon-medecinedouce.com\/paris\/wp-content\/uploads\/sites\/14\/2019\/06\/BEMD-img1-300x200.jpg",300,200,true],"large":["https:\/\/www.salon-medecinedouce.com\/paris\/wp-content\/uploads\/sites\/14\/2019\/06\/BEMD-img1.jpg",500,334,false],"1536x1536":["https:\/\/www.salon-medecinedouce.com\/paris\/wp-content\/uploads\/sites\/14\/2019\/06\/BEMD-img1.jpg",500,334,false],"2048x2048":["https:\/\/www.salon-medecinedouce.com\/paris\/wp-content\/uploads\/sites\/14\/2019\/06\/BEMD-img1.jpg",500,334,false],"gg_gallery_thumbnail":["https:\/\/www.salon-medecinedouce.com\/paris\/wp-content\/uploads\/sites\/14\/2019\/06\/BEMD-img1-450x250.jpg",450,250,true],"rpwe-thumbnail":["https:\/\/www.salon-medecinedouce.com\/paris\/wp-content\/uploads\/sites\/14\/2019\/06\/BEMD-img1-45x45.jpg",45,45,true]},"rttpg_author":{"display_name":"admin","author_link":"https:\/\/www.salon-medecinedouce.com\/paris\/blog\/author\/admin\/"},"rttpg_comment":0,"rttpg_category":false,"rttpg_excerpt":"Profitez d\u2019un programme riche : 23 conf\u00e9rences et plus de 120 ateliers\/animations ! Les conf\u00e9rences experts Au coeur du salon, les conf\u00e9rences pl\u00e9ni\u00e8res font intervenir m\u00e9decins et praticiens sur des probl\u00e9matiques ancr\u00e9es dans l\u2019actualit\u00e9 et ax\u00e9es sur des grands th\u00e8mes journaliers. Programme des conf\u00e9rences court Programme des conf\u00e9rences en d\u00e9tail\u00a0 Les ateliers Plus de 100&hellip;","_links":{"self":[{"href":"https:\/\/www.salon-medecinedouce.com\/paris\/wp-json\/wp\/v2\/pages\/2085","targetHints":{"allow":["GET"]}}],"collection":[{"href":"https:\/\/www.salon-medecinedouce.com\/paris\/wp-json\/wp\/v2\/pages"}],"about":[{"href":"https:\/\/www.salon-medecinedouce.com\/paris\/wp-json\/wp\/v2\/types\/page"}],"author":[{"embeddable":true,"href":"https:\/\/www.salon-medecinedouce.com\/paris\/wp-json\/wp\/v2\/users\/1"}],"replies":[{"embeddable":true,"href":"https:\/\/www.salon-medecinedouce.com\/paris\/wp-json\/wp\/v2\/comments?post=2085"}],"version-history":[{"count":51,"href":"https:\/\/www.salon-medecinedouce.com\/paris\/wp-json\/wp\/v2\/pages\/2085\/revisions"}],"predecessor-version":[{"id":20163,"href":"https:\/\/www.salon-medecinedouce.com\/paris\/wp-json\/wp\/v2\/pages\/2085\/revisions\/20163"}],"wp:featuredmedia":[{"embeddable":true,"href":"https:\/\/www.salon-medecinedouce.com\/paris\/wp-json\/wp\/v2\/media\/8542"}],"wp:attachment":[{"href":"https:\/\/www.salon-medecinedouce.com\/paris\/wp-json\/wp\/v2\/media?parent=2085"}],"curies":[{"name":"wp","href":"https:\/\/api.w.org\/{rel}","templated":true}]}}