{"id":19861,"date":"2025-11-05T12:32:31","date_gmt":"2025-11-05T11:32:31","guid":{"rendered":"https:\/\/www.salon-medecinedouce.com\/paris\/?page_id=19861"},"modified":"2025-11-05T12:32:31","modified_gmt":"2025-11-05T11:32:31","slug":"se-loger","status":"publish","type":"page","link":"https:\/\/www.salon-medecinedouce.com\/paris\/infos\/se-loger\/","title":{"rendered":"Se loger"},"content":{"rendered":"<h2><span style=\"font-size: 24pt;\">R\u00e9servez votre h\u00e9bergement pour Bien-\u00catre M\u00e9decine Douce Paris !<\/span><\/h2>\n<p><span style=\"font-size: 12pt;\"><a href=\"https:\/\/platform.revolugo.com\/hotels?wid=marjolaine-2025\" target=\"_blank\" rel=\"noopener\"><strong>Revolugo<\/strong><\/a> est l\u2019agence partenaire officielle pour le salon Bien-\u00catre M\u00e9decine Douce \u00e0 Paris.<\/span><\/p>\n<p><span style=\"font-size: 12pt;\">Votre r\u00e9servation d\u2019h\u00f4tel, vos donn\u00e9es et informations personnelles sont prot\u00e9g\u00e9es et s\u00e9curis\u00e9es.<\/span><\/p>\n<p><span style=\"font-size: 12pt;\">Afin de b\u00e9n\u00e9ficier de tarifs exclusifs, nous vous recommandons de r\u00e9server votre s\u00e9jour le plus t\u00f4t possible.<\/span><\/p>\n<p><span style=\"font-size: 12pt;\">Retrouvez ci-dessous une liste d\u2019h\u00f4tels proposant leurs meilleurs tarifs afin de vous accueillir.<\/span><\/p>\n<p><span style=\"font-size: 12pt;\">Pour tout renseignement ou assistance pour les\u00a0<strong>groupes<\/strong>,\u00a0n\u2019h\u00e9sitez pas \u00e0 contacter le +33 1 80 06 62 88 ou envoyer un mail \u00e0\u00a0<a href=\"mailto:reservations@revolugo.com\">reservations@revolugo.com<\/a><\/span><\/p>\n<p><script id=\"revolugo-widget\" src=\"https:\/\/widget.revolugo.com\/embed\" data-wid=\"bien-etre-medecine-douce-paris-2025\"><\/script><\/p>\n<div class=\"salon-pubs-hp-bas-de-page salon-entity-placement\" id=\"salon-2724653884\"><div id=\"salon-2293871135\"><a data-no-instant=\"1\" href=\"https:\/\/www.adntv.fr\/home?request_origin=tv_app\" rel=\"noopener\" class=\"a2t-link\" target=\"_blank\"><p><a href=\"https:\/\/www.salondesseniors.com\/\"><img fetchpriority=\"high\" decoding=\"async\" class=\"wp-image-22417 aligncenter\" src=\"https:\/\/www.salon-medecinedouce.com\/paris\/wp-content\/uploads\/sites\/14\/2026\/02\/Banniere-728x90-1-300x37.png\" alt=\"\" width=\"754\" height=\"93\" srcset=\"https:\/\/www.salon-medecinedouce.com\/paris\/wp-content\/uploads\/sites\/14\/2026\/02\/Banniere-728x90-1-300x37.png 300w, https:\/\/www.salon-medecinedouce.com\/paris\/wp-content\/uploads\/sites\/14\/2026\/02\/Banniere-728x90-1-1024x127.png 1024w, https:\/\/www.salon-medecinedouce.com\/paris\/wp-content\/uploads\/sites\/14\/2026\/02\/Banniere-728x90-1-768x95.png 768w, https:\/\/www.salon-medecinedouce.com\/paris\/wp-content\/uploads\/sites\/14\/2026\/02\/Banniere-728x90-1-1536x190.png 1536w, https:\/\/www.salon-medecinedouce.com\/paris\/wp-content\/uploads\/sites\/14\/2026\/02\/Banniere-728x90-1-2048x253.png 2048w, https:\/\/www.salon-medecinedouce.com\/paris\/wp-content\/uploads\/sites\/14\/2026\/02\/Banniere-728x90-1-150x19.png 150w, https:\/\/www.salon-medecinedouce.com\/paris\/wp-content\/uploads\/sites\/14\/2026\/02\/Banniere-728x90-1-500x62.png 500w\" sizes=\"(max-width: 754px) 100vw, 754px\" \/><\/a><\/p>\n<\/a><\/div><\/div>","protected":false},"excerpt":{"rendered":"<p>R\u00e9servez votre h\u00e9bergement pour Bien-\u00catre M\u00e9decine Douce Paris ! Revolugo est l\u2019agence partenaire officielle pour le salon Bien-\u00catre M\u00e9decine Douce \u00e0 Paris. Votre r\u00e9servation d\u2019h\u00f4tel, vos donn\u00e9es et informations personnelles sont prot\u00e9g\u00e9es et s\u00e9curis\u00e9es. Afin de b\u00e9n\u00e9ficier de tarifs exclusifs, nous vous recommandons de r\u00e9server votre s\u00e9jour le plus t\u00f4t possible. Retrouvez ci-dessous une liste&hellip; <\/p>\n","protected":false},"author":9,"featured_media":0,"parent":2094,"menu_order":0,"comment_status":"closed","ping_status":"closed","template":"","meta":{"_monsterinsights_skip_tracking":false,"_monsterinsights_sitenote_active":false,"_monsterinsights_sitenote_note":"","_monsterinsights_sitenote_category":0,"footnotes":""},"class_list":["post-19861","page","type-page","status-publish","hentry"],"yoast_head":"<!-- This site is optimized with the Yoast SEO plugin v27.5 - https:\/\/yoast.com\/product\/yoast-seo-wordpress\/ -->\n<title>Se loger - Bien-\u00eatre Paris<\/title>\n<meta name=\"description\" content=\"R\u00e9servez votre h\u00e9bergement pour Bien-\u00catre M\u00e9decine Douce Paris ! Retrouvez ci-dessous une liste d\u2019h\u00f4tels proposant leurs meilleurs tarifs afin de vous accueillir.\" \/>\n<meta name=\"robots\" content=\"index, follow, max-snippet:-1, max-image-preview:large, max-video-preview:-1\" \/>\n<link rel=\"canonical\" href=\"https:\/\/www.salon-medecinedouce.com\/paris\/infos\/se-loger\/\" \/>\n<meta property=\"og:locale\" content=\"fr_FR\" \/>\n<meta property=\"og:type\" content=\"article\" \/>\n<meta property=\"og:title\" content=\"Se loger - Bien-\u00eatre Paris\" \/>\n<meta property=\"og:description\" content=\"R\u00e9servez votre h\u00e9bergement pour Bien-\u00catre M\u00e9decine Douce Paris ! Retrouvez ci-dessous une liste d\u2019h\u00f4tels proposant leurs meilleurs tarifs afin de vous accueillir.\" \/>\n<meta property=\"og:url\" content=\"https:\/\/www.salon-medecinedouce.com\/paris\/infos\/se-loger\/\" \/>\n<meta property=\"og:site_name\" content=\"Bien-\u00eatre Paris\" \/>\n<meta name=\"twitter:card\" content=\"summary_large_image\" \/>\n<meta name=\"twitter:label1\" content=\"Dur\u00e9e de lecture estim\u00e9e\" \/>\n\t<meta name=\"twitter:data1\" content=\"1 minute\" \/>\n<script type=\"application\/ld+json\" class=\"yoast-schema-graph\">{\"@context\":\"https:\\\/\\\/schema.org\",\"@graph\":[{\"@type\":\"WebPage\",\"@id\":\"https:\\\/\\\/www.salon-medecinedouce.com\\\/paris\\\/infos\\\/se-loger\\\/\",\"url\":\"https:\\\/\\\/www.salon-medecinedouce.com\\\/paris\\\/infos\\\/se-loger\\\/\",\"name\":\"Se loger - Bien-\u00eatre Paris\",\"isPartOf\":{\"@id\":\"https:\\\/\\\/www.salon-medecinedouce.com\\\/paris\\\/#website\"},\"datePublished\":\"2025-11-05T11:32:31+00:00\",\"description\":\"R\u00e9servez votre h\u00e9bergement pour Bien-\u00catre M\u00e9decine Douce Paris ! Retrouvez ci-dessous une liste d\u2019h\u00f4tels proposant leurs meilleurs tarifs afin de vous accueillir.\",\"breadcrumb\":{\"@id\":\"https:\\\/\\\/www.salon-medecinedouce.com\\\/paris\\\/infos\\\/se-loger\\\/#breadcrumb\"},\"inLanguage\":\"fr-FR\",\"potentialAction\":[{\"@type\":\"ReadAction\",\"target\":[\"https:\\\/\\\/www.salon-medecinedouce.com\\\/paris\\\/infos\\\/se-loger\\\/\"]}]},{\"@type\":\"BreadcrumbList\",\"@id\":\"https:\\\/\\\/www.salon-medecinedouce.com\\\/paris\\\/infos\\\/se-loger\\\/#breadcrumb\",\"itemListElement\":[{\"@type\":\"ListItem\",\"position\":1,\"name\":\"Accueil\",\"item\":\"https:\\\/\\\/www.salon-medecinedouce.com\\\/paris\\\/\"},{\"@type\":\"ListItem\",\"position\":2,\"name\":\"Infos pratiques\",\"item\":\"https:\\\/\\\/www.salon-medecinedouce.com\\\/paris\\\/infos\\\/\"},{\"@type\":\"ListItem\",\"position\":3,\"name\":\"Se loger\"}]},{\"@type\":\"WebSite\",\"@id\":\"https:\\\/\\\/www.salon-medecinedouce.com\\\/paris\\\/#website\",\"url\":\"https:\\\/\\\/www.salon-medecinedouce.com\\\/paris\\\/\",\"name\":\"Bien-\u00eatre Paris\",\"description\":\"La sant\u00e9 au naturel : M\u00e9decines douces - Compl\u00e9ments alimentaires - Alimentation saine - Cosm\u00e9tiques naturelles - Art de vivre - Tourisme de sant\u00e9\",\"publisher\":{\"@id\":\"https:\\\/\\\/www.salon-medecinedouce.com\\\/paris\\\/#organization\"},\"potentialAction\":[{\"@type\":\"SearchAction\",\"target\":{\"@type\":\"EntryPoint\",\"urlTemplate\":\"https:\\\/\\\/www.salon-medecinedouce.com\\\/paris\\\/?s={search_term_string}\"},\"query-input\":{\"@type\":\"PropertyValueSpecification\",\"valueRequired\":true,\"valueName\":\"search_term_string\"}}],\"inLanguage\":\"fr-FR\"},{\"@type\":\"Organization\",\"@id\":\"https:\\\/\\\/www.salon-medecinedouce.com\\\/paris\\\/#organization\",\"name\":\"Bien-\u00eatre Paris\",\"url\":\"https:\\\/\\\/www.salon-medecinedouce.com\\\/paris\\\/\",\"logo\":{\"@type\":\"ImageObject\",\"inLanguage\":\"fr-FR\",\"@id\":\"https:\\\/\\\/www.salon-medecinedouce.com\\\/paris\\\/#\\\/schema\\\/logo\\\/image\\\/\",\"url\":\"https:\\\/\\\/www.salon-medecinedouce.com\\\/paris\\\/wp-content\\\/uploads\\\/sites\\\/14\\\/2024\\\/05\\\/cropped-logo-orange-bemd.png\",\"contentUrl\":\"https:\\\/\\\/www.salon-medecinedouce.com\\\/paris\\\/wp-content\\\/uploads\\\/sites\\\/14\\\/2024\\\/05\\\/cropped-logo-orange-bemd.png\",\"width\":591,\"height\":591,\"caption\":\"Bien-\u00eatre Paris\"},\"image\":{\"@id\":\"https:\\\/\\\/www.salon-medecinedouce.com\\\/paris\\\/#\\\/schema\\\/logo\\\/image\\\/\"}}]}<\/script>\n<!-- \/ Yoast SEO plugin. -->","yoast_head_json":{"title":"Se loger - Bien-\u00eatre Paris","description":"R\u00e9servez votre h\u00e9bergement pour Bien-\u00catre M\u00e9decine Douce Paris ! Retrouvez ci-dessous une liste d\u2019h\u00f4tels proposant leurs meilleurs tarifs afin de vous accueillir.","robots":{"index":"index","follow":"follow","max-snippet":"max-snippet:-1","max-image-preview":"max-image-preview:large","max-video-preview":"max-video-preview:-1"},"canonical":"https:\/\/www.salon-medecinedouce.com\/paris\/infos\/se-loger\/","og_locale":"fr_FR","og_type":"article","og_title":"Se loger - Bien-\u00eatre Paris","og_description":"R\u00e9servez votre h\u00e9bergement pour Bien-\u00catre M\u00e9decine Douce Paris ! Retrouvez ci-dessous une liste d\u2019h\u00f4tels proposant leurs meilleurs tarifs afin de vous accueillir.","og_url":"https:\/\/www.salon-medecinedouce.com\/paris\/infos\/se-loger\/","og_site_name":"Bien-\u00eatre Paris","twitter_card":"summary_large_image","twitter_misc":{"Dur\u00e9e de lecture estim\u00e9e":"1 minute"},"schema":{"@context":"https:\/\/schema.org","@graph":[{"@type":"WebPage","@id":"https:\/\/www.salon-medecinedouce.com\/paris\/infos\/se-loger\/","url":"https:\/\/www.salon-medecinedouce.com\/paris\/infos\/se-loger\/","name":"Se loger - Bien-\u00eatre Paris","isPartOf":{"@id":"https:\/\/www.salon-medecinedouce.com\/paris\/#website"},"datePublished":"2025-11-05T11:32:31+00:00","description":"R\u00e9servez votre h\u00e9bergement pour Bien-\u00catre M\u00e9decine Douce Paris ! Retrouvez ci-dessous une liste d\u2019h\u00f4tels proposant leurs meilleurs tarifs afin de vous accueillir.","breadcrumb":{"@id":"https:\/\/www.salon-medecinedouce.com\/paris\/infos\/se-loger\/#breadcrumb"},"inLanguage":"fr-FR","potentialAction":[{"@type":"ReadAction","target":["https:\/\/www.salon-medecinedouce.com\/paris\/infos\/se-loger\/"]}]},{"@type":"BreadcrumbList","@id":"https:\/\/www.salon-medecinedouce.com\/paris\/infos\/se-loger\/#breadcrumb","itemListElement":[{"@type":"ListItem","position":1,"name":"Accueil","item":"https:\/\/www.salon-medecinedouce.com\/paris\/"},{"@type":"ListItem","position":2,"name":"Infos pratiques","item":"https:\/\/www.salon-medecinedouce.com\/paris\/infos\/"},{"@type":"ListItem","position":3,"name":"Se loger"}]},{"@type":"WebSite","@id":"https:\/\/www.salon-medecinedouce.com\/paris\/#website","url":"https:\/\/www.salon-medecinedouce.com\/paris\/","name":"Bien-\u00eatre Paris","description":"La sant\u00e9 au naturel : M\u00e9decines douces - Compl\u00e9ments alimentaires - Alimentation saine - Cosm\u00e9tiques naturelles - Art de vivre - Tourisme de sant\u00e9","publisher":{"@id":"https:\/\/www.salon-medecinedouce.com\/paris\/#organization"},"potentialAction":[{"@type":"SearchAction","target":{"@type":"EntryPoint","urlTemplate":"https:\/\/www.salon-medecinedouce.com\/paris\/?s={search_term_string}"},"query-input":{"@type":"PropertyValueSpecification","valueRequired":true,"valueName":"search_term_string"}}],"inLanguage":"fr-FR"},{"@type":"Organization","@id":"https:\/\/www.salon-medecinedouce.com\/paris\/#organization","name":"Bien-\u00eatre Paris","url":"https:\/\/www.salon-medecinedouce.com\/paris\/","logo":{"@type":"ImageObject","inLanguage":"fr-FR","@id":"https:\/\/www.salon-medecinedouce.com\/paris\/#\/schema\/logo\/image\/","url":"https:\/\/www.salon-medecinedouce.com\/paris\/wp-content\/uploads\/sites\/14\/2024\/05\/cropped-logo-orange-bemd.png","contentUrl":"https:\/\/www.salon-medecinedouce.com\/paris\/wp-content\/uploads\/sites\/14\/2024\/05\/cropped-logo-orange-bemd.png","width":591,"height":591,"caption":"Bien-\u00eatre Paris"},"image":{"@id":"https:\/\/www.salon-medecinedouce.com\/paris\/#\/schema\/logo\/image\/"}}]}},"rttpg_featured_image_url":null,"rttpg_author":{"display_name":"sophie","author_link":"https:\/\/www.salon-medecinedouce.com\/paris\/blog\/author\/sophie\/"},"rttpg_comment":0,"rttpg_category":false,"rttpg_excerpt":"R\u00e9servez votre h\u00e9bergement pour Bien-\u00catre M\u00e9decine Douce Paris ! Revolugo est l\u2019agence partenaire officielle pour le salon Bien-\u00catre M\u00e9decine Douce \u00e0 Paris. Votre r\u00e9servation d\u2019h\u00f4tel, vos donn\u00e9es et informations personnelles sont prot\u00e9g\u00e9es et s\u00e9curis\u00e9es. Afin de b\u00e9n\u00e9ficier de tarifs exclusifs, nous vous recommandons de r\u00e9server votre s\u00e9jour le plus t\u00f4t possible. Retrouvez ci-dessous une liste&hellip;","_links":{"self":[{"href":"https:\/\/www.salon-medecinedouce.com\/paris\/wp-json\/wp\/v2\/pages\/19861","targetHints":{"allow":["GET"]}}],"collection":[{"href":"https:\/\/www.salon-medecinedouce.com\/paris\/wp-json\/wp\/v2\/pages"}],"about":[{"href":"https:\/\/www.salon-medecinedouce.com\/paris\/wp-json\/wp\/v2\/types\/page"}],"author":[{"embeddable":true,"href":"https:\/\/www.salon-medecinedouce.com\/paris\/wp-json\/wp\/v2\/users\/9"}],"replies":[{"embeddable":true,"href":"https:\/\/www.salon-medecinedouce.com\/paris\/wp-json\/wp\/v2\/comments?post=19861"}],"version-history":[{"count":4,"href":"https:\/\/www.salon-medecinedouce.com\/paris\/wp-json\/wp\/v2\/pages\/19861\/revisions"}],"predecessor-version":[{"id":19866,"href":"https:\/\/www.salon-medecinedouce.com\/paris\/wp-json\/wp\/v2\/pages\/19861\/revisions\/19866"}],"up":[{"embeddable":true,"href":"https:\/\/www.salon-medecinedouce.com\/paris\/wp-json\/wp\/v2\/pages\/2094"}],"wp:attachment":[{"href":"https:\/\/www.salon-medecinedouce.com\/paris\/wp-json\/wp\/v2\/media?parent=19861"}],"curies":[{"name":"wp","href":"https:\/\/api.w.org\/{rel}","templated":true}]}}