{"id":18710,"date":"2025-01-21T17:55:49","date_gmt":"2025-01-21T16:55:49","guid":{"rendered":"https:\/\/www.salon-medecinedouce.com\/paris\/?page_id=18710"},"modified":"2025-12-08T10:46:23","modified_gmt":"2025-12-08T09:46:23","slug":"restaurants","status":"publish","type":"page","link":"https:\/\/www.salon-medecinedouce.com\/paris\/restaurants\/","title":{"rendered":"Restaurants"},"content":{"rendered":"<p>&nbsp;<\/p>\n<p><a href=\"https:\/\/www.salon-medecinedouce.com\/paris\/restaurants\/capture-decran-2025-01-21-a-17-49-01\/\" rel=\"attachment wp-att-18712\"><img fetchpriority=\"high\" decoding=\"async\" class=\"alignnone wp-image-18712 \" src=\"https:\/\/www.salon-medecinedouce.com\/paris\/wp-content\/uploads\/sites\/14\/2025\/01\/Capture-decran-2025-01-21-a-17.49.01.png\" alt=\"Restauration - image\" width=\"480\" height=\"314\" srcset=\"https:\/\/www.salon-medecinedouce.com\/paris\/wp-content\/uploads\/sites\/14\/2025\/01\/Capture-decran-2025-01-21-a-17.49.01.png 954w, https:\/\/www.salon-medecinedouce.com\/paris\/wp-content\/uploads\/sites\/14\/2025\/01\/Capture-decran-2025-01-21-a-17.49.01-300x196.png 300w, https:\/\/www.salon-medecinedouce.com\/paris\/wp-content\/uploads\/sites\/14\/2025\/01\/Capture-decran-2025-01-21-a-17.49.01-768x502.png 768w, https:\/\/www.salon-medecinedouce.com\/paris\/wp-content\/uploads\/sites\/14\/2025\/01\/Capture-decran-2025-01-21-a-17.49.01-150x98.png 150w, https:\/\/www.salon-medecinedouce.com\/paris\/wp-content\/uploads\/sites\/14\/2025\/01\/Capture-decran-2025-01-21-a-17.49.01-500x327.png 500w\" sizes=\"(max-width: 480px) 100vw, 480px\" \/><\/a><\/p>\n<h3 data-start=\"101\" data-end=\"148\"><span style=\"font-size: 14pt; color: #ff6600;\">Profitez d\u2019un d\u00e9jeuner sain, \u00e9quilibr\u00e9 et exotique ou d\u2019une pause gourmande dans l\u2019un des 4 restaurants du salon !<\/span><\/h3>\n<h3 data-start=\"101\" data-end=\"148\"><span style=\"color: #ff6600;\"><strong data-start=\"105\" data-end=\"146\">Cuisine Indienne \u2013 V\u00e9g\u00e9tarienne &amp; Bio<\/strong><\/span><\/h3>\n<p data-start=\"149\" data-end=\"334\">D\u00e9couvrez une cuisine indienne authentique, 100 % v\u00e9g\u00e9tarienne et \u00e9labor\u00e9e \u00e0 partir de produits biologiques. Saveurs \u00e9pic\u00e9es, plats gourmands et recettes traditionnelles vous attendent.<\/p>\n<hr data-start=\"336\" data-end=\"339\" \/>\n<h3 data-start=\"341\" data-end=\"389\"><span style=\"color: #ff6600;\"><strong data-start=\"345\" data-end=\"387\">Nattykilti \u2013 Saveurs Vegan &amp; Exotiques<\/strong><\/span><\/h3>\n<p data-start=\"390\" data-end=\"457\">Nattykilti vous propose une cuisine vegan aux accents tropicaux :<\/p>\n<ul data-start=\"458\" data-end=\"926\">\n<li data-start=\"458\" data-end=\"487\">\n<p data-start=\"460\" data-end=\"487\">Plats exotiques savoureux<\/p>\n<\/li>\n<li data-start=\"488\" data-end=\"526\">\n<p data-start=\"490\" data-end=\"526\">Sorbets vegan (coco, mangue, etc.)<\/p>\n<\/li>\n<li data-start=\"527\" data-end=\"580\">\n<p data-start=\"529\" data-end=\"580\">Jus D\u00e9tox (carotte, concombre, betterave, c\u00e9leri)<\/p>\n<\/li>\n<li data-start=\"581\" data-end=\"631\">\n<p data-start=\"583\" data-end=\"631\">Good Tonic (carotte, ananas, pomme, betterave)<\/p>\n<\/li>\n<li data-start=\"632\" data-end=\"884\">\n<p data-start=\"634\" data-end=\"701\"><strong data-start=\"634\" data-end=\"679\">Notre incontournable jus de canne \u00e0 sucre<\/strong>, en deux versions :<\/p>\n<ul data-start=\"704\" data-end=\"884\">\n<li data-start=\"704\" data-end=\"767\">\n<p data-start=\"706\" data-end=\"767\"><strong data-start=\"706\" data-end=\"718\">Le Lokal<\/strong> : canne \u00e0 sucre, citron, avec option gingembre<\/p>\n<\/li>\n<li data-start=\"770\" data-end=\"884\">\n<p data-start=\"772\" data-end=\"884\"><strong data-start=\"772\" data-end=\"793\">Sky Passion Juice<\/strong> : canne \u00e0 sucre, eau de coco fra\u00eeche, fruit de la passion, citron, avec option gingembre<\/p>\n<\/li>\n<\/ul>\n<\/li>\n<li data-start=\"885\" data-end=\"926\">\n<p data-start=\"887\" data-end=\"926\">Cocos fra\u00eeches &amp; sorbets vegan maison<\/p>\n<\/li>\n<\/ul>\n<p data-start=\"928\" data-end=\"964\">Une v\u00e9ritable invitation au voyage !<\/p>\n<hr data-start=\"966\" data-end=\"969\" \/>\n<h3 data-start=\"971\" data-end=\"1033\"><span style=\"color: #ff6600;\"><strong data-start=\"975\" data-end=\"1031\">Kreol Bowl \u2013 Saveurs Tropicales &amp; Cuisine Carib\u00e9enne<\/strong><\/span><\/h3>\n<p data-start=\"1034\" data-end=\"1073\">Un d\u00e9licieux mix de saveurs cr\u00e9oles :<\/p>\n<ul data-start=\"1074\" data-end=\"1151\">\n<li data-start=\"1074\" data-end=\"1087\">\n<p data-start=\"1076\" data-end=\"1087\">Poul\u2019Bowl<\/p>\n<\/li>\n<li data-start=\"1088\" data-end=\"1106\">\n<p data-start=\"1090\" data-end=\"1106\">Chicktail\u2019Bowl<\/p>\n<\/li>\n<li data-start=\"1107\" data-end=\"1118\">\n<p data-start=\"1109\" data-end=\"1118\">Vg Bowl<\/p>\n<\/li>\n<li data-start=\"1119\" data-end=\"1151\">\n<p data-start=\"1121\" data-end=\"1151\">Jus maison frais et naturels<\/p>\n<\/li>\n<\/ul>\n<p data-start=\"1153\" data-end=\"1203\">Fra\u00eecheur, couleurs et gourmandise au rendez-vous.<\/p>\n<hr data-start=\"1205\" data-end=\"1208\" \/>\n<h3 data-start=\"1210\" data-end=\"1263\"><span style=\"color: #ff6600;\"><strong data-start=\"1214\" data-end=\"1261\">Erna Cocktails \u2013 Cocktails Exotiques Maison<\/strong><\/span><\/h3>\n<p data-start=\"1264\" data-end=\"1343\">Savourez des cocktails faits maison, \u00e0 base de fruits exotiques et naturels :<\/p>\n<ul data-start=\"1344\" data-end=\"1440\">\n<li data-start=\"1344\" data-end=\"1367\">\n<p data-start=\"1346\" data-end=\"1367\">Avec ou sans alcool<\/p>\n<\/li>\n<li data-start=\"1368\" data-end=\"1411\">\n<p data-start=\"1370\" data-end=\"1411\">Recettes originales et rafra\u00eechissantes<\/p>\n<\/li>\n<li data-start=\"1412\" data-end=\"1440\">\n<p data-start=\"1414\" data-end=\"1440\">Pr\u00e9parations artisanales<\/p>\n<\/li>\n<\/ul>\n<p data-start=\"1442\" data-end=\"1483\">Id\u00e9al pour une pause pleine de fra\u00eecheur.<\/p>\n<div class=\"salon-pubs-hp-bas-de-page salon-entity-placement\" id=\"salon-2698958788\"><div id=\"salon-3819065774\"><a data-no-instant=\"1\" href=\"https:\/\/www.adntv.fr\/home?request_origin=tv_app\" rel=\"noopener\" class=\"a2t-link\" target=\"_blank\"><p><a href=\"https:\/\/www.salondesseniors.com\/\"><img decoding=\"async\" class=\"wp-image-22417 aligncenter\" src=\"https:\/\/www.salon-medecinedouce.com\/paris\/wp-content\/uploads\/sites\/14\/2026\/02\/Banniere-728x90-1-300x37.png\" alt=\"\" width=\"754\" height=\"93\" srcset=\"https:\/\/www.salon-medecinedouce.com\/paris\/wp-content\/uploads\/sites\/14\/2026\/02\/Banniere-728x90-1-300x37.png 300w, https:\/\/www.salon-medecinedouce.com\/paris\/wp-content\/uploads\/sites\/14\/2026\/02\/Banniere-728x90-1-1024x127.png 1024w, https:\/\/www.salon-medecinedouce.com\/paris\/wp-content\/uploads\/sites\/14\/2026\/02\/Banniere-728x90-1-768x95.png 768w, https:\/\/www.salon-medecinedouce.com\/paris\/wp-content\/uploads\/sites\/14\/2026\/02\/Banniere-728x90-1-1536x190.png 1536w, https:\/\/www.salon-medecinedouce.com\/paris\/wp-content\/uploads\/sites\/14\/2026\/02\/Banniere-728x90-1-2048x253.png 2048w, https:\/\/www.salon-medecinedouce.com\/paris\/wp-content\/uploads\/sites\/14\/2026\/02\/Banniere-728x90-1-150x19.png 150w, https:\/\/www.salon-medecinedouce.com\/paris\/wp-content\/uploads\/sites\/14\/2026\/02\/Banniere-728x90-1-500x62.png 500w\" sizes=\"(max-width: 754px) 100vw, 754px\" \/><\/a><\/p>\n<\/a><\/div><\/div>","protected":false},"excerpt":{"rendered":"<p>&nbsp; Profitez d\u2019un d\u00e9jeuner sain, \u00e9quilibr\u00e9 et exotique ou d\u2019une pause gourmande dans l\u2019un des 4 restaurants du salon ! Cuisine Indienne \u2013 V\u00e9g\u00e9tarienne &amp; Bio D\u00e9couvrez une cuisine indienne authentique, 100 % v\u00e9g\u00e9tarienne et \u00e9labor\u00e9e \u00e0 partir de produits biologiques. Saveurs \u00e9pic\u00e9es, plats gourmands et recettes traditionnelles vous attendent. Nattykilti \u2013 Saveurs Vegan &amp;&hellip; <\/p>\n","protected":false},"author":6,"featured_media":0,"parent":0,"menu_order":0,"comment_status":"closed","ping_status":"closed","template":"","meta":{"_monsterinsights_skip_tracking":false,"_monsterinsights_sitenote_active":false,"_monsterinsights_sitenote_note":"","_monsterinsights_sitenote_category":0,"footnotes":""},"class_list":["post-18710","page","type-page","status-publish","hentry"],"yoast_head":"<!-- This site is optimized with the Yoast SEO plugin v27.3 - https:\/\/yoast.com\/product\/yoast-seo-wordpress\/ -->\n<title>Restaurants - Bien-\u00eatre Paris<\/title>\n<meta name=\"description\" content=\"Profitez d\u2019un d\u00e9jeuner sain, \u00e9quilibr\u00e9 et exotique ou d\u2019une pause gourmande dans l\u2019un des 4 restaurants du salon !\" \/>\n<meta name=\"robots\" content=\"index, follow, max-snippet:-1, max-image-preview:large, max-video-preview:-1\" \/>\n<link rel=\"canonical\" href=\"https:\/\/www.salon-medecinedouce.com\/paris\/restaurants\/\" \/>\n<meta property=\"og:locale\" content=\"fr_FR\" \/>\n<meta property=\"og:type\" content=\"article\" \/>\n<meta property=\"og:title\" content=\"Restaurants - Bien-\u00eatre Paris\" \/>\n<meta property=\"og:description\" content=\"Profitez d\u2019un d\u00e9jeuner sain, \u00e9quilibr\u00e9 et exotique ou d\u2019une pause gourmande dans l\u2019un des 4 restaurants du salon !\" \/>\n<meta property=\"og:url\" content=\"https:\/\/www.salon-medecinedouce.com\/paris\/restaurants\/\" \/>\n<meta property=\"og:site_name\" content=\"Bien-\u00eatre Paris\" \/>\n<meta property=\"article:modified_time\" content=\"2025-12-08T09:46:23+00:00\" \/>\n<meta property=\"og:image\" content=\"https:\/\/www.salon-medecinedouce.com\/paris\/wp-content\/uploads\/sites\/14\/2025\/01\/Capture-decran-2025-01-21-a-17.49.01.png\" \/>\n\t<meta property=\"og:image:width\" content=\"954\" \/>\n\t<meta property=\"og:image:height\" content=\"624\" \/>\n\t<meta property=\"og:image:type\" content=\"image\/png\" \/>\n<meta name=\"twitter:card\" content=\"summary_large_image\" \/>\n<meta name=\"twitter:label1\" content=\"Dur\u00e9e de lecture estim\u00e9e\" \/>\n\t<meta name=\"twitter:data1\" content=\"2 minutes\" \/>\n<script type=\"application\/ld+json\" class=\"yoast-schema-graph\">{\"@context\":\"https:\\\/\\\/schema.org\",\"@graph\":[{\"@type\":\"WebPage\",\"@id\":\"https:\\\/\\\/www.salon-medecinedouce.com\\\/paris\\\/restaurants\\\/\",\"url\":\"https:\\\/\\\/www.salon-medecinedouce.com\\\/paris\\\/restaurants\\\/\",\"name\":\"Restaurants - Bien-\u00eatre Paris\",\"isPartOf\":{\"@id\":\"https:\\\/\\\/www.salon-medecinedouce.com\\\/paris\\\/#website\"},\"primaryImageOfPage\":{\"@id\":\"https:\\\/\\\/www.salon-medecinedouce.com\\\/paris\\\/restaurants\\\/#primaryimage\"},\"image\":{\"@id\":\"https:\\\/\\\/www.salon-medecinedouce.com\\\/paris\\\/restaurants\\\/#primaryimage\"},\"thumbnailUrl\":\"https:\\\/\\\/www.salon-medecinedouce.com\\\/paris\\\/wp-content\\\/uploads\\\/sites\\\/14\\\/2025\\\/01\\\/Capture-decran-2025-01-21-a-17.49.01.png\",\"datePublished\":\"2025-01-21T16:55:49+00:00\",\"dateModified\":\"2025-12-08T09:46:23+00:00\",\"description\":\"Profitez d\u2019un d\u00e9jeuner sain, \u00e9quilibr\u00e9 et exotique ou d\u2019une pause gourmande dans l\u2019un des 4 restaurants du salon !\",\"breadcrumb\":{\"@id\":\"https:\\\/\\\/www.salon-medecinedouce.com\\\/paris\\\/restaurants\\\/#breadcrumb\"},\"inLanguage\":\"fr-FR\",\"potentialAction\":[{\"@type\":\"ReadAction\",\"target\":[\"https:\\\/\\\/www.salon-medecinedouce.com\\\/paris\\\/restaurants\\\/\"]}]},{\"@type\":\"ImageObject\",\"inLanguage\":\"fr-FR\",\"@id\":\"https:\\\/\\\/www.salon-medecinedouce.com\\\/paris\\\/restaurants\\\/#primaryimage\",\"url\":\"https:\\\/\\\/www.salon-medecinedouce.com\\\/paris\\\/wp-content\\\/uploads\\\/sites\\\/14\\\/2025\\\/01\\\/Capture-decran-2025-01-21-a-17.49.01.png\",\"contentUrl\":\"https:\\\/\\\/www.salon-medecinedouce.com\\\/paris\\\/wp-content\\\/uploads\\\/sites\\\/14\\\/2025\\\/01\\\/Capture-decran-2025-01-21-a-17.49.01.png\",\"width\":954,\"height\":624,\"caption\":\"Restauration - image\"},{\"@type\":\"BreadcrumbList\",\"@id\":\"https:\\\/\\\/www.salon-medecinedouce.com\\\/paris\\\/restaurants\\\/#breadcrumb\",\"itemListElement\":[{\"@type\":\"ListItem\",\"position\":1,\"name\":\"Accueil\",\"item\":\"https:\\\/\\\/www.salon-medecinedouce.com\\\/paris\\\/\"},{\"@type\":\"ListItem\",\"position\":2,\"name\":\"Restaurants\"}]},{\"@type\":\"WebSite\",\"@id\":\"https:\\\/\\\/www.salon-medecinedouce.com\\\/paris\\\/#website\",\"url\":\"https:\\\/\\\/www.salon-medecinedouce.com\\\/paris\\\/\",\"name\":\"Bien-\u00eatre Paris\",\"description\":\"La sant\u00e9 au naturel : M\u00e9decines douces - Compl\u00e9ments alimentaires - Alimentation saine - Cosm\u00e9tiques naturelles - Art de vivre - Tourisme de sant\u00e9\",\"publisher\":{\"@id\":\"https:\\\/\\\/www.salon-medecinedouce.com\\\/paris\\\/#organization\"},\"potentialAction\":[{\"@type\":\"SearchAction\",\"target\":{\"@type\":\"EntryPoint\",\"urlTemplate\":\"https:\\\/\\\/www.salon-medecinedouce.com\\\/paris\\\/?s={search_term_string}\"},\"query-input\":{\"@type\":\"PropertyValueSpecification\",\"valueRequired\":true,\"valueName\":\"search_term_string\"}}],\"inLanguage\":\"fr-FR\"},{\"@type\":\"Organization\",\"@id\":\"https:\\\/\\\/www.salon-medecinedouce.com\\\/paris\\\/#organization\",\"name\":\"Bien-\u00eatre Paris\",\"url\":\"https:\\\/\\\/www.salon-medecinedouce.com\\\/paris\\\/\",\"logo\":{\"@type\":\"ImageObject\",\"inLanguage\":\"fr-FR\",\"@id\":\"https:\\\/\\\/www.salon-medecinedouce.com\\\/paris\\\/#\\\/schema\\\/logo\\\/image\\\/\",\"url\":\"https:\\\/\\\/www.salon-medecinedouce.com\\\/paris\\\/wp-content\\\/uploads\\\/sites\\\/14\\\/2024\\\/05\\\/cropped-logo-orange-bemd.png\",\"contentUrl\":\"https:\\\/\\\/www.salon-medecinedouce.com\\\/paris\\\/wp-content\\\/uploads\\\/sites\\\/14\\\/2024\\\/05\\\/cropped-logo-orange-bemd.png\",\"width\":591,\"height\":591,\"caption\":\"Bien-\u00eatre Paris\"},\"image\":{\"@id\":\"https:\\\/\\\/www.salon-medecinedouce.com\\\/paris\\\/#\\\/schema\\\/logo\\\/image\\\/\"}}]}<\/script>\n<!-- \/ Yoast SEO plugin. -->","yoast_head_json":{"title":"Restaurants - Bien-\u00eatre Paris","description":"Profitez d\u2019un d\u00e9jeuner sain, \u00e9quilibr\u00e9 et exotique ou d\u2019une pause gourmande dans l\u2019un des 4 restaurants du salon !","robots":{"index":"index","follow":"follow","max-snippet":"max-snippet:-1","max-image-preview":"max-image-preview:large","max-video-preview":"max-video-preview:-1"},"canonical":"https:\/\/www.salon-medecinedouce.com\/paris\/restaurants\/","og_locale":"fr_FR","og_type":"article","og_title":"Restaurants - Bien-\u00eatre Paris","og_description":"Profitez d\u2019un d\u00e9jeuner sain, \u00e9quilibr\u00e9 et exotique ou d\u2019une pause gourmande dans l\u2019un des 4 restaurants du salon !","og_url":"https:\/\/www.salon-medecinedouce.com\/paris\/restaurants\/","og_site_name":"Bien-\u00eatre Paris","article_modified_time":"2025-12-08T09:46:23+00:00","og_image":[{"width":954,"height":624,"url":"https:\/\/www.salon-medecinedouce.com\/paris\/wp-content\/uploads\/sites\/14\/2025\/01\/Capture-decran-2025-01-21-a-17.49.01.png","type":"image\/png"}],"twitter_card":"summary_large_image","twitter_misc":{"Dur\u00e9e de lecture estim\u00e9e":"2 minutes"},"schema":{"@context":"https:\/\/schema.org","@graph":[{"@type":"WebPage","@id":"https:\/\/www.salon-medecinedouce.com\/paris\/restaurants\/","url":"https:\/\/www.salon-medecinedouce.com\/paris\/restaurants\/","name":"Restaurants - Bien-\u00eatre Paris","isPartOf":{"@id":"https:\/\/www.salon-medecinedouce.com\/paris\/#website"},"primaryImageOfPage":{"@id":"https:\/\/www.salon-medecinedouce.com\/paris\/restaurants\/#primaryimage"},"image":{"@id":"https:\/\/www.salon-medecinedouce.com\/paris\/restaurants\/#primaryimage"},"thumbnailUrl":"https:\/\/www.salon-medecinedouce.com\/paris\/wp-content\/uploads\/sites\/14\/2025\/01\/Capture-decran-2025-01-21-a-17.49.01.png","datePublished":"2025-01-21T16:55:49+00:00","dateModified":"2025-12-08T09:46:23+00:00","description":"Profitez d\u2019un d\u00e9jeuner sain, \u00e9quilibr\u00e9 et exotique ou d\u2019une pause gourmande dans l\u2019un des 4 restaurants du salon !","breadcrumb":{"@id":"https:\/\/www.salon-medecinedouce.com\/paris\/restaurants\/#breadcrumb"},"inLanguage":"fr-FR","potentialAction":[{"@type":"ReadAction","target":["https:\/\/www.salon-medecinedouce.com\/paris\/restaurants\/"]}]},{"@type":"ImageObject","inLanguage":"fr-FR","@id":"https:\/\/www.salon-medecinedouce.com\/paris\/restaurants\/#primaryimage","url":"https:\/\/www.salon-medecinedouce.com\/paris\/wp-content\/uploads\/sites\/14\/2025\/01\/Capture-decran-2025-01-21-a-17.49.01.png","contentUrl":"https:\/\/www.salon-medecinedouce.com\/paris\/wp-content\/uploads\/sites\/14\/2025\/01\/Capture-decran-2025-01-21-a-17.49.01.png","width":954,"height":624,"caption":"Restauration - image"},{"@type":"BreadcrumbList","@id":"https:\/\/www.salon-medecinedouce.com\/paris\/restaurants\/#breadcrumb","itemListElement":[{"@type":"ListItem","position":1,"name":"Accueil","item":"https:\/\/www.salon-medecinedouce.com\/paris\/"},{"@type":"ListItem","position":2,"name":"Restaurants"}]},{"@type":"WebSite","@id":"https:\/\/www.salon-medecinedouce.com\/paris\/#website","url":"https:\/\/www.salon-medecinedouce.com\/paris\/","name":"Bien-\u00eatre Paris","description":"La sant\u00e9 au naturel : M\u00e9decines douces - Compl\u00e9ments alimentaires - Alimentation saine - Cosm\u00e9tiques naturelles - Art de vivre - Tourisme de sant\u00e9","publisher":{"@id":"https:\/\/www.salon-medecinedouce.com\/paris\/#organization"},"potentialAction":[{"@type":"SearchAction","target":{"@type":"EntryPoint","urlTemplate":"https:\/\/www.salon-medecinedouce.com\/paris\/?s={search_term_string}"},"query-input":{"@type":"PropertyValueSpecification","valueRequired":true,"valueName":"search_term_string"}}],"inLanguage":"fr-FR"},{"@type":"Organization","@id":"https:\/\/www.salon-medecinedouce.com\/paris\/#organization","name":"Bien-\u00eatre Paris","url":"https:\/\/www.salon-medecinedouce.com\/paris\/","logo":{"@type":"ImageObject","inLanguage":"fr-FR","@id":"https:\/\/www.salon-medecinedouce.com\/paris\/#\/schema\/logo\/image\/","url":"https:\/\/www.salon-medecinedouce.com\/paris\/wp-content\/uploads\/sites\/14\/2024\/05\/cropped-logo-orange-bemd.png","contentUrl":"https:\/\/www.salon-medecinedouce.com\/paris\/wp-content\/uploads\/sites\/14\/2024\/05\/cropped-logo-orange-bemd.png","width":591,"height":591,"caption":"Bien-\u00eatre Paris"},"image":{"@id":"https:\/\/www.salon-medecinedouce.com\/paris\/#\/schema\/logo\/image\/"}}]}},"rttpg_featured_image_url":null,"rttpg_author":{"display_name":"communication","author_link":"https:\/\/www.salon-medecinedouce.com\/paris\/blog\/author\/communication\/"},"rttpg_comment":0,"rttpg_category":false,"rttpg_excerpt":"&nbsp; Profitez d\u2019un d\u00e9jeuner sain, \u00e9quilibr\u00e9 et exotique ou d\u2019une pause gourmande dans l\u2019un des 4 restaurants du salon ! Cuisine Indienne \u2013 V\u00e9g\u00e9tarienne &amp; Bio D\u00e9couvrez une cuisine indienne authentique, 100 % v\u00e9g\u00e9tarienne et \u00e9labor\u00e9e \u00e0 partir de produits biologiques. Saveurs \u00e9pic\u00e9es, plats gourmands et recettes traditionnelles vous attendent. Nattykilti \u2013 Saveurs Vegan &amp;&hellip;","_links":{"self":[{"href":"https:\/\/www.salon-medecinedouce.com\/paris\/wp-json\/wp\/v2\/pages\/18710","targetHints":{"allow":["GET"]}}],"collection":[{"href":"https:\/\/www.salon-medecinedouce.com\/paris\/wp-json\/wp\/v2\/pages"}],"about":[{"href":"https:\/\/www.salon-medecinedouce.com\/paris\/wp-json\/wp\/v2\/types\/page"}],"author":[{"embeddable":true,"href":"https:\/\/www.salon-medecinedouce.com\/paris\/wp-json\/wp\/v2\/users\/6"}],"replies":[{"embeddable":true,"href":"https:\/\/www.salon-medecinedouce.com\/paris\/wp-json\/wp\/v2\/comments?post=18710"}],"version-history":[{"count":21,"href":"https:\/\/www.salon-medecinedouce.com\/paris\/wp-json\/wp\/v2\/pages\/18710\/revisions"}],"predecessor-version":[{"id":20167,"href":"https:\/\/www.salon-medecinedouce.com\/paris\/wp-json\/wp\/v2\/pages\/18710\/revisions\/20167"}],"wp:attachment":[{"href":"https:\/\/www.salon-medecinedouce.com\/paris\/wp-json\/wp\/v2\/media?parent=18710"}],"curies":[{"name":"wp","href":"https:\/\/api.w.org\/{rel}","templated":true}]}}