{"id":17647,"date":"2024-12-05T14:49:15","date_gmt":"2024-12-05T13:49:15","guid":{"rendered":"https:\/\/www.salon-medecinedouce.com\/paris\/?page_id=17647"},"modified":"2024-12-05T16:34:08","modified_gmt":"2024-12-05T15:34:08","slug":"ateliers-en-ligne","status":"publish","type":"page","link":"https:\/\/www.salon-medecinedouce.com\/paris\/ateliers-en-ligne\/","title":{"rendered":"Ateliers en ligne"},"content":{"rendered":"<p><span style=\"font-size: 14pt;\">D\u00e9couvrez nos ateliers en ligne pour conna\u00eetre les nouvelles tendances du bien-\u00eatre, les produits utiles \u00e0 votre bien\u00eatre et les m\u00e9thodes vous accompagnant dans votre quotidien.<\/span><\/p>\n<p><strong>THERADOO<\/strong><\/p>\n<p>D\u00e9couvrez dans cette vid\u00e9o toutes les fonctionnalit\u00e9s et avantages qu&rsquo;offre l&rsquo;outil Theradoo pour les praticiens du bien-\u00eatre :\u00a0<\/p>\n<p>Site : <a href=\"https:\/\/www.theradoo.com\/\">https:\/\/www.theradoo.com\/<\/a><br \/>\nInstagram : h<a href=\"https:\/\/www.instagram.com\/theradooapp\/\" target=\"_blank\" rel=\"noopener\">ttps:\/\/www.instagram.com\/theradooapp\/\u00a0<\/a><br \/>\nLinkedIn : <a href=\"https:\/\/www.linkedin.com\/company\/theradoo\/\" target=\"_blank\" rel=\"noopener\">https:\/\/www.linkedin.com\/company\/theradoo\/<\/a><br \/>\nFacebook : <a href=\"https:\/\/www.facebook.com\/people\/Theradoo\/100063673296985\/\" target=\"_blank\" rel=\"noopener\">https:\/\/www.facebook.com\/people\/Theradoo\/100063673296985\/<\/a><\/p>\n<p><iframe title=\"Pr\u00e9sentation Theradoo\" width=\"790\" height=\"444\" src=\"https:\/\/www.youtube.com\/embed\/pdGkv4BzyXk?feature=oembed\" frameborder=\"0\" allow=\"accelerometer; autoplay; clipboard-write; encrypted-media; gyroscope; picture-in-picture; web-share\" referrerpolicy=\"strict-origin-when-cross-origin\" allowfullscreen><\/iframe><\/p>\n<p><strong>D&rsquo;autres vid\u00e9os sur le <a href=\"https:\/\/www.salon-zen.fr\/le-salon-en-video-edition-37eme-edition\/\">site du salon Zen.<\/a><\/strong><\/p>\n<p>&nbsp;<\/p>\n<p>&nbsp;<\/p>\n<div class=\"salon-pubs-hp-bas-de-page salon-entity-placement\" id=\"salon-3128473452\"><div id=\"salon-3161949592\"><a data-no-instant=\"1\" href=\"https:\/\/www.adntv.fr\/home?request_origin=tv_app\" rel=\"noopener\" class=\"a2t-link\" target=\"_blank\"><p><a href=\"https:\/\/www.salondesseniors.com\/\"><img fetchpriority=\"high\" decoding=\"async\" class=\"wp-image-22417 aligncenter\" src=\"https:\/\/www.salon-medecinedouce.com\/paris\/wp-content\/uploads\/sites\/14\/2026\/02\/Banniere-728x90-1-300x37.png\" alt=\"\" width=\"754\" height=\"93\" srcset=\"https:\/\/www.salon-medecinedouce.com\/paris\/wp-content\/uploads\/sites\/14\/2026\/02\/Banniere-728x90-1-300x37.png 300w, https:\/\/www.salon-medecinedouce.com\/paris\/wp-content\/uploads\/sites\/14\/2026\/02\/Banniere-728x90-1-1024x127.png 1024w, https:\/\/www.salon-medecinedouce.com\/paris\/wp-content\/uploads\/sites\/14\/2026\/02\/Banniere-728x90-1-768x95.png 768w, https:\/\/www.salon-medecinedouce.com\/paris\/wp-content\/uploads\/sites\/14\/2026\/02\/Banniere-728x90-1-1536x190.png 1536w, https:\/\/www.salon-medecinedouce.com\/paris\/wp-content\/uploads\/sites\/14\/2026\/02\/Banniere-728x90-1-2048x253.png 2048w, https:\/\/www.salon-medecinedouce.com\/paris\/wp-content\/uploads\/sites\/14\/2026\/02\/Banniere-728x90-1-150x19.png 150w, https:\/\/www.salon-medecinedouce.com\/paris\/wp-content\/uploads\/sites\/14\/2026\/02\/Banniere-728x90-1-500x62.png 500w\" sizes=\"(max-width: 754px) 100vw, 754px\" \/><\/a><\/p>\n<\/a><\/div><\/div>","protected":false},"excerpt":{"rendered":"<p>D\u00e9couvrez nos ateliers en ligne pour conna\u00eetre les nouvelles tendances du bien-\u00eatre, les produits utiles \u00e0 votre bien\u00eatre et les m\u00e9thodes vous accompagnant dans votre quotidien. THERADOO D\u00e9couvrez dans cette vid\u00e9o toutes les fonctionnalit\u00e9s et avantages qu&rsquo;offre l&rsquo;outil Theradoo pour les praticiens du bien-\u00eatre :\u00a0 Site : https:\/\/www.theradoo.com\/ Instagram : https:\/\/www.instagram.com\/theradooapp\/\u00a0 LinkedIn : https:\/\/www.linkedin.com\/company\/theradoo\/ Facebook&hellip; <\/p>\n","protected":false},"author":9,"featured_media":0,"parent":0,"menu_order":0,"comment_status":"closed","ping_status":"closed","template":"","meta":{"_monsterinsights_skip_tracking":false,"_monsterinsights_sitenote_active":false,"_monsterinsights_sitenote_note":"","_monsterinsights_sitenote_category":0,"footnotes":""},"class_list":["post-17647","page","type-page","status-publish","hentry"],"yoast_head":"<!-- This site is optimized with the Yoast SEO plugin v27.3 - https:\/\/yoast.com\/product\/yoast-seo-wordpress\/ -->\n<title>Ateliers en ligne - Bien-\u00eatre Paris<\/title>\n<meta name=\"description\" content=\"D\u00e9couvrez nos ateliers en ligne pour conna\u00eetre les nouvelles tendances du bien-\u00eatre, les produits utiles \u00e0 votre bien\u00eatre et les m\u00e9thodes vous accompagnant dans votre quotidien.\" \/>\n<meta name=\"robots\" content=\"index, follow, max-snippet:-1, max-image-preview:large, max-video-preview:-1\" \/>\n<link rel=\"canonical\" href=\"https:\/\/www.salon-medecinedouce.com\/paris\/ateliers-en-ligne\/\" \/>\n<meta property=\"og:locale\" content=\"fr_FR\" \/>\n<meta property=\"og:type\" content=\"article\" \/>\n<meta property=\"og:title\" content=\"Ateliers en ligne - Bien-\u00eatre Paris\" \/>\n<meta property=\"og:description\" content=\"D\u00e9couvrez nos ateliers en ligne pour conna\u00eetre les nouvelles tendances du bien-\u00eatre, les produits utiles \u00e0 votre bien\u00eatre et les m\u00e9thodes vous accompagnant dans votre quotidien.\" \/>\n<meta property=\"og:url\" content=\"https:\/\/www.salon-medecinedouce.com\/paris\/ateliers-en-ligne\/\" \/>\n<meta property=\"og:site_name\" content=\"Bien-\u00eatre Paris\" \/>\n<meta property=\"article:modified_time\" content=\"2024-12-05T15:34:08+00:00\" \/>\n<meta name=\"twitter:card\" content=\"summary_large_image\" \/>\n<meta name=\"twitter:label1\" content=\"Dur\u00e9e de lecture estim\u00e9e\" \/>\n\t<meta name=\"twitter:data1\" content=\"1 minute\" \/>\n<script type=\"application\/ld+json\" class=\"yoast-schema-graph\">{\"@context\":\"https:\\\/\\\/schema.org\",\"@graph\":[{\"@type\":\"WebPage\",\"@id\":\"https:\\\/\\\/www.salon-medecinedouce.com\\\/paris\\\/ateliers-en-ligne\\\/\",\"url\":\"https:\\\/\\\/www.salon-medecinedouce.com\\\/paris\\\/ateliers-en-ligne\\\/\",\"name\":\"Ateliers en ligne - Bien-\u00eatre Paris\",\"isPartOf\":{\"@id\":\"https:\\\/\\\/www.salon-medecinedouce.com\\\/paris\\\/#website\"},\"datePublished\":\"2024-12-05T13:49:15+00:00\",\"dateModified\":\"2024-12-05T15:34:08+00:00\",\"description\":\"D\u00e9couvrez nos ateliers en ligne pour conna\u00eetre les nouvelles tendances du bien-\u00eatre, les produits utiles \u00e0 votre bien\u00eatre et les m\u00e9thodes vous accompagnant dans votre quotidien.\",\"breadcrumb\":{\"@id\":\"https:\\\/\\\/www.salon-medecinedouce.com\\\/paris\\\/ateliers-en-ligne\\\/#breadcrumb\"},\"inLanguage\":\"fr-FR\",\"potentialAction\":[{\"@type\":\"ReadAction\",\"target\":[\"https:\\\/\\\/www.salon-medecinedouce.com\\\/paris\\\/ateliers-en-ligne\\\/\"]}]},{\"@type\":\"BreadcrumbList\",\"@id\":\"https:\\\/\\\/www.salon-medecinedouce.com\\\/paris\\\/ateliers-en-ligne\\\/#breadcrumb\",\"itemListElement\":[{\"@type\":\"ListItem\",\"position\":1,\"name\":\"Accueil\",\"item\":\"https:\\\/\\\/www.salon-medecinedouce.com\\\/paris\\\/\"},{\"@type\":\"ListItem\",\"position\":2,\"name\":\"Ateliers en ligne\"}]},{\"@type\":\"WebSite\",\"@id\":\"https:\\\/\\\/www.salon-medecinedouce.com\\\/paris\\\/#website\",\"url\":\"https:\\\/\\\/www.salon-medecinedouce.com\\\/paris\\\/\",\"name\":\"Bien-\u00eatre Paris\",\"description\":\"La sant\u00e9 au naturel : M\u00e9decines douces - Compl\u00e9ments alimentaires - Alimentation saine - Cosm\u00e9tiques naturelles - Art de vivre - Tourisme de sant\u00e9\",\"publisher\":{\"@id\":\"https:\\\/\\\/www.salon-medecinedouce.com\\\/paris\\\/#organization\"},\"potentialAction\":[{\"@type\":\"SearchAction\",\"target\":{\"@type\":\"EntryPoint\",\"urlTemplate\":\"https:\\\/\\\/www.salon-medecinedouce.com\\\/paris\\\/?s={search_term_string}\"},\"query-input\":{\"@type\":\"PropertyValueSpecification\",\"valueRequired\":true,\"valueName\":\"search_term_string\"}}],\"inLanguage\":\"fr-FR\"},{\"@type\":\"Organization\",\"@id\":\"https:\\\/\\\/www.salon-medecinedouce.com\\\/paris\\\/#organization\",\"name\":\"Bien-\u00eatre Paris\",\"url\":\"https:\\\/\\\/www.salon-medecinedouce.com\\\/paris\\\/\",\"logo\":{\"@type\":\"ImageObject\",\"inLanguage\":\"fr-FR\",\"@id\":\"https:\\\/\\\/www.salon-medecinedouce.com\\\/paris\\\/#\\\/schema\\\/logo\\\/image\\\/\",\"url\":\"https:\\\/\\\/www.salon-medecinedouce.com\\\/paris\\\/wp-content\\\/uploads\\\/sites\\\/14\\\/2024\\\/05\\\/cropped-logo-orange-bemd.png\",\"contentUrl\":\"https:\\\/\\\/www.salon-medecinedouce.com\\\/paris\\\/wp-content\\\/uploads\\\/sites\\\/14\\\/2024\\\/05\\\/cropped-logo-orange-bemd.png\",\"width\":591,\"height\":591,\"caption\":\"Bien-\u00eatre Paris\"},\"image\":{\"@id\":\"https:\\\/\\\/www.salon-medecinedouce.com\\\/paris\\\/#\\\/schema\\\/logo\\\/image\\\/\"}}]}<\/script>\n<!-- \/ Yoast SEO plugin. -->","yoast_head_json":{"title":"Ateliers en ligne - Bien-\u00eatre Paris","description":"D\u00e9couvrez nos ateliers en ligne pour conna\u00eetre les nouvelles tendances du bien-\u00eatre, les produits utiles \u00e0 votre bien\u00eatre et les m\u00e9thodes vous accompagnant dans votre quotidien.","robots":{"index":"index","follow":"follow","max-snippet":"max-snippet:-1","max-image-preview":"max-image-preview:large","max-video-preview":"max-video-preview:-1"},"canonical":"https:\/\/www.salon-medecinedouce.com\/paris\/ateliers-en-ligne\/","og_locale":"fr_FR","og_type":"article","og_title":"Ateliers en ligne - Bien-\u00eatre Paris","og_description":"D\u00e9couvrez nos ateliers en ligne pour conna\u00eetre les nouvelles tendances du bien-\u00eatre, les produits utiles \u00e0 votre bien\u00eatre et les m\u00e9thodes vous accompagnant dans votre quotidien.","og_url":"https:\/\/www.salon-medecinedouce.com\/paris\/ateliers-en-ligne\/","og_site_name":"Bien-\u00eatre Paris","article_modified_time":"2024-12-05T15:34:08+00:00","twitter_card":"summary_large_image","twitter_misc":{"Dur\u00e9e de lecture estim\u00e9e":"1 minute"},"schema":{"@context":"https:\/\/schema.org","@graph":[{"@type":"WebPage","@id":"https:\/\/www.salon-medecinedouce.com\/paris\/ateliers-en-ligne\/","url":"https:\/\/www.salon-medecinedouce.com\/paris\/ateliers-en-ligne\/","name":"Ateliers en ligne - Bien-\u00eatre Paris","isPartOf":{"@id":"https:\/\/www.salon-medecinedouce.com\/paris\/#website"},"datePublished":"2024-12-05T13:49:15+00:00","dateModified":"2024-12-05T15:34:08+00:00","description":"D\u00e9couvrez nos ateliers en ligne pour conna\u00eetre les nouvelles tendances du bien-\u00eatre, les produits utiles \u00e0 votre bien\u00eatre et les m\u00e9thodes vous accompagnant dans votre quotidien.","breadcrumb":{"@id":"https:\/\/www.salon-medecinedouce.com\/paris\/ateliers-en-ligne\/#breadcrumb"},"inLanguage":"fr-FR","potentialAction":[{"@type":"ReadAction","target":["https:\/\/www.salon-medecinedouce.com\/paris\/ateliers-en-ligne\/"]}]},{"@type":"BreadcrumbList","@id":"https:\/\/www.salon-medecinedouce.com\/paris\/ateliers-en-ligne\/#breadcrumb","itemListElement":[{"@type":"ListItem","position":1,"name":"Accueil","item":"https:\/\/www.salon-medecinedouce.com\/paris\/"},{"@type":"ListItem","position":2,"name":"Ateliers en ligne"}]},{"@type":"WebSite","@id":"https:\/\/www.salon-medecinedouce.com\/paris\/#website","url":"https:\/\/www.salon-medecinedouce.com\/paris\/","name":"Bien-\u00eatre Paris","description":"La sant\u00e9 au naturel : M\u00e9decines douces - Compl\u00e9ments alimentaires - Alimentation saine - Cosm\u00e9tiques naturelles - Art de vivre - Tourisme de sant\u00e9","publisher":{"@id":"https:\/\/www.salon-medecinedouce.com\/paris\/#organization"},"potentialAction":[{"@type":"SearchAction","target":{"@type":"EntryPoint","urlTemplate":"https:\/\/www.salon-medecinedouce.com\/paris\/?s={search_term_string}"},"query-input":{"@type":"PropertyValueSpecification","valueRequired":true,"valueName":"search_term_string"}}],"inLanguage":"fr-FR"},{"@type":"Organization","@id":"https:\/\/www.salon-medecinedouce.com\/paris\/#organization","name":"Bien-\u00eatre Paris","url":"https:\/\/www.salon-medecinedouce.com\/paris\/","logo":{"@type":"ImageObject","inLanguage":"fr-FR","@id":"https:\/\/www.salon-medecinedouce.com\/paris\/#\/schema\/logo\/image\/","url":"https:\/\/www.salon-medecinedouce.com\/paris\/wp-content\/uploads\/sites\/14\/2024\/05\/cropped-logo-orange-bemd.png","contentUrl":"https:\/\/www.salon-medecinedouce.com\/paris\/wp-content\/uploads\/sites\/14\/2024\/05\/cropped-logo-orange-bemd.png","width":591,"height":591,"caption":"Bien-\u00eatre Paris"},"image":{"@id":"https:\/\/www.salon-medecinedouce.com\/paris\/#\/schema\/logo\/image\/"}}]}},"rttpg_featured_image_url":null,"rttpg_author":{"display_name":"sophie","author_link":"https:\/\/www.salon-medecinedouce.com\/paris\/blog\/author\/sophie\/"},"rttpg_comment":0,"rttpg_category":false,"rttpg_excerpt":"D\u00e9couvrez nos ateliers en ligne pour conna\u00eetre les nouvelles tendances du bien-\u00eatre, les produits utiles \u00e0 votre bien\u00eatre et les m\u00e9thodes vous accompagnant dans votre quotidien. THERADOO D\u00e9couvrez dans cette vid\u00e9o toutes les fonctionnalit\u00e9s et avantages qu&rsquo;offre l&rsquo;outil Theradoo pour les praticiens du bien-\u00eatre :\u00a0 Site : https:\/\/www.theradoo.com\/ Instagram : https:\/\/www.instagram.com\/theradooapp\/\u00a0 LinkedIn : https:\/\/www.linkedin.com\/company\/theradoo\/ Facebook&hellip;","_links":{"self":[{"href":"https:\/\/www.salon-medecinedouce.com\/paris\/wp-json\/wp\/v2\/pages\/17647","targetHints":{"allow":["GET"]}}],"collection":[{"href":"https:\/\/www.salon-medecinedouce.com\/paris\/wp-json\/wp\/v2\/pages"}],"about":[{"href":"https:\/\/www.salon-medecinedouce.com\/paris\/wp-json\/wp\/v2\/types\/page"}],"author":[{"embeddable":true,"href":"https:\/\/www.salon-medecinedouce.com\/paris\/wp-json\/wp\/v2\/users\/9"}],"replies":[{"embeddable":true,"href":"https:\/\/www.salon-medecinedouce.com\/paris\/wp-json\/wp\/v2\/comments?post=17647"}],"version-history":[{"count":9,"href":"https:\/\/www.salon-medecinedouce.com\/paris\/wp-json\/wp\/v2\/pages\/17647\/revisions"}],"predecessor-version":[{"id":17658,"href":"https:\/\/www.salon-medecinedouce.com\/paris\/wp-json\/wp\/v2\/pages\/17647\/revisions\/17658"}],"wp:attachment":[{"href":"https:\/\/www.salon-medecinedouce.com\/paris\/wp-json\/wp\/v2\/media?parent=17647"}],"curies":[{"name":"wp","href":"https:\/\/api.w.org\/{rel}","templated":true}]}}