{"id":10968,"date":"2020-03-23T11:50:29","date_gmt":"2020-03-23T10:50:29","guid":{"rendered":"https:\/\/www.salon-medecinedouce.com\/paris\/?page_id=10968"},"modified":"2020-03-23T11:50:29","modified_gmt":"2020-03-23T10:50:29","slug":"le-corner-des-innovations-2020","status":"publish","type":"page","link":"https:\/\/www.salon-medecinedouce.com\/paris\/programme\/tremplin-du-bien-etre\/le-corner-des-innovations-2020\/","title":{"rendered":"Le Corner des innovations 2020"},"content":{"rendered":"<h3>D\u00e9couvrez en exclusivit\u00e9 sur le salon Bien-\u00catre M\u00e9decine douce &amp; Thalasso, les produits innovants dans le domaine du bien-\u00eatre lanc\u00e9s r\u00e9cemment sur le march\u00e9.<\/p>\n<\/h3>\n<p>Ils sont regroup\u00e9s sur l&rsquo;espace Corner des innovations &#8211; stand A34<\/p>\n<ul>\n<li><strong>Fava<\/strong> : Une marque engag\u00e9e et solidaire de protections hygi\u00e9niques 100% bio et \u00e9co-responsable. Nous proposons une gamme de produits tr\u00e8s larges avec les tampons, les serviettes, les prot\u00e8ges slip et la cup.<br \/>\n<a href=\"http:\/\/www.befava.com\">www.befava.com<\/a><\/li>\n<\/ul>\n<p>&nbsp;<\/p>\n<ul>\n<li><strong>Welfil<\/strong> : P\u00e9pites effervescentes pour le bain d\u00e9contractant musculaire et anti courbature<br \/>\n<a href=\"http:\/\/www.welfil.com\">www.welfil.com<\/a><\/li>\n<\/ul>\n<p>&nbsp;<\/p>\n<ul>\n<li><strong>Innocress<\/strong> : Compl\u00e9ment alimentaire 100% cresson, 100% naturel, 100% Made in France<br \/>\n<a href=\"http:\/\/www.supercress.fr\">www.supercress.fr<\/a><\/li>\n<\/ul>\n<p>&nbsp;<\/p>\n<ul>\n<li><strong>Le marche Pied du Lutin<\/strong> : Marche Pied r\u00e9tractable pour toilettes, permettant d&rsquo;adopter la bonne position aux WC. Made in France.<br \/>\n<a href=\"http:\/\/www.wellcarecompany.fr\">www.wellcarecompany.fr<\/a><\/li>\n<\/ul>\n<p>&nbsp;<\/p>\n<ul>\n<li><strong>Ciaooo<\/strong> : des compl\u00e9ments alimentaires propres, efficaces et innovants, pour r\u00e9pondre naturellement aux d\u00e9s\u00e9quilibres de vie auxquels nous sommes tous soumis dans notre quotidien.<br \/>\n<a href=\"http:\/\/www.ciaooo.today\">www.ciaooo.today<\/a><\/li>\n<\/ul>\n<p>&nbsp;<\/p>\n<p>&nbsp;<\/p>\n<div class=\"salon-pubs-hp-bas-de-page salon-entity-placement\" id=\"salon-3431785171\"><div id=\"salon-3201527726\"><a data-no-instant=\"1\" href=\"https:\/\/www.adntv.fr\/home?request_origin=tv_app\" rel=\"noopener\" class=\"a2t-link\" target=\"_blank\"><p><a href=\"https:\/\/www.salondesseniors.com\/\"><img fetchpriority=\"high\" decoding=\"async\" class=\"wp-image-22417 aligncenter\" src=\"https:\/\/www.salon-medecinedouce.com\/paris\/wp-content\/uploads\/sites\/14\/2026\/02\/Banniere-728x90-1-300x37.png\" alt=\"\" width=\"754\" height=\"93\" srcset=\"https:\/\/www.salon-medecinedouce.com\/paris\/wp-content\/uploads\/sites\/14\/2026\/02\/Banniere-728x90-1-300x37.png 300w, https:\/\/www.salon-medecinedouce.com\/paris\/wp-content\/uploads\/sites\/14\/2026\/02\/Banniere-728x90-1-1024x127.png 1024w, https:\/\/www.salon-medecinedouce.com\/paris\/wp-content\/uploads\/sites\/14\/2026\/02\/Banniere-728x90-1-768x95.png 768w, https:\/\/www.salon-medecinedouce.com\/paris\/wp-content\/uploads\/sites\/14\/2026\/02\/Banniere-728x90-1-1536x190.png 1536w, https:\/\/www.salon-medecinedouce.com\/paris\/wp-content\/uploads\/sites\/14\/2026\/02\/Banniere-728x90-1-2048x253.png 2048w, https:\/\/www.salon-medecinedouce.com\/paris\/wp-content\/uploads\/sites\/14\/2026\/02\/Banniere-728x90-1-150x19.png 150w, https:\/\/www.salon-medecinedouce.com\/paris\/wp-content\/uploads\/sites\/14\/2026\/02\/Banniere-728x90-1-500x62.png 500w\" sizes=\"(max-width: 754px) 100vw, 754px\" \/><\/a><\/p>\n<\/a><\/div><\/div>","protected":false},"excerpt":{"rendered":"<p>D\u00e9couvrez en exclusivit\u00e9 sur le salon Bien-\u00catre M\u00e9decine douce &amp; Thalasso, les produits innovants dans le domaine du bien-\u00eatre lanc\u00e9s r\u00e9cemment sur le march\u00e9. Ils sont regroup\u00e9s sur l&rsquo;espace Corner des innovations &#8211; stand A34 Fava : Une marque engag\u00e9e et solidaire de protections hygi\u00e9niques 100% bio et \u00e9co-responsable. Nous proposons une gamme de produits&hellip; <\/p>\n","protected":false},"author":1,"featured_media":0,"parent":9628,"menu_order":0,"comment_status":"closed","ping_status":"closed","template":"","meta":{"_monsterinsights_skip_tracking":false,"_monsterinsights_sitenote_active":false,"_monsterinsights_sitenote_note":"","_monsterinsights_sitenote_category":0,"footnotes":""},"class_list":["post-10968","page","type-page","status-publish","hentry"],"yoast_head":"<!-- This site is optimized with the Yoast SEO plugin v27.5 - https:\/\/yoast.com\/product\/yoast-seo-wordpress\/ -->\n<title>Le Corner des innovations 2020 - Bien-\u00eatre Paris<\/title>\n<meta name=\"robots\" content=\"index, follow, max-snippet:-1, max-image-preview:large, max-video-preview:-1\" \/>\n<link rel=\"canonical\" href=\"https:\/\/www.salon-medecinedouce.com\/paris\/programme\/tremplin-du-bien-etre\/le-corner-des-innovations-2020\/\" \/>\n<meta property=\"og:locale\" content=\"fr_FR\" \/>\n<meta property=\"og:type\" content=\"article\" \/>\n<meta property=\"og:title\" content=\"Le Corner des innovations 2020 - Bien-\u00eatre Paris\" \/>\n<meta property=\"og:description\" content=\"D\u00e9couvrez en exclusivit\u00e9 sur le salon Bien-\u00catre M\u00e9decine douce &amp; Thalasso, les produits innovants dans le domaine du bien-\u00eatre lanc\u00e9s r\u00e9cemment sur le march\u00e9. Ils sont regroup\u00e9s sur l&rsquo;espace Corner des innovations &#8211; stand A34 Fava : Une marque engag\u00e9e et solidaire de protections hygi\u00e9niques 100% bio et \u00e9co-responsable. Nous proposons une gamme de produits&hellip;\" \/>\n<meta property=\"og:url\" content=\"https:\/\/www.salon-medecinedouce.com\/paris\/programme\/tremplin-du-bien-etre\/le-corner-des-innovations-2020\/\" \/>\n<meta property=\"og:site_name\" content=\"Bien-\u00eatre Paris\" \/>\n<meta name=\"twitter:card\" content=\"summary_large_image\" \/>\n<meta name=\"twitter:label1\" content=\"Dur\u00e9e de lecture estim\u00e9e\" \/>\n\t<meta name=\"twitter:data1\" content=\"1 minute\" \/>\n<script type=\"application\/ld+json\" class=\"yoast-schema-graph\">{\"@context\":\"https:\\\/\\\/schema.org\",\"@graph\":[{\"@type\":\"WebPage\",\"@id\":\"https:\\\/\\\/www.salon-medecinedouce.com\\\/paris\\\/programme\\\/tremplin-du-bien-etre\\\/le-corner-des-innovations-2020\\\/\",\"url\":\"https:\\\/\\\/www.salon-medecinedouce.com\\\/paris\\\/programme\\\/tremplin-du-bien-etre\\\/le-corner-des-innovations-2020\\\/\",\"name\":\"Le Corner des innovations 2020 - Bien-\u00eatre Paris\",\"isPartOf\":{\"@id\":\"https:\\\/\\\/www.salon-medecinedouce.com\\\/paris\\\/#website\"},\"datePublished\":\"2020-03-23T10:50:29+00:00\",\"breadcrumb\":{\"@id\":\"https:\\\/\\\/www.salon-medecinedouce.com\\\/paris\\\/programme\\\/tremplin-du-bien-etre\\\/le-corner-des-innovations-2020\\\/#breadcrumb\"},\"inLanguage\":\"fr-FR\",\"potentialAction\":[{\"@type\":\"ReadAction\",\"target\":[\"https:\\\/\\\/www.salon-medecinedouce.com\\\/paris\\\/programme\\\/tremplin-du-bien-etre\\\/le-corner-des-innovations-2020\\\/\"]}]},{\"@type\":\"BreadcrumbList\",\"@id\":\"https:\\\/\\\/www.salon-medecinedouce.com\\\/paris\\\/programme\\\/tremplin-du-bien-etre\\\/le-corner-des-innovations-2020\\\/#breadcrumb\",\"itemListElement\":[{\"@type\":\"ListItem\",\"position\":1,\"name\":\"Accueil\",\"item\":\"https:\\\/\\\/www.salon-medecinedouce.com\\\/paris\\\/\"},{\"@type\":\"ListItem\",\"position\":2,\"name\":\"Programme du salon\",\"item\":\"https:\\\/\\\/www.salon-medecinedouce.com\\\/paris\\\/programme\\\/\"},{\"@type\":\"ListItem\",\"position\":3,\"name\":\"Le tremplin du bien-\u00eatre\",\"item\":\"https:\\\/\\\/www.salon-medecinedouce.com\\\/paris\\\/programme\\\/tremplin-du-bien-etre\\\/\"},{\"@type\":\"ListItem\",\"position\":4,\"name\":\"Le Corner des innovations 2020\"}]},{\"@type\":\"WebSite\",\"@id\":\"https:\\\/\\\/www.salon-medecinedouce.com\\\/paris\\\/#website\",\"url\":\"https:\\\/\\\/www.salon-medecinedouce.com\\\/paris\\\/\",\"name\":\"Bien-\u00eatre Paris\",\"description\":\"La sant\u00e9 au naturel : M\u00e9decines douces - Compl\u00e9ments alimentaires - Alimentation saine - Cosm\u00e9tiques naturelles - Art de vivre - Tourisme de sant\u00e9\",\"publisher\":{\"@id\":\"https:\\\/\\\/www.salon-medecinedouce.com\\\/paris\\\/#organization\"},\"potentialAction\":[{\"@type\":\"SearchAction\",\"target\":{\"@type\":\"EntryPoint\",\"urlTemplate\":\"https:\\\/\\\/www.salon-medecinedouce.com\\\/paris\\\/?s={search_term_string}\"},\"query-input\":{\"@type\":\"PropertyValueSpecification\",\"valueRequired\":true,\"valueName\":\"search_term_string\"}}],\"inLanguage\":\"fr-FR\"},{\"@type\":\"Organization\",\"@id\":\"https:\\\/\\\/www.salon-medecinedouce.com\\\/paris\\\/#organization\",\"name\":\"Bien-\u00eatre Paris\",\"url\":\"https:\\\/\\\/www.salon-medecinedouce.com\\\/paris\\\/\",\"logo\":{\"@type\":\"ImageObject\",\"inLanguage\":\"fr-FR\",\"@id\":\"https:\\\/\\\/www.salon-medecinedouce.com\\\/paris\\\/#\\\/schema\\\/logo\\\/image\\\/\",\"url\":\"https:\\\/\\\/www.salon-medecinedouce.com\\\/paris\\\/wp-content\\\/uploads\\\/sites\\\/14\\\/2024\\\/05\\\/cropped-logo-orange-bemd.png\",\"contentUrl\":\"https:\\\/\\\/www.salon-medecinedouce.com\\\/paris\\\/wp-content\\\/uploads\\\/sites\\\/14\\\/2024\\\/05\\\/cropped-logo-orange-bemd.png\",\"width\":591,\"height\":591,\"caption\":\"Bien-\u00eatre Paris\"},\"image\":{\"@id\":\"https:\\\/\\\/www.salon-medecinedouce.com\\\/paris\\\/#\\\/schema\\\/logo\\\/image\\\/\"}}]}<\/script>\n<!-- \/ Yoast SEO plugin. -->","yoast_head_json":{"title":"Le Corner des innovations 2020 - Bien-\u00eatre Paris","robots":{"index":"index","follow":"follow","max-snippet":"max-snippet:-1","max-image-preview":"max-image-preview:large","max-video-preview":"max-video-preview:-1"},"canonical":"https:\/\/www.salon-medecinedouce.com\/paris\/programme\/tremplin-du-bien-etre\/le-corner-des-innovations-2020\/","og_locale":"fr_FR","og_type":"article","og_title":"Le Corner des innovations 2020 - Bien-\u00eatre Paris","og_description":"D\u00e9couvrez en exclusivit\u00e9 sur le salon Bien-\u00catre M\u00e9decine douce &amp; Thalasso, les produits innovants dans le domaine du bien-\u00eatre lanc\u00e9s r\u00e9cemment sur le march\u00e9. Ils sont regroup\u00e9s sur l&rsquo;espace Corner des innovations &#8211; stand A34 Fava : Une marque engag\u00e9e et solidaire de protections hygi\u00e9niques 100% bio et \u00e9co-responsable. Nous proposons une gamme de produits&hellip;","og_url":"https:\/\/www.salon-medecinedouce.com\/paris\/programme\/tremplin-du-bien-etre\/le-corner-des-innovations-2020\/","og_site_name":"Bien-\u00eatre Paris","twitter_card":"summary_large_image","twitter_misc":{"Dur\u00e9e de lecture estim\u00e9e":"1 minute"},"schema":{"@context":"https:\/\/schema.org","@graph":[{"@type":"WebPage","@id":"https:\/\/www.salon-medecinedouce.com\/paris\/programme\/tremplin-du-bien-etre\/le-corner-des-innovations-2020\/","url":"https:\/\/www.salon-medecinedouce.com\/paris\/programme\/tremplin-du-bien-etre\/le-corner-des-innovations-2020\/","name":"Le Corner des innovations 2020 - Bien-\u00eatre Paris","isPartOf":{"@id":"https:\/\/www.salon-medecinedouce.com\/paris\/#website"},"datePublished":"2020-03-23T10:50:29+00:00","breadcrumb":{"@id":"https:\/\/www.salon-medecinedouce.com\/paris\/programme\/tremplin-du-bien-etre\/le-corner-des-innovations-2020\/#breadcrumb"},"inLanguage":"fr-FR","potentialAction":[{"@type":"ReadAction","target":["https:\/\/www.salon-medecinedouce.com\/paris\/programme\/tremplin-du-bien-etre\/le-corner-des-innovations-2020\/"]}]},{"@type":"BreadcrumbList","@id":"https:\/\/www.salon-medecinedouce.com\/paris\/programme\/tremplin-du-bien-etre\/le-corner-des-innovations-2020\/#breadcrumb","itemListElement":[{"@type":"ListItem","position":1,"name":"Accueil","item":"https:\/\/www.salon-medecinedouce.com\/paris\/"},{"@type":"ListItem","position":2,"name":"Programme du salon","item":"https:\/\/www.salon-medecinedouce.com\/paris\/programme\/"},{"@type":"ListItem","position":3,"name":"Le tremplin du bien-\u00eatre","item":"https:\/\/www.salon-medecinedouce.com\/paris\/programme\/tremplin-du-bien-etre\/"},{"@type":"ListItem","position":4,"name":"Le Corner des innovations 2020"}]},{"@type":"WebSite","@id":"https:\/\/www.salon-medecinedouce.com\/paris\/#website","url":"https:\/\/www.salon-medecinedouce.com\/paris\/","name":"Bien-\u00eatre Paris","description":"La sant\u00e9 au naturel : M\u00e9decines douces - Compl\u00e9ments alimentaires - Alimentation saine - Cosm\u00e9tiques naturelles - Art de vivre - Tourisme de sant\u00e9","publisher":{"@id":"https:\/\/www.salon-medecinedouce.com\/paris\/#organization"},"potentialAction":[{"@type":"SearchAction","target":{"@type":"EntryPoint","urlTemplate":"https:\/\/www.salon-medecinedouce.com\/paris\/?s={search_term_string}"},"query-input":{"@type":"PropertyValueSpecification","valueRequired":true,"valueName":"search_term_string"}}],"inLanguage":"fr-FR"},{"@type":"Organization","@id":"https:\/\/www.salon-medecinedouce.com\/paris\/#organization","name":"Bien-\u00eatre Paris","url":"https:\/\/www.salon-medecinedouce.com\/paris\/","logo":{"@type":"ImageObject","inLanguage":"fr-FR","@id":"https:\/\/www.salon-medecinedouce.com\/paris\/#\/schema\/logo\/image\/","url":"https:\/\/www.salon-medecinedouce.com\/paris\/wp-content\/uploads\/sites\/14\/2024\/05\/cropped-logo-orange-bemd.png","contentUrl":"https:\/\/www.salon-medecinedouce.com\/paris\/wp-content\/uploads\/sites\/14\/2024\/05\/cropped-logo-orange-bemd.png","width":591,"height":591,"caption":"Bien-\u00eatre Paris"},"image":{"@id":"https:\/\/www.salon-medecinedouce.com\/paris\/#\/schema\/logo\/image\/"}}]}},"rttpg_featured_image_url":null,"rttpg_author":{"display_name":"admin","author_link":"https:\/\/www.salon-medecinedouce.com\/paris\/blog\/author\/admin\/"},"rttpg_comment":0,"rttpg_category":false,"rttpg_excerpt":"D\u00e9couvrez en exclusivit\u00e9 sur le salon Bien-\u00catre M\u00e9decine douce &amp; Thalasso, les produits innovants dans le domaine du bien-\u00eatre lanc\u00e9s r\u00e9cemment sur le march\u00e9. Ils sont regroup\u00e9s sur l&rsquo;espace Corner des innovations &#8211; stand A34 Fava : Une marque engag\u00e9e et solidaire de protections hygi\u00e9niques 100% bio et \u00e9co-responsable. Nous proposons une gamme de produits&hellip;","_links":{"self":[{"href":"https:\/\/www.salon-medecinedouce.com\/paris\/wp-json\/wp\/v2\/pages\/10968","targetHints":{"allow":["GET"]}}],"collection":[{"href":"https:\/\/www.salon-medecinedouce.com\/paris\/wp-json\/wp\/v2\/pages"}],"about":[{"href":"https:\/\/www.salon-medecinedouce.com\/paris\/wp-json\/wp\/v2\/types\/page"}],"author":[{"embeddable":true,"href":"https:\/\/www.salon-medecinedouce.com\/paris\/wp-json\/wp\/v2\/users\/1"}],"replies":[{"embeddable":true,"href":"https:\/\/www.salon-medecinedouce.com\/paris\/wp-json\/wp\/v2\/comments?post=10968"}],"version-history":[{"count":1,"href":"https:\/\/www.salon-medecinedouce.com\/paris\/wp-json\/wp\/v2\/pages\/10968\/revisions"}],"predecessor-version":[{"id":10969,"href":"https:\/\/www.salon-medecinedouce.com\/paris\/wp-json\/wp\/v2\/pages\/10968\/revisions\/10969"}],"up":[{"embeddable":true,"href":"https:\/\/www.salon-medecinedouce.com\/paris\/wp-json\/wp\/v2\/pages\/9628"}],"wp:attachment":[{"href":"https:\/\/www.salon-medecinedouce.com\/paris\/wp-json\/wp\/v2\/media?parent=10968"}],"curies":[{"name":"wp","href":"https:\/\/api.w.org\/{rel}","templated":true}]}}