{"id":10930,"date":"2020-03-03T11:46:39","date_gmt":"2020-03-03T10:46:39","guid":{"rendered":"https:\/\/www.salon-medecinedouce.com\/paris\/?page_id=10930"},"modified":"2020-03-03T11:46:39","modified_gmt":"2020-03-03T10:46:39","slug":"afdiag","status":"publish","type":"page","link":"https:\/\/www.salon-medecinedouce.com\/paris\/presse-partenaires\/nos-partenaires\/afdiag\/","title":{"rendered":"AFDIAG"},"content":{"rendered":"<p><img decoding=\"async\" class=\"alignnone size-full wp-image-10258\" src=\"https:\/\/www.salon-medecinedouce.com\/paris\/wp-content\/uploads\/sites\/14\/2020\/01\/Logo_AFDIAG-75x100.jpg\" alt=\"\" width=\"75\" height=\"100\" \/><\/p>\n<p>&nbsp;<\/p>\n<div>L\u2019Association Fran\u00e7aise Des Intol\u00e9rants Au Gluten (AFDIAG) est l\u2019association r\u00e9f\u00e9rente en France sur la maladie c\u0153liaque (ou intol\u00e9rance au gluten) et l\u2019hypersensibilit\u00e9 au gluten non c\u0153liaque. N\u00e9e en 1989, l\u2019AFDIAG, r\u00e9gie par la loi de 1901, met \u00e0 disposition des c\u0153liaques, de leur famille et de leur entourage, des outils pour mieux vivre l\u2019intol\u00e9rance au gluten.\u00a0<\/div>\n<div>Forte de quelque 450 adh\u00e9rents \u00e0 sa cr\u00e9ation, elle en compte aujourd\u2019hui plus de 5000. Compos\u00e9e de b\u00e9n\u00e9voles (Conseil d\u2019Administration, d\u00e9l\u00e9gu\u00e9s de secteurs, d\u00e9l\u00e9gu\u00e9s d\u00e9partementaux,\u2026) et de quatre salari\u00e9es, l\u2019Association est \u00e9paul\u00e9e par un Comit\u00e9 m\u00e9dical constitu\u00e9 de m\u00e9decins sp\u00e9cialistes, de di\u00e9t\u00e9ticiennes nutritionnistes et par un Conseil scientifique. L\u2019AFDIAG est membre actif de l\u2019AOECS (Association Of European Coeliac Societies).<\/div>\n<div>G\u00e9r\u00e9 par l\u2019AFDIAG SASU, filiale d\u00e9tenue \u00e0 100% par l\u2019AFDIAG,\u00a0le logo \u00ab \u00e9pi barr\u00e9 \u00bb est une garantie pour les c\u0153liaques. Il signifie que le produit sur lequel il est appos\u00e9 est exempt de gluten et assure la s\u00e9curit\u00e9 alimentaire des malades.\u00a0Ce logo est prot\u00e9g\u00e9 par les associations c\u0153liaques europ\u00e9ennes membres de l\u2019AOECS (Association Of European Coeliac Societies). En France, l\u2019AFDIAG a d\u00e9pos\u00e9 ce logo \u00e0 l\u2019Institut National de la Propri\u00e9t\u00e9 Intellectuelle. Plus d\u2019une centaine de marques fran\u00e7aises de produits sans gluten b\u00e9n\u00e9ficient actuellement de ce label, ce qui correspond \u00e0 3 500 r\u00e9f\u00e9rences de produits disponibles. L\u2019Association \u00e9dite annuellement un r\u00e9pertoire listant les produits commercialis\u00e9s par les fabricants signataires du contrat d\u2019utilisation du logo \u00ab \u00e9pi barr\u00e9 \u00bb et communique sur son site la liste des soci\u00e9t\u00e9s licenci\u00e9es.<\/div>\n<div>\u00a0<\/div>\n<div><strong>Site web<\/strong><\/div>\n<div>\u00a0<\/div>\n<div><a href=\"https:\/\/www.afdiag.fr\/\" target=\"_blank\" rel=\"noopener noreferrer\">https:\/\/www.afdiag.fr\/<\/a><\/div>\n<div class=\"salon-pubs-hp-bas-de-page salon-entity-placement\" id=\"salon-3971894138\"><div id=\"salon-2071249278\"><a data-no-instant=\"1\" href=\"https:\/\/www.adntv.fr\/home?request_origin=tv_app\" rel=\"noopener\" class=\"a2t-link\" target=\"_blank\"><p><a href=\"https:\/\/www.salondesseniors.com\/\"><img fetchpriority=\"high\" decoding=\"async\" class=\"wp-image-22417 aligncenter\" src=\"https:\/\/www.salon-medecinedouce.com\/paris\/wp-content\/uploads\/sites\/14\/2026\/02\/Banniere-728x90-1-300x37.png\" alt=\"\" width=\"754\" height=\"93\" srcset=\"https:\/\/www.salon-medecinedouce.com\/paris\/wp-content\/uploads\/sites\/14\/2026\/02\/Banniere-728x90-1-300x37.png 300w, https:\/\/www.salon-medecinedouce.com\/paris\/wp-content\/uploads\/sites\/14\/2026\/02\/Banniere-728x90-1-1024x127.png 1024w, https:\/\/www.salon-medecinedouce.com\/paris\/wp-content\/uploads\/sites\/14\/2026\/02\/Banniere-728x90-1-768x95.png 768w, https:\/\/www.salon-medecinedouce.com\/paris\/wp-content\/uploads\/sites\/14\/2026\/02\/Banniere-728x90-1-1536x190.png 1536w, https:\/\/www.salon-medecinedouce.com\/paris\/wp-content\/uploads\/sites\/14\/2026\/02\/Banniere-728x90-1-2048x253.png 2048w, https:\/\/www.salon-medecinedouce.com\/paris\/wp-content\/uploads\/sites\/14\/2026\/02\/Banniere-728x90-1-150x19.png 150w, https:\/\/www.salon-medecinedouce.com\/paris\/wp-content\/uploads\/sites\/14\/2026\/02\/Banniere-728x90-1-500x62.png 500w\" sizes=\"(max-width: 754px) 100vw, 754px\" \/><\/a><\/p>\n<\/a><\/div><\/div>","protected":false},"excerpt":{"rendered":"<p>&nbsp; L\u2019Association Fran\u00e7aise Des Intol\u00e9rants Au Gluten (AFDIAG) est l\u2019association r\u00e9f\u00e9rente en France sur la maladie c\u0153liaque (ou intol\u00e9rance au gluten) et l\u2019hypersensibilit\u00e9 au gluten non c\u0153liaque. N\u00e9e en 1989, l\u2019AFDIAG, r\u00e9gie par la loi de 1901, met \u00e0 disposition des c\u0153liaques, de leur famille et de leur entourage, des outils pour mieux vivre l\u2019intol\u00e9rance&hellip; <\/p>\n","protected":false},"author":1,"featured_media":0,"parent":2456,"menu_order":0,"comment_status":"closed","ping_status":"closed","template":"","meta":{"_angie_page":false,"_monsterinsights_skip_tracking":false,"_monsterinsights_sitenote_active":false,"_monsterinsights_sitenote_note":"","_monsterinsights_sitenote_category":0,"footnotes":""},"class_list":["post-10930","page","type-page","status-publish","hentry"],"yoast_head":"<!-- This site is optimized with the Yoast SEO plugin v27.3 - https:\/\/yoast.com\/product\/yoast-seo-wordpress\/ -->\n<title>AFDIAG - Bien-\u00eatre Paris<\/title>\n<meta name=\"robots\" content=\"index, follow, max-snippet:-1, max-image-preview:large, max-video-preview:-1\" \/>\n<link rel=\"canonical\" href=\"https:\/\/www.salon-medecinedouce.com\/paris\/presse-partenaires\/nos-partenaires\/afdiag\/\" \/>\n<meta property=\"og:locale\" content=\"fr_FR\" \/>\n<meta property=\"og:type\" content=\"article\" \/>\n<meta property=\"og:title\" content=\"AFDIAG - Bien-\u00eatre Paris\" \/>\n<meta property=\"og:description\" content=\"&nbsp; L\u2019Association Fran\u00e7aise Des Intol\u00e9rants Au Gluten (AFDIAG) est l\u2019association r\u00e9f\u00e9rente en France sur la maladie c\u0153liaque (ou intol\u00e9rance au gluten) et l\u2019hypersensibilit\u00e9 au gluten non c\u0153liaque. N\u00e9e en 1989, l\u2019AFDIAG, r\u00e9gie par la loi de 1901, met \u00e0 disposition des c\u0153liaques, de leur famille et de leur entourage, des outils pour mieux vivre l\u2019intol\u00e9rance&hellip;\" \/>\n<meta property=\"og:url\" content=\"https:\/\/www.salon-medecinedouce.com\/paris\/presse-partenaires\/nos-partenaires\/afdiag\/\" \/>\n<meta property=\"og:site_name\" content=\"Bien-\u00eatre Paris\" \/>\n<meta property=\"og:image\" content=\"https:\/\/www.salon-medecinedouce.com\/paris\/wp-content\/uploads\/sites\/14\/2020\/01\/Logo_AFDIAG-75x100.jpg\" \/>\n<meta name=\"twitter:card\" content=\"summary_large_image\" \/>\n<meta name=\"twitter:label1\" content=\"Dur\u00e9e de lecture estim\u00e9e\" \/>\n\t<meta name=\"twitter:data1\" content=\"2 minutes\" \/>\n<script type=\"application\/ld+json\" class=\"yoast-schema-graph\">{\"@context\":\"https:\\\/\\\/schema.org\",\"@graph\":[{\"@type\":\"WebPage\",\"@id\":\"https:\\\/\\\/www.salon-medecinedouce.com\\\/paris\\\/presse-partenaires\\\/nos-partenaires\\\/afdiag\\\/\",\"url\":\"https:\\\/\\\/www.salon-medecinedouce.com\\\/paris\\\/presse-partenaires\\\/nos-partenaires\\\/afdiag\\\/\",\"name\":\"AFDIAG - Bien-\u00eatre Paris\",\"isPartOf\":{\"@id\":\"https:\\\/\\\/www.salon-medecinedouce.com\\\/paris\\\/#website\"},\"primaryImageOfPage\":{\"@id\":\"https:\\\/\\\/www.salon-medecinedouce.com\\\/paris\\\/presse-partenaires\\\/nos-partenaires\\\/afdiag\\\/#primaryimage\"},\"image\":{\"@id\":\"https:\\\/\\\/www.salon-medecinedouce.com\\\/paris\\\/presse-partenaires\\\/nos-partenaires\\\/afdiag\\\/#primaryimage\"},\"thumbnailUrl\":\"https:\\\/\\\/www.salon-medecinedouce.com\\\/paris\\\/wp-content\\\/uploads\\\/sites\\\/14\\\/2020\\\/01\\\/Logo_AFDIAG-75x100.jpg\",\"datePublished\":\"2020-03-03T10:46:39+00:00\",\"breadcrumb\":{\"@id\":\"https:\\\/\\\/www.salon-medecinedouce.com\\\/paris\\\/presse-partenaires\\\/nos-partenaires\\\/afdiag\\\/#breadcrumb\"},\"inLanguage\":\"fr-FR\",\"potentialAction\":[{\"@type\":\"ReadAction\",\"target\":[\"https:\\\/\\\/www.salon-medecinedouce.com\\\/paris\\\/presse-partenaires\\\/nos-partenaires\\\/afdiag\\\/\"]}]},{\"@type\":\"ImageObject\",\"inLanguage\":\"fr-FR\",\"@id\":\"https:\\\/\\\/www.salon-medecinedouce.com\\\/paris\\\/presse-partenaires\\\/nos-partenaires\\\/afdiag\\\/#primaryimage\",\"url\":\"https:\\\/\\\/www.salon-medecinedouce.com\\\/paris\\\/wp-content\\\/uploads\\\/sites\\\/14\\\/2020\\\/01\\\/Logo_AFDIAG-75x100.jpg\",\"contentUrl\":\"https:\\\/\\\/www.salon-medecinedouce.com\\\/paris\\\/wp-content\\\/uploads\\\/sites\\\/14\\\/2020\\\/01\\\/Logo_AFDIAG-75x100.jpg\"},{\"@type\":\"BreadcrumbList\",\"@id\":\"https:\\\/\\\/www.salon-medecinedouce.com\\\/paris\\\/presse-partenaires\\\/nos-partenaires\\\/afdiag\\\/#breadcrumb\",\"itemListElement\":[{\"@type\":\"ListItem\",\"position\":1,\"name\":\"Accueil\",\"item\":\"https:\\\/\\\/www.salon-medecinedouce.com\\\/paris\\\/\"},{\"@type\":\"ListItem\",\"position\":2,\"name\":\"Presse\\\/partenaires\",\"item\":\"https:\\\/\\\/www.salon-medecinedouce.com\\\/paris\\\/presse-partenaires\\\/\"},{\"@type\":\"ListItem\",\"position\":3,\"name\":\"Nos partenaires\",\"item\":\"https:\\\/\\\/www.salon-medecinedouce.com\\\/paris\\\/presse-partenaires\\\/nos-partenaires\\\/\"},{\"@type\":\"ListItem\",\"position\":4,\"name\":\"AFDIAG\"}]},{\"@type\":\"WebSite\",\"@id\":\"https:\\\/\\\/www.salon-medecinedouce.com\\\/paris\\\/#website\",\"url\":\"https:\\\/\\\/www.salon-medecinedouce.com\\\/paris\\\/\",\"name\":\"Bien-\u00eatre Paris\",\"description\":\"La sant\u00e9 au naturel : M\u00e9decines douces - Compl\u00e9ments alimentaires - Alimentation saine - Cosm\u00e9tiques naturelles - Art de vivre - Tourisme de sant\u00e9\",\"publisher\":{\"@id\":\"https:\\\/\\\/www.salon-medecinedouce.com\\\/paris\\\/#organization\"},\"potentialAction\":[{\"@type\":\"SearchAction\",\"target\":{\"@type\":\"EntryPoint\",\"urlTemplate\":\"https:\\\/\\\/www.salon-medecinedouce.com\\\/paris\\\/?s={search_term_string}\"},\"query-input\":{\"@type\":\"PropertyValueSpecification\",\"valueRequired\":true,\"valueName\":\"search_term_string\"}}],\"inLanguage\":\"fr-FR\"},{\"@type\":\"Organization\",\"@id\":\"https:\\\/\\\/www.salon-medecinedouce.com\\\/paris\\\/#organization\",\"name\":\"Bien-\u00eatre Paris\",\"url\":\"https:\\\/\\\/www.salon-medecinedouce.com\\\/paris\\\/\",\"logo\":{\"@type\":\"ImageObject\",\"inLanguage\":\"fr-FR\",\"@id\":\"https:\\\/\\\/www.salon-medecinedouce.com\\\/paris\\\/#\\\/schema\\\/logo\\\/image\\\/\",\"url\":\"https:\\\/\\\/www.salon-medecinedouce.com\\\/paris\\\/wp-content\\\/uploads\\\/sites\\\/14\\\/2024\\\/05\\\/cropped-logo-orange-bemd.png\",\"contentUrl\":\"https:\\\/\\\/www.salon-medecinedouce.com\\\/paris\\\/wp-content\\\/uploads\\\/sites\\\/14\\\/2024\\\/05\\\/cropped-logo-orange-bemd.png\",\"width\":591,\"height\":591,\"caption\":\"Bien-\u00eatre Paris\"},\"image\":{\"@id\":\"https:\\\/\\\/www.salon-medecinedouce.com\\\/paris\\\/#\\\/schema\\\/logo\\\/image\\\/\"}}]}<\/script>\n<!-- \/ Yoast SEO plugin. -->","yoast_head_json":{"title":"AFDIAG - Bien-\u00eatre Paris","robots":{"index":"index","follow":"follow","max-snippet":"max-snippet:-1","max-image-preview":"max-image-preview:large","max-video-preview":"max-video-preview:-1"},"canonical":"https:\/\/www.salon-medecinedouce.com\/paris\/presse-partenaires\/nos-partenaires\/afdiag\/","og_locale":"fr_FR","og_type":"article","og_title":"AFDIAG - Bien-\u00eatre Paris","og_description":"&nbsp; L\u2019Association Fran\u00e7aise Des Intol\u00e9rants Au Gluten (AFDIAG) est l\u2019association r\u00e9f\u00e9rente en France sur la maladie c\u0153liaque (ou intol\u00e9rance au gluten) et l\u2019hypersensibilit\u00e9 au gluten non c\u0153liaque. N\u00e9e en 1989, l\u2019AFDIAG, r\u00e9gie par la loi de 1901, met \u00e0 disposition des c\u0153liaques, de leur famille et de leur entourage, des outils pour mieux vivre l\u2019intol\u00e9rance&hellip;","og_url":"https:\/\/www.salon-medecinedouce.com\/paris\/presse-partenaires\/nos-partenaires\/afdiag\/","og_site_name":"Bien-\u00eatre Paris","og_image":[{"url":"https:\/\/www.salon-medecinedouce.com\/paris\/wp-content\/uploads\/sites\/14\/2020\/01\/Logo_AFDIAG-75x100.jpg","type":"","width":"","height":""}],"twitter_card":"summary_large_image","twitter_misc":{"Dur\u00e9e de lecture estim\u00e9e":"2 minutes"},"schema":{"@context":"https:\/\/schema.org","@graph":[{"@type":"WebPage","@id":"https:\/\/www.salon-medecinedouce.com\/paris\/presse-partenaires\/nos-partenaires\/afdiag\/","url":"https:\/\/www.salon-medecinedouce.com\/paris\/presse-partenaires\/nos-partenaires\/afdiag\/","name":"AFDIAG - Bien-\u00eatre Paris","isPartOf":{"@id":"https:\/\/www.salon-medecinedouce.com\/paris\/#website"},"primaryImageOfPage":{"@id":"https:\/\/www.salon-medecinedouce.com\/paris\/presse-partenaires\/nos-partenaires\/afdiag\/#primaryimage"},"image":{"@id":"https:\/\/www.salon-medecinedouce.com\/paris\/presse-partenaires\/nos-partenaires\/afdiag\/#primaryimage"},"thumbnailUrl":"https:\/\/www.salon-medecinedouce.com\/paris\/wp-content\/uploads\/sites\/14\/2020\/01\/Logo_AFDIAG-75x100.jpg","datePublished":"2020-03-03T10:46:39+00:00","breadcrumb":{"@id":"https:\/\/www.salon-medecinedouce.com\/paris\/presse-partenaires\/nos-partenaires\/afdiag\/#breadcrumb"},"inLanguage":"fr-FR","potentialAction":[{"@type":"ReadAction","target":["https:\/\/www.salon-medecinedouce.com\/paris\/presse-partenaires\/nos-partenaires\/afdiag\/"]}]},{"@type":"ImageObject","inLanguage":"fr-FR","@id":"https:\/\/www.salon-medecinedouce.com\/paris\/presse-partenaires\/nos-partenaires\/afdiag\/#primaryimage","url":"https:\/\/www.salon-medecinedouce.com\/paris\/wp-content\/uploads\/sites\/14\/2020\/01\/Logo_AFDIAG-75x100.jpg","contentUrl":"https:\/\/www.salon-medecinedouce.com\/paris\/wp-content\/uploads\/sites\/14\/2020\/01\/Logo_AFDIAG-75x100.jpg"},{"@type":"BreadcrumbList","@id":"https:\/\/www.salon-medecinedouce.com\/paris\/presse-partenaires\/nos-partenaires\/afdiag\/#breadcrumb","itemListElement":[{"@type":"ListItem","position":1,"name":"Accueil","item":"https:\/\/www.salon-medecinedouce.com\/paris\/"},{"@type":"ListItem","position":2,"name":"Presse\/partenaires","item":"https:\/\/www.salon-medecinedouce.com\/paris\/presse-partenaires\/"},{"@type":"ListItem","position":3,"name":"Nos partenaires","item":"https:\/\/www.salon-medecinedouce.com\/paris\/presse-partenaires\/nos-partenaires\/"},{"@type":"ListItem","position":4,"name":"AFDIAG"}]},{"@type":"WebSite","@id":"https:\/\/www.salon-medecinedouce.com\/paris\/#website","url":"https:\/\/www.salon-medecinedouce.com\/paris\/","name":"Bien-\u00eatre Paris","description":"La sant\u00e9 au naturel : M\u00e9decines douces - Compl\u00e9ments alimentaires - Alimentation saine - Cosm\u00e9tiques naturelles - Art de vivre - Tourisme de sant\u00e9","publisher":{"@id":"https:\/\/www.salon-medecinedouce.com\/paris\/#organization"},"potentialAction":[{"@type":"SearchAction","target":{"@type":"EntryPoint","urlTemplate":"https:\/\/www.salon-medecinedouce.com\/paris\/?s={search_term_string}"},"query-input":{"@type":"PropertyValueSpecification","valueRequired":true,"valueName":"search_term_string"}}],"inLanguage":"fr-FR"},{"@type":"Organization","@id":"https:\/\/www.salon-medecinedouce.com\/paris\/#organization","name":"Bien-\u00eatre Paris","url":"https:\/\/www.salon-medecinedouce.com\/paris\/","logo":{"@type":"ImageObject","inLanguage":"fr-FR","@id":"https:\/\/www.salon-medecinedouce.com\/paris\/#\/schema\/logo\/image\/","url":"https:\/\/www.salon-medecinedouce.com\/paris\/wp-content\/uploads\/sites\/14\/2024\/05\/cropped-logo-orange-bemd.png","contentUrl":"https:\/\/www.salon-medecinedouce.com\/paris\/wp-content\/uploads\/sites\/14\/2024\/05\/cropped-logo-orange-bemd.png","width":591,"height":591,"caption":"Bien-\u00eatre Paris"},"image":{"@id":"https:\/\/www.salon-medecinedouce.com\/paris\/#\/schema\/logo\/image\/"}}]}},"rttpg_featured_image_url":null,"rttpg_author":{"display_name":"admin","author_link":"https:\/\/www.salon-medecinedouce.com\/paris\/blog\/author\/admin\/"},"rttpg_comment":0,"rttpg_category":false,"rttpg_excerpt":"&nbsp; L\u2019Association Fran\u00e7aise Des Intol\u00e9rants Au Gluten (AFDIAG) est l\u2019association r\u00e9f\u00e9rente en France sur la maladie c\u0153liaque (ou intol\u00e9rance au gluten) et l\u2019hypersensibilit\u00e9 au gluten non c\u0153liaque. N\u00e9e en 1989, l\u2019AFDIAG, r\u00e9gie par la loi de 1901, met \u00e0 disposition des c\u0153liaques, de leur famille et de leur entourage, des outils pour mieux vivre l\u2019intol\u00e9rance&hellip;","_links":{"self":[{"href":"https:\/\/www.salon-medecinedouce.com\/paris\/wp-json\/wp\/v2\/pages\/10930","targetHints":{"allow":["GET"]}}],"collection":[{"href":"https:\/\/www.salon-medecinedouce.com\/paris\/wp-json\/wp\/v2\/pages"}],"about":[{"href":"https:\/\/www.salon-medecinedouce.com\/paris\/wp-json\/wp\/v2\/types\/page"}],"author":[{"embeddable":true,"href":"https:\/\/www.salon-medecinedouce.com\/paris\/wp-json\/wp\/v2\/users\/1"}],"replies":[{"embeddable":true,"href":"https:\/\/www.salon-medecinedouce.com\/paris\/wp-json\/wp\/v2\/comments?post=10930"}],"version-history":[{"count":1,"href":"https:\/\/www.salon-medecinedouce.com\/paris\/wp-json\/wp\/v2\/pages\/10930\/revisions"}],"predecessor-version":[{"id":10931,"href":"https:\/\/www.salon-medecinedouce.com\/paris\/wp-json\/wp\/v2\/pages\/10930\/revisions\/10931"}],"up":[{"embeddable":true,"href":"https:\/\/www.salon-medecinedouce.com\/paris\/wp-json\/wp\/v2\/pages\/2456"}],"wp:attachment":[{"href":"https:\/\/www.salon-medecinedouce.com\/paris\/wp-json\/wp\/v2\/media?parent=10930"}],"curies":[{"name":"wp","href":"https:\/\/api.w.org\/{rel}","templated":true}]}}