{"id":9847,"date":"2020-08-21T14:27:45","date_gmt":"2020-08-21T12:27:45","guid":{"rendered":"https:\/\/www.salon-medecinedouce.com\/marseille\/?page_id=9847"},"modified":"2022-03-07T16:10:24","modified_gmt":"2022-03-07T15:10:24","slug":"mesure-sanitaires","status":"publish","type":"page","link":"https:\/\/www.salon-medecinedouce.com\/marseille\/infos\/mesure-sanitaires\/","title":{"rendered":"Mesures sanitaires"},"content":{"rendered":"<p>Dans le contexte actuel de l\u2019\u00e9pid\u00e9mie de Covid-19, votre sant\u00e9 est notre priorit\u00e9. Afin que l\u2019\u00e9dition du Salon Bien-\u00catre M\u00e9decine Douce Marseille se d\u00e9roule dans les meilleures conditions, nous vous remercierions de bien vouloir appliquer et respecter les mesures sanitaires en vigueur.<\/p>\n<h2><b>Le pass vaccinal et le masque ne sont plus obligatoires pour assister au salon<\/b>.<\/h2>\n<p>&nbsp;<\/p>\n<h3><strong>Respectons les gestes barri\u00e8res<\/strong><\/h3>\n<ul>\n<li style=\"list-style-type: none;\">\n<ul>\n<li style=\"list-style-type: none;\">\n<ul>\n<li>Se laver r\u00e9guli\u00e8rement les mains ou utiliser une solution hydro-alcoolique<\/li>\n<li>Tousser ou \u00e9ternuer dans son coude ou dans un mouchoir<\/li>\n<li>Se moucher dans un mouchoir \u00e0 usage unique, puis le jeter<\/li>\n<li>\u00c9viter de se toucher le visage<\/li>\n<li>Respecter une distance d\u2019au moins un m\u00e8tre avec les autres<\/li>\n<li>Saluer sans se serrer la main et arr\u00eater les embrassades<\/li>\n<\/ul>\n<\/li>\n<\/ul>\n<\/li>\n<\/ul>\n<p>&nbsp;<\/p>\n<p>&nbsp;<\/p>\n<div class=\"salon-accueil salon-entity-placement\" id=\"salon-3919212898\"><div id=\"salon-809201311\"><a data-no-instant=\"1\" href=\"https:\/\/www.amac-formation.fr\/\" rel=\"noopener\" class=\"a2t-link\" target=\"_blank\"><p><img fetchpriority=\"high\" decoding=\"async\" class=\"aligncenter size-full wp-image-10787\" src=\"https:\/\/www.salon-medecinedouce.com\/marseille\/wp-content\/uploads\/sites\/16\/2023\/02\/Baniere-salon-du-bien-etre.png\" alt=\"amac-formation\" width=\"728\" height=\"90\" srcset=\"https:\/\/www.salon-medecinedouce.com\/marseille\/wp-content\/uploads\/sites\/16\/2023\/02\/Baniere-salon-du-bien-etre.png 728w, https:\/\/www.salon-medecinedouce.com\/marseille\/wp-content\/uploads\/sites\/16\/2023\/02\/Baniere-salon-du-bien-etre-300x37.png 300w, https:\/\/www.salon-medecinedouce.com\/marseille\/wp-content\/uploads\/sites\/16\/2023\/02\/Baniere-salon-du-bien-etre-150x19.png 150w, https:\/\/www.salon-medecinedouce.com\/marseille\/wp-content\/uploads\/sites\/16\/2023\/02\/Baniere-salon-du-bien-etre-500x62.png 500w\" sizes=\"(max-width: 728px) 100vw, 728px\" \/><\/p>\n<\/a><\/div><\/div>","protected":false},"excerpt":{"rendered":"<p>Dans le contexte actuel de l\u2019\u00e9pid\u00e9mie de Covid-19, votre sant\u00e9 est notre priorit\u00e9. Afin que l\u2019\u00e9dition du Salon Bien-\u00catre M\u00e9decine Douce Marseille se d\u00e9roule dans les meilleures conditions, nous vous remercierions de bien vouloir appliquer et respecter les mesures sanitaires en vigueur. Le pass vaccinal et le masque ne sont plus obligatoires pour assister au&hellip; <\/p>\n","protected":false},"author":5,"featured_media":0,"parent":2094,"menu_order":0,"comment_status":"closed","ping_status":"closed","template":"","meta":{"_monsterinsights_skip_tracking":false,"_monsterinsights_sitenote_active":false,"_monsterinsights_sitenote_note":"","_monsterinsights_sitenote_category":0,"footnotes":""},"class_list":["post-9847","page","type-page","status-publish","hentry"],"yoast_head":"<!-- This site is optimized with the Yoast SEO plugin v27.3 - https:\/\/yoast.com\/product\/yoast-seo-wordpress\/ -->\n<title>Mesures sanitaires - Bien-\u00eatre Marseille<\/title>\n<meta name=\"robots\" content=\"index, follow, max-snippet:-1, max-image-preview:large, max-video-preview:-1\" \/>\n<link rel=\"canonical\" href=\"https:\/\/www.salon-medecinedouce.com\/marseille\/infos\/mesure-sanitaires\/\" \/>\n<meta property=\"og:locale\" content=\"fr_FR\" \/>\n<meta property=\"og:type\" content=\"article\" \/>\n<meta property=\"og:title\" content=\"Mesures sanitaires - Bien-\u00eatre Marseille\" \/>\n<meta property=\"og:description\" content=\"Dans le contexte actuel de l\u2019\u00e9pid\u00e9mie de Covid-19, votre sant\u00e9 est notre priorit\u00e9. Afin que l\u2019\u00e9dition du Salon Bien-\u00catre M\u00e9decine Douce Marseille se d\u00e9roule dans les meilleures conditions, nous vous remercierions de bien vouloir appliquer et respecter les mesures sanitaires en vigueur. Le pass vaccinal et le masque ne sont plus obligatoires pour assister au&hellip;\" \/>\n<meta property=\"og:url\" content=\"https:\/\/www.salon-medecinedouce.com\/marseille\/infos\/mesure-sanitaires\/\" \/>\n<meta property=\"og:site_name\" content=\"Bien-\u00eatre Marseille\" \/>\n<meta property=\"article:modified_time\" content=\"2022-03-07T15:10:24+00:00\" \/>\n<meta name=\"twitter:card\" content=\"summary_large_image\" \/>\n<meta name=\"twitter:label1\" content=\"Dur\u00e9e de lecture estim\u00e9e\" \/>\n\t<meta name=\"twitter:data1\" content=\"4 minutes\" \/>\n<script type=\"application\/ld+json\" class=\"yoast-schema-graph\">{\"@context\":\"https:\\\/\\\/schema.org\",\"@graph\":[{\"@type\":\"WebPage\",\"@id\":\"https:\\\/\\\/www.salon-medecinedouce.com\\\/marseille\\\/infos\\\/mesure-sanitaires\\\/\",\"url\":\"https:\\\/\\\/www.salon-medecinedouce.com\\\/marseille\\\/infos\\\/mesure-sanitaires\\\/\",\"name\":\"Mesures sanitaires - Bien-\u00eatre Marseille\",\"isPartOf\":{\"@id\":\"https:\\\/\\\/www.salon-medecinedouce.com\\\/marseille\\\/#website\"},\"datePublished\":\"2020-08-21T12:27:45+00:00\",\"dateModified\":\"2022-03-07T15:10:24+00:00\",\"breadcrumb\":{\"@id\":\"https:\\\/\\\/www.salon-medecinedouce.com\\\/marseille\\\/infos\\\/mesure-sanitaires\\\/#breadcrumb\"},\"inLanguage\":\"fr-FR\",\"potentialAction\":[{\"@type\":\"ReadAction\",\"target\":[\"https:\\\/\\\/www.salon-medecinedouce.com\\\/marseille\\\/infos\\\/mesure-sanitaires\\\/\"]}]},{\"@type\":\"BreadcrumbList\",\"@id\":\"https:\\\/\\\/www.salon-medecinedouce.com\\\/marseille\\\/infos\\\/mesure-sanitaires\\\/#breadcrumb\",\"itemListElement\":[{\"@type\":\"ListItem\",\"position\":1,\"name\":\"Accueil\",\"item\":\"https:\\\/\\\/www.salon-medecinedouce.com\\\/marseille\\\/\"},{\"@type\":\"ListItem\",\"position\":2,\"name\":\"Infos pratiques\",\"item\":\"https:\\\/\\\/www.salon-medecinedouce.com\\\/marseille\\\/infos\\\/\"},{\"@type\":\"ListItem\",\"position\":3,\"name\":\"Mesures sanitaires\"}]},{\"@type\":\"WebSite\",\"@id\":\"https:\\\/\\\/www.salon-medecinedouce.com\\\/marseille\\\/#website\",\"url\":\"https:\\\/\\\/www.salon-medecinedouce.com\\\/marseille\\\/\",\"name\":\"Bien-\u00eatre Marseille\",\"description\":\"La sant\u00e9 au naturel : M\u00e9decines douces - Compl\u00e9ments alimentaires - Alimentation saine - Cosm\u00e9tiques naturelles - Art de vivre - Tourisme de sant\u00e9\",\"publisher\":{\"@id\":\"https:\\\/\\\/www.salon-medecinedouce.com\\\/marseille\\\/#organization\"},\"potentialAction\":[{\"@type\":\"SearchAction\",\"target\":{\"@type\":\"EntryPoint\",\"urlTemplate\":\"https:\\\/\\\/www.salon-medecinedouce.com\\\/marseille\\\/?s={search_term_string}\"},\"query-input\":{\"@type\":\"PropertyValueSpecification\",\"valueRequired\":true,\"valueName\":\"search_term_string\"}}],\"inLanguage\":\"fr-FR\"},{\"@type\":\"Organization\",\"@id\":\"https:\\\/\\\/www.salon-medecinedouce.com\\\/marseille\\\/#organization\",\"name\":\"Bien-\u00eatre Marseille\",\"url\":\"https:\\\/\\\/www.salon-medecinedouce.com\\\/marseille\\\/\",\"logo\":{\"@type\":\"ImageObject\",\"inLanguage\":\"fr-FR\",\"@id\":\"https:\\\/\\\/www.salon-medecinedouce.com\\\/marseille\\\/#\\\/schema\\\/logo\\\/image\\\/\",\"url\":\"https:\\\/\\\/www.salon-medecinedouce.com\\\/marseille\\\/wp-content\\\/uploads\\\/sites\\\/16\\\/2023\\\/10\\\/logo-BEMD.png\",\"contentUrl\":\"https:\\\/\\\/www.salon-medecinedouce.com\\\/marseille\\\/wp-content\\\/uploads\\\/sites\\\/16\\\/2023\\\/10\\\/logo-BEMD.png\",\"width\":199,\"height\":184,\"caption\":\"Bien-\u00eatre Marseille\"},\"image\":{\"@id\":\"https:\\\/\\\/www.salon-medecinedouce.com\\\/marseille\\\/#\\\/schema\\\/logo\\\/image\\\/\"}}]}<\/script>\n<!-- \/ Yoast SEO plugin. -->","yoast_head_json":{"title":"Mesures sanitaires - Bien-\u00eatre Marseille","robots":{"index":"index","follow":"follow","max-snippet":"max-snippet:-1","max-image-preview":"max-image-preview:large","max-video-preview":"max-video-preview:-1"},"canonical":"https:\/\/www.salon-medecinedouce.com\/marseille\/infos\/mesure-sanitaires\/","og_locale":"fr_FR","og_type":"article","og_title":"Mesures sanitaires - Bien-\u00eatre Marseille","og_description":"Dans le contexte actuel de l\u2019\u00e9pid\u00e9mie de Covid-19, votre sant\u00e9 est notre priorit\u00e9. Afin que l\u2019\u00e9dition du Salon Bien-\u00catre M\u00e9decine Douce Marseille se d\u00e9roule dans les meilleures conditions, nous vous remercierions de bien vouloir appliquer et respecter les mesures sanitaires en vigueur. Le pass vaccinal et le masque ne sont plus obligatoires pour assister au&hellip;","og_url":"https:\/\/www.salon-medecinedouce.com\/marseille\/infos\/mesure-sanitaires\/","og_site_name":"Bien-\u00eatre Marseille","article_modified_time":"2022-03-07T15:10:24+00:00","twitter_card":"summary_large_image","twitter_misc":{"Dur\u00e9e de lecture estim\u00e9e":"4 minutes"},"schema":{"@context":"https:\/\/schema.org","@graph":[{"@type":"WebPage","@id":"https:\/\/www.salon-medecinedouce.com\/marseille\/infos\/mesure-sanitaires\/","url":"https:\/\/www.salon-medecinedouce.com\/marseille\/infos\/mesure-sanitaires\/","name":"Mesures sanitaires - Bien-\u00eatre Marseille","isPartOf":{"@id":"https:\/\/www.salon-medecinedouce.com\/marseille\/#website"},"datePublished":"2020-08-21T12:27:45+00:00","dateModified":"2022-03-07T15:10:24+00:00","breadcrumb":{"@id":"https:\/\/www.salon-medecinedouce.com\/marseille\/infos\/mesure-sanitaires\/#breadcrumb"},"inLanguage":"fr-FR","potentialAction":[{"@type":"ReadAction","target":["https:\/\/www.salon-medecinedouce.com\/marseille\/infos\/mesure-sanitaires\/"]}]},{"@type":"BreadcrumbList","@id":"https:\/\/www.salon-medecinedouce.com\/marseille\/infos\/mesure-sanitaires\/#breadcrumb","itemListElement":[{"@type":"ListItem","position":1,"name":"Accueil","item":"https:\/\/www.salon-medecinedouce.com\/marseille\/"},{"@type":"ListItem","position":2,"name":"Infos pratiques","item":"https:\/\/www.salon-medecinedouce.com\/marseille\/infos\/"},{"@type":"ListItem","position":3,"name":"Mesures sanitaires"}]},{"@type":"WebSite","@id":"https:\/\/www.salon-medecinedouce.com\/marseille\/#website","url":"https:\/\/www.salon-medecinedouce.com\/marseille\/","name":"Bien-\u00eatre Marseille","description":"La sant\u00e9 au naturel : M\u00e9decines douces - Compl\u00e9ments alimentaires - Alimentation saine - Cosm\u00e9tiques naturelles - Art de vivre - Tourisme de sant\u00e9","publisher":{"@id":"https:\/\/www.salon-medecinedouce.com\/marseille\/#organization"},"potentialAction":[{"@type":"SearchAction","target":{"@type":"EntryPoint","urlTemplate":"https:\/\/www.salon-medecinedouce.com\/marseille\/?s={search_term_string}"},"query-input":{"@type":"PropertyValueSpecification","valueRequired":true,"valueName":"search_term_string"}}],"inLanguage":"fr-FR"},{"@type":"Organization","@id":"https:\/\/www.salon-medecinedouce.com\/marseille\/#organization","name":"Bien-\u00eatre Marseille","url":"https:\/\/www.salon-medecinedouce.com\/marseille\/","logo":{"@type":"ImageObject","inLanguage":"fr-FR","@id":"https:\/\/www.salon-medecinedouce.com\/marseille\/#\/schema\/logo\/image\/","url":"https:\/\/www.salon-medecinedouce.com\/marseille\/wp-content\/uploads\/sites\/16\/2023\/10\/logo-BEMD.png","contentUrl":"https:\/\/www.salon-medecinedouce.com\/marseille\/wp-content\/uploads\/sites\/16\/2023\/10\/logo-BEMD.png","width":199,"height":184,"caption":"Bien-\u00eatre Marseille"},"image":{"@id":"https:\/\/www.salon-medecinedouce.com\/marseille\/#\/schema\/logo\/image\/"}}]}},"rttpg_featured_image_url":null,"rttpg_author":{"display_name":"nadia","author_link":"https:\/\/www.salon-medecinedouce.com\/marseille\/blog\/author\/nadia\/"},"rttpg_comment":0,"rttpg_category":null,"rttpg_excerpt":"Dans le contexte actuel de l\u2019\u00e9pid\u00e9mie de Covid-19, votre sant\u00e9 est notre priorit\u00e9. Afin que l\u2019\u00e9dition du Salon Bien-\u00catre M\u00e9decine Douce Marseille se d\u00e9roule dans les meilleures conditions, nous vous remercierions de bien vouloir appliquer et respecter les mesures sanitaires en vigueur. Le pass vaccinal et le masque ne sont plus obligatoires pour assister au&hellip;","_links":{"self":[{"href":"https:\/\/www.salon-medecinedouce.com\/marseille\/wp-json\/wp\/v2\/pages\/9847","targetHints":{"allow":["GET"]}}],"collection":[{"href":"https:\/\/www.salon-medecinedouce.com\/marseille\/wp-json\/wp\/v2\/pages"}],"about":[{"href":"https:\/\/www.salon-medecinedouce.com\/marseille\/wp-json\/wp\/v2\/types\/page"}],"author":[{"embeddable":true,"href":"https:\/\/www.salon-medecinedouce.com\/marseille\/wp-json\/wp\/v2\/users\/5"}],"replies":[{"embeddable":true,"href":"https:\/\/www.salon-medecinedouce.com\/marseille\/wp-json\/wp\/v2\/comments?post=9847"}],"version-history":[{"count":11,"href":"https:\/\/www.salon-medecinedouce.com\/marseille\/wp-json\/wp\/v2\/pages\/9847\/revisions"}],"predecessor-version":[{"id":10199,"href":"https:\/\/www.salon-medecinedouce.com\/marseille\/wp-json\/wp\/v2\/pages\/9847\/revisions\/10199"}],"up":[{"embeddable":true,"href":"https:\/\/www.salon-medecinedouce.com\/marseille\/wp-json\/wp\/v2\/pages\/2094"}],"wp:attachment":[{"href":"https:\/\/www.salon-medecinedouce.com\/marseille\/wp-json\/wp\/v2\/media?parent=9847"}],"curies":[{"name":"wp","href":"https:\/\/api.w.org\/{rel}","templated":true}]}}