{"id":8760,"date":"2019-10-21T16:16:00","date_gmt":"2019-10-21T14:16:00","guid":{"rendered":"https:\/\/www.salon-medecinedouce.com\/marseille\/?page_id=8760"},"modified":"2023-12-21T09:31:24","modified_gmt":"2023-12-21T08:31:24","slug":"sevellia-com","status":"publish","type":"page","link":"https:\/\/www.salon-medecinedouce.com\/marseille\/presse-partenaires\/nos-partenaires\/sevellia-com\/","title":{"rendered":"Sevellia.com, la marketplace des salons bio et bien-\u00eatre !"},"content":{"rendered":"<p><img decoding=\"async\" class=\"alignnone size-medium wp-image-10954\" src=\"https:\/\/www.salon-medecinedouce.com\/marseille\/wp-content\/uploads\/sites\/16\/2023\/11\/Sevellia.com-new-baseline-300x68.png\" alt=\"SEVELLIA.COM, la boutique en ligne des salons BIO &amp; Bien-\u00eatre\" width=\"300\" height=\"68\" srcset=\"https:\/\/www.salon-medecinedouce.com\/marseille\/wp-content\/uploads\/sites\/16\/2023\/11\/Sevellia.com-new-baseline-300x68.png 300w, https:\/\/www.salon-medecinedouce.com\/marseille\/wp-content\/uploads\/sites\/16\/2023\/11\/Sevellia.com-new-baseline-1024x232.png 1024w, https:\/\/www.salon-medecinedouce.com\/marseille\/wp-content\/uploads\/sites\/16\/2023\/11\/Sevellia.com-new-baseline-768x174.png 768w, https:\/\/www.salon-medecinedouce.com\/marseille\/wp-content\/uploads\/sites\/16\/2023\/11\/Sevellia.com-new-baseline-1536x348.png 1536w, https:\/\/www.salon-medecinedouce.com\/marseille\/wp-content\/uploads\/sites\/16\/2023\/11\/Sevellia.com-new-baseline-2048x464.png 2048w, https:\/\/www.salon-medecinedouce.com\/marseille\/wp-content\/uploads\/sites\/16\/2023\/11\/Sevellia.com-new-baseline-150x34.png 150w, https:\/\/www.salon-medecinedouce.com\/marseille\/wp-content\/uploads\/sites\/16\/2023\/11\/Sevellia.com-new-baseline-500x113.png 500w\" sizes=\"(max-width: 300px) 100vw, 300px\" \/><\/p>\n<p><strong><a href=\"https:\/\/sevellia.com\/\" target=\"_blank\" rel=\"noopener\">SEVELLIA.COM<\/a><\/strong> la marketplace bio, naturelle, \u00e9colo des <strong>salons Bien-\u00eatre, M\u00e9decine douce !<\/strong><\/p>\n<p>Retrouvez, toute l\u2019ann\u00e9e <a href=\"https:\/\/sevellia.com\" target=\"_blank\" rel=\"noopener\"><strong>les produits de vos exposants pr\u00e9f\u00e9r\u00e9s<\/strong><\/a> et bien plus encore.<\/p>\n<p><a href=\"https:\/\/sevellia.com\/\" target=\"_blank\" rel=\"noopener\"><strong>SEVELLIA.COM<\/strong><\/a> est une place de march\u00e9 bio sp\u00e9cialis\u00e9e dans la vente en ligne de <strong>produits bio<\/strong> ou <strong>naturels<\/strong> pour une consommation plus nature. Notre site s\u2019applique \u00e9galement \u00e0 mettre en valeur de <strong>petits producteurs et artisans engag\u00e9s<\/strong>.<\/p>\n<p>Dans notre <strong>boutique en ligne<\/strong>, ce ne sont pas moins de <strong>50 000 produits bio, naturels, \u00e9cologiques, <a href=\"https:\/\/sevellia.com\/made-in-france.html\" target=\"_blank\" rel=\"noopener\">made in France<\/a>, ou encore <a href=\"https:\/\/sevellia.com\/zero-dechet.html\" target=\"_blank\" rel=\"noopener\">z\u00e9ro d\u00e9chet<\/a><\/strong> qui vous attendent pour vous permettre de conjuguer <strong>une consommation plus responsable<\/strong> et bien-\u00eatre pour toute la famille.<\/p>\n<p><a href=\"https:\/\/sevellia.com\/\" target=\"_blank\" rel=\"noopener\"><strong>SEVELLIA.COM<\/strong><\/a> dispose d\u2019une large gamme de <a href=\"https:\/\/sevellia.com\/phytotherapie-complements-alimentaires.html\">compl\u00e9ments alimentaires naturels<\/a> et d\u2019<a href=\"https:\/\/sevellia.com\/aromatherapie-huiles-essentielles.html\" target=\"_blank\" rel=\"noopener\">huiles essentielles BIO<\/a>. Vous trouverez \u00e9galement des r<strong>em\u00e8des naturels<\/strong> pour une <strong>sant\u00e9 bio<\/strong> comme la <a href=\"https:\/\/sevellia.com\/actidoses-propolis-extra-forte-bio.html\" target=\"_blank\" rel=\"noopener\">propolis<\/a> en pr\u00e9vention contre les affections respiratoires, des baies de mulberry riches en fer et en vitamine C, des barres \u00e9nerg\u00e9tiques sans gluten et sans lactose\u2026<\/p>\n<ul>\n<li><a href=\"https:\/\/sevellia.com\/bien-etre-sante-au-naturel.html\" target=\"_blank\" rel=\"noopener\">Voir tout le rayon bien-\u00eatre, sant\u00e9 au naturel<\/a><\/li>\n<li><a href=\"https:\/\/sevellia.com\/alimentation-saine.html\" target=\"_blank\" rel=\"noopener\">Voir tout le rayon alimentation saine<\/a><\/li>\n<li><a href=\"https:\/\/sevellia.com\/beaute-bio-naturelle.html\" target=\"_blank\" rel=\"noopener\">Voir tout le rayon beaut\u00e9 bio, naturelle<\/a><\/li>\n<\/ul>\n<p>Besoin d\u2019astuces <strong>pour mieux consommer<\/strong> : bio et naturel au quotidien ?<br \/>\n<a href=\"https:\/\/blog.sevellia.com\/\" target=\"_blank\" rel=\"noopener\">D\u00e9couvrez le blog de SEVELLIA.COM !<\/a><\/p>\n<p>&nbsp;<\/p>\n<div class=\"salon-accueil salon-entity-placement\" id=\"salon-1625514789\"><div id=\"salon-243101212\"><a data-no-instant=\"1\" href=\"https:\/\/www.amac-formation.fr\/\" rel=\"noopener\" class=\"a2t-link\" target=\"_blank\"><p><img fetchpriority=\"high\" decoding=\"async\" class=\"aligncenter size-full wp-image-10787\" src=\"https:\/\/www.salon-medecinedouce.com\/marseille\/wp-content\/uploads\/sites\/16\/2023\/02\/Baniere-salon-du-bien-etre.png\" alt=\"amac-formation\" width=\"728\" height=\"90\" srcset=\"https:\/\/www.salon-medecinedouce.com\/marseille\/wp-content\/uploads\/sites\/16\/2023\/02\/Baniere-salon-du-bien-etre.png 728w, https:\/\/www.salon-medecinedouce.com\/marseille\/wp-content\/uploads\/sites\/16\/2023\/02\/Baniere-salon-du-bien-etre-300x37.png 300w, https:\/\/www.salon-medecinedouce.com\/marseille\/wp-content\/uploads\/sites\/16\/2023\/02\/Baniere-salon-du-bien-etre-150x19.png 150w, https:\/\/www.salon-medecinedouce.com\/marseille\/wp-content\/uploads\/sites\/16\/2023\/02\/Baniere-salon-du-bien-etre-500x62.png 500w\" sizes=\"(max-width: 728px) 100vw, 728px\" \/><\/p>\n<\/a><\/div><\/div>","protected":false},"excerpt":{"rendered":"<p>SEVELLIA.COM la marketplace bio, naturelle, \u00e9colo des salons Bien-\u00eatre, M\u00e9decine douce ! Retrouvez, toute l\u2019ann\u00e9e les produits de vos exposants pr\u00e9f\u00e9r\u00e9s et bien plus encore. SEVELLIA.COM est une place de march\u00e9 bio sp\u00e9cialis\u00e9e dans la vente en ligne de produits bio ou naturels pour une consommation plus nature. Notre site s\u2019applique \u00e9galement \u00e0 mettre en&hellip; <\/p>\n","protected":false},"author":1,"featured_media":0,"parent":2456,"menu_order":0,"comment_status":"closed","ping_status":"closed","template":"","meta":{"_monsterinsights_skip_tracking":false,"_monsterinsights_sitenote_active":false,"_monsterinsights_sitenote_note":"","_monsterinsights_sitenote_category":0,"footnotes":""},"class_list":["post-8760","page","type-page","status-publish","hentry"],"yoast_head":"<!-- This site is optimized with the Yoast SEO plugin v27.3 - https:\/\/yoast.com\/product\/yoast-seo-wordpress\/ -->\n<title>Sevellia.com, la marketplace des salons bio et bien-\u00eatre ! - Bien-\u00eatre Marseille<\/title>\n<meta name=\"robots\" content=\"index, follow, max-snippet:-1, max-image-preview:large, max-video-preview:-1\" \/>\n<link rel=\"canonical\" href=\"https:\/\/www.salon-medecinedouce.com\/marseille\/presse-partenaires\/nos-partenaires\/sevellia-com\/\" \/>\n<meta property=\"og:locale\" content=\"fr_FR\" \/>\n<meta property=\"og:type\" content=\"article\" \/>\n<meta property=\"og:title\" content=\"Sevellia.com, la marketplace des salons bio et bien-\u00eatre ! - Bien-\u00eatre Marseille\" \/>\n<meta property=\"og:description\" content=\"SEVELLIA.COM la marketplace bio, naturelle, \u00e9colo des salons Bien-\u00eatre, M\u00e9decine douce ! Retrouvez, toute l\u2019ann\u00e9e les produits de vos exposants pr\u00e9f\u00e9r\u00e9s et bien plus encore. SEVELLIA.COM est une place de march\u00e9 bio sp\u00e9cialis\u00e9e dans la vente en ligne de produits bio ou naturels pour une consommation plus nature. Notre site s\u2019applique \u00e9galement \u00e0 mettre en&hellip;\" \/>\n<meta property=\"og:url\" content=\"https:\/\/www.salon-medecinedouce.com\/marseille\/presse-partenaires\/nos-partenaires\/sevellia-com\/\" \/>\n<meta property=\"og:site_name\" content=\"Bien-\u00eatre Marseille\" \/>\n<meta property=\"article:modified_time\" content=\"2023-12-21T08:31:24+00:00\" \/>\n<meta property=\"og:image\" content=\"https:\/\/www.salon-medecinedouce.com\/marseille\/wp-content\/uploads\/sites\/16\/2023\/11\/Sevellia.com-new-baseline-300x68.png\" \/>\n<meta name=\"twitter:card\" content=\"summary_large_image\" \/>\n<meta name=\"twitter:label1\" content=\"Dur\u00e9e de lecture estim\u00e9e\" \/>\n\t<meta name=\"twitter:data1\" content=\"2 minutes\" \/>\n<script type=\"application\/ld+json\" class=\"yoast-schema-graph\">{\"@context\":\"https:\\\/\\\/schema.org\",\"@graph\":[{\"@type\":\"WebPage\",\"@id\":\"https:\\\/\\\/www.salon-medecinedouce.com\\\/marseille\\\/presse-partenaires\\\/nos-partenaires\\\/sevellia-com\\\/\",\"url\":\"https:\\\/\\\/www.salon-medecinedouce.com\\\/marseille\\\/presse-partenaires\\\/nos-partenaires\\\/sevellia-com\\\/\",\"name\":\"Sevellia.com, la marketplace des salons bio et bien-\u00eatre ! - Bien-\u00eatre Marseille\",\"isPartOf\":{\"@id\":\"https:\\\/\\\/www.salon-medecinedouce.com\\\/marseille\\\/#website\"},\"primaryImageOfPage\":{\"@id\":\"https:\\\/\\\/www.salon-medecinedouce.com\\\/marseille\\\/presse-partenaires\\\/nos-partenaires\\\/sevellia-com\\\/#primaryimage\"},\"image\":{\"@id\":\"https:\\\/\\\/www.salon-medecinedouce.com\\\/marseille\\\/presse-partenaires\\\/nos-partenaires\\\/sevellia-com\\\/#primaryimage\"},\"thumbnailUrl\":\"https:\\\/\\\/www.salon-medecinedouce.com\\\/marseille\\\/wp-content\\\/uploads\\\/sites\\\/16\\\/2023\\\/11\\\/Sevellia.com-new-baseline-300x68.png\",\"datePublished\":\"2019-10-21T14:16:00+00:00\",\"dateModified\":\"2023-12-21T08:31:24+00:00\",\"breadcrumb\":{\"@id\":\"https:\\\/\\\/www.salon-medecinedouce.com\\\/marseille\\\/presse-partenaires\\\/nos-partenaires\\\/sevellia-com\\\/#breadcrumb\"},\"inLanguage\":\"fr-FR\",\"potentialAction\":[{\"@type\":\"ReadAction\",\"target\":[\"https:\\\/\\\/www.salon-medecinedouce.com\\\/marseille\\\/presse-partenaires\\\/nos-partenaires\\\/sevellia-com\\\/\"]}]},{\"@type\":\"ImageObject\",\"inLanguage\":\"fr-FR\",\"@id\":\"https:\\\/\\\/www.salon-medecinedouce.com\\\/marseille\\\/presse-partenaires\\\/nos-partenaires\\\/sevellia-com\\\/#primaryimage\",\"url\":\"https:\\\/\\\/www.salon-medecinedouce.com\\\/marseille\\\/wp-content\\\/uploads\\\/sites\\\/16\\\/2023\\\/11\\\/Sevellia.com-new-baseline.png\",\"contentUrl\":\"https:\\\/\\\/www.salon-medecinedouce.com\\\/marseille\\\/wp-content\\\/uploads\\\/sites\\\/16\\\/2023\\\/11\\\/Sevellia.com-new-baseline.png\",\"width\":4722,\"height\":1069,\"caption\":\"SEVELLIA.COM, la boutique en ligne des salons BIO & Bien-\u00eatre\"},{\"@type\":\"BreadcrumbList\",\"@id\":\"https:\\\/\\\/www.salon-medecinedouce.com\\\/marseille\\\/presse-partenaires\\\/nos-partenaires\\\/sevellia-com\\\/#breadcrumb\",\"itemListElement\":[{\"@type\":\"ListItem\",\"position\":1,\"name\":\"Accueil\",\"item\":\"https:\\\/\\\/www.salon-medecinedouce.com\\\/marseille\\\/\"},{\"@type\":\"ListItem\",\"position\":2,\"name\":\"Presse\\\/partenaires\",\"item\":\"https:\\\/\\\/www.salon-medecinedouce.com\\\/marseille\\\/presse-partenaires\\\/\"},{\"@type\":\"ListItem\",\"position\":3,\"name\":\"Nos partenaires\",\"item\":\"https:\\\/\\\/www.salon-medecinedouce.com\\\/marseille\\\/presse-partenaires\\\/nos-partenaires\\\/\"},{\"@type\":\"ListItem\",\"position\":4,\"name\":\"Sevellia.com, la marketplace des salons bio et bien-\u00eatre !\"}]},{\"@type\":\"WebSite\",\"@id\":\"https:\\\/\\\/www.salon-medecinedouce.com\\\/marseille\\\/#website\",\"url\":\"https:\\\/\\\/www.salon-medecinedouce.com\\\/marseille\\\/\",\"name\":\"Bien-\u00eatre Marseille\",\"description\":\"La sant\u00e9 au naturel : M\u00e9decines douces - Compl\u00e9ments alimentaires - Alimentation saine - Cosm\u00e9tiques naturelles - Art de vivre - Tourisme de sant\u00e9\",\"publisher\":{\"@id\":\"https:\\\/\\\/www.salon-medecinedouce.com\\\/marseille\\\/#organization\"},\"potentialAction\":[{\"@type\":\"SearchAction\",\"target\":{\"@type\":\"EntryPoint\",\"urlTemplate\":\"https:\\\/\\\/www.salon-medecinedouce.com\\\/marseille\\\/?s={search_term_string}\"},\"query-input\":{\"@type\":\"PropertyValueSpecification\",\"valueRequired\":true,\"valueName\":\"search_term_string\"}}],\"inLanguage\":\"fr-FR\"},{\"@type\":\"Organization\",\"@id\":\"https:\\\/\\\/www.salon-medecinedouce.com\\\/marseille\\\/#organization\",\"name\":\"Bien-\u00eatre Marseille\",\"url\":\"https:\\\/\\\/www.salon-medecinedouce.com\\\/marseille\\\/\",\"logo\":{\"@type\":\"ImageObject\",\"inLanguage\":\"fr-FR\",\"@id\":\"https:\\\/\\\/www.salon-medecinedouce.com\\\/marseille\\\/#\\\/schema\\\/logo\\\/image\\\/\",\"url\":\"https:\\\/\\\/www.salon-medecinedouce.com\\\/marseille\\\/wp-content\\\/uploads\\\/sites\\\/16\\\/2023\\\/10\\\/logo-BEMD.png\",\"contentUrl\":\"https:\\\/\\\/www.salon-medecinedouce.com\\\/marseille\\\/wp-content\\\/uploads\\\/sites\\\/16\\\/2023\\\/10\\\/logo-BEMD.png\",\"width\":199,\"height\":184,\"caption\":\"Bien-\u00eatre Marseille\"},\"image\":{\"@id\":\"https:\\\/\\\/www.salon-medecinedouce.com\\\/marseille\\\/#\\\/schema\\\/logo\\\/image\\\/\"}}]}<\/script>\n<!-- \/ Yoast SEO plugin. -->","yoast_head_json":{"title":"Sevellia.com, la marketplace des salons bio et bien-\u00eatre ! - Bien-\u00eatre Marseille","robots":{"index":"index","follow":"follow","max-snippet":"max-snippet:-1","max-image-preview":"max-image-preview:large","max-video-preview":"max-video-preview:-1"},"canonical":"https:\/\/www.salon-medecinedouce.com\/marseille\/presse-partenaires\/nos-partenaires\/sevellia-com\/","og_locale":"fr_FR","og_type":"article","og_title":"Sevellia.com, la marketplace des salons bio et bien-\u00eatre ! - Bien-\u00eatre Marseille","og_description":"SEVELLIA.COM la marketplace bio, naturelle, \u00e9colo des salons Bien-\u00eatre, M\u00e9decine douce ! Retrouvez, toute l\u2019ann\u00e9e les produits de vos exposants pr\u00e9f\u00e9r\u00e9s et bien plus encore. SEVELLIA.COM est une place de march\u00e9 bio sp\u00e9cialis\u00e9e dans la vente en ligne de produits bio ou naturels pour une consommation plus nature. Notre site s\u2019applique \u00e9galement \u00e0 mettre en&hellip;","og_url":"https:\/\/www.salon-medecinedouce.com\/marseille\/presse-partenaires\/nos-partenaires\/sevellia-com\/","og_site_name":"Bien-\u00eatre Marseille","article_modified_time":"2023-12-21T08:31:24+00:00","og_image":[{"url":"https:\/\/www.salon-medecinedouce.com\/marseille\/wp-content\/uploads\/sites\/16\/2023\/11\/Sevellia.com-new-baseline-300x68.png","type":"","width":"","height":""}],"twitter_card":"summary_large_image","twitter_misc":{"Dur\u00e9e de lecture estim\u00e9e":"2 minutes"},"schema":{"@context":"https:\/\/schema.org","@graph":[{"@type":"WebPage","@id":"https:\/\/www.salon-medecinedouce.com\/marseille\/presse-partenaires\/nos-partenaires\/sevellia-com\/","url":"https:\/\/www.salon-medecinedouce.com\/marseille\/presse-partenaires\/nos-partenaires\/sevellia-com\/","name":"Sevellia.com, la marketplace des salons bio et bien-\u00eatre ! - Bien-\u00eatre Marseille","isPartOf":{"@id":"https:\/\/www.salon-medecinedouce.com\/marseille\/#website"},"primaryImageOfPage":{"@id":"https:\/\/www.salon-medecinedouce.com\/marseille\/presse-partenaires\/nos-partenaires\/sevellia-com\/#primaryimage"},"image":{"@id":"https:\/\/www.salon-medecinedouce.com\/marseille\/presse-partenaires\/nos-partenaires\/sevellia-com\/#primaryimage"},"thumbnailUrl":"https:\/\/www.salon-medecinedouce.com\/marseille\/wp-content\/uploads\/sites\/16\/2023\/11\/Sevellia.com-new-baseline-300x68.png","datePublished":"2019-10-21T14:16:00+00:00","dateModified":"2023-12-21T08:31:24+00:00","breadcrumb":{"@id":"https:\/\/www.salon-medecinedouce.com\/marseille\/presse-partenaires\/nos-partenaires\/sevellia-com\/#breadcrumb"},"inLanguage":"fr-FR","potentialAction":[{"@type":"ReadAction","target":["https:\/\/www.salon-medecinedouce.com\/marseille\/presse-partenaires\/nos-partenaires\/sevellia-com\/"]}]},{"@type":"ImageObject","inLanguage":"fr-FR","@id":"https:\/\/www.salon-medecinedouce.com\/marseille\/presse-partenaires\/nos-partenaires\/sevellia-com\/#primaryimage","url":"https:\/\/www.salon-medecinedouce.com\/marseille\/wp-content\/uploads\/sites\/16\/2023\/11\/Sevellia.com-new-baseline.png","contentUrl":"https:\/\/www.salon-medecinedouce.com\/marseille\/wp-content\/uploads\/sites\/16\/2023\/11\/Sevellia.com-new-baseline.png","width":4722,"height":1069,"caption":"SEVELLIA.COM, la boutique en ligne des salons BIO & Bien-\u00eatre"},{"@type":"BreadcrumbList","@id":"https:\/\/www.salon-medecinedouce.com\/marseille\/presse-partenaires\/nos-partenaires\/sevellia-com\/#breadcrumb","itemListElement":[{"@type":"ListItem","position":1,"name":"Accueil","item":"https:\/\/www.salon-medecinedouce.com\/marseille\/"},{"@type":"ListItem","position":2,"name":"Presse\/partenaires","item":"https:\/\/www.salon-medecinedouce.com\/marseille\/presse-partenaires\/"},{"@type":"ListItem","position":3,"name":"Nos partenaires","item":"https:\/\/www.salon-medecinedouce.com\/marseille\/presse-partenaires\/nos-partenaires\/"},{"@type":"ListItem","position":4,"name":"Sevellia.com, la marketplace des salons bio et bien-\u00eatre !"}]},{"@type":"WebSite","@id":"https:\/\/www.salon-medecinedouce.com\/marseille\/#website","url":"https:\/\/www.salon-medecinedouce.com\/marseille\/","name":"Bien-\u00eatre Marseille","description":"La sant\u00e9 au naturel : M\u00e9decines douces - Compl\u00e9ments alimentaires - Alimentation saine - Cosm\u00e9tiques naturelles - Art de vivre - Tourisme de sant\u00e9","publisher":{"@id":"https:\/\/www.salon-medecinedouce.com\/marseille\/#organization"},"potentialAction":[{"@type":"SearchAction","target":{"@type":"EntryPoint","urlTemplate":"https:\/\/www.salon-medecinedouce.com\/marseille\/?s={search_term_string}"},"query-input":{"@type":"PropertyValueSpecification","valueRequired":true,"valueName":"search_term_string"}}],"inLanguage":"fr-FR"},{"@type":"Organization","@id":"https:\/\/www.salon-medecinedouce.com\/marseille\/#organization","name":"Bien-\u00eatre Marseille","url":"https:\/\/www.salon-medecinedouce.com\/marseille\/","logo":{"@type":"ImageObject","inLanguage":"fr-FR","@id":"https:\/\/www.salon-medecinedouce.com\/marseille\/#\/schema\/logo\/image\/","url":"https:\/\/www.salon-medecinedouce.com\/marseille\/wp-content\/uploads\/sites\/16\/2023\/10\/logo-BEMD.png","contentUrl":"https:\/\/www.salon-medecinedouce.com\/marseille\/wp-content\/uploads\/sites\/16\/2023\/10\/logo-BEMD.png","width":199,"height":184,"caption":"Bien-\u00eatre Marseille"},"image":{"@id":"https:\/\/www.salon-medecinedouce.com\/marseille\/#\/schema\/logo\/image\/"}}]}},"rttpg_featured_image_url":null,"rttpg_author":{"display_name":"admin","author_link":"https:\/\/www.salon-medecinedouce.com\/marseille\/blog\/author\/admin\/"},"rttpg_comment":0,"rttpg_category":null,"rttpg_excerpt":"SEVELLIA.COM la marketplace bio, naturelle, \u00e9colo des salons Bien-\u00eatre, M\u00e9decine douce ! Retrouvez, toute l\u2019ann\u00e9e les produits de vos exposants pr\u00e9f\u00e9r\u00e9s et bien plus encore. SEVELLIA.COM est une place de march\u00e9 bio sp\u00e9cialis\u00e9e dans la vente en ligne de produits bio ou naturels pour une consommation plus nature. Notre site s\u2019applique \u00e9galement \u00e0 mettre en&hellip;","_links":{"self":[{"href":"https:\/\/www.salon-medecinedouce.com\/marseille\/wp-json\/wp\/v2\/pages\/8760","targetHints":{"allow":["GET"]}}],"collection":[{"href":"https:\/\/www.salon-medecinedouce.com\/marseille\/wp-json\/wp\/v2\/pages"}],"about":[{"href":"https:\/\/www.salon-medecinedouce.com\/marseille\/wp-json\/wp\/v2\/types\/page"}],"author":[{"embeddable":true,"href":"https:\/\/www.salon-medecinedouce.com\/marseille\/wp-json\/wp\/v2\/users\/1"}],"replies":[{"embeddable":true,"href":"https:\/\/www.salon-medecinedouce.com\/marseille\/wp-json\/wp\/v2\/comments?post=8760"}],"version-history":[{"count":8,"href":"https:\/\/www.salon-medecinedouce.com\/marseille\/wp-json\/wp\/v2\/pages\/8760\/revisions"}],"predecessor-version":[{"id":10973,"href":"https:\/\/www.salon-medecinedouce.com\/marseille\/wp-json\/wp\/v2\/pages\/8760\/revisions\/10973"}],"up":[{"embeddable":true,"href":"https:\/\/www.salon-medecinedouce.com\/marseille\/wp-json\/wp\/v2\/pages\/2456"}],"wp:attachment":[{"href":"https:\/\/www.salon-medecinedouce.com\/marseille\/wp-json\/wp\/v2\/media?parent=8760"}],"curies":[{"name":"wp","href":"https:\/\/api.w.org\/{rel}","templated":true}]}}