{"id":4787,"date":"2018-01-09T11:58:09","date_gmt":"2018-01-09T10:58:09","guid":{"rendered":"https:\/\/www.salon-medecinedouce.com\/marseille\/?page_id=4787"},"modified":"2018-01-09T12:00:49","modified_gmt":"2018-01-09T11:00:49","slug":"sante-naturo","status":"publish","type":"page","link":"https:\/\/www.salon-medecinedouce.com\/marseille\/presse-partenaires\/nos-partenaires\/sante-naturo\/","title":{"rendered":"Sant\u00e9 Naturo"},"content":{"rendered":"<p><img decoding=\"async\" class=\"alignnone size-full wp-image-4788\" src=\"https:\/\/www.salon-medecinedouce.com\/wp-content\/uploads\/sites\/16\/2018\/01\/Logo-sante-naturo-noir-SPAS.png\" alt=\"\" width=\"150\" height=\"120\" \/><\/p>\n<p style=\"text-align: center;\"><strong>D\u00e9couvrez Sant\u00e9 Naturo, <br \/>\n la nouvelle revue sant\u00e9 naturelle et int\u00e9grative chez votre m\u00e9decin, pharmacien, ou sur notre site.<br \/>\n <\/strong><\/p>\n<p><strong>&gt; Sant\u00e9, Bien-\u00catre, Art de Vivre, Nature &lt;<\/strong><\/p>\n<p><strong>\u00ab Soyez le changement que vous voulez voir dans ce monde. \u00bb Gandhi. <\/strong><\/p>\n<p style=\"text-align: justify;\">Le monde et la soci\u00e9t\u00e9 \u00e9voluent, des changements positifs ont lieu. Des prises de conscience dont nous sommes d\u2019abord nos propres b\u00e9n\u00e9ficiaires :<\/p>\n<ul style=\"text-align: justify;\">\n<li>Une sant\u00e9 plus naturelle, pr\u00e9ventive et globale, associ\u00e9e \u00e0 la m\u00e9decine conventionnelle, la sant\u00e9 int\u00e9grative<\/li>\n<li>Un bien-\u00eatre corps et esprit dans une d\u00e9marche holistique. Une approche globale, corps, c\u0153ur, esprit, \u00e9nergies, dans la pleine conscience de soi et de l\u2019instant pr\u00e9sent<\/li>\n<li>Une hygi\u00e8ne de vie repens\u00e9e, un mode de vie plus sain. Une vie avec du sens o\u00f9 l\u2019humain est replac\u00e9 au centre<\/li>\n<li>Une connexion avec la nature et ses saisons<\/li>\n<\/ul>\n<p style=\"text-align: justify;\">Optimisez et pr\u00e9servez toutes ces aspirations avec des moyens naturels, simples et humains.<\/p>\n<p style=\"text-align: justify;\"><strong>Sant\u00e9 Naturo<\/strong> est la nouvelle revue sant\u00e9 naturelle et int\u00e9grative diffus\u00e9e gratuitement tous les trimestres chez votre m\u00e9decin et pharmacien. Retrouvez-la \u00e9galement sur notre site.<\/p>\n<p style=\"text-align: justify;\">Une ligne \u00e9ditoriale r\u00e9dig\u00e9e par des m\u00e9decins, pharmaciens, et naturopathes.<strong>\u00a0<\/strong><\/p>\n<p style=\"text-align: justify;\"><strong>Sant\u00e9 Naturo<\/strong>, une approche globale autour de la sant\u00e9 int\u00e9grative, o\u00f9 se rejoignent la m\u00e9decine conventionnelle, la sant\u00e9 et le bien-\u00eatre au naturel, un art de vivre sain.<br \/>\n <strong>Sant\u00e9 Naturo<\/strong>, c\u2019est aussi et avant tout un nouveau programme \u00e0 chaque num\u00e9ro qui vous accompagne et vous coache au quotidien. <br \/>\n Des conseils naturels, faciles \u00e0 suivre, pour une prise en charge globale : alimentation, \u00e9motionnel, physique, environnemental, pens\u00e9e positive, \u00e9nerg\u00e9tique.<\/p>\n<p style=\"text-align: justify;\">Dans chaque num\u00e9ro : <br \/>\n \u2022 Un programme que vous pourrez facilement suivre au quotidien<\/p>\n<ul style=\"text-align: justify;\">\n<li>Les chroniques de nos Experts M\u00e9decins et Pharmaciens<br \/>\n \u2022 Une th\u00e9matique naturelle au fil des saisons<\/li>\n<li>Un zoom sur un sujet pr\u00e9cis<\/li>\n<li>Des conseils pour prendre soin de soi, autour du bien-\u00eatre et de l\u2019art de vivre<\/li>\n<li>Une communaut\u00e9 \u00ab lifestyle \u00bb o\u00f9 la photo fait voyager et inspire<\/li>\n<\/ul>\n<p style=\"text-align: justify;\">Avec <strong>Sant\u00e9 Naturo<\/strong>, nourrissez votre corps, votre c\u0153ur et votre esprit pour mieux savourer et appr\u00e9cier la magie de la vie. Soyez \u00e0 l\u2019\u00e9coute de vos aspirations profondes, soyez \u00e0 votre \u00e9coute.<\/p>\n<p style=\"text-align: justify;\">Prenez soin de vous, naturellement !<\/p>\n<p style=\"text-align: justify;\">Retrouvez-nous sur <a href=\"http:\/\/www.santenaturo-revue.fr\" target=\"_blank\" rel=\"noopener\">www.santenaturo-revue.fr<\/a><\/p>\n<div class=\"salon-accueil salon-entity-placement\" id=\"salon-4175630182\"><div id=\"salon-1388400391\"><a data-no-instant=\"1\" href=\"https:\/\/www.amac-formation.fr\/\" rel=\"noopener\" class=\"a2t-link\" target=\"_blank\"><p><img fetchpriority=\"high\" decoding=\"async\" class=\"aligncenter size-full wp-image-10787\" src=\"https:\/\/www.salon-medecinedouce.com\/marseille\/wp-content\/uploads\/sites\/16\/2023\/02\/Baniere-salon-du-bien-etre.png\" alt=\"amac-formation\" width=\"728\" height=\"90\" srcset=\"https:\/\/www.salon-medecinedouce.com\/marseille\/wp-content\/uploads\/sites\/16\/2023\/02\/Baniere-salon-du-bien-etre.png 728w, https:\/\/www.salon-medecinedouce.com\/marseille\/wp-content\/uploads\/sites\/16\/2023\/02\/Baniere-salon-du-bien-etre-300x37.png 300w, https:\/\/www.salon-medecinedouce.com\/marseille\/wp-content\/uploads\/sites\/16\/2023\/02\/Baniere-salon-du-bien-etre-150x19.png 150w, https:\/\/www.salon-medecinedouce.com\/marseille\/wp-content\/uploads\/sites\/16\/2023\/02\/Baniere-salon-du-bien-etre-500x62.png 500w\" sizes=\"(max-width: 728px) 100vw, 728px\" \/><\/p>\n<\/a><\/div><\/div>","protected":false},"excerpt":{"rendered":"<p>D\u00e9couvrez Sant\u00e9 Naturo, la nouvelle revue sant\u00e9 naturelle et int\u00e9grative chez votre m\u00e9decin, pharmacien, ou sur notre site. &gt; Sant\u00e9, Bien-\u00catre, Art de Vivre, Nature &lt; \u00ab Soyez le changement que vous voulez voir dans ce monde. \u00bb Gandhi. Le monde et la soci\u00e9t\u00e9 \u00e9voluent, des changements positifs ont lieu. Des prises de conscience dont&hellip; <\/p>\n","protected":false},"author":1,"featured_media":0,"parent":2456,"menu_order":0,"comment_status":"closed","ping_status":"closed","template":"","meta":{"_monsterinsights_skip_tracking":false,"_monsterinsights_sitenote_active":false,"_monsterinsights_sitenote_note":"","_monsterinsights_sitenote_category":0,"footnotes":""},"class_list":["post-4787","page","type-page","status-publish","hentry"],"yoast_head":"<!-- This site is optimized with the Yoast SEO plugin v27.3 - https:\/\/yoast.com\/product\/yoast-seo-wordpress\/ -->\n<title>Sant\u00e9 Naturo - Bien-\u00eatre Marseille<\/title>\n<meta name=\"robots\" content=\"index, follow, max-snippet:-1, max-image-preview:large, max-video-preview:-1\" \/>\n<link rel=\"canonical\" href=\"https:\/\/www.salon-medecinedouce.com\/marseille\/presse-partenaires\/nos-partenaires\/sante-naturo\/\" \/>\n<meta property=\"og:locale\" content=\"fr_FR\" \/>\n<meta property=\"og:type\" content=\"article\" \/>\n<meta property=\"og:title\" content=\"Sant\u00e9 Naturo - Bien-\u00eatre Marseille\" \/>\n<meta property=\"og:description\" content=\"D\u00e9couvrez Sant\u00e9 Naturo, la nouvelle revue sant\u00e9 naturelle et int\u00e9grative chez votre m\u00e9decin, pharmacien, ou sur notre site. &gt; Sant\u00e9, Bien-\u00catre, Art de Vivre, Nature &lt; \u00ab Soyez le changement que vous voulez voir dans ce monde. \u00bb Gandhi. Le monde et la soci\u00e9t\u00e9 \u00e9voluent, des changements positifs ont lieu. Des prises de conscience dont&hellip;\" \/>\n<meta property=\"og:url\" content=\"https:\/\/www.salon-medecinedouce.com\/marseille\/presse-partenaires\/nos-partenaires\/sante-naturo\/\" \/>\n<meta property=\"og:site_name\" content=\"Bien-\u00eatre Marseille\" \/>\n<meta property=\"article:modified_time\" content=\"2018-01-09T11:00:49+00:00\" \/>\n<meta property=\"og:image\" content=\"https:\/\/www.salon-medecinedouce.com\/wp-content\/uploads\/sites\/16\/2018\/01\/Logo-sante-naturo-noir-SPAS.png\" \/>\n<meta name=\"twitter:card\" content=\"summary_large_image\" \/>\n<meta name=\"twitter:label1\" content=\"Dur\u00e9e de lecture estim\u00e9e\" \/>\n\t<meta name=\"twitter:data1\" content=\"2 minutes\" \/>\n<script type=\"application\/ld+json\" class=\"yoast-schema-graph\">{\"@context\":\"https:\\\/\\\/schema.org\",\"@graph\":[{\"@type\":\"WebPage\",\"@id\":\"https:\\\/\\\/www.salon-medecinedouce.com\\\/marseille\\\/presse-partenaires\\\/nos-partenaires\\\/sante-naturo\\\/\",\"url\":\"https:\\\/\\\/www.salon-medecinedouce.com\\\/marseille\\\/presse-partenaires\\\/nos-partenaires\\\/sante-naturo\\\/\",\"name\":\"Sant\u00e9 Naturo - Bien-\u00eatre Marseille\",\"isPartOf\":{\"@id\":\"https:\\\/\\\/www.salon-medecinedouce.com\\\/marseille\\\/#website\"},\"primaryImageOfPage\":{\"@id\":\"https:\\\/\\\/www.salon-medecinedouce.com\\\/marseille\\\/presse-partenaires\\\/nos-partenaires\\\/sante-naturo\\\/#primaryimage\"},\"image\":{\"@id\":\"https:\\\/\\\/www.salon-medecinedouce.com\\\/marseille\\\/presse-partenaires\\\/nos-partenaires\\\/sante-naturo\\\/#primaryimage\"},\"thumbnailUrl\":\"https:\\\/\\\/www.salon-medecinedouce.com\\\/wp-content\\\/uploads\\\/sites\\\/16\\\/2018\\\/01\\\/Logo-sante-naturo-noir-SPAS.png\",\"datePublished\":\"2018-01-09T10:58:09+00:00\",\"dateModified\":\"2018-01-09T11:00:49+00:00\",\"breadcrumb\":{\"@id\":\"https:\\\/\\\/www.salon-medecinedouce.com\\\/marseille\\\/presse-partenaires\\\/nos-partenaires\\\/sante-naturo\\\/#breadcrumb\"},\"inLanguage\":\"fr-FR\",\"potentialAction\":[{\"@type\":\"ReadAction\",\"target\":[\"https:\\\/\\\/www.salon-medecinedouce.com\\\/marseille\\\/presse-partenaires\\\/nos-partenaires\\\/sante-naturo\\\/\"]}]},{\"@type\":\"ImageObject\",\"inLanguage\":\"fr-FR\",\"@id\":\"https:\\\/\\\/www.salon-medecinedouce.com\\\/marseille\\\/presse-partenaires\\\/nos-partenaires\\\/sante-naturo\\\/#primaryimage\",\"url\":\"https:\\\/\\\/www.salon-medecinedouce.com\\\/wp-content\\\/uploads\\\/sites\\\/16\\\/2018\\\/01\\\/Logo-sante-naturo-noir-SPAS.png\",\"contentUrl\":\"https:\\\/\\\/www.salon-medecinedouce.com\\\/wp-content\\\/uploads\\\/sites\\\/16\\\/2018\\\/01\\\/Logo-sante-naturo-noir-SPAS.png\"},{\"@type\":\"BreadcrumbList\",\"@id\":\"https:\\\/\\\/www.salon-medecinedouce.com\\\/marseille\\\/presse-partenaires\\\/nos-partenaires\\\/sante-naturo\\\/#breadcrumb\",\"itemListElement\":[{\"@type\":\"ListItem\",\"position\":1,\"name\":\"Accueil\",\"item\":\"https:\\\/\\\/www.salon-medecinedouce.com\\\/marseille\\\/\"},{\"@type\":\"ListItem\",\"position\":2,\"name\":\"Presse\\\/partenaires\",\"item\":\"https:\\\/\\\/www.salon-medecinedouce.com\\\/marseille\\\/presse-partenaires\\\/\"},{\"@type\":\"ListItem\",\"position\":3,\"name\":\"Nos partenaires\",\"item\":\"https:\\\/\\\/www.salon-medecinedouce.com\\\/marseille\\\/presse-partenaires\\\/nos-partenaires\\\/\"},{\"@type\":\"ListItem\",\"position\":4,\"name\":\"Sant\u00e9 Naturo\"}]},{\"@type\":\"WebSite\",\"@id\":\"https:\\\/\\\/www.salon-medecinedouce.com\\\/marseille\\\/#website\",\"url\":\"https:\\\/\\\/www.salon-medecinedouce.com\\\/marseille\\\/\",\"name\":\"Bien-\u00eatre Marseille\",\"description\":\"La sant\u00e9 au naturel : M\u00e9decines douces - Compl\u00e9ments alimentaires - Alimentation saine - Cosm\u00e9tiques naturelles - Art de vivre - Tourisme de sant\u00e9\",\"publisher\":{\"@id\":\"https:\\\/\\\/www.salon-medecinedouce.com\\\/marseille\\\/#organization\"},\"potentialAction\":[{\"@type\":\"SearchAction\",\"target\":{\"@type\":\"EntryPoint\",\"urlTemplate\":\"https:\\\/\\\/www.salon-medecinedouce.com\\\/marseille\\\/?s={search_term_string}\"},\"query-input\":{\"@type\":\"PropertyValueSpecification\",\"valueRequired\":true,\"valueName\":\"search_term_string\"}}],\"inLanguage\":\"fr-FR\"},{\"@type\":\"Organization\",\"@id\":\"https:\\\/\\\/www.salon-medecinedouce.com\\\/marseille\\\/#organization\",\"name\":\"Bien-\u00eatre Marseille\",\"url\":\"https:\\\/\\\/www.salon-medecinedouce.com\\\/marseille\\\/\",\"logo\":{\"@type\":\"ImageObject\",\"inLanguage\":\"fr-FR\",\"@id\":\"https:\\\/\\\/www.salon-medecinedouce.com\\\/marseille\\\/#\\\/schema\\\/logo\\\/image\\\/\",\"url\":\"https:\\\/\\\/www.salon-medecinedouce.com\\\/marseille\\\/wp-content\\\/uploads\\\/sites\\\/16\\\/2023\\\/10\\\/logo-BEMD.png\",\"contentUrl\":\"https:\\\/\\\/www.salon-medecinedouce.com\\\/marseille\\\/wp-content\\\/uploads\\\/sites\\\/16\\\/2023\\\/10\\\/logo-BEMD.png\",\"width\":199,\"height\":184,\"caption\":\"Bien-\u00eatre Marseille\"},\"image\":{\"@id\":\"https:\\\/\\\/www.salon-medecinedouce.com\\\/marseille\\\/#\\\/schema\\\/logo\\\/image\\\/\"}}]}<\/script>\n<!-- \/ Yoast SEO plugin. -->","yoast_head_json":{"title":"Sant\u00e9 Naturo - Bien-\u00eatre Marseille","robots":{"index":"index","follow":"follow","max-snippet":"max-snippet:-1","max-image-preview":"max-image-preview:large","max-video-preview":"max-video-preview:-1"},"canonical":"https:\/\/www.salon-medecinedouce.com\/marseille\/presse-partenaires\/nos-partenaires\/sante-naturo\/","og_locale":"fr_FR","og_type":"article","og_title":"Sant\u00e9 Naturo - Bien-\u00eatre Marseille","og_description":"D\u00e9couvrez Sant\u00e9 Naturo, la nouvelle revue sant\u00e9 naturelle et int\u00e9grative chez votre m\u00e9decin, pharmacien, ou sur notre site. &gt; Sant\u00e9, Bien-\u00catre, Art de Vivre, Nature &lt; \u00ab Soyez le changement que vous voulez voir dans ce monde. \u00bb Gandhi. Le monde et la soci\u00e9t\u00e9 \u00e9voluent, des changements positifs ont lieu. Des prises de conscience dont&hellip;","og_url":"https:\/\/www.salon-medecinedouce.com\/marseille\/presse-partenaires\/nos-partenaires\/sante-naturo\/","og_site_name":"Bien-\u00eatre Marseille","article_modified_time":"2018-01-09T11:00:49+00:00","og_image":[{"url":"https:\/\/www.salon-medecinedouce.com\/wp-content\/uploads\/sites\/16\/2018\/01\/Logo-sante-naturo-noir-SPAS.png","type":"","width":"","height":""}],"twitter_card":"summary_large_image","twitter_misc":{"Dur\u00e9e de lecture estim\u00e9e":"2 minutes"},"schema":{"@context":"https:\/\/schema.org","@graph":[{"@type":"WebPage","@id":"https:\/\/www.salon-medecinedouce.com\/marseille\/presse-partenaires\/nos-partenaires\/sante-naturo\/","url":"https:\/\/www.salon-medecinedouce.com\/marseille\/presse-partenaires\/nos-partenaires\/sante-naturo\/","name":"Sant\u00e9 Naturo - Bien-\u00eatre Marseille","isPartOf":{"@id":"https:\/\/www.salon-medecinedouce.com\/marseille\/#website"},"primaryImageOfPage":{"@id":"https:\/\/www.salon-medecinedouce.com\/marseille\/presse-partenaires\/nos-partenaires\/sante-naturo\/#primaryimage"},"image":{"@id":"https:\/\/www.salon-medecinedouce.com\/marseille\/presse-partenaires\/nos-partenaires\/sante-naturo\/#primaryimage"},"thumbnailUrl":"https:\/\/www.salon-medecinedouce.com\/wp-content\/uploads\/sites\/16\/2018\/01\/Logo-sante-naturo-noir-SPAS.png","datePublished":"2018-01-09T10:58:09+00:00","dateModified":"2018-01-09T11:00:49+00:00","breadcrumb":{"@id":"https:\/\/www.salon-medecinedouce.com\/marseille\/presse-partenaires\/nos-partenaires\/sante-naturo\/#breadcrumb"},"inLanguage":"fr-FR","potentialAction":[{"@type":"ReadAction","target":["https:\/\/www.salon-medecinedouce.com\/marseille\/presse-partenaires\/nos-partenaires\/sante-naturo\/"]}]},{"@type":"ImageObject","inLanguage":"fr-FR","@id":"https:\/\/www.salon-medecinedouce.com\/marseille\/presse-partenaires\/nos-partenaires\/sante-naturo\/#primaryimage","url":"https:\/\/www.salon-medecinedouce.com\/wp-content\/uploads\/sites\/16\/2018\/01\/Logo-sante-naturo-noir-SPAS.png","contentUrl":"https:\/\/www.salon-medecinedouce.com\/wp-content\/uploads\/sites\/16\/2018\/01\/Logo-sante-naturo-noir-SPAS.png"},{"@type":"BreadcrumbList","@id":"https:\/\/www.salon-medecinedouce.com\/marseille\/presse-partenaires\/nos-partenaires\/sante-naturo\/#breadcrumb","itemListElement":[{"@type":"ListItem","position":1,"name":"Accueil","item":"https:\/\/www.salon-medecinedouce.com\/marseille\/"},{"@type":"ListItem","position":2,"name":"Presse\/partenaires","item":"https:\/\/www.salon-medecinedouce.com\/marseille\/presse-partenaires\/"},{"@type":"ListItem","position":3,"name":"Nos partenaires","item":"https:\/\/www.salon-medecinedouce.com\/marseille\/presse-partenaires\/nos-partenaires\/"},{"@type":"ListItem","position":4,"name":"Sant\u00e9 Naturo"}]},{"@type":"WebSite","@id":"https:\/\/www.salon-medecinedouce.com\/marseille\/#website","url":"https:\/\/www.salon-medecinedouce.com\/marseille\/","name":"Bien-\u00eatre Marseille","description":"La sant\u00e9 au naturel : M\u00e9decines douces - Compl\u00e9ments alimentaires - Alimentation saine - Cosm\u00e9tiques naturelles - Art de vivre - Tourisme de sant\u00e9","publisher":{"@id":"https:\/\/www.salon-medecinedouce.com\/marseille\/#organization"},"potentialAction":[{"@type":"SearchAction","target":{"@type":"EntryPoint","urlTemplate":"https:\/\/www.salon-medecinedouce.com\/marseille\/?s={search_term_string}"},"query-input":{"@type":"PropertyValueSpecification","valueRequired":true,"valueName":"search_term_string"}}],"inLanguage":"fr-FR"},{"@type":"Organization","@id":"https:\/\/www.salon-medecinedouce.com\/marseille\/#organization","name":"Bien-\u00eatre Marseille","url":"https:\/\/www.salon-medecinedouce.com\/marseille\/","logo":{"@type":"ImageObject","inLanguage":"fr-FR","@id":"https:\/\/www.salon-medecinedouce.com\/marseille\/#\/schema\/logo\/image\/","url":"https:\/\/www.salon-medecinedouce.com\/marseille\/wp-content\/uploads\/sites\/16\/2023\/10\/logo-BEMD.png","contentUrl":"https:\/\/www.salon-medecinedouce.com\/marseille\/wp-content\/uploads\/sites\/16\/2023\/10\/logo-BEMD.png","width":199,"height":184,"caption":"Bien-\u00eatre Marseille"},"image":{"@id":"https:\/\/www.salon-medecinedouce.com\/marseille\/#\/schema\/logo\/image\/"}}]}},"rttpg_featured_image_url":null,"rttpg_author":{"display_name":"admin","author_link":"https:\/\/www.salon-medecinedouce.com\/marseille\/blog\/author\/admin\/"},"rttpg_comment":0,"rttpg_category":null,"rttpg_excerpt":"D\u00e9couvrez Sant\u00e9 Naturo, la nouvelle revue sant\u00e9 naturelle et int\u00e9grative chez votre m\u00e9decin, pharmacien, ou sur notre site. &gt; Sant\u00e9, Bien-\u00catre, Art de Vivre, Nature &lt; \u00ab Soyez le changement que vous voulez voir dans ce monde. \u00bb Gandhi. Le monde et la soci\u00e9t\u00e9 \u00e9voluent, des changements positifs ont lieu. Des prises de conscience dont&hellip;","_links":{"self":[{"href":"https:\/\/www.salon-medecinedouce.com\/marseille\/wp-json\/wp\/v2\/pages\/4787","targetHints":{"allow":["GET"]}}],"collection":[{"href":"https:\/\/www.salon-medecinedouce.com\/marseille\/wp-json\/wp\/v2\/pages"}],"about":[{"href":"https:\/\/www.salon-medecinedouce.com\/marseille\/wp-json\/wp\/v2\/types\/page"}],"author":[{"embeddable":true,"href":"https:\/\/www.salon-medecinedouce.com\/marseille\/wp-json\/wp\/v2\/users\/1"}],"replies":[{"embeddable":true,"href":"https:\/\/www.salon-medecinedouce.com\/marseille\/wp-json\/wp\/v2\/comments?post=4787"}],"version-history":[{"count":0,"href":"https:\/\/www.salon-medecinedouce.com\/marseille\/wp-json\/wp\/v2\/pages\/4787\/revisions"}],"up":[{"embeddable":true,"href":"https:\/\/www.salon-medecinedouce.com\/marseille\/wp-json\/wp\/v2\/pages\/2456"}],"wp:attachment":[{"href":"https:\/\/www.salon-medecinedouce.com\/marseille\/wp-json\/wp\/v2\/media?parent=4787"}],"curies":[{"name":"wp","href":"https:\/\/api.w.org\/{rel}","templated":true}]}}