{"id":3493,"date":"2017-03-01T10:33:56","date_gmt":"2017-03-01T09:33:56","guid":{"rendered":"http:\/\/localhost:8888\/marjolaine\/?page_id=3493"},"modified":"2022-01-17T17:42:13","modified_gmt":"2022-01-17T16:42:13","slug":"sites","status":"publish","type":"page","link":"https:\/\/www.salon-medecinedouce.com\/marseille\/presse-partenaires\/sites\/","title":{"rendered":"Sites recommand\u00e9s"},"content":{"rendered":"<h3><img fetchpriority=\"high\" decoding=\"async\" class=\"alignnone size-full wp-image-8644\" src=\"https:\/\/www.salon-medecinedouce.com\/marseille\/wp-content\/uploads\/sites\/16\/2019\/07\/AdobeStock_69586528.jpg\" alt=\"\" width=\"840\" height=\"250\" srcset=\"https:\/\/www.salon-medecinedouce.com\/marseille\/wp-content\/uploads\/sites\/16\/2019\/07\/AdobeStock_69586528.jpg 840w, https:\/\/www.salon-medecinedouce.com\/marseille\/wp-content\/uploads\/sites\/16\/2019\/07\/AdobeStock_69586528-300x89.jpg 300w, https:\/\/www.salon-medecinedouce.com\/marseille\/wp-content\/uploads\/sites\/16\/2019\/07\/AdobeStock_69586528-768x229.jpg 768w, https:\/\/www.salon-medecinedouce.com\/marseille\/wp-content\/uploads\/sites\/16\/2019\/07\/AdobeStock_69586528-150x45.jpg 150w, https:\/\/www.salon-medecinedouce.com\/marseille\/wp-content\/uploads\/sites\/16\/2019\/07\/AdobeStock_69586528-500x149.jpg 500w\" sizes=\"(max-width: 840px) 100vw, 840px\" \/><\/h3>\n<h3>La s\u00e9lection du web du salon Bien-\u00eatre<\/h3>\n<p><strong>Presse<\/strong><\/p>\n<p><strong><a href=\"https:\/\/sevellia.com\/\" target=\"_blank\" rel=\"noopener noreferrer\">www.sevellia.com<\/a>, la s\u00e9lection bio et naturelle avec plus de 600 vendeurs et 40 000 produits bio et bien-\u00eatre en ligne !<\/strong><\/p>\n<p>&nbsp;<\/p>\n<p><strong>Autres sites<\/strong><\/p>\n<table border=\"0\">\n<tbody>\n<tr>\n<td><a href=\"http:\/\/www.bien-etre-et-ecologie.com\/\" target=\"_blank\" rel=\"noopener noreferrer\">www.bien-etre-et-ecologie.com <\/a><br \/>\n<a href=\"http:\/\/www.generation-tao.com\/\" target=\"_blank\" rel=\"noopener noreferrer\">www.generation-tao.com <\/a><br \/>\n<a href=\"http:\/\/www.meditationfrance.com\/\" target=\"_blank\" rel=\"noopener noreferrer\">www.meditationfrance.com<\/a><\/p>\n<p><a href=\"http:\/\/www.acupuncture-france.com\/\" target=\"_blank\" rel=\"noopener noreferrer\">www.acupuncture-france.com <\/a><br \/>\n<a href=\"http:\/\/www.association-ressource.org\/\" target=\"_blank\" rel=\"noopener noreferrer\">www.association-ressource.org <\/a><br \/>\n<a href=\"http:\/\/www.ayurveda-france.org\/\" target=\"_blank\" rel=\"noopener noreferrer\">www.ayurveda-france.org <\/a><br \/>\n<a href=\"http:\/\/www.cfmtc.org\/\" target=\"_blank\" rel=\"noopener noreferrer\">www.cfmtc.org <\/a><br \/>\n<a href=\"http:\/\/www.etiopathie.com\/\" target=\"_blank\" rel=\"noopener noreferrer\">www.etiopathie.com <\/a><br \/>\n<a href=\"http:\/\/www.fidhy.fr\/\" target=\"_blank\" rel=\"noopener noreferrer\">www.fidhy.fr <\/a><br \/>\n<a href=\"http:\/\/www.hippocratus.com\/\" target=\"_blank\" rel=\"noopener noreferrer\">www.hippocratus.com<\/a><\/p>\n<p><a href=\"http:\/\/www.ifhe.net\/\">http:\/\/www.ifhe.net<\/a> \/<\/p>\n<p><a href=\"http:\/\/www.emdr-france.org\/\">http:\/\/www.emdr-france.org<\/a> \/<\/p>\n<\/td>\n<td><a href=\"http:\/\/www.soignez-vous.com\/\" target=\"_blank\" rel=\"noopener noreferrer\">www.soignez-vous.com <\/a><br \/>\n<a href=\"http:\/\/www.sortirsansgluten.com\/\" target=\"_blank\" rel=\"noopener noreferrer\">www.sortirsansgluten.com <\/a><br \/>\n<a href=\"http:\/\/www.votre-sante.com\/\" target=\"_blank\" rel=\"noopener noreferrer\">www.votre-sante.com<\/a><\/p>\n<p><a href=\"http:\/\/www.methode-mezieres.com\/\" target=\"_blank\" rel=\"noopener noreferrer\">www.methode-mezieres.com <\/a><br \/>\n<a href=\"http:\/\/www.odenth.com\/\" target=\"_blank\" rel=\"noopener noreferrer\">www.odenth.com <\/a><br \/>\n<a href=\"http:\/\/www.omnes.fr\/\" target=\"_blank\" rel=\"noopener noreferrer\">www.omnes.fr <\/a><br \/>\n<a href=\"http:\/\/www.osteopathie.org\/\" target=\"_blank\" rel=\"noopener noreferrer\">www.osteopathie.org <\/a><br \/>\n<a href=\"http:\/\/www.osteo-bebe.com\/\" target=\"_blank\" rel=\"noopener noreferrer\">www.osteo-bebe.com <\/a><br \/>\n<a href=\"http:\/\/www.phyto2000.org\/\" target=\"_blank\" rel=\"noopener noreferrer\">www.phyto2000.org <\/a><br \/>\n<a href=\"http:\/\/www.plante-sante.net\/\" target=\"_blank\" rel=\"noopener noreferrer\">www.plante-sante.net <\/a><br \/>\n<a href=\"http:\/\/www.ufpmtc.com\/\" target=\"_blank\" rel=\"noopener noreferrer\">www.ufpmtc.com<\/a><\/p>\n<p><a href=\"https:\/\/influencesante.fr\/\">www.influencesante.fr<\/a><\/p>\n<\/td>\n<\/tr>\n<\/tbody>\n<\/table>\n<p>&nbsp;<\/p>\n<p><a href=\"http:\/\/www.mamedecine.fr\/\">http:\/\/www.mamedecine.fr\/\u00a0<\/a>\u00a0l&rsquo;annuaire des professionnels des m\u00e9decines douces\u00a0<\/p>\n<div class=\"salon-accueil salon-entity-placement\" id=\"salon-3520603925\"><div id=\"salon-1040909081\"><a data-no-instant=\"1\" href=\"https:\/\/www.amac-formation.fr\/\" rel=\"noopener\" class=\"a2t-link\" target=\"_blank\"><p><img decoding=\"async\" class=\"aligncenter size-full wp-image-10787\" src=\"https:\/\/www.salon-medecinedouce.com\/marseille\/wp-content\/uploads\/sites\/16\/2023\/02\/Baniere-salon-du-bien-etre.png\" alt=\"amac-formation\" width=\"728\" height=\"90\" srcset=\"https:\/\/www.salon-medecinedouce.com\/marseille\/wp-content\/uploads\/sites\/16\/2023\/02\/Baniere-salon-du-bien-etre.png 728w, https:\/\/www.salon-medecinedouce.com\/marseille\/wp-content\/uploads\/sites\/16\/2023\/02\/Baniere-salon-du-bien-etre-300x37.png 300w, https:\/\/www.salon-medecinedouce.com\/marseille\/wp-content\/uploads\/sites\/16\/2023\/02\/Baniere-salon-du-bien-etre-150x19.png 150w, https:\/\/www.salon-medecinedouce.com\/marseille\/wp-content\/uploads\/sites\/16\/2023\/02\/Baniere-salon-du-bien-etre-500x62.png 500w\" sizes=\"(max-width: 728px) 100vw, 728px\" \/><\/p>\n<\/a><\/div><\/div>","protected":false},"excerpt":{"rendered":"<p>La s\u00e9lection du web du salon Bien-\u00eatre Presse www.sevellia.com, la s\u00e9lection bio et naturelle avec plus de 600 vendeurs et 40 000 produits bio et bien-\u00eatre en ligne ! &nbsp; Autres sites www.bien-etre-et-ecologie.com www.generation-tao.com www.meditationfrance.com www.acupuncture-france.com www.association-ressource.org www.ayurveda-france.org www.cfmtc.org www.etiopathie.com www.fidhy.fr www.hippocratus.com http:\/\/www.ifhe.net \/ http:\/\/www.emdr-france.org \/ www.soignez-vous.com www.sortirsansgluten.com www.votre-sante.com www.methode-mezieres.com www.odenth.com www.omnes.fr www.osteopathie.org www.osteo-bebe.com www.phyto2000.org&hellip; <\/p>\n","protected":false},"author":1,"featured_media":0,"parent":2091,"menu_order":3,"comment_status":"closed","ping_status":"closed","template":"","meta":{"_monsterinsights_skip_tracking":false,"_monsterinsights_sitenote_active":false,"_monsterinsights_sitenote_note":"","_monsterinsights_sitenote_category":0,"footnotes":""},"class_list":["post-3493","page","type-page","status-publish","hentry"],"yoast_head":"<!-- This site is optimized with the Yoast SEO plugin v27.5 - https:\/\/yoast.com\/product\/yoast-seo-wordpress\/ -->\n<title>Sites recommand\u00e9s - Bien-\u00eatre Marseille<\/title>\n<meta name=\"robots\" content=\"index, follow, max-snippet:-1, max-image-preview:large, max-video-preview:-1\" \/>\n<link rel=\"canonical\" href=\"https:\/\/www.salon-medecinedouce.com\/marseille\/presse-partenaires\/sites\/\" \/>\n<meta property=\"og:locale\" content=\"fr_FR\" \/>\n<meta property=\"og:type\" content=\"article\" \/>\n<meta property=\"og:title\" content=\"Sites recommand\u00e9s - Bien-\u00eatre Marseille\" \/>\n<meta property=\"og:description\" content=\"La s\u00e9lection du web du salon Bien-\u00eatre Presse www.sevellia.com, la s\u00e9lection bio et naturelle avec plus de 600 vendeurs et 40 000 produits bio et bien-\u00eatre en ligne ! &nbsp; Autres sites www.bien-etre-et-ecologie.com www.generation-tao.com www.meditationfrance.com www.acupuncture-france.com www.association-ressource.org www.ayurveda-france.org www.cfmtc.org www.etiopathie.com www.fidhy.fr www.hippocratus.com http:\/\/www.ifhe.net \/ http:\/\/www.emdr-france.org \/ www.soignez-vous.com www.sortirsansgluten.com www.votre-sante.com www.methode-mezieres.com www.odenth.com www.omnes.fr www.osteopathie.org www.osteo-bebe.com www.phyto2000.org&hellip;\" \/>\n<meta property=\"og:url\" content=\"https:\/\/www.salon-medecinedouce.com\/marseille\/presse-partenaires\/sites\/\" \/>\n<meta property=\"og:site_name\" content=\"Bien-\u00eatre Marseille\" \/>\n<meta property=\"article:modified_time\" content=\"2022-01-17T16:42:13+00:00\" \/>\n<meta property=\"og:image\" content=\"https:\/\/www.salon-medecinedouce.com\/marseille\/wp-content\/uploads\/sites\/16\/2019\/07\/AdobeStock_69586528.jpg\" \/>\n<meta name=\"twitter:card\" content=\"summary_large_image\" \/>\n<meta name=\"twitter:label1\" content=\"Dur\u00e9e de lecture estim\u00e9e\" \/>\n\t<meta name=\"twitter:data1\" content=\"1 minute\" \/>\n<script type=\"application\/ld+json\" class=\"yoast-schema-graph\">{\"@context\":\"https:\\\/\\\/schema.org\",\"@graph\":[{\"@type\":\"WebPage\",\"@id\":\"https:\\\/\\\/www.salon-medecinedouce.com\\\/marseille\\\/presse-partenaires\\\/sites\\\/\",\"url\":\"https:\\\/\\\/www.salon-medecinedouce.com\\\/marseille\\\/presse-partenaires\\\/sites\\\/\",\"name\":\"Sites recommand\u00e9s - Bien-\u00eatre Marseille\",\"isPartOf\":{\"@id\":\"https:\\\/\\\/www.salon-medecinedouce.com\\\/marseille\\\/#website\"},\"primaryImageOfPage\":{\"@id\":\"https:\\\/\\\/www.salon-medecinedouce.com\\\/marseille\\\/presse-partenaires\\\/sites\\\/#primaryimage\"},\"image\":{\"@id\":\"https:\\\/\\\/www.salon-medecinedouce.com\\\/marseille\\\/presse-partenaires\\\/sites\\\/#primaryimage\"},\"thumbnailUrl\":\"https:\\\/\\\/www.salon-medecinedouce.com\\\/marseille\\\/wp-content\\\/uploads\\\/sites\\\/16\\\/2019\\\/07\\\/AdobeStock_69586528.jpg\",\"datePublished\":\"2017-03-01T09:33:56+00:00\",\"dateModified\":\"2022-01-17T16:42:13+00:00\",\"breadcrumb\":{\"@id\":\"https:\\\/\\\/www.salon-medecinedouce.com\\\/marseille\\\/presse-partenaires\\\/sites\\\/#breadcrumb\"},\"inLanguage\":\"fr-FR\",\"potentialAction\":[{\"@type\":\"ReadAction\",\"target\":[\"https:\\\/\\\/www.salon-medecinedouce.com\\\/marseille\\\/presse-partenaires\\\/sites\\\/\"]}]},{\"@type\":\"ImageObject\",\"inLanguage\":\"fr-FR\",\"@id\":\"https:\\\/\\\/www.salon-medecinedouce.com\\\/marseille\\\/presse-partenaires\\\/sites\\\/#primaryimage\",\"url\":\"https:\\\/\\\/www.salon-medecinedouce.com\\\/marseille\\\/wp-content\\\/uploads\\\/sites\\\/16\\\/2019\\\/07\\\/AdobeStock_69586528.jpg\",\"contentUrl\":\"https:\\\/\\\/www.salon-medecinedouce.com\\\/marseille\\\/wp-content\\\/uploads\\\/sites\\\/16\\\/2019\\\/07\\\/AdobeStock_69586528.jpg\",\"width\":840,\"height\":250},{\"@type\":\"BreadcrumbList\",\"@id\":\"https:\\\/\\\/www.salon-medecinedouce.com\\\/marseille\\\/presse-partenaires\\\/sites\\\/#breadcrumb\",\"itemListElement\":[{\"@type\":\"ListItem\",\"position\":1,\"name\":\"Accueil\",\"item\":\"https:\\\/\\\/www.salon-medecinedouce.com\\\/marseille\\\/\"},{\"@type\":\"ListItem\",\"position\":2,\"name\":\"Presse\\\/partenaires\",\"item\":\"https:\\\/\\\/www.salon-medecinedouce.com\\\/marseille\\\/presse-partenaires\\\/\"},{\"@type\":\"ListItem\",\"position\":3,\"name\":\"Sites recommand\u00e9s\"}]},{\"@type\":\"WebSite\",\"@id\":\"https:\\\/\\\/www.salon-medecinedouce.com\\\/marseille\\\/#website\",\"url\":\"https:\\\/\\\/www.salon-medecinedouce.com\\\/marseille\\\/\",\"name\":\"Bien-\u00eatre Marseille\",\"description\":\"La sant\u00e9 au naturel : M\u00e9decines douces - Compl\u00e9ments alimentaires - Alimentation saine - Cosm\u00e9tiques naturelles - Art de vivre - Tourisme de sant\u00e9\",\"publisher\":{\"@id\":\"https:\\\/\\\/www.salon-medecinedouce.com\\\/marseille\\\/#organization\"},\"potentialAction\":[{\"@type\":\"SearchAction\",\"target\":{\"@type\":\"EntryPoint\",\"urlTemplate\":\"https:\\\/\\\/www.salon-medecinedouce.com\\\/marseille\\\/?s={search_term_string}\"},\"query-input\":{\"@type\":\"PropertyValueSpecification\",\"valueRequired\":true,\"valueName\":\"search_term_string\"}}],\"inLanguage\":\"fr-FR\"},{\"@type\":\"Organization\",\"@id\":\"https:\\\/\\\/www.salon-medecinedouce.com\\\/marseille\\\/#organization\",\"name\":\"Bien-\u00eatre Marseille\",\"url\":\"https:\\\/\\\/www.salon-medecinedouce.com\\\/marseille\\\/\",\"logo\":{\"@type\":\"ImageObject\",\"inLanguage\":\"fr-FR\",\"@id\":\"https:\\\/\\\/www.salon-medecinedouce.com\\\/marseille\\\/#\\\/schema\\\/logo\\\/image\\\/\",\"url\":\"https:\\\/\\\/www.salon-medecinedouce.com\\\/marseille\\\/wp-content\\\/uploads\\\/sites\\\/16\\\/2023\\\/10\\\/logo-BEMD.png\",\"contentUrl\":\"https:\\\/\\\/www.salon-medecinedouce.com\\\/marseille\\\/wp-content\\\/uploads\\\/sites\\\/16\\\/2023\\\/10\\\/logo-BEMD.png\",\"width\":199,\"height\":184,\"caption\":\"Bien-\u00eatre Marseille\"},\"image\":{\"@id\":\"https:\\\/\\\/www.salon-medecinedouce.com\\\/marseille\\\/#\\\/schema\\\/logo\\\/image\\\/\"}}]}<\/script>\n<!-- \/ Yoast SEO plugin. -->","yoast_head_json":{"title":"Sites recommand\u00e9s - Bien-\u00eatre Marseille","robots":{"index":"index","follow":"follow","max-snippet":"max-snippet:-1","max-image-preview":"max-image-preview:large","max-video-preview":"max-video-preview:-1"},"canonical":"https:\/\/www.salon-medecinedouce.com\/marseille\/presse-partenaires\/sites\/","og_locale":"fr_FR","og_type":"article","og_title":"Sites recommand\u00e9s - Bien-\u00eatre Marseille","og_description":"La s\u00e9lection du web du salon Bien-\u00eatre Presse www.sevellia.com, la s\u00e9lection bio et naturelle avec plus de 600 vendeurs et 40 000 produits bio et bien-\u00eatre en ligne ! &nbsp; Autres sites www.bien-etre-et-ecologie.com www.generation-tao.com www.meditationfrance.com www.acupuncture-france.com www.association-ressource.org www.ayurveda-france.org www.cfmtc.org www.etiopathie.com www.fidhy.fr www.hippocratus.com http:\/\/www.ifhe.net \/ http:\/\/www.emdr-france.org \/ www.soignez-vous.com www.sortirsansgluten.com www.votre-sante.com www.methode-mezieres.com www.odenth.com www.omnes.fr www.osteopathie.org www.osteo-bebe.com www.phyto2000.org&hellip;","og_url":"https:\/\/www.salon-medecinedouce.com\/marseille\/presse-partenaires\/sites\/","og_site_name":"Bien-\u00eatre Marseille","article_modified_time":"2022-01-17T16:42:13+00:00","og_image":[{"url":"https:\/\/www.salon-medecinedouce.com\/marseille\/wp-content\/uploads\/sites\/16\/2019\/07\/AdobeStock_69586528.jpg","type":"","width":"","height":""}],"twitter_card":"summary_large_image","twitter_misc":{"Dur\u00e9e de lecture estim\u00e9e":"1 minute"},"schema":{"@context":"https:\/\/schema.org","@graph":[{"@type":"WebPage","@id":"https:\/\/www.salon-medecinedouce.com\/marseille\/presse-partenaires\/sites\/","url":"https:\/\/www.salon-medecinedouce.com\/marseille\/presse-partenaires\/sites\/","name":"Sites recommand\u00e9s - Bien-\u00eatre Marseille","isPartOf":{"@id":"https:\/\/www.salon-medecinedouce.com\/marseille\/#website"},"primaryImageOfPage":{"@id":"https:\/\/www.salon-medecinedouce.com\/marseille\/presse-partenaires\/sites\/#primaryimage"},"image":{"@id":"https:\/\/www.salon-medecinedouce.com\/marseille\/presse-partenaires\/sites\/#primaryimage"},"thumbnailUrl":"https:\/\/www.salon-medecinedouce.com\/marseille\/wp-content\/uploads\/sites\/16\/2019\/07\/AdobeStock_69586528.jpg","datePublished":"2017-03-01T09:33:56+00:00","dateModified":"2022-01-17T16:42:13+00:00","breadcrumb":{"@id":"https:\/\/www.salon-medecinedouce.com\/marseille\/presse-partenaires\/sites\/#breadcrumb"},"inLanguage":"fr-FR","potentialAction":[{"@type":"ReadAction","target":["https:\/\/www.salon-medecinedouce.com\/marseille\/presse-partenaires\/sites\/"]}]},{"@type":"ImageObject","inLanguage":"fr-FR","@id":"https:\/\/www.salon-medecinedouce.com\/marseille\/presse-partenaires\/sites\/#primaryimage","url":"https:\/\/www.salon-medecinedouce.com\/marseille\/wp-content\/uploads\/sites\/16\/2019\/07\/AdobeStock_69586528.jpg","contentUrl":"https:\/\/www.salon-medecinedouce.com\/marseille\/wp-content\/uploads\/sites\/16\/2019\/07\/AdobeStock_69586528.jpg","width":840,"height":250},{"@type":"BreadcrumbList","@id":"https:\/\/www.salon-medecinedouce.com\/marseille\/presse-partenaires\/sites\/#breadcrumb","itemListElement":[{"@type":"ListItem","position":1,"name":"Accueil","item":"https:\/\/www.salon-medecinedouce.com\/marseille\/"},{"@type":"ListItem","position":2,"name":"Presse\/partenaires","item":"https:\/\/www.salon-medecinedouce.com\/marseille\/presse-partenaires\/"},{"@type":"ListItem","position":3,"name":"Sites recommand\u00e9s"}]},{"@type":"WebSite","@id":"https:\/\/www.salon-medecinedouce.com\/marseille\/#website","url":"https:\/\/www.salon-medecinedouce.com\/marseille\/","name":"Bien-\u00eatre Marseille","description":"La sant\u00e9 au naturel : M\u00e9decines douces - Compl\u00e9ments alimentaires - Alimentation saine - Cosm\u00e9tiques naturelles - Art de vivre - Tourisme de sant\u00e9","publisher":{"@id":"https:\/\/www.salon-medecinedouce.com\/marseille\/#organization"},"potentialAction":[{"@type":"SearchAction","target":{"@type":"EntryPoint","urlTemplate":"https:\/\/www.salon-medecinedouce.com\/marseille\/?s={search_term_string}"},"query-input":{"@type":"PropertyValueSpecification","valueRequired":true,"valueName":"search_term_string"}}],"inLanguage":"fr-FR"},{"@type":"Organization","@id":"https:\/\/www.salon-medecinedouce.com\/marseille\/#organization","name":"Bien-\u00eatre Marseille","url":"https:\/\/www.salon-medecinedouce.com\/marseille\/","logo":{"@type":"ImageObject","inLanguage":"fr-FR","@id":"https:\/\/www.salon-medecinedouce.com\/marseille\/#\/schema\/logo\/image\/","url":"https:\/\/www.salon-medecinedouce.com\/marseille\/wp-content\/uploads\/sites\/16\/2023\/10\/logo-BEMD.png","contentUrl":"https:\/\/www.salon-medecinedouce.com\/marseille\/wp-content\/uploads\/sites\/16\/2023\/10\/logo-BEMD.png","width":199,"height":184,"caption":"Bien-\u00eatre Marseille"},"image":{"@id":"https:\/\/www.salon-medecinedouce.com\/marseille\/#\/schema\/logo\/image\/"}}]}},"rttpg_featured_image_url":null,"rttpg_author":{"display_name":"admin","author_link":"https:\/\/www.salon-medecinedouce.com\/marseille\/blog\/author\/admin\/"},"rttpg_comment":0,"rttpg_category":null,"rttpg_excerpt":"La s\u00e9lection du web du salon Bien-\u00eatre Presse www.sevellia.com, la s\u00e9lection bio et naturelle avec plus de 600 vendeurs et 40 000 produits bio et bien-\u00eatre en ligne ! &nbsp; Autres sites www.bien-etre-et-ecologie.com www.generation-tao.com www.meditationfrance.com www.acupuncture-france.com www.association-ressource.org www.ayurveda-france.org www.cfmtc.org www.etiopathie.com www.fidhy.fr www.hippocratus.com http:\/\/www.ifhe.net \/ http:\/\/www.emdr-france.org \/ www.soignez-vous.com www.sortirsansgluten.com www.votre-sante.com www.methode-mezieres.com www.odenth.com www.omnes.fr www.osteopathie.org www.osteo-bebe.com www.phyto2000.org&hellip;","_links":{"self":[{"href":"https:\/\/www.salon-medecinedouce.com\/marseille\/wp-json\/wp\/v2\/pages\/3493","targetHints":{"allow":["GET"]}}],"collection":[{"href":"https:\/\/www.salon-medecinedouce.com\/marseille\/wp-json\/wp\/v2\/pages"}],"about":[{"href":"https:\/\/www.salon-medecinedouce.com\/marseille\/wp-json\/wp\/v2\/types\/page"}],"author":[{"embeddable":true,"href":"https:\/\/www.salon-medecinedouce.com\/marseille\/wp-json\/wp\/v2\/users\/1"}],"replies":[{"embeddable":true,"href":"https:\/\/www.salon-medecinedouce.com\/marseille\/wp-json\/wp\/v2\/comments?post=3493"}],"version-history":[{"count":9,"href":"https:\/\/www.salon-medecinedouce.com\/marseille\/wp-json\/wp\/v2\/pages\/3493\/revisions"}],"predecessor-version":[{"id":10188,"href":"https:\/\/www.salon-medecinedouce.com\/marseille\/wp-json\/wp\/v2\/pages\/3493\/revisions\/10188"}],"up":[{"embeddable":true,"href":"https:\/\/www.salon-medecinedouce.com\/marseille\/wp-json\/wp\/v2\/pages\/2091"}],"wp:attachment":[{"href":"https:\/\/www.salon-medecinedouce.com\/marseille\/wp-json\/wp\/v2\/media?parent=3493"}],"curies":[{"name":"wp","href":"https:\/\/api.w.org\/{rel}","templated":true}]}}