{"id":2458,"date":"2017-01-24T14:19:20","date_gmt":"2017-01-24T13:19:20","guid":{"rendered":"http:\/\/localhost:8888\/zen\/?page_id=2458"},"modified":"2024-02-09T16:07:51","modified_gmt":"2024-02-09T15:07:51","slug":"espace-presse","status":"publish","type":"page","link":"https:\/\/www.salon-medecinedouce.com\/marseille\/presse-partenaires\/espace-presse\/","title":{"rendered":"Espace presse"},"content":{"rendered":"<h3>Bienvenue dans l&rsquo;espace presse du salon Bien-\u00eatre M\u00e9decine douce\u00a0<\/h3>\n<p>Ici vous pouvez t\u00e9l\u00e9charger les visuels du salon pour vos usages d&rsquo;impression et de communication ainsi que les dossiers de presse au format .pdf<\/p>\n<h3>T\u00e9l\u00e9chargez les outils de communication du salon dont vous avez besoin pour communiquer sur votre pr\u00e9sence au salon.<\/h3>\n<h2><strong>Le salon Bien-\u00catre M\u00e9decine Douce 2024<\/strong><\/h2>\n<ul>\n<li><a href=\"https:\/\/www.salon-medecinedouce.com\/marseille\/wp-content\/uploads\/sites\/16\/2024\/02\/HD-AFFICHE-A4-MRS24_page-0001.jpg\" target=\"_blank\" rel=\"noopener\">Affiche du salon<\/a>\u00a0\n<p>\n<a href=\"https:\/\/www.salon-medecinedouce.com\/marseille\/wp-content\/uploads\/sites\/16\/2024\/02\/HD-AFFICHE-A4-MRS24_page-0001.jpg\" rel=\"attachment wp-att-11044\"><img fetchpriority=\"high\" decoding=\"async\" class=\"alignnone size-medium wp-image-11044\" src=\"https:\/\/www.salon-medecinedouce.com\/marseille\/wp-content\/uploads\/sites\/16\/2024\/02\/HD-AFFICHE-A4-MRS24_page-0001-216x300.jpg\" alt=\"\" width=\"216\" height=\"300\" srcset=\"https:\/\/www.salon-medecinedouce.com\/marseille\/wp-content\/uploads\/sites\/16\/2024\/02\/HD-AFFICHE-A4-MRS24_page-0001-216x300.jpg 216w, https:\/\/www.salon-medecinedouce.com\/marseille\/wp-content\/uploads\/sites\/16\/2024\/02\/HD-AFFICHE-A4-MRS24_page-0001-738x1024.jpg 738w, https:\/\/www.salon-medecinedouce.com\/marseille\/wp-content\/uploads\/sites\/16\/2024\/02\/HD-AFFICHE-A4-MRS24_page-0001-768x1065.jpg 768w, https:\/\/www.salon-medecinedouce.com\/marseille\/wp-content\/uploads\/sites\/16\/2024\/02\/HD-AFFICHE-A4-MRS24_page-0001-1107x1536.jpg 1107w, https:\/\/www.salon-medecinedouce.com\/marseille\/wp-content\/uploads\/sites\/16\/2024\/02\/HD-AFFICHE-A4-MRS24_page-0001-150x208.jpg 150w, https:\/\/www.salon-medecinedouce.com\/marseille\/wp-content\/uploads\/sites\/16\/2024\/02\/HD-AFFICHE-A4-MRS24_page-0001-360x500.jpg 360w, https:\/\/www.salon-medecinedouce.com\/marseille\/wp-content\/uploads\/sites\/16\/2024\/02\/HD-AFFICHE-A4-MRS24_page-0001.jpg 1328w\" sizes=\"(max-width: 216px) 100vw, 216px\" \/><\/a><\/li>\n<\/ul>\n<ul>\n<li><a href=\"https:\/\/www.salon-medecinedouce.com\/marseille\/wp-content\/uploads\/sites\/16\/2022\/10\/logo-vert.png\" target=\"_blank\" rel=\"noopener\">Logo<\/a>\u00a0\u00a0<\/li>\n<\/ul>\n<p><img decoding=\"async\" class=\"alignnone  wp-image-10272\" src=\"https:\/\/www.salon-medecinedouce.com\/marseille\/wp-content\/uploads\/sites\/16\/2022\/10\/logo-vert-300x300.png\" alt=\"\" width=\"206\" height=\"206\" srcset=\"https:\/\/www.salon-medecinedouce.com\/marseille\/wp-content\/uploads\/sites\/16\/2022\/10\/logo-vert-300x300.png 300w, https:\/\/www.salon-medecinedouce.com\/marseille\/wp-content\/uploads\/sites\/16\/2022\/10\/logo-vert-150x150.png 150w, https:\/\/www.salon-medecinedouce.com\/marseille\/wp-content\/uploads\/sites\/16\/2022\/10\/logo-vert-500x500.png 500w, https:\/\/www.salon-medecinedouce.com\/marseille\/wp-content\/uploads\/sites\/16\/2022\/10\/logo-vert-45x45.png 45w, https:\/\/www.salon-medecinedouce.com\/marseille\/wp-content\/uploads\/sites\/16\/2022\/10\/logo-vert.png 591w\" sizes=\"(max-width: 206px) 100vw, 206px\" \/><\/p>\n<ul>\n<li><a href=\"https:\/\/www.salon-medecinedouce.com\/marseille\/wp-content\/uploads\/sites\/16\/2024\/02\/BE24-BAN-300x600-MRS-CTA.jpg\" target=\"_blank\" rel=\"noopener\">Banni\u00e8re web 300\u00d7600<\/a><\/li>\n<\/ul>\n<p><a href=\"https:\/\/www.salon-medecinedouce.com\/marseille\/wp-content\/uploads\/sites\/16\/2024\/02\/BE24-BAN-300x600-MRS-CTA.jpg\" rel=\"attachment wp-att-11042\"><img decoding=\"async\" class=\"alignnone  wp-image-11042\" src=\"https:\/\/www.salon-medecinedouce.com\/marseille\/wp-content\/uploads\/sites\/16\/2024\/02\/BE24-BAN-300x600-MRS-CTA-150x300.jpg\" alt=\"\" width=\"174\" height=\"348\" srcset=\"https:\/\/www.salon-medecinedouce.com\/marseille\/wp-content\/uploads\/sites\/16\/2024\/02\/BE24-BAN-300x600-MRS-CTA-150x300.jpg 150w, https:\/\/www.salon-medecinedouce.com\/marseille\/wp-content\/uploads\/sites\/16\/2024\/02\/BE24-BAN-300x600-MRS-CTA-250x500.jpg 250w, https:\/\/www.salon-medecinedouce.com\/marseille\/wp-content\/uploads\/sites\/16\/2024\/02\/BE24-BAN-300x600-MRS-CTA.jpg 300w\" sizes=\"(max-width: 174px) 100vw, 174px\" \/><\/a><\/p>\n<p>\n<\/p>\n<ul>\n<li><a href=\"https:\/\/www.salon-medecinedouce.com\/marseille\/wp-content\/uploads\/sites\/16\/2024\/02\/BE24-BAN-300x250-MRS-CTA.jpg\" target=\"_blank\" rel=\"noopener\">Banni\u00e8re web 300\u00d7250<\/a><\/li>\n<\/ul>\n<p><a href=\"https:\/\/www.salon-medecinedouce.com\/marseille\/wp-content\/uploads\/sites\/16\/2024\/02\/BE24-BAN-300x250-MRS-CTA.jpg\" rel=\"attachment wp-att-11041\"><img loading=\"lazy\" decoding=\"async\" class=\"alignnone size-full wp-image-11041\" src=\"https:\/\/www.salon-medecinedouce.com\/marseille\/wp-content\/uploads\/sites\/16\/2024\/02\/BE24-BAN-300x250-MRS-CTA.jpg\" alt=\"\" width=\"300\" height=\"250\" srcset=\"https:\/\/www.salon-medecinedouce.com\/marseille\/wp-content\/uploads\/sites\/16\/2024\/02\/BE24-BAN-300x250-MRS-CTA.jpg 300w, https:\/\/www.salon-medecinedouce.com\/marseille\/wp-content\/uploads\/sites\/16\/2024\/02\/BE24-BAN-300x250-MRS-CTA-150x125.jpg 150w\" sizes=\"(max-width: 300px) 100vw, 300px\" \/><\/a><\/p>\n<ul>\n<li><a href=\"https:\/\/www.salon-medecinedouce.com\/marseille\/wp-content\/uploads\/sites\/16\/2024\/02\/BE24-BAN-728x90-MRS-CTA.jpg\" target=\"_blank\" rel=\"noopener\">Banni\u00e8re web 728\u00d790<\/a><\/li>\n<\/ul>\n<p><a href=\"https:\/\/www.salon-medecinedouce.com\/marseille\/wp-content\/uploads\/sites\/16\/2024\/02\/BE24-BAN-728x90-MRS-CTA.jpg\" rel=\"attachment wp-att-11043\"><img loading=\"lazy\" decoding=\"async\" class=\"alignnone  wp-image-11043\" src=\"https:\/\/www.salon-medecinedouce.com\/marseille\/wp-content\/uploads\/sites\/16\/2024\/02\/BE24-BAN-728x90-MRS-CTA-300x37.jpg\" alt=\"\" width=\"438\" height=\"54\" srcset=\"https:\/\/www.salon-medecinedouce.com\/marseille\/wp-content\/uploads\/sites\/16\/2024\/02\/BE24-BAN-728x90-MRS-CTA-300x37.jpg 300w, https:\/\/www.salon-medecinedouce.com\/marseille\/wp-content\/uploads\/sites\/16\/2024\/02\/BE24-BAN-728x90-MRS-CTA-150x19.jpg 150w, https:\/\/www.salon-medecinedouce.com\/marseille\/wp-content\/uploads\/sites\/16\/2024\/02\/BE24-BAN-728x90-MRS-CTA-500x62.jpg 500w, https:\/\/www.salon-medecinedouce.com\/marseille\/wp-content\/uploads\/sites\/16\/2024\/02\/BE24-BAN-728x90-MRS-CTA.jpg 728w\" sizes=\"(max-width: 438px) 100vw, 438px\" \/><\/a><\/p>\n<p>&nbsp;<\/p>\n<h3><strong>Consultez les Communiqu\u00e9s de Presse du salon Bien-\u00catre M\u00e9decine Douce Marseille :<\/strong><\/h3>\n<p>&nbsp;<\/p>\n<ul>\n<li>\n<h4>\u00c9dition 2023<br \/>\n<a style=\"font-size: 17px; font-weight: 400;\" href=\"https:\/\/www.salon-medecinedouce.com\/marseille\/wp-content\/uploads\/sites\/16\/2023\/02\/CP-BEMD-Marseille-2023_140223_compressed.pdf\" target=\"_blank\" rel=\"noopener\">&gt;&gt; Communiqu\u00e9 de Presse du 14 f\u00e9vrier 2023 &#8211; le grand rendez-vous du bien-\u00eatre et des m\u00e9decines douces\u00a0<\/a><\/p>\n<\/h4>\n<\/li>\n<\/ul>\n<ul>\n<li>\n<h4>\u00c9dition 2022<br \/>\n<a style=\"font-size: 17px; font-weight: 400;\" href=\"https:\/\/www.salon-medecinedouce.com\/marseille\/wp-content\/uploads\/sites\/16\/2021\/11\/CP-BEMD-2022-Marseille-agenda_181121.pdf\" target=\"_blank\" rel=\"noopener\">&gt;&gt; Communiqu\u00e9 de Presse du 18 novembre 2021 \u2013 3 jours pour se faire plaisir, se laisser surprendre, et (re)d\u00e9couvrir les m\u00e9decines compl\u00e9mentaires<\/a><\/h4>\n<\/li>\n<\/ul>\n<ul>\n<li>\n<h4>\u00c9dition 2021<br \/>\n<a style=\"font-size: 17px; font-weight: 400;\" href=\"https:\/\/www.salon-medecinedouce.com\/marseille\/wp-content\/uploads\/sites\/16\/2020\/11\/CP-BEMD-report_121120_compressed.pdf\" target=\"_blank\" rel=\"noopener noreferrer\">&gt;&gt; Novembre 2020 &#8211; Communiqu\u00e9 de presse report du salon Bien-\u00catre M\u00e9decine Douce Marseille<\/a><\/h4>\n<\/li>\n<\/ul>\n<ul>\n<li>\n<h4>\u00c9dition 2020<br \/>\n<a style=\"font-size: 17px; font-weight: 400;\" href=\"https:\/\/www.salon-medecinedouce.com\/marseille\/wp-content\/uploads\/sites\/16\/2020\/02\/Communique\u0301-de-presse-salon-Bien-E\u0302tre-Marseille-janvier-2020.pdf\" target=\"_blank\" rel=\"noopener noreferrer\">&gt;&gt; Janvier 2020 &#8211; Consultez le communiqu\u00e9 de presse &#8211; La sant\u00e9 au naturel pour la premi\u00e8re fois \u00e0 Marseille<\/a><\/h4>\n<\/li>\n<\/ul>\n<h3>\u00a0<\/h3>\n<table style=\"width: 100%;\">\n<tbody>\n<tr>\n<td style=\"width: 31.2121%;\" width=\"232\">\n<p>&nbsp;<\/p>\n<p>CONTACTS M\u00c9DIAS<\/p>\n<p><strong>Agence COROMANDEL<\/strong><\/p>\n<p>&nbsp;<\/p>\n<\/td>\n<td style=\"width: 36.8182%;\" width=\"232\">\n<p>&nbsp;<\/p>\n<p>Alexandra Langlois<\/p>\n<p>T. : 06 62 88 36 90<\/p>\n<p><a href=\"mailto:a.alanglois@coromandel-rp.fr\">a.langlois@coromandel-rp.fr<\/a><\/p>\n<p>&nbsp;<\/p>\n<\/td>\n<td style=\"width: 31.8181%;\" width=\"232\">\n<p>&nbsp;<\/p>\n<p>J\u00e9r\u00f4me Aub\u00e9<\/p>\n<p>T. : 06 29 82 76 55<\/p>\n<p><a href=\"mailto:j.aube@coromandel-rp.fr\">j.aube@coromandel-rp.fr<\/a><\/p>\n<p>&nbsp;<\/p>\n<\/td>\n<\/tr>\n<\/tbody>\n<\/table>\n<h3>\u00a0<\/h3>\n<h3>\u00a0<\/h3>\n<div class=\"salon-accueil salon-entity-placement\" id=\"salon-698489868\"><div id=\"salon-3012710563\"><a data-no-instant=\"1\" href=\"https:\/\/www.amac-formation.fr\/\" rel=\"noopener\" class=\"a2t-link\" target=\"_blank\"><p><img loading=\"lazy\" decoding=\"async\" class=\"aligncenter size-full wp-image-10787\" src=\"https:\/\/www.salon-medecinedouce.com\/marseille\/wp-content\/uploads\/sites\/16\/2023\/02\/Baniere-salon-du-bien-etre.png\" alt=\"amac-formation\" width=\"728\" height=\"90\" srcset=\"https:\/\/www.salon-medecinedouce.com\/marseille\/wp-content\/uploads\/sites\/16\/2023\/02\/Baniere-salon-du-bien-etre.png 728w, https:\/\/www.salon-medecinedouce.com\/marseille\/wp-content\/uploads\/sites\/16\/2023\/02\/Baniere-salon-du-bien-etre-300x37.png 300w, https:\/\/www.salon-medecinedouce.com\/marseille\/wp-content\/uploads\/sites\/16\/2023\/02\/Baniere-salon-du-bien-etre-150x19.png 150w, https:\/\/www.salon-medecinedouce.com\/marseille\/wp-content\/uploads\/sites\/16\/2023\/02\/Baniere-salon-du-bien-etre-500x62.png 500w\" sizes=\"(max-width: 728px) 100vw, 728px\" \/><\/p>\n<\/a><\/div><\/div>","protected":false},"excerpt":{"rendered":"<p>Bienvenue dans l&rsquo;espace presse du salon Bien-\u00eatre M\u00e9decine douce\u00a0 Ici vous pouvez t\u00e9l\u00e9charger les visuels du salon pour vos usages d&rsquo;impression et de communication ainsi que les dossiers de presse au format .pdf T\u00e9l\u00e9chargez les outils de communication du salon dont vous avez besoin pour communiquer sur votre pr\u00e9sence au salon. Le salon Bien-\u00catre M\u00e9decine&hellip; <\/p>\n","protected":false},"author":1,"featured_media":0,"parent":2091,"menu_order":2,"comment_status":"closed","ping_status":"closed","template":"","meta":{"_monsterinsights_skip_tracking":false,"_monsterinsights_sitenote_active":false,"_monsterinsights_sitenote_note":"","_monsterinsights_sitenote_category":0,"footnotes":""},"class_list":["post-2458","page","type-page","status-publish","hentry"],"yoast_head":"<!-- This site is optimized with the Yoast SEO plugin v27.5 - https:\/\/yoast.com\/product\/yoast-seo-wordpress\/ -->\n<title>Espace presse - Bien-\u00eatre Marseille<\/title>\n<meta name=\"robots\" content=\"index, follow, max-snippet:-1, max-image-preview:large, max-video-preview:-1\" \/>\n<link rel=\"canonical\" href=\"https:\/\/www.salon-medecinedouce.com\/marseille\/presse-partenaires\/espace-presse\/\" \/>\n<meta property=\"og:locale\" content=\"fr_FR\" \/>\n<meta property=\"og:type\" content=\"article\" \/>\n<meta property=\"og:title\" content=\"Espace presse - Bien-\u00eatre Marseille\" \/>\n<meta property=\"og:description\" content=\"Bienvenue dans l&rsquo;espace presse du salon Bien-\u00eatre M\u00e9decine douce\u00a0 Ici vous pouvez t\u00e9l\u00e9charger les visuels du salon pour vos usages d&rsquo;impression et de communication ainsi que les dossiers de presse au format .pdf T\u00e9l\u00e9chargez les outils de communication du salon dont vous avez besoin pour communiquer sur votre pr\u00e9sence au salon. Le salon Bien-\u00catre M\u00e9decine&hellip;\" \/>\n<meta property=\"og:url\" content=\"https:\/\/www.salon-medecinedouce.com\/marseille\/presse-partenaires\/espace-presse\/\" \/>\n<meta property=\"og:site_name\" content=\"Bien-\u00eatre Marseille\" \/>\n<meta property=\"article:modified_time\" content=\"2024-02-09T15:07:51+00:00\" \/>\n<meta property=\"og:image\" content=\"https:\/\/www.salon-medecinedouce.com\/marseille\/wp-content\/uploads\/sites\/16\/2024\/02\/HD-AFFICHE-A4-MRS24_page-0001-216x300.jpg\" \/>\n<meta name=\"twitter:card\" content=\"summary_large_image\" \/>\n<meta name=\"twitter:label1\" content=\"Dur\u00e9e de lecture estim\u00e9e\" \/>\n\t<meta name=\"twitter:data1\" content=\"2 minutes\" \/>\n<script type=\"application\/ld+json\" class=\"yoast-schema-graph\">{\"@context\":\"https:\\\/\\\/schema.org\",\"@graph\":[{\"@type\":\"WebPage\",\"@id\":\"https:\\\/\\\/www.salon-medecinedouce.com\\\/marseille\\\/presse-partenaires\\\/espace-presse\\\/\",\"url\":\"https:\\\/\\\/www.salon-medecinedouce.com\\\/marseille\\\/presse-partenaires\\\/espace-presse\\\/\",\"name\":\"Espace presse - Bien-\u00eatre Marseille\",\"isPartOf\":{\"@id\":\"https:\\\/\\\/www.salon-medecinedouce.com\\\/marseille\\\/#website\"},\"primaryImageOfPage\":{\"@id\":\"https:\\\/\\\/www.salon-medecinedouce.com\\\/marseille\\\/presse-partenaires\\\/espace-presse\\\/#primaryimage\"},\"image\":{\"@id\":\"https:\\\/\\\/www.salon-medecinedouce.com\\\/marseille\\\/presse-partenaires\\\/espace-presse\\\/#primaryimage\"},\"thumbnailUrl\":\"https:\\\/\\\/www.salon-medecinedouce.com\\\/marseille\\\/wp-content\\\/uploads\\\/sites\\\/16\\\/2024\\\/02\\\/HD-AFFICHE-A4-MRS24_page-0001-216x300.jpg\",\"datePublished\":\"2017-01-24T13:19:20+00:00\",\"dateModified\":\"2024-02-09T15:07:51+00:00\",\"breadcrumb\":{\"@id\":\"https:\\\/\\\/www.salon-medecinedouce.com\\\/marseille\\\/presse-partenaires\\\/espace-presse\\\/#breadcrumb\"},\"inLanguage\":\"fr-FR\",\"potentialAction\":[{\"@type\":\"ReadAction\",\"target\":[\"https:\\\/\\\/www.salon-medecinedouce.com\\\/marseille\\\/presse-partenaires\\\/espace-presse\\\/\"]}]},{\"@type\":\"ImageObject\",\"inLanguage\":\"fr-FR\",\"@id\":\"https:\\\/\\\/www.salon-medecinedouce.com\\\/marseille\\\/presse-partenaires\\\/espace-presse\\\/#primaryimage\",\"url\":\"https:\\\/\\\/www.salon-medecinedouce.com\\\/marseille\\\/wp-content\\\/uploads\\\/sites\\\/16\\\/2024\\\/02\\\/HD-AFFICHE-A4-MRS24_page-0001.jpg\",\"contentUrl\":\"https:\\\/\\\/www.salon-medecinedouce.com\\\/marseille\\\/wp-content\\\/uploads\\\/sites\\\/16\\\/2024\\\/02\\\/HD-AFFICHE-A4-MRS24_page-0001.jpg\",\"width\":1328,\"height\":1842},{\"@type\":\"BreadcrumbList\",\"@id\":\"https:\\\/\\\/www.salon-medecinedouce.com\\\/marseille\\\/presse-partenaires\\\/espace-presse\\\/#breadcrumb\",\"itemListElement\":[{\"@type\":\"ListItem\",\"position\":1,\"name\":\"Accueil\",\"item\":\"https:\\\/\\\/www.salon-medecinedouce.com\\\/marseille\\\/\"},{\"@type\":\"ListItem\",\"position\":2,\"name\":\"Presse\\\/partenaires\",\"item\":\"https:\\\/\\\/www.salon-medecinedouce.com\\\/marseille\\\/presse-partenaires\\\/\"},{\"@type\":\"ListItem\",\"position\":3,\"name\":\"Espace presse\"}]},{\"@type\":\"WebSite\",\"@id\":\"https:\\\/\\\/www.salon-medecinedouce.com\\\/marseille\\\/#website\",\"url\":\"https:\\\/\\\/www.salon-medecinedouce.com\\\/marseille\\\/\",\"name\":\"Bien-\u00eatre Marseille\",\"description\":\"La sant\u00e9 au naturel : M\u00e9decines douces - Compl\u00e9ments alimentaires - Alimentation saine - Cosm\u00e9tiques naturelles - Art de vivre - Tourisme de sant\u00e9\",\"publisher\":{\"@id\":\"https:\\\/\\\/www.salon-medecinedouce.com\\\/marseille\\\/#organization\"},\"potentialAction\":[{\"@type\":\"SearchAction\",\"target\":{\"@type\":\"EntryPoint\",\"urlTemplate\":\"https:\\\/\\\/www.salon-medecinedouce.com\\\/marseille\\\/?s={search_term_string}\"},\"query-input\":{\"@type\":\"PropertyValueSpecification\",\"valueRequired\":true,\"valueName\":\"search_term_string\"}}],\"inLanguage\":\"fr-FR\"},{\"@type\":\"Organization\",\"@id\":\"https:\\\/\\\/www.salon-medecinedouce.com\\\/marseille\\\/#organization\",\"name\":\"Bien-\u00eatre Marseille\",\"url\":\"https:\\\/\\\/www.salon-medecinedouce.com\\\/marseille\\\/\",\"logo\":{\"@type\":\"ImageObject\",\"inLanguage\":\"fr-FR\",\"@id\":\"https:\\\/\\\/www.salon-medecinedouce.com\\\/marseille\\\/#\\\/schema\\\/logo\\\/image\\\/\",\"url\":\"https:\\\/\\\/www.salon-medecinedouce.com\\\/marseille\\\/wp-content\\\/uploads\\\/sites\\\/16\\\/2023\\\/10\\\/logo-BEMD.png\",\"contentUrl\":\"https:\\\/\\\/www.salon-medecinedouce.com\\\/marseille\\\/wp-content\\\/uploads\\\/sites\\\/16\\\/2023\\\/10\\\/logo-BEMD.png\",\"width\":199,\"height\":184,\"caption\":\"Bien-\u00eatre Marseille\"},\"image\":{\"@id\":\"https:\\\/\\\/www.salon-medecinedouce.com\\\/marseille\\\/#\\\/schema\\\/logo\\\/image\\\/\"}}]}<\/script>\n<!-- \/ Yoast SEO plugin. -->","yoast_head_json":{"title":"Espace presse - Bien-\u00eatre Marseille","robots":{"index":"index","follow":"follow","max-snippet":"max-snippet:-1","max-image-preview":"max-image-preview:large","max-video-preview":"max-video-preview:-1"},"canonical":"https:\/\/www.salon-medecinedouce.com\/marseille\/presse-partenaires\/espace-presse\/","og_locale":"fr_FR","og_type":"article","og_title":"Espace presse - Bien-\u00eatre Marseille","og_description":"Bienvenue dans l&rsquo;espace presse du salon Bien-\u00eatre M\u00e9decine douce\u00a0 Ici vous pouvez t\u00e9l\u00e9charger les visuels du salon pour vos usages d&rsquo;impression et de communication ainsi que les dossiers de presse au format .pdf T\u00e9l\u00e9chargez les outils de communication du salon dont vous avez besoin pour communiquer sur votre pr\u00e9sence au salon. Le salon Bien-\u00catre M\u00e9decine&hellip;","og_url":"https:\/\/www.salon-medecinedouce.com\/marseille\/presse-partenaires\/espace-presse\/","og_site_name":"Bien-\u00eatre Marseille","article_modified_time":"2024-02-09T15:07:51+00:00","og_image":[{"url":"https:\/\/www.salon-medecinedouce.com\/marseille\/wp-content\/uploads\/sites\/16\/2024\/02\/HD-AFFICHE-A4-MRS24_page-0001-216x300.jpg","type":"","width":"","height":""}],"twitter_card":"summary_large_image","twitter_misc":{"Dur\u00e9e de lecture estim\u00e9e":"2 minutes"},"schema":{"@context":"https:\/\/schema.org","@graph":[{"@type":"WebPage","@id":"https:\/\/www.salon-medecinedouce.com\/marseille\/presse-partenaires\/espace-presse\/","url":"https:\/\/www.salon-medecinedouce.com\/marseille\/presse-partenaires\/espace-presse\/","name":"Espace presse - Bien-\u00eatre Marseille","isPartOf":{"@id":"https:\/\/www.salon-medecinedouce.com\/marseille\/#website"},"primaryImageOfPage":{"@id":"https:\/\/www.salon-medecinedouce.com\/marseille\/presse-partenaires\/espace-presse\/#primaryimage"},"image":{"@id":"https:\/\/www.salon-medecinedouce.com\/marseille\/presse-partenaires\/espace-presse\/#primaryimage"},"thumbnailUrl":"https:\/\/www.salon-medecinedouce.com\/marseille\/wp-content\/uploads\/sites\/16\/2024\/02\/HD-AFFICHE-A4-MRS24_page-0001-216x300.jpg","datePublished":"2017-01-24T13:19:20+00:00","dateModified":"2024-02-09T15:07:51+00:00","breadcrumb":{"@id":"https:\/\/www.salon-medecinedouce.com\/marseille\/presse-partenaires\/espace-presse\/#breadcrumb"},"inLanguage":"fr-FR","potentialAction":[{"@type":"ReadAction","target":["https:\/\/www.salon-medecinedouce.com\/marseille\/presse-partenaires\/espace-presse\/"]}]},{"@type":"ImageObject","inLanguage":"fr-FR","@id":"https:\/\/www.salon-medecinedouce.com\/marseille\/presse-partenaires\/espace-presse\/#primaryimage","url":"https:\/\/www.salon-medecinedouce.com\/marseille\/wp-content\/uploads\/sites\/16\/2024\/02\/HD-AFFICHE-A4-MRS24_page-0001.jpg","contentUrl":"https:\/\/www.salon-medecinedouce.com\/marseille\/wp-content\/uploads\/sites\/16\/2024\/02\/HD-AFFICHE-A4-MRS24_page-0001.jpg","width":1328,"height":1842},{"@type":"BreadcrumbList","@id":"https:\/\/www.salon-medecinedouce.com\/marseille\/presse-partenaires\/espace-presse\/#breadcrumb","itemListElement":[{"@type":"ListItem","position":1,"name":"Accueil","item":"https:\/\/www.salon-medecinedouce.com\/marseille\/"},{"@type":"ListItem","position":2,"name":"Presse\/partenaires","item":"https:\/\/www.salon-medecinedouce.com\/marseille\/presse-partenaires\/"},{"@type":"ListItem","position":3,"name":"Espace presse"}]},{"@type":"WebSite","@id":"https:\/\/www.salon-medecinedouce.com\/marseille\/#website","url":"https:\/\/www.salon-medecinedouce.com\/marseille\/","name":"Bien-\u00eatre Marseille","description":"La sant\u00e9 au naturel : M\u00e9decines douces - Compl\u00e9ments alimentaires - Alimentation saine - Cosm\u00e9tiques naturelles - Art de vivre - Tourisme de sant\u00e9","publisher":{"@id":"https:\/\/www.salon-medecinedouce.com\/marseille\/#organization"},"potentialAction":[{"@type":"SearchAction","target":{"@type":"EntryPoint","urlTemplate":"https:\/\/www.salon-medecinedouce.com\/marseille\/?s={search_term_string}"},"query-input":{"@type":"PropertyValueSpecification","valueRequired":true,"valueName":"search_term_string"}}],"inLanguage":"fr-FR"},{"@type":"Organization","@id":"https:\/\/www.salon-medecinedouce.com\/marseille\/#organization","name":"Bien-\u00eatre Marseille","url":"https:\/\/www.salon-medecinedouce.com\/marseille\/","logo":{"@type":"ImageObject","inLanguage":"fr-FR","@id":"https:\/\/www.salon-medecinedouce.com\/marseille\/#\/schema\/logo\/image\/","url":"https:\/\/www.salon-medecinedouce.com\/marseille\/wp-content\/uploads\/sites\/16\/2023\/10\/logo-BEMD.png","contentUrl":"https:\/\/www.salon-medecinedouce.com\/marseille\/wp-content\/uploads\/sites\/16\/2023\/10\/logo-BEMD.png","width":199,"height":184,"caption":"Bien-\u00eatre Marseille"},"image":{"@id":"https:\/\/www.salon-medecinedouce.com\/marseille\/#\/schema\/logo\/image\/"}}]}},"rttpg_featured_image_url":null,"rttpg_author":{"display_name":"admin","author_link":"https:\/\/www.salon-medecinedouce.com\/marseille\/blog\/author\/admin\/"},"rttpg_comment":0,"rttpg_category":null,"rttpg_excerpt":"Bienvenue dans l&rsquo;espace presse du salon Bien-\u00eatre M\u00e9decine douce\u00a0 Ici vous pouvez t\u00e9l\u00e9charger les visuels du salon pour vos usages d&rsquo;impression et de communication ainsi que les dossiers de presse au format .pdf T\u00e9l\u00e9chargez les outils de communication du salon dont vous avez besoin pour communiquer sur votre pr\u00e9sence au salon. Le salon Bien-\u00catre M\u00e9decine&hellip;","_links":{"self":[{"href":"https:\/\/www.salon-medecinedouce.com\/marseille\/wp-json\/wp\/v2\/pages\/2458","targetHints":{"allow":["GET"]}}],"collection":[{"href":"https:\/\/www.salon-medecinedouce.com\/marseille\/wp-json\/wp\/v2\/pages"}],"about":[{"href":"https:\/\/www.salon-medecinedouce.com\/marseille\/wp-json\/wp\/v2\/types\/page"}],"author":[{"embeddable":true,"href":"https:\/\/www.salon-medecinedouce.com\/marseille\/wp-json\/wp\/v2\/users\/1"}],"replies":[{"embeddable":true,"href":"https:\/\/www.salon-medecinedouce.com\/marseille\/wp-json\/wp\/v2\/comments?post=2458"}],"version-history":[{"count":59,"href":"https:\/\/www.salon-medecinedouce.com\/marseille\/wp-json\/wp\/v2\/pages\/2458\/revisions"}],"predecessor-version":[{"id":11046,"href":"https:\/\/www.salon-medecinedouce.com\/marseille\/wp-json\/wp\/v2\/pages\/2458\/revisions\/11046"}],"up":[{"embeddable":true,"href":"https:\/\/www.salon-medecinedouce.com\/marseille\/wp-json\/wp\/v2\/pages\/2091"}],"wp:attachment":[{"href":"https:\/\/www.salon-medecinedouce.com\/marseille\/wp-json\/wp\/v2\/media?parent=2458"}],"curies":[{"name":"wp","href":"https:\/\/api.w.org\/{rel}","templated":true}]}}