{"id":2438,"date":"2017-01-24T14:15:59","date_gmt":"2017-01-24T13:15:59","guid":{"rendered":"http:\/\/localhost:8888\/zen\/?page_id=2438"},"modified":"2024-02-09T11:45:37","modified_gmt":"2024-02-09T10:45:37","slug":"exposant_atelier","status":"publish","type":"page","link":"https:\/\/www.salon-medecinedouce.com\/marseille\/exposants\/exposant_atelier\/","title":{"rendered":"R\u00e9servez un atelier sur le salon"},"content":{"rendered":"<h2><img fetchpriority=\"high\" decoding=\"async\" class=\"alignnone size-full wp-image-8646\" src=\"https:\/\/www.salon-medecinedouce.com\/marseille\/wp-content\/uploads\/sites\/16\/2019\/07\/AdobeStock_147099277.jpg\" alt=\"\" width=\"840\" height=\"250\" srcset=\"https:\/\/www.salon-medecinedouce.com\/marseille\/wp-content\/uploads\/sites\/16\/2019\/07\/AdobeStock_147099277.jpg 840w, https:\/\/www.salon-medecinedouce.com\/marseille\/wp-content\/uploads\/sites\/16\/2019\/07\/AdobeStock_147099277-300x89.jpg 300w, https:\/\/www.salon-medecinedouce.com\/marseille\/wp-content\/uploads\/sites\/16\/2019\/07\/AdobeStock_147099277-768x229.jpg 768w, https:\/\/www.salon-medecinedouce.com\/marseille\/wp-content\/uploads\/sites\/16\/2019\/07\/AdobeStock_147099277-150x45.jpg 150w, https:\/\/www.salon-medecinedouce.com\/marseille\/wp-content\/uploads\/sites\/16\/2019\/07\/AdobeStock_147099277-500x149.jpg 500w\" sizes=\"(max-width: 840px) 100vw, 840px\" \/><\/h2>\n<h2>Pr\u00e9sentation des ateliers<\/h2>\n<p>Que vous soyez exposant ou non, pensez \u00e0 r\u00e9server un atelier pour pr\u00e9senter vos m\u00e9thodes de travail ou vos produits.<\/p>\n<p>Une salle d&rsquo;environ 80 m\u00b2 est mise \u00e0 votre disposition pendant 50 minutes.<br \/>\nElle vous permet d&rsquo;accueillir jusqu&rsquo;\u00e0 80 personnes, l&rsquo;acc\u00e8s \u00e9tant gratuit pour les visiteurs.<\/p>\n<p>La salle est \u00e9quip\u00e9e de chaises, de 2 tables, d&rsquo;une petite sono et d&rsquo;un paper-board. Attention, l&rsquo;obscurit\u00e9 dans la salle est impossible.<\/p>\n<p>&nbsp;<\/p>\n<h2><a href=\"http:\/\/www.salon-medecinedouce.com\/marseille\/exposants\/demandez-votre-dossier-d-inscription\/\" target=\"_blank\" rel=\"noopener noreferrer\">R\u00e9servation<\/a><\/h2>\n<h3><a href=\"http:\/\/www.salon-medecinedouce.com\/marseille\/exposants\/demandez-votre-dossier-d-inscription\/\">Pour recevoir un dossier d&rsquo;inscription, il vous suffit de cliquer pour remplir ce<\/a><a href=\"http:\/\/www.salon-medecinedouce.com\/marseille\/exposants\/demandez-votre-dossier-d-inscription\/\" target=\"_blank\" rel=\"noopener noreferrer\">\u00a0formulaire<\/a>.<\/h3>\n<p style=\"font-weight: 400;\">Date limite de r\u00e9servation pour appara\u00eetre dans le programme : mi-f\u00e9vrier 2024.<\/p>\n<p style=\"font-weight: 400;\">Au-del\u00e0 de cette date, vous ne serez pas annonc\u00e9 sur le l\u2019invitation officielle du Salon. Vous serez tout de m\u00eame annonc\u00e9 sur le guide visiteurs et le site internet<\/p>\n<p>La r\u00e9servation d&rsquo;un atelier se fait dans la limite des disponibilit\u00e9s \u00e0 la date de votre inscription et sous r\u00e9serve de l&rsquo;acceptation du Comit\u00e9 de S\u00e9lection.<\/p>\n<p><strong>Pour r\u00e9server un atelier ou pour toute demande d&rsquo;information compl\u00e9mentaire, merci de nous contacter : <a href=\"mailto:vkhath@spas-expo.com\">vkhath@spas-expo.com<\/a>\u00a0ou au 01 45 56 09 09.<\/strong><\/p>\n<div class=\"salon-accueil salon-entity-placement\" id=\"salon-3976278872\"><div id=\"salon-3888556129\"><a data-no-instant=\"1\" href=\"https:\/\/www.amac-formation.fr\/\" rel=\"noopener\" class=\"a2t-link\" target=\"_blank\"><p><img decoding=\"async\" class=\"aligncenter size-full wp-image-10787\" src=\"https:\/\/www.salon-medecinedouce.com\/marseille\/wp-content\/uploads\/sites\/16\/2023\/02\/Baniere-salon-du-bien-etre.png\" alt=\"amac-formation\" width=\"728\" height=\"90\" srcset=\"https:\/\/www.salon-medecinedouce.com\/marseille\/wp-content\/uploads\/sites\/16\/2023\/02\/Baniere-salon-du-bien-etre.png 728w, https:\/\/www.salon-medecinedouce.com\/marseille\/wp-content\/uploads\/sites\/16\/2023\/02\/Baniere-salon-du-bien-etre-300x37.png 300w, https:\/\/www.salon-medecinedouce.com\/marseille\/wp-content\/uploads\/sites\/16\/2023\/02\/Baniere-salon-du-bien-etre-150x19.png 150w, https:\/\/www.salon-medecinedouce.com\/marseille\/wp-content\/uploads\/sites\/16\/2023\/02\/Baniere-salon-du-bien-etre-500x62.png 500w\" sizes=\"(max-width: 728px) 100vw, 728px\" \/><\/p>\n<\/a><\/div><\/div>","protected":false},"excerpt":{"rendered":"<p>Pr\u00e9sentation des ateliers Que vous soyez exposant ou non, pensez \u00e0 r\u00e9server un atelier pour pr\u00e9senter vos m\u00e9thodes de travail ou vos produits. Une salle d&rsquo;environ 80 m\u00b2 est mise \u00e0 votre disposition pendant 50 minutes. Elle vous permet d&rsquo;accueillir jusqu&rsquo;\u00e0 80 personnes, l&rsquo;acc\u00e8s \u00e9tant gratuit pour les visiteurs. La salle est \u00e9quip\u00e9e de chaises,&hellip; <\/p>\n","protected":false},"author":1,"featured_media":0,"parent":2087,"menu_order":3,"comment_status":"closed","ping_status":"closed","template":"","meta":{"_monsterinsights_skip_tracking":false,"_monsterinsights_sitenote_active":false,"_monsterinsights_sitenote_note":"","_monsterinsights_sitenote_category":0,"footnotes":""},"class_list":["post-2438","page","type-page","status-publish","hentry"],"yoast_head":"<!-- This site is optimized with the Yoast SEO plugin v27.3 - https:\/\/yoast.com\/product\/yoast-seo-wordpress\/ -->\n<title>R\u00e9servez un atelier sur le salon - Bien-\u00eatre Marseille<\/title>\n<meta name=\"robots\" content=\"index, follow, max-snippet:-1, max-image-preview:large, max-video-preview:-1\" \/>\n<link rel=\"canonical\" href=\"https:\/\/www.salon-medecinedouce.com\/marseille\/exposants\/exposant_atelier\/\" \/>\n<meta property=\"og:locale\" content=\"fr_FR\" \/>\n<meta property=\"og:type\" content=\"article\" \/>\n<meta property=\"og:title\" content=\"R\u00e9servez un atelier sur le salon - Bien-\u00eatre Marseille\" \/>\n<meta property=\"og:description\" content=\"Pr\u00e9sentation des ateliers Que vous soyez exposant ou non, pensez \u00e0 r\u00e9server un atelier pour pr\u00e9senter vos m\u00e9thodes de travail ou vos produits. Une salle d&rsquo;environ 80 m\u00b2 est mise \u00e0 votre disposition pendant 50 minutes. Elle vous permet d&rsquo;accueillir jusqu&rsquo;\u00e0 80 personnes, l&rsquo;acc\u00e8s \u00e9tant gratuit pour les visiteurs. La salle est \u00e9quip\u00e9e de chaises,&hellip;\" \/>\n<meta property=\"og:url\" content=\"https:\/\/www.salon-medecinedouce.com\/marseille\/exposants\/exposant_atelier\/\" \/>\n<meta property=\"og:site_name\" content=\"Bien-\u00eatre Marseille\" \/>\n<meta property=\"article:modified_time\" content=\"2024-02-09T10:45:37+00:00\" \/>\n<meta property=\"og:image\" content=\"https:\/\/www.salon-medecinedouce.com\/marseille\/wp-content\/uploads\/sites\/16\/2019\/07\/AdobeStock_147099277.jpg\" \/>\n<meta name=\"twitter:card\" content=\"summary_large_image\" \/>\n<meta name=\"twitter:label1\" content=\"Dur\u00e9e de lecture estim\u00e9e\" \/>\n\t<meta name=\"twitter:data1\" content=\"2 minutes\" \/>\n<script type=\"application\/ld+json\" class=\"yoast-schema-graph\">{\"@context\":\"https:\\\/\\\/schema.org\",\"@graph\":[{\"@type\":\"WebPage\",\"@id\":\"https:\\\/\\\/www.salon-medecinedouce.com\\\/marseille\\\/exposants\\\/exposant_atelier\\\/\",\"url\":\"https:\\\/\\\/www.salon-medecinedouce.com\\\/marseille\\\/exposants\\\/exposant_atelier\\\/\",\"name\":\"R\u00e9servez un atelier sur le salon - Bien-\u00eatre Marseille\",\"isPartOf\":{\"@id\":\"https:\\\/\\\/www.salon-medecinedouce.com\\\/marseille\\\/#website\"},\"primaryImageOfPage\":{\"@id\":\"https:\\\/\\\/www.salon-medecinedouce.com\\\/marseille\\\/exposants\\\/exposant_atelier\\\/#primaryimage\"},\"image\":{\"@id\":\"https:\\\/\\\/www.salon-medecinedouce.com\\\/marseille\\\/exposants\\\/exposant_atelier\\\/#primaryimage\"},\"thumbnailUrl\":\"https:\\\/\\\/www.salon-medecinedouce.com\\\/marseille\\\/wp-content\\\/uploads\\\/sites\\\/16\\\/2019\\\/07\\\/AdobeStock_147099277.jpg\",\"datePublished\":\"2017-01-24T13:15:59+00:00\",\"dateModified\":\"2024-02-09T10:45:37+00:00\",\"breadcrumb\":{\"@id\":\"https:\\\/\\\/www.salon-medecinedouce.com\\\/marseille\\\/exposants\\\/exposant_atelier\\\/#breadcrumb\"},\"inLanguage\":\"fr-FR\",\"potentialAction\":[{\"@type\":\"ReadAction\",\"target\":[\"https:\\\/\\\/www.salon-medecinedouce.com\\\/marseille\\\/exposants\\\/exposant_atelier\\\/\"]}]},{\"@type\":\"ImageObject\",\"inLanguage\":\"fr-FR\",\"@id\":\"https:\\\/\\\/www.salon-medecinedouce.com\\\/marseille\\\/exposants\\\/exposant_atelier\\\/#primaryimage\",\"url\":\"https:\\\/\\\/www.salon-medecinedouce.com\\\/marseille\\\/wp-content\\\/uploads\\\/sites\\\/16\\\/2019\\\/07\\\/AdobeStock_147099277.jpg\",\"contentUrl\":\"https:\\\/\\\/www.salon-medecinedouce.com\\\/marseille\\\/wp-content\\\/uploads\\\/sites\\\/16\\\/2019\\\/07\\\/AdobeStock_147099277.jpg\",\"width\":840,\"height\":250},{\"@type\":\"BreadcrumbList\",\"@id\":\"https:\\\/\\\/www.salon-medecinedouce.com\\\/marseille\\\/exposants\\\/exposant_atelier\\\/#breadcrumb\",\"itemListElement\":[{\"@type\":\"ListItem\",\"position\":1,\"name\":\"Accueil\",\"item\":\"https:\\\/\\\/www.salon-medecinedouce.com\\\/marseille\\\/\"},{\"@type\":\"ListItem\",\"position\":2,\"name\":\"Exposer sur le salon\",\"item\":\"https:\\\/\\\/www.salon-medecinedouce.com\\\/marseille\\\/exposants\\\/\"},{\"@type\":\"ListItem\",\"position\":3,\"name\":\"R\u00e9servez un atelier sur le salon\"}]},{\"@type\":\"WebSite\",\"@id\":\"https:\\\/\\\/www.salon-medecinedouce.com\\\/marseille\\\/#website\",\"url\":\"https:\\\/\\\/www.salon-medecinedouce.com\\\/marseille\\\/\",\"name\":\"Bien-\u00eatre Marseille\",\"description\":\"La sant\u00e9 au naturel : M\u00e9decines douces - Compl\u00e9ments alimentaires - Alimentation saine - Cosm\u00e9tiques naturelles - Art de vivre - Tourisme de sant\u00e9\",\"publisher\":{\"@id\":\"https:\\\/\\\/www.salon-medecinedouce.com\\\/marseille\\\/#organization\"},\"potentialAction\":[{\"@type\":\"SearchAction\",\"target\":{\"@type\":\"EntryPoint\",\"urlTemplate\":\"https:\\\/\\\/www.salon-medecinedouce.com\\\/marseille\\\/?s={search_term_string}\"},\"query-input\":{\"@type\":\"PropertyValueSpecification\",\"valueRequired\":true,\"valueName\":\"search_term_string\"}}],\"inLanguage\":\"fr-FR\"},{\"@type\":\"Organization\",\"@id\":\"https:\\\/\\\/www.salon-medecinedouce.com\\\/marseille\\\/#organization\",\"name\":\"Bien-\u00eatre Marseille\",\"url\":\"https:\\\/\\\/www.salon-medecinedouce.com\\\/marseille\\\/\",\"logo\":{\"@type\":\"ImageObject\",\"inLanguage\":\"fr-FR\",\"@id\":\"https:\\\/\\\/www.salon-medecinedouce.com\\\/marseille\\\/#\\\/schema\\\/logo\\\/image\\\/\",\"url\":\"https:\\\/\\\/www.salon-medecinedouce.com\\\/marseille\\\/wp-content\\\/uploads\\\/sites\\\/16\\\/2023\\\/10\\\/logo-BEMD.png\",\"contentUrl\":\"https:\\\/\\\/www.salon-medecinedouce.com\\\/marseille\\\/wp-content\\\/uploads\\\/sites\\\/16\\\/2023\\\/10\\\/logo-BEMD.png\",\"width\":199,\"height\":184,\"caption\":\"Bien-\u00eatre Marseille\"},\"image\":{\"@id\":\"https:\\\/\\\/www.salon-medecinedouce.com\\\/marseille\\\/#\\\/schema\\\/logo\\\/image\\\/\"}}]}<\/script>\n<!-- \/ Yoast SEO plugin. -->","yoast_head_json":{"title":"R\u00e9servez un atelier sur le salon - Bien-\u00eatre Marseille","robots":{"index":"index","follow":"follow","max-snippet":"max-snippet:-1","max-image-preview":"max-image-preview:large","max-video-preview":"max-video-preview:-1"},"canonical":"https:\/\/www.salon-medecinedouce.com\/marseille\/exposants\/exposant_atelier\/","og_locale":"fr_FR","og_type":"article","og_title":"R\u00e9servez un atelier sur le salon - Bien-\u00eatre Marseille","og_description":"Pr\u00e9sentation des ateliers Que vous soyez exposant ou non, pensez \u00e0 r\u00e9server un atelier pour pr\u00e9senter vos m\u00e9thodes de travail ou vos produits. Une salle d&rsquo;environ 80 m\u00b2 est mise \u00e0 votre disposition pendant 50 minutes. Elle vous permet d&rsquo;accueillir jusqu&rsquo;\u00e0 80 personnes, l&rsquo;acc\u00e8s \u00e9tant gratuit pour les visiteurs. La salle est \u00e9quip\u00e9e de chaises,&hellip;","og_url":"https:\/\/www.salon-medecinedouce.com\/marseille\/exposants\/exposant_atelier\/","og_site_name":"Bien-\u00eatre Marseille","article_modified_time":"2024-02-09T10:45:37+00:00","og_image":[{"url":"https:\/\/www.salon-medecinedouce.com\/marseille\/wp-content\/uploads\/sites\/16\/2019\/07\/AdobeStock_147099277.jpg","type":"","width":"","height":""}],"twitter_card":"summary_large_image","twitter_misc":{"Dur\u00e9e de lecture estim\u00e9e":"2 minutes"},"schema":{"@context":"https:\/\/schema.org","@graph":[{"@type":"WebPage","@id":"https:\/\/www.salon-medecinedouce.com\/marseille\/exposants\/exposant_atelier\/","url":"https:\/\/www.salon-medecinedouce.com\/marseille\/exposants\/exposant_atelier\/","name":"R\u00e9servez un atelier sur le salon - Bien-\u00eatre Marseille","isPartOf":{"@id":"https:\/\/www.salon-medecinedouce.com\/marseille\/#website"},"primaryImageOfPage":{"@id":"https:\/\/www.salon-medecinedouce.com\/marseille\/exposants\/exposant_atelier\/#primaryimage"},"image":{"@id":"https:\/\/www.salon-medecinedouce.com\/marseille\/exposants\/exposant_atelier\/#primaryimage"},"thumbnailUrl":"https:\/\/www.salon-medecinedouce.com\/marseille\/wp-content\/uploads\/sites\/16\/2019\/07\/AdobeStock_147099277.jpg","datePublished":"2017-01-24T13:15:59+00:00","dateModified":"2024-02-09T10:45:37+00:00","breadcrumb":{"@id":"https:\/\/www.salon-medecinedouce.com\/marseille\/exposants\/exposant_atelier\/#breadcrumb"},"inLanguage":"fr-FR","potentialAction":[{"@type":"ReadAction","target":["https:\/\/www.salon-medecinedouce.com\/marseille\/exposants\/exposant_atelier\/"]}]},{"@type":"ImageObject","inLanguage":"fr-FR","@id":"https:\/\/www.salon-medecinedouce.com\/marseille\/exposants\/exposant_atelier\/#primaryimage","url":"https:\/\/www.salon-medecinedouce.com\/marseille\/wp-content\/uploads\/sites\/16\/2019\/07\/AdobeStock_147099277.jpg","contentUrl":"https:\/\/www.salon-medecinedouce.com\/marseille\/wp-content\/uploads\/sites\/16\/2019\/07\/AdobeStock_147099277.jpg","width":840,"height":250},{"@type":"BreadcrumbList","@id":"https:\/\/www.salon-medecinedouce.com\/marseille\/exposants\/exposant_atelier\/#breadcrumb","itemListElement":[{"@type":"ListItem","position":1,"name":"Accueil","item":"https:\/\/www.salon-medecinedouce.com\/marseille\/"},{"@type":"ListItem","position":2,"name":"Exposer sur le salon","item":"https:\/\/www.salon-medecinedouce.com\/marseille\/exposants\/"},{"@type":"ListItem","position":3,"name":"R\u00e9servez un atelier sur le salon"}]},{"@type":"WebSite","@id":"https:\/\/www.salon-medecinedouce.com\/marseille\/#website","url":"https:\/\/www.salon-medecinedouce.com\/marseille\/","name":"Bien-\u00eatre Marseille","description":"La sant\u00e9 au naturel : M\u00e9decines douces - Compl\u00e9ments alimentaires - Alimentation saine - Cosm\u00e9tiques naturelles - Art de vivre - Tourisme de sant\u00e9","publisher":{"@id":"https:\/\/www.salon-medecinedouce.com\/marseille\/#organization"},"potentialAction":[{"@type":"SearchAction","target":{"@type":"EntryPoint","urlTemplate":"https:\/\/www.salon-medecinedouce.com\/marseille\/?s={search_term_string}"},"query-input":{"@type":"PropertyValueSpecification","valueRequired":true,"valueName":"search_term_string"}}],"inLanguage":"fr-FR"},{"@type":"Organization","@id":"https:\/\/www.salon-medecinedouce.com\/marseille\/#organization","name":"Bien-\u00eatre Marseille","url":"https:\/\/www.salon-medecinedouce.com\/marseille\/","logo":{"@type":"ImageObject","inLanguage":"fr-FR","@id":"https:\/\/www.salon-medecinedouce.com\/marseille\/#\/schema\/logo\/image\/","url":"https:\/\/www.salon-medecinedouce.com\/marseille\/wp-content\/uploads\/sites\/16\/2023\/10\/logo-BEMD.png","contentUrl":"https:\/\/www.salon-medecinedouce.com\/marseille\/wp-content\/uploads\/sites\/16\/2023\/10\/logo-BEMD.png","width":199,"height":184,"caption":"Bien-\u00eatre Marseille"},"image":{"@id":"https:\/\/www.salon-medecinedouce.com\/marseille\/#\/schema\/logo\/image\/"}}]}},"rttpg_featured_image_url":null,"rttpg_author":{"display_name":"admin","author_link":"https:\/\/www.salon-medecinedouce.com\/marseille\/blog\/author\/admin\/"},"rttpg_comment":0,"rttpg_category":null,"rttpg_excerpt":"Pr\u00e9sentation des ateliers Que vous soyez exposant ou non, pensez \u00e0 r\u00e9server un atelier pour pr\u00e9senter vos m\u00e9thodes de travail ou vos produits. Une salle d&rsquo;environ 80 m\u00b2 est mise \u00e0 votre disposition pendant 50 minutes. Elle vous permet d&rsquo;accueillir jusqu&rsquo;\u00e0 80 personnes, l&rsquo;acc\u00e8s \u00e9tant gratuit pour les visiteurs. La salle est \u00e9quip\u00e9e de chaises,&hellip;","_links":{"self":[{"href":"https:\/\/www.salon-medecinedouce.com\/marseille\/wp-json\/wp\/v2\/pages\/2438","targetHints":{"allow":["GET"]}}],"collection":[{"href":"https:\/\/www.salon-medecinedouce.com\/marseille\/wp-json\/wp\/v2\/pages"}],"about":[{"href":"https:\/\/www.salon-medecinedouce.com\/marseille\/wp-json\/wp\/v2\/types\/page"}],"author":[{"embeddable":true,"href":"https:\/\/www.salon-medecinedouce.com\/marseille\/wp-json\/wp\/v2\/users\/1"}],"replies":[{"embeddable":true,"href":"https:\/\/www.salon-medecinedouce.com\/marseille\/wp-json\/wp\/v2\/comments?post=2438"}],"version-history":[{"count":12,"href":"https:\/\/www.salon-medecinedouce.com\/marseille\/wp-json\/wp\/v2\/pages\/2438\/revisions"}],"predecessor-version":[{"id":11025,"href":"https:\/\/www.salon-medecinedouce.com\/marseille\/wp-json\/wp\/v2\/pages\/2438\/revisions\/11025"}],"up":[{"embeddable":true,"href":"https:\/\/www.salon-medecinedouce.com\/marseille\/wp-json\/wp\/v2\/pages\/2087"}],"wp:attachment":[{"href":"https:\/\/www.salon-medecinedouce.com\/marseille\/wp-json\/wp\/v2\/media?parent=2438"}],"curies":[{"name":"wp","href":"https:\/\/api.w.org\/{rel}","templated":true}]}}