{"id":11015,"date":"2024-02-09T11:21:45","date_gmt":"2024-02-09T10:21:45","guid":{"rendered":"https:\/\/www.salon-medecinedouce.com\/marseille\/?page_id=11015"},"modified":"2024-03-06T12:31:21","modified_gmt":"2024-03-06T11:31:21","slug":"le-tremplin-du-bien-etre","status":"publish","type":"page","link":"https:\/\/www.salon-medecinedouce.com\/marseille\/le-tremplin-du-bien-etre\/","title":{"rendered":"Le Tremplin du bien-\u00eatre"},"content":{"rendered":"<div class=\"page-header\">\n<div class=\"breadcrumb home\"><img fetchpriority=\"high\" decoding=\"async\" class=\"aligncenter size-full wp-image-6217\" style=\"font-size: 24px; font-weight: bold;\" src=\"https:\/\/www.salon-medecinedouce.com\/lyon\/wp-content\/uploads\/sites\/12\/2018\/06\/Fotolia_100725192_Subscription_Monthly_M1-1.jpg\" alt=\"\" width=\"830\" height=\"253\" srcset=\"https:\/\/www.salon-medecinedouce.com\/marseille\/wp-content\/uploads\/sites\/16\/2018\/06\/Fotolia_100725192_Subscription_Monthly_M1-1.jpg 830w, https:\/\/www.salon-medecinedouce.com\/marseille\/wp-content\/uploads\/sites\/16\/2018\/06\/Fotolia_100725192_Subscription_Monthly_M1-1-300x91.jpg 300w, https:\/\/www.salon-medecinedouce.com\/marseille\/wp-content\/uploads\/sites\/16\/2018\/06\/Fotolia_100725192_Subscription_Monthly_M1-1-768x234.jpg 768w, https:\/\/www.salon-medecinedouce.com\/marseille\/wp-content\/uploads\/sites\/16\/2018\/06\/Fotolia_100725192_Subscription_Monthly_M1-1-150x46.jpg 150w, https:\/\/www.salon-medecinedouce.com\/marseille\/wp-content\/uploads\/sites\/16\/2018\/06\/Fotolia_100725192_Subscription_Monthly_M1-1-500x152.jpg 500w\" sizes=\"(max-width: 830px) 100vw, 830px\" \/><\/div>\n<\/div>\n<div id=\"primary\"><main id=\"main\"><\/p>\n<section id=\"post-9917\" class=\"post-9917 page type-page status-publish has-post-thumbnail hentry\">\n<article>\n<div class=\"entry-content clearfix\">\n<h3>D\u00e9couvrez en exclusivit\u00e9 sur le salon Bien-\u00catre M\u00e9decine Douce, les produits innovants dans le domaine du bien-\u00eatre lanc\u00e9s r\u00e9cemment sur le march\u00e9.<\/h3>\n<\/div>\n<\/article>\n<\/section>\n<p><\/main><\/div>\n<p>&nbsp;<\/p>\n<p>&nbsp;<\/p>\n<p>&nbsp;<\/p>\n<p>&nbsp;<\/p>\n<p><strong><span style=\"font-size: 14pt;\">AT ZOHRA&rsquo;S\u2013 Stand A13<\/span><\/strong><\/p>\n<p><span style=\"font-size: 14pt;\"><a href=\"http:\/\/www.atzohras.fr\" target=\"_blank\" rel=\"noopener\">www.atzohras.fr<\/a><\/span><\/p>\n<p><strong><span style=\"font-size: 14pt;\">BCKL\u2013 Stand A31<\/span><\/strong><\/p>\n<p><span style=\"font-size: 14pt;\"><a href=\"https:\/\/bckl.bike\/\" target=\"_blank\" rel=\"noopener\">https:\/\/bckl.bike\/<\/a><\/span><\/p>\n<p><span style=\"font-size: 14pt;\">V\u00e9lo \u00e9lectrique B.C.K.L : le bien-\u00eatre en mouvement au quotidien.<\/span><\/p>\n<p><strong><span style=\"font-size: 14pt;\">COPE INTERNATIONAL \u2013 Stand A25<\/span><\/strong><\/p>\n<p><a href=\"https:\/\/veegreen.fr\/\" target=\"_blank\" rel=\"noopener\">https:\/\/veegreen.fr\/<\/a><\/p>\n<p><span style=\"font-size: 14pt;\">Confection et commercialisation de produit de bien \u00eatre naturel comme de la sauge blanche du Palo santo et du Mat\u00e9 Bio. Nous sommes en train de confectionner un mat\u00e9 Made in france, enti\u00e8rement confectionn\u00e9 en Haute-Loire disponible pour le salon de Marseille<\/span><\/p>\n<p><strong><span style=\"font-size: 14pt;\">GREEN MORANGO CBD \u2013 A11<\/span><\/strong><\/p>\n<p><a href=\"https:\/\/greenmorango.fr\" target=\"_blank\" rel=\"noopener\"><span style=\"font-size: 14pt;\">https:\/\/greenmorango.fr<\/span><\/a><\/p>\n<p><span style=\"font-size: 14pt;\">Producteurs et transformateurs de chanvre th\u00e9rapeutiques. Nous transformons nos produits de mani\u00e8re totalement artisanale et biologique (miel, huiles, th\u00e9, tisane, caramel, rhum).<\/span><\/p>\n<p><strong><span style=\"font-size: 14pt;\">L&rsquo;OR\u00c9E DU SUD- A17<\/span><\/strong><\/p>\n<p><span style=\"font-size: 14pt;\"><a href=\"http:\/\/www.loreedusud.com\" target=\"_blank\" rel=\"noopener\">www.loreedusud.com<\/a><\/span><\/p>\n<p><span style=\"font-size: 14pt;\">Fabriqu\u00e9s \u00e0 la main, nos cosm\u00e9tiques BIO et efficaces sont issus d&rsquo;ingr\u00e9dients principalement Fran\u00e7ais. Cette s\u00e9lection rigoureuse vous garantit des produits de grande qualit\u00e9. Revenez \u00e0 l&rsquo;essentiel en adoptant une routine simple et pratique<\/span><\/p>\n<p><strong><span style=\"font-size: 14pt;\">OLF\u00cb- A23<\/span><\/strong><\/p>\n<p><a href=\"https:\/\/www.xn--olf-lma.com\/\" target=\"_blank\" rel=\"noopener\"><span style=\"font-size: 14pt;\">www.olf\u00eb.com<\/span><\/a><\/p>\n<p><span style=\"font-size: 14pt;\">Olf\u00eb, bijou olfactif original et unique,cr\u00e9e et fabriqu\u00e9 en France. Des bijoux bien-\u00eatre diffuseurs d&rsquo;huile essentielle pour g\u00e9rer ses \u00e9motions, augmenter son potentiel gr\u00e2ce \u00e0 l&rsquo;olfacthot\u00e9rapie.<\/span><\/p>\n<p><strong><span style=\"font-size: 14pt;\">SOANA \u2013 Stand A21<\/span><\/strong><\/p>\n<p><a href=\"https:\/\/soana-nature.com\/\" target=\"_blank\" rel=\"noopener\"><span style=\"font-size: 14pt;\">www.soana-nature.com<\/span><\/a><\/p>\n<p><span style=\"font-size: 14pt;\">Soana propose des produits de bien-\u00eatre naturels pour le bien-\u00eatre et la sant\u00e9 f\u00e9minine, avec des produits 100% \u00e0 base de plantes et non transform\u00e9s : compl\u00e9ments alimentaires, huiles essentielles et soins cosm\u00e9tiques.\u00a0<\/span><\/p>\n<p>&nbsp;<\/p>\n<p><span style=\"font-size: 14pt;\">Liste des exposants du Tremplin 2024 \u00e0 venir !<\/span><\/p>\n<div class=\"salon-accueil salon-entity-placement\" id=\"salon-1573421293\"><div id=\"salon-3070827439\"><a data-no-instant=\"1\" href=\"https:\/\/www.amac-formation.fr\/\" rel=\"noopener\" class=\"a2t-link\" target=\"_blank\"><p><img decoding=\"async\" class=\"aligncenter size-full wp-image-10787\" src=\"https:\/\/www.salon-medecinedouce.com\/marseille\/wp-content\/uploads\/sites\/16\/2023\/02\/Baniere-salon-du-bien-etre.png\" alt=\"amac-formation\" width=\"728\" height=\"90\" srcset=\"https:\/\/www.salon-medecinedouce.com\/marseille\/wp-content\/uploads\/sites\/16\/2023\/02\/Baniere-salon-du-bien-etre.png 728w, https:\/\/www.salon-medecinedouce.com\/marseille\/wp-content\/uploads\/sites\/16\/2023\/02\/Baniere-salon-du-bien-etre-300x37.png 300w, https:\/\/www.salon-medecinedouce.com\/marseille\/wp-content\/uploads\/sites\/16\/2023\/02\/Baniere-salon-du-bien-etre-150x19.png 150w, https:\/\/www.salon-medecinedouce.com\/marseille\/wp-content\/uploads\/sites\/16\/2023\/02\/Baniere-salon-du-bien-etre-500x62.png 500w\" sizes=\"(max-width: 728px) 100vw, 728px\" \/><\/p>\n<\/a><\/div><\/div>","protected":false},"excerpt":{"rendered":"<p>D\u00e9couvrez en exclusivit\u00e9 sur le salon Bien-\u00catre M\u00e9decine Douce, les produits innovants dans le domaine du bien-\u00eatre lanc\u00e9s r\u00e9cemment sur le march\u00e9. &nbsp; &nbsp; &nbsp; &nbsp; AT ZOHRA&rsquo;S\u2013 Stand A13 www.atzohras.fr BCKL\u2013 Stand A31 https:\/\/bckl.bike\/ V\u00e9lo \u00e9lectrique B.C.K.L : le bien-\u00eatre en mouvement au quotidien. COPE INTERNATIONAL \u2013 Stand A25 https:\/\/veegreen.fr\/ Confection et commercialisation de&hellip; <\/p>\n","protected":false},"author":6,"featured_media":0,"parent":0,"menu_order":0,"comment_status":"closed","ping_status":"closed","template":"","meta":{"_monsterinsights_skip_tracking":false,"_monsterinsights_sitenote_active":false,"_monsterinsights_sitenote_note":"","_monsterinsights_sitenote_category":0,"footnotes":""},"class_list":["post-11015","page","type-page","status-publish","hentry"],"yoast_head":"<!-- This site is optimized with the Yoast SEO plugin v27.3 - https:\/\/yoast.com\/product\/yoast-seo-wordpress\/ -->\n<title>Le Tremplin du bien-\u00eatre - Bien-\u00eatre Marseille<\/title>\n<meta name=\"robots\" content=\"index, follow, max-snippet:-1, max-image-preview:large, max-video-preview:-1\" \/>\n<link rel=\"canonical\" href=\"https:\/\/www.salon-medecinedouce.com\/marseille\/le-tremplin-du-bien-etre\/\" \/>\n<meta property=\"og:locale\" content=\"fr_FR\" \/>\n<meta property=\"og:type\" content=\"article\" \/>\n<meta property=\"og:title\" content=\"Le Tremplin du bien-\u00eatre - Bien-\u00eatre Marseille\" \/>\n<meta property=\"og:description\" content=\"D\u00e9couvrez en exclusivit\u00e9 sur le salon Bien-\u00catre M\u00e9decine Douce, les produits innovants dans le domaine du bien-\u00eatre lanc\u00e9s r\u00e9cemment sur le march\u00e9. &nbsp; &nbsp; &nbsp; &nbsp; AT ZOHRA&rsquo;S\u2013 Stand A13 www.atzohras.fr BCKL\u2013 Stand A31 https:\/\/bckl.bike\/ V\u00e9lo \u00e9lectrique B.C.K.L : le bien-\u00eatre en mouvement au quotidien. COPE INTERNATIONAL \u2013 Stand A25 https:\/\/veegreen.fr\/ Confection et commercialisation de&hellip;\" \/>\n<meta property=\"og:url\" content=\"https:\/\/www.salon-medecinedouce.com\/marseille\/le-tremplin-du-bien-etre\/\" \/>\n<meta property=\"og:site_name\" content=\"Bien-\u00eatre Marseille\" \/>\n<meta property=\"article:modified_time\" content=\"2024-03-06T11:31:21+00:00\" \/>\n<meta property=\"og:image\" content=\"https:\/\/www.salon-medecinedouce.com\/lyon\/wp-content\/uploads\/sites\/12\/2018\/06\/Fotolia_100725192_Subscription_Monthly_M1-1.jpg\" \/>\n<meta name=\"twitter:card\" content=\"summary_large_image\" \/>\n<meta name=\"twitter:label1\" content=\"Dur\u00e9e de lecture estim\u00e9e\" \/>\n\t<meta name=\"twitter:data1\" content=\"2 minutes\" \/>\n<script type=\"application\/ld+json\" class=\"yoast-schema-graph\">{\"@context\":\"https:\\\/\\\/schema.org\",\"@graph\":[{\"@type\":\"WebPage\",\"@id\":\"https:\\\/\\\/www.salon-medecinedouce.com\\\/marseille\\\/le-tremplin-du-bien-etre\\\/\",\"url\":\"https:\\\/\\\/www.salon-medecinedouce.com\\\/marseille\\\/le-tremplin-du-bien-etre\\\/\",\"name\":\"Le Tremplin du bien-\u00eatre - Bien-\u00eatre Marseille\",\"isPartOf\":{\"@id\":\"https:\\\/\\\/www.salon-medecinedouce.com\\\/marseille\\\/#website\"},\"primaryImageOfPage\":{\"@id\":\"https:\\\/\\\/www.salon-medecinedouce.com\\\/marseille\\\/le-tremplin-du-bien-etre\\\/#primaryimage\"},\"image\":{\"@id\":\"https:\\\/\\\/www.salon-medecinedouce.com\\\/marseille\\\/le-tremplin-du-bien-etre\\\/#primaryimage\"},\"thumbnailUrl\":\"https:\\\/\\\/www.salon-medecinedouce.com\\\/lyon\\\/wp-content\\\/uploads\\\/sites\\\/12\\\/2018\\\/06\\\/Fotolia_100725192_Subscription_Monthly_M1-1.jpg\",\"datePublished\":\"2024-02-09T10:21:45+00:00\",\"dateModified\":\"2024-03-06T11:31:21+00:00\",\"breadcrumb\":{\"@id\":\"https:\\\/\\\/www.salon-medecinedouce.com\\\/marseille\\\/le-tremplin-du-bien-etre\\\/#breadcrumb\"},\"inLanguage\":\"fr-FR\",\"potentialAction\":[{\"@type\":\"ReadAction\",\"target\":[\"https:\\\/\\\/www.salon-medecinedouce.com\\\/marseille\\\/le-tremplin-du-bien-etre\\\/\"]}]},{\"@type\":\"ImageObject\",\"inLanguage\":\"fr-FR\",\"@id\":\"https:\\\/\\\/www.salon-medecinedouce.com\\\/marseille\\\/le-tremplin-du-bien-etre\\\/#primaryimage\",\"url\":\"https:\\\/\\\/www.salon-medecinedouce.com\\\/lyon\\\/wp-content\\\/uploads\\\/sites\\\/12\\\/2018\\\/06\\\/Fotolia_100725192_Subscription_Monthly_M1-1.jpg\",\"contentUrl\":\"https:\\\/\\\/www.salon-medecinedouce.com\\\/lyon\\\/wp-content\\\/uploads\\\/sites\\\/12\\\/2018\\\/06\\\/Fotolia_100725192_Subscription_Monthly_M1-1.jpg\"},{\"@type\":\"BreadcrumbList\",\"@id\":\"https:\\\/\\\/www.salon-medecinedouce.com\\\/marseille\\\/le-tremplin-du-bien-etre\\\/#breadcrumb\",\"itemListElement\":[{\"@type\":\"ListItem\",\"position\":1,\"name\":\"Accueil\",\"item\":\"https:\\\/\\\/www.salon-medecinedouce.com\\\/marseille\\\/\"},{\"@type\":\"ListItem\",\"position\":2,\"name\":\"Le Tremplin du bien-\u00eatre\"}]},{\"@type\":\"WebSite\",\"@id\":\"https:\\\/\\\/www.salon-medecinedouce.com\\\/marseille\\\/#website\",\"url\":\"https:\\\/\\\/www.salon-medecinedouce.com\\\/marseille\\\/\",\"name\":\"Bien-\u00eatre Marseille\",\"description\":\"La sant\u00e9 au naturel : M\u00e9decines douces - Compl\u00e9ments alimentaires - Alimentation saine - Cosm\u00e9tiques naturelles - Art de vivre - Tourisme de sant\u00e9\",\"publisher\":{\"@id\":\"https:\\\/\\\/www.salon-medecinedouce.com\\\/marseille\\\/#organization\"},\"potentialAction\":[{\"@type\":\"SearchAction\",\"target\":{\"@type\":\"EntryPoint\",\"urlTemplate\":\"https:\\\/\\\/www.salon-medecinedouce.com\\\/marseille\\\/?s={search_term_string}\"},\"query-input\":{\"@type\":\"PropertyValueSpecification\",\"valueRequired\":true,\"valueName\":\"search_term_string\"}}],\"inLanguage\":\"fr-FR\"},{\"@type\":\"Organization\",\"@id\":\"https:\\\/\\\/www.salon-medecinedouce.com\\\/marseille\\\/#organization\",\"name\":\"Bien-\u00eatre Marseille\",\"url\":\"https:\\\/\\\/www.salon-medecinedouce.com\\\/marseille\\\/\",\"logo\":{\"@type\":\"ImageObject\",\"inLanguage\":\"fr-FR\",\"@id\":\"https:\\\/\\\/www.salon-medecinedouce.com\\\/marseille\\\/#\\\/schema\\\/logo\\\/image\\\/\",\"url\":\"https:\\\/\\\/www.salon-medecinedouce.com\\\/marseille\\\/wp-content\\\/uploads\\\/sites\\\/16\\\/2023\\\/10\\\/logo-BEMD.png\",\"contentUrl\":\"https:\\\/\\\/www.salon-medecinedouce.com\\\/marseille\\\/wp-content\\\/uploads\\\/sites\\\/16\\\/2023\\\/10\\\/logo-BEMD.png\",\"width\":199,\"height\":184,\"caption\":\"Bien-\u00eatre Marseille\"},\"image\":{\"@id\":\"https:\\\/\\\/www.salon-medecinedouce.com\\\/marseille\\\/#\\\/schema\\\/logo\\\/image\\\/\"}}]}<\/script>\n<!-- \/ Yoast SEO plugin. -->","yoast_head_json":{"title":"Le Tremplin du bien-\u00eatre - Bien-\u00eatre Marseille","robots":{"index":"index","follow":"follow","max-snippet":"max-snippet:-1","max-image-preview":"max-image-preview:large","max-video-preview":"max-video-preview:-1"},"canonical":"https:\/\/www.salon-medecinedouce.com\/marseille\/le-tremplin-du-bien-etre\/","og_locale":"fr_FR","og_type":"article","og_title":"Le Tremplin du bien-\u00eatre - Bien-\u00eatre Marseille","og_description":"D\u00e9couvrez en exclusivit\u00e9 sur le salon Bien-\u00catre M\u00e9decine Douce, les produits innovants dans le domaine du bien-\u00eatre lanc\u00e9s r\u00e9cemment sur le march\u00e9. &nbsp; &nbsp; &nbsp; &nbsp; AT ZOHRA&rsquo;S\u2013 Stand A13 www.atzohras.fr BCKL\u2013 Stand A31 https:\/\/bckl.bike\/ V\u00e9lo \u00e9lectrique B.C.K.L : le bien-\u00eatre en mouvement au quotidien. COPE INTERNATIONAL \u2013 Stand A25 https:\/\/veegreen.fr\/ Confection et commercialisation de&hellip;","og_url":"https:\/\/www.salon-medecinedouce.com\/marseille\/le-tremplin-du-bien-etre\/","og_site_name":"Bien-\u00eatre Marseille","article_modified_time":"2024-03-06T11:31:21+00:00","og_image":[{"url":"https:\/\/www.salon-medecinedouce.com\/lyon\/wp-content\/uploads\/sites\/12\/2018\/06\/Fotolia_100725192_Subscription_Monthly_M1-1.jpg","type":"","width":"","height":""}],"twitter_card":"summary_large_image","twitter_misc":{"Dur\u00e9e de lecture estim\u00e9e":"2 minutes"},"schema":{"@context":"https:\/\/schema.org","@graph":[{"@type":"WebPage","@id":"https:\/\/www.salon-medecinedouce.com\/marseille\/le-tremplin-du-bien-etre\/","url":"https:\/\/www.salon-medecinedouce.com\/marseille\/le-tremplin-du-bien-etre\/","name":"Le Tremplin du bien-\u00eatre - Bien-\u00eatre Marseille","isPartOf":{"@id":"https:\/\/www.salon-medecinedouce.com\/marseille\/#website"},"primaryImageOfPage":{"@id":"https:\/\/www.salon-medecinedouce.com\/marseille\/le-tremplin-du-bien-etre\/#primaryimage"},"image":{"@id":"https:\/\/www.salon-medecinedouce.com\/marseille\/le-tremplin-du-bien-etre\/#primaryimage"},"thumbnailUrl":"https:\/\/www.salon-medecinedouce.com\/lyon\/wp-content\/uploads\/sites\/12\/2018\/06\/Fotolia_100725192_Subscription_Monthly_M1-1.jpg","datePublished":"2024-02-09T10:21:45+00:00","dateModified":"2024-03-06T11:31:21+00:00","breadcrumb":{"@id":"https:\/\/www.salon-medecinedouce.com\/marseille\/le-tremplin-du-bien-etre\/#breadcrumb"},"inLanguage":"fr-FR","potentialAction":[{"@type":"ReadAction","target":["https:\/\/www.salon-medecinedouce.com\/marseille\/le-tremplin-du-bien-etre\/"]}]},{"@type":"ImageObject","inLanguage":"fr-FR","@id":"https:\/\/www.salon-medecinedouce.com\/marseille\/le-tremplin-du-bien-etre\/#primaryimage","url":"https:\/\/www.salon-medecinedouce.com\/lyon\/wp-content\/uploads\/sites\/12\/2018\/06\/Fotolia_100725192_Subscription_Monthly_M1-1.jpg","contentUrl":"https:\/\/www.salon-medecinedouce.com\/lyon\/wp-content\/uploads\/sites\/12\/2018\/06\/Fotolia_100725192_Subscription_Monthly_M1-1.jpg"},{"@type":"BreadcrumbList","@id":"https:\/\/www.salon-medecinedouce.com\/marseille\/le-tremplin-du-bien-etre\/#breadcrumb","itemListElement":[{"@type":"ListItem","position":1,"name":"Accueil","item":"https:\/\/www.salon-medecinedouce.com\/marseille\/"},{"@type":"ListItem","position":2,"name":"Le Tremplin du bien-\u00eatre"}]},{"@type":"WebSite","@id":"https:\/\/www.salon-medecinedouce.com\/marseille\/#website","url":"https:\/\/www.salon-medecinedouce.com\/marseille\/","name":"Bien-\u00eatre Marseille","description":"La sant\u00e9 au naturel : M\u00e9decines douces - Compl\u00e9ments alimentaires - Alimentation saine - Cosm\u00e9tiques naturelles - Art de vivre - Tourisme de sant\u00e9","publisher":{"@id":"https:\/\/www.salon-medecinedouce.com\/marseille\/#organization"},"potentialAction":[{"@type":"SearchAction","target":{"@type":"EntryPoint","urlTemplate":"https:\/\/www.salon-medecinedouce.com\/marseille\/?s={search_term_string}"},"query-input":{"@type":"PropertyValueSpecification","valueRequired":true,"valueName":"search_term_string"}}],"inLanguage":"fr-FR"},{"@type":"Organization","@id":"https:\/\/www.salon-medecinedouce.com\/marseille\/#organization","name":"Bien-\u00eatre Marseille","url":"https:\/\/www.salon-medecinedouce.com\/marseille\/","logo":{"@type":"ImageObject","inLanguage":"fr-FR","@id":"https:\/\/www.salon-medecinedouce.com\/marseille\/#\/schema\/logo\/image\/","url":"https:\/\/www.salon-medecinedouce.com\/marseille\/wp-content\/uploads\/sites\/16\/2023\/10\/logo-BEMD.png","contentUrl":"https:\/\/www.salon-medecinedouce.com\/marseille\/wp-content\/uploads\/sites\/16\/2023\/10\/logo-BEMD.png","width":199,"height":184,"caption":"Bien-\u00eatre Marseille"},"image":{"@id":"https:\/\/www.salon-medecinedouce.com\/marseille\/#\/schema\/logo\/image\/"}}]}},"rttpg_featured_image_url":null,"rttpg_author":{"display_name":"communication","author_link":"https:\/\/www.salon-medecinedouce.com\/marseille\/blog\/author\/communication\/"},"rttpg_comment":0,"rttpg_category":null,"rttpg_excerpt":"D\u00e9couvrez en exclusivit\u00e9 sur le salon Bien-\u00catre M\u00e9decine Douce, les produits innovants dans le domaine du bien-\u00eatre lanc\u00e9s r\u00e9cemment sur le march\u00e9. &nbsp; &nbsp; &nbsp; &nbsp; AT ZOHRA&rsquo;S\u2013 Stand A13 www.atzohras.fr BCKL\u2013 Stand A31 https:\/\/bckl.bike\/ V\u00e9lo \u00e9lectrique B.C.K.L : le bien-\u00eatre en mouvement au quotidien. COPE INTERNATIONAL \u2013 Stand A25 https:\/\/veegreen.fr\/ Confection et commercialisation de&hellip;","_links":{"self":[{"href":"https:\/\/www.salon-medecinedouce.com\/marseille\/wp-json\/wp\/v2\/pages\/11015","targetHints":{"allow":["GET"]}}],"collection":[{"href":"https:\/\/www.salon-medecinedouce.com\/marseille\/wp-json\/wp\/v2\/pages"}],"about":[{"href":"https:\/\/www.salon-medecinedouce.com\/marseille\/wp-json\/wp\/v2\/types\/page"}],"author":[{"embeddable":true,"href":"https:\/\/www.salon-medecinedouce.com\/marseille\/wp-json\/wp\/v2\/users\/6"}],"replies":[{"embeddable":true,"href":"https:\/\/www.salon-medecinedouce.com\/marseille\/wp-json\/wp\/v2\/comments?post=11015"}],"version-history":[{"count":12,"href":"https:\/\/www.salon-medecinedouce.com\/marseille\/wp-json\/wp\/v2\/pages\/11015\/revisions"}],"predecessor-version":[{"id":11020,"href":"https:\/\/www.salon-medecinedouce.com\/marseille\/wp-json\/wp\/v2\/pages\/11015\/revisions\/11020"}],"wp:attachment":[{"href":"https:\/\/www.salon-medecinedouce.com\/marseille\/wp-json\/wp\/v2\/media?parent=11015"}],"curies":[{"name":"wp","href":"https:\/\/api.w.org\/{rel}","templated":true}]}}