{"id":9917,"date":"2024-06-26T09:00:57","date_gmt":"2024-06-26T07:00:57","guid":{"rendered":"https:\/\/www.salon-medecinedouce.com\/lyon\/?page_id=9917"},"modified":"2026-03-06T14:57:30","modified_gmt":"2026-03-06T13:57:30","slug":"le-tremplin-des-innovations","status":"publish","type":"page","link":"https:\/\/www.salon-medecinedouce.com\/lyon\/programme\/le-tremplin-des-innovations\/","title":{"rendered":"Le Tremplin du bien-\u00eatre"},"content":{"rendered":"<h3><img fetchpriority=\"high\" decoding=\"async\" class=\"aligncenter size-full wp-image-6217\" src=\"https:\/\/www.salon-medecinedouce.com\/lyon\/wp-content\/uploads\/sites\/12\/2018\/06\/Fotolia_100725192_Subscription_Monthly_M1-1.jpg\" alt=\"\" width=\"830\" height=\"253\" srcset=\"https:\/\/www.salon-medecinedouce.com\/lyon\/wp-content\/uploads\/sites\/12\/2018\/06\/Fotolia_100725192_Subscription_Monthly_M1-1.jpg 830w, https:\/\/www.salon-medecinedouce.com\/lyon\/wp-content\/uploads\/sites\/12\/2018\/06\/Fotolia_100725192_Subscription_Monthly_M1-1-300x91.jpg 300w, https:\/\/www.salon-medecinedouce.com\/lyon\/wp-content\/uploads\/sites\/12\/2018\/06\/Fotolia_100725192_Subscription_Monthly_M1-1-768x234.jpg 768w, https:\/\/www.salon-medecinedouce.com\/lyon\/wp-content\/uploads\/sites\/12\/2018\/06\/Fotolia_100725192_Subscription_Monthly_M1-1-150x46.jpg 150w, https:\/\/www.salon-medecinedouce.com\/lyon\/wp-content\/uploads\/sites\/12\/2018\/06\/Fotolia_100725192_Subscription_Monthly_M1-1-500x152.jpg 500w\" sizes=\"(max-width: 830px) 100vw, 830px\" \/><\/h3>\n<h3><span style=\"color: #165e6c;\">D\u00e9couvrez en exclusivit\u00e9 sur le salon Bien-\u00catre M\u00e9decine douce, les produits innovants dans le domaine du bien-\u00eatre lanc\u00e9s r\u00e9cemment sur le march\u00e9.<\/span><\/h3>\n<h3><span style=\"color: #d65d00;\">La liste des jeunes entreprises 2027 sera prochainement en ligne. En attendant, re-d\u00e9couvrez <\/span><span style=\"color: #d65d00;\">la liste 2026<\/span><\/h3>\n<div class=\"wpbdp-listings-sort-options\"><label for=\"wpbdp-sort-bar\">Trier par:<\/label><select id=\"wpbdp-sort-bar\" class=\"\"><option value=\"\/lyon\/wp-json\/wp\/v2\/pages\/9917\" class=\"header-option\">Default<\/option> <option value=\"\/lyon\/wp-json\/wp\/v2\/pages\/9917?wpbdp_sort=field-1\">Nom de l&#039;entreprise<\/option> <option value=\"\/lyon\/wp-json\/wp\/v2\/pages\/9917?wpbdp_sort=field-19\">Stand<\/option> <option value=\"\/lyon\/wp-json\/wp\/v2\/pages\/9917?wpbdp_sort=field-16\">Code postal<\/option><\/select><\/div>\n<div id=\"wpbdp-listings-list\" class=\"listings wpbdp-listings-list list wpbdp-grid \">\n\t<div id=\"wpbdp-listing-15151\" class=\"wpbdp-listing-15151 wpbdp-listing excerpt wpbdp-excerpt wpbdp-listing-excerpt wpbdp-listing-plan-id-3 wpbdp-listing-plan-annonce_gratuite wpbdp-listing-category-id-394 even\" data-breakpoints='{\"medium\": [560,780], \"large\": [780,999999]}' data-breakpoints-class-prefix=\"wpbdp-listing-excerpt\">\n\t\n<div class=\"listing-title\">\n    <h3><a href=\"https:\/\/www.salon-medecinedouce.com\/lyon\/airpurlabs-solutions\/15151\/airpurlabs-solutions\/\" target=\"_self\" >AIRPURLABS SOLUTIONS<\/a><\/h3>\n<\/div>\n\n<div class=\"excerpt-content wpbdp-hide-title\">\n\t\n<div class=\"listing-details wpbdp-no-thumb\">\n\t\t\t\t\t\t<div class=\"wpbdp-field-display wpbdp-field wpbdp-field-value field-display field-value wpbdp-field-nom_de_lentreprise wpbdp-field-title wpbdp-field-type-textfield wpbdp-field-association-title  \" ><span class=\"field-label\">Nom de l&#039;entreprise<\/span> <div class=\"value\"><a href=\"https:\/\/www.salon-medecinedouce.com\/lyon\/airpurlabs-solutions\/15151\/airpurlabs-solutions\/\" target=\"_self\" >AIRPURLABS SOLUTIONS<\/a><\/div><\/div>\t\t\t\t\t\t\t\t<div class=\"wpbdp-field-display wpbdp-field wpbdp-field-value field-display field-value wpbdp-field-stand wpbdp-field-meta wpbdp-field-type-textfield wpbdp-field-association-meta  \" ><span class=\"field-label\">Stand<\/span> <div class=\"value\">C27<\/div><\/div>\t\t\t\t\t\t\t\t<div class=\"wpbdp-field-display wpbdp-field wpbdp-field-value field-display field-value wpbdp-field-description wpbdp-field-content wpbdp-field-type-textarea wpbdp-field-association-content  \" ><span class=\"field-label\">Description<\/span> <div class=\"value\"><p>Airpurlabs, une solution innovante, brevet\u00e9e et prim\u00e9e au concours L\u00e9pine, neutralise la pollution chimique de l\u2019air int\u00e9rieur. Sans \u00e9lectricit\u00e9 ni r\u00e9sidu, efficace 2 ans, il permet la r\u00e9duction des compos\u00e9s organiques volatils et du formald\u00e9hyde canc\u00e9rig\u00e8ne. Fabriqu\u00e9 en France, en \u00e9conomie sociale et solidaire.<\/p>\n<\/div><\/div>\t\t\t\t\t\t\t\t\t\t\t\n\t\t<\/div>\n<\/div>\n<\/div>\n<div id=\"wpbdp-listing-15178\" class=\"wpbdp-listing-15178 wpbdp-listing excerpt wpbdp-excerpt wpbdp-listing-excerpt wpbdp-listing-plan-id-3 wpbdp-listing-plan-annonce_gratuite wpbdp-listing-category-id-394 odd\" data-breakpoints='{\"medium\": [560,780], \"large\": [780,999999]}' data-breakpoints-class-prefix=\"wpbdp-listing-excerpt\">\n\t\n<div class=\"listing-title\">\n    <h3><a href=\"https:\/\/www.salon-medecinedouce.com\/lyon\/dhenry-cosmetique\/15178\/dhenry-cosmetique\/\" target=\"_self\" >DHENRY COSMETIQUE<\/a><\/h3>\n<\/div>\n\n<div class=\"excerpt-content wpbdp-hide-title\">\n\t\n<div class=\"listing-details wpbdp-no-thumb\">\n\t\t\t\t\t\t<div class=\"wpbdp-field-display wpbdp-field wpbdp-field-value field-display field-value wpbdp-field-nom_de_lentreprise wpbdp-field-title wpbdp-field-type-textfield wpbdp-field-association-title  \" ><span class=\"field-label\">Nom de l&#039;entreprise<\/span> <div class=\"value\"><a href=\"https:\/\/www.salon-medecinedouce.com\/lyon\/dhenry-cosmetique\/15178\/dhenry-cosmetique\/\" target=\"_self\" >DHENRY COSMETIQUE<\/a><\/div><\/div>\t\t\t\t\t\t\t\t<div class=\"wpbdp-field-display wpbdp-field wpbdp-field-value field-display field-value wpbdp-field-stand wpbdp-field-meta wpbdp-field-type-textfield wpbdp-field-association-meta  \" ><span class=\"field-label\">Stand<\/span> <div class=\"value\">C31<\/div><\/div>\t\t\t\t\t\t\t\t<div class=\"wpbdp-field-display wpbdp-field wpbdp-field-value field-display field-value wpbdp-field-description wpbdp-field-content wpbdp-field-type-textarea wpbdp-field-association-content  \" ><span class=\"field-label\">Description<\/span> <div class=\"value\"><p>DHENRY est une invitation \u00e0 ralentir et \u00e0 prendre soin de soir. Des soins naturels aux textures sensorielles, pens\u00e9s avec exigence, pour respecter la peau et r\u00e9v\u00e9ler sa beaut\u00e9 en douceur.<\/p>\n<\/div><\/div>\t\t\t\t\t\t\t\t\t\t\t\n\t\t<\/div>\n<\/div>\n<\/div>\n<div id=\"wpbdp-listing-15139\" class=\"wpbdp-listing-15139 wpbdp-listing excerpt wpbdp-excerpt wpbdp-listing-excerpt wpbdp-listing-plan-id-3 wpbdp-listing-plan-annonce_gratuite wpbdp-listing-category-id-394 even\" data-breakpoints='{\"medium\": [560,780], \"large\": [780,999999]}' data-breakpoints-class-prefix=\"wpbdp-listing-excerpt\">\n\t\n<div class=\"listing-title\">\n    <h3><a href=\"https:\/\/www.salon-medecinedouce.com\/lyon\/green-morango-cbd\/15139\/green-morango-cbd\/\" target=\"_self\" >GREEN MORANGO CBD<\/a><\/h3>\n<\/div>\n\n<div class=\"excerpt-content wpbdp-hide-title\">\n\t\n<div class=\"listing-details wpbdp-no-thumb\">\n\t\t\t\t\t\t<div class=\"wpbdp-field-display wpbdp-field wpbdp-field-value field-display field-value wpbdp-field-nom_de_lentreprise wpbdp-field-title wpbdp-field-type-textfield wpbdp-field-association-title  \" ><span class=\"field-label\">Nom de l&#039;entreprise<\/span> <div class=\"value\"><a href=\"https:\/\/www.salon-medecinedouce.com\/lyon\/green-morango-cbd\/15139\/green-morango-cbd\/\" target=\"_self\" >GREEN MORANGO CBD<\/a><\/div><\/div>\t\t\t\t\t\t\t\t<div class=\"wpbdp-field-display wpbdp-field wpbdp-field-value field-display field-value wpbdp-field-stand wpbdp-field-meta wpbdp-field-type-textfield wpbdp-field-association-meta  \" ><span class=\"field-label\">Stand<\/span> <div class=\"value\">C25<\/div><\/div>\t\t\t\t\t\t\t\t<div class=\"wpbdp-field-display wpbdp-field wpbdp-field-value field-display field-value wpbdp-field-description wpbdp-field-content wpbdp-field-type-textarea wpbdp-field-association-content  \" ><span class=\"field-label\">Description<\/span> <div class=\"value\"><p>Green Morango, producteur artisanaux du Sud de la France, sublime le chanvre bien-\u00eatre. Rhum au CBD, douceurs et soins naturels : authenticit\u00e9 et savoir faire fran\u00e7ais<\/p>\n<\/div><\/div>\t\t\t\t\t\t\t\t\t\t\t\n\t\t<\/div>\n<\/div>\n<\/div>\n<div id=\"wpbdp-listing-15157\" class=\"wpbdp-listing-15157 wpbdp-listing excerpt wpbdp-excerpt wpbdp-listing-excerpt wpbdp-listing-plan-id-3 wpbdp-listing-plan-annonce_gratuite wpbdp-listing-category-id-394 odd\" data-breakpoints='{\"medium\": [560,780], \"large\": [780,999999]}' data-breakpoints-class-prefix=\"wpbdp-listing-excerpt\">\n\t\n<div class=\"listing-title\">\n    <h3><a href=\"https:\/\/www.salon-medecinedouce.com\/lyon\/hurom-extracteurs-de-jus\/15157\/hurom-extracteurs-de-jus\/\" target=\"_self\" >HUROM &#8211; extracteurs de jus<\/a><\/h3>\n<\/div>\n\n<div class=\"excerpt-content wpbdp-hide-title\">\n\t\n<div class=\"listing-details wpbdp-no-thumb\">\n\t\t\t\t\t\t<div class=\"wpbdp-field-display wpbdp-field wpbdp-field-value field-display field-value wpbdp-field-nom_de_lentreprise wpbdp-field-title wpbdp-field-type-textfield wpbdp-field-association-title  \" ><span class=\"field-label\">Nom de l&#039;entreprise<\/span> <div class=\"value\"><a href=\"https:\/\/www.salon-medecinedouce.com\/lyon\/hurom-extracteurs-de-jus\/15157\/hurom-extracteurs-de-jus\/\" target=\"_self\" >HUROM &#8211; extracteurs de jus<\/a><\/div><\/div>\t\t\t\t\t\t\t\t<div class=\"wpbdp-field-display wpbdp-field wpbdp-field-value field-display field-value wpbdp-field-stand wpbdp-field-meta wpbdp-field-type-textfield wpbdp-field-association-meta  \" ><span class=\"field-label\">Stand<\/span> <div class=\"value\">C29<\/div><\/div>\t\t\t\t\t\t\t\t<div class=\"wpbdp-field-display wpbdp-field wpbdp-field-value field-display field-value wpbdp-field-description wpbdp-field-content wpbdp-field-type-textarea wpbdp-field-association-content  \" ><span class=\"field-label\">Description<\/span> <div class=\"value\"><p>Promotion d'extracteurs de jus de la marque HUROM. Pas de ventes physiques sur place. Uniquement sur commande. Animation avec les machines. D\u00e9gustations gratuite de jus.<\/p>\n<\/div><\/div>\t\t\t\t\t\t\t\t\t\t\t\n\t\t<\/div>\n<\/div>\n<\/div>\n<div class=\"wpbdp-pagination\">\n\t<\/div>\n<\/div>\n\n<p><span style=\"font-size: 18pt; color: #d65d00;\"><a style=\"color: #d65d00;\" href=\"https:\/\/www.salon-medecinedouce.com\/lyon\/visiteur_invitation\/\" target=\"_blank\" rel=\"noopener noreferrer\"><strong>&gt;&gt; Demandez votre entr\u00e9e gratuite<\/strong><\/a><\/span><\/p>\n<p>&nbsp;<\/p>\n<p>&nbsp;<\/p>\n<div class=\"salon-pubs-hp-bas-de-page salon-entity-placement\" id=\"salon-2298164950\"><div id=\"salon-924665976\"><a data-no-instant=\"1\" href=\"https:\/\/www.adntv.fr\/home?request_origin=tv_app\" rel=\"noopener\" class=\"a2t-link\" target=\"_blank\"><p><a href=\"https:\/\/www.adntv.fr\/home?request_origin=tv_app\"><img decoding=\"async\" class=\"wp-image-15075  aligncenter\" src=\"https:\/\/www.salon-medecinedouce.com\/lyon\/wp-content\/uploads\/sites\/12\/2021\/12\/ADNTV_BANNIERE_.jpg\" alt=\"\" width=\"515\" height=\"196\" srcset=\"https:\/\/www.salon-medecinedouce.com\/lyon\/wp-content\/uploads\/sites\/12\/2021\/12\/ADNTV_BANNIERE_.jpg 820w, https:\/\/www.salon-medecinedouce.com\/lyon\/wp-content\/uploads\/sites\/12\/2021\/12\/ADNTV_BANNIERE_-300x114.jpg 300w, https:\/\/www.salon-medecinedouce.com\/lyon\/wp-content\/uploads\/sites\/12\/2021\/12\/ADNTV_BANNIERE_-768x292.jpg 768w, https:\/\/www.salon-medecinedouce.com\/lyon\/wp-content\/uploads\/sites\/12\/2021\/12\/ADNTV_BANNIERE_-150x57.jpg 150w, https:\/\/www.salon-medecinedouce.com\/lyon\/wp-content\/uploads\/sites\/12\/2021\/12\/ADNTV_BANNIERE_-500x190.jpg 500w\" sizes=\"(max-width: 515px) 100vw, 515px\" \/><\/a><\/p>\n<\/a><\/div><\/div>","protected":false},"excerpt":{"rendered":"<p>D\u00e9couvrez en exclusivit\u00e9 sur le salon Bien-\u00catre M\u00e9decine douce, les produits innovants dans le domaine du bien-\u00eatre lanc\u00e9s r\u00e9cemment sur le march\u00e9. La liste des jeunes entreprises 2027 sera prochainement en ligne. En attendant, re-d\u00e9couvrez la liste 2026 &gt;&gt; Demandez votre entr\u00e9e gratuite &nbsp; &nbsp;<\/p>\n","protected":false},"author":5,"featured_media":9918,"parent":2085,"menu_order":0,"comment_status":"closed","ping_status":"closed","template":"","meta":{"_monsterinsights_skip_tracking":false,"_monsterinsights_sitenote_active":false,"_monsterinsights_sitenote_note":"","_monsterinsights_sitenote_category":0,"footnotes":""},"class_list":["post-9917","page","type-page","status-publish","has-post-thumbnail","hentry"],"yoast_head":"<!-- This site is optimized with the Yoast SEO plugin v27.3 - https:\/\/yoast.com\/product\/yoast-seo-wordpress\/ -->\n<title>Le Tremplin du bien-\u00eatre - Bien-\u00eatre Lyon<\/title>\n<meta name=\"description\" content=\"Nouvelle formule pour la zone des jeunes entreprises ! Une visibilit\u00e9 accrue avant, pendant et apr\u00e8s le salon.\" \/>\n<meta name=\"robots\" content=\"index, follow, max-snippet:-1, max-image-preview:large, max-video-preview:-1\" \/>\n<link rel=\"canonical\" href=\"https:\/\/www.salon-medecinedouce.com\/lyon\/programme\/le-tremplin-des-innovations\/\" \/>\n<meta property=\"og:locale\" content=\"fr_FR\" \/>\n<meta property=\"og:type\" content=\"article\" \/>\n<meta property=\"og:title\" content=\"Le Tremplin du bien-\u00eatre - Bien-\u00eatre Lyon\" \/>\n<meta property=\"og:description\" content=\"Nouvelle formule pour la zone des jeunes entreprises ! Une visibilit\u00e9 accrue avant, pendant et apr\u00e8s le salon.\" \/>\n<meta property=\"og:url\" content=\"https:\/\/www.salon-medecinedouce.com\/lyon\/programme\/le-tremplin-des-innovations\/\" \/>\n<meta property=\"og:site_name\" content=\"Bien-\u00eatre Lyon\" \/>\n<meta property=\"article:modified_time\" content=\"2026-03-06T13:57:30+00:00\" \/>\n<meta property=\"og:image\" content=\"https:\/\/www.salon-medecinedouce.com\/lyon\/wp-content\/uploads\/sites\/12\/2022\/01\/Sans-titre-53.jpg\" \/>\n\t<meta property=\"og:image:width\" content=\"940\" \/>\n\t<meta property=\"og:image:height\" content=\"788\" \/>\n\t<meta property=\"og:image:type\" content=\"image\/jpeg\" \/>\n<meta name=\"twitter:card\" content=\"summary_large_image\" \/>\n<meta name=\"twitter:label1\" content=\"Dur\u00e9e de lecture estim\u00e9e\" \/>\n\t<meta name=\"twitter:data1\" content=\"1 minute\" \/>\n<script type=\"application\/ld+json\" class=\"yoast-schema-graph\">{\"@context\":\"https:\\\/\\\/schema.org\",\"@graph\":[{\"@type\":\"WebPage\",\"@id\":\"https:\\\/\\\/www.salon-medecinedouce.com\\\/lyon\\\/programme\\\/le-tremplin-des-innovations\\\/\",\"url\":\"https:\\\/\\\/www.salon-medecinedouce.com\\\/lyon\\\/programme\\\/le-tremplin-des-innovations\\\/\",\"name\":\"Le Tremplin du bien-\u00eatre - Bien-\u00eatre Lyon\",\"isPartOf\":{\"@id\":\"https:\\\/\\\/www.salon-medecinedouce.com\\\/lyon\\\/#website\"},\"primaryImageOfPage\":{\"@id\":\"https:\\\/\\\/www.salon-medecinedouce.com\\\/lyon\\\/programme\\\/le-tremplin-des-innovations\\\/#primaryimage\"},\"image\":{\"@id\":\"https:\\\/\\\/www.salon-medecinedouce.com\\\/lyon\\\/programme\\\/le-tremplin-des-innovations\\\/#primaryimage\"},\"thumbnailUrl\":\"https:\\\/\\\/www.salon-medecinedouce.com\\\/lyon\\\/wp-content\\\/uploads\\\/sites\\\/12\\\/2022\\\/01\\\/Sans-titre-53.jpg\",\"datePublished\":\"2024-06-26T07:00:57+00:00\",\"dateModified\":\"2026-03-06T13:57:30+00:00\",\"description\":\"Nouvelle formule pour la zone des jeunes entreprises ! Une visibilit\u00e9 accrue avant, pendant et apr\u00e8s le salon.\",\"breadcrumb\":{\"@id\":\"https:\\\/\\\/www.salon-medecinedouce.com\\\/lyon\\\/programme\\\/le-tremplin-des-innovations\\\/#breadcrumb\"},\"inLanguage\":\"fr-FR\",\"potentialAction\":[{\"@type\":\"ReadAction\",\"target\":[\"https:\\\/\\\/www.salon-medecinedouce.com\\\/lyon\\\/programme\\\/le-tremplin-des-innovations\\\/\"]}]},{\"@type\":\"ImageObject\",\"inLanguage\":\"fr-FR\",\"@id\":\"https:\\\/\\\/www.salon-medecinedouce.com\\\/lyon\\\/programme\\\/le-tremplin-des-innovations\\\/#primaryimage\",\"url\":\"https:\\\/\\\/www.salon-medecinedouce.com\\\/lyon\\\/wp-content\\\/uploads\\\/sites\\\/12\\\/2022\\\/01\\\/Sans-titre-53.jpg\",\"contentUrl\":\"https:\\\/\\\/www.salon-medecinedouce.com\\\/lyon\\\/wp-content\\\/uploads\\\/sites\\\/12\\\/2022\\\/01\\\/Sans-titre-53.jpg\",\"width\":940,\"height\":788,\"caption\":\"tremplin des innovations\"},{\"@type\":\"BreadcrumbList\",\"@id\":\"https:\\\/\\\/www.salon-medecinedouce.com\\\/lyon\\\/programme\\\/le-tremplin-des-innovations\\\/#breadcrumb\",\"itemListElement\":[{\"@type\":\"ListItem\",\"position\":1,\"name\":\"Accueil\",\"item\":\"https:\\\/\\\/www.salon-medecinedouce.com\\\/lyon\\\/\"},{\"@type\":\"ListItem\",\"position\":2,\"name\":\"Programme du salon\",\"item\":\"https:\\\/\\\/www.salon-medecinedouce.com\\\/lyon\\\/programme\\\/\"},{\"@type\":\"ListItem\",\"position\":3,\"name\":\"Le Tremplin du bien-\u00eatre\"}]},{\"@type\":\"WebSite\",\"@id\":\"https:\\\/\\\/www.salon-medecinedouce.com\\\/lyon\\\/#website\",\"url\":\"https:\\\/\\\/www.salon-medecinedouce.com\\\/lyon\\\/\",\"name\":\"Bien-\u00eatre Lyon\",\"description\":\"La sant\u00e9 au naturel : M\u00e9decines douces - Compl\u00e9ments alimentaires - Alimentation saine - Cosm\u00e9tiques naturelles - Art de vivre - Tourisme de sant\u00e9\",\"publisher\":{\"@id\":\"https:\\\/\\\/www.salon-medecinedouce.com\\\/lyon\\\/#organization\"},\"potentialAction\":[{\"@type\":\"SearchAction\",\"target\":{\"@type\":\"EntryPoint\",\"urlTemplate\":\"https:\\\/\\\/www.salon-medecinedouce.com\\\/lyon\\\/?s={search_term_string}\"},\"query-input\":{\"@type\":\"PropertyValueSpecification\",\"valueRequired\":true,\"valueName\":\"search_term_string\"}}],\"inLanguage\":\"fr-FR\"},{\"@type\":\"Organization\",\"@id\":\"https:\\\/\\\/www.salon-medecinedouce.com\\\/lyon\\\/#organization\",\"name\":\"Bien-\u00eatre Lyon\",\"url\":\"https:\\\/\\\/www.salon-medecinedouce.com\\\/lyon\\\/\",\"logo\":{\"@type\":\"ImageObject\",\"inLanguage\":\"fr-FR\",\"@id\":\"https:\\\/\\\/www.salon-medecinedouce.com\\\/lyon\\\/#\\\/schema\\\/logo\\\/image\\\/\",\"url\":\"https:\\\/\\\/www.salon-medecinedouce.com\\\/lyon\\\/wp-content\\\/uploads\\\/sites\\\/12\\\/2024\\\/05\\\/cropped-logo-orange-bemd.png\",\"contentUrl\":\"https:\\\/\\\/www.salon-medecinedouce.com\\\/lyon\\\/wp-content\\\/uploads\\\/sites\\\/12\\\/2024\\\/05\\\/cropped-logo-orange-bemd.png\",\"width\":591,\"height\":591,\"caption\":\"Bien-\u00eatre Lyon\"},\"image\":{\"@id\":\"https:\\\/\\\/www.salon-medecinedouce.com\\\/lyon\\\/#\\\/schema\\\/logo\\\/image\\\/\"}}]}<\/script>\n<!-- \/ Yoast SEO plugin. -->","yoast_head_json":{"title":"Le Tremplin du bien-\u00eatre - Bien-\u00eatre Lyon","description":"Nouvelle formule pour la zone des jeunes entreprises ! Une visibilit\u00e9 accrue avant, pendant et apr\u00e8s le salon.","robots":{"index":"index","follow":"follow","max-snippet":"max-snippet:-1","max-image-preview":"max-image-preview:large","max-video-preview":"max-video-preview:-1"},"canonical":"https:\/\/www.salon-medecinedouce.com\/lyon\/programme\/le-tremplin-des-innovations\/","og_locale":"fr_FR","og_type":"article","og_title":"Le Tremplin du bien-\u00eatre - Bien-\u00eatre Lyon","og_description":"Nouvelle formule pour la zone des jeunes entreprises ! Une visibilit\u00e9 accrue avant, pendant et apr\u00e8s le salon.","og_url":"https:\/\/www.salon-medecinedouce.com\/lyon\/programme\/le-tremplin-des-innovations\/","og_site_name":"Bien-\u00eatre Lyon","article_modified_time":"2026-03-06T13:57:30+00:00","og_image":[{"width":940,"height":788,"url":"https:\/\/www.salon-medecinedouce.com\/lyon\/wp-content\/uploads\/sites\/12\/2022\/01\/Sans-titre-53.jpg","type":"image\/jpeg"}],"twitter_card":"summary_large_image","twitter_misc":{"Dur\u00e9e de lecture estim\u00e9e":"1 minute"},"schema":{"@context":"https:\/\/schema.org","@graph":[{"@type":"WebPage","@id":"https:\/\/www.salon-medecinedouce.com\/lyon\/programme\/le-tremplin-des-innovations\/","url":"https:\/\/www.salon-medecinedouce.com\/lyon\/programme\/le-tremplin-des-innovations\/","name":"Le Tremplin du bien-\u00eatre - Bien-\u00eatre Lyon","isPartOf":{"@id":"https:\/\/www.salon-medecinedouce.com\/lyon\/#website"},"primaryImageOfPage":{"@id":"https:\/\/www.salon-medecinedouce.com\/lyon\/programme\/le-tremplin-des-innovations\/#primaryimage"},"image":{"@id":"https:\/\/www.salon-medecinedouce.com\/lyon\/programme\/le-tremplin-des-innovations\/#primaryimage"},"thumbnailUrl":"https:\/\/www.salon-medecinedouce.com\/lyon\/wp-content\/uploads\/sites\/12\/2022\/01\/Sans-titre-53.jpg","datePublished":"2024-06-26T07:00:57+00:00","dateModified":"2026-03-06T13:57:30+00:00","description":"Nouvelle formule pour la zone des jeunes entreprises ! Une visibilit\u00e9 accrue avant, pendant et apr\u00e8s le salon.","breadcrumb":{"@id":"https:\/\/www.salon-medecinedouce.com\/lyon\/programme\/le-tremplin-des-innovations\/#breadcrumb"},"inLanguage":"fr-FR","potentialAction":[{"@type":"ReadAction","target":["https:\/\/www.salon-medecinedouce.com\/lyon\/programme\/le-tremplin-des-innovations\/"]}]},{"@type":"ImageObject","inLanguage":"fr-FR","@id":"https:\/\/www.salon-medecinedouce.com\/lyon\/programme\/le-tremplin-des-innovations\/#primaryimage","url":"https:\/\/www.salon-medecinedouce.com\/lyon\/wp-content\/uploads\/sites\/12\/2022\/01\/Sans-titre-53.jpg","contentUrl":"https:\/\/www.salon-medecinedouce.com\/lyon\/wp-content\/uploads\/sites\/12\/2022\/01\/Sans-titre-53.jpg","width":940,"height":788,"caption":"tremplin des innovations"},{"@type":"BreadcrumbList","@id":"https:\/\/www.salon-medecinedouce.com\/lyon\/programme\/le-tremplin-des-innovations\/#breadcrumb","itemListElement":[{"@type":"ListItem","position":1,"name":"Accueil","item":"https:\/\/www.salon-medecinedouce.com\/lyon\/"},{"@type":"ListItem","position":2,"name":"Programme du salon","item":"https:\/\/www.salon-medecinedouce.com\/lyon\/programme\/"},{"@type":"ListItem","position":3,"name":"Le Tremplin du bien-\u00eatre"}]},{"@type":"WebSite","@id":"https:\/\/www.salon-medecinedouce.com\/lyon\/#website","url":"https:\/\/www.salon-medecinedouce.com\/lyon\/","name":"Bien-\u00eatre Lyon","description":"La sant\u00e9 au naturel : M\u00e9decines douces - Compl\u00e9ments alimentaires - Alimentation saine - Cosm\u00e9tiques naturelles - Art de vivre - Tourisme de sant\u00e9","publisher":{"@id":"https:\/\/www.salon-medecinedouce.com\/lyon\/#organization"},"potentialAction":[{"@type":"SearchAction","target":{"@type":"EntryPoint","urlTemplate":"https:\/\/www.salon-medecinedouce.com\/lyon\/?s={search_term_string}"},"query-input":{"@type":"PropertyValueSpecification","valueRequired":true,"valueName":"search_term_string"}}],"inLanguage":"fr-FR"},{"@type":"Organization","@id":"https:\/\/www.salon-medecinedouce.com\/lyon\/#organization","name":"Bien-\u00eatre Lyon","url":"https:\/\/www.salon-medecinedouce.com\/lyon\/","logo":{"@type":"ImageObject","inLanguage":"fr-FR","@id":"https:\/\/www.salon-medecinedouce.com\/lyon\/#\/schema\/logo\/image\/","url":"https:\/\/www.salon-medecinedouce.com\/lyon\/wp-content\/uploads\/sites\/12\/2024\/05\/cropped-logo-orange-bemd.png","contentUrl":"https:\/\/www.salon-medecinedouce.com\/lyon\/wp-content\/uploads\/sites\/12\/2024\/05\/cropped-logo-orange-bemd.png","width":591,"height":591,"caption":"Bien-\u00eatre Lyon"},"image":{"@id":"https:\/\/www.salon-medecinedouce.com\/lyon\/#\/schema\/logo\/image\/"}}]}},"rttpg_featured_image_url":{"full":["https:\/\/www.salon-medecinedouce.com\/lyon\/wp-content\/uploads\/sites\/12\/2022\/01\/Sans-titre-53.jpg",940,788,false],"landscape":["https:\/\/www.salon-medecinedouce.com\/lyon\/wp-content\/uploads\/sites\/12\/2022\/01\/Sans-titre-53.jpg",940,788,false],"portraits":["https:\/\/www.salon-medecinedouce.com\/lyon\/wp-content\/uploads\/sites\/12\/2022\/01\/Sans-titre-53.jpg",940,788,false],"thumbnail":["https:\/\/www.salon-medecinedouce.com\/lyon\/wp-content\/uploads\/sites\/12\/2022\/01\/Sans-titre-53-150x150.jpg",150,150,true],"medium":["https:\/\/www.salon-medecinedouce.com\/lyon\/wp-content\/uploads\/sites\/12\/2022\/01\/Sans-titre-53-300x251.jpg",300,251,true],"large":["https:\/\/www.salon-medecinedouce.com\/lyon\/wp-content\/uploads\/sites\/12\/2022\/01\/Sans-titre-53.jpg",790,662,false],"1536x1536":["https:\/\/www.salon-medecinedouce.com\/lyon\/wp-content\/uploads\/sites\/12\/2022\/01\/Sans-titre-53.jpg",940,788,false],"2048x2048":["https:\/\/www.salon-medecinedouce.com\/lyon\/wp-content\/uploads\/sites\/12\/2022\/01\/Sans-titre-53.jpg",940,788,false],"gg_gallery_thumbnail":["https:\/\/www.salon-medecinedouce.com\/lyon\/wp-content\/uploads\/sites\/12\/2022\/01\/Sans-titre-53-450x250.jpg",450,250,true],"rpwe-thumbnail":["https:\/\/www.salon-medecinedouce.com\/lyon\/wp-content\/uploads\/sites\/12\/2022\/01\/Sans-titre-53-45x45.jpg",45,45,true]},"rttpg_author":{"display_name":"nadia","author_link":"https:\/\/www.salon-medecinedouce.com\/lyon\/author\/nadia\/"},"rttpg_comment":0,"rttpg_category":false,"rttpg_excerpt":"D\u00e9couvrez en exclusivit\u00e9 sur le salon Bien-\u00catre M\u00e9decine douce, les produits innovants dans le domaine du bien-\u00eatre lanc\u00e9s r\u00e9cemment sur le march\u00e9. La liste des jeunes entreprises 2027 sera prochainement en ligne. En attendant, re-d\u00e9couvrez la liste 2026 &gt;&gt; Demandez votre entr\u00e9e gratuite &nbsp; &nbsp;","_links":{"self":[{"href":"https:\/\/www.salon-medecinedouce.com\/lyon\/wp-json\/wp\/v2\/pages\/9917","targetHints":{"allow":["GET"]}}],"collection":[{"href":"https:\/\/www.salon-medecinedouce.com\/lyon\/wp-json\/wp\/v2\/pages"}],"about":[{"href":"https:\/\/www.salon-medecinedouce.com\/lyon\/wp-json\/wp\/v2\/types\/page"}],"author":[{"embeddable":true,"href":"https:\/\/www.salon-medecinedouce.com\/lyon\/wp-json\/wp\/v2\/users\/5"}],"replies":[{"embeddable":true,"href":"https:\/\/www.salon-medecinedouce.com\/lyon\/wp-json\/wp\/v2\/comments?post=9917"}],"version-history":[{"count":22,"href":"https:\/\/www.salon-medecinedouce.com\/lyon\/wp-json\/wp\/v2\/pages\/9917\/revisions"}],"predecessor-version":[{"id":15229,"href":"https:\/\/www.salon-medecinedouce.com\/lyon\/wp-json\/wp\/v2\/pages\/9917\/revisions\/15229"}],"up":[{"embeddable":true,"href":"https:\/\/www.salon-medecinedouce.com\/lyon\/wp-json\/wp\/v2\/pages\/2085"}],"wp:featuredmedia":[{"embeddable":true,"href":"https:\/\/www.salon-medecinedouce.com\/lyon\/wp-json\/wp\/v2\/media\/9918"}],"wp:attachment":[{"href":"https:\/\/www.salon-medecinedouce.com\/lyon\/wp-json\/wp\/v2\/media?parent=9917"}],"curies":[{"name":"wp","href":"https:\/\/api.w.org\/{rel}","templated":true}]}}