{"id":8348,"date":"2019-07-05T11:26:58","date_gmt":"2019-07-05T09:26:58","guid":{"rendered":"https:\/\/www.salon-medecinedouce.com\/lyon\/?page_id=8348"},"modified":"2019-07-05T11:26:58","modified_gmt":"2019-07-05T09:26:58","slug":"programme-des-ateliers-conferences-bien-etre-lyon-2019","status":"publish","type":"page","link":"https:\/\/www.salon-medecinedouce.com\/lyon\/programme-des-ateliers-conferences-bien-etre-lyon-2019\/","title":{"rendered":"Programme des ateliers-conf\u00e9rences Bien-\u00catre Lyon 2019"},"content":{"rendered":"<h3><img fetchpriority=\"high\" decoding=\"async\" class=\"alignnone size-full wp-image-6263\" src=\"https:\/\/www.salon-medecinedouce.com\/wp-content\/uploads\/sites\/12\/2018\/06\/BIEN-\u00caTRE-2018_\u00a9PHOTO-FAUST-FAVART_211-1.jpg\" alt=\"\" width=\"639\" height=\"280\" \/><\/h3>\n<p>Consultez le programme des ateliers-conf\u00e9rences Bien-\u00catre Lyon 2019.<span style=\"color: #7e495f;\"><br \/>\n<\/span><\/p>\n<p>Les ateliers-conf\u00e9rences se tiennent dans les salles suivantes :<\/p>\n<p><strong><span style=\"color: #e3723a;\">SALLE ATELIERS 1<\/span><\/strong><\/p>\n<p><strong><span style=\"color: #804d74;\">SALLE ATELIERS 2<\/span><\/strong><\/p>\n<p>&nbsp;<\/p>\n<h3><strong>Vendredi 3 Mai 2019<\/strong><\/h3>\n<p><strong><span style=\"color: #e3723a;\">11h<\/span><\/strong> Qu\u2019est-ce qu\u2019apporte le Feng Shui\u00a0? Comment am\u00e9liore-t-il notre vie\u00a0?<strong>Luc Torralba<\/strong><\/p>\n<p><strong><span style=\"color: #804d74;\">11h <\/span><\/strong>\u00c9nerg\u00e9ticienne gu\u00e9risseuse Reiki. <strong>Serena<\/strong><\/p>\n<p><strong><span style=\"color: #e3723a;\">12h<\/span><\/strong> L&rsquo;incoh\u00e9rence nutritionnelle et les fl\u00e9aux alimentaires \u00e0 la base de la d\u00e9g\u00e9n\u00e9rescence cellulaire. Explications et solutions.<strong> Dr Luc Le M\u00e9tayer Landr\u00e9<\/strong><\/p>\n<p><strong><span style=\"color: #804d74;\">12h<\/span><\/strong> Loi d&rsquo;attraction et hypnose : comment changer vers le mieux-\u00eatre ?<strong> Dany Dan Debeix<\/strong><\/p>\n<p><strong><span style=\"color: #e3723a;\">13h<\/span><\/strong> Drainage lymphatique Manuel Vodder.<strong> Anne-Marie Bidault<\/strong><\/p>\n<p><strong><span style=\"color: #804d74;\">13h<\/span><\/strong> D\u00e9couvrir les vertus du bicarbonate et de la grenade concentr\u00e9e.<strong> Gagik Saakian<\/strong><\/p>\n<p><strong><span style=\"color: #e3723a;\">14h<\/span><\/strong> \u00c9lixirs de cristaux pour le bien-\u00eatre du corps et de l&rsquo;esprit.<strong> Patrice David<\/strong><\/p>\n<p><strong><span style=\"color: #804d74;\">14h<\/span><\/strong> Les min\u00e9raux dans notre vie (gemmologie &#8211; th\u00e9rapie).<strong> Jean-Claude Kennedec<\/strong><\/p>\n<p><strong><span style=\"color: #e3723a;\">15h<\/span><\/strong> Les ondes scalaires. Les pollutions \u00e9lectromagn\u00e9tiques au service de notre sant\u00e9. Comment les utiliser ?<strong> Hubert Mauerer<\/strong><\/p>\n<p><span style=\"color: #804d74;\">15h<\/span> Le merveilleux pouvoir de votre inconscient et le tr\u00e9sor qui s&rsquo;y trouve.<strong> Lionel Agullo<\/strong><\/p>\n<p><strong><span style=\"color: #e3723a;\">16h<\/span><\/strong> Les plantes sauvages au service de nos douleurs et de notre sant\u00e9.<strong> Jean-Paul Clesse<\/strong><\/p>\n<p><strong><span style=\"color: #804d74;\">16h<\/span><\/strong> Les 12 pierres essentielles en lithoth\u00e9rapie pour am\u00e9liorer son bien-\u00eatre au quotidien.<strong> Wydiane Khaoua<\/strong><\/p>\n<p><strong><span style=\"color: #e3723a;\">17h<\/span><\/strong> D\u00e9couvrez le pouvoir de la pens\u00e9e et de l&rsquo;intuition.<strong> Vanessa Mielczareck et Gilles Guyon<\/strong><\/p>\n<p><strong><span style=\"color: #804d74;\">17h<\/span><\/strong> L&rsquo;approche naturopathique et quantique de la sant\u00e9.<strong> Philippe Cleyet Merle<\/strong><\/p>\n<p><strong><span style=\"color: #e3723a;\">18h<\/span><\/strong> Devenez naturo-praticien M\u00e9thode JMV\u00ae. Apprendre \u00e0 tester et \u00e9liminer les intol\u00e9rances alimentaires, allergies et troubles \u00e9motionnels.<strong> Jean-Marc Vergnolle<\/strong><\/p>\n<p><strong><span style=\"color: #804d74;\">18h<\/span><\/strong> Application de la th\u00e9rapie quantique. <strong>Claude-Jean et Nelda Lapostat<\/strong><\/p>\n<p>&nbsp;<\/p>\n<h3><strong>Samedi 4 Mai 2019<\/strong><\/h3>\n<p><strong><span style=\"color: #e3723a;\">11h\u00a0<\/span><\/strong>Ortho-bionomy\u00ae, comment le corps peut s&rsquo;auto-r\u00e9guler. <strong>Laure Demoisson<\/strong><\/p>\n<p><strong><span style=\"color: #804d74;\">11h<\/span><\/strong> Se former \u00e0 l&rsquo;hypnose : pr\u00e9sentation et d\u00e9bouch\u00e9s des formations de l&rsquo;ECH.<strong> Dany Dan Debeix<\/strong><\/p>\n<p><strong><span style=\"color: #e3723a;\">12h <\/span><\/strong>Drainage lymphatique Manuel Vodder.<strong> Anne-Marie Bidault<\/strong><\/p>\n<p><strong><span style=\"color: #804d74;\">12h<\/span><\/strong> La place de l&rsquo;iridologie en naturopathie.<strong> Luc Jean Parravicini<\/strong><\/p>\n<p><strong><span style=\"color: #e3723a;\">13h<\/span><\/strong> L&rsquo;Ayurveda, une nouvelle hygi\u00e8ne de vie.<strong> Jacques Wahl<\/strong><\/p>\n<p><strong><span style=\"color: #804d74;\">13h<\/span><\/strong> L&rsquo;approche naturopathique et quantique de la sant\u00e9.<strong> Philippe Cleyet Merle<\/strong><\/p>\n<p><strong><span style=\"color: #e3723a;\">14h<\/span> <\/strong>Les ondes scalaires. Les pollutions \u00e9lectromagn\u00e9tiques au service de notre sant\u00e9. Comment les utiliser ?<strong> Hubert Mauerer<\/strong><\/p>\n<p><strong><span style=\"color: #804d74;\">14h<\/span> <\/strong>Les min\u00e9raux dans notre vie (gemmologie &#8211; th\u00e9rapie).<strong> Jean-Claude Kennedec<\/strong><\/p>\n<p><strong><span style=\"color: #e3723a;\">15h<\/span><\/strong> \u00c9lixirs de cristaux : une r\u00e9ponse au stress, anxi\u00e9t\u00e9, sommeil, pollen&#8230;<strong> Patrice David<\/strong><\/p>\n<p><strong><span style=\"color: #804d74;\">15h<\/span><\/strong> Le merveilleux pouvoir de votre inconscient et le tr\u00e9sor qui s&rsquo;y trouve.<strong> Lionel Agullo<\/strong><\/p>\n<p><strong><span style=\"color: #e3723a;\">16h<\/span><\/strong> Les plantes sauvages au service de nos douleurs et de notre sant\u00e9.<strong> Jean-Paul Clesse<\/strong><\/p>\n<p><strong><span style=\"color: #804d74;\">16h<\/span> <\/strong>Les bienfaits de l&rsquo;eau structur\u00e9e sur votre corps. <strong>Madiana Lema\u00eetre<\/strong><\/p>\n<p><strong><span style=\"color: #e3723a;\">17h<\/span><\/strong> L&rsquo;importance des prot\u00e9ines dans l&rsquo;alimentation quotidienne.<strong> Thibaut Favre de Thierrens<\/strong><\/p>\n<p><strong><span style=\"color: #804d74;\">17h<\/span><\/strong> Am\u00e9liorer l&rsquo;intuition et la confiance en soi avec l&rsquo;aide des cristaux.<strong> Wydiane Khaoua<\/strong><\/p>\n<p><strong><span style=\"color: #e3723a;\">18h<\/span><\/strong> Lib\u00e9rez-vous de vos allergies. La m\u00e9thode Total Reset.<strong> Andrea K\u00fcper<br \/>\n<\/strong><\/p>\n<p><strong><span style=\"color: #804d74;\">18h<\/span><\/strong> Intervention de <strong>l\u2019\u00c9COLE D&rsquo;\u00c9NN\u00c9AGRAMME ANN&rsquo;FRANCE<\/strong><\/p>\n<h3><strong>Dimanche 5 Mai 2019<\/strong><\/h3>\n<p><strong><span style=\"color: #e3723a;\">11h<\/span><\/strong> Qu\u2019est-ce qu\u2019apporte le Feng Shui\u00a0? Comment am\u00e9liore-t-il notre vie\u00a0? <strong>Luc Torralba<\/strong><\/p>\n<p><strong><span style=\"color: #804d74;\">11h<\/span><\/strong> Am\u00e9liorer sa sant\u00e9 par l&rsquo;auto-hypnose et soigner par l&rsquo;hypnose.<strong> Dany Dan Debeix<\/strong><\/p>\n<p><strong><span style=\"color: #e3723a;\">12h<\/span><\/strong> Le merveilleux pouvoir de votre inconscient et le tr\u00e9sor qui s&rsquo;y trouve.<strong> Lionel Agullo<\/strong><\/p>\n<p><strong><span style=\"color: #804d74;\">12h\u00a0<\/span><\/strong>Toujours au top avec la m\u00e9decine quantique.<strong> Vincent Tejedor<\/strong><\/p>\n<p><strong><span style=\"color: #e3723a;\">13h<\/span><\/strong> Vivre sa mission de vie avec le coaching intuitif.<strong> Vanessa Mielczareck et Gilles Guyon<\/strong><\/p>\n<p><strong><span style=\"color: #804d74;\">13h<\/span><\/strong> Les algues marines, aliments complets alcalins d\u00e9toxiquant et surtout une r\u00e9ponse<\/p>\n<p>naturelle \u00e0 l&rsquo;acidification organique et humorale.<strong> Dr Luc Le M\u00e9tayer-Landr\u00e9<\/strong><\/p>\n<p><strong><span style=\"color: #e3723a;\">14h<\/span><\/strong> Les min\u00e9raux dans notre vie (gemmologie &#8211; th\u00e9rapie).<strong> Jean-Claude Kennedec<\/strong><\/p>\n<p><strong><span style=\"color: #804d74;\">14h<\/span><\/strong> Les plantes sauvages au service de nos douleurs et de notre sant\u00e9.<strong> Jean-Paul Clesse<\/strong><\/p>\n<p><strong><span style=\"color: #e3723a;\">15h<\/span><\/strong> Devenez naturo-praticien M\u00e9thode JMV\u00ae. Apprendre \u00e0 tester et \u00e9liminer les intol\u00e9rances alimentaires, allergies et troubles \u00e9motionnels.<strong> Jean-Marc Vergnolle<\/strong><\/p>\n<p><strong><span style=\"color: #804d74;\">15h<\/span><\/strong> Les 12 pierres essentielles en lithoth\u00e9rapie pour am\u00e9liorer son bien-\u00eatre au quotidien.<strong> Wydiane Khaoua<\/strong><\/p>\n<p><strong><span style=\"color: #e3723a;\">16h<\/span><\/strong> Les ondes scalaires. Les pollutions \u00e9lectromagn\u00e9tiques au service de notre sant\u00e9. Comment les utiliser ?<strong> Hubert Mauerer<\/strong><\/p>\n<p><strong><span style=\"color: #804d74;\">16h<\/span> <\/strong>Comment r\u00e9\u00e9duquer et pr\u00e9server sa vue gr\u00e2ce au yoga des yeux.<strong> Philippe Cleyet Merle<\/strong><\/p>\n<p><strong><span style=\"color: #e3723a;\">17h<\/span> <\/strong>Drainage lymphatique Manuel Vodder.<strong> Anne-Marie Bidault<\/strong><\/p>\n<p><strong><span style=\"color: #804d74;\">17h<\/span><\/strong> Application pratique des chakras \u00e0 la vie quotidienne.<strong> Annick Brofman<\/strong><\/p>\n<p><strong><span style=\"color: #e3723a;\">18h<\/span><\/strong> L&rsquo;influence des vies ant\u00e9rieures dans le pr\u00e9sent.<strong> Chrystel Rieder<\/strong><\/p>\n<p><strong><span style=\"color: #804d74;\">18h<\/span><\/strong> La m\u00e9decine \u00e9nerg\u00e9tique\u00a0: comment et pourquoi \u00e7a marche\u00a0? <strong>Marc Lambotte<\/strong><\/p>\n<p>&nbsp;<\/p>\n<p>&nbsp;<\/p>\n<p>&nbsp;<\/p>\n<p>&nbsp;<\/p>\n<p>&nbsp;<\/p>\n<p>&nbsp;<\/p>\n<p>&nbsp;<\/p>\n<div class=\"salon-pubs-hp-bas-de-page salon-entity-placement\" id=\"salon-565906427\"><div id=\"salon-778304341\"><a data-no-instant=\"1\" href=\"https:\/\/www.adntv.fr\/home?request_origin=tv_app\" rel=\"noopener\" class=\"a2t-link\" target=\"_blank\"><p><a href=\"https:\/\/www.adntv.fr\/home?request_origin=tv_app\"><img decoding=\"async\" class=\"wp-image-15075  aligncenter\" src=\"https:\/\/www.salon-medecinedouce.com\/lyon\/wp-content\/uploads\/sites\/12\/2021\/12\/ADNTV_BANNIERE_.jpg\" alt=\"\" width=\"515\" height=\"196\" srcset=\"https:\/\/www.salon-medecinedouce.com\/lyon\/wp-content\/uploads\/sites\/12\/2021\/12\/ADNTV_BANNIERE_.jpg 820w, https:\/\/www.salon-medecinedouce.com\/lyon\/wp-content\/uploads\/sites\/12\/2021\/12\/ADNTV_BANNIERE_-300x114.jpg 300w, https:\/\/www.salon-medecinedouce.com\/lyon\/wp-content\/uploads\/sites\/12\/2021\/12\/ADNTV_BANNIERE_-768x292.jpg 768w, https:\/\/www.salon-medecinedouce.com\/lyon\/wp-content\/uploads\/sites\/12\/2021\/12\/ADNTV_BANNIERE_-150x57.jpg 150w, https:\/\/www.salon-medecinedouce.com\/lyon\/wp-content\/uploads\/sites\/12\/2021\/12\/ADNTV_BANNIERE_-500x190.jpg 500w\" sizes=\"(max-width: 515px) 100vw, 515px\" \/><\/a><\/p>\n<\/a><\/div><\/div>","protected":false},"excerpt":{"rendered":"<p>Consultez le programme des ateliers-conf\u00e9rences Bien-\u00catre Lyon 2019. Les ateliers-conf\u00e9rences se tiennent dans les salles suivantes : SALLE ATELIERS 1 SALLE ATELIERS 2 &nbsp; Vendredi 3 Mai 2019 11h Qu\u2019est-ce qu\u2019apporte le Feng Shui\u00a0? Comment am\u00e9liore-t-il notre vie\u00a0?Luc Torralba 11h \u00c9nerg\u00e9ticienne gu\u00e9risseuse Reiki. Serena 12h L&rsquo;incoh\u00e9rence nutritionnelle et les fl\u00e9aux alimentaires \u00e0 la base de&hellip; <\/p>\n","protected":false},"author":1,"featured_media":0,"parent":0,"menu_order":0,"comment_status":"closed","ping_status":"closed","template":"","meta":{"_monsterinsights_skip_tracking":false,"_monsterinsights_sitenote_active":false,"_monsterinsights_sitenote_note":"","_monsterinsights_sitenote_category":0,"footnotes":""},"class_list":["post-8348","page","type-page","status-publish","hentry"],"yoast_head":"<!-- This site is optimized with the Yoast SEO plugin v27.5 - https:\/\/yoast.com\/product\/yoast-seo-wordpress\/ -->\n<title>Programme des ateliers-conf\u00e9rences Bien-\u00catre Lyon 2019 - Bien-\u00eatre Lyon<\/title>\n<meta name=\"robots\" content=\"index, follow, max-snippet:-1, max-image-preview:large, max-video-preview:-1\" \/>\n<link rel=\"canonical\" href=\"https:\/\/www.salon-medecinedouce.com\/lyon\/programme-des-ateliers-conferences-bien-etre-lyon-2019\/\" \/>\n<meta property=\"og:locale\" content=\"fr_FR\" \/>\n<meta property=\"og:type\" content=\"article\" \/>\n<meta property=\"og:title\" content=\"Programme des ateliers-conf\u00e9rences Bien-\u00catre Lyon 2019 - Bien-\u00eatre Lyon\" \/>\n<meta property=\"og:description\" content=\"Consultez le programme des ateliers-conf\u00e9rences Bien-\u00catre Lyon 2019. Les ateliers-conf\u00e9rences se tiennent dans les salles suivantes : SALLE ATELIERS 1 SALLE ATELIERS 2 &nbsp; Vendredi 3 Mai 2019 11h Qu\u2019est-ce qu\u2019apporte le Feng Shui\u00a0? Comment am\u00e9liore-t-il notre vie\u00a0?Luc Torralba 11h \u00c9nerg\u00e9ticienne gu\u00e9risseuse Reiki. Serena 12h L&rsquo;incoh\u00e9rence nutritionnelle et les fl\u00e9aux alimentaires \u00e0 la base de&hellip;\" \/>\n<meta property=\"og:url\" content=\"https:\/\/www.salon-medecinedouce.com\/lyon\/programme-des-ateliers-conferences-bien-etre-lyon-2019\/\" \/>\n<meta property=\"og:site_name\" content=\"Bien-\u00eatre Lyon\" \/>\n<meta property=\"og:image\" content=\"https:\/\/www.salon-medecinedouce.com\/wp-content\/uploads\/sites\/12\/2018\/06\/BIEN-\u00caTRE-2018_\u00a9PHOTO-FAUST-FAVART_211-1.jpg\" \/>\n<meta name=\"twitter:card\" content=\"summary_large_image\" \/>\n<meta name=\"twitter:label1\" content=\"Dur\u00e9e de lecture estim\u00e9e\" \/>\n\t<meta name=\"twitter:data1\" content=\"4 minutes\" \/>\n<script type=\"application\/ld+json\" class=\"yoast-schema-graph\">{\"@context\":\"https:\\\/\\\/schema.org\",\"@graph\":[{\"@type\":\"WebPage\",\"@id\":\"https:\\\/\\\/www.salon-medecinedouce.com\\\/lyon\\\/programme-des-ateliers-conferences-bien-etre-lyon-2019\\\/\",\"url\":\"https:\\\/\\\/www.salon-medecinedouce.com\\\/lyon\\\/programme-des-ateliers-conferences-bien-etre-lyon-2019\\\/\",\"name\":\"Programme des ateliers-conf\u00e9rences Bien-\u00catre Lyon 2019 - Bien-\u00eatre Lyon\",\"isPartOf\":{\"@id\":\"https:\\\/\\\/www.salon-medecinedouce.com\\\/lyon\\\/#website\"},\"datePublished\":\"2019-07-05T09:26:58+00:00\",\"breadcrumb\":{\"@id\":\"https:\\\/\\\/www.salon-medecinedouce.com\\\/lyon\\\/programme-des-ateliers-conferences-bien-etre-lyon-2019\\\/#breadcrumb\"},\"inLanguage\":\"fr-FR\",\"potentialAction\":[{\"@type\":\"ReadAction\",\"target\":[\"https:\\\/\\\/www.salon-medecinedouce.com\\\/lyon\\\/programme-des-ateliers-conferences-bien-etre-lyon-2019\\\/\"]}]},{\"@type\":\"BreadcrumbList\",\"@id\":\"https:\\\/\\\/www.salon-medecinedouce.com\\\/lyon\\\/programme-des-ateliers-conferences-bien-etre-lyon-2019\\\/#breadcrumb\",\"itemListElement\":[{\"@type\":\"ListItem\",\"position\":1,\"name\":\"Accueil\",\"item\":\"https:\\\/\\\/www.salon-medecinedouce.com\\\/lyon\\\/\"},{\"@type\":\"ListItem\",\"position\":2,\"name\":\"Programme des ateliers-conf\u00e9rences Bien-\u00catre Lyon 2019\"}]},{\"@type\":\"WebSite\",\"@id\":\"https:\\\/\\\/www.salon-medecinedouce.com\\\/lyon\\\/#website\",\"url\":\"https:\\\/\\\/www.salon-medecinedouce.com\\\/lyon\\\/\",\"name\":\"Bien-\u00eatre Lyon\",\"description\":\"La sant\u00e9 au naturel : M\u00e9decines douces - Compl\u00e9ments alimentaires - Alimentation saine - Cosm\u00e9tiques naturelles - Art de vivre - Tourisme de sant\u00e9\",\"publisher\":{\"@id\":\"https:\\\/\\\/www.salon-medecinedouce.com\\\/lyon\\\/#organization\"},\"potentialAction\":[{\"@type\":\"SearchAction\",\"target\":{\"@type\":\"EntryPoint\",\"urlTemplate\":\"https:\\\/\\\/www.salon-medecinedouce.com\\\/lyon\\\/?s={search_term_string}\"},\"query-input\":{\"@type\":\"PropertyValueSpecification\",\"valueRequired\":true,\"valueName\":\"search_term_string\"}}],\"inLanguage\":\"fr-FR\"},{\"@type\":\"Organization\",\"@id\":\"https:\\\/\\\/www.salon-medecinedouce.com\\\/lyon\\\/#organization\",\"name\":\"Bien-\u00eatre Lyon\",\"url\":\"https:\\\/\\\/www.salon-medecinedouce.com\\\/lyon\\\/\",\"logo\":{\"@type\":\"ImageObject\",\"inLanguage\":\"fr-FR\",\"@id\":\"https:\\\/\\\/www.salon-medecinedouce.com\\\/lyon\\\/#\\\/schema\\\/logo\\\/image\\\/\",\"url\":\"https:\\\/\\\/www.salon-medecinedouce.com\\\/lyon\\\/wp-content\\\/uploads\\\/sites\\\/12\\\/2024\\\/05\\\/cropped-logo-orange-bemd.png\",\"contentUrl\":\"https:\\\/\\\/www.salon-medecinedouce.com\\\/lyon\\\/wp-content\\\/uploads\\\/sites\\\/12\\\/2024\\\/05\\\/cropped-logo-orange-bemd.png\",\"width\":591,\"height\":591,\"caption\":\"Bien-\u00eatre Lyon\"},\"image\":{\"@id\":\"https:\\\/\\\/www.salon-medecinedouce.com\\\/lyon\\\/#\\\/schema\\\/logo\\\/image\\\/\"}}]}<\/script>\n<!-- \/ Yoast SEO plugin. -->","yoast_head_json":{"title":"Programme des ateliers-conf\u00e9rences Bien-\u00catre Lyon 2019 - Bien-\u00eatre Lyon","robots":{"index":"index","follow":"follow","max-snippet":"max-snippet:-1","max-image-preview":"max-image-preview:large","max-video-preview":"max-video-preview:-1"},"canonical":"https:\/\/www.salon-medecinedouce.com\/lyon\/programme-des-ateliers-conferences-bien-etre-lyon-2019\/","og_locale":"fr_FR","og_type":"article","og_title":"Programme des ateliers-conf\u00e9rences Bien-\u00catre Lyon 2019 - Bien-\u00eatre Lyon","og_description":"Consultez le programme des ateliers-conf\u00e9rences Bien-\u00catre Lyon 2019. Les ateliers-conf\u00e9rences se tiennent dans les salles suivantes : SALLE ATELIERS 1 SALLE ATELIERS 2 &nbsp; Vendredi 3 Mai 2019 11h Qu\u2019est-ce qu\u2019apporte le Feng Shui\u00a0? Comment am\u00e9liore-t-il notre vie\u00a0?Luc Torralba 11h \u00c9nerg\u00e9ticienne gu\u00e9risseuse Reiki. Serena 12h L&rsquo;incoh\u00e9rence nutritionnelle et les fl\u00e9aux alimentaires \u00e0 la base de&hellip;","og_url":"https:\/\/www.salon-medecinedouce.com\/lyon\/programme-des-ateliers-conferences-bien-etre-lyon-2019\/","og_site_name":"Bien-\u00eatre Lyon","og_image":[{"url":"https:\/\/www.salon-medecinedouce.com\/wp-content\/uploads\/sites\/12\/2018\/06\/BIEN-\u00caTRE-2018_\u00a9PHOTO-FAUST-FAVART_211-1.jpg","type":"","width":"","height":""}],"twitter_card":"summary_large_image","twitter_misc":{"Dur\u00e9e de lecture estim\u00e9e":"4 minutes"},"schema":{"@context":"https:\/\/schema.org","@graph":[{"@type":"WebPage","@id":"https:\/\/www.salon-medecinedouce.com\/lyon\/programme-des-ateliers-conferences-bien-etre-lyon-2019\/","url":"https:\/\/www.salon-medecinedouce.com\/lyon\/programme-des-ateliers-conferences-bien-etre-lyon-2019\/","name":"Programme des ateliers-conf\u00e9rences Bien-\u00catre Lyon 2019 - Bien-\u00eatre Lyon","isPartOf":{"@id":"https:\/\/www.salon-medecinedouce.com\/lyon\/#website"},"datePublished":"2019-07-05T09:26:58+00:00","breadcrumb":{"@id":"https:\/\/www.salon-medecinedouce.com\/lyon\/programme-des-ateliers-conferences-bien-etre-lyon-2019\/#breadcrumb"},"inLanguage":"fr-FR","potentialAction":[{"@type":"ReadAction","target":["https:\/\/www.salon-medecinedouce.com\/lyon\/programme-des-ateliers-conferences-bien-etre-lyon-2019\/"]}]},{"@type":"BreadcrumbList","@id":"https:\/\/www.salon-medecinedouce.com\/lyon\/programme-des-ateliers-conferences-bien-etre-lyon-2019\/#breadcrumb","itemListElement":[{"@type":"ListItem","position":1,"name":"Accueil","item":"https:\/\/www.salon-medecinedouce.com\/lyon\/"},{"@type":"ListItem","position":2,"name":"Programme des ateliers-conf\u00e9rences Bien-\u00catre Lyon 2019"}]},{"@type":"WebSite","@id":"https:\/\/www.salon-medecinedouce.com\/lyon\/#website","url":"https:\/\/www.salon-medecinedouce.com\/lyon\/","name":"Bien-\u00eatre Lyon","description":"La sant\u00e9 au naturel : M\u00e9decines douces - Compl\u00e9ments alimentaires - Alimentation saine - Cosm\u00e9tiques naturelles - Art de vivre - Tourisme de sant\u00e9","publisher":{"@id":"https:\/\/www.salon-medecinedouce.com\/lyon\/#organization"},"potentialAction":[{"@type":"SearchAction","target":{"@type":"EntryPoint","urlTemplate":"https:\/\/www.salon-medecinedouce.com\/lyon\/?s={search_term_string}"},"query-input":{"@type":"PropertyValueSpecification","valueRequired":true,"valueName":"search_term_string"}}],"inLanguage":"fr-FR"},{"@type":"Organization","@id":"https:\/\/www.salon-medecinedouce.com\/lyon\/#organization","name":"Bien-\u00eatre Lyon","url":"https:\/\/www.salon-medecinedouce.com\/lyon\/","logo":{"@type":"ImageObject","inLanguage":"fr-FR","@id":"https:\/\/www.salon-medecinedouce.com\/lyon\/#\/schema\/logo\/image\/","url":"https:\/\/www.salon-medecinedouce.com\/lyon\/wp-content\/uploads\/sites\/12\/2024\/05\/cropped-logo-orange-bemd.png","contentUrl":"https:\/\/www.salon-medecinedouce.com\/lyon\/wp-content\/uploads\/sites\/12\/2024\/05\/cropped-logo-orange-bemd.png","width":591,"height":591,"caption":"Bien-\u00eatre Lyon"},"image":{"@id":"https:\/\/www.salon-medecinedouce.com\/lyon\/#\/schema\/logo\/image\/"}}]}},"rttpg_featured_image_url":null,"rttpg_author":{"display_name":"admin","author_link":"https:\/\/www.salon-medecinedouce.com\/lyon\/author\/admin\/"},"rttpg_comment":0,"rttpg_category":false,"rttpg_excerpt":"Consultez le programme des ateliers-conf\u00e9rences Bien-\u00catre Lyon 2019. Les ateliers-conf\u00e9rences se tiennent dans les salles suivantes : SALLE ATELIERS 1 SALLE ATELIERS 2 &nbsp; Vendredi 3 Mai 2019 11h Qu\u2019est-ce qu\u2019apporte le Feng Shui\u00a0? Comment am\u00e9liore-t-il notre vie\u00a0?Luc Torralba 11h \u00c9nerg\u00e9ticienne gu\u00e9risseuse Reiki. Serena 12h L&rsquo;incoh\u00e9rence nutritionnelle et les fl\u00e9aux alimentaires \u00e0 la base de&hellip;","_links":{"self":[{"href":"https:\/\/www.salon-medecinedouce.com\/lyon\/wp-json\/wp\/v2\/pages\/8348","targetHints":{"allow":["GET"]}}],"collection":[{"href":"https:\/\/www.salon-medecinedouce.com\/lyon\/wp-json\/wp\/v2\/pages"}],"about":[{"href":"https:\/\/www.salon-medecinedouce.com\/lyon\/wp-json\/wp\/v2\/types\/page"}],"author":[{"embeddable":true,"href":"https:\/\/www.salon-medecinedouce.com\/lyon\/wp-json\/wp\/v2\/users\/1"}],"replies":[{"embeddable":true,"href":"https:\/\/www.salon-medecinedouce.com\/lyon\/wp-json\/wp\/v2\/comments?post=8348"}],"version-history":[{"count":1,"href":"https:\/\/www.salon-medecinedouce.com\/lyon\/wp-json\/wp\/v2\/pages\/8348\/revisions"}],"predecessor-version":[{"id":8349,"href":"https:\/\/www.salon-medecinedouce.com\/lyon\/wp-json\/wp\/v2\/pages\/8348\/revisions\/8349"}],"wp:attachment":[{"href":"https:\/\/www.salon-medecinedouce.com\/lyon\/wp-json\/wp\/v2\/media?parent=8348"}],"curies":[{"name":"wp","href":"https:\/\/api.w.org\/{rel}","templated":true}]}}