{"id":7407,"date":"2019-04-25T11:38:18","date_gmt":"2019-04-25T09:38:18","guid":{"rendered":"https:\/\/www.salon-medecinedouce.com\/lyon\/?page_id=7407"},"modified":"2023-12-11T10:20:59","modified_gmt":"2023-12-11T09:20:59","slug":"concert-de-handpan","status":"publish","type":"page","link":"https:\/\/www.salon-medecinedouce.com\/lyon\/concert-de-handpan\/","title":{"rendered":"Concert de handpan"},"content":{"rendered":"<h2>Venez-vous relaxer samedi soir en assistant \u00e0 un concert de Handpan<\/h2>\n<p><strong>\u00c0 17h45 le samedi 25 mars 2023, en salle de conf\u00e9rences, Quentin Kayser jouera un concert de Handpan. Cet instrument est r\u00e9put\u00e9 pour la magie de ses sonorit\u00e9s et l\u2019harmonie des m\u00e9lodies qui s\u2019en d\u00e9gagent.<\/strong><\/p>\n<p>Quentin Kayser, inlassable voyageur, a appris \u00e0 jouer de nombreux instruments et entretient sa passion pour la musique depuis son plus jeune \u00e2ge. C\u2019est seulement en 2012 qu\u2019il d\u00e9couvre le Handpan, un instrument qu\u2019il n\u2019a jamais plus quitt\u00e9. Son inspiration, il la tient de ses voyages et de ses relations avec les autres.<\/p>\n<p><img fetchpriority=\"high\" decoding=\"async\" class=\"aligncenter size-full wp-image-10946\" src=\"https:\/\/www.salon-medecinedouce.com\/lyon\/wp-content\/uploads\/sites\/12\/2023\/03\/concert-handpan-image-web-scaled.jpg\" alt=\"\" width=\"2048\" height=\"1285\" srcset=\"https:\/\/www.salon-medecinedouce.com\/lyon\/wp-content\/uploads\/sites\/12\/2023\/03\/concert-handpan-image-web-scaled.jpg 2048w, https:\/\/www.salon-medecinedouce.com\/lyon\/wp-content\/uploads\/sites\/12\/2023\/03\/concert-handpan-image-web-300x188.jpg 300w, https:\/\/www.salon-medecinedouce.com\/lyon\/wp-content\/uploads\/sites\/12\/2023\/03\/concert-handpan-image-web-1024x643.jpg 1024w, https:\/\/www.salon-medecinedouce.com\/lyon\/wp-content\/uploads\/sites\/12\/2023\/03\/concert-handpan-image-web-768x482.jpg 768w, https:\/\/www.salon-medecinedouce.com\/lyon\/wp-content\/uploads\/sites\/12\/2023\/03\/concert-handpan-image-web-1536x964.jpg 1536w, https:\/\/www.salon-medecinedouce.com\/lyon\/wp-content\/uploads\/sites\/12\/2023\/03\/concert-handpan-image-web-150x94.jpg 150w, https:\/\/www.salon-medecinedouce.com\/lyon\/wp-content\/uploads\/sites\/12\/2023\/03\/concert-handpan-image-web-500x314.jpg 500w\" sizes=\"(max-width: 2048px) 100vw, 2048px\" \/><\/p>\n<p>Pendant ce concert, Quentin Kayser interpr\u00e8te ses derni\u00e8res compositions au Handpan. Son objectif : vous faire prendre conscience de l\u2019harmonie des notes et des m\u00e9lodies que cet instrument peut cr\u00e9er. Pour chacune de ses compositions, il raconte les histoires qui l\u2019ont inspir\u00e9 pendant ses voyages, au cours de ses exp\u00e9riences personnelles ou de ses r\u00eaves et vous offre ainsi un chemin d\u2019exploration de ce qu\u2019il cr\u00e9e.<\/p>\n<p><img decoding=\"async\" class=\"alignnone size-large wp-image-7408\" src=\"https:\/\/www.salon-medecinedouce.com\/lyon\/wp-content\/uploads\/sites\/12\/2019\/04\/Capture-d\u2019e\u0301cran-2019-04-25-a\u0300-09.58.20-1024x511.png\" alt=\"\" width=\"790\" height=\"394\" srcset=\"https:\/\/www.salon-medecinedouce.com\/lyon\/wp-content\/uploads\/sites\/12\/2019\/04\/Capture-d\u2019e\u0301cran-2019-04-25-a\u0300-09.58.20-1024x511.png 1024w, https:\/\/www.salon-medecinedouce.com\/lyon\/wp-content\/uploads\/sites\/12\/2019\/04\/Capture-d\u2019e\u0301cran-2019-04-25-a\u0300-09.58.20-300x150.png 300w, https:\/\/www.salon-medecinedouce.com\/lyon\/wp-content\/uploads\/sites\/12\/2019\/04\/Capture-d\u2019e\u0301cran-2019-04-25-a\u0300-09.58.20-768x383.png 768w, https:\/\/www.salon-medecinedouce.com\/lyon\/wp-content\/uploads\/sites\/12\/2019\/04\/Capture-d\u2019e\u0301cran-2019-04-25-a\u0300-09.58.20-150x75.png 150w, https:\/\/www.salon-medecinedouce.com\/lyon\/wp-content\/uploads\/sites\/12\/2019\/04\/Capture-d\u2019e\u0301cran-2019-04-25-a\u0300-09.58.20-500x249.png 500w, https:\/\/www.salon-medecinedouce.com\/lyon\/wp-content\/uploads\/sites\/12\/2019\/04\/Capture-d\u2019e\u0301cran-2019-04-25-a\u0300-09.58.20.png 1055w\" sizes=\"(max-width: 790px) 100vw, 790px\" \/><\/p>\n<p>D\u00e9couvrez tout au long du salon le stand Handpan by Quentin Kayser &#8211; stand H10<\/p>\n<p>Pour en savoir plus :<br \/>\nRetrouvez son album sur son stand tout au long du salon. Pour un aper\u00e7u en vid\u00e9o, rendez-vous sur sa cha\u00eene Youtube. Si vous souhaitez en savoir plus sur Quentin Kayser, n\u2019h\u00e9sitez pas \u00e0 consulter sa <a href=\"https:\/\/www.facebook.com\/1peace\" target=\"_blank\" rel=\"noopener\">page Facebook<\/a>.<\/p>\n<p><a href=\"https:\/\/www.quentinkayser.com\/\" target=\"_blank\" rel=\"noopener\">https:\/\/www.quentinkayser.com\/\u00a0<\/a><\/p>\n<div class=\"salon-pubs-hp-bas-de-page salon-entity-placement\" id=\"salon-1751225743\"><div id=\"salon-24317380\"><a data-no-instant=\"1\" href=\"https:\/\/www.naia-kaolin-delphine.fr\/\" rel=\"noopener\" class=\"a2t-link\" target=\"_blank\"><p><a href=\"https:\/\/www.naia-kaolin-delphine.fr\/\"><img decoding=\"async\" class=\"wp-image-15074 size-full aligncenter\" src=\"https:\/\/www.salon-medecinedouce.com\/lyon\/wp-content\/uploads\/sites\/12\/2026\/01\/Naia-Kaolin-salon-LYON-2026.png\" alt=\"\" width=\"728\" height=\"90\" srcset=\"https:\/\/www.salon-medecinedouce.com\/lyon\/wp-content\/uploads\/sites\/12\/2026\/01\/Naia-Kaolin-salon-LYON-2026.png 728w, https:\/\/www.salon-medecinedouce.com\/lyon\/wp-content\/uploads\/sites\/12\/2026\/01\/Naia-Kaolin-salon-LYON-2026-300x37.png 300w, https:\/\/www.salon-medecinedouce.com\/lyon\/wp-content\/uploads\/sites\/12\/2026\/01\/Naia-Kaolin-salon-LYON-2026-150x19.png 150w, https:\/\/www.salon-medecinedouce.com\/lyon\/wp-content\/uploads\/sites\/12\/2026\/01\/Naia-Kaolin-salon-LYON-2026-500x62.png 500w\" sizes=\"(max-width: 728px) 100vw, 728px\" \/><\/a><\/p>\n<\/a><\/div><\/div>","protected":false},"excerpt":{"rendered":"<p>Venez-vous relaxer samedi soir en assistant \u00e0 un concert de Handpan \u00c0 17h45 le samedi 25 mars 2023, en salle de conf\u00e9rences, Quentin Kayser jouera un concert de Handpan. Cet instrument est r\u00e9put\u00e9 pour la magie de ses sonorit\u00e9s et l\u2019harmonie des m\u00e9lodies qui s\u2019en d\u00e9gagent. Quentin Kayser, inlassable voyageur, a appris \u00e0 jouer de&hellip; <\/p>\n","protected":false},"author":1,"featured_media":0,"parent":0,"menu_order":0,"comment_status":"closed","ping_status":"closed","template":"","meta":{"_monsterinsights_skip_tracking":false,"_monsterinsights_sitenote_active":false,"_monsterinsights_sitenote_note":"","_monsterinsights_sitenote_category":0,"footnotes":""},"class_list":["post-7407","page","type-page","status-publish","hentry"],"yoast_head":"<!-- This site is optimized with the Yoast SEO plugin v27.3 - https:\/\/yoast.com\/product\/yoast-seo-wordpress\/ -->\n<title>Concert de handpan - Bien-\u00eatre Lyon<\/title>\n<meta name=\"robots\" content=\"index, follow, max-snippet:-1, max-image-preview:large, max-video-preview:-1\" \/>\n<link rel=\"canonical\" href=\"https:\/\/www.salon-medecinedouce.com\/lyon\/concert-de-handpan\/\" \/>\n<meta property=\"og:locale\" content=\"fr_FR\" \/>\n<meta property=\"og:type\" content=\"article\" \/>\n<meta property=\"og:title\" content=\"Concert de handpan - Bien-\u00eatre Lyon\" \/>\n<meta property=\"og:description\" content=\"Venez-vous relaxer samedi soir en assistant \u00e0 un concert de Handpan \u00c0 17h45 le samedi 25 mars 2023, en salle de conf\u00e9rences, Quentin Kayser jouera un concert de Handpan. Cet instrument est r\u00e9put\u00e9 pour la magie de ses sonorit\u00e9s et l\u2019harmonie des m\u00e9lodies qui s\u2019en d\u00e9gagent. Quentin Kayser, inlassable voyageur, a appris \u00e0 jouer de&hellip;\" \/>\n<meta property=\"og:url\" content=\"https:\/\/www.salon-medecinedouce.com\/lyon\/concert-de-handpan\/\" \/>\n<meta property=\"og:site_name\" content=\"Bien-\u00eatre Lyon\" \/>\n<meta property=\"article:modified_time\" content=\"2023-12-11T09:20:59+00:00\" \/>\n<meta property=\"og:image\" content=\"https:\/\/www.salon-medecinedouce.com\/lyon\/wp-content\/uploads\/sites\/12\/2023\/03\/concert-handpan-image-web-scaled.jpg\" \/>\n<meta name=\"twitter:card\" content=\"summary_large_image\" \/>\n<meta name=\"twitter:label1\" content=\"Dur\u00e9e de lecture estim\u00e9e\" \/>\n\t<meta name=\"twitter:data1\" content=\"2 minutes\" \/>\n<script type=\"application\/ld+json\" class=\"yoast-schema-graph\">{\"@context\":\"https:\\\/\\\/schema.org\",\"@graph\":[{\"@type\":\"WebPage\",\"@id\":\"https:\\\/\\\/www.salon-medecinedouce.com\\\/lyon\\\/concert-de-handpan\\\/\",\"url\":\"https:\\\/\\\/www.salon-medecinedouce.com\\\/lyon\\\/concert-de-handpan\\\/\",\"name\":\"Concert de handpan - Bien-\u00eatre Lyon\",\"isPartOf\":{\"@id\":\"https:\\\/\\\/www.salon-medecinedouce.com\\\/lyon\\\/#website\"},\"primaryImageOfPage\":{\"@id\":\"https:\\\/\\\/www.salon-medecinedouce.com\\\/lyon\\\/concert-de-handpan\\\/#primaryimage\"},\"image\":{\"@id\":\"https:\\\/\\\/www.salon-medecinedouce.com\\\/lyon\\\/concert-de-handpan\\\/#primaryimage\"},\"thumbnailUrl\":\"https:\\\/\\\/www.salon-medecinedouce.com\\\/lyon\\\/wp-content\\\/uploads\\\/sites\\\/12\\\/2023\\\/03\\\/concert-handpan-image-web-scaled.jpg\",\"datePublished\":\"2019-04-25T09:38:18+00:00\",\"dateModified\":\"2023-12-11T09:20:59+00:00\",\"breadcrumb\":{\"@id\":\"https:\\\/\\\/www.salon-medecinedouce.com\\\/lyon\\\/concert-de-handpan\\\/#breadcrumb\"},\"inLanguage\":\"fr-FR\",\"potentialAction\":[{\"@type\":\"ReadAction\",\"target\":[\"https:\\\/\\\/www.salon-medecinedouce.com\\\/lyon\\\/concert-de-handpan\\\/\"]}]},{\"@type\":\"ImageObject\",\"inLanguage\":\"fr-FR\",\"@id\":\"https:\\\/\\\/www.salon-medecinedouce.com\\\/lyon\\\/concert-de-handpan\\\/#primaryimage\",\"url\":\"https:\\\/\\\/www.salon-medecinedouce.com\\\/lyon\\\/wp-content\\\/uploads\\\/sites\\\/12\\\/2023\\\/03\\\/concert-handpan-image-web-scaled.jpg\",\"contentUrl\":\"https:\\\/\\\/www.salon-medecinedouce.com\\\/lyon\\\/wp-content\\\/uploads\\\/sites\\\/12\\\/2023\\\/03\\\/concert-handpan-image-web-scaled.jpg\",\"width\":2048,\"height\":1285},{\"@type\":\"BreadcrumbList\",\"@id\":\"https:\\\/\\\/www.salon-medecinedouce.com\\\/lyon\\\/concert-de-handpan\\\/#breadcrumb\",\"itemListElement\":[{\"@type\":\"ListItem\",\"position\":1,\"name\":\"Accueil\",\"item\":\"https:\\\/\\\/www.salon-medecinedouce.com\\\/lyon\\\/\"},{\"@type\":\"ListItem\",\"position\":2,\"name\":\"Concert de handpan\"}]},{\"@type\":\"WebSite\",\"@id\":\"https:\\\/\\\/www.salon-medecinedouce.com\\\/lyon\\\/#website\",\"url\":\"https:\\\/\\\/www.salon-medecinedouce.com\\\/lyon\\\/\",\"name\":\"Bien-\u00eatre Lyon\",\"description\":\"La sant\u00e9 au naturel : M\u00e9decines douces - Compl\u00e9ments alimentaires - Alimentation saine - Cosm\u00e9tiques naturelles - Art de vivre - Tourisme de sant\u00e9\",\"publisher\":{\"@id\":\"https:\\\/\\\/www.salon-medecinedouce.com\\\/lyon\\\/#organization\"},\"potentialAction\":[{\"@type\":\"SearchAction\",\"target\":{\"@type\":\"EntryPoint\",\"urlTemplate\":\"https:\\\/\\\/www.salon-medecinedouce.com\\\/lyon\\\/?s={search_term_string}\"},\"query-input\":{\"@type\":\"PropertyValueSpecification\",\"valueRequired\":true,\"valueName\":\"search_term_string\"}}],\"inLanguage\":\"fr-FR\"},{\"@type\":\"Organization\",\"@id\":\"https:\\\/\\\/www.salon-medecinedouce.com\\\/lyon\\\/#organization\",\"name\":\"Bien-\u00eatre Lyon\",\"url\":\"https:\\\/\\\/www.salon-medecinedouce.com\\\/lyon\\\/\",\"logo\":{\"@type\":\"ImageObject\",\"inLanguage\":\"fr-FR\",\"@id\":\"https:\\\/\\\/www.salon-medecinedouce.com\\\/lyon\\\/#\\\/schema\\\/logo\\\/image\\\/\",\"url\":\"https:\\\/\\\/www.salon-medecinedouce.com\\\/lyon\\\/wp-content\\\/uploads\\\/sites\\\/12\\\/2024\\\/05\\\/cropped-logo-orange-bemd.png\",\"contentUrl\":\"https:\\\/\\\/www.salon-medecinedouce.com\\\/lyon\\\/wp-content\\\/uploads\\\/sites\\\/12\\\/2024\\\/05\\\/cropped-logo-orange-bemd.png\",\"width\":591,\"height\":591,\"caption\":\"Bien-\u00eatre Lyon\"},\"image\":{\"@id\":\"https:\\\/\\\/www.salon-medecinedouce.com\\\/lyon\\\/#\\\/schema\\\/logo\\\/image\\\/\"}}]}<\/script>\n<!-- \/ Yoast SEO plugin. -->","yoast_head_json":{"title":"Concert de handpan - Bien-\u00eatre Lyon","robots":{"index":"index","follow":"follow","max-snippet":"max-snippet:-1","max-image-preview":"max-image-preview:large","max-video-preview":"max-video-preview:-1"},"canonical":"https:\/\/www.salon-medecinedouce.com\/lyon\/concert-de-handpan\/","og_locale":"fr_FR","og_type":"article","og_title":"Concert de handpan - Bien-\u00eatre Lyon","og_description":"Venez-vous relaxer samedi soir en assistant \u00e0 un concert de Handpan \u00c0 17h45 le samedi 25 mars 2023, en salle de conf\u00e9rences, Quentin Kayser jouera un concert de Handpan. Cet instrument est r\u00e9put\u00e9 pour la magie de ses sonorit\u00e9s et l\u2019harmonie des m\u00e9lodies qui s\u2019en d\u00e9gagent. Quentin Kayser, inlassable voyageur, a appris \u00e0 jouer de&hellip;","og_url":"https:\/\/www.salon-medecinedouce.com\/lyon\/concert-de-handpan\/","og_site_name":"Bien-\u00eatre Lyon","article_modified_time":"2023-12-11T09:20:59+00:00","og_image":[{"url":"https:\/\/www.salon-medecinedouce.com\/lyon\/wp-content\/uploads\/sites\/12\/2023\/03\/concert-handpan-image-web-scaled.jpg","type":"","width":"","height":""}],"twitter_card":"summary_large_image","twitter_misc":{"Dur\u00e9e de lecture estim\u00e9e":"2 minutes"},"schema":{"@context":"https:\/\/schema.org","@graph":[{"@type":"WebPage","@id":"https:\/\/www.salon-medecinedouce.com\/lyon\/concert-de-handpan\/","url":"https:\/\/www.salon-medecinedouce.com\/lyon\/concert-de-handpan\/","name":"Concert de handpan - Bien-\u00eatre Lyon","isPartOf":{"@id":"https:\/\/www.salon-medecinedouce.com\/lyon\/#website"},"primaryImageOfPage":{"@id":"https:\/\/www.salon-medecinedouce.com\/lyon\/concert-de-handpan\/#primaryimage"},"image":{"@id":"https:\/\/www.salon-medecinedouce.com\/lyon\/concert-de-handpan\/#primaryimage"},"thumbnailUrl":"https:\/\/www.salon-medecinedouce.com\/lyon\/wp-content\/uploads\/sites\/12\/2023\/03\/concert-handpan-image-web-scaled.jpg","datePublished":"2019-04-25T09:38:18+00:00","dateModified":"2023-12-11T09:20:59+00:00","breadcrumb":{"@id":"https:\/\/www.salon-medecinedouce.com\/lyon\/concert-de-handpan\/#breadcrumb"},"inLanguage":"fr-FR","potentialAction":[{"@type":"ReadAction","target":["https:\/\/www.salon-medecinedouce.com\/lyon\/concert-de-handpan\/"]}]},{"@type":"ImageObject","inLanguage":"fr-FR","@id":"https:\/\/www.salon-medecinedouce.com\/lyon\/concert-de-handpan\/#primaryimage","url":"https:\/\/www.salon-medecinedouce.com\/lyon\/wp-content\/uploads\/sites\/12\/2023\/03\/concert-handpan-image-web-scaled.jpg","contentUrl":"https:\/\/www.salon-medecinedouce.com\/lyon\/wp-content\/uploads\/sites\/12\/2023\/03\/concert-handpan-image-web-scaled.jpg","width":2048,"height":1285},{"@type":"BreadcrumbList","@id":"https:\/\/www.salon-medecinedouce.com\/lyon\/concert-de-handpan\/#breadcrumb","itemListElement":[{"@type":"ListItem","position":1,"name":"Accueil","item":"https:\/\/www.salon-medecinedouce.com\/lyon\/"},{"@type":"ListItem","position":2,"name":"Concert de handpan"}]},{"@type":"WebSite","@id":"https:\/\/www.salon-medecinedouce.com\/lyon\/#website","url":"https:\/\/www.salon-medecinedouce.com\/lyon\/","name":"Bien-\u00eatre Lyon","description":"La sant\u00e9 au naturel : M\u00e9decines douces - Compl\u00e9ments alimentaires - Alimentation saine - Cosm\u00e9tiques naturelles - Art de vivre - Tourisme de sant\u00e9","publisher":{"@id":"https:\/\/www.salon-medecinedouce.com\/lyon\/#organization"},"potentialAction":[{"@type":"SearchAction","target":{"@type":"EntryPoint","urlTemplate":"https:\/\/www.salon-medecinedouce.com\/lyon\/?s={search_term_string}"},"query-input":{"@type":"PropertyValueSpecification","valueRequired":true,"valueName":"search_term_string"}}],"inLanguage":"fr-FR"},{"@type":"Organization","@id":"https:\/\/www.salon-medecinedouce.com\/lyon\/#organization","name":"Bien-\u00eatre Lyon","url":"https:\/\/www.salon-medecinedouce.com\/lyon\/","logo":{"@type":"ImageObject","inLanguage":"fr-FR","@id":"https:\/\/www.salon-medecinedouce.com\/lyon\/#\/schema\/logo\/image\/","url":"https:\/\/www.salon-medecinedouce.com\/lyon\/wp-content\/uploads\/sites\/12\/2024\/05\/cropped-logo-orange-bemd.png","contentUrl":"https:\/\/www.salon-medecinedouce.com\/lyon\/wp-content\/uploads\/sites\/12\/2024\/05\/cropped-logo-orange-bemd.png","width":591,"height":591,"caption":"Bien-\u00eatre Lyon"},"image":{"@id":"https:\/\/www.salon-medecinedouce.com\/lyon\/#\/schema\/logo\/image\/"}}]}},"rttpg_featured_image_url":null,"rttpg_author":{"display_name":"admin","author_link":"https:\/\/www.salon-medecinedouce.com\/lyon\/author\/admin\/"},"rttpg_comment":0,"rttpg_category":false,"rttpg_excerpt":"Venez-vous relaxer samedi soir en assistant \u00e0 un concert de Handpan \u00c0 17h45 le samedi 25 mars 2023, en salle de conf\u00e9rences, Quentin Kayser jouera un concert de Handpan. Cet instrument est r\u00e9put\u00e9 pour la magie de ses sonorit\u00e9s et l\u2019harmonie des m\u00e9lodies qui s\u2019en d\u00e9gagent. Quentin Kayser, inlassable voyageur, a appris \u00e0 jouer de&hellip;","_links":{"self":[{"href":"https:\/\/www.salon-medecinedouce.com\/lyon\/wp-json\/wp\/v2\/pages\/7407","targetHints":{"allow":["GET"]}}],"collection":[{"href":"https:\/\/www.salon-medecinedouce.com\/lyon\/wp-json\/wp\/v2\/pages"}],"about":[{"href":"https:\/\/www.salon-medecinedouce.com\/lyon\/wp-json\/wp\/v2\/types\/page"}],"author":[{"embeddable":true,"href":"https:\/\/www.salon-medecinedouce.com\/lyon\/wp-json\/wp\/v2\/users\/1"}],"replies":[{"embeddable":true,"href":"https:\/\/www.salon-medecinedouce.com\/lyon\/wp-json\/wp\/v2\/comments?post=7407"}],"version-history":[{"count":5,"href":"https:\/\/www.salon-medecinedouce.com\/lyon\/wp-json\/wp\/v2\/pages\/7407\/revisions"}],"predecessor-version":[{"id":11505,"href":"https:\/\/www.salon-medecinedouce.com\/lyon\/wp-json\/wp\/v2\/pages\/7407\/revisions\/11505"}],"wp:attachment":[{"href":"https:\/\/www.salon-medecinedouce.com\/lyon\/wp-json\/wp\/v2\/media?parent=7407"}],"curies":[{"name":"wp","href":"https:\/\/api.w.org\/{rel}","templated":true}]}}