{"id":6987,"date":"2019-04-10T18:18:50","date_gmt":"2019-04-10T16:18:50","guid":{"rendered":"https:\/\/www.salon-medecinedouce.com\/lyon\/?page_id=6987"},"modified":"2020-03-23T12:47:11","modified_gmt":"2020-03-23T11:47:11","slug":"parcours-des-formations","status":"publish","type":"page","link":"https:\/\/www.salon-medecinedouce.com\/lyon\/visiter\/parcours-des-formations\/","title":{"rendered":"Village des formations professionnelles"},"content":{"rendered":"<p>&nbsp;<\/p>\n<h2><img fetchpriority=\"high\" decoding=\"async\" class=\"alignnone size-full wp-image-8281\" src=\"https:\/\/www.salon-medecinedouce.com\/lyon\/wp-content\/uploads\/sites\/12\/2019\/06\/AdobeStock_139446052.jpg\" alt=\"\" width=\"840\" height=\"250\" srcset=\"https:\/\/www.salon-medecinedouce.com\/lyon\/wp-content\/uploads\/sites\/12\/2019\/06\/AdobeStock_139446052.jpg 840w, https:\/\/www.salon-medecinedouce.com\/lyon\/wp-content\/uploads\/sites\/12\/2019\/06\/AdobeStock_139446052-300x89.jpg 300w, https:\/\/www.salon-medecinedouce.com\/lyon\/wp-content\/uploads\/sites\/12\/2019\/06\/AdobeStock_139446052-768x229.jpg 768w, https:\/\/www.salon-medecinedouce.com\/lyon\/wp-content\/uploads\/sites\/12\/2019\/06\/AdobeStock_139446052-150x45.jpg 150w, https:\/\/www.salon-medecinedouce.com\/lyon\/wp-content\/uploads\/sites\/12\/2019\/06\/AdobeStock_139446052-500x149.jpg 500w\" sizes=\"(max-width: 840px) 100vw, 840px\" \/><\/h2>\n<h3>Choisissez la formation qui vous convient gr\u00e2ce au panel d\u2019\u00e9coles pr\u00e9sent sur le salon. Pour une reconversion, une formation \u00e0 un nouveau m\u00e9tier ou un nouveau tremplin dans votre vie, vous pourrez avoir les cl\u00e9s pour trouver votre voie.<\/h3>\n<p>Le parcours des formations 2021 sera bient\u00f4t disponible. En attendant, <a href=\"https:\/\/www.salon-medecinedouce.com\/lyon\/visiter\/parcours-des-formations\/village-des-formations-professionnelles-2020\/\">retrouvez le parcours 2020<\/a>.<\/p>\n<p>&nbsp;<\/p>\n<div class=\"salon-pubs-hp-bas-de-page salon-entity-placement\" id=\"salon-2741701264\"><div id=\"salon-1823667693\"><a data-no-instant=\"1\" href=\"https:\/\/www.adntv.fr\/home?request_origin=tv_app\" rel=\"noopener\" class=\"a2t-link\" target=\"_blank\"><p><a href=\"https:\/\/www.adntv.fr\/home?request_origin=tv_app\"><img decoding=\"async\" class=\"wp-image-15075  aligncenter\" src=\"https:\/\/www.salon-medecinedouce.com\/lyon\/wp-content\/uploads\/sites\/12\/2021\/12\/ADNTV_BANNIERE_.jpg\" alt=\"\" width=\"515\" height=\"196\" srcset=\"https:\/\/www.salon-medecinedouce.com\/lyon\/wp-content\/uploads\/sites\/12\/2021\/12\/ADNTV_BANNIERE_.jpg 820w, https:\/\/www.salon-medecinedouce.com\/lyon\/wp-content\/uploads\/sites\/12\/2021\/12\/ADNTV_BANNIERE_-300x114.jpg 300w, https:\/\/www.salon-medecinedouce.com\/lyon\/wp-content\/uploads\/sites\/12\/2021\/12\/ADNTV_BANNIERE_-768x292.jpg 768w, https:\/\/www.salon-medecinedouce.com\/lyon\/wp-content\/uploads\/sites\/12\/2021\/12\/ADNTV_BANNIERE_-150x57.jpg 150w, https:\/\/www.salon-medecinedouce.com\/lyon\/wp-content\/uploads\/sites\/12\/2021\/12\/ADNTV_BANNIERE_-500x190.jpg 500w\" sizes=\"(max-width: 515px) 100vw, 515px\" \/><\/a><\/p>\n<\/a><\/div><\/div>","protected":false},"excerpt":{"rendered":"<p>&nbsp; Choisissez la formation qui vous convient gr\u00e2ce au panel d\u2019\u00e9coles pr\u00e9sent sur le salon. Pour une reconversion, une formation \u00e0 un nouveau m\u00e9tier ou un nouveau tremplin dans votre vie, vous pourrez avoir les cl\u00e9s pour trouver votre voie. Le parcours des formations 2021 sera bient\u00f4t disponible. En attendant, retrouvez le parcours 2020. &nbsp;<\/p>\n","protected":false},"author":1,"featured_media":0,"parent":2081,"menu_order":0,"comment_status":"closed","ping_status":"closed","template":"","meta":{"_monsterinsights_skip_tracking":false,"_monsterinsights_sitenote_active":false,"_monsterinsights_sitenote_note":"","_monsterinsights_sitenote_category":0,"footnotes":""},"class_list":["post-6987","page","type-page","status-publish","hentry"],"yoast_head":"<!-- This site is optimized with the Yoast SEO plugin v27.5 - https:\/\/yoast.com\/product\/yoast-seo-wordpress\/ -->\n<title>Village des formations professionnelles - Bien-\u00eatre Lyon<\/title>\n<meta name=\"robots\" content=\"index, follow, max-snippet:-1, max-image-preview:large, max-video-preview:-1\" \/>\n<link rel=\"canonical\" href=\"https:\/\/www.salon-medecinedouce.com\/lyon\/visiter\/parcours-des-formations\/\" \/>\n<meta property=\"og:locale\" content=\"fr_FR\" \/>\n<meta property=\"og:type\" content=\"article\" \/>\n<meta property=\"og:title\" content=\"Village des formations professionnelles - Bien-\u00eatre Lyon\" \/>\n<meta property=\"og:description\" content=\"&nbsp; Choisissez la formation qui vous convient gr\u00e2ce au panel d\u2019\u00e9coles pr\u00e9sent sur le salon. Pour une reconversion, une formation \u00e0 un nouveau m\u00e9tier ou un nouveau tremplin dans votre vie, vous pourrez avoir les cl\u00e9s pour trouver votre voie. Le parcours des formations 2021 sera bient\u00f4t disponible. En attendant, retrouvez le parcours 2020. &nbsp;\" \/>\n<meta property=\"og:url\" content=\"https:\/\/www.salon-medecinedouce.com\/lyon\/visiter\/parcours-des-formations\/\" \/>\n<meta property=\"og:site_name\" content=\"Bien-\u00eatre Lyon\" \/>\n<meta property=\"article:modified_time\" content=\"2020-03-23T11:47:11+00:00\" \/>\n<meta property=\"og:image\" content=\"https:\/\/www.salon-medecinedouce.com\/lyon\/wp-content\/uploads\/sites\/12\/2019\/06\/AdobeStock_139446052.jpg\" \/>\n<meta name=\"twitter:card\" content=\"summary_large_image\" \/>\n<script type=\"application\/ld+json\" class=\"yoast-schema-graph\">{\"@context\":\"https:\\\/\\\/schema.org\",\"@graph\":[{\"@type\":\"WebPage\",\"@id\":\"https:\\\/\\\/www.salon-medecinedouce.com\\\/lyon\\\/visiter\\\/parcours-des-formations\\\/\",\"url\":\"https:\\\/\\\/www.salon-medecinedouce.com\\\/lyon\\\/visiter\\\/parcours-des-formations\\\/\",\"name\":\"Village des formations professionnelles - Bien-\u00eatre Lyon\",\"isPartOf\":{\"@id\":\"https:\\\/\\\/www.salon-medecinedouce.com\\\/lyon\\\/#website\"},\"primaryImageOfPage\":{\"@id\":\"https:\\\/\\\/www.salon-medecinedouce.com\\\/lyon\\\/visiter\\\/parcours-des-formations\\\/#primaryimage\"},\"image\":{\"@id\":\"https:\\\/\\\/www.salon-medecinedouce.com\\\/lyon\\\/visiter\\\/parcours-des-formations\\\/#primaryimage\"},\"thumbnailUrl\":\"https:\\\/\\\/www.salon-medecinedouce.com\\\/lyon\\\/wp-content\\\/uploads\\\/sites\\\/12\\\/2019\\\/06\\\/AdobeStock_139446052.jpg\",\"datePublished\":\"2019-04-10T16:18:50+00:00\",\"dateModified\":\"2020-03-23T11:47:11+00:00\",\"breadcrumb\":{\"@id\":\"https:\\\/\\\/www.salon-medecinedouce.com\\\/lyon\\\/visiter\\\/parcours-des-formations\\\/#breadcrumb\"},\"inLanguage\":\"fr-FR\",\"potentialAction\":[{\"@type\":\"ReadAction\",\"target\":[\"https:\\\/\\\/www.salon-medecinedouce.com\\\/lyon\\\/visiter\\\/parcours-des-formations\\\/\"]}]},{\"@type\":\"ImageObject\",\"inLanguage\":\"fr-FR\",\"@id\":\"https:\\\/\\\/www.salon-medecinedouce.com\\\/lyon\\\/visiter\\\/parcours-des-formations\\\/#primaryimage\",\"url\":\"https:\\\/\\\/www.salon-medecinedouce.com\\\/lyon\\\/wp-content\\\/uploads\\\/sites\\\/12\\\/2019\\\/06\\\/AdobeStock_139446052.jpg\",\"contentUrl\":\"https:\\\/\\\/www.salon-medecinedouce.com\\\/lyon\\\/wp-content\\\/uploads\\\/sites\\\/12\\\/2019\\\/06\\\/AdobeStock_139446052.jpg\",\"width\":840,\"height\":250},{\"@type\":\"BreadcrumbList\",\"@id\":\"https:\\\/\\\/www.salon-medecinedouce.com\\\/lyon\\\/visiter\\\/parcours-des-formations\\\/#breadcrumb\",\"itemListElement\":[{\"@type\":\"ListItem\",\"position\":1,\"name\":\"Accueil\",\"item\":\"https:\\\/\\\/www.salon-medecinedouce.com\\\/lyon\\\/\"},{\"@type\":\"ListItem\",\"position\":2,\"name\":\"Visiter le salon\",\"item\":\"https:\\\/\\\/www.salon-medecinedouce.com\\\/lyon\\\/visiter\\\/\"},{\"@type\":\"ListItem\",\"position\":3,\"name\":\"Village des formations professionnelles\"}]},{\"@type\":\"WebSite\",\"@id\":\"https:\\\/\\\/www.salon-medecinedouce.com\\\/lyon\\\/#website\",\"url\":\"https:\\\/\\\/www.salon-medecinedouce.com\\\/lyon\\\/\",\"name\":\"Bien-\u00eatre Lyon\",\"description\":\"La sant\u00e9 au naturel : M\u00e9decines douces - Compl\u00e9ments alimentaires - Alimentation saine - Cosm\u00e9tiques naturelles - Art de vivre - Tourisme de sant\u00e9\",\"publisher\":{\"@id\":\"https:\\\/\\\/www.salon-medecinedouce.com\\\/lyon\\\/#organization\"},\"potentialAction\":[{\"@type\":\"SearchAction\",\"target\":{\"@type\":\"EntryPoint\",\"urlTemplate\":\"https:\\\/\\\/www.salon-medecinedouce.com\\\/lyon\\\/?s={search_term_string}\"},\"query-input\":{\"@type\":\"PropertyValueSpecification\",\"valueRequired\":true,\"valueName\":\"search_term_string\"}}],\"inLanguage\":\"fr-FR\"},{\"@type\":\"Organization\",\"@id\":\"https:\\\/\\\/www.salon-medecinedouce.com\\\/lyon\\\/#organization\",\"name\":\"Bien-\u00eatre Lyon\",\"url\":\"https:\\\/\\\/www.salon-medecinedouce.com\\\/lyon\\\/\",\"logo\":{\"@type\":\"ImageObject\",\"inLanguage\":\"fr-FR\",\"@id\":\"https:\\\/\\\/www.salon-medecinedouce.com\\\/lyon\\\/#\\\/schema\\\/logo\\\/image\\\/\",\"url\":\"https:\\\/\\\/www.salon-medecinedouce.com\\\/lyon\\\/wp-content\\\/uploads\\\/sites\\\/12\\\/2024\\\/05\\\/cropped-logo-orange-bemd.png\",\"contentUrl\":\"https:\\\/\\\/www.salon-medecinedouce.com\\\/lyon\\\/wp-content\\\/uploads\\\/sites\\\/12\\\/2024\\\/05\\\/cropped-logo-orange-bemd.png\",\"width\":591,\"height\":591,\"caption\":\"Bien-\u00eatre Lyon\"},\"image\":{\"@id\":\"https:\\\/\\\/www.salon-medecinedouce.com\\\/lyon\\\/#\\\/schema\\\/logo\\\/image\\\/\"}}]}<\/script>\n<!-- \/ Yoast SEO plugin. -->","yoast_head_json":{"title":"Village des formations professionnelles - Bien-\u00eatre Lyon","robots":{"index":"index","follow":"follow","max-snippet":"max-snippet:-1","max-image-preview":"max-image-preview:large","max-video-preview":"max-video-preview:-1"},"canonical":"https:\/\/www.salon-medecinedouce.com\/lyon\/visiter\/parcours-des-formations\/","og_locale":"fr_FR","og_type":"article","og_title":"Village des formations professionnelles - Bien-\u00eatre Lyon","og_description":"&nbsp; Choisissez la formation qui vous convient gr\u00e2ce au panel d\u2019\u00e9coles pr\u00e9sent sur le salon. Pour une reconversion, une formation \u00e0 un nouveau m\u00e9tier ou un nouveau tremplin dans votre vie, vous pourrez avoir les cl\u00e9s pour trouver votre voie. Le parcours des formations 2021 sera bient\u00f4t disponible. En attendant, retrouvez le parcours 2020. &nbsp;","og_url":"https:\/\/www.salon-medecinedouce.com\/lyon\/visiter\/parcours-des-formations\/","og_site_name":"Bien-\u00eatre Lyon","article_modified_time":"2020-03-23T11:47:11+00:00","og_image":[{"url":"https:\/\/www.salon-medecinedouce.com\/lyon\/wp-content\/uploads\/sites\/12\/2019\/06\/AdobeStock_139446052.jpg","type":"","width":"","height":""}],"twitter_card":"summary_large_image","schema":{"@context":"https:\/\/schema.org","@graph":[{"@type":"WebPage","@id":"https:\/\/www.salon-medecinedouce.com\/lyon\/visiter\/parcours-des-formations\/","url":"https:\/\/www.salon-medecinedouce.com\/lyon\/visiter\/parcours-des-formations\/","name":"Village des formations professionnelles - Bien-\u00eatre Lyon","isPartOf":{"@id":"https:\/\/www.salon-medecinedouce.com\/lyon\/#website"},"primaryImageOfPage":{"@id":"https:\/\/www.salon-medecinedouce.com\/lyon\/visiter\/parcours-des-formations\/#primaryimage"},"image":{"@id":"https:\/\/www.salon-medecinedouce.com\/lyon\/visiter\/parcours-des-formations\/#primaryimage"},"thumbnailUrl":"https:\/\/www.salon-medecinedouce.com\/lyon\/wp-content\/uploads\/sites\/12\/2019\/06\/AdobeStock_139446052.jpg","datePublished":"2019-04-10T16:18:50+00:00","dateModified":"2020-03-23T11:47:11+00:00","breadcrumb":{"@id":"https:\/\/www.salon-medecinedouce.com\/lyon\/visiter\/parcours-des-formations\/#breadcrumb"},"inLanguage":"fr-FR","potentialAction":[{"@type":"ReadAction","target":["https:\/\/www.salon-medecinedouce.com\/lyon\/visiter\/parcours-des-formations\/"]}]},{"@type":"ImageObject","inLanguage":"fr-FR","@id":"https:\/\/www.salon-medecinedouce.com\/lyon\/visiter\/parcours-des-formations\/#primaryimage","url":"https:\/\/www.salon-medecinedouce.com\/lyon\/wp-content\/uploads\/sites\/12\/2019\/06\/AdobeStock_139446052.jpg","contentUrl":"https:\/\/www.salon-medecinedouce.com\/lyon\/wp-content\/uploads\/sites\/12\/2019\/06\/AdobeStock_139446052.jpg","width":840,"height":250},{"@type":"BreadcrumbList","@id":"https:\/\/www.salon-medecinedouce.com\/lyon\/visiter\/parcours-des-formations\/#breadcrumb","itemListElement":[{"@type":"ListItem","position":1,"name":"Accueil","item":"https:\/\/www.salon-medecinedouce.com\/lyon\/"},{"@type":"ListItem","position":2,"name":"Visiter le salon","item":"https:\/\/www.salon-medecinedouce.com\/lyon\/visiter\/"},{"@type":"ListItem","position":3,"name":"Village des formations professionnelles"}]},{"@type":"WebSite","@id":"https:\/\/www.salon-medecinedouce.com\/lyon\/#website","url":"https:\/\/www.salon-medecinedouce.com\/lyon\/","name":"Bien-\u00eatre Lyon","description":"La sant\u00e9 au naturel : M\u00e9decines douces - Compl\u00e9ments alimentaires - Alimentation saine - Cosm\u00e9tiques naturelles - Art de vivre - Tourisme de sant\u00e9","publisher":{"@id":"https:\/\/www.salon-medecinedouce.com\/lyon\/#organization"},"potentialAction":[{"@type":"SearchAction","target":{"@type":"EntryPoint","urlTemplate":"https:\/\/www.salon-medecinedouce.com\/lyon\/?s={search_term_string}"},"query-input":{"@type":"PropertyValueSpecification","valueRequired":true,"valueName":"search_term_string"}}],"inLanguage":"fr-FR"},{"@type":"Organization","@id":"https:\/\/www.salon-medecinedouce.com\/lyon\/#organization","name":"Bien-\u00eatre Lyon","url":"https:\/\/www.salon-medecinedouce.com\/lyon\/","logo":{"@type":"ImageObject","inLanguage":"fr-FR","@id":"https:\/\/www.salon-medecinedouce.com\/lyon\/#\/schema\/logo\/image\/","url":"https:\/\/www.salon-medecinedouce.com\/lyon\/wp-content\/uploads\/sites\/12\/2024\/05\/cropped-logo-orange-bemd.png","contentUrl":"https:\/\/www.salon-medecinedouce.com\/lyon\/wp-content\/uploads\/sites\/12\/2024\/05\/cropped-logo-orange-bemd.png","width":591,"height":591,"caption":"Bien-\u00eatre Lyon"},"image":{"@id":"https:\/\/www.salon-medecinedouce.com\/lyon\/#\/schema\/logo\/image\/"}}]}},"rttpg_featured_image_url":null,"rttpg_author":{"display_name":"admin","author_link":"https:\/\/www.salon-medecinedouce.com\/lyon\/author\/admin\/"},"rttpg_comment":0,"rttpg_category":false,"rttpg_excerpt":"&nbsp; Choisissez la formation qui vous convient gr\u00e2ce au panel d\u2019\u00e9coles pr\u00e9sent sur le salon. Pour une reconversion, une formation \u00e0 un nouveau m\u00e9tier ou un nouveau tremplin dans votre vie, vous pourrez avoir les cl\u00e9s pour trouver votre voie. Le parcours des formations 2021 sera bient\u00f4t disponible. En attendant, retrouvez le parcours 2020. &nbsp;","_links":{"self":[{"href":"https:\/\/www.salon-medecinedouce.com\/lyon\/wp-json\/wp\/v2\/pages\/6987","targetHints":{"allow":["GET"]}}],"collection":[{"href":"https:\/\/www.salon-medecinedouce.com\/lyon\/wp-json\/wp\/v2\/pages"}],"about":[{"href":"https:\/\/www.salon-medecinedouce.com\/lyon\/wp-json\/wp\/v2\/types\/page"}],"author":[{"embeddable":true,"href":"https:\/\/www.salon-medecinedouce.com\/lyon\/wp-json\/wp\/v2\/users\/1"}],"replies":[{"embeddable":true,"href":"https:\/\/www.salon-medecinedouce.com\/lyon\/wp-json\/wp\/v2\/comments?post=6987"}],"version-history":[{"count":23,"href":"https:\/\/www.salon-medecinedouce.com\/lyon\/wp-json\/wp\/v2\/pages\/6987\/revisions"}],"predecessor-version":[{"id":9216,"href":"https:\/\/www.salon-medecinedouce.com\/lyon\/wp-json\/wp\/v2\/pages\/6987\/revisions\/9216"}],"up":[{"embeddable":true,"href":"https:\/\/www.salon-medecinedouce.com\/lyon\/wp-json\/wp\/v2\/pages\/2081"}],"wp:attachment":[{"href":"https:\/\/www.salon-medecinedouce.com\/lyon\/wp-json\/wp\/v2\/media?parent=6987"}],"curies":[{"name":"wp","href":"https:\/\/api.w.org\/{rel}","templated":true}]}}