{"id":6737,"date":"2019-03-15T11:23:57","date_gmt":"2019-03-15T10:23:57","guid":{"rendered":"https:\/\/www.salon-medecinedouce.com\/lyon\/?page_id=6737"},"modified":"2019-03-15T11:26:00","modified_gmt":"2019-03-15T10:26:00","slug":"consogloble","status":"publish","type":"page","link":"https:\/\/www.salon-medecinedouce.com\/lyon\/presse-partenaires\/nos-partenaires\/consogloble\/","title":{"rendered":"ConsoGlobe"},"content":{"rendered":"<p><a href=\"https:\/\/www.consoglobe.com?utm_source=autopromo&amp;utm_medium=partenariat&amp;utm_campain=SPAS\" target=\"_blank\" rel=\"noopener\"><img decoding=\"async\" class=\"alignnone  wp-image-6735\" src=\"https:\/\/www.salon-medecinedouce.com\/lyon\/wp-content\/uploads\/sites\/12\/2019\/03\/consoGlobe-150-100.png\" alt=\"\" width=\"186\" height=\"124\" \/><\/a><\/p>\n<p><a href=\"https:\/\/www.consoglobe.com?utm_source=autopromo&amp;utm_medium=partenariat&amp;utm_campain=SPAS\" target=\"_blank\" rel=\"noopener\"><strong>ConsoGlobe<\/strong> <\/a>est le groupe m\u00e9dia on line de r\u00e9f\u00e9rence de la consommation responsable depuis 2006 : de l\u2019information, de l\u2019actualit\u00e9 et des solutions pratiques pour une vie plus saine et plus respectueuse de la plan\u00e8te.<\/p>\n<div class=\"salon-pubs-hp-bas-de-page salon-entity-placement\" id=\"salon-3857356108\"><div id=\"salon-2762688463\"><a data-no-instant=\"1\" href=\"https:\/\/www.naia-kaolin-delphine.fr\/\" rel=\"noopener\" class=\"a2t-link\" target=\"_blank\"><p><a href=\"https:\/\/www.naia-kaolin-delphine.fr\/\"><img fetchpriority=\"high\" decoding=\"async\" class=\"wp-image-15074 size-full aligncenter\" src=\"https:\/\/www.salon-medecinedouce.com\/lyon\/wp-content\/uploads\/sites\/12\/2026\/01\/Naia-Kaolin-salon-LYON-2026.png\" alt=\"\" width=\"728\" height=\"90\" srcset=\"https:\/\/www.salon-medecinedouce.com\/lyon\/wp-content\/uploads\/sites\/12\/2026\/01\/Naia-Kaolin-salon-LYON-2026.png 728w, https:\/\/www.salon-medecinedouce.com\/lyon\/wp-content\/uploads\/sites\/12\/2026\/01\/Naia-Kaolin-salon-LYON-2026-300x37.png 300w, https:\/\/www.salon-medecinedouce.com\/lyon\/wp-content\/uploads\/sites\/12\/2026\/01\/Naia-Kaolin-salon-LYON-2026-150x19.png 150w, https:\/\/www.salon-medecinedouce.com\/lyon\/wp-content\/uploads\/sites\/12\/2026\/01\/Naia-Kaolin-salon-LYON-2026-500x62.png 500w\" sizes=\"(max-width: 728px) 100vw, 728px\" \/><\/a><\/p>\n<\/a><\/div><\/div>","protected":false},"excerpt":{"rendered":"<p>ConsoGlobe est le groupe m\u00e9dia on line de r\u00e9f\u00e9rence de la consommation responsable depuis 2006 : de l\u2019information, de l\u2019actualit\u00e9 et des solutions pratiques pour une vie plus saine et plus respectueuse de la plan\u00e8te.<\/p>\n","protected":false},"author":1,"featured_media":0,"parent":2456,"menu_order":0,"comment_status":"closed","ping_status":"closed","template":"","meta":{"_monsterinsights_skip_tracking":false,"_monsterinsights_sitenote_active":false,"_monsterinsights_sitenote_note":"","_monsterinsights_sitenote_category":0,"footnotes":""},"class_list":["post-6737","page","type-page","status-publish","hentry"],"yoast_head":"<!-- This site is optimized with the Yoast SEO plugin v27.3 - https:\/\/yoast.com\/product\/yoast-seo-wordpress\/ -->\n<title>ConsoGlobe - Bien-\u00eatre Lyon<\/title>\n<meta name=\"robots\" content=\"index, follow, max-snippet:-1, max-image-preview:large, max-video-preview:-1\" \/>\n<link rel=\"canonical\" href=\"https:\/\/www.salon-medecinedouce.com\/lyon\/presse-partenaires\/nos-partenaires\/consogloble\/\" \/>\n<meta property=\"og:locale\" content=\"fr_FR\" \/>\n<meta property=\"og:type\" content=\"article\" \/>\n<meta property=\"og:title\" content=\"ConsoGlobe - Bien-\u00eatre Lyon\" \/>\n<meta property=\"og:description\" content=\"ConsoGlobe est le groupe m\u00e9dia on line de r\u00e9f\u00e9rence de la consommation responsable depuis 2006 : de l\u2019information, de l\u2019actualit\u00e9 et des solutions pratiques pour une vie plus saine et plus respectueuse de la plan\u00e8te.\" \/>\n<meta property=\"og:url\" content=\"https:\/\/www.salon-medecinedouce.com\/lyon\/presse-partenaires\/nos-partenaires\/consogloble\/\" \/>\n<meta property=\"og:site_name\" content=\"Bien-\u00eatre Lyon\" \/>\n<meta property=\"article:modified_time\" content=\"2019-03-15T10:26:00+00:00\" \/>\n<meta property=\"og:image\" content=\"https:\/\/www.salon-medecinedouce.com\/lyon\/wp-content\/uploads\/sites\/12\/2019\/03\/consoGlobe-150-100.png\" \/>\n<meta name=\"twitter:card\" content=\"summary_large_image\" \/>\n<script type=\"application\/ld+json\" class=\"yoast-schema-graph\">{\"@context\":\"https:\\\/\\\/schema.org\",\"@graph\":[{\"@type\":\"WebPage\",\"@id\":\"https:\\\/\\\/www.salon-medecinedouce.com\\\/lyon\\\/presse-partenaires\\\/nos-partenaires\\\/consogloble\\\/\",\"url\":\"https:\\\/\\\/www.salon-medecinedouce.com\\\/lyon\\\/presse-partenaires\\\/nos-partenaires\\\/consogloble\\\/\",\"name\":\"ConsoGlobe - Bien-\u00eatre Lyon\",\"isPartOf\":{\"@id\":\"https:\\\/\\\/www.salon-medecinedouce.com\\\/lyon\\\/#website\"},\"primaryImageOfPage\":{\"@id\":\"https:\\\/\\\/www.salon-medecinedouce.com\\\/lyon\\\/presse-partenaires\\\/nos-partenaires\\\/consogloble\\\/#primaryimage\"},\"image\":{\"@id\":\"https:\\\/\\\/www.salon-medecinedouce.com\\\/lyon\\\/presse-partenaires\\\/nos-partenaires\\\/consogloble\\\/#primaryimage\"},\"thumbnailUrl\":\"https:\\\/\\\/www.salon-medecinedouce.com\\\/lyon\\\/wp-content\\\/uploads\\\/sites\\\/12\\\/2019\\\/03\\\/consoGlobe-150-100.png\",\"datePublished\":\"2019-03-15T10:23:57+00:00\",\"dateModified\":\"2019-03-15T10:26:00+00:00\",\"breadcrumb\":{\"@id\":\"https:\\\/\\\/www.salon-medecinedouce.com\\\/lyon\\\/presse-partenaires\\\/nos-partenaires\\\/consogloble\\\/#breadcrumb\"},\"inLanguage\":\"fr-FR\",\"potentialAction\":[{\"@type\":\"ReadAction\",\"target\":[\"https:\\\/\\\/www.salon-medecinedouce.com\\\/lyon\\\/presse-partenaires\\\/nos-partenaires\\\/consogloble\\\/\"]}]},{\"@type\":\"ImageObject\",\"inLanguage\":\"fr-FR\",\"@id\":\"https:\\\/\\\/www.salon-medecinedouce.com\\\/lyon\\\/presse-partenaires\\\/nos-partenaires\\\/consogloble\\\/#primaryimage\",\"url\":\"https:\\\/\\\/www.salon-medecinedouce.com\\\/lyon\\\/wp-content\\\/uploads\\\/sites\\\/12\\\/2019\\\/03\\\/consoGlobe-150-100.png\",\"contentUrl\":\"https:\\\/\\\/www.salon-medecinedouce.com\\\/lyon\\\/wp-content\\\/uploads\\\/sites\\\/12\\\/2019\\\/03\\\/consoGlobe-150-100.png\",\"width\":150,\"height\":100},{\"@type\":\"BreadcrumbList\",\"@id\":\"https:\\\/\\\/www.salon-medecinedouce.com\\\/lyon\\\/presse-partenaires\\\/nos-partenaires\\\/consogloble\\\/#breadcrumb\",\"itemListElement\":[{\"@type\":\"ListItem\",\"position\":1,\"name\":\"Accueil\",\"item\":\"https:\\\/\\\/www.salon-medecinedouce.com\\\/lyon\\\/\"},{\"@type\":\"ListItem\",\"position\":2,\"name\":\"Presse\\\/partenaires\",\"item\":\"https:\\\/\\\/www.salon-medecinedouce.com\\\/lyon\\\/presse-partenaires\\\/\"},{\"@type\":\"ListItem\",\"position\":3,\"name\":\"Nos partenaires\",\"item\":\"https:\\\/\\\/www.salon-medecinedouce.com\\\/lyon\\\/presse-partenaires\\\/nos-partenaires\\\/\"},{\"@type\":\"ListItem\",\"position\":4,\"name\":\"ConsoGlobe\"}]},{\"@type\":\"WebSite\",\"@id\":\"https:\\\/\\\/www.salon-medecinedouce.com\\\/lyon\\\/#website\",\"url\":\"https:\\\/\\\/www.salon-medecinedouce.com\\\/lyon\\\/\",\"name\":\"Bien-\u00eatre Lyon\",\"description\":\"La sant\u00e9 au naturel : M\u00e9decines douces - Compl\u00e9ments alimentaires - Alimentation saine - Cosm\u00e9tiques naturelles - Art de vivre - Tourisme de sant\u00e9\",\"publisher\":{\"@id\":\"https:\\\/\\\/www.salon-medecinedouce.com\\\/lyon\\\/#organization\"},\"potentialAction\":[{\"@type\":\"SearchAction\",\"target\":{\"@type\":\"EntryPoint\",\"urlTemplate\":\"https:\\\/\\\/www.salon-medecinedouce.com\\\/lyon\\\/?s={search_term_string}\"},\"query-input\":{\"@type\":\"PropertyValueSpecification\",\"valueRequired\":true,\"valueName\":\"search_term_string\"}}],\"inLanguage\":\"fr-FR\"},{\"@type\":\"Organization\",\"@id\":\"https:\\\/\\\/www.salon-medecinedouce.com\\\/lyon\\\/#organization\",\"name\":\"Bien-\u00eatre Lyon\",\"url\":\"https:\\\/\\\/www.salon-medecinedouce.com\\\/lyon\\\/\",\"logo\":{\"@type\":\"ImageObject\",\"inLanguage\":\"fr-FR\",\"@id\":\"https:\\\/\\\/www.salon-medecinedouce.com\\\/lyon\\\/#\\\/schema\\\/logo\\\/image\\\/\",\"url\":\"https:\\\/\\\/www.salon-medecinedouce.com\\\/lyon\\\/wp-content\\\/uploads\\\/sites\\\/12\\\/2024\\\/05\\\/cropped-logo-orange-bemd.png\",\"contentUrl\":\"https:\\\/\\\/www.salon-medecinedouce.com\\\/lyon\\\/wp-content\\\/uploads\\\/sites\\\/12\\\/2024\\\/05\\\/cropped-logo-orange-bemd.png\",\"width\":591,\"height\":591,\"caption\":\"Bien-\u00eatre Lyon\"},\"image\":{\"@id\":\"https:\\\/\\\/www.salon-medecinedouce.com\\\/lyon\\\/#\\\/schema\\\/logo\\\/image\\\/\"}}]}<\/script>\n<!-- \/ Yoast SEO plugin. -->","yoast_head_json":{"title":"ConsoGlobe - Bien-\u00eatre Lyon","robots":{"index":"index","follow":"follow","max-snippet":"max-snippet:-1","max-image-preview":"max-image-preview:large","max-video-preview":"max-video-preview:-1"},"canonical":"https:\/\/www.salon-medecinedouce.com\/lyon\/presse-partenaires\/nos-partenaires\/consogloble\/","og_locale":"fr_FR","og_type":"article","og_title":"ConsoGlobe - Bien-\u00eatre Lyon","og_description":"ConsoGlobe est le groupe m\u00e9dia on line de r\u00e9f\u00e9rence de la consommation responsable depuis 2006 : de l\u2019information, de l\u2019actualit\u00e9 et des solutions pratiques pour une vie plus saine et plus respectueuse de la plan\u00e8te.","og_url":"https:\/\/www.salon-medecinedouce.com\/lyon\/presse-partenaires\/nos-partenaires\/consogloble\/","og_site_name":"Bien-\u00eatre Lyon","article_modified_time":"2019-03-15T10:26:00+00:00","og_image":[{"url":"https:\/\/www.salon-medecinedouce.com\/lyon\/wp-content\/uploads\/sites\/12\/2019\/03\/consoGlobe-150-100.png","type":"","width":"","height":""}],"twitter_card":"summary_large_image","schema":{"@context":"https:\/\/schema.org","@graph":[{"@type":"WebPage","@id":"https:\/\/www.salon-medecinedouce.com\/lyon\/presse-partenaires\/nos-partenaires\/consogloble\/","url":"https:\/\/www.salon-medecinedouce.com\/lyon\/presse-partenaires\/nos-partenaires\/consogloble\/","name":"ConsoGlobe - Bien-\u00eatre Lyon","isPartOf":{"@id":"https:\/\/www.salon-medecinedouce.com\/lyon\/#website"},"primaryImageOfPage":{"@id":"https:\/\/www.salon-medecinedouce.com\/lyon\/presse-partenaires\/nos-partenaires\/consogloble\/#primaryimage"},"image":{"@id":"https:\/\/www.salon-medecinedouce.com\/lyon\/presse-partenaires\/nos-partenaires\/consogloble\/#primaryimage"},"thumbnailUrl":"https:\/\/www.salon-medecinedouce.com\/lyon\/wp-content\/uploads\/sites\/12\/2019\/03\/consoGlobe-150-100.png","datePublished":"2019-03-15T10:23:57+00:00","dateModified":"2019-03-15T10:26:00+00:00","breadcrumb":{"@id":"https:\/\/www.salon-medecinedouce.com\/lyon\/presse-partenaires\/nos-partenaires\/consogloble\/#breadcrumb"},"inLanguage":"fr-FR","potentialAction":[{"@type":"ReadAction","target":["https:\/\/www.salon-medecinedouce.com\/lyon\/presse-partenaires\/nos-partenaires\/consogloble\/"]}]},{"@type":"ImageObject","inLanguage":"fr-FR","@id":"https:\/\/www.salon-medecinedouce.com\/lyon\/presse-partenaires\/nos-partenaires\/consogloble\/#primaryimage","url":"https:\/\/www.salon-medecinedouce.com\/lyon\/wp-content\/uploads\/sites\/12\/2019\/03\/consoGlobe-150-100.png","contentUrl":"https:\/\/www.salon-medecinedouce.com\/lyon\/wp-content\/uploads\/sites\/12\/2019\/03\/consoGlobe-150-100.png","width":150,"height":100},{"@type":"BreadcrumbList","@id":"https:\/\/www.salon-medecinedouce.com\/lyon\/presse-partenaires\/nos-partenaires\/consogloble\/#breadcrumb","itemListElement":[{"@type":"ListItem","position":1,"name":"Accueil","item":"https:\/\/www.salon-medecinedouce.com\/lyon\/"},{"@type":"ListItem","position":2,"name":"Presse\/partenaires","item":"https:\/\/www.salon-medecinedouce.com\/lyon\/presse-partenaires\/"},{"@type":"ListItem","position":3,"name":"Nos partenaires","item":"https:\/\/www.salon-medecinedouce.com\/lyon\/presse-partenaires\/nos-partenaires\/"},{"@type":"ListItem","position":4,"name":"ConsoGlobe"}]},{"@type":"WebSite","@id":"https:\/\/www.salon-medecinedouce.com\/lyon\/#website","url":"https:\/\/www.salon-medecinedouce.com\/lyon\/","name":"Bien-\u00eatre Lyon","description":"La sant\u00e9 au naturel : M\u00e9decines douces - Compl\u00e9ments alimentaires - Alimentation saine - Cosm\u00e9tiques naturelles - Art de vivre - Tourisme de sant\u00e9","publisher":{"@id":"https:\/\/www.salon-medecinedouce.com\/lyon\/#organization"},"potentialAction":[{"@type":"SearchAction","target":{"@type":"EntryPoint","urlTemplate":"https:\/\/www.salon-medecinedouce.com\/lyon\/?s={search_term_string}"},"query-input":{"@type":"PropertyValueSpecification","valueRequired":true,"valueName":"search_term_string"}}],"inLanguage":"fr-FR"},{"@type":"Organization","@id":"https:\/\/www.salon-medecinedouce.com\/lyon\/#organization","name":"Bien-\u00eatre Lyon","url":"https:\/\/www.salon-medecinedouce.com\/lyon\/","logo":{"@type":"ImageObject","inLanguage":"fr-FR","@id":"https:\/\/www.salon-medecinedouce.com\/lyon\/#\/schema\/logo\/image\/","url":"https:\/\/www.salon-medecinedouce.com\/lyon\/wp-content\/uploads\/sites\/12\/2024\/05\/cropped-logo-orange-bemd.png","contentUrl":"https:\/\/www.salon-medecinedouce.com\/lyon\/wp-content\/uploads\/sites\/12\/2024\/05\/cropped-logo-orange-bemd.png","width":591,"height":591,"caption":"Bien-\u00eatre Lyon"},"image":{"@id":"https:\/\/www.salon-medecinedouce.com\/lyon\/#\/schema\/logo\/image\/"}}]}},"rttpg_featured_image_url":null,"rttpg_author":{"display_name":"admin","author_link":"https:\/\/www.salon-medecinedouce.com\/lyon\/author\/admin\/"},"rttpg_comment":0,"rttpg_category":false,"rttpg_excerpt":"ConsoGlobe est le groupe m\u00e9dia on line de r\u00e9f\u00e9rence de la consommation responsable depuis 2006 : de l\u2019information, de l\u2019actualit\u00e9 et des solutions pratiques pour une vie plus saine et plus respectueuse de la plan\u00e8te.","_links":{"self":[{"href":"https:\/\/www.salon-medecinedouce.com\/lyon\/wp-json\/wp\/v2\/pages\/6737","targetHints":{"allow":["GET"]}}],"collection":[{"href":"https:\/\/www.salon-medecinedouce.com\/lyon\/wp-json\/wp\/v2\/pages"}],"about":[{"href":"https:\/\/www.salon-medecinedouce.com\/lyon\/wp-json\/wp\/v2\/types\/page"}],"author":[{"embeddable":true,"href":"https:\/\/www.salon-medecinedouce.com\/lyon\/wp-json\/wp\/v2\/users\/1"}],"replies":[{"embeddable":true,"href":"https:\/\/www.salon-medecinedouce.com\/lyon\/wp-json\/wp\/v2\/comments?post=6737"}],"version-history":[{"count":4,"href":"https:\/\/www.salon-medecinedouce.com\/lyon\/wp-json\/wp\/v2\/pages\/6737\/revisions"}],"predecessor-version":[{"id":6742,"href":"https:\/\/www.salon-medecinedouce.com\/lyon\/wp-json\/wp\/v2\/pages\/6737\/revisions\/6742"}],"up":[{"embeddable":true,"href":"https:\/\/www.salon-medecinedouce.com\/lyon\/wp-json\/wp\/v2\/pages\/2456"}],"wp:attachment":[{"href":"https:\/\/www.salon-medecinedouce.com\/lyon\/wp-json\/wp\/v2\/media?parent=6737"}],"curies":[{"name":"wp","href":"https:\/\/api.w.org\/{rel}","templated":true}]}}