{"id":6723,"date":"2019-03-15T10:38:12","date_gmt":"2019-03-15T09:38:12","guid":{"rendered":"https:\/\/www.salon-medecinedouce.com\/lyon\/?page_id=6723"},"modified":"2019-03-15T10:38:29","modified_gmt":"2019-03-15T09:38:29","slug":"se-soigner-naturellement","status":"publish","type":"page","link":"https:\/\/www.salon-medecinedouce.com\/lyon\/presse-partenaires\/nos-partenaires\/se-soigner-naturellement\/","title":{"rendered":"Se Soigner Naturellement"},"content":{"rendered":"<p><a href=\"https:\/\/www.sesoignernaturellement.fr\" target=\"_blank\" rel=\"noopener\"><img decoding=\"async\" class=\"alignnone size-full wp-image-6720\" src=\"https:\/\/www.salon-medecinedouce.com\/lyon\/wp-content\/uploads\/sites\/12\/2019\/03\/Se-soigner-naturellement_Logo.jpg\" alt=\"\" width=\"150\" height=\"100\" \/><\/a><\/p>\n<p id=\"u19406-19\"><strong><span id=\"u19406-17\">Se soigner naturellement<\/span><\/strong>\u00a0existe depuis pr\u00e9s de 15 ans et est aujourd\u2019hui \u00e0 son 90\u00e8me num\u00e9ro ! Nos valeurs sont celles du bien-\u00eatre naturel et du respect de l\u2019environnement. Nous proposons \u00e0 travers nos pages des alternatives pour le bien-\u00eatre et la sant\u00e9 par les plantes (phytoth\u00e9rapie, aromath\u00e9rapie\u2026) et autres m\u00e9thodes de soins naturels. Dans notre magazine vous retrouverez des actualit\u00e9s, des articles sur les plantes, des conseils pratiques, ainsi que des jeux et recettes. Selon notre enqu\u00eate r\u00e9alis\u00e9e en septembre 2014, 98% des lecteurs se d\u00e9clarent satisfaits des informations qu\u2019ils trouvent dans notre magazine !<\/p>\n<p id=\"u19406-24\">Avec un tirage moyen de 50 000 exemplaires, Se soigner naturellement est un magazine incontournable dans le quotidien des consommateurs de produits bio. Sa formule gratuite permet de rendre la m\u00e9decine naturelle accessible \u00e0 un plus large public, tous les deux mois.<\/p>\n<p><a href=\"https:\/\/www.sesoignernaturellement.fr\/\" target=\"_blank\" rel=\"noopener\">https:\/\/www.sesoignernaturellement.fr<\/a><\/p>\n<div class=\"salon-pubs-hp-bas-de-page salon-entity-placement\" id=\"salon-1579785922\"><div id=\"salon-602847262\"><a data-no-instant=\"1\" href=\"https:\/\/www.naia-kaolin-delphine.fr\/\" rel=\"noopener\" class=\"a2t-link\" target=\"_blank\"><p><a href=\"https:\/\/www.naia-kaolin-delphine.fr\/\"><img fetchpriority=\"high\" decoding=\"async\" class=\"wp-image-15074 size-full aligncenter\" src=\"https:\/\/www.salon-medecinedouce.com\/lyon\/wp-content\/uploads\/sites\/12\/2026\/01\/Naia-Kaolin-salon-LYON-2026.png\" alt=\"\" width=\"728\" height=\"90\" srcset=\"https:\/\/www.salon-medecinedouce.com\/lyon\/wp-content\/uploads\/sites\/12\/2026\/01\/Naia-Kaolin-salon-LYON-2026.png 728w, https:\/\/www.salon-medecinedouce.com\/lyon\/wp-content\/uploads\/sites\/12\/2026\/01\/Naia-Kaolin-salon-LYON-2026-300x37.png 300w, https:\/\/www.salon-medecinedouce.com\/lyon\/wp-content\/uploads\/sites\/12\/2026\/01\/Naia-Kaolin-salon-LYON-2026-150x19.png 150w, https:\/\/www.salon-medecinedouce.com\/lyon\/wp-content\/uploads\/sites\/12\/2026\/01\/Naia-Kaolin-salon-LYON-2026-500x62.png 500w\" sizes=\"(max-width: 728px) 100vw, 728px\" \/><\/a><\/p>\n<\/a><\/div><\/div>","protected":false},"excerpt":{"rendered":"<p>Se soigner naturellement\u00a0existe depuis pr\u00e9s de 15 ans et est aujourd\u2019hui \u00e0 son 90\u00e8me num\u00e9ro ! Nos valeurs sont celles du bien-\u00eatre naturel et du respect de l\u2019environnement. Nous proposons \u00e0 travers nos pages des alternatives pour le bien-\u00eatre et la sant\u00e9 par les plantes (phytoth\u00e9rapie, aromath\u00e9rapie\u2026) et autres m\u00e9thodes de soins naturels. Dans notre&hellip; <\/p>\n","protected":false},"author":1,"featured_media":0,"parent":2456,"menu_order":0,"comment_status":"closed","ping_status":"closed","template":"","meta":{"_angie_page":false,"_monsterinsights_skip_tracking":false,"_monsterinsights_sitenote_active":false,"_monsterinsights_sitenote_note":"","_monsterinsights_sitenote_category":0,"footnotes":""},"class_list":["post-6723","page","type-page","status-publish","hentry"],"yoast_head":"<!-- This site is optimized with the Yoast SEO plugin v27.3 - https:\/\/yoast.com\/product\/yoast-seo-wordpress\/ -->\n<title>Se Soigner Naturellement - Bien-\u00eatre Lyon<\/title>\n<meta name=\"robots\" content=\"index, follow, max-snippet:-1, max-image-preview:large, max-video-preview:-1\" \/>\n<link rel=\"canonical\" href=\"https:\/\/www.salon-medecinedouce.com\/lyon\/presse-partenaires\/nos-partenaires\/se-soigner-naturellement\/\" \/>\n<meta property=\"og:locale\" content=\"fr_FR\" \/>\n<meta property=\"og:type\" content=\"article\" \/>\n<meta property=\"og:title\" content=\"Se Soigner Naturellement - Bien-\u00eatre Lyon\" \/>\n<meta property=\"og:description\" content=\"Se soigner naturellement\u00a0existe depuis pr\u00e9s de 15 ans et est aujourd\u2019hui \u00e0 son 90\u00e8me num\u00e9ro ! Nos valeurs sont celles du bien-\u00eatre naturel et du respect de l\u2019environnement. Nous proposons \u00e0 travers nos pages des alternatives pour le bien-\u00eatre et la sant\u00e9 par les plantes (phytoth\u00e9rapie, aromath\u00e9rapie\u2026) et autres m\u00e9thodes de soins naturels. Dans notre&hellip;\" \/>\n<meta property=\"og:url\" content=\"https:\/\/www.salon-medecinedouce.com\/lyon\/presse-partenaires\/nos-partenaires\/se-soigner-naturellement\/\" \/>\n<meta property=\"og:site_name\" content=\"Bien-\u00eatre Lyon\" \/>\n<meta property=\"article:modified_time\" content=\"2019-03-15T09:38:29+00:00\" \/>\n<meta property=\"og:image\" content=\"https:\/\/www.salon-medecinedouce.com\/lyon\/wp-content\/uploads\/sites\/12\/2019\/03\/Se-soigner-naturellement_Logo.jpg\" \/>\n<meta name=\"twitter:card\" content=\"summary_large_image\" \/>\n<meta name=\"twitter:label1\" content=\"Dur\u00e9e de lecture estim\u00e9e\" \/>\n\t<meta name=\"twitter:data1\" content=\"1 minute\" \/>\n<script type=\"application\/ld+json\" class=\"yoast-schema-graph\">{\"@context\":\"https:\\\/\\\/schema.org\",\"@graph\":[{\"@type\":\"WebPage\",\"@id\":\"https:\\\/\\\/www.salon-medecinedouce.com\\\/lyon\\\/presse-partenaires\\\/nos-partenaires\\\/se-soigner-naturellement\\\/\",\"url\":\"https:\\\/\\\/www.salon-medecinedouce.com\\\/lyon\\\/presse-partenaires\\\/nos-partenaires\\\/se-soigner-naturellement\\\/\",\"name\":\"Se Soigner Naturellement - Bien-\u00eatre Lyon\",\"isPartOf\":{\"@id\":\"https:\\\/\\\/www.salon-medecinedouce.com\\\/lyon\\\/#website\"},\"primaryImageOfPage\":{\"@id\":\"https:\\\/\\\/www.salon-medecinedouce.com\\\/lyon\\\/presse-partenaires\\\/nos-partenaires\\\/se-soigner-naturellement\\\/#primaryimage\"},\"image\":{\"@id\":\"https:\\\/\\\/www.salon-medecinedouce.com\\\/lyon\\\/presse-partenaires\\\/nos-partenaires\\\/se-soigner-naturellement\\\/#primaryimage\"},\"thumbnailUrl\":\"https:\\\/\\\/www.salon-medecinedouce.com\\\/lyon\\\/wp-content\\\/uploads\\\/sites\\\/12\\\/2019\\\/03\\\/Se-soigner-naturellement_Logo.jpg\",\"datePublished\":\"2019-03-15T09:38:12+00:00\",\"dateModified\":\"2019-03-15T09:38:29+00:00\",\"breadcrumb\":{\"@id\":\"https:\\\/\\\/www.salon-medecinedouce.com\\\/lyon\\\/presse-partenaires\\\/nos-partenaires\\\/se-soigner-naturellement\\\/#breadcrumb\"},\"inLanguage\":\"fr-FR\",\"potentialAction\":[{\"@type\":\"ReadAction\",\"target\":[\"https:\\\/\\\/www.salon-medecinedouce.com\\\/lyon\\\/presse-partenaires\\\/nos-partenaires\\\/se-soigner-naturellement\\\/\"]}]},{\"@type\":\"ImageObject\",\"inLanguage\":\"fr-FR\",\"@id\":\"https:\\\/\\\/www.salon-medecinedouce.com\\\/lyon\\\/presse-partenaires\\\/nos-partenaires\\\/se-soigner-naturellement\\\/#primaryimage\",\"url\":\"https:\\\/\\\/www.salon-medecinedouce.com\\\/lyon\\\/wp-content\\\/uploads\\\/sites\\\/12\\\/2019\\\/03\\\/Se-soigner-naturellement_Logo.jpg\",\"contentUrl\":\"https:\\\/\\\/www.salon-medecinedouce.com\\\/lyon\\\/wp-content\\\/uploads\\\/sites\\\/12\\\/2019\\\/03\\\/Se-soigner-naturellement_Logo.jpg\",\"width\":150,\"height\":100},{\"@type\":\"BreadcrumbList\",\"@id\":\"https:\\\/\\\/www.salon-medecinedouce.com\\\/lyon\\\/presse-partenaires\\\/nos-partenaires\\\/se-soigner-naturellement\\\/#breadcrumb\",\"itemListElement\":[{\"@type\":\"ListItem\",\"position\":1,\"name\":\"Accueil\",\"item\":\"https:\\\/\\\/www.salon-medecinedouce.com\\\/lyon\\\/\"},{\"@type\":\"ListItem\",\"position\":2,\"name\":\"Presse\\\/partenaires\",\"item\":\"https:\\\/\\\/www.salon-medecinedouce.com\\\/lyon\\\/presse-partenaires\\\/\"},{\"@type\":\"ListItem\",\"position\":3,\"name\":\"Nos partenaires\",\"item\":\"https:\\\/\\\/www.salon-medecinedouce.com\\\/lyon\\\/presse-partenaires\\\/nos-partenaires\\\/\"},{\"@type\":\"ListItem\",\"position\":4,\"name\":\"Se Soigner Naturellement\"}]},{\"@type\":\"WebSite\",\"@id\":\"https:\\\/\\\/www.salon-medecinedouce.com\\\/lyon\\\/#website\",\"url\":\"https:\\\/\\\/www.salon-medecinedouce.com\\\/lyon\\\/\",\"name\":\"Bien-\u00eatre Lyon\",\"description\":\"La sant\u00e9 au naturel : M\u00e9decines douces - Compl\u00e9ments alimentaires - Alimentation saine - Cosm\u00e9tiques naturelles - Art de vivre - Tourisme de sant\u00e9\",\"publisher\":{\"@id\":\"https:\\\/\\\/www.salon-medecinedouce.com\\\/lyon\\\/#organization\"},\"potentialAction\":[{\"@type\":\"SearchAction\",\"target\":{\"@type\":\"EntryPoint\",\"urlTemplate\":\"https:\\\/\\\/www.salon-medecinedouce.com\\\/lyon\\\/?s={search_term_string}\"},\"query-input\":{\"@type\":\"PropertyValueSpecification\",\"valueRequired\":true,\"valueName\":\"search_term_string\"}}],\"inLanguage\":\"fr-FR\"},{\"@type\":\"Organization\",\"@id\":\"https:\\\/\\\/www.salon-medecinedouce.com\\\/lyon\\\/#organization\",\"name\":\"Bien-\u00eatre Lyon\",\"url\":\"https:\\\/\\\/www.salon-medecinedouce.com\\\/lyon\\\/\",\"logo\":{\"@type\":\"ImageObject\",\"inLanguage\":\"fr-FR\",\"@id\":\"https:\\\/\\\/www.salon-medecinedouce.com\\\/lyon\\\/#\\\/schema\\\/logo\\\/image\\\/\",\"url\":\"https:\\\/\\\/www.salon-medecinedouce.com\\\/lyon\\\/wp-content\\\/uploads\\\/sites\\\/12\\\/2024\\\/05\\\/cropped-logo-orange-bemd.png\",\"contentUrl\":\"https:\\\/\\\/www.salon-medecinedouce.com\\\/lyon\\\/wp-content\\\/uploads\\\/sites\\\/12\\\/2024\\\/05\\\/cropped-logo-orange-bemd.png\",\"width\":591,\"height\":591,\"caption\":\"Bien-\u00eatre Lyon\"},\"image\":{\"@id\":\"https:\\\/\\\/www.salon-medecinedouce.com\\\/lyon\\\/#\\\/schema\\\/logo\\\/image\\\/\"}}]}<\/script>\n<!-- \/ Yoast SEO plugin. -->","yoast_head_json":{"title":"Se Soigner Naturellement - Bien-\u00eatre Lyon","robots":{"index":"index","follow":"follow","max-snippet":"max-snippet:-1","max-image-preview":"max-image-preview:large","max-video-preview":"max-video-preview:-1"},"canonical":"https:\/\/www.salon-medecinedouce.com\/lyon\/presse-partenaires\/nos-partenaires\/se-soigner-naturellement\/","og_locale":"fr_FR","og_type":"article","og_title":"Se Soigner Naturellement - Bien-\u00eatre Lyon","og_description":"Se soigner naturellement\u00a0existe depuis pr\u00e9s de 15 ans et est aujourd\u2019hui \u00e0 son 90\u00e8me num\u00e9ro ! Nos valeurs sont celles du bien-\u00eatre naturel et du respect de l\u2019environnement. Nous proposons \u00e0 travers nos pages des alternatives pour le bien-\u00eatre et la sant\u00e9 par les plantes (phytoth\u00e9rapie, aromath\u00e9rapie\u2026) et autres m\u00e9thodes de soins naturels. Dans notre&hellip;","og_url":"https:\/\/www.salon-medecinedouce.com\/lyon\/presse-partenaires\/nos-partenaires\/se-soigner-naturellement\/","og_site_name":"Bien-\u00eatre Lyon","article_modified_time":"2019-03-15T09:38:29+00:00","og_image":[{"url":"https:\/\/www.salon-medecinedouce.com\/lyon\/wp-content\/uploads\/sites\/12\/2019\/03\/Se-soigner-naturellement_Logo.jpg","type":"","width":"","height":""}],"twitter_card":"summary_large_image","twitter_misc":{"Dur\u00e9e de lecture estim\u00e9e":"1 minute"},"schema":{"@context":"https:\/\/schema.org","@graph":[{"@type":"WebPage","@id":"https:\/\/www.salon-medecinedouce.com\/lyon\/presse-partenaires\/nos-partenaires\/se-soigner-naturellement\/","url":"https:\/\/www.salon-medecinedouce.com\/lyon\/presse-partenaires\/nos-partenaires\/se-soigner-naturellement\/","name":"Se Soigner Naturellement - Bien-\u00eatre Lyon","isPartOf":{"@id":"https:\/\/www.salon-medecinedouce.com\/lyon\/#website"},"primaryImageOfPage":{"@id":"https:\/\/www.salon-medecinedouce.com\/lyon\/presse-partenaires\/nos-partenaires\/se-soigner-naturellement\/#primaryimage"},"image":{"@id":"https:\/\/www.salon-medecinedouce.com\/lyon\/presse-partenaires\/nos-partenaires\/se-soigner-naturellement\/#primaryimage"},"thumbnailUrl":"https:\/\/www.salon-medecinedouce.com\/lyon\/wp-content\/uploads\/sites\/12\/2019\/03\/Se-soigner-naturellement_Logo.jpg","datePublished":"2019-03-15T09:38:12+00:00","dateModified":"2019-03-15T09:38:29+00:00","breadcrumb":{"@id":"https:\/\/www.salon-medecinedouce.com\/lyon\/presse-partenaires\/nos-partenaires\/se-soigner-naturellement\/#breadcrumb"},"inLanguage":"fr-FR","potentialAction":[{"@type":"ReadAction","target":["https:\/\/www.salon-medecinedouce.com\/lyon\/presse-partenaires\/nos-partenaires\/se-soigner-naturellement\/"]}]},{"@type":"ImageObject","inLanguage":"fr-FR","@id":"https:\/\/www.salon-medecinedouce.com\/lyon\/presse-partenaires\/nos-partenaires\/se-soigner-naturellement\/#primaryimage","url":"https:\/\/www.salon-medecinedouce.com\/lyon\/wp-content\/uploads\/sites\/12\/2019\/03\/Se-soigner-naturellement_Logo.jpg","contentUrl":"https:\/\/www.salon-medecinedouce.com\/lyon\/wp-content\/uploads\/sites\/12\/2019\/03\/Se-soigner-naturellement_Logo.jpg","width":150,"height":100},{"@type":"BreadcrumbList","@id":"https:\/\/www.salon-medecinedouce.com\/lyon\/presse-partenaires\/nos-partenaires\/se-soigner-naturellement\/#breadcrumb","itemListElement":[{"@type":"ListItem","position":1,"name":"Accueil","item":"https:\/\/www.salon-medecinedouce.com\/lyon\/"},{"@type":"ListItem","position":2,"name":"Presse\/partenaires","item":"https:\/\/www.salon-medecinedouce.com\/lyon\/presse-partenaires\/"},{"@type":"ListItem","position":3,"name":"Nos partenaires","item":"https:\/\/www.salon-medecinedouce.com\/lyon\/presse-partenaires\/nos-partenaires\/"},{"@type":"ListItem","position":4,"name":"Se Soigner Naturellement"}]},{"@type":"WebSite","@id":"https:\/\/www.salon-medecinedouce.com\/lyon\/#website","url":"https:\/\/www.salon-medecinedouce.com\/lyon\/","name":"Bien-\u00eatre Lyon","description":"La sant\u00e9 au naturel : M\u00e9decines douces - Compl\u00e9ments alimentaires - Alimentation saine - Cosm\u00e9tiques naturelles - Art de vivre - Tourisme de sant\u00e9","publisher":{"@id":"https:\/\/www.salon-medecinedouce.com\/lyon\/#organization"},"potentialAction":[{"@type":"SearchAction","target":{"@type":"EntryPoint","urlTemplate":"https:\/\/www.salon-medecinedouce.com\/lyon\/?s={search_term_string}"},"query-input":{"@type":"PropertyValueSpecification","valueRequired":true,"valueName":"search_term_string"}}],"inLanguage":"fr-FR"},{"@type":"Organization","@id":"https:\/\/www.salon-medecinedouce.com\/lyon\/#organization","name":"Bien-\u00eatre Lyon","url":"https:\/\/www.salon-medecinedouce.com\/lyon\/","logo":{"@type":"ImageObject","inLanguage":"fr-FR","@id":"https:\/\/www.salon-medecinedouce.com\/lyon\/#\/schema\/logo\/image\/","url":"https:\/\/www.salon-medecinedouce.com\/lyon\/wp-content\/uploads\/sites\/12\/2024\/05\/cropped-logo-orange-bemd.png","contentUrl":"https:\/\/www.salon-medecinedouce.com\/lyon\/wp-content\/uploads\/sites\/12\/2024\/05\/cropped-logo-orange-bemd.png","width":591,"height":591,"caption":"Bien-\u00eatre Lyon"},"image":{"@id":"https:\/\/www.salon-medecinedouce.com\/lyon\/#\/schema\/logo\/image\/"}}]}},"rttpg_featured_image_url":null,"rttpg_author":{"display_name":"admin","author_link":"https:\/\/www.salon-medecinedouce.com\/lyon\/author\/admin\/"},"rttpg_comment":0,"rttpg_category":false,"rttpg_excerpt":"Se soigner naturellement\u00a0existe depuis pr\u00e9s de 15 ans et est aujourd\u2019hui \u00e0 son 90\u00e8me num\u00e9ro ! Nos valeurs sont celles du bien-\u00eatre naturel et du respect de l\u2019environnement. Nous proposons \u00e0 travers nos pages des alternatives pour le bien-\u00eatre et la sant\u00e9 par les plantes (phytoth\u00e9rapie, aromath\u00e9rapie\u2026) et autres m\u00e9thodes de soins naturels. Dans notre&hellip;","_links":{"self":[{"href":"https:\/\/www.salon-medecinedouce.com\/lyon\/wp-json\/wp\/v2\/pages\/6723","targetHints":{"allow":["GET"]}}],"collection":[{"href":"https:\/\/www.salon-medecinedouce.com\/lyon\/wp-json\/wp\/v2\/pages"}],"about":[{"href":"https:\/\/www.salon-medecinedouce.com\/lyon\/wp-json\/wp\/v2\/types\/page"}],"author":[{"embeddable":true,"href":"https:\/\/www.salon-medecinedouce.com\/lyon\/wp-json\/wp\/v2\/users\/1"}],"replies":[{"embeddable":true,"href":"https:\/\/www.salon-medecinedouce.com\/lyon\/wp-json\/wp\/v2\/comments?post=6723"}],"version-history":[{"count":1,"href":"https:\/\/www.salon-medecinedouce.com\/lyon\/wp-json\/wp\/v2\/pages\/6723\/revisions"}],"predecessor-version":[{"id":6724,"href":"https:\/\/www.salon-medecinedouce.com\/lyon\/wp-json\/wp\/v2\/pages\/6723\/revisions\/6724"}],"up":[{"embeddable":true,"href":"https:\/\/www.salon-medecinedouce.com\/lyon\/wp-json\/wp\/v2\/pages\/2456"}],"wp:attachment":[{"href":"https:\/\/www.salon-medecinedouce.com\/lyon\/wp-json\/wp\/v2\/media?parent=6723"}],"curies":[{"name":"wp","href":"https:\/\/api.w.org\/{rel}","templated":true}]}}