{"id":6711,"date":"2024-06-26T09:00:55","date_gmt":"2024-06-26T07:00:55","guid":{"rendered":"https:\/\/www.salon-medecinedouce.com\/lyon\/?page_id=6711"},"modified":"2024-06-26T14:18:20","modified_gmt":"2024-06-26T12:18:20","slug":"services-visiteurs","status":"publish","type":"page","link":"https:\/\/www.salon-medecinedouce.com\/lyon\/infos-2\/services-visiteurs\/","title":{"rendered":"Services visiteurs"},"content":{"rendered":"<h3><img fetchpriority=\"high\" decoding=\"async\" class=\"alignnone size-full wp-image-6217\" src=\"https:\/\/www.salon-medecinedouce.com\/lyon\/wp-content\/uploads\/sites\/12\/2018\/06\/Fotolia_100725192_Subscription_Monthly_M1-1.jpg\" alt=\"\" width=\"830\" height=\"253\" srcset=\"https:\/\/www.salon-medecinedouce.com\/lyon\/wp-content\/uploads\/sites\/12\/2018\/06\/Fotolia_100725192_Subscription_Monthly_M1-1.jpg 830w, https:\/\/www.salon-medecinedouce.com\/lyon\/wp-content\/uploads\/sites\/12\/2018\/06\/Fotolia_100725192_Subscription_Monthly_M1-1-300x91.jpg 300w, https:\/\/www.salon-medecinedouce.com\/lyon\/wp-content\/uploads\/sites\/12\/2018\/06\/Fotolia_100725192_Subscription_Monthly_M1-1-768x234.jpg 768w, https:\/\/www.salon-medecinedouce.com\/lyon\/wp-content\/uploads\/sites\/12\/2018\/06\/Fotolia_100725192_Subscription_Monthly_M1-1-150x46.jpg 150w, https:\/\/www.salon-medecinedouce.com\/lyon\/wp-content\/uploads\/sites\/12\/2018\/06\/Fotolia_100725192_Subscription_Monthly_M1-1-500x152.jpg 500w\" sizes=\"(max-width: 830px) 100vw, 830px\" \/><\/h3>\n<h2><span style=\"color: #165e6c;\">Vos services sur le salon<\/span><\/h2>\n<p><strong>RESTAURATION SAINE SUR PLACE<\/strong><\/p>\n<p><span style=\"color: #165e6c;\"><a style=\"color: #165e6c;\" href=\"https:\/\/www.calameo.com\/read\/007305896404200b2152c\"><strong>GUIDE DES BONNES ADRESSES DE LYON<\/strong><\/a><\/span><\/p>\n<p><strong>VESTIAIRE : 2\u20ac par article<br \/>\n<\/strong><br \/>\n<strong>ACCUEIL VISITEURS<\/strong>\u00a0:\u00a0programmes, guides de visite, renseignements \u00e0 l\u2019entr\u00e9e du salon<\/p>\n<p><strong>VOS ACHATS :<\/strong><\/p>\n<ul>\n<li>Munissez vous d&rsquo;esp\u00e8ces, tous les exposants n&rsquo;acceptent pas le paiement par ch\u00e8que et\/ou ne sont pas \u00e9quip\u00e9s d&rsquo;un terminal de carte bancaire<\/li>\n<li>Pensez \u00e0 prendre vos paniers et sacs<\/li>\n<li>Nous vous rappelons que lors des salons, les exposants n&rsquo;ont pas l&rsquo;obligation de proposer un droit de r\u00e9tractation pour les achats effectu\u00e9s<\/li>\n<\/ul>\n<div class=\"salon-pubs-hp-bas-de-page salon-entity-placement\" id=\"salon-1085775488\"><div id=\"salon-3948177034\"><a data-no-instant=\"1\" href=\"https:\/\/www.naia-kaolin-delphine.fr\/\" rel=\"noopener\" class=\"a2t-link\" target=\"_blank\"><p><a href=\"https:\/\/www.naia-kaolin-delphine.fr\/\"><img decoding=\"async\" class=\"wp-image-15074 size-full aligncenter\" src=\"https:\/\/www.salon-medecinedouce.com\/lyon\/wp-content\/uploads\/sites\/12\/2026\/01\/Naia-Kaolin-salon-LYON-2026.png\" alt=\"\" width=\"728\" height=\"90\" srcset=\"https:\/\/www.salon-medecinedouce.com\/lyon\/wp-content\/uploads\/sites\/12\/2026\/01\/Naia-Kaolin-salon-LYON-2026.png 728w, https:\/\/www.salon-medecinedouce.com\/lyon\/wp-content\/uploads\/sites\/12\/2026\/01\/Naia-Kaolin-salon-LYON-2026-300x37.png 300w, https:\/\/www.salon-medecinedouce.com\/lyon\/wp-content\/uploads\/sites\/12\/2026\/01\/Naia-Kaolin-salon-LYON-2026-150x19.png 150w, https:\/\/www.salon-medecinedouce.com\/lyon\/wp-content\/uploads\/sites\/12\/2026\/01\/Naia-Kaolin-salon-LYON-2026-500x62.png 500w\" sizes=\"(max-width: 728px) 100vw, 728px\" \/><\/a><\/p>\n<\/a><\/div><\/div>","protected":false},"excerpt":{"rendered":"<p>Vos services sur le salon RESTAURATION SAINE SUR PLACE GUIDE DES BONNES ADRESSES DE LYON VESTIAIRE : 2\u20ac par article ACCUEIL VISITEURS\u00a0:\u00a0programmes, guides de visite, renseignements \u00e0 l\u2019entr\u00e9e du salon VOS ACHATS : Munissez vous d&rsquo;esp\u00e8ces, tous les exposants n&rsquo;acceptent pas le paiement par ch\u00e8que et\/ou ne sont pas \u00e9quip\u00e9s d&rsquo;un terminal de carte bancaire&hellip; <\/p>\n","protected":false},"author":1,"featured_media":0,"parent":2094,"menu_order":0,"comment_status":"closed","ping_status":"closed","template":"","meta":{"_monsterinsights_skip_tracking":false,"_monsterinsights_sitenote_active":false,"_monsterinsights_sitenote_note":"","_monsterinsights_sitenote_category":0,"footnotes":""},"class_list":["post-6711","page","type-page","status-publish","hentry"],"yoast_head":"<!-- This site is optimized with the Yoast SEO plugin v27.5 - https:\/\/yoast.com\/product\/yoast-seo-wordpress\/ -->\n<title>Services visiteurs - Bien-\u00eatre Lyon<\/title>\n<meta name=\"description\" content=\"D\u00e9couvrez tous les services pr\u00e9sents sur le salon Bien-\u00eatre M\u00e9decine douce Lyon.\" \/>\n<meta name=\"robots\" content=\"index, follow, max-snippet:-1, max-image-preview:large, max-video-preview:-1\" \/>\n<link rel=\"canonical\" href=\"https:\/\/www.salon-medecinedouce.com\/lyon\/infos-2\/services-visiteurs\/\" \/>\n<meta property=\"og:locale\" content=\"fr_FR\" \/>\n<meta property=\"og:type\" content=\"article\" \/>\n<meta property=\"og:title\" content=\"Services visiteurs - Bien-\u00eatre Lyon\" \/>\n<meta property=\"og:description\" content=\"D\u00e9couvrez tous les services pr\u00e9sents sur le salon Bien-\u00eatre M\u00e9decine douce Lyon.\" \/>\n<meta property=\"og:url\" content=\"https:\/\/www.salon-medecinedouce.com\/lyon\/infos-2\/services-visiteurs\/\" \/>\n<meta property=\"og:site_name\" content=\"Bien-\u00eatre Lyon\" \/>\n<meta property=\"article:modified_time\" content=\"2024-06-26T12:18:20+00:00\" \/>\n<meta property=\"og:image\" content=\"https:\/\/www.salon-medecinedouce.com\/lyon\/wp-content\/uploads\/sites\/12\/2018\/06\/Fotolia_100725192_Subscription_Monthly_M1-1.jpg\" \/>\n<meta name=\"twitter:card\" content=\"summary_large_image\" \/>\n<meta name=\"twitter:label1\" content=\"Dur\u00e9e de lecture estim\u00e9e\" \/>\n\t<meta name=\"twitter:data1\" content=\"1 minute\" \/>\n<script type=\"application\/ld+json\" class=\"yoast-schema-graph\">{\"@context\":\"https:\\\/\\\/schema.org\",\"@graph\":[{\"@type\":\"WebPage\",\"@id\":\"https:\\\/\\\/www.salon-medecinedouce.com\\\/lyon\\\/infos-2\\\/services-visiteurs\\\/\",\"url\":\"https:\\\/\\\/www.salon-medecinedouce.com\\\/lyon\\\/infos-2\\\/services-visiteurs\\\/\",\"name\":\"Services visiteurs - Bien-\u00eatre Lyon\",\"isPartOf\":{\"@id\":\"https:\\\/\\\/www.salon-medecinedouce.com\\\/lyon\\\/#website\"},\"primaryImageOfPage\":{\"@id\":\"https:\\\/\\\/www.salon-medecinedouce.com\\\/lyon\\\/infos-2\\\/services-visiteurs\\\/#primaryimage\"},\"image\":{\"@id\":\"https:\\\/\\\/www.salon-medecinedouce.com\\\/lyon\\\/infos-2\\\/services-visiteurs\\\/#primaryimage\"},\"thumbnailUrl\":\"https:\\\/\\\/www.salon-medecinedouce.com\\\/lyon\\\/wp-content\\\/uploads\\\/sites\\\/12\\\/2018\\\/06\\\/Fotolia_100725192_Subscription_Monthly_M1-1.jpg\",\"datePublished\":\"2024-06-26T07:00:55+00:00\",\"dateModified\":\"2024-06-26T12:18:20+00:00\",\"description\":\"D\u00e9couvrez tous les services pr\u00e9sents sur le salon Bien-\u00eatre M\u00e9decine douce Lyon.\",\"breadcrumb\":{\"@id\":\"https:\\\/\\\/www.salon-medecinedouce.com\\\/lyon\\\/infos-2\\\/services-visiteurs\\\/#breadcrumb\"},\"inLanguage\":\"fr-FR\",\"potentialAction\":[{\"@type\":\"ReadAction\",\"target\":[\"https:\\\/\\\/www.salon-medecinedouce.com\\\/lyon\\\/infos-2\\\/services-visiteurs\\\/\"]}]},{\"@type\":\"ImageObject\",\"inLanguage\":\"fr-FR\",\"@id\":\"https:\\\/\\\/www.salon-medecinedouce.com\\\/lyon\\\/infos-2\\\/services-visiteurs\\\/#primaryimage\",\"url\":\"https:\\\/\\\/www.salon-medecinedouce.com\\\/lyon\\\/wp-content\\\/uploads\\\/sites\\\/12\\\/2018\\\/06\\\/Fotolia_100725192_Subscription_Monthly_M1-1.jpg\",\"contentUrl\":\"https:\\\/\\\/www.salon-medecinedouce.com\\\/lyon\\\/wp-content\\\/uploads\\\/sites\\\/12\\\/2018\\\/06\\\/Fotolia_100725192_Subscription_Monthly_M1-1.jpg\",\"width\":830,\"height\":253},{\"@type\":\"BreadcrumbList\",\"@id\":\"https:\\\/\\\/www.salon-medecinedouce.com\\\/lyon\\\/infos-2\\\/services-visiteurs\\\/#breadcrumb\",\"itemListElement\":[{\"@type\":\"ListItem\",\"position\":1,\"name\":\"Accueil\",\"item\":\"https:\\\/\\\/www.salon-medecinedouce.com\\\/lyon\\\/\"},{\"@type\":\"ListItem\",\"position\":2,\"name\":\"Infos pratiques\",\"item\":\"https:\\\/\\\/www.salon-medecinedouce.com\\\/lyon\\\/infos-2\\\/\"},{\"@type\":\"ListItem\",\"position\":3,\"name\":\"Services visiteurs\"}]},{\"@type\":\"WebSite\",\"@id\":\"https:\\\/\\\/www.salon-medecinedouce.com\\\/lyon\\\/#website\",\"url\":\"https:\\\/\\\/www.salon-medecinedouce.com\\\/lyon\\\/\",\"name\":\"Bien-\u00eatre Lyon\",\"description\":\"La sant\u00e9 au naturel : M\u00e9decines douces - Compl\u00e9ments alimentaires - Alimentation saine - Cosm\u00e9tiques naturelles - Art de vivre - Tourisme de sant\u00e9\",\"publisher\":{\"@id\":\"https:\\\/\\\/www.salon-medecinedouce.com\\\/lyon\\\/#organization\"},\"potentialAction\":[{\"@type\":\"SearchAction\",\"target\":{\"@type\":\"EntryPoint\",\"urlTemplate\":\"https:\\\/\\\/www.salon-medecinedouce.com\\\/lyon\\\/?s={search_term_string}\"},\"query-input\":{\"@type\":\"PropertyValueSpecification\",\"valueRequired\":true,\"valueName\":\"search_term_string\"}}],\"inLanguage\":\"fr-FR\"},{\"@type\":\"Organization\",\"@id\":\"https:\\\/\\\/www.salon-medecinedouce.com\\\/lyon\\\/#organization\",\"name\":\"Bien-\u00eatre Lyon\",\"url\":\"https:\\\/\\\/www.salon-medecinedouce.com\\\/lyon\\\/\",\"logo\":{\"@type\":\"ImageObject\",\"inLanguage\":\"fr-FR\",\"@id\":\"https:\\\/\\\/www.salon-medecinedouce.com\\\/lyon\\\/#\\\/schema\\\/logo\\\/image\\\/\",\"url\":\"https:\\\/\\\/www.salon-medecinedouce.com\\\/lyon\\\/wp-content\\\/uploads\\\/sites\\\/12\\\/2024\\\/05\\\/cropped-logo-orange-bemd.png\",\"contentUrl\":\"https:\\\/\\\/www.salon-medecinedouce.com\\\/lyon\\\/wp-content\\\/uploads\\\/sites\\\/12\\\/2024\\\/05\\\/cropped-logo-orange-bemd.png\",\"width\":591,\"height\":591,\"caption\":\"Bien-\u00eatre Lyon\"},\"image\":{\"@id\":\"https:\\\/\\\/www.salon-medecinedouce.com\\\/lyon\\\/#\\\/schema\\\/logo\\\/image\\\/\"}}]}<\/script>\n<!-- \/ Yoast SEO plugin. -->","yoast_head_json":{"title":"Services visiteurs - Bien-\u00eatre Lyon","description":"D\u00e9couvrez tous les services pr\u00e9sents sur le salon Bien-\u00eatre M\u00e9decine douce Lyon.","robots":{"index":"index","follow":"follow","max-snippet":"max-snippet:-1","max-image-preview":"max-image-preview:large","max-video-preview":"max-video-preview:-1"},"canonical":"https:\/\/www.salon-medecinedouce.com\/lyon\/infos-2\/services-visiteurs\/","og_locale":"fr_FR","og_type":"article","og_title":"Services visiteurs - Bien-\u00eatre Lyon","og_description":"D\u00e9couvrez tous les services pr\u00e9sents sur le salon Bien-\u00eatre M\u00e9decine douce Lyon.","og_url":"https:\/\/www.salon-medecinedouce.com\/lyon\/infos-2\/services-visiteurs\/","og_site_name":"Bien-\u00eatre Lyon","article_modified_time":"2024-06-26T12:18:20+00:00","og_image":[{"url":"https:\/\/www.salon-medecinedouce.com\/lyon\/wp-content\/uploads\/sites\/12\/2018\/06\/Fotolia_100725192_Subscription_Monthly_M1-1.jpg","type":"","width":"","height":""}],"twitter_card":"summary_large_image","twitter_misc":{"Dur\u00e9e de lecture estim\u00e9e":"1 minute"},"schema":{"@context":"https:\/\/schema.org","@graph":[{"@type":"WebPage","@id":"https:\/\/www.salon-medecinedouce.com\/lyon\/infos-2\/services-visiteurs\/","url":"https:\/\/www.salon-medecinedouce.com\/lyon\/infos-2\/services-visiteurs\/","name":"Services visiteurs - Bien-\u00eatre Lyon","isPartOf":{"@id":"https:\/\/www.salon-medecinedouce.com\/lyon\/#website"},"primaryImageOfPage":{"@id":"https:\/\/www.salon-medecinedouce.com\/lyon\/infos-2\/services-visiteurs\/#primaryimage"},"image":{"@id":"https:\/\/www.salon-medecinedouce.com\/lyon\/infos-2\/services-visiteurs\/#primaryimage"},"thumbnailUrl":"https:\/\/www.salon-medecinedouce.com\/lyon\/wp-content\/uploads\/sites\/12\/2018\/06\/Fotolia_100725192_Subscription_Monthly_M1-1.jpg","datePublished":"2024-06-26T07:00:55+00:00","dateModified":"2024-06-26T12:18:20+00:00","description":"D\u00e9couvrez tous les services pr\u00e9sents sur le salon Bien-\u00eatre M\u00e9decine douce Lyon.","breadcrumb":{"@id":"https:\/\/www.salon-medecinedouce.com\/lyon\/infos-2\/services-visiteurs\/#breadcrumb"},"inLanguage":"fr-FR","potentialAction":[{"@type":"ReadAction","target":["https:\/\/www.salon-medecinedouce.com\/lyon\/infos-2\/services-visiteurs\/"]}]},{"@type":"ImageObject","inLanguage":"fr-FR","@id":"https:\/\/www.salon-medecinedouce.com\/lyon\/infos-2\/services-visiteurs\/#primaryimage","url":"https:\/\/www.salon-medecinedouce.com\/lyon\/wp-content\/uploads\/sites\/12\/2018\/06\/Fotolia_100725192_Subscription_Monthly_M1-1.jpg","contentUrl":"https:\/\/www.salon-medecinedouce.com\/lyon\/wp-content\/uploads\/sites\/12\/2018\/06\/Fotolia_100725192_Subscription_Monthly_M1-1.jpg","width":830,"height":253},{"@type":"BreadcrumbList","@id":"https:\/\/www.salon-medecinedouce.com\/lyon\/infos-2\/services-visiteurs\/#breadcrumb","itemListElement":[{"@type":"ListItem","position":1,"name":"Accueil","item":"https:\/\/www.salon-medecinedouce.com\/lyon\/"},{"@type":"ListItem","position":2,"name":"Infos pratiques","item":"https:\/\/www.salon-medecinedouce.com\/lyon\/infos-2\/"},{"@type":"ListItem","position":3,"name":"Services visiteurs"}]},{"@type":"WebSite","@id":"https:\/\/www.salon-medecinedouce.com\/lyon\/#website","url":"https:\/\/www.salon-medecinedouce.com\/lyon\/","name":"Bien-\u00eatre Lyon","description":"La sant\u00e9 au naturel : M\u00e9decines douces - Compl\u00e9ments alimentaires - Alimentation saine - Cosm\u00e9tiques naturelles - Art de vivre - Tourisme de sant\u00e9","publisher":{"@id":"https:\/\/www.salon-medecinedouce.com\/lyon\/#organization"},"potentialAction":[{"@type":"SearchAction","target":{"@type":"EntryPoint","urlTemplate":"https:\/\/www.salon-medecinedouce.com\/lyon\/?s={search_term_string}"},"query-input":{"@type":"PropertyValueSpecification","valueRequired":true,"valueName":"search_term_string"}}],"inLanguage":"fr-FR"},{"@type":"Organization","@id":"https:\/\/www.salon-medecinedouce.com\/lyon\/#organization","name":"Bien-\u00eatre Lyon","url":"https:\/\/www.salon-medecinedouce.com\/lyon\/","logo":{"@type":"ImageObject","inLanguage":"fr-FR","@id":"https:\/\/www.salon-medecinedouce.com\/lyon\/#\/schema\/logo\/image\/","url":"https:\/\/www.salon-medecinedouce.com\/lyon\/wp-content\/uploads\/sites\/12\/2024\/05\/cropped-logo-orange-bemd.png","contentUrl":"https:\/\/www.salon-medecinedouce.com\/lyon\/wp-content\/uploads\/sites\/12\/2024\/05\/cropped-logo-orange-bemd.png","width":591,"height":591,"caption":"Bien-\u00eatre Lyon"},"image":{"@id":"https:\/\/www.salon-medecinedouce.com\/lyon\/#\/schema\/logo\/image\/"}}]}},"rttpg_featured_image_url":null,"rttpg_author":{"display_name":"admin","author_link":"https:\/\/www.salon-medecinedouce.com\/lyon\/author\/admin\/"},"rttpg_comment":0,"rttpg_category":false,"rttpg_excerpt":"Vos services sur le salon RESTAURATION SAINE SUR PLACE GUIDE DES BONNES ADRESSES DE LYON VESTIAIRE : 2\u20ac par article ACCUEIL VISITEURS\u00a0:\u00a0programmes, guides de visite, renseignements \u00e0 l\u2019entr\u00e9e du salon VOS ACHATS : Munissez vous d&rsquo;esp\u00e8ces, tous les exposants n&rsquo;acceptent pas le paiement par ch\u00e8que et\/ou ne sont pas \u00e9quip\u00e9s d&rsquo;un terminal de carte bancaire&hellip;","_links":{"self":[{"href":"https:\/\/www.salon-medecinedouce.com\/lyon\/wp-json\/wp\/v2\/pages\/6711","targetHints":{"allow":["GET"]}}],"collection":[{"href":"https:\/\/www.salon-medecinedouce.com\/lyon\/wp-json\/wp\/v2\/pages"}],"about":[{"href":"https:\/\/www.salon-medecinedouce.com\/lyon\/wp-json\/wp\/v2\/types\/page"}],"author":[{"embeddable":true,"href":"https:\/\/www.salon-medecinedouce.com\/lyon\/wp-json\/wp\/v2\/users\/1"}],"replies":[{"embeddable":true,"href":"https:\/\/www.salon-medecinedouce.com\/lyon\/wp-json\/wp\/v2\/comments?post=6711"}],"version-history":[{"count":11,"href":"https:\/\/www.salon-medecinedouce.com\/lyon\/wp-json\/wp\/v2\/pages\/6711\/revisions"}],"predecessor-version":[{"id":12853,"href":"https:\/\/www.salon-medecinedouce.com\/lyon\/wp-json\/wp\/v2\/pages\/6711\/revisions\/12853"}],"up":[{"embeddable":true,"href":"https:\/\/www.salon-medecinedouce.com\/lyon\/wp-json\/wp\/v2\/pages\/2094"}],"wp:attachment":[{"href":"https:\/\/www.salon-medecinedouce.com\/lyon\/wp-json\/wp\/v2\/media?parent=6711"}],"curies":[{"name":"wp","href":"https:\/\/api.w.org\/{rel}","templated":true}]}}