{"id":6565,"date":"2019-02-26T17:37:14","date_gmt":"2019-02-26T16:37:14","guid":{"rendered":"https:\/\/www.salon-medecinedouce.com\/lyon\/?page_id=6565"},"modified":"2025-05-19T17:29:02","modified_gmt":"2025-05-19T15:29:02","slug":"outils-de-communication","status":"publish","type":"page","link":"https:\/\/www.salon-medecinedouce.com\/lyon\/exposants\/outils-de-communication\/","title":{"rendered":"Outils de communication"},"content":{"rendered":"<h3><span style=\"color: #000000;\">T\u00e9l\u00e9chargez les supports de communication du salon dont vous avez besoin pour communiquer sur votre pr\u00e9sence :<\/span><\/h3>\n<ul>\n<li>Affiche A4 Lyon<\/li>\n<\/ul>\n<p><img fetchpriority=\"high\" decoding=\"async\" class=\"alignnone  wp-image-13821\" src=\"https:\/\/www.salon-medecinedouce.com\/lyon\/wp-content\/uploads\/sites\/12\/2025\/05\/BE26-LYON-AFFICHE-A4_page-0001-1.jpg\" alt=\"\" width=\"275\" height=\"389\" srcset=\"https:\/\/www.salon-medecinedouce.com\/lyon\/wp-content\/uploads\/sites\/12\/2025\/05\/BE26-LYON-AFFICHE-A4_page-0001-1.jpg 1241w, https:\/\/www.salon-medecinedouce.com\/lyon\/wp-content\/uploads\/sites\/12\/2025\/05\/BE26-LYON-AFFICHE-A4_page-0001-1-212x300.jpg 212w, https:\/\/www.salon-medecinedouce.com\/lyon\/wp-content\/uploads\/sites\/12\/2025\/05\/BE26-LYON-AFFICHE-A4_page-0001-1-725x1024.jpg 725w, https:\/\/www.salon-medecinedouce.com\/lyon\/wp-content\/uploads\/sites\/12\/2025\/05\/BE26-LYON-AFFICHE-A4_page-0001-1-768x1085.jpg 768w, https:\/\/www.salon-medecinedouce.com\/lyon\/wp-content\/uploads\/sites\/12\/2025\/05\/BE26-LYON-AFFICHE-A4_page-0001-1-1087x1536.jpg 1087w, https:\/\/www.salon-medecinedouce.com\/lyon\/wp-content\/uploads\/sites\/12\/2025\/05\/BE26-LYON-AFFICHE-A4_page-0001-1-150x212.jpg 150w, https:\/\/www.salon-medecinedouce.com\/lyon\/wp-content\/uploads\/sites\/12\/2025\/05\/BE26-LYON-AFFICHE-A4_page-0001-1-354x500.jpg 354w\" sizes=\"(max-width: 275px) 100vw, 275px\" \/><\/p>\n<ul>\n<li>Affiche A4 Lyon-Paris<\/li>\n<\/ul>\n<p><img decoding=\"async\" class=\"alignnone  wp-image-13828\" src=\"https:\/\/www.salon-medecinedouce.com\/lyon\/wp-content\/uploads\/sites\/12\/2025\/05\/BE26-PARIS-LYON-AFF-A4_page-0001.jpg\" alt=\"\" width=\"270\" height=\"382\" srcset=\"https:\/\/www.salon-medecinedouce.com\/lyon\/wp-content\/uploads\/sites\/12\/2025\/05\/BE26-PARIS-LYON-AFF-A4_page-0001.jpg 1241w, https:\/\/www.salon-medecinedouce.com\/lyon\/wp-content\/uploads\/sites\/12\/2025\/05\/BE26-PARIS-LYON-AFF-A4_page-0001-212x300.jpg 212w, https:\/\/www.salon-medecinedouce.com\/lyon\/wp-content\/uploads\/sites\/12\/2025\/05\/BE26-PARIS-LYON-AFF-A4_page-0001-725x1024.jpg 725w, https:\/\/www.salon-medecinedouce.com\/lyon\/wp-content\/uploads\/sites\/12\/2025\/05\/BE26-PARIS-LYON-AFF-A4_page-0001-768x1085.jpg 768w, https:\/\/www.salon-medecinedouce.com\/lyon\/wp-content\/uploads\/sites\/12\/2025\/05\/BE26-PARIS-LYON-AFF-A4_page-0001-1087x1536.jpg 1087w, https:\/\/www.salon-medecinedouce.com\/lyon\/wp-content\/uploads\/sites\/12\/2025\/05\/BE26-PARIS-LYON-AFF-A4_page-0001-150x212.jpg 150w, https:\/\/www.salon-medecinedouce.com\/lyon\/wp-content\/uploads\/sites\/12\/2025\/05\/BE26-PARIS-LYON-AFF-A4_page-0001-354x500.jpg 354w\" sizes=\"(max-width: 270px) 100vw, 270px\" \/><\/p>\n<ul>\n<li>Logo\u00a0<\/li>\n<\/ul>\n<p><img decoding=\"async\" class=\"alignnone  wp-image-13822\" src=\"https:\/\/www.salon-medecinedouce.com\/lyon\/wp-content\/uploads\/sites\/12\/2025\/05\/logo-2025.png\" alt=\"\" width=\"180\" height=\"159\" srcset=\"https:\/\/www.salon-medecinedouce.com\/lyon\/wp-content\/uploads\/sites\/12\/2025\/05\/logo-2025.png 1527w, https:\/\/www.salon-medecinedouce.com\/lyon\/wp-content\/uploads\/sites\/12\/2025\/05\/logo-2025-300x266.png 300w, https:\/\/www.salon-medecinedouce.com\/lyon\/wp-content\/uploads\/sites\/12\/2025\/05\/logo-2025-1024x907.png 1024w, https:\/\/www.salon-medecinedouce.com\/lyon\/wp-content\/uploads\/sites\/12\/2025\/05\/logo-2025-768x680.png 768w, https:\/\/www.salon-medecinedouce.com\/lyon\/wp-content\/uploads\/sites\/12\/2025\/05\/logo-2025-150x133.png 150w, https:\/\/www.salon-medecinedouce.com\/lyon\/wp-content\/uploads\/sites\/12\/2025\/05\/logo-2025-500x443.png 500w\" sizes=\"(max-width: 180px) 100vw, 180px\" \/><\/p>\n<p>&nbsp;<\/p>\n<ul>\n<li>Banni\u00e8re web 300&#215;600<\/li>\n<\/ul>\n<p><img loading=\"lazy\" decoding=\"async\" class=\"alignnone  wp-image-13813\" src=\"https:\/\/www.salon-medecinedouce.com\/lyon\/wp-content\/uploads\/sites\/12\/2025\/05\/BD1-BE26-BAN-300X600-CTA-LYON.jpg\" alt=\"\" width=\"191\" height=\"382\" srcset=\"https:\/\/www.salon-medecinedouce.com\/lyon\/wp-content\/uploads\/sites\/12\/2025\/05\/BD1-BE26-BAN-300X600-CTA-LYON.jpg 300w, https:\/\/www.salon-medecinedouce.com\/lyon\/wp-content\/uploads\/sites\/12\/2025\/05\/BD1-BE26-BAN-300X600-CTA-LYON-150x300.jpg 150w, https:\/\/www.salon-medecinedouce.com\/lyon\/wp-content\/uploads\/sites\/12\/2025\/05\/BD1-BE26-BAN-300X600-CTA-LYON-250x500.jpg 250w\" sizes=\"(max-width: 191px) 100vw, 191px\" \/><\/p>\n<ul>\n<li>Banni\u00e8re web 300&#215;250<\/li>\n<\/ul>\n<p><img loading=\"lazy\" decoding=\"async\" class=\"alignnone size-full wp-image-13812\" src=\"https:\/\/www.salon-medecinedouce.com\/lyon\/wp-content\/uploads\/sites\/12\/2025\/05\/BD1-BE26-BAN-300X250-CTA-LYON.jpg\" alt=\"\" width=\"300\" height=\"250\" srcset=\"https:\/\/www.salon-medecinedouce.com\/lyon\/wp-content\/uploads\/sites\/12\/2025\/05\/BD1-BE26-BAN-300X250-CTA-LYON.jpg 300w, https:\/\/www.salon-medecinedouce.com\/lyon\/wp-content\/uploads\/sites\/12\/2025\/05\/BD1-BE26-BAN-300X250-CTA-LYON-150x125.jpg 150w\" sizes=\"(max-width: 300px) 100vw, 300px\" \/><\/p>\n<ul>\n<li>Banni\u00e8re web \u00ab\u00a0Entr\u00e9e gratuite\u00a0\u00bb 728&#215;90\u00a0<\/li>\n<\/ul>\n<p><img loading=\"lazy\" decoding=\"async\" class=\"alignnone size-full wp-image-13815\" src=\"https:\/\/www.salon-medecinedouce.com\/lyon\/wp-content\/uploads\/sites\/12\/2025\/05\/BD1-BE26-BAN-728x90-CTA-LYON.jpg\" alt=\"\" width=\"728\" height=\"90\" srcset=\"https:\/\/www.salon-medecinedouce.com\/lyon\/wp-content\/uploads\/sites\/12\/2025\/05\/BD1-BE26-BAN-728x90-CTA-LYON.jpg 728w, https:\/\/www.salon-medecinedouce.com\/lyon\/wp-content\/uploads\/sites\/12\/2025\/05\/BD1-BE26-BAN-728x90-CTA-LYON-300x37.jpg 300w, https:\/\/www.salon-medecinedouce.com\/lyon\/wp-content\/uploads\/sites\/12\/2025\/05\/BD1-BE26-BAN-728x90-CTA-LYON-150x19.jpg 150w, https:\/\/www.salon-medecinedouce.com\/lyon\/wp-content\/uploads\/sites\/12\/2025\/05\/BD1-BE26-BAN-728x90-CTA-LYON-500x62.jpg 500w\" sizes=\"(max-width: 728px) 100vw, 728px\" \/><\/p>\n<ul>\n<li>Banni\u00e8re web \u00ab\u00a0J&rsquo;expose au salon\u00a0\u00bb 728&#215;90\u00a0<\/li>\n<\/ul>\n<p><img loading=\"lazy\" decoding=\"async\" class=\"alignnone size-full wp-image-13796\" src=\"https:\/\/www.salon-medecinedouce.com\/lyon\/wp-content\/uploads\/sites\/12\/2025\/05\/BD1-BE26-BAN-728x90-jexpose-LYON.jpg\" alt=\"\" width=\"728\" height=\"90\" srcset=\"https:\/\/www.salon-medecinedouce.com\/lyon\/wp-content\/uploads\/sites\/12\/2025\/05\/BD1-BE26-BAN-728x90-jexpose-LYON.jpg 728w, https:\/\/www.salon-medecinedouce.com\/lyon\/wp-content\/uploads\/sites\/12\/2025\/05\/BD1-BE26-BAN-728x90-jexpose-LYON-300x37.jpg 300w, https:\/\/www.salon-medecinedouce.com\/lyon\/wp-content\/uploads\/sites\/12\/2025\/05\/BD1-BE26-BAN-728x90-jexpose-LYON-150x19.jpg 150w, https:\/\/www.salon-medecinedouce.com\/lyon\/wp-content\/uploads\/sites\/12\/2025\/05\/BD1-BE26-BAN-728x90-jexpose-LYON-500x62.jpg 500w\" sizes=\"(max-width: 728px) 100vw, 728px\" \/><\/p>\n<ul>\n<li>Banni\u00e8re web \u00ab\u00a0On y sera\u00a0\u00bb 1200&#215;630\u00a0<\/li>\n<\/ul>\n<p><img loading=\"lazy\" decoding=\"async\" class=\"alignnone size-full wp-image-13819\" src=\"https:\/\/www.salon-medecinedouce.com\/lyon\/wp-content\/uploads\/sites\/12\/2025\/05\/BD1-BE26-BAN-1200x630-LYON-on-y-sera-1.jpg\" alt=\"\" width=\"1200\" height=\"630\" srcset=\"https:\/\/www.salon-medecinedouce.com\/lyon\/wp-content\/uploads\/sites\/12\/2025\/05\/BD1-BE26-BAN-1200x630-LYON-on-y-sera-1.jpg 1200w, https:\/\/www.salon-medecinedouce.com\/lyon\/wp-content\/uploads\/sites\/12\/2025\/05\/BD1-BE26-BAN-1200x630-LYON-on-y-sera-1-300x158.jpg 300w, https:\/\/www.salon-medecinedouce.com\/lyon\/wp-content\/uploads\/sites\/12\/2025\/05\/BD1-BE26-BAN-1200x630-LYON-on-y-sera-1-1024x538.jpg 1024w, https:\/\/www.salon-medecinedouce.com\/lyon\/wp-content\/uploads\/sites\/12\/2025\/05\/BD1-BE26-BAN-1200x630-LYON-on-y-sera-1-768x403.jpg 768w, https:\/\/www.salon-medecinedouce.com\/lyon\/wp-content\/uploads\/sites\/12\/2025\/05\/BD1-BE26-BAN-1200x630-LYON-on-y-sera-1-150x79.jpg 150w, https:\/\/www.salon-medecinedouce.com\/lyon\/wp-content\/uploads\/sites\/12\/2025\/05\/BD1-BE26-BAN-1200x630-LYON-on-y-sera-1-500x263.jpg 500w\" sizes=\"(max-width: 1200px) 100vw, 1200px\" \/><\/p>\n<div>\u00a0<\/div>\n<ul>\n<li>Banni\u00e8re mobile 580&#215;250<\/li>\n<\/ul>\n<p><img loading=\"lazy\" decoding=\"async\" class=\"alignnone  wp-image-13820\" src=\"https:\/\/www.salon-medecinedouce.com\/lyon\/wp-content\/uploads\/sites\/12\/2025\/05\/BD1-MOBILE-BE26-LYON-580X250.jpg\" alt=\"\" width=\"380\" height=\"164\" srcset=\"https:\/\/www.salon-medecinedouce.com\/lyon\/wp-content\/uploads\/sites\/12\/2025\/05\/BD1-MOBILE-BE26-LYON-580X250.jpg 580w, https:\/\/www.salon-medecinedouce.com\/lyon\/wp-content\/uploads\/sites\/12\/2025\/05\/BD1-MOBILE-BE26-LYON-580X250-300x129.jpg 300w, https:\/\/www.salon-medecinedouce.com\/lyon\/wp-content\/uploads\/sites\/12\/2025\/05\/BD1-MOBILE-BE26-LYON-580X250-150x65.jpg 150w, https:\/\/www.salon-medecinedouce.com\/lyon\/wp-content\/uploads\/sites\/12\/2025\/05\/BD1-MOBILE-BE26-LYON-580X250-500x216.jpg 500w\" sizes=\"(max-width: 380px) 100vw, 380px\" \/><\/p>\n<div>\u00a0<\/div>\n<div style=\"background-color: #f8f8f8; border-radius: 20px; margin: 0px; padding: 30px 15px 15px 30px; width: 80%;\"><strong><a href=\"https:\/\/www.facebook.com\/SalonsMedecineDouce\/\" target=\"_blank\" rel=\"noopener noreferrer\"><span style=\"color: #6a848e;\">Afin d\u2019augmenter votre visibilit\u00e9 avant le salon, nous vous invitons \u00e0 cr\u00e9er un \u00e9v\u00e8nement sur Facebook pour indiquer votre pr\u00e9sence.<\/span><\/a><br \/>\n<\/strong>Vos abonn\u00e9s et clients pourront ainsi savoir o\u00f9 vous trouver. Les \u00e9v\u00e8nements ont une meilleure port\u00e9e que les publications. Le nom de l\u2019\u00e9v\u00e8nement pourra prendre la forme\u00a0: [Nom de l\u2019exposant] au salon [Nom du salon]. N\u2019h\u00e9sitez pas \u00e0 nous ajouter en co-organisateur de votre \u00e9v\u00e8nement lors de sa cr\u00e9ation pour que l\u2019\u00e9v\u00e8nement soit aussi visible sur notre page Facebook. N\u2019oubliez pas d\u2019ajouter une description, le lieu du salon, ainsi que le lien pour que les personnes puissent demander leur entr\u00e9e. Pour cr\u00e9er un \u00e9v\u00e8nement rendez-vous sur la gauche de votre page Facebook dans la section \u00c9v\u00e8nements et cliquez simplement sur le bouton Cr\u00e9er un \u00e9v\u00e8nement.<\/div>\n<p>&nbsp;<\/p>\n<h3>\u00a0<\/h3>\n<div class=\"salon-pubs-hp-bas-de-page salon-entity-placement\" id=\"salon-1629582571\"><div id=\"salon-2466974792\"><a data-no-instant=\"1\" href=\"https:\/\/www.adntv.fr\/home?request_origin=tv_app\" rel=\"noopener\" class=\"a2t-link\" target=\"_blank\"><p><a href=\"https:\/\/www.adntv.fr\/home?request_origin=tv_app\"><img loading=\"lazy\" decoding=\"async\" class=\"wp-image-15075  aligncenter\" src=\"https:\/\/www.salon-medecinedouce.com\/lyon\/wp-content\/uploads\/sites\/12\/2021\/12\/ADNTV_BANNIERE_.jpg\" alt=\"\" width=\"515\" height=\"196\" srcset=\"https:\/\/www.salon-medecinedouce.com\/lyon\/wp-content\/uploads\/sites\/12\/2021\/12\/ADNTV_BANNIERE_.jpg 820w, https:\/\/www.salon-medecinedouce.com\/lyon\/wp-content\/uploads\/sites\/12\/2021\/12\/ADNTV_BANNIERE_-300x114.jpg 300w, https:\/\/www.salon-medecinedouce.com\/lyon\/wp-content\/uploads\/sites\/12\/2021\/12\/ADNTV_BANNIERE_-768x292.jpg 768w, https:\/\/www.salon-medecinedouce.com\/lyon\/wp-content\/uploads\/sites\/12\/2021\/12\/ADNTV_BANNIERE_-150x57.jpg 150w, https:\/\/www.salon-medecinedouce.com\/lyon\/wp-content\/uploads\/sites\/12\/2021\/12\/ADNTV_BANNIERE_-500x190.jpg 500w\" sizes=\"(max-width: 515px) 100vw, 515px\" \/><\/a><\/p>\n<\/a><\/div><\/div>","protected":false},"excerpt":{"rendered":"<p>T\u00e9l\u00e9chargez les supports de communication du salon dont vous avez besoin pour communiquer sur votre pr\u00e9sence : Affiche A4 Lyon Affiche A4 Lyon-Paris Logo\u00a0 &nbsp; Banni\u00e8re web 300&#215;600 Banni\u00e8re web 300&#215;250 Banni\u00e8re web \u00ab\u00a0Entr\u00e9e gratuite\u00a0\u00bb 728&#215;90\u00a0 Banni\u00e8re web \u00ab\u00a0J&rsquo;expose au salon\u00a0\u00bb 728&#215;90\u00a0 Banni\u00e8re web \u00ab\u00a0On y sera\u00a0\u00bb 1200&#215;630\u00a0 \u00a0 Banni\u00e8re mobile 580&#215;250 \u00a0 Afin d\u2019augmenter&hellip; <\/p>\n","protected":false},"author":1,"featured_media":0,"parent":2087,"menu_order":0,"comment_status":"closed","ping_status":"closed","template":"","meta":{"_monsterinsights_skip_tracking":false,"_monsterinsights_sitenote_active":false,"_monsterinsights_sitenote_note":"","_monsterinsights_sitenote_category":0,"footnotes":""},"class_list":["post-6565","page","type-page","status-publish","hentry"],"yoast_head":"<!-- This site is optimized with the Yoast SEO plugin v27.3 - https:\/\/yoast.com\/product\/yoast-seo-wordpress\/ -->\n<title>Outils de communication - Bien-\u00eatre Lyon<\/title>\n<meta name=\"robots\" content=\"index, follow, max-snippet:-1, max-image-preview:large, max-video-preview:-1\" \/>\n<link rel=\"canonical\" href=\"https:\/\/www.salon-medecinedouce.com\/lyon\/exposants\/outils-de-communication\/\" \/>\n<meta property=\"og:locale\" content=\"fr_FR\" \/>\n<meta property=\"og:type\" content=\"article\" \/>\n<meta property=\"og:title\" content=\"Outils de communication - Bien-\u00eatre Lyon\" \/>\n<meta property=\"og:description\" content=\"T\u00e9l\u00e9chargez les supports de communication du salon dont vous avez besoin pour communiquer sur votre pr\u00e9sence : Affiche A4 Lyon Affiche A4 Lyon-Paris Logo\u00a0 &nbsp; Banni\u00e8re web 300&#215;600 Banni\u00e8re web 300&#215;250 Banni\u00e8re web \u00ab\u00a0Entr\u00e9e gratuite\u00a0\u00bb 728&#215;90\u00a0 Banni\u00e8re web \u00ab\u00a0J&rsquo;expose au salon\u00a0\u00bb 728&#215;90\u00a0 Banni\u00e8re web \u00ab\u00a0On y sera\u00a0\u00bb 1200&#215;630\u00a0 \u00a0 Banni\u00e8re mobile 580&#215;250 \u00a0 Afin d\u2019augmenter&hellip;\" \/>\n<meta property=\"og:url\" content=\"https:\/\/www.salon-medecinedouce.com\/lyon\/exposants\/outils-de-communication\/\" \/>\n<meta property=\"og:site_name\" content=\"Bien-\u00eatre Lyon\" \/>\n<meta property=\"article:modified_time\" content=\"2025-05-19T15:29:02+00:00\" \/>\n<meta property=\"og:image\" content=\"https:\/\/www.salon-medecinedouce.com\/lyon\/wp-content\/uploads\/sites\/12\/2025\/05\/BE26-LYON-AFFICHE-A4_page-0001-1.jpg\" \/>\n\t<meta property=\"og:image:width\" content=\"1241\" \/>\n\t<meta property=\"og:image:height\" content=\"1754\" \/>\n\t<meta property=\"og:image:type\" content=\"image\/jpeg\" \/>\n<meta name=\"twitter:card\" content=\"summary_large_image\" \/>\n<meta name=\"twitter:label1\" content=\"Dur\u00e9e de lecture estim\u00e9e\" \/>\n\t<meta name=\"twitter:data1\" content=\"3 minutes\" \/>\n<script type=\"application\/ld+json\" class=\"yoast-schema-graph\">{\"@context\":\"https:\\\/\\\/schema.org\",\"@graph\":[{\"@type\":\"WebPage\",\"@id\":\"https:\\\/\\\/www.salon-medecinedouce.com\\\/lyon\\\/exposants\\\/outils-de-communication\\\/\",\"url\":\"https:\\\/\\\/www.salon-medecinedouce.com\\\/lyon\\\/exposants\\\/outils-de-communication\\\/\",\"name\":\"Outils de communication - Bien-\u00eatre Lyon\",\"isPartOf\":{\"@id\":\"https:\\\/\\\/www.salon-medecinedouce.com\\\/lyon\\\/#website\"},\"primaryImageOfPage\":{\"@id\":\"https:\\\/\\\/www.salon-medecinedouce.com\\\/lyon\\\/exposants\\\/outils-de-communication\\\/#primaryimage\"},\"image\":{\"@id\":\"https:\\\/\\\/www.salon-medecinedouce.com\\\/lyon\\\/exposants\\\/outils-de-communication\\\/#primaryimage\"},\"thumbnailUrl\":\"https:\\\/\\\/www.salon-medecinedouce.com\\\/lyon\\\/wp-content\\\/uploads\\\/sites\\\/12\\\/2025\\\/05\\\/BE26-LYON-AFFICHE-A4_page-0001-1.jpg\",\"datePublished\":\"2019-02-26T16:37:14+00:00\",\"dateModified\":\"2025-05-19T15:29:02+00:00\",\"breadcrumb\":{\"@id\":\"https:\\\/\\\/www.salon-medecinedouce.com\\\/lyon\\\/exposants\\\/outils-de-communication\\\/#breadcrumb\"},\"inLanguage\":\"fr-FR\",\"potentialAction\":[{\"@type\":\"ReadAction\",\"target\":[\"https:\\\/\\\/www.salon-medecinedouce.com\\\/lyon\\\/exposants\\\/outils-de-communication\\\/\"]}]},{\"@type\":\"ImageObject\",\"inLanguage\":\"fr-FR\",\"@id\":\"https:\\\/\\\/www.salon-medecinedouce.com\\\/lyon\\\/exposants\\\/outils-de-communication\\\/#primaryimage\",\"url\":\"https:\\\/\\\/www.salon-medecinedouce.com\\\/lyon\\\/wp-content\\\/uploads\\\/sites\\\/12\\\/2025\\\/05\\\/BE26-LYON-AFFICHE-A4_page-0001-1.jpg\",\"contentUrl\":\"https:\\\/\\\/www.salon-medecinedouce.com\\\/lyon\\\/wp-content\\\/uploads\\\/sites\\\/12\\\/2025\\\/05\\\/BE26-LYON-AFFICHE-A4_page-0001-1.jpg\",\"width\":1241,\"height\":1754},{\"@type\":\"BreadcrumbList\",\"@id\":\"https:\\\/\\\/www.salon-medecinedouce.com\\\/lyon\\\/exposants\\\/outils-de-communication\\\/#breadcrumb\",\"itemListElement\":[{\"@type\":\"ListItem\",\"position\":1,\"name\":\"Accueil\",\"item\":\"https:\\\/\\\/www.salon-medecinedouce.com\\\/lyon\\\/\"},{\"@type\":\"ListItem\",\"position\":2,\"name\":\"Exposer sur le salon\",\"item\":\"https:\\\/\\\/www.salon-medecinedouce.com\\\/lyon\\\/exposants\\\/\"},{\"@type\":\"ListItem\",\"position\":3,\"name\":\"Outils de communication\"}]},{\"@type\":\"WebSite\",\"@id\":\"https:\\\/\\\/www.salon-medecinedouce.com\\\/lyon\\\/#website\",\"url\":\"https:\\\/\\\/www.salon-medecinedouce.com\\\/lyon\\\/\",\"name\":\"Bien-\u00eatre Lyon\",\"description\":\"La sant\u00e9 au naturel : M\u00e9decines douces - Compl\u00e9ments alimentaires - Alimentation saine - Cosm\u00e9tiques naturelles - Art de vivre - Tourisme de sant\u00e9\",\"publisher\":{\"@id\":\"https:\\\/\\\/www.salon-medecinedouce.com\\\/lyon\\\/#organization\"},\"potentialAction\":[{\"@type\":\"SearchAction\",\"target\":{\"@type\":\"EntryPoint\",\"urlTemplate\":\"https:\\\/\\\/www.salon-medecinedouce.com\\\/lyon\\\/?s={search_term_string}\"},\"query-input\":{\"@type\":\"PropertyValueSpecification\",\"valueRequired\":true,\"valueName\":\"search_term_string\"}}],\"inLanguage\":\"fr-FR\"},{\"@type\":\"Organization\",\"@id\":\"https:\\\/\\\/www.salon-medecinedouce.com\\\/lyon\\\/#organization\",\"name\":\"Bien-\u00eatre Lyon\",\"url\":\"https:\\\/\\\/www.salon-medecinedouce.com\\\/lyon\\\/\",\"logo\":{\"@type\":\"ImageObject\",\"inLanguage\":\"fr-FR\",\"@id\":\"https:\\\/\\\/www.salon-medecinedouce.com\\\/lyon\\\/#\\\/schema\\\/logo\\\/image\\\/\",\"url\":\"https:\\\/\\\/www.salon-medecinedouce.com\\\/lyon\\\/wp-content\\\/uploads\\\/sites\\\/12\\\/2024\\\/05\\\/cropped-logo-orange-bemd.png\",\"contentUrl\":\"https:\\\/\\\/www.salon-medecinedouce.com\\\/lyon\\\/wp-content\\\/uploads\\\/sites\\\/12\\\/2024\\\/05\\\/cropped-logo-orange-bemd.png\",\"width\":591,\"height\":591,\"caption\":\"Bien-\u00eatre Lyon\"},\"image\":{\"@id\":\"https:\\\/\\\/www.salon-medecinedouce.com\\\/lyon\\\/#\\\/schema\\\/logo\\\/image\\\/\"}}]}<\/script>\n<!-- \/ Yoast SEO plugin. -->","yoast_head_json":{"title":"Outils de communication - Bien-\u00eatre Lyon","robots":{"index":"index","follow":"follow","max-snippet":"max-snippet:-1","max-image-preview":"max-image-preview:large","max-video-preview":"max-video-preview:-1"},"canonical":"https:\/\/www.salon-medecinedouce.com\/lyon\/exposants\/outils-de-communication\/","og_locale":"fr_FR","og_type":"article","og_title":"Outils de communication - Bien-\u00eatre Lyon","og_description":"T\u00e9l\u00e9chargez les supports de communication du salon dont vous avez besoin pour communiquer sur votre pr\u00e9sence : Affiche A4 Lyon Affiche A4 Lyon-Paris Logo\u00a0 &nbsp; Banni\u00e8re web 300&#215;600 Banni\u00e8re web 300&#215;250 Banni\u00e8re web \u00ab\u00a0Entr\u00e9e gratuite\u00a0\u00bb 728&#215;90\u00a0 Banni\u00e8re web \u00ab\u00a0J&rsquo;expose au salon\u00a0\u00bb 728&#215;90\u00a0 Banni\u00e8re web \u00ab\u00a0On y sera\u00a0\u00bb 1200&#215;630\u00a0 \u00a0 Banni\u00e8re mobile 580&#215;250 \u00a0 Afin d\u2019augmenter&hellip;","og_url":"https:\/\/www.salon-medecinedouce.com\/lyon\/exposants\/outils-de-communication\/","og_site_name":"Bien-\u00eatre Lyon","article_modified_time":"2025-05-19T15:29:02+00:00","og_image":[{"width":1241,"height":1754,"url":"https:\/\/www.salon-medecinedouce.com\/lyon\/wp-content\/uploads\/sites\/12\/2025\/05\/BE26-LYON-AFFICHE-A4_page-0001-1.jpg","type":"image\/jpeg"}],"twitter_card":"summary_large_image","twitter_misc":{"Dur\u00e9e de lecture estim\u00e9e":"3 minutes"},"schema":{"@context":"https:\/\/schema.org","@graph":[{"@type":"WebPage","@id":"https:\/\/www.salon-medecinedouce.com\/lyon\/exposants\/outils-de-communication\/","url":"https:\/\/www.salon-medecinedouce.com\/lyon\/exposants\/outils-de-communication\/","name":"Outils de communication - Bien-\u00eatre Lyon","isPartOf":{"@id":"https:\/\/www.salon-medecinedouce.com\/lyon\/#website"},"primaryImageOfPage":{"@id":"https:\/\/www.salon-medecinedouce.com\/lyon\/exposants\/outils-de-communication\/#primaryimage"},"image":{"@id":"https:\/\/www.salon-medecinedouce.com\/lyon\/exposants\/outils-de-communication\/#primaryimage"},"thumbnailUrl":"https:\/\/www.salon-medecinedouce.com\/lyon\/wp-content\/uploads\/sites\/12\/2025\/05\/BE26-LYON-AFFICHE-A4_page-0001-1.jpg","datePublished":"2019-02-26T16:37:14+00:00","dateModified":"2025-05-19T15:29:02+00:00","breadcrumb":{"@id":"https:\/\/www.salon-medecinedouce.com\/lyon\/exposants\/outils-de-communication\/#breadcrumb"},"inLanguage":"fr-FR","potentialAction":[{"@type":"ReadAction","target":["https:\/\/www.salon-medecinedouce.com\/lyon\/exposants\/outils-de-communication\/"]}]},{"@type":"ImageObject","inLanguage":"fr-FR","@id":"https:\/\/www.salon-medecinedouce.com\/lyon\/exposants\/outils-de-communication\/#primaryimage","url":"https:\/\/www.salon-medecinedouce.com\/lyon\/wp-content\/uploads\/sites\/12\/2025\/05\/BE26-LYON-AFFICHE-A4_page-0001-1.jpg","contentUrl":"https:\/\/www.salon-medecinedouce.com\/lyon\/wp-content\/uploads\/sites\/12\/2025\/05\/BE26-LYON-AFFICHE-A4_page-0001-1.jpg","width":1241,"height":1754},{"@type":"BreadcrumbList","@id":"https:\/\/www.salon-medecinedouce.com\/lyon\/exposants\/outils-de-communication\/#breadcrumb","itemListElement":[{"@type":"ListItem","position":1,"name":"Accueil","item":"https:\/\/www.salon-medecinedouce.com\/lyon\/"},{"@type":"ListItem","position":2,"name":"Exposer sur le salon","item":"https:\/\/www.salon-medecinedouce.com\/lyon\/exposants\/"},{"@type":"ListItem","position":3,"name":"Outils de communication"}]},{"@type":"WebSite","@id":"https:\/\/www.salon-medecinedouce.com\/lyon\/#website","url":"https:\/\/www.salon-medecinedouce.com\/lyon\/","name":"Bien-\u00eatre Lyon","description":"La sant\u00e9 au naturel : M\u00e9decines douces - Compl\u00e9ments alimentaires - Alimentation saine - Cosm\u00e9tiques naturelles - Art de vivre - Tourisme de sant\u00e9","publisher":{"@id":"https:\/\/www.salon-medecinedouce.com\/lyon\/#organization"},"potentialAction":[{"@type":"SearchAction","target":{"@type":"EntryPoint","urlTemplate":"https:\/\/www.salon-medecinedouce.com\/lyon\/?s={search_term_string}"},"query-input":{"@type":"PropertyValueSpecification","valueRequired":true,"valueName":"search_term_string"}}],"inLanguage":"fr-FR"},{"@type":"Organization","@id":"https:\/\/www.salon-medecinedouce.com\/lyon\/#organization","name":"Bien-\u00eatre Lyon","url":"https:\/\/www.salon-medecinedouce.com\/lyon\/","logo":{"@type":"ImageObject","inLanguage":"fr-FR","@id":"https:\/\/www.salon-medecinedouce.com\/lyon\/#\/schema\/logo\/image\/","url":"https:\/\/www.salon-medecinedouce.com\/lyon\/wp-content\/uploads\/sites\/12\/2024\/05\/cropped-logo-orange-bemd.png","contentUrl":"https:\/\/www.salon-medecinedouce.com\/lyon\/wp-content\/uploads\/sites\/12\/2024\/05\/cropped-logo-orange-bemd.png","width":591,"height":591,"caption":"Bien-\u00eatre Lyon"},"image":{"@id":"https:\/\/www.salon-medecinedouce.com\/lyon\/#\/schema\/logo\/image\/"}}]}},"rttpg_featured_image_url":null,"rttpg_author":{"display_name":"admin","author_link":"https:\/\/www.salon-medecinedouce.com\/lyon\/author\/admin\/"},"rttpg_comment":0,"rttpg_category":false,"rttpg_excerpt":"T\u00e9l\u00e9chargez les supports de communication du salon dont vous avez besoin pour communiquer sur votre pr\u00e9sence : Affiche A4 Lyon Affiche A4 Lyon-Paris Logo\u00a0 &nbsp; Banni\u00e8re web 300&#215;600 Banni\u00e8re web 300&#215;250 Banni\u00e8re web \u00ab\u00a0Entr\u00e9e gratuite\u00a0\u00bb 728&#215;90\u00a0 Banni\u00e8re web \u00ab\u00a0J&rsquo;expose au salon\u00a0\u00bb 728&#215;90\u00a0 Banni\u00e8re web \u00ab\u00a0On y sera\u00a0\u00bb 1200&#215;630\u00a0 \u00a0 Banni\u00e8re mobile 580&#215;250 \u00a0 Afin d\u2019augmenter&hellip;","_links":{"self":[{"href":"https:\/\/www.salon-medecinedouce.com\/lyon\/wp-json\/wp\/v2\/pages\/6565","targetHints":{"allow":["GET"]}}],"collection":[{"href":"https:\/\/www.salon-medecinedouce.com\/lyon\/wp-json\/wp\/v2\/pages"}],"about":[{"href":"https:\/\/www.salon-medecinedouce.com\/lyon\/wp-json\/wp\/v2\/types\/page"}],"author":[{"embeddable":true,"href":"https:\/\/www.salon-medecinedouce.com\/lyon\/wp-json\/wp\/v2\/users\/1"}],"replies":[{"embeddable":true,"href":"https:\/\/www.salon-medecinedouce.com\/lyon\/wp-json\/wp\/v2\/comments?post=6565"}],"version-history":[{"count":42,"href":"https:\/\/www.salon-medecinedouce.com\/lyon\/wp-json\/wp\/v2\/pages\/6565\/revisions"}],"predecessor-version":[{"id":13829,"href":"https:\/\/www.salon-medecinedouce.com\/lyon\/wp-json\/wp\/v2\/pages\/6565\/revisions\/13829"}],"up":[{"embeddable":true,"href":"https:\/\/www.salon-medecinedouce.com\/lyon\/wp-json\/wp\/v2\/pages\/2087"}],"wp:attachment":[{"href":"https:\/\/www.salon-medecinedouce.com\/lyon\/wp-json\/wp\/v2\/media?parent=6565"}],"curies":[{"name":"wp","href":"https:\/\/api.w.org\/{rel}","templated":true}]}}