{"id":3493,"date":"2024-06-26T09:00:56","date_gmt":"2024-06-26T07:00:56","guid":{"rendered":"http:\/\/localhost:8888\/marjolaine\/?page_id=3493"},"modified":"2025-05-14T17:39:45","modified_gmt":"2025-05-14T15:39:45","slug":"sites","status":"publish","type":"page","link":"https:\/\/www.salon-medecinedouce.com\/lyon\/presse-partenaires\/sites\/","title":{"rendered":"Sites recommand\u00e9s"},"content":{"rendered":"<h3><img fetchpriority=\"high\" decoding=\"async\" class=\"alignnone size-full wp-image-6229\" src=\"https:\/\/www.salon-medecinedouce.com\/wp-content\/uploads\/sites\/12\/2018\/06\/banniere_epicerie_salee.jpg\" alt=\"\" width=\"731\" height=\"186\" srcset=\"https:\/\/www.salon-medecinedouce.com\/lyon\/wp-content\/uploads\/sites\/12\/2018\/06\/banniere_epicerie_salee.jpg 731w, https:\/\/www.salon-medecinedouce.com\/lyon\/wp-content\/uploads\/sites\/12\/2018\/06\/banniere_epicerie_salee-300x76.jpg 300w, https:\/\/www.salon-medecinedouce.com\/lyon\/wp-content\/uploads\/sites\/12\/2018\/06\/banniere_epicerie_salee-150x38.jpg 150w, https:\/\/www.salon-medecinedouce.com\/lyon\/wp-content\/uploads\/sites\/12\/2018\/06\/banniere_epicerie_salee-500x127.jpg 500w\" sizes=\"(max-width: 731px) 100vw, 731px\" \/><\/h3>\n<h3><span style=\"color: #165e6c;\">La s\u00e9lection du web du salon Bien-\u00eatre<\/span><\/h3>\n<table border=\"0\">\n<tbody>\n<tr>\n<td><a href=\"http:\/\/www.bien-etre-et-ecologie.com\/\" target=\"_blank\" rel=\"noopener noreferrer\">www.bien-etre-et-ecologie.com<\/a><br \/>\n<a href=\"http:\/\/www.meditationfrance.com\/\" target=\"_blank\" rel=\"noopener noreferrer\">www.meditationfrance.com<\/a><br \/>\n<a href=\"http:\/\/www.acupuncture-france.com\/\" target=\"_blank\" rel=\"noopener noreferrer\">www.acupuncture-france.com<\/a><br \/>\n<a href=\"http:\/\/www.association-ressource.org\/\" target=\"_blank\" rel=\"noopener noreferrer\">www.association-ressource.org<\/a><br \/>\n<a href=\"http:\/\/www.ayurveda-france.org\/\" target=\"_blank\" rel=\"noopener noreferrer\">www.ayurveda-france.org<\/a><br \/>\n<a href=\"http:\/\/www.cfmtc.org\/\" target=\"_blank\" rel=\"noopener noreferrer\">www.cfmtc.org<\/a><br \/>\n<a href=\"http:\/\/www.etiopathie.com\/\" target=\"_blank\" rel=\"noopener noreferrer\">www.etiopathie.com<\/a><br \/>\n<a href=\"http:\/\/www.fidhy.fr\/\" target=\"_blank\" rel=\"noopener noreferrer\">www.fidhy.fr<\/a><br \/>\n<a href=\"http:\/\/www.hippocratus.com\/\" target=\"_blank\" rel=\"noopener noreferrer\">www.hippocratus.com<\/a><br \/>\n<a href=\"http:\/\/www.ifhe.net\/\" target=\"_blank\" rel=\"noopener noreferrer\">www.ifhe.net<\/a><br \/>\n<a href=\"http:\/\/www.mamedecine.fr\/\" target=\"_blank\" rel=\"noopener noreferrer\">www.mamedecine.fr<\/a><\/td>\n<td><a href=\"http:\/\/www.soignez-vous.com\/\" target=\"_blank\" rel=\"noopener noreferrer\">www.soignez-vous.com<\/a><br \/>\n<a href=\"http:\/\/www.votre-sante.com\/\" target=\"_blank\" rel=\"noopener noreferrer\">www.votre-sante.com<\/a><br \/>\n<a href=\"http:\/\/www.methode-mezieres.com\/\" target=\"_blank\" rel=\"noopener noreferrer\">www.methode-mezieres.com<\/a><br \/>\n<a href=\"http:\/\/www.odenth.com\/\" target=\"_blank\" rel=\"noopener noreferrer\">www.odenth.com<\/a><br \/>\n<a href=\"http:\/\/www.omnes.fr\/\" target=\"_blank\" rel=\"noopener noreferrer\">www.omnes.fr<\/a><br \/>\n<a href=\"http:\/\/www.osteopathie.org\/\" target=\"_blank\" rel=\"noopener noreferrer\">www.osteopathie.org<\/a><br \/>\n<a href=\"http:\/\/www.osteo-bebe.com\/\" target=\"_blank\" rel=\"noopener noreferrer\">www.osteo-bebe.com<\/a><br \/>\n<a href=\"http:\/\/www.phyto2000.org\/\" target=\"_blank\" rel=\"noopener noreferrer\">www.phyto2000.org<\/a><br \/>\n<a href=\"http:\/\/www.ufpmtc.com\/\" target=\"_blank\" rel=\"noopener noreferrer\">www.ufpmtc.com<\/a><br \/>\n<a href=\"http:\/\/www.emdr-france.org\/\" target=\"_blank\" rel=\"noopener noreferrer\">www.emdr-france.org<\/a><br \/>\n<a href=\"https:\/\/influencesante.fr\/\" target=\"_blank\" rel=\"noopener noreferrer\">www.influencesante.fr<\/a><\/td>\n<\/tr>\n<\/tbody>\n<\/table>\n<p>&nbsp;<\/p>\n<div class=\"salon-pubs-hp-bas-de-page salon-entity-placement\" id=\"salon-3346269660\"><div id=\"salon-1834100697\"><a data-no-instant=\"1\" href=\"https:\/\/www.naia-kaolin-delphine.fr\/\" rel=\"noopener\" class=\"a2t-link\" target=\"_blank\"><p><a href=\"https:\/\/www.naia-kaolin-delphine.fr\/\"><img decoding=\"async\" class=\"wp-image-15074 size-full aligncenter\" src=\"https:\/\/www.salon-medecinedouce.com\/lyon\/wp-content\/uploads\/sites\/12\/2026\/01\/Naia-Kaolin-salon-LYON-2026.png\" alt=\"\" width=\"728\" height=\"90\" srcset=\"https:\/\/www.salon-medecinedouce.com\/lyon\/wp-content\/uploads\/sites\/12\/2026\/01\/Naia-Kaolin-salon-LYON-2026.png 728w, https:\/\/www.salon-medecinedouce.com\/lyon\/wp-content\/uploads\/sites\/12\/2026\/01\/Naia-Kaolin-salon-LYON-2026-300x37.png 300w, https:\/\/www.salon-medecinedouce.com\/lyon\/wp-content\/uploads\/sites\/12\/2026\/01\/Naia-Kaolin-salon-LYON-2026-150x19.png 150w, https:\/\/www.salon-medecinedouce.com\/lyon\/wp-content\/uploads\/sites\/12\/2026\/01\/Naia-Kaolin-salon-LYON-2026-500x62.png 500w\" sizes=\"(max-width: 728px) 100vw, 728px\" \/><\/a><\/p>\n<\/a><\/div><\/div>","protected":false},"excerpt":{"rendered":"<p>La s\u00e9lection du web du salon Bien-\u00eatre www.bien-etre-et-ecologie.com www.meditationfrance.com www.acupuncture-france.com www.association-ressource.org www.ayurveda-france.org www.cfmtc.org www.etiopathie.com www.fidhy.fr www.hippocratus.com www.ifhe.net www.mamedecine.fr www.soignez-vous.com www.votre-sante.com www.methode-mezieres.com www.odenth.com www.omnes.fr www.osteopathie.org www.osteo-bebe.com www.phyto2000.org www.ufpmtc.com www.emdr-france.org www.influencesante.fr &nbsp;<\/p>\n","protected":false},"author":1,"featured_media":0,"parent":2091,"menu_order":3,"comment_status":"closed","ping_status":"closed","template":"","meta":{"_monsterinsights_skip_tracking":false,"_monsterinsights_sitenote_active":false,"_monsterinsights_sitenote_note":"","_monsterinsights_sitenote_category":0,"footnotes":""},"class_list":["post-3493","page","type-page","status-publish","hentry"],"yoast_head":"<!-- This site is optimized with the Yoast SEO plugin v27.3 - https:\/\/yoast.com\/product\/yoast-seo-wordpress\/ -->\n<title>Sites recommand\u00e9s - Bien-\u00eatre Lyon<\/title>\n<meta name=\"description\" content=\"D\u00e9couvrez la s\u00e9lection du web du salon Bien-\u00eatre M\u00e9decine douce Lyon.\" \/>\n<meta name=\"robots\" content=\"index, follow, max-snippet:-1, max-image-preview:large, max-video-preview:-1\" \/>\n<link rel=\"canonical\" href=\"https:\/\/www.salon-medecinedouce.com\/lyon\/presse-partenaires\/sites\/\" \/>\n<meta property=\"og:locale\" content=\"fr_FR\" \/>\n<meta property=\"og:type\" content=\"article\" \/>\n<meta property=\"og:title\" content=\"Sites recommand\u00e9s - Bien-\u00eatre Lyon\" \/>\n<meta property=\"og:description\" content=\"D\u00e9couvrez la s\u00e9lection du web du salon Bien-\u00eatre M\u00e9decine douce Lyon.\" \/>\n<meta property=\"og:url\" content=\"https:\/\/www.salon-medecinedouce.com\/lyon\/presse-partenaires\/sites\/\" \/>\n<meta property=\"og:site_name\" content=\"Bien-\u00eatre Lyon\" \/>\n<meta property=\"article:modified_time\" content=\"2025-05-14T15:39:45+00:00\" \/>\n<meta property=\"og:image\" content=\"https:\/\/www.salon-medecinedouce.com\/lyon\/wp-content\/uploads\/sites\/12\/2018\/06\/banniere_epicerie_salee.jpg\" \/>\n\t<meta property=\"og:image:width\" content=\"731\" \/>\n\t<meta property=\"og:image:height\" content=\"186\" \/>\n\t<meta property=\"og:image:type\" content=\"image\/jpeg\" \/>\n<meta name=\"twitter:card\" content=\"summary_large_image\" \/>\n<meta name=\"twitter:label1\" content=\"Dur\u00e9e de lecture estim\u00e9e\" \/>\n\t<meta name=\"twitter:data1\" content=\"1 minute\" \/>\n<script type=\"application\/ld+json\" class=\"yoast-schema-graph\">{\"@context\":\"https:\\\/\\\/schema.org\",\"@graph\":[{\"@type\":\"WebPage\",\"@id\":\"https:\\\/\\\/www.salon-medecinedouce.com\\\/lyon\\\/presse-partenaires\\\/sites\\\/\",\"url\":\"https:\\\/\\\/www.salon-medecinedouce.com\\\/lyon\\\/presse-partenaires\\\/sites\\\/\",\"name\":\"Sites recommand\u00e9s - Bien-\u00eatre Lyon\",\"isPartOf\":{\"@id\":\"https:\\\/\\\/www.salon-medecinedouce.com\\\/lyon\\\/#website\"},\"primaryImageOfPage\":{\"@id\":\"https:\\\/\\\/www.salon-medecinedouce.com\\\/lyon\\\/presse-partenaires\\\/sites\\\/#primaryimage\"},\"image\":{\"@id\":\"https:\\\/\\\/www.salon-medecinedouce.com\\\/lyon\\\/presse-partenaires\\\/sites\\\/#primaryimage\"},\"thumbnailUrl\":\"https:\\\/\\\/www.salon-medecinedouce.com\\\/wp-content\\\/uploads\\\/sites\\\/12\\\/2018\\\/06\\\/banniere_epicerie_salee.jpg\",\"datePublished\":\"2024-06-26T07:00:56+00:00\",\"dateModified\":\"2025-05-14T15:39:45+00:00\",\"description\":\"D\u00e9couvrez la s\u00e9lection du web du salon Bien-\u00eatre M\u00e9decine douce Lyon.\",\"breadcrumb\":{\"@id\":\"https:\\\/\\\/www.salon-medecinedouce.com\\\/lyon\\\/presse-partenaires\\\/sites\\\/#breadcrumb\"},\"inLanguage\":\"fr-FR\",\"potentialAction\":[{\"@type\":\"ReadAction\",\"target\":[\"https:\\\/\\\/www.salon-medecinedouce.com\\\/lyon\\\/presse-partenaires\\\/sites\\\/\"]}]},{\"@type\":\"ImageObject\",\"inLanguage\":\"fr-FR\",\"@id\":\"https:\\\/\\\/www.salon-medecinedouce.com\\\/lyon\\\/presse-partenaires\\\/sites\\\/#primaryimage\",\"url\":\"https:\\\/\\\/www.salon-medecinedouce.com\\\/wp-content\\\/uploads\\\/sites\\\/12\\\/2018\\\/06\\\/banniere_epicerie_salee.jpg\",\"contentUrl\":\"https:\\\/\\\/www.salon-medecinedouce.com\\\/wp-content\\\/uploads\\\/sites\\\/12\\\/2018\\\/06\\\/banniere_epicerie_salee.jpg\"},{\"@type\":\"BreadcrumbList\",\"@id\":\"https:\\\/\\\/www.salon-medecinedouce.com\\\/lyon\\\/presse-partenaires\\\/sites\\\/#breadcrumb\",\"itemListElement\":[{\"@type\":\"ListItem\",\"position\":1,\"name\":\"Accueil\",\"item\":\"https:\\\/\\\/www.salon-medecinedouce.com\\\/lyon\\\/\"},{\"@type\":\"ListItem\",\"position\":2,\"name\":\"Presse\\\/partenaires\",\"item\":\"https:\\\/\\\/www.salon-medecinedouce.com\\\/lyon\\\/presse-partenaires\\\/\"},{\"@type\":\"ListItem\",\"position\":3,\"name\":\"Sites recommand\u00e9s\"}]},{\"@type\":\"WebSite\",\"@id\":\"https:\\\/\\\/www.salon-medecinedouce.com\\\/lyon\\\/#website\",\"url\":\"https:\\\/\\\/www.salon-medecinedouce.com\\\/lyon\\\/\",\"name\":\"Bien-\u00eatre Lyon\",\"description\":\"La sant\u00e9 au naturel : M\u00e9decines douces - Compl\u00e9ments alimentaires - Alimentation saine - Cosm\u00e9tiques naturelles - Art de vivre - Tourisme de sant\u00e9\",\"publisher\":{\"@id\":\"https:\\\/\\\/www.salon-medecinedouce.com\\\/lyon\\\/#organization\"},\"potentialAction\":[{\"@type\":\"SearchAction\",\"target\":{\"@type\":\"EntryPoint\",\"urlTemplate\":\"https:\\\/\\\/www.salon-medecinedouce.com\\\/lyon\\\/?s={search_term_string}\"},\"query-input\":{\"@type\":\"PropertyValueSpecification\",\"valueRequired\":true,\"valueName\":\"search_term_string\"}}],\"inLanguage\":\"fr-FR\"},{\"@type\":\"Organization\",\"@id\":\"https:\\\/\\\/www.salon-medecinedouce.com\\\/lyon\\\/#organization\",\"name\":\"Bien-\u00eatre Lyon\",\"url\":\"https:\\\/\\\/www.salon-medecinedouce.com\\\/lyon\\\/\",\"logo\":{\"@type\":\"ImageObject\",\"inLanguage\":\"fr-FR\",\"@id\":\"https:\\\/\\\/www.salon-medecinedouce.com\\\/lyon\\\/#\\\/schema\\\/logo\\\/image\\\/\",\"url\":\"https:\\\/\\\/www.salon-medecinedouce.com\\\/lyon\\\/wp-content\\\/uploads\\\/sites\\\/12\\\/2024\\\/05\\\/cropped-logo-orange-bemd.png\",\"contentUrl\":\"https:\\\/\\\/www.salon-medecinedouce.com\\\/lyon\\\/wp-content\\\/uploads\\\/sites\\\/12\\\/2024\\\/05\\\/cropped-logo-orange-bemd.png\",\"width\":591,\"height\":591,\"caption\":\"Bien-\u00eatre Lyon\"},\"image\":{\"@id\":\"https:\\\/\\\/www.salon-medecinedouce.com\\\/lyon\\\/#\\\/schema\\\/logo\\\/image\\\/\"}}]}<\/script>\n<!-- \/ Yoast SEO plugin. -->","yoast_head_json":{"title":"Sites recommand\u00e9s - Bien-\u00eatre Lyon","description":"D\u00e9couvrez la s\u00e9lection du web du salon Bien-\u00eatre M\u00e9decine douce Lyon.","robots":{"index":"index","follow":"follow","max-snippet":"max-snippet:-1","max-image-preview":"max-image-preview:large","max-video-preview":"max-video-preview:-1"},"canonical":"https:\/\/www.salon-medecinedouce.com\/lyon\/presse-partenaires\/sites\/","og_locale":"fr_FR","og_type":"article","og_title":"Sites recommand\u00e9s - Bien-\u00eatre Lyon","og_description":"D\u00e9couvrez la s\u00e9lection du web du salon Bien-\u00eatre M\u00e9decine douce Lyon.","og_url":"https:\/\/www.salon-medecinedouce.com\/lyon\/presse-partenaires\/sites\/","og_site_name":"Bien-\u00eatre Lyon","article_modified_time":"2025-05-14T15:39:45+00:00","og_image":[{"width":731,"height":186,"url":"https:\/\/www.salon-medecinedouce.com\/lyon\/wp-content\/uploads\/sites\/12\/2018\/06\/banniere_epicerie_salee.jpg","type":"image\/jpeg"}],"twitter_card":"summary_large_image","twitter_misc":{"Dur\u00e9e de lecture estim\u00e9e":"1 minute"},"schema":{"@context":"https:\/\/schema.org","@graph":[{"@type":"WebPage","@id":"https:\/\/www.salon-medecinedouce.com\/lyon\/presse-partenaires\/sites\/","url":"https:\/\/www.salon-medecinedouce.com\/lyon\/presse-partenaires\/sites\/","name":"Sites recommand\u00e9s - Bien-\u00eatre Lyon","isPartOf":{"@id":"https:\/\/www.salon-medecinedouce.com\/lyon\/#website"},"primaryImageOfPage":{"@id":"https:\/\/www.salon-medecinedouce.com\/lyon\/presse-partenaires\/sites\/#primaryimage"},"image":{"@id":"https:\/\/www.salon-medecinedouce.com\/lyon\/presse-partenaires\/sites\/#primaryimage"},"thumbnailUrl":"https:\/\/www.salon-medecinedouce.com\/wp-content\/uploads\/sites\/12\/2018\/06\/banniere_epicerie_salee.jpg","datePublished":"2024-06-26T07:00:56+00:00","dateModified":"2025-05-14T15:39:45+00:00","description":"D\u00e9couvrez la s\u00e9lection du web du salon Bien-\u00eatre M\u00e9decine douce Lyon.","breadcrumb":{"@id":"https:\/\/www.salon-medecinedouce.com\/lyon\/presse-partenaires\/sites\/#breadcrumb"},"inLanguage":"fr-FR","potentialAction":[{"@type":"ReadAction","target":["https:\/\/www.salon-medecinedouce.com\/lyon\/presse-partenaires\/sites\/"]}]},{"@type":"ImageObject","inLanguage":"fr-FR","@id":"https:\/\/www.salon-medecinedouce.com\/lyon\/presse-partenaires\/sites\/#primaryimage","url":"https:\/\/www.salon-medecinedouce.com\/wp-content\/uploads\/sites\/12\/2018\/06\/banniere_epicerie_salee.jpg","contentUrl":"https:\/\/www.salon-medecinedouce.com\/wp-content\/uploads\/sites\/12\/2018\/06\/banniere_epicerie_salee.jpg"},{"@type":"BreadcrumbList","@id":"https:\/\/www.salon-medecinedouce.com\/lyon\/presse-partenaires\/sites\/#breadcrumb","itemListElement":[{"@type":"ListItem","position":1,"name":"Accueil","item":"https:\/\/www.salon-medecinedouce.com\/lyon\/"},{"@type":"ListItem","position":2,"name":"Presse\/partenaires","item":"https:\/\/www.salon-medecinedouce.com\/lyon\/presse-partenaires\/"},{"@type":"ListItem","position":3,"name":"Sites recommand\u00e9s"}]},{"@type":"WebSite","@id":"https:\/\/www.salon-medecinedouce.com\/lyon\/#website","url":"https:\/\/www.salon-medecinedouce.com\/lyon\/","name":"Bien-\u00eatre Lyon","description":"La sant\u00e9 au naturel : M\u00e9decines douces - Compl\u00e9ments alimentaires - Alimentation saine - Cosm\u00e9tiques naturelles - Art de vivre - Tourisme de sant\u00e9","publisher":{"@id":"https:\/\/www.salon-medecinedouce.com\/lyon\/#organization"},"potentialAction":[{"@type":"SearchAction","target":{"@type":"EntryPoint","urlTemplate":"https:\/\/www.salon-medecinedouce.com\/lyon\/?s={search_term_string}"},"query-input":{"@type":"PropertyValueSpecification","valueRequired":true,"valueName":"search_term_string"}}],"inLanguage":"fr-FR"},{"@type":"Organization","@id":"https:\/\/www.salon-medecinedouce.com\/lyon\/#organization","name":"Bien-\u00eatre Lyon","url":"https:\/\/www.salon-medecinedouce.com\/lyon\/","logo":{"@type":"ImageObject","inLanguage":"fr-FR","@id":"https:\/\/www.salon-medecinedouce.com\/lyon\/#\/schema\/logo\/image\/","url":"https:\/\/www.salon-medecinedouce.com\/lyon\/wp-content\/uploads\/sites\/12\/2024\/05\/cropped-logo-orange-bemd.png","contentUrl":"https:\/\/www.salon-medecinedouce.com\/lyon\/wp-content\/uploads\/sites\/12\/2024\/05\/cropped-logo-orange-bemd.png","width":591,"height":591,"caption":"Bien-\u00eatre Lyon"},"image":{"@id":"https:\/\/www.salon-medecinedouce.com\/lyon\/#\/schema\/logo\/image\/"}}]}},"rttpg_featured_image_url":null,"rttpg_author":{"display_name":"admin","author_link":"https:\/\/www.salon-medecinedouce.com\/lyon\/author\/admin\/"},"rttpg_comment":0,"rttpg_category":false,"rttpg_excerpt":"La s\u00e9lection du web du salon Bien-\u00eatre www.bien-etre-et-ecologie.com www.meditationfrance.com www.acupuncture-france.com www.association-ressource.org www.ayurveda-france.org www.cfmtc.org www.etiopathie.com www.fidhy.fr www.hippocratus.com www.ifhe.net www.mamedecine.fr www.soignez-vous.com www.votre-sante.com www.methode-mezieres.com www.odenth.com www.omnes.fr www.osteopathie.org www.osteo-bebe.com www.phyto2000.org www.ufpmtc.com www.emdr-france.org www.influencesante.fr &nbsp;","_links":{"self":[{"href":"https:\/\/www.salon-medecinedouce.com\/lyon\/wp-json\/wp\/v2\/pages\/3493","targetHints":{"allow":["GET"]}}],"collection":[{"href":"https:\/\/www.salon-medecinedouce.com\/lyon\/wp-json\/wp\/v2\/pages"}],"about":[{"href":"https:\/\/www.salon-medecinedouce.com\/lyon\/wp-json\/wp\/v2\/types\/page"}],"author":[{"embeddable":true,"href":"https:\/\/www.salon-medecinedouce.com\/lyon\/wp-json\/wp\/v2\/users\/1"}],"replies":[{"embeddable":true,"href":"https:\/\/www.salon-medecinedouce.com\/lyon\/wp-json\/wp\/v2\/comments?post=3493"}],"version-history":[{"count":15,"href":"https:\/\/www.salon-medecinedouce.com\/lyon\/wp-json\/wp\/v2\/pages\/3493\/revisions"}],"predecessor-version":[{"id":13804,"href":"https:\/\/www.salon-medecinedouce.com\/lyon\/wp-json\/wp\/v2\/pages\/3493\/revisions\/13804"}],"up":[{"embeddable":true,"href":"https:\/\/www.salon-medecinedouce.com\/lyon\/wp-json\/wp\/v2\/pages\/2091"}],"wp:attachment":[{"href":"https:\/\/www.salon-medecinedouce.com\/lyon\/wp-json\/wp\/v2\/media?parent=3493"}],"curies":[{"name":"wp","href":"https:\/\/api.w.org\/{rel}","templated":true}]}}