{"id":2460,"date":"2024-06-26T09:00:59","date_gmt":"2024-06-26T07:00:59","guid":{"rendered":"http:\/\/localhost:8888\/zen\/?page_id=2460"},"modified":"2025-02-21T11:04:37","modified_gmt":"2025-02-21T10:04:37","slug":"acceder-au-salon","status":"publish","type":"page","link":"https:\/\/www.salon-medecinedouce.com\/lyon\/infos-2\/acceder-au-salon\/","title":{"rendered":"Horaires, lieu et acc\u00e8s"},"content":{"rendered":"<h3><span style=\"color: #165e6c;\"><strong>Horaires :<\/strong><\/span><\/h3>\n<p>De 10h00 \u00e0 18h30 et le dimanche de 10h00 \u00e0 18h.<br \/>\n<em>Aucune entr\u00e9e 1\/2 heure avant la fermeture<\/em><\/p>\n<h3><span style=\"color: #165e6c;\"><strong>Lieu :<\/strong><\/span><\/h3>\n<p>Cit\u00e9 Internationale de Lyon &#8211; Centre de Congr\u00e8s &#8211; Amphith\u00e9\u00e2tre &#8211; Entr\u00e9e B<br \/>\n50 Quai Charles de Gaulle<br \/>\n69006 Lyon<\/p>\n<h3><span style=\"color: #165e6c;\"><strong>Acc\u00e8s au salon :<\/strong><\/span><\/h3>\n<p><strong>Cit\u00e9 Internationale de Lyon &#8211; Centre de Congr\u00e8s &#8211; Amphith\u00e9\u00e2tre &#8211; Entr\u00e9e B<\/strong><\/p>\n<p><img fetchpriority=\"high\" decoding=\"async\" class=\"alignnone wp-image-13577 size-full\" src=\"https:\/\/www.salon-medecinedouce.com\/lyon\/wp-content\/uploads\/sites\/12\/2025\/01\/CarteAcces_CentreDeCongres_Livraison-scaled.jpg\" alt=\"Plan d'acc\u00e8s Centre de Congr\u00e8s\" width=\"2048\" height=\"1180\" srcset=\"https:\/\/www.salon-medecinedouce.com\/lyon\/wp-content\/uploads\/sites\/12\/2025\/01\/CarteAcces_CentreDeCongres_Livraison-scaled.jpg 2048w, https:\/\/www.salon-medecinedouce.com\/lyon\/wp-content\/uploads\/sites\/12\/2025\/01\/CarteAcces_CentreDeCongres_Livraison-300x173.jpg 300w, https:\/\/www.salon-medecinedouce.com\/lyon\/wp-content\/uploads\/sites\/12\/2025\/01\/CarteAcces_CentreDeCongres_Livraison-1024x590.jpg 1024w, https:\/\/www.salon-medecinedouce.com\/lyon\/wp-content\/uploads\/sites\/12\/2025\/01\/CarteAcces_CentreDeCongres_Livraison-768x443.jpg 768w, https:\/\/www.salon-medecinedouce.com\/lyon\/wp-content\/uploads\/sites\/12\/2025\/01\/CarteAcces_CentreDeCongres_Livraison-1536x885.jpg 1536w, https:\/\/www.salon-medecinedouce.com\/lyon\/wp-content\/uploads\/sites\/12\/2025\/01\/CarteAcces_CentreDeCongres_Livraison-150x86.jpg 150w, https:\/\/www.salon-medecinedouce.com\/lyon\/wp-content\/uploads\/sites\/12\/2025\/01\/CarteAcces_CentreDeCongres_Livraison-500x288.jpg 500w\" sizes=\"(max-width: 2048px) 100vw, 2048px\" \/><\/p>\n<h3><span style=\"color: #165e6c;\"><strong>En voiture\u00a0<\/strong><\/span><\/h3>\n<p class=\"p1\">&#8211; A 10 minutes du centre-ville en transports en commun<br \/>\n&#8211; A 12 minutes de la gare TGV Lyon Part-Dieu<br \/>\n&#8211; A moins de 30 minutes de l\u2019A\u00e9roport International de Lyon Saint-Exup\u00e9ry<br \/>\n&#8211; A 15 minutes de l\u2019A\u00e9roport d\u2019affaires de Lyon Bron<\/p>\n<p><span style=\"color: #165e6c;\"><strong>Parking :<\/strong>\u00a0<\/span><br \/>\nP0 : Parking couvert de 1000 places situ\u00e9s \u00e0 environ 100 m du Centre de Congr\u00e8s<br \/>\nTarif horaire : de 9h00 \u00e0 19h00 : 0.50\u20ac\/15 minutes ; 2.00\u20ac\/1 heure<\/p>\n<p>P1 :\u00a0Parking couvert de 1150 places situ\u00e9 \u00e0 environ 50 m du Centre de Congr\u00e8s.<br \/>\nTarif horaire : de 9h00 \u00e0 20h00 : 0.50\u20ac\/15 minutes ; 2.00\u20ac\/1 heure<\/p>\n<p>P2 :\u00a0Parking couvert de 1200 places situ\u00e9 \u00e0 environ 50m du Centre de Congr\u00e8s et de l\u2019Amphith\u00e9\u00e2tre.<br \/>\nTarif horaire : de 9h00 \u00e0 20h00 : 0.50\u20ac\/15 minutes ; 2.00\u20ac\/1 heure<\/p>\n<h3><span style=\"color: #165e6c;\"><strong>Transports en commun\u00a0<\/strong><\/span><\/h3>\n<p>Cit\u00e9 internationale &#8211; Centre de Congr\u00e8s &#8211; Amphith\u00e9\u00e2tre &#8211; Entr\u00e9e B<\/p>\n<p>Centre de Congr\u00e8s<\/p>\n<p>C1 | C2 | C4 | C5<\/p>\n<p>C1 : Gare Part Dieu Jules Favre &#8211; Cuire<\/p>\n<p>C2 : Gare Part Dieu Jules Favre &#8211; Rilleux<\/p>\n<p>C4 : Jean-Mac\u00e9 \u2013 Cit\u00e9 internationale<\/p>\n<p>C5 : Cordeliers \u2013 Rillieux Semailles \/ Vancia Ch\u00e2teau B\u00e9rard<\/p>\n<p>Cit\u00e9 internationale<\/p>\n<p>Transbordeur<\/p>\n<p>C26 | Bus 70<\/p>\n<p>Bus70 : Gare Part Dieu \u2013 Neuville<\/p>\n<p>C26 : Cit\u00e9 internationale Transbordeur \u2013 Grange Blanche<\/p>\n<h3><span style=\"color: #165e6c;\"><strong>Prix d\u2019entr\u00e9e<\/strong><\/span><\/h3>\n<p><strong>Prix d\u2019entr\u00e9e : <\/strong>vous fa\u00eetes une \u00e9conomie de 5\u20ac en t\u00e9l\u00e9chargeant votre entr\u00e9e depuis notre site web <span style=\"color: #d65d00;\"><strong><a style=\"color: #d65d00;\" href=\"https:\/\/www.salon-medecinedouce.com\/lyon\/visiteur_invitation\/\">&gt;&gt; ici t\u00e9l\u00e9chargez votre entr\u00e9e gratuite<\/a><\/strong><\/span><\/p>\n<p>Le salon est gratuit pour les d\u00e9tenteurs de la carte senior Lyon, les ch\u00f4meurs, les invalides, les \u00e9tudiants et les enfants de moins de 12 ans.<\/p>\n<div class=\"salon-pubs-hp-bas-de-page salon-entity-placement\" id=\"salon-704236680\"><div id=\"salon-13538487\"><a data-no-instant=\"1\" href=\"https:\/\/www.adntv.fr\/home?request_origin=tv_app\" rel=\"noopener\" class=\"a2t-link\" target=\"_blank\"><p><a href=\"https:\/\/www.adntv.fr\/home?request_origin=tv_app\"><img decoding=\"async\" class=\"wp-image-15075  aligncenter\" src=\"https:\/\/www.salon-medecinedouce.com\/lyon\/wp-content\/uploads\/sites\/12\/2021\/12\/ADNTV_BANNIERE_.jpg\" alt=\"\" width=\"515\" height=\"196\" srcset=\"https:\/\/www.salon-medecinedouce.com\/lyon\/wp-content\/uploads\/sites\/12\/2021\/12\/ADNTV_BANNIERE_.jpg 820w, https:\/\/www.salon-medecinedouce.com\/lyon\/wp-content\/uploads\/sites\/12\/2021\/12\/ADNTV_BANNIERE_-300x114.jpg 300w, https:\/\/www.salon-medecinedouce.com\/lyon\/wp-content\/uploads\/sites\/12\/2021\/12\/ADNTV_BANNIERE_-768x292.jpg 768w, https:\/\/www.salon-medecinedouce.com\/lyon\/wp-content\/uploads\/sites\/12\/2021\/12\/ADNTV_BANNIERE_-150x57.jpg 150w, https:\/\/www.salon-medecinedouce.com\/lyon\/wp-content\/uploads\/sites\/12\/2021\/12\/ADNTV_BANNIERE_-500x190.jpg 500w\" sizes=\"(max-width: 515px) 100vw, 515px\" \/><\/a><\/p>\n<\/a><\/div><\/div>","protected":false},"excerpt":{"rendered":"<p>Horaires : De 10h00 \u00e0 18h30 et le dimanche de 10h00 \u00e0 18h. Aucune entr\u00e9e 1\/2 heure avant la fermeture Lieu : Cit\u00e9 Internationale de Lyon &#8211; Centre de Congr\u00e8s &#8211; Amphith\u00e9\u00e2tre &#8211; Entr\u00e9e B 50 Quai Charles de Gaulle 69006 Lyon Acc\u00e8s au salon : Cit\u00e9 Internationale de Lyon &#8211; Centre de Congr\u00e8s &#8211;&hellip; <\/p>\n","protected":false},"author":1,"featured_media":0,"parent":2094,"menu_order":0,"comment_status":"closed","ping_status":"closed","template":"","meta":{"_monsterinsights_skip_tracking":false,"_monsterinsights_sitenote_active":false,"_monsterinsights_sitenote_note":"","_monsterinsights_sitenote_category":0,"footnotes":""},"class_list":["post-2460","page","type-page","status-publish","hentry"],"yoast_head":"<!-- This site is optimized with the Yoast SEO plugin v27.3 - https:\/\/yoast.com\/product\/yoast-seo-wordpress\/ -->\n<title>Bien-\u00eatre M\u00e9decine douce Lyon - acc\u00e8s et horaires<\/title>\n<meta name=\"description\" content=\"Bien-\u00eatre M\u00e9decine douce Lyon aura lieu du 17 au 19 janvier 2025 \u00e0 la Cit\u00e9 Internationale - d\u00e9couvrez les infos pratiques pour acc\u00e9der au salon\" \/>\n<meta name=\"robots\" content=\"index, follow, max-snippet:-1, max-image-preview:large, max-video-preview:-1\" \/>\n<link rel=\"canonical\" href=\"https:\/\/www.salon-medecinedouce.com\/lyon\/infos-2\/acceder-au-salon\/\" \/>\n<meta property=\"og:locale\" content=\"fr_FR\" \/>\n<meta property=\"og:type\" content=\"article\" \/>\n<meta property=\"og:title\" content=\"Bien-\u00eatre M\u00e9decine douce Lyon - acc\u00e8s et horaires\" \/>\n<meta property=\"og:description\" content=\"Bien-\u00eatre M\u00e9decine douce Lyon aura lieu du 17 au 19 janvier 2025 \u00e0 la Cit\u00e9 Internationale - d\u00e9couvrez les infos pratiques pour acc\u00e9der au salon\" \/>\n<meta property=\"og:url\" content=\"https:\/\/www.salon-medecinedouce.com\/lyon\/infos-2\/acceder-au-salon\/\" \/>\n<meta property=\"og:site_name\" content=\"Bien-\u00eatre Lyon\" \/>\n<meta property=\"article:modified_time\" content=\"2025-02-21T10:04:37+00:00\" \/>\n<meta property=\"og:image\" content=\"https:\/\/www.salon-medecinedouce.com\/lyon\/wp-content\/uploads\/sites\/12\/2025\/01\/CarteAcces_CentreDeCongres_Livraison-scaled.jpg\" \/>\n\t<meta property=\"og:image:width\" content=\"2048\" \/>\n\t<meta property=\"og:image:height\" content=\"1180\" \/>\n\t<meta property=\"og:image:type\" content=\"image\/jpeg\" \/>\n<meta name=\"twitter:card\" content=\"summary_large_image\" \/>\n<meta name=\"twitter:label1\" content=\"Dur\u00e9e de lecture estim\u00e9e\" \/>\n\t<meta name=\"twitter:data1\" content=\"2 minutes\" \/>\n<script type=\"application\/ld+json\" class=\"yoast-schema-graph\">{\"@context\":\"https:\\\/\\\/schema.org\",\"@graph\":[{\"@type\":\"WebPage\",\"@id\":\"https:\\\/\\\/www.salon-medecinedouce.com\\\/lyon\\\/infos-2\\\/acceder-au-salon\\\/\",\"url\":\"https:\\\/\\\/www.salon-medecinedouce.com\\\/lyon\\\/infos-2\\\/acceder-au-salon\\\/\",\"name\":\"Bien-\u00eatre M\u00e9decine douce Lyon - acc\u00e8s et horaires\",\"isPartOf\":{\"@id\":\"https:\\\/\\\/www.salon-medecinedouce.com\\\/lyon\\\/#website\"},\"primaryImageOfPage\":{\"@id\":\"https:\\\/\\\/www.salon-medecinedouce.com\\\/lyon\\\/infos-2\\\/acceder-au-salon\\\/#primaryimage\"},\"image\":{\"@id\":\"https:\\\/\\\/www.salon-medecinedouce.com\\\/lyon\\\/infos-2\\\/acceder-au-salon\\\/#primaryimage\"},\"thumbnailUrl\":\"https:\\\/\\\/www.salon-medecinedouce.com\\\/lyon\\\/wp-content\\\/uploads\\\/sites\\\/12\\\/2025\\\/01\\\/CarteAcces_CentreDeCongres_Livraison-scaled.jpg\",\"datePublished\":\"2024-06-26T07:00:59+00:00\",\"dateModified\":\"2025-02-21T10:04:37+00:00\",\"description\":\"Bien-\u00eatre M\u00e9decine douce Lyon aura lieu du 17 au 19 janvier 2025 \u00e0 la Cit\u00e9 Internationale - d\u00e9couvrez les infos pratiques pour acc\u00e9der au salon\",\"breadcrumb\":{\"@id\":\"https:\\\/\\\/www.salon-medecinedouce.com\\\/lyon\\\/infos-2\\\/acceder-au-salon\\\/#breadcrumb\"},\"inLanguage\":\"fr-FR\",\"potentialAction\":[{\"@type\":\"ReadAction\",\"target\":[\"https:\\\/\\\/www.salon-medecinedouce.com\\\/lyon\\\/infos-2\\\/acceder-au-salon\\\/\"]}]},{\"@type\":\"ImageObject\",\"inLanguage\":\"fr-FR\",\"@id\":\"https:\\\/\\\/www.salon-medecinedouce.com\\\/lyon\\\/infos-2\\\/acceder-au-salon\\\/#primaryimage\",\"url\":\"https:\\\/\\\/www.salon-medecinedouce.com\\\/lyon\\\/wp-content\\\/uploads\\\/sites\\\/12\\\/2025\\\/01\\\/CarteAcces_CentreDeCongres_Livraison-scaled.jpg\",\"contentUrl\":\"https:\\\/\\\/www.salon-medecinedouce.com\\\/lyon\\\/wp-content\\\/uploads\\\/sites\\\/12\\\/2025\\\/01\\\/CarteAcces_CentreDeCongres_Livraison-scaled.jpg\",\"width\":2048,\"height\":1180,\"caption\":\"Plan d'acc\u00e8s Centre de Congr\u00e8s\"},{\"@type\":\"BreadcrumbList\",\"@id\":\"https:\\\/\\\/www.salon-medecinedouce.com\\\/lyon\\\/infos-2\\\/acceder-au-salon\\\/#breadcrumb\",\"itemListElement\":[{\"@type\":\"ListItem\",\"position\":1,\"name\":\"Accueil\",\"item\":\"https:\\\/\\\/www.salon-medecinedouce.com\\\/lyon\\\/\"},{\"@type\":\"ListItem\",\"position\":2,\"name\":\"Infos pratiques\",\"item\":\"https:\\\/\\\/www.salon-medecinedouce.com\\\/lyon\\\/infos-2\\\/\"},{\"@type\":\"ListItem\",\"position\":3,\"name\":\"Horaires, lieu et acc\u00e8s\"}]},{\"@type\":\"WebSite\",\"@id\":\"https:\\\/\\\/www.salon-medecinedouce.com\\\/lyon\\\/#website\",\"url\":\"https:\\\/\\\/www.salon-medecinedouce.com\\\/lyon\\\/\",\"name\":\"Bien-\u00eatre Lyon\",\"description\":\"La sant\u00e9 au naturel : M\u00e9decines douces - Compl\u00e9ments alimentaires - Alimentation saine - Cosm\u00e9tiques naturelles - Art de vivre - Tourisme de sant\u00e9\",\"publisher\":{\"@id\":\"https:\\\/\\\/www.salon-medecinedouce.com\\\/lyon\\\/#organization\"},\"potentialAction\":[{\"@type\":\"SearchAction\",\"target\":{\"@type\":\"EntryPoint\",\"urlTemplate\":\"https:\\\/\\\/www.salon-medecinedouce.com\\\/lyon\\\/?s={search_term_string}\"},\"query-input\":{\"@type\":\"PropertyValueSpecification\",\"valueRequired\":true,\"valueName\":\"search_term_string\"}}],\"inLanguage\":\"fr-FR\"},{\"@type\":\"Organization\",\"@id\":\"https:\\\/\\\/www.salon-medecinedouce.com\\\/lyon\\\/#organization\",\"name\":\"Bien-\u00eatre Lyon\",\"url\":\"https:\\\/\\\/www.salon-medecinedouce.com\\\/lyon\\\/\",\"logo\":{\"@type\":\"ImageObject\",\"inLanguage\":\"fr-FR\",\"@id\":\"https:\\\/\\\/www.salon-medecinedouce.com\\\/lyon\\\/#\\\/schema\\\/logo\\\/image\\\/\",\"url\":\"https:\\\/\\\/www.salon-medecinedouce.com\\\/lyon\\\/wp-content\\\/uploads\\\/sites\\\/12\\\/2024\\\/05\\\/cropped-logo-orange-bemd.png\",\"contentUrl\":\"https:\\\/\\\/www.salon-medecinedouce.com\\\/lyon\\\/wp-content\\\/uploads\\\/sites\\\/12\\\/2024\\\/05\\\/cropped-logo-orange-bemd.png\",\"width\":591,\"height\":591,\"caption\":\"Bien-\u00eatre Lyon\"},\"image\":{\"@id\":\"https:\\\/\\\/www.salon-medecinedouce.com\\\/lyon\\\/#\\\/schema\\\/logo\\\/image\\\/\"}}]}<\/script>\n<!-- \/ Yoast SEO plugin. -->","yoast_head_json":{"title":"Bien-\u00eatre M\u00e9decine douce Lyon - acc\u00e8s et horaires","description":"Bien-\u00eatre M\u00e9decine douce Lyon aura lieu du 17 au 19 janvier 2025 \u00e0 la Cit\u00e9 Internationale - d\u00e9couvrez les infos pratiques pour acc\u00e9der au salon","robots":{"index":"index","follow":"follow","max-snippet":"max-snippet:-1","max-image-preview":"max-image-preview:large","max-video-preview":"max-video-preview:-1"},"canonical":"https:\/\/www.salon-medecinedouce.com\/lyon\/infos-2\/acceder-au-salon\/","og_locale":"fr_FR","og_type":"article","og_title":"Bien-\u00eatre M\u00e9decine douce Lyon - acc\u00e8s et horaires","og_description":"Bien-\u00eatre M\u00e9decine douce Lyon aura lieu du 17 au 19 janvier 2025 \u00e0 la Cit\u00e9 Internationale - d\u00e9couvrez les infos pratiques pour acc\u00e9der au salon","og_url":"https:\/\/www.salon-medecinedouce.com\/lyon\/infos-2\/acceder-au-salon\/","og_site_name":"Bien-\u00eatre Lyon","article_modified_time":"2025-02-21T10:04:37+00:00","og_image":[{"width":2048,"height":1180,"url":"https:\/\/www.salon-medecinedouce.com\/lyon\/wp-content\/uploads\/sites\/12\/2025\/01\/CarteAcces_CentreDeCongres_Livraison-scaled.jpg","type":"image\/jpeg"}],"twitter_card":"summary_large_image","twitter_misc":{"Dur\u00e9e de lecture estim\u00e9e":"2 minutes"},"schema":{"@context":"https:\/\/schema.org","@graph":[{"@type":"WebPage","@id":"https:\/\/www.salon-medecinedouce.com\/lyon\/infos-2\/acceder-au-salon\/","url":"https:\/\/www.salon-medecinedouce.com\/lyon\/infos-2\/acceder-au-salon\/","name":"Bien-\u00eatre M\u00e9decine douce Lyon - acc\u00e8s et horaires","isPartOf":{"@id":"https:\/\/www.salon-medecinedouce.com\/lyon\/#website"},"primaryImageOfPage":{"@id":"https:\/\/www.salon-medecinedouce.com\/lyon\/infos-2\/acceder-au-salon\/#primaryimage"},"image":{"@id":"https:\/\/www.salon-medecinedouce.com\/lyon\/infos-2\/acceder-au-salon\/#primaryimage"},"thumbnailUrl":"https:\/\/www.salon-medecinedouce.com\/lyon\/wp-content\/uploads\/sites\/12\/2025\/01\/CarteAcces_CentreDeCongres_Livraison-scaled.jpg","datePublished":"2024-06-26T07:00:59+00:00","dateModified":"2025-02-21T10:04:37+00:00","description":"Bien-\u00eatre M\u00e9decine douce Lyon aura lieu du 17 au 19 janvier 2025 \u00e0 la Cit\u00e9 Internationale - d\u00e9couvrez les infos pratiques pour acc\u00e9der au salon","breadcrumb":{"@id":"https:\/\/www.salon-medecinedouce.com\/lyon\/infos-2\/acceder-au-salon\/#breadcrumb"},"inLanguage":"fr-FR","potentialAction":[{"@type":"ReadAction","target":["https:\/\/www.salon-medecinedouce.com\/lyon\/infos-2\/acceder-au-salon\/"]}]},{"@type":"ImageObject","inLanguage":"fr-FR","@id":"https:\/\/www.salon-medecinedouce.com\/lyon\/infos-2\/acceder-au-salon\/#primaryimage","url":"https:\/\/www.salon-medecinedouce.com\/lyon\/wp-content\/uploads\/sites\/12\/2025\/01\/CarteAcces_CentreDeCongres_Livraison-scaled.jpg","contentUrl":"https:\/\/www.salon-medecinedouce.com\/lyon\/wp-content\/uploads\/sites\/12\/2025\/01\/CarteAcces_CentreDeCongres_Livraison-scaled.jpg","width":2048,"height":1180,"caption":"Plan d'acc\u00e8s Centre de Congr\u00e8s"},{"@type":"BreadcrumbList","@id":"https:\/\/www.salon-medecinedouce.com\/lyon\/infos-2\/acceder-au-salon\/#breadcrumb","itemListElement":[{"@type":"ListItem","position":1,"name":"Accueil","item":"https:\/\/www.salon-medecinedouce.com\/lyon\/"},{"@type":"ListItem","position":2,"name":"Infos pratiques","item":"https:\/\/www.salon-medecinedouce.com\/lyon\/infos-2\/"},{"@type":"ListItem","position":3,"name":"Horaires, lieu et acc\u00e8s"}]},{"@type":"WebSite","@id":"https:\/\/www.salon-medecinedouce.com\/lyon\/#website","url":"https:\/\/www.salon-medecinedouce.com\/lyon\/","name":"Bien-\u00eatre Lyon","description":"La sant\u00e9 au naturel : M\u00e9decines douces - Compl\u00e9ments alimentaires - Alimentation saine - Cosm\u00e9tiques naturelles - Art de vivre - Tourisme de sant\u00e9","publisher":{"@id":"https:\/\/www.salon-medecinedouce.com\/lyon\/#organization"},"potentialAction":[{"@type":"SearchAction","target":{"@type":"EntryPoint","urlTemplate":"https:\/\/www.salon-medecinedouce.com\/lyon\/?s={search_term_string}"},"query-input":{"@type":"PropertyValueSpecification","valueRequired":true,"valueName":"search_term_string"}}],"inLanguage":"fr-FR"},{"@type":"Organization","@id":"https:\/\/www.salon-medecinedouce.com\/lyon\/#organization","name":"Bien-\u00eatre Lyon","url":"https:\/\/www.salon-medecinedouce.com\/lyon\/","logo":{"@type":"ImageObject","inLanguage":"fr-FR","@id":"https:\/\/www.salon-medecinedouce.com\/lyon\/#\/schema\/logo\/image\/","url":"https:\/\/www.salon-medecinedouce.com\/lyon\/wp-content\/uploads\/sites\/12\/2024\/05\/cropped-logo-orange-bemd.png","contentUrl":"https:\/\/www.salon-medecinedouce.com\/lyon\/wp-content\/uploads\/sites\/12\/2024\/05\/cropped-logo-orange-bemd.png","width":591,"height":591,"caption":"Bien-\u00eatre Lyon"},"image":{"@id":"https:\/\/www.salon-medecinedouce.com\/lyon\/#\/schema\/logo\/image\/"}}]}},"rttpg_featured_image_url":null,"rttpg_author":{"display_name":"admin","author_link":"https:\/\/www.salon-medecinedouce.com\/lyon\/author\/admin\/"},"rttpg_comment":0,"rttpg_category":false,"rttpg_excerpt":"Horaires : De 10h00 \u00e0 18h30 et le dimanche de 10h00 \u00e0 18h. Aucune entr\u00e9e 1\/2 heure avant la fermeture Lieu : Cit\u00e9 Internationale de Lyon &#8211; Centre de Congr\u00e8s &#8211; Amphith\u00e9\u00e2tre &#8211; Entr\u00e9e B 50 Quai Charles de Gaulle 69006 Lyon Acc\u00e8s au salon : Cit\u00e9 Internationale de Lyon &#8211; Centre de Congr\u00e8s &#8211;&hellip;","_links":{"self":[{"href":"https:\/\/www.salon-medecinedouce.com\/lyon\/wp-json\/wp\/v2\/pages\/2460","targetHints":{"allow":["GET"]}}],"collection":[{"href":"https:\/\/www.salon-medecinedouce.com\/lyon\/wp-json\/wp\/v2\/pages"}],"about":[{"href":"https:\/\/www.salon-medecinedouce.com\/lyon\/wp-json\/wp\/v2\/types\/page"}],"author":[{"embeddable":true,"href":"https:\/\/www.salon-medecinedouce.com\/lyon\/wp-json\/wp\/v2\/users\/1"}],"replies":[{"embeddable":true,"href":"https:\/\/www.salon-medecinedouce.com\/lyon\/wp-json\/wp\/v2\/comments?post=2460"}],"version-history":[{"count":67,"href":"https:\/\/www.salon-medecinedouce.com\/lyon\/wp-json\/wp\/v2\/pages\/2460\/revisions"}],"predecessor-version":[{"id":13751,"href":"https:\/\/www.salon-medecinedouce.com\/lyon\/wp-json\/wp\/v2\/pages\/2460\/revisions\/13751"}],"up":[{"embeddable":true,"href":"https:\/\/www.salon-medecinedouce.com\/lyon\/wp-json\/wp\/v2\/pages\/2094"}],"wp:attachment":[{"href":"https:\/\/www.salon-medecinedouce.com\/lyon\/wp-json\/wp\/v2\/media?parent=2460"}],"curies":[{"name":"wp","href":"https:\/\/api.w.org\/{rel}","templated":true}]}}