{"id":2458,"date":"2024-06-26T09:00:20","date_gmt":"2024-06-26T07:00:20","guid":{"rendered":"http:\/\/localhost:8888\/zen\/?page_id=2458"},"modified":"2025-12-02T16:47:19","modified_gmt":"2025-12-02T15:47:19","slug":"espace-presse","status":"publish","type":"page","link":"https:\/\/www.salon-medecinedouce.com\/lyon\/presse-partenaires\/espace-presse\/","title":{"rendered":"Espace presse"},"content":{"rendered":"<h3><span style=\"color: #165e6c;\">Bienvenue dans l&rsquo;espace presse du salon Bien-\u00eatre M\u00e9decine Douce Lyon<\/span><\/h3>\n<p>T\u00e9l\u00e9chargez les visuels du salon pour vos usages d&rsquo;impression et de communication ainsi que les dossiers de presse au format .jpg ou .pdf<\/p>\n<ul>\n<li>Affiche A4<\/li>\n<\/ul>\n<p><img fetchpriority=\"high\" decoding=\"async\" class=\"alignnone  wp-image-13824\" src=\"https:\/\/www.salon-medecinedouce.com\/lyon\/wp-content\/uploads\/sites\/12\/2025\/05\/BE26-LYON-AFFICHE-A4_page-0001.jpg\" alt=\"\" width=\"349\" height=\"493\" srcset=\"https:\/\/www.salon-medecinedouce.com\/lyon\/wp-content\/uploads\/sites\/12\/2025\/05\/BE26-LYON-AFFICHE-A4_page-0001.jpg 1241w, https:\/\/www.salon-medecinedouce.com\/lyon\/wp-content\/uploads\/sites\/12\/2025\/05\/BE26-LYON-AFFICHE-A4_page-0001-212x300.jpg 212w, https:\/\/www.salon-medecinedouce.com\/lyon\/wp-content\/uploads\/sites\/12\/2025\/05\/BE26-LYON-AFFICHE-A4_page-0001-725x1024.jpg 725w, https:\/\/www.salon-medecinedouce.com\/lyon\/wp-content\/uploads\/sites\/12\/2025\/05\/BE26-LYON-AFFICHE-A4_page-0001-768x1085.jpg 768w, https:\/\/www.salon-medecinedouce.com\/lyon\/wp-content\/uploads\/sites\/12\/2025\/05\/BE26-LYON-AFFICHE-A4_page-0001-1087x1536.jpg 1087w, https:\/\/www.salon-medecinedouce.com\/lyon\/wp-content\/uploads\/sites\/12\/2025\/05\/BE26-LYON-AFFICHE-A4_page-0001-150x212.jpg 150w, https:\/\/www.salon-medecinedouce.com\/lyon\/wp-content\/uploads\/sites\/12\/2025\/05\/BE26-LYON-AFFICHE-A4_page-0001-354x500.jpg 354w\" sizes=\"(max-width: 349px) 100vw, 349px\" \/><\/p>\n<ul>\n<li>Logo\u00a0<\/li>\n<\/ul>\n<p><img decoding=\"async\" class=\"alignnone  wp-image-13822\" src=\"https:\/\/www.salon-medecinedouce.com\/lyon\/wp-content\/uploads\/sites\/12\/2025\/05\/logo-2025.png\" alt=\"\" width=\"230\" height=\"204\" srcset=\"https:\/\/www.salon-medecinedouce.com\/lyon\/wp-content\/uploads\/sites\/12\/2025\/05\/logo-2025.png 1527w, https:\/\/www.salon-medecinedouce.com\/lyon\/wp-content\/uploads\/sites\/12\/2025\/05\/logo-2025-300x266.png 300w, https:\/\/www.salon-medecinedouce.com\/lyon\/wp-content\/uploads\/sites\/12\/2025\/05\/logo-2025-1024x907.png 1024w, https:\/\/www.salon-medecinedouce.com\/lyon\/wp-content\/uploads\/sites\/12\/2025\/05\/logo-2025-768x680.png 768w, https:\/\/www.salon-medecinedouce.com\/lyon\/wp-content\/uploads\/sites\/12\/2025\/05\/logo-2025-150x133.png 150w, https:\/\/www.salon-medecinedouce.com\/lyon\/wp-content\/uploads\/sites\/12\/2025\/05\/logo-2025-500x443.png 500w\" sizes=\"(max-width: 230px) 100vw, 230px\" \/><\/p>\n<ul>\n<li>Banni\u00e8re web 300&#215;600<\/li>\n<\/ul>\n<p><img decoding=\"async\" class=\"alignnone  wp-image-13813\" src=\"https:\/\/www.salon-medecinedouce.com\/lyon\/wp-content\/uploads\/sites\/12\/2025\/05\/BD1-BE26-BAN-300X600-CTA-LYON.jpg\" alt=\"\" width=\"226\" height=\"452\" srcset=\"https:\/\/www.salon-medecinedouce.com\/lyon\/wp-content\/uploads\/sites\/12\/2025\/05\/BD1-BE26-BAN-300X600-CTA-LYON.jpg 300w, https:\/\/www.salon-medecinedouce.com\/lyon\/wp-content\/uploads\/sites\/12\/2025\/05\/BD1-BE26-BAN-300X600-CTA-LYON-150x300.jpg 150w, https:\/\/www.salon-medecinedouce.com\/lyon\/wp-content\/uploads\/sites\/12\/2025\/05\/BD1-BE26-BAN-300X600-CTA-LYON-250x500.jpg 250w\" sizes=\"(max-width: 226px) 100vw, 226px\" \/><\/p>\n<ul>\n<li>Banni\u00e8re web 300&#215;250<\/li>\n<\/ul>\n<p><img loading=\"lazy\" decoding=\"async\" class=\"alignnone size-full wp-image-13812\" src=\"https:\/\/www.salon-medecinedouce.com\/lyon\/wp-content\/uploads\/sites\/12\/2025\/05\/BD1-BE26-BAN-300X250-CTA-LYON.jpg\" alt=\"\" width=\"300\" height=\"250\" srcset=\"https:\/\/www.salon-medecinedouce.com\/lyon\/wp-content\/uploads\/sites\/12\/2025\/05\/BD1-BE26-BAN-300X250-CTA-LYON.jpg 300w, https:\/\/www.salon-medecinedouce.com\/lyon\/wp-content\/uploads\/sites\/12\/2025\/05\/BD1-BE26-BAN-300X250-CTA-LYON-150x125.jpg 150w\" sizes=\"(max-width: 300px) 100vw, 300px\" \/><\/p>\n<ul>\n<li>Banni\u00e8re web \u00ab\u00a0Entr\u00e9e gratuite\u00a0\u00bb 728&#215;90<\/li>\n<\/ul>\n<p><img loading=\"lazy\" decoding=\"async\" class=\"alignnone size-full wp-image-13815\" src=\"https:\/\/www.salon-medecinedouce.com\/lyon\/wp-content\/uploads\/sites\/12\/2025\/05\/BD1-BE26-BAN-728x90-CTA-LYON.jpg\" alt=\"\" width=\"728\" height=\"90\" srcset=\"https:\/\/www.salon-medecinedouce.com\/lyon\/wp-content\/uploads\/sites\/12\/2025\/05\/BD1-BE26-BAN-728x90-CTA-LYON.jpg 728w, https:\/\/www.salon-medecinedouce.com\/lyon\/wp-content\/uploads\/sites\/12\/2025\/05\/BD1-BE26-BAN-728x90-CTA-LYON-300x37.jpg 300w, https:\/\/www.salon-medecinedouce.com\/lyon\/wp-content\/uploads\/sites\/12\/2025\/05\/BD1-BE26-BAN-728x90-CTA-LYON-150x19.jpg 150w, https:\/\/www.salon-medecinedouce.com\/lyon\/wp-content\/uploads\/sites\/12\/2025\/05\/BD1-BE26-BAN-728x90-CTA-LYON-500x62.jpg 500w\" sizes=\"(max-width: 728px) 100vw, 728px\" \/><\/p>\n<div>\u00a0<\/div>\n<ul>\n<li>Banni\u00e8re mobile 580&#215;250<\/li>\n<\/ul>\n<p><a href=\"https:\/\/www.salon-medecinedouce.com\/lyon\/wp-content\/uploads\/sites\/12\/2024\/06\/MOBILE-BE25-LYON-580X250.jpg\" target=\"_blank\" rel=\"noopener\"><img loading=\"lazy\" decoding=\"async\" class=\"alignnone wp-image-12876 size-full\" src=\"https:\/\/www.salon-medecinedouce.com\/lyon\/wp-content\/uploads\/sites\/12\/2024\/06\/MOBILE-BE25-LYON-580X250.jpg\" alt=\"\" width=\"580\" height=\"250\" srcset=\"https:\/\/www.salon-medecinedouce.com\/lyon\/wp-content\/uploads\/sites\/12\/2024\/06\/MOBILE-BE25-LYON-580X250.jpg 580w, https:\/\/www.salon-medecinedouce.com\/lyon\/wp-content\/uploads\/sites\/12\/2024\/06\/MOBILE-BE25-LYON-580X250-300x129.jpg 300w, https:\/\/www.salon-medecinedouce.com\/lyon\/wp-content\/uploads\/sites\/12\/2024\/06\/MOBILE-BE25-LYON-580X250-150x65.jpg 150w, https:\/\/www.salon-medecinedouce.com\/lyon\/wp-content\/uploads\/sites\/12\/2024\/06\/MOBILE-BE25-LYON-580X250-500x216.jpg 500w\" sizes=\"(max-width: 580px) 100vw, 580px\" \/><\/a><\/p>\n<div>\u00a0<\/div>\n<p><strong>Consultez les Communiqu\u00e9s de Presse Bien-\u00catre M\u00e9decine Douce Lyon\u00a0 :<\/strong><\/p>\n<ul>\n<li><strong>Edition 2025<\/strong><\/li>\n<\/ul>\n<p><span style=\"color: #165e6c;\">&gt;&gt; <a style=\"color: #165e6c;\" href=\"https:\/\/www.salon-medecinedouce.com\/lyon\/wp-content\/uploads\/sites\/12\/2025\/01\/CP-BEMD-sommeil.pdf\">Les grands rendez-vous du bien-e\u0302tre et de la sante\u0301 au naturel : Un sommeil re\u0301parateur : plonger dans un univers de se\u0301re\u0301nite\u0301 au salon Bien E\u0302tre Me\u0301decine Douce<\/a><\/span><\/p>\n<p><span style=\"color: #165e6c;\">&gt;&gt; <a style=\"color: #165e6c;\" href=\"https:\/\/www.salon-medecinedouce.com\/lyon\/wp-content\/uploads\/sites\/12\/2025\/01\/CP-BEMD-nutrition.pdf\">Les grands rendez-vous du bien-e\u0302tre et de la sante\u0301 au naturel : Nutrition et bien-e\u0302tre : un pilier essentiel du Salon Bien E\u0302tre Me\u0301decine Douce<\/a><\/span><\/p>\n<p><span style=\"color: #165e6c;\">&gt;&gt; \u00a0<a style=\"color: #165e6c;\" href=\"https:\/\/www.salon-medecinedouce.com\/lyon\/wp-content\/uploads\/sites\/12\/2025\/01\/CP-BEMD-2025-Lyon.pdf\">Le salon Bien E\u0302tre Me\u0301decine Douce annoncent les dates de son e\u0301dition 2025 a\u0300 Lyon : 17 au 19 janvier, a\u0300 la Cite\u0301 internationale. Nouveaute\u0301s, innovations et solutions naturelles pour une sante\u0301 pre\u0301ventive<\/a><\/span><\/p>\n<p><strong>Edition 2024<\/strong><\/p>\n<p><span style=\"color: #165e6c;\">&gt;&gt; <a style=\"color: #165e6c;\" href=\"https:\/\/www.salon-medecinedouce.com\/lyon\/wp-content\/uploads\/sites\/12\/2023\/12\/CP-conferences-BEMD-Lyon.pdf\" target=\"_blank\" rel=\"noopener\">\u00a0Le salon <span style=\"color: #165e6c;\">d\u00e9voile<\/span> le programme de ses animations et conf\u00e9rences : 140 acteurs de la sant\u00e9 au naturel et 80 conf\u00e9rences \/ ateliers<\/a><\/span><\/p>\n<p><span style=\"color: #165e6c;\">&gt;&gt; <a style=\"color: #165e6c;\" href=\"https:\/\/www.salon-medecinedouce.com\/lyon\/wp-content\/uploads\/sites\/12\/2023\/12\/CP-BEMD-agenda-2024.pdf\" target=\"_blank\" rel=\"noopener\">Les salons Bien-\u00catre M\u00e9decine Douce annoncent les dates de ses \u00e9ditions 2024 : Lyon (19 au 21 janvier), Paris (1<span class=\"s1\">er <\/span>au 5 f\u00e9vrier) et Marseille (5 au 7 avril), plac\u00e9s sous le signe de la pr\u00e9vention <span class=\"s2\">en <\/span>sant\u00e9 au naturel au service du bien-\u00eatre<\/a><\/span><\/p>\n<ul>\n<li><strong>\u00c9dition 2023<\/strong><\/li>\n<\/ul>\n<p><span style=\"color: #165e6c;\"><a style=\"color: #165e6c;\" href=\"https:\/\/www.salon-medecinedouce.com\/lyon\/wp-content\/uploads\/sites\/12\/2023\/03\/CP-BEMD-Lyon-2023_compressed.pdf\" target=\"_blank\" rel=\"noopener\">&gt;&gt; Communiqu\u00e9 de presse du salon Bien-\u00catre M\u00e9decine Douce Lyon 2023<\/a><\/span><\/p>\n<ul>\n<li><strong>\u00c9dition 2022<\/strong><\/li>\n<\/ul>\n<p><span style=\"color: #165e6c;\"><a style=\"color: #165e6c;\" href=\"https:\/\/www.salon-medecinedouce.com\/lyon\/wp-content\/uploads\/sites\/12\/2021\/11\/CP-BEMD-2022-Lyon-agenda_181121.pdf\" target=\"_blank\" rel=\"noopener\">&gt;&gt; Communiqu\u00e9 de presse du salon Bien-\u00catre M\u00e9decine Douce Lyon 2022 : 3 jours pour se faire plaisir, se laisser surprendre, et (re)d\u00e9couvrir les m\u00e9decines compl\u00e9mentaires<\/a> &#8211; 25 novembre 2021<\/span><\/p>\n<p><span style=\"color: #165e6c;\"><a style=\"color: #165e6c;\" href=\"https:\/\/www.salon-medecinedouce.com\/lyon\/wp-content\/uploads\/sites\/12\/2022\/01\/CP-BEMD-LYON-2022-conf-et-forum-au-naturel.pdf\" target=\"_blank\" rel=\"noopener\">&gt;&gt; Communiqu\u00e9 de presse du salon Bien-\u00catre M\u00e9decine Douce Lyon 2022 : Le programme des conf\u00e9rences et des ateliers<\/a> &#8211; 13 janvier 2022<\/span><\/p>\n<p><span style=\"color: #165e6c;\"><a style=\"color: #165e6c;\" href=\"https:\/\/www.salon-medecinedouce.com\/lyon\/wp-content\/uploads\/sites\/12\/2022\/01\/BEMD-LYON-2022-_-6-bonnes-raisons-de-venir-au-salon.pdf\" target=\"_blank\" rel=\"noopener\">&gt;&gt; Communiqu\u00e9 de presse du salon Bien-\u00catre M\u00e9decine Douce Lyon 2022 : 6 bonnes raisons pour venir au salon<\/a> &#8211; 25 janvier 2022<\/span><\/p>\n<p><span style=\"color: #165e6c;\"><a style=\"color: #165e6c;\" href=\"https:\/\/www.salon-medecinedouce.com\/lyon\/wp-content\/uploads\/sites\/12\/2022\/01\/DP-SALON-BEMD-LYON-2022.pdf\" target=\"_blank\" rel=\"noopener\">&gt;&gt; Dossier de Presse du salon Bien-\u00catre M\u00e9decine Douce Lyon 2022<\/a> &#8211; 26 janvier 2022<\/span><\/p>\n<h3><span style=\"color: #165e6c;\">Relations Presse<\/span><\/h3>\n<table style=\"width: 69.0909%;\">\n<tbody>\n<tr>\n<td style=\"width: 31.2121%;\" width=\"232\">\n<p>&nbsp;<\/p>\n<p>CONTACT :<\/p>\n<p>&nbsp;<\/p>\n<p>&nbsp;<\/p>\n<\/td>\n<td style=\"width: 36.8182%;\" width=\"232\">\n<p>&nbsp;<\/p>\n<p>Sophie MAZZOLENI<\/p>\n<p><span style=\"color: #000000;\"><a style=\"color: #000000;\" href=\"mailto:smazzoleni@spas-expo.com\">smazzoleni@spas-expo.com<\/a><\/span><\/p>\n<p>&nbsp;<\/p>\n<\/td>\n<td style=\"width: 1.51515%;\" width=\"232\">\n<p>&nbsp;<\/p>\n<p>&nbsp;<\/p>\n<\/td>\n<\/tr>\n<\/tbody>\n<\/table>\n<h3>\u00a0<\/h3>\n<p class=\"p1\">\u00a0<\/p>\n<h3>\n<\/h3>\n<div class=\"salon-pubs-hp-bas-de-page salon-entity-placement\" id=\"salon-3669145118\"><div id=\"salon-2984943882\"><a data-no-instant=\"1\" href=\"https:\/\/www.naia-kaolin-delphine.fr\/\" rel=\"noopener\" class=\"a2t-link\" target=\"_blank\"><p><a href=\"https:\/\/www.naia-kaolin-delphine.fr\/\"><img loading=\"lazy\" decoding=\"async\" class=\"wp-image-15074 size-full aligncenter\" src=\"https:\/\/www.salon-medecinedouce.com\/lyon\/wp-content\/uploads\/sites\/12\/2026\/01\/Naia-Kaolin-salon-LYON-2026.png\" alt=\"\" width=\"728\" height=\"90\" srcset=\"https:\/\/www.salon-medecinedouce.com\/lyon\/wp-content\/uploads\/sites\/12\/2026\/01\/Naia-Kaolin-salon-LYON-2026.png 728w, https:\/\/www.salon-medecinedouce.com\/lyon\/wp-content\/uploads\/sites\/12\/2026\/01\/Naia-Kaolin-salon-LYON-2026-300x37.png 300w, https:\/\/www.salon-medecinedouce.com\/lyon\/wp-content\/uploads\/sites\/12\/2026\/01\/Naia-Kaolin-salon-LYON-2026-150x19.png 150w, https:\/\/www.salon-medecinedouce.com\/lyon\/wp-content\/uploads\/sites\/12\/2026\/01\/Naia-Kaolin-salon-LYON-2026-500x62.png 500w\" sizes=\"(max-width: 728px) 100vw, 728px\" \/><\/a><\/p>\n<\/a><\/div><\/div>","protected":false},"excerpt":{"rendered":"<p>Bienvenue dans l&rsquo;espace presse du salon Bien-\u00eatre M\u00e9decine Douce Lyon T\u00e9l\u00e9chargez les visuels du salon pour vos usages d&rsquo;impression et de communication ainsi que les dossiers de presse au format .jpg ou .pdf Affiche A4 Logo\u00a0 Banni\u00e8re web 300&#215;600 Banni\u00e8re web 300&#215;250 Banni\u00e8re web \u00ab\u00a0Entr\u00e9e gratuite\u00a0\u00bb 728&#215;90 \u00a0 Banni\u00e8re mobile 580&#215;250 \u00a0 Consultez les Communiqu\u00e9s&hellip; <\/p>\n","protected":false},"author":1,"featured_media":0,"parent":2091,"menu_order":2,"comment_status":"closed","ping_status":"closed","template":"","meta":{"_monsterinsights_skip_tracking":false,"_monsterinsights_sitenote_active":false,"_monsterinsights_sitenote_note":"","_monsterinsights_sitenote_category":0,"footnotes":""},"class_list":["post-2458","page","type-page","status-publish","hentry"],"yoast_head":"<!-- This site is optimized with the Yoast SEO plugin v27.3 - https:\/\/yoast.com\/product\/yoast-seo-wordpress\/ -->\n<title>Espace presse - Bien-\u00eatre Lyon<\/title>\n<meta name=\"description\" content=\"Bienvenue dans l&#039;espace presse du salon Bien-\u00eatre M\u00e9decine Douce. Ici vous pouvez t\u00e9l\u00e9charger les visuels du salon pour vos usages d&#039;impression et de communication\" \/>\n<meta name=\"robots\" content=\"index, follow, max-snippet:-1, max-image-preview:large, max-video-preview:-1\" \/>\n<link rel=\"canonical\" href=\"https:\/\/www.salon-medecinedouce.com\/lyon\/presse-partenaires\/espace-presse\/\" \/>\n<meta property=\"og:locale\" content=\"fr_FR\" \/>\n<meta property=\"og:type\" content=\"article\" \/>\n<meta property=\"og:title\" content=\"Espace presse - Bien-\u00eatre Lyon\" \/>\n<meta property=\"og:description\" content=\"Bienvenue dans l&#039;espace presse du salon Bien-\u00eatre M\u00e9decine Douce. Ici vous pouvez t\u00e9l\u00e9charger les visuels du salon pour vos usages d&#039;impression et de communication\" \/>\n<meta property=\"og:url\" content=\"https:\/\/www.salon-medecinedouce.com\/lyon\/presse-partenaires\/espace-presse\/\" \/>\n<meta property=\"og:site_name\" content=\"Bien-\u00eatre Lyon\" \/>\n<meta property=\"article:modified_time\" content=\"2025-12-02T15:47:19+00:00\" \/>\n<meta property=\"og:image\" content=\"https:\/\/www.salon-medecinedouce.com\/lyon\/wp-content\/uploads\/sites\/12\/2025\/05\/BE26-LYON-AFFICHE-A4_page-0001.jpg\" \/>\n\t<meta property=\"og:image:width\" content=\"1241\" \/>\n\t<meta property=\"og:image:height\" content=\"1754\" \/>\n\t<meta property=\"og:image:type\" content=\"image\/jpeg\" \/>\n<meta name=\"twitter:card\" content=\"summary_large_image\" \/>\n<meta name=\"twitter:label1\" content=\"Dur\u00e9e de lecture estim\u00e9e\" \/>\n\t<meta name=\"twitter:data1\" content=\"3 minutes\" \/>\n<script type=\"application\/ld+json\" class=\"yoast-schema-graph\">{\"@context\":\"https:\\\/\\\/schema.org\",\"@graph\":[{\"@type\":\"WebPage\",\"@id\":\"https:\\\/\\\/www.salon-medecinedouce.com\\\/lyon\\\/presse-partenaires\\\/espace-presse\\\/\",\"url\":\"https:\\\/\\\/www.salon-medecinedouce.com\\\/lyon\\\/presse-partenaires\\\/espace-presse\\\/\",\"name\":\"Espace presse - Bien-\u00eatre Lyon\",\"isPartOf\":{\"@id\":\"https:\\\/\\\/www.salon-medecinedouce.com\\\/lyon\\\/#website\"},\"primaryImageOfPage\":{\"@id\":\"https:\\\/\\\/www.salon-medecinedouce.com\\\/lyon\\\/presse-partenaires\\\/espace-presse\\\/#primaryimage\"},\"image\":{\"@id\":\"https:\\\/\\\/www.salon-medecinedouce.com\\\/lyon\\\/presse-partenaires\\\/espace-presse\\\/#primaryimage\"},\"thumbnailUrl\":\"https:\\\/\\\/www.salon-medecinedouce.com\\\/lyon\\\/wp-content\\\/uploads\\\/sites\\\/12\\\/2025\\\/05\\\/BE26-LYON-AFFICHE-A4_page-0001.jpg\",\"datePublished\":\"2024-06-26T07:00:20+00:00\",\"dateModified\":\"2025-12-02T15:47:19+00:00\",\"description\":\"Bienvenue dans l'espace presse du salon Bien-\u00eatre M\u00e9decine Douce. Ici vous pouvez t\u00e9l\u00e9charger les visuels du salon pour vos usages d'impression et de communication\",\"breadcrumb\":{\"@id\":\"https:\\\/\\\/www.salon-medecinedouce.com\\\/lyon\\\/presse-partenaires\\\/espace-presse\\\/#breadcrumb\"},\"inLanguage\":\"fr-FR\",\"potentialAction\":[{\"@type\":\"ReadAction\",\"target\":[\"https:\\\/\\\/www.salon-medecinedouce.com\\\/lyon\\\/presse-partenaires\\\/espace-presse\\\/\"]}]},{\"@type\":\"ImageObject\",\"inLanguage\":\"fr-FR\",\"@id\":\"https:\\\/\\\/www.salon-medecinedouce.com\\\/lyon\\\/presse-partenaires\\\/espace-presse\\\/#primaryimage\",\"url\":\"https:\\\/\\\/www.salon-medecinedouce.com\\\/lyon\\\/wp-content\\\/uploads\\\/sites\\\/12\\\/2025\\\/05\\\/BE26-LYON-AFFICHE-A4_page-0001.jpg\",\"contentUrl\":\"https:\\\/\\\/www.salon-medecinedouce.com\\\/lyon\\\/wp-content\\\/uploads\\\/sites\\\/12\\\/2025\\\/05\\\/BE26-LYON-AFFICHE-A4_page-0001.jpg\",\"width\":1241,\"height\":1754},{\"@type\":\"BreadcrumbList\",\"@id\":\"https:\\\/\\\/www.salon-medecinedouce.com\\\/lyon\\\/presse-partenaires\\\/espace-presse\\\/#breadcrumb\",\"itemListElement\":[{\"@type\":\"ListItem\",\"position\":1,\"name\":\"Accueil\",\"item\":\"https:\\\/\\\/www.salon-medecinedouce.com\\\/lyon\\\/\"},{\"@type\":\"ListItem\",\"position\":2,\"name\":\"Presse\\\/partenaires\",\"item\":\"https:\\\/\\\/www.salon-medecinedouce.com\\\/lyon\\\/presse-partenaires\\\/\"},{\"@type\":\"ListItem\",\"position\":3,\"name\":\"Espace presse\"}]},{\"@type\":\"WebSite\",\"@id\":\"https:\\\/\\\/www.salon-medecinedouce.com\\\/lyon\\\/#website\",\"url\":\"https:\\\/\\\/www.salon-medecinedouce.com\\\/lyon\\\/\",\"name\":\"Bien-\u00eatre Lyon\",\"description\":\"La sant\u00e9 au naturel : M\u00e9decines douces - Compl\u00e9ments alimentaires - Alimentation saine - Cosm\u00e9tiques naturelles - Art de vivre - Tourisme de sant\u00e9\",\"publisher\":{\"@id\":\"https:\\\/\\\/www.salon-medecinedouce.com\\\/lyon\\\/#organization\"},\"potentialAction\":[{\"@type\":\"SearchAction\",\"target\":{\"@type\":\"EntryPoint\",\"urlTemplate\":\"https:\\\/\\\/www.salon-medecinedouce.com\\\/lyon\\\/?s={search_term_string}\"},\"query-input\":{\"@type\":\"PropertyValueSpecification\",\"valueRequired\":true,\"valueName\":\"search_term_string\"}}],\"inLanguage\":\"fr-FR\"},{\"@type\":\"Organization\",\"@id\":\"https:\\\/\\\/www.salon-medecinedouce.com\\\/lyon\\\/#organization\",\"name\":\"Bien-\u00eatre Lyon\",\"url\":\"https:\\\/\\\/www.salon-medecinedouce.com\\\/lyon\\\/\",\"logo\":{\"@type\":\"ImageObject\",\"inLanguage\":\"fr-FR\",\"@id\":\"https:\\\/\\\/www.salon-medecinedouce.com\\\/lyon\\\/#\\\/schema\\\/logo\\\/image\\\/\",\"url\":\"https:\\\/\\\/www.salon-medecinedouce.com\\\/lyon\\\/wp-content\\\/uploads\\\/sites\\\/12\\\/2024\\\/05\\\/cropped-logo-orange-bemd.png\",\"contentUrl\":\"https:\\\/\\\/www.salon-medecinedouce.com\\\/lyon\\\/wp-content\\\/uploads\\\/sites\\\/12\\\/2024\\\/05\\\/cropped-logo-orange-bemd.png\",\"width\":591,\"height\":591,\"caption\":\"Bien-\u00eatre Lyon\"},\"image\":{\"@id\":\"https:\\\/\\\/www.salon-medecinedouce.com\\\/lyon\\\/#\\\/schema\\\/logo\\\/image\\\/\"}}]}<\/script>\n<!-- \/ Yoast SEO plugin. -->","yoast_head_json":{"title":"Espace presse - Bien-\u00eatre Lyon","description":"Bienvenue dans l'espace presse du salon Bien-\u00eatre M\u00e9decine Douce. Ici vous pouvez t\u00e9l\u00e9charger les visuels du salon pour vos usages d'impression et de communication","robots":{"index":"index","follow":"follow","max-snippet":"max-snippet:-1","max-image-preview":"max-image-preview:large","max-video-preview":"max-video-preview:-1"},"canonical":"https:\/\/www.salon-medecinedouce.com\/lyon\/presse-partenaires\/espace-presse\/","og_locale":"fr_FR","og_type":"article","og_title":"Espace presse - Bien-\u00eatre Lyon","og_description":"Bienvenue dans l'espace presse du salon Bien-\u00eatre M\u00e9decine Douce. Ici vous pouvez t\u00e9l\u00e9charger les visuels du salon pour vos usages d'impression et de communication","og_url":"https:\/\/www.salon-medecinedouce.com\/lyon\/presse-partenaires\/espace-presse\/","og_site_name":"Bien-\u00eatre Lyon","article_modified_time":"2025-12-02T15:47:19+00:00","og_image":[{"width":1241,"height":1754,"url":"https:\/\/www.salon-medecinedouce.com\/lyon\/wp-content\/uploads\/sites\/12\/2025\/05\/BE26-LYON-AFFICHE-A4_page-0001.jpg","type":"image\/jpeg"}],"twitter_card":"summary_large_image","twitter_misc":{"Dur\u00e9e de lecture estim\u00e9e":"3 minutes"},"schema":{"@context":"https:\/\/schema.org","@graph":[{"@type":"WebPage","@id":"https:\/\/www.salon-medecinedouce.com\/lyon\/presse-partenaires\/espace-presse\/","url":"https:\/\/www.salon-medecinedouce.com\/lyon\/presse-partenaires\/espace-presse\/","name":"Espace presse - Bien-\u00eatre Lyon","isPartOf":{"@id":"https:\/\/www.salon-medecinedouce.com\/lyon\/#website"},"primaryImageOfPage":{"@id":"https:\/\/www.salon-medecinedouce.com\/lyon\/presse-partenaires\/espace-presse\/#primaryimage"},"image":{"@id":"https:\/\/www.salon-medecinedouce.com\/lyon\/presse-partenaires\/espace-presse\/#primaryimage"},"thumbnailUrl":"https:\/\/www.salon-medecinedouce.com\/lyon\/wp-content\/uploads\/sites\/12\/2025\/05\/BE26-LYON-AFFICHE-A4_page-0001.jpg","datePublished":"2024-06-26T07:00:20+00:00","dateModified":"2025-12-02T15:47:19+00:00","description":"Bienvenue dans l'espace presse du salon Bien-\u00eatre M\u00e9decine Douce. Ici vous pouvez t\u00e9l\u00e9charger les visuels du salon pour vos usages d'impression et de communication","breadcrumb":{"@id":"https:\/\/www.salon-medecinedouce.com\/lyon\/presse-partenaires\/espace-presse\/#breadcrumb"},"inLanguage":"fr-FR","potentialAction":[{"@type":"ReadAction","target":["https:\/\/www.salon-medecinedouce.com\/lyon\/presse-partenaires\/espace-presse\/"]}]},{"@type":"ImageObject","inLanguage":"fr-FR","@id":"https:\/\/www.salon-medecinedouce.com\/lyon\/presse-partenaires\/espace-presse\/#primaryimage","url":"https:\/\/www.salon-medecinedouce.com\/lyon\/wp-content\/uploads\/sites\/12\/2025\/05\/BE26-LYON-AFFICHE-A4_page-0001.jpg","contentUrl":"https:\/\/www.salon-medecinedouce.com\/lyon\/wp-content\/uploads\/sites\/12\/2025\/05\/BE26-LYON-AFFICHE-A4_page-0001.jpg","width":1241,"height":1754},{"@type":"BreadcrumbList","@id":"https:\/\/www.salon-medecinedouce.com\/lyon\/presse-partenaires\/espace-presse\/#breadcrumb","itemListElement":[{"@type":"ListItem","position":1,"name":"Accueil","item":"https:\/\/www.salon-medecinedouce.com\/lyon\/"},{"@type":"ListItem","position":2,"name":"Presse\/partenaires","item":"https:\/\/www.salon-medecinedouce.com\/lyon\/presse-partenaires\/"},{"@type":"ListItem","position":3,"name":"Espace presse"}]},{"@type":"WebSite","@id":"https:\/\/www.salon-medecinedouce.com\/lyon\/#website","url":"https:\/\/www.salon-medecinedouce.com\/lyon\/","name":"Bien-\u00eatre Lyon","description":"La sant\u00e9 au naturel : M\u00e9decines douces - Compl\u00e9ments alimentaires - Alimentation saine - Cosm\u00e9tiques naturelles - Art de vivre - Tourisme de sant\u00e9","publisher":{"@id":"https:\/\/www.salon-medecinedouce.com\/lyon\/#organization"},"potentialAction":[{"@type":"SearchAction","target":{"@type":"EntryPoint","urlTemplate":"https:\/\/www.salon-medecinedouce.com\/lyon\/?s={search_term_string}"},"query-input":{"@type":"PropertyValueSpecification","valueRequired":true,"valueName":"search_term_string"}}],"inLanguage":"fr-FR"},{"@type":"Organization","@id":"https:\/\/www.salon-medecinedouce.com\/lyon\/#organization","name":"Bien-\u00eatre Lyon","url":"https:\/\/www.salon-medecinedouce.com\/lyon\/","logo":{"@type":"ImageObject","inLanguage":"fr-FR","@id":"https:\/\/www.salon-medecinedouce.com\/lyon\/#\/schema\/logo\/image\/","url":"https:\/\/www.salon-medecinedouce.com\/lyon\/wp-content\/uploads\/sites\/12\/2024\/05\/cropped-logo-orange-bemd.png","contentUrl":"https:\/\/www.salon-medecinedouce.com\/lyon\/wp-content\/uploads\/sites\/12\/2024\/05\/cropped-logo-orange-bemd.png","width":591,"height":591,"caption":"Bien-\u00eatre Lyon"},"image":{"@id":"https:\/\/www.salon-medecinedouce.com\/lyon\/#\/schema\/logo\/image\/"}}]}},"rttpg_featured_image_url":null,"rttpg_author":{"display_name":"admin","author_link":"https:\/\/www.salon-medecinedouce.com\/lyon\/author\/admin\/"},"rttpg_comment":0,"rttpg_category":false,"rttpg_excerpt":"Bienvenue dans l&rsquo;espace presse du salon Bien-\u00eatre M\u00e9decine Douce Lyon T\u00e9l\u00e9chargez les visuels du salon pour vos usages d&rsquo;impression et de communication ainsi que les dossiers de presse au format .jpg ou .pdf Affiche A4 Logo\u00a0 Banni\u00e8re web 300&#215;600 Banni\u00e8re web 300&#215;250 Banni\u00e8re web \u00ab\u00a0Entr\u00e9e gratuite\u00a0\u00bb 728&#215;90 \u00a0 Banni\u00e8re mobile 580&#215;250 \u00a0 Consultez les Communiqu\u00e9s&hellip;","_links":{"self":[{"href":"https:\/\/www.salon-medecinedouce.com\/lyon\/wp-json\/wp\/v2\/pages\/2458","targetHints":{"allow":["GET"]}}],"collection":[{"href":"https:\/\/www.salon-medecinedouce.com\/lyon\/wp-json\/wp\/v2\/pages"}],"about":[{"href":"https:\/\/www.salon-medecinedouce.com\/lyon\/wp-json\/wp\/v2\/types\/page"}],"author":[{"embeddable":true,"href":"https:\/\/www.salon-medecinedouce.com\/lyon\/wp-json\/wp\/v2\/users\/1"}],"replies":[{"embeddable":true,"href":"https:\/\/www.salon-medecinedouce.com\/lyon\/wp-json\/wp\/v2\/comments?post=2458"}],"version-history":[{"count":77,"href":"https:\/\/www.salon-medecinedouce.com\/lyon\/wp-json\/wp\/v2\/pages\/2458\/revisions"}],"predecessor-version":[{"id":14403,"href":"https:\/\/www.salon-medecinedouce.com\/lyon\/wp-json\/wp\/v2\/pages\/2458\/revisions\/14403"}],"up":[{"embeddable":true,"href":"https:\/\/www.salon-medecinedouce.com\/lyon\/wp-json\/wp\/v2\/pages\/2091"}],"wp:attachment":[{"href":"https:\/\/www.salon-medecinedouce.com\/lyon\/wp-json\/wp\/v2\/media?parent=2458"}],"curies":[{"name":"wp","href":"https:\/\/api.w.org\/{rel}","templated":true}]}}