{"id":2448,"date":"2017-01-24T14:17:48","date_gmt":"2017-01-24T13:17:48","guid":{"rendered":"http:\/\/localhost:8888\/zen\/?page_id=2448"},"modified":"2025-11-28T11:28:47","modified_gmt":"2025-11-28T10:28:47","slug":"contacts-exposants","status":"publish","type":"page","link":"https:\/\/www.salon-medecinedouce.com\/lyon\/exposants\/contacts-exposants\/","title":{"rendered":"Contacts exposants"},"content":{"rendered":"<p>Vous souhaitez exposer sur la prochaine \u00e9dition du salon Bien-\u00eatre M\u00e9decine douce Lyon ? Merci d&rsquo;effectuer votre demande de dossier d&rsquo;inscription disponible sur <a href=\"http:\/\/www.salon-medecinedouce.com\/lyon\/NEW-be\/?page_id=2440\">ce lien<\/a>.<\/p>\n<hr \/>\n<h3><span style=\"color: #165e6c;\">CONTACT :<\/span><\/h3>\n<p style=\"font-weight: 400;\"><strong>Juliette Cardot<\/strong><br \/>\nResponsable Commerciale<br \/>\n01 77 37 63 49<br \/>\n<a href=\"mailto:jcardot@spas-expo.com\">jcardot@spas-expo.com<\/a><\/p>\n<p style=\"font-weight: 400;\"><strong>Armele Lepage<\/strong><br \/>\nAttach\u00e9e Commerciale<br \/>\n01 77 37 63 41<br \/>\n<a href=\"mailto:alepage@spas-expo.com\">alepage@spas-expo.com<\/a><\/p>\n<p style=\"font-weight: 400;\"><strong>Maxens Bachelard<\/strong><br \/>\nAttach\u00e9 Commercial<br \/>\n01 77 37 63 68<br \/>\n<a href=\"mailto:mbachelard@spas-expo.com\">mbachelard@spas-expo.com<\/a><\/p>\n<p style=\"font-weight: 400;\"><strong>Vadhana Khath<\/strong><br \/>\nDirecteur du salon<br \/>\n01 77 37 63 40<br \/>\n<a href=\"mailto:vkhath@spas-expo.com\">vkhath@spas-expo.com<\/a><\/p>\n<p style=\"font-weight: 400;\"><strong>Karelle Geyer<\/strong><br \/>\nDirectrice du P\u00f4le Bien-\u00eatre<br \/>\n<a href=\"mailto:kgeyer@spas-expo.com\">kgeyer@spas-expo.com<\/a><\/p>\n<p><strong> Spas Organisation<\/strong><br \/>\n83-87 rue de Paris<br \/>\nCS 90001<br \/>\n92100 Boulogne Billancourt Cedex <br \/>\nT\u00e9l. : 01 45 56 09 09<br \/>\n<a href=\"mailto:exposant@salon-medecinedouce.com\">exposant@salon-medecinedouce.com<\/a><\/p>\n<div class=\"salon-pubs-hp-bas-de-page salon-entity-placement\" id=\"salon-2441292512\"><div id=\"salon-1309365933\"><a data-no-instant=\"1\" href=\"https:\/\/www.adntv.fr\/home?request_origin=tv_app\" rel=\"noopener\" class=\"a2t-link\" target=\"_blank\"><p><a href=\"https:\/\/www.adntv.fr\/home?request_origin=tv_app\"><img fetchpriority=\"high\" decoding=\"async\" class=\"wp-image-15075  aligncenter\" src=\"https:\/\/www.salon-medecinedouce.com\/lyon\/wp-content\/uploads\/sites\/12\/2021\/12\/ADNTV_BANNIERE_.jpg\" alt=\"\" width=\"515\" height=\"196\" srcset=\"https:\/\/www.salon-medecinedouce.com\/lyon\/wp-content\/uploads\/sites\/12\/2021\/12\/ADNTV_BANNIERE_.jpg 820w, https:\/\/www.salon-medecinedouce.com\/lyon\/wp-content\/uploads\/sites\/12\/2021\/12\/ADNTV_BANNIERE_-300x114.jpg 300w, https:\/\/www.salon-medecinedouce.com\/lyon\/wp-content\/uploads\/sites\/12\/2021\/12\/ADNTV_BANNIERE_-768x292.jpg 768w, https:\/\/www.salon-medecinedouce.com\/lyon\/wp-content\/uploads\/sites\/12\/2021\/12\/ADNTV_BANNIERE_-150x57.jpg 150w, https:\/\/www.salon-medecinedouce.com\/lyon\/wp-content\/uploads\/sites\/12\/2021\/12\/ADNTV_BANNIERE_-500x190.jpg 500w\" sizes=\"(max-width: 515px) 100vw, 515px\" \/><\/a><\/p>\n<\/a><\/div><\/div>","protected":false},"excerpt":{"rendered":"<p>Vous souhaitez exposer sur la prochaine \u00e9dition du salon Bien-\u00eatre M\u00e9decine douce Lyon ? Merci d&rsquo;effectuer votre demande de dossier d&rsquo;inscription disponible sur ce lien. CONTACT : Juliette Cardot Responsable Commerciale 01 77 37 63 49 jcardot@spas-expo.com Armele Lepage Attach\u00e9e Commerciale 01 77 37 63 41 alepage@spas-expo.com Maxens Bachelard Attach\u00e9 Commercial 01 77 37 63&hellip; <\/p>\n","protected":false},"author":1,"featured_media":0,"parent":2087,"menu_order":5,"comment_status":"closed","ping_status":"closed","template":"","meta":{"_monsterinsights_skip_tracking":false,"_monsterinsights_sitenote_active":false,"_monsterinsights_sitenote_note":"","_monsterinsights_sitenote_category":0,"footnotes":""},"class_list":["post-2448","page","type-page","status-publish","hentry"],"yoast_head":"<!-- This site is optimized with the Yoast SEO plugin v27.3 - https:\/\/yoast.com\/product\/yoast-seo-wordpress\/ -->\n<title>Contacts exposants - Bien-\u00eatre Lyon<\/title>\n<meta name=\"description\" content=\"Vous souhaitez exposer sur la prochaine \u00e9dition du salon\u00a0Bien-\u00eatre M\u00e9decine douce Lyon ? Effectuez votre demande de dossier d&#039;inscription.\" \/>\n<meta name=\"robots\" content=\"index, follow, max-snippet:-1, max-image-preview:large, max-video-preview:-1\" \/>\n<link rel=\"canonical\" href=\"https:\/\/www.salon-medecinedouce.com\/lyon\/exposants\/contacts-exposants\/\" \/>\n<meta property=\"og:locale\" content=\"fr_FR\" \/>\n<meta property=\"og:type\" content=\"article\" \/>\n<meta property=\"og:title\" content=\"Contacts exposants - Bien-\u00eatre Lyon\" \/>\n<meta property=\"og:description\" content=\"Vous souhaitez exposer sur la prochaine \u00e9dition du salon\u00a0Bien-\u00eatre M\u00e9decine douce Lyon ? Effectuez votre demande de dossier d&#039;inscription.\" \/>\n<meta property=\"og:url\" content=\"https:\/\/www.salon-medecinedouce.com\/lyon\/exposants\/contacts-exposants\/\" \/>\n<meta property=\"og:site_name\" content=\"Bien-\u00eatre Lyon\" \/>\n<meta property=\"article:modified_time\" content=\"2025-11-28T10:28:47+00:00\" \/>\n<meta name=\"twitter:card\" content=\"summary_large_image\" \/>\n<meta name=\"twitter:label1\" content=\"Dur\u00e9e de lecture estim\u00e9e\" \/>\n\t<meta name=\"twitter:data1\" content=\"1 minute\" \/>\n<script type=\"application\/ld+json\" class=\"yoast-schema-graph\">{\"@context\":\"https:\\\/\\\/schema.org\",\"@graph\":[{\"@type\":\"WebPage\",\"@id\":\"https:\\\/\\\/www.salon-medecinedouce.com\\\/lyon\\\/exposants\\\/contacts-exposants\\\/\",\"url\":\"https:\\\/\\\/www.salon-medecinedouce.com\\\/lyon\\\/exposants\\\/contacts-exposants\\\/\",\"name\":\"Contacts exposants - Bien-\u00eatre Lyon\",\"isPartOf\":{\"@id\":\"https:\\\/\\\/www.salon-medecinedouce.com\\\/lyon\\\/#website\"},\"datePublished\":\"2017-01-24T13:17:48+00:00\",\"dateModified\":\"2025-11-28T10:28:47+00:00\",\"description\":\"Vous souhaitez exposer sur la prochaine \u00e9dition du salon\u00a0Bien-\u00eatre M\u00e9decine douce Lyon ? Effectuez votre demande de dossier d'inscription.\",\"breadcrumb\":{\"@id\":\"https:\\\/\\\/www.salon-medecinedouce.com\\\/lyon\\\/exposants\\\/contacts-exposants\\\/#breadcrumb\"},\"inLanguage\":\"fr-FR\",\"potentialAction\":[{\"@type\":\"ReadAction\",\"target\":[\"https:\\\/\\\/www.salon-medecinedouce.com\\\/lyon\\\/exposants\\\/contacts-exposants\\\/\"]}]},{\"@type\":\"BreadcrumbList\",\"@id\":\"https:\\\/\\\/www.salon-medecinedouce.com\\\/lyon\\\/exposants\\\/contacts-exposants\\\/#breadcrumb\",\"itemListElement\":[{\"@type\":\"ListItem\",\"position\":1,\"name\":\"Accueil\",\"item\":\"https:\\\/\\\/www.salon-medecinedouce.com\\\/lyon\\\/\"},{\"@type\":\"ListItem\",\"position\":2,\"name\":\"Exposer sur le salon\",\"item\":\"https:\\\/\\\/www.salon-medecinedouce.com\\\/lyon\\\/exposants\\\/\"},{\"@type\":\"ListItem\",\"position\":3,\"name\":\"Contacts exposants\"}]},{\"@type\":\"WebSite\",\"@id\":\"https:\\\/\\\/www.salon-medecinedouce.com\\\/lyon\\\/#website\",\"url\":\"https:\\\/\\\/www.salon-medecinedouce.com\\\/lyon\\\/\",\"name\":\"Bien-\u00eatre Lyon\",\"description\":\"La sant\u00e9 au naturel : M\u00e9decines douces - Compl\u00e9ments alimentaires - Alimentation saine - Cosm\u00e9tiques naturelles - Art de vivre - Tourisme de sant\u00e9\",\"publisher\":{\"@id\":\"https:\\\/\\\/www.salon-medecinedouce.com\\\/lyon\\\/#organization\"},\"potentialAction\":[{\"@type\":\"SearchAction\",\"target\":{\"@type\":\"EntryPoint\",\"urlTemplate\":\"https:\\\/\\\/www.salon-medecinedouce.com\\\/lyon\\\/?s={search_term_string}\"},\"query-input\":{\"@type\":\"PropertyValueSpecification\",\"valueRequired\":true,\"valueName\":\"search_term_string\"}}],\"inLanguage\":\"fr-FR\"},{\"@type\":\"Organization\",\"@id\":\"https:\\\/\\\/www.salon-medecinedouce.com\\\/lyon\\\/#organization\",\"name\":\"Bien-\u00eatre Lyon\",\"url\":\"https:\\\/\\\/www.salon-medecinedouce.com\\\/lyon\\\/\",\"logo\":{\"@type\":\"ImageObject\",\"inLanguage\":\"fr-FR\",\"@id\":\"https:\\\/\\\/www.salon-medecinedouce.com\\\/lyon\\\/#\\\/schema\\\/logo\\\/image\\\/\",\"url\":\"https:\\\/\\\/www.salon-medecinedouce.com\\\/lyon\\\/wp-content\\\/uploads\\\/sites\\\/12\\\/2024\\\/05\\\/cropped-logo-orange-bemd.png\",\"contentUrl\":\"https:\\\/\\\/www.salon-medecinedouce.com\\\/lyon\\\/wp-content\\\/uploads\\\/sites\\\/12\\\/2024\\\/05\\\/cropped-logo-orange-bemd.png\",\"width\":591,\"height\":591,\"caption\":\"Bien-\u00eatre Lyon\"},\"image\":{\"@id\":\"https:\\\/\\\/www.salon-medecinedouce.com\\\/lyon\\\/#\\\/schema\\\/logo\\\/image\\\/\"}}]}<\/script>\n<!-- \/ Yoast SEO plugin. -->","yoast_head_json":{"title":"Contacts exposants - Bien-\u00eatre Lyon","description":"Vous souhaitez exposer sur la prochaine \u00e9dition du salon\u00a0Bien-\u00eatre M\u00e9decine douce Lyon ? Effectuez votre demande de dossier d'inscription.","robots":{"index":"index","follow":"follow","max-snippet":"max-snippet:-1","max-image-preview":"max-image-preview:large","max-video-preview":"max-video-preview:-1"},"canonical":"https:\/\/www.salon-medecinedouce.com\/lyon\/exposants\/contacts-exposants\/","og_locale":"fr_FR","og_type":"article","og_title":"Contacts exposants - Bien-\u00eatre Lyon","og_description":"Vous souhaitez exposer sur la prochaine \u00e9dition du salon\u00a0Bien-\u00eatre M\u00e9decine douce Lyon ? Effectuez votre demande de dossier d'inscription.","og_url":"https:\/\/www.salon-medecinedouce.com\/lyon\/exposants\/contacts-exposants\/","og_site_name":"Bien-\u00eatre Lyon","article_modified_time":"2025-11-28T10:28:47+00:00","twitter_card":"summary_large_image","twitter_misc":{"Dur\u00e9e de lecture estim\u00e9e":"1 minute"},"schema":{"@context":"https:\/\/schema.org","@graph":[{"@type":"WebPage","@id":"https:\/\/www.salon-medecinedouce.com\/lyon\/exposants\/contacts-exposants\/","url":"https:\/\/www.salon-medecinedouce.com\/lyon\/exposants\/contacts-exposants\/","name":"Contacts exposants - Bien-\u00eatre Lyon","isPartOf":{"@id":"https:\/\/www.salon-medecinedouce.com\/lyon\/#website"},"datePublished":"2017-01-24T13:17:48+00:00","dateModified":"2025-11-28T10:28:47+00:00","description":"Vous souhaitez exposer sur la prochaine \u00e9dition du salon\u00a0Bien-\u00eatre M\u00e9decine douce Lyon ? Effectuez votre demande de dossier d'inscription.","breadcrumb":{"@id":"https:\/\/www.salon-medecinedouce.com\/lyon\/exposants\/contacts-exposants\/#breadcrumb"},"inLanguage":"fr-FR","potentialAction":[{"@type":"ReadAction","target":["https:\/\/www.salon-medecinedouce.com\/lyon\/exposants\/contacts-exposants\/"]}]},{"@type":"BreadcrumbList","@id":"https:\/\/www.salon-medecinedouce.com\/lyon\/exposants\/contacts-exposants\/#breadcrumb","itemListElement":[{"@type":"ListItem","position":1,"name":"Accueil","item":"https:\/\/www.salon-medecinedouce.com\/lyon\/"},{"@type":"ListItem","position":2,"name":"Exposer sur le salon","item":"https:\/\/www.salon-medecinedouce.com\/lyon\/exposants\/"},{"@type":"ListItem","position":3,"name":"Contacts exposants"}]},{"@type":"WebSite","@id":"https:\/\/www.salon-medecinedouce.com\/lyon\/#website","url":"https:\/\/www.salon-medecinedouce.com\/lyon\/","name":"Bien-\u00eatre Lyon","description":"La sant\u00e9 au naturel : M\u00e9decines douces - Compl\u00e9ments alimentaires - Alimentation saine - Cosm\u00e9tiques naturelles - Art de vivre - Tourisme de sant\u00e9","publisher":{"@id":"https:\/\/www.salon-medecinedouce.com\/lyon\/#organization"},"potentialAction":[{"@type":"SearchAction","target":{"@type":"EntryPoint","urlTemplate":"https:\/\/www.salon-medecinedouce.com\/lyon\/?s={search_term_string}"},"query-input":{"@type":"PropertyValueSpecification","valueRequired":true,"valueName":"search_term_string"}}],"inLanguage":"fr-FR"},{"@type":"Organization","@id":"https:\/\/www.salon-medecinedouce.com\/lyon\/#organization","name":"Bien-\u00eatre Lyon","url":"https:\/\/www.salon-medecinedouce.com\/lyon\/","logo":{"@type":"ImageObject","inLanguage":"fr-FR","@id":"https:\/\/www.salon-medecinedouce.com\/lyon\/#\/schema\/logo\/image\/","url":"https:\/\/www.salon-medecinedouce.com\/lyon\/wp-content\/uploads\/sites\/12\/2024\/05\/cropped-logo-orange-bemd.png","contentUrl":"https:\/\/www.salon-medecinedouce.com\/lyon\/wp-content\/uploads\/sites\/12\/2024\/05\/cropped-logo-orange-bemd.png","width":591,"height":591,"caption":"Bien-\u00eatre Lyon"},"image":{"@id":"https:\/\/www.salon-medecinedouce.com\/lyon\/#\/schema\/logo\/image\/"}}]}},"rttpg_featured_image_url":null,"rttpg_author":{"display_name":"admin","author_link":"https:\/\/www.salon-medecinedouce.com\/lyon\/author\/admin\/"},"rttpg_comment":0,"rttpg_category":false,"rttpg_excerpt":"Vous souhaitez exposer sur la prochaine \u00e9dition du salon Bien-\u00eatre M\u00e9decine douce Lyon ? Merci d&rsquo;effectuer votre demande de dossier d&rsquo;inscription disponible sur ce lien. CONTACT : Juliette Cardot Responsable Commerciale 01 77 37 63 49 jcardot@spas-expo.com Armele Lepage Attach\u00e9e Commerciale 01 77 37 63 41 alepage@spas-expo.com Maxens Bachelard Attach\u00e9 Commercial 01 77 37 63&hellip;","_links":{"self":[{"href":"https:\/\/www.salon-medecinedouce.com\/lyon\/wp-json\/wp\/v2\/pages\/2448","targetHints":{"allow":["GET"]}}],"collection":[{"href":"https:\/\/www.salon-medecinedouce.com\/lyon\/wp-json\/wp\/v2\/pages"}],"about":[{"href":"https:\/\/www.salon-medecinedouce.com\/lyon\/wp-json\/wp\/v2\/types\/page"}],"author":[{"embeddable":true,"href":"https:\/\/www.salon-medecinedouce.com\/lyon\/wp-json\/wp\/v2\/users\/1"}],"replies":[{"embeddable":true,"href":"https:\/\/www.salon-medecinedouce.com\/lyon\/wp-json\/wp\/v2\/comments?post=2448"}],"version-history":[{"count":19,"href":"https:\/\/www.salon-medecinedouce.com\/lyon\/wp-json\/wp\/v2\/pages\/2448\/revisions"}],"predecessor-version":[{"id":14395,"href":"https:\/\/www.salon-medecinedouce.com\/lyon\/wp-json\/wp\/v2\/pages\/2448\/revisions\/14395"}],"up":[{"embeddable":true,"href":"https:\/\/www.salon-medecinedouce.com\/lyon\/wp-json\/wp\/v2\/pages\/2087"}],"wp:attachment":[{"href":"https:\/\/www.salon-medecinedouce.com\/lyon\/wp-json\/wp\/v2\/media?parent=2448"}],"curies":[{"name":"wp","href":"https:\/\/api.w.org\/{rel}","templated":true}]}}