{"id":2442,"date":"2017-01-24T14:16:54","date_gmt":"2017-01-24T13:16:54","guid":{"rendered":"http:\/\/localhost:8888\/zen\/?page_id=2442"},"modified":"2025-11-28T11:23:52","modified_gmt":"2025-11-28T10:23:52","slug":"exposant_pub","status":"publish","type":"page","link":"https:\/\/www.salon-medecinedouce.com\/lyon\/exposants\/exposant_pub\/","title":{"rendered":"Pr\u00e9parez votre salon"},"content":{"rendered":"<h2><img fetchpriority=\"high\" decoding=\"async\" class=\"alignnone size-full wp-image-8282\" src=\"https:\/\/www.salon-medecinedouce.com\/lyon\/wp-content\/uploads\/sites\/12\/2019\/06\/AdobeStock_147099277.jpg\" alt=\"\" width=\"840\" height=\"250\" srcset=\"https:\/\/www.salon-medecinedouce.com\/lyon\/wp-content\/uploads\/sites\/12\/2019\/06\/AdobeStock_147099277.jpg 840w, https:\/\/www.salon-medecinedouce.com\/lyon\/wp-content\/uploads\/sites\/12\/2019\/06\/AdobeStock_147099277-300x89.jpg 300w, https:\/\/www.salon-medecinedouce.com\/lyon\/wp-content\/uploads\/sites\/12\/2019\/06\/AdobeStock_147099277-768x229.jpg 768w, https:\/\/www.salon-medecinedouce.com\/lyon\/wp-content\/uploads\/sites\/12\/2019\/06\/AdobeStock_147099277-150x45.jpg 150w, https:\/\/www.salon-medecinedouce.com\/lyon\/wp-content\/uploads\/sites\/12\/2019\/06\/AdobeStock_147099277-500x149.jpg 500w\" sizes=\"(max-width: 840px) 100vw, 840px\" \/><\/h2>\n<h2><span style=\"color: #165e6c;\">Optimisez votre participation et choisissez la solution de communication qui vous convient<\/span><\/h2>\n<p>Des solutions \u00e0 la carte adapt\u00e9es \u00e0 tous les budgets pour mettre en avant votre marque de mani\u00e8re puissante !<\/p>\n<p>&nbsp;<\/p>\n<h3><span style=\"color: #165e6c;\">R\u00e9server une publicit\u00e9<\/span><\/h3>\n<p>Pour pr\u00e9parer au mieux votre participation \u00e0 notre salon, nous vous proposons des solutions de communication sur mesure et personnalis\u00e9es pour vous permettre d&rsquo;\u00eatre visible AVANT, PENDANT ET APRES l&rsquo;\u00e9v\u00e9nement.<\/p>\n<p>&nbsp;<\/p>\n<h3><span style=\"color: #165e6c;\">Avant l&rsquo;\u00e9v\u00e9nement : cr\u00e9ez du lien<\/span><\/h3>\n<ul>\n<li>Sur le site du salon : banni\u00e8re interactive, logo dans la liste des exposants, publi-reportage &#8230;<\/li>\n<li>Newsletters exposants : portez \u00e0 la connaissance de vos visiteurs vos produits et services, vos nouveaut\u00e9s en exclusivit\u00e9 avant le salon<\/li>\n<li>Publiez un article sur votre propre site web pour annoncer votre pr\u00e9sence sur le salon :<br \/>\nIndiquez les infos pratiques (dates, horaires, N\u00b0 de stand), les produits et les nouveaut\u00e9s pr\u00e9sentes sur votre stand. Int\u00e9grez un lien vers <a href=\"https:\/\/www.salon-medecinedouce.com\/lyon\" target=\"_blank\" rel=\"noopener\">www.salon-bienetre.com\/lyon<\/a>. Illustrez votre article avec des visuels attractifs : <strong><a href=\"https:\/\/www.salon-medecinedouce.com\/marseille\/exposants\/outils-de-communication\/\">outils de communication<\/a><\/strong>. Donnez de la visibilit\u00e9 \u00e0 cet article\u00a0: home page de votre site,\u00a0partage sur les r\u00e9seaux sociaux\u2026<\/li>\n<li>Utilisez la banni\u00e8re ci-dessous en signature de mail (cliquez sur l&rsquo;image pour la t\u00e9l\u00e9charger)<\/li>\n<\/ul>\n<p><a href=\"https:\/\/www.salon-medecinedouce.com\/lyon\/exposants\/exposant_pub\/bd1-be26-ban-728x90-jexpose-lyon-2\/\" rel=\"attachment wp-att-13797\"><img decoding=\"async\" class=\"alignnone wp-image-13797 size-full\" src=\"https:\/\/www.salon-medecinedouce.com\/lyon\/wp-content\/uploads\/sites\/12\/2025\/05\/BD1-BE26-BAN-728x90-jexpose-LYON-1.jpg\" alt=\"\" width=\"728\" height=\"90\" srcset=\"https:\/\/www.salon-medecinedouce.com\/lyon\/wp-content\/uploads\/sites\/12\/2025\/05\/BD1-BE26-BAN-728x90-jexpose-LYON-1.jpg 728w, https:\/\/www.salon-medecinedouce.com\/lyon\/wp-content\/uploads\/sites\/12\/2025\/05\/BD1-BE26-BAN-728x90-jexpose-LYON-1-300x37.jpg 300w, https:\/\/www.salon-medecinedouce.com\/lyon\/wp-content\/uploads\/sites\/12\/2025\/05\/BD1-BE26-BAN-728x90-jexpose-LYON-1-150x19.jpg 150w, https:\/\/www.salon-medecinedouce.com\/lyon\/wp-content\/uploads\/sites\/12\/2025\/05\/BD1-BE26-BAN-728x90-jexpose-LYON-1-500x62.jpg 500w\" sizes=\"(max-width: 728px) 100vw, 728px\" \/><\/a><\/p>\n<ul>\n<li>Soyez actifs sur les r\u00e9seaux sociaux : suivez le salon sur\u00a0<a href=\"https:\/\/www.facebook.com\/SalonsMedecineDouce\/\">Facebook<\/a>,\u00a0 <a href=\"https:\/\/www.instagram.com\/salons_bienetre\/\">Instagram\u00a0<\/a>et\u00a0<a href=\"https:\/\/www.linkedin.com\/showcase\/salonsmedecinedouce\" target=\"_blank\" rel=\"noopener\">LinkedIn<\/a>\u00a0pour vous tenir au courant de l\u2019actualit\u00e9 du salon et la partager,<br \/>\nPostez d\u00e8s maintenant sur Facebook pour annoncer votre pr\u00e9sence sur le salon\u00a0<br \/>\nUtilisez la banni\u00e8re ci-dessous pour annoncer votre pr\u00e9sence sur vos pages officielles (cliquez sur l\u2019image pour la t\u00e9l\u00e9charger au format 1200\u00d7630 px).<\/p>\n<p><a href=\"https:\/\/www.salon-medecinedouce.com\/lyon\/exposants\/exposant_pub\/bd1-be26-ban-1200x630-lyon-on-y-sera\/\" rel=\"attachment wp-att-13798\"><img decoding=\"async\" class=\"alignnone wp-image-13798 \" src=\"https:\/\/www.salon-medecinedouce.com\/lyon\/wp-content\/uploads\/sites\/12\/2025\/05\/BD1-BE26-BAN-1200x630-LYON-on-y-sera.jpg\" alt=\"\" width=\"493\" height=\"259\" srcset=\"https:\/\/www.salon-medecinedouce.com\/lyon\/wp-content\/uploads\/sites\/12\/2025\/05\/BD1-BE26-BAN-1200x630-LYON-on-y-sera.jpg 1200w, https:\/\/www.salon-medecinedouce.com\/lyon\/wp-content\/uploads\/sites\/12\/2025\/05\/BD1-BE26-BAN-1200x630-LYON-on-y-sera-300x158.jpg 300w, https:\/\/www.salon-medecinedouce.com\/lyon\/wp-content\/uploads\/sites\/12\/2025\/05\/BD1-BE26-BAN-1200x630-LYON-on-y-sera-1024x538.jpg 1024w, https:\/\/www.salon-medecinedouce.com\/lyon\/wp-content\/uploads\/sites\/12\/2025\/05\/BD1-BE26-BAN-1200x630-LYON-on-y-sera-768x403.jpg 768w, https:\/\/www.salon-medecinedouce.com\/lyon\/wp-content\/uploads\/sites\/12\/2025\/05\/BD1-BE26-BAN-1200x630-LYON-on-y-sera-150x79.jpg 150w, https:\/\/www.salon-medecinedouce.com\/lyon\/wp-content\/uploads\/sites\/12\/2025\/05\/BD1-BE26-BAN-1200x630-LYON-on-y-sera-500x263.jpg 500w\" sizes=\"(max-width: 493px) 100vw, 493px\" \/><\/a><\/li>\n<\/ul>\n<p><strong><span style=\"color: #165e6c;\">Pensez \u00e0 identifier le Salon dans vos posts\u00a0:\u00a0<a style=\"color: #165e6c;\" href=\"https:\/\/www.facebook.com\/SalonsMedecineDouce\/\" target=\"_blank\" rel=\"noopener noreferrer\">Facebook<\/a>, <a style=\"color: #165e6c;\" href=\"https:\/\/www.instagram.com\/salons_bienetre\/\">Instagram<\/a> et <a style=\"color: #165e6c;\" href=\"https:\/\/www.linkedin.com\/showcase\/salonsmedecinedouce\">LinkedIn<\/a><\/span><br \/>\nUtilisez les hashtags : #BEMD2026<br \/>\nTaguez le salon @salonsmedecinedouce<br \/>\n<\/strong>Nous pourrons par la suite relayer votre post et communiquer \u00e0 notre tour sur votre pr\u00e9sence !<br \/>\nRedirigez les internautes vers votre site (article d\u00e9di\u00e9) ou vers le site du salon pour plus d\u2019infos.<\/p>\n<blockquote>\n<p>Cr\u00e9ez un\u00a0\u00e9v\u00e9nement\u00a0afin d\u2019augmenter votre visibilit\u00e9 avant le salon. Vos abonn\u00e9s et clients pourront ainsi savoir o\u00f9 vous trouver. Les \u00e9v\u00e9nements ont une meilleure port\u00e9e que les publications.Le nom de l\u2019\u00e9v\u00e9nement pourra prendre la forme\u00a0: [Nom de l\u2019exposant] au salon [Nom du salon].<br \/>\nN\u2019oubliez pas de\u00a0nous ajouter en co-organisateur\u00a0de votre \u00e9v\u00e8nement lors de sa cr\u00e9ation pour que l\u2019\u00e9v\u00e9nement soit aussi visible sur notre page Facebook.<br \/>\nN\u2019oubliez pas d\u2019ajouter une description, le lieu du salon, ainsi que le lien pour que les personnes puissent demander leur entr\u00e9e.<br \/>\nPour cr\u00e9er un \u00e9v\u00e9nement rendez-vous sur la gauche de votre page Facebook dans la section \u00c9v\u00e9nements et cliquez simplement sur le bouton Cr\u00e9er un \u00e9v\u00e9nement.\u00a0<\/p>\n<\/blockquote>\n<p>&nbsp;<\/p>\n<h3><span style=\"color: #165e6c;\">Pendant l&rsquo;\u00e9v\u00e9nement : jouez la visibilit\u00e9 et optimisez votre pr\u00e9sence<\/span><\/h3>\n<ul>\n<li>Pr\u00e9sence sur le plan du salon pour guider les visiteurs vers votre stand : insertion publicitaire, logo situant votre stand<\/li>\n<li>Distribution de flyers \u00e0 l&rsquo;entr\u00e9e du salon<\/li>\n<li>Distribution de sacs publicitaires logotyp\u00e9s<\/li>\n<li>Sponsoring d&rsquo;une animation, d&rsquo;une conf\u00e9rence, d&rsquo;un p\u00f4le du salon, &#8230;<\/li>\n<\/ul>\n<p>&nbsp;<\/p>\n<h3><span style=\"color: #165e6c;\">Apr\u00e8s l&rsquo;\u00e9v\u00e9nement : entretenez la relation<\/span><\/h3>\n<ul>\n<li>Sur le site du salon concern\u00e9 : banni\u00e8re interactive, logo dans la liste des exposants, publi-reportage en pages actualit\u00e9s, vid\u00e9o&#8230;<\/li>\n<\/ul>\n<p>Vous avez d&rsquo;autres souhaits de communication, une op\u00e9ration sp\u00e9ciale \u00e0 nous soumettre, devenir sponsor de l&rsquo;\u00e9v\u00e8nement ? Contactez-nous pour voir comment faire aboutir ensemble votre projet !<\/p>\n<hr \/>\n<h3><span style=\"color: #165e6c;\">CONTACT :<\/span><\/h3>\n<p style=\"font-weight: 400;\"><strong>Juliette Cardot<\/strong><br \/>\nResponsable Commerciale<br \/>\n01 77 37 63 49<br \/>\n<a href=\"mailto:jcardot@spas-expo.com\">jcardot@spas-expo.com<\/a><\/p>\n<p style=\"font-weight: 400;\"><strong>Armele Lepage<\/strong><br \/>\nAttach\u00e9e Commerciale<br \/>\n01 77 37 63 41<br \/>\n<a href=\"mailto:alepage@spas-expo.com\">alepage@spas-expo.com<\/a><\/p>\n<p style=\"font-weight: 400;\"><strong>Maxens Bachelard<\/strong><br \/>\nAttach\u00e9 Commercial<br \/>\n01 77 37 63 68<br \/>\n<a href=\"mailto:mbachelard@spas-expo.com\">mbachelard@spas-expo.com<\/a><\/p>\n<p style=\"font-weight: 400;\"><strong>Vadhana Khath<\/strong><br \/>\nDirecteur du salon<br \/>\n01 77 37 63 40<br \/>\n<a href=\"mailto:vkhath@spas-expo.com\">vkhath@spas-expo.com<\/a><\/p>\n<p style=\"font-weight: 400;\"><strong>Karelle Geyer<\/strong><br \/>\nDirectrice du P\u00f4le Bien-\u00eatre<br \/>\n<a href=\"mailto:kgeyer@spas-expo.com\">kgeyer@spas-expo.com<\/a><\/p>\n<p>&nbsp;<\/p>\n<hr \/>\n<h3><span style=\"color: #165e6c;\"><strong>Salon\u00a0Bien-\u00eatre M\u00e9decine douce Lyon<\/strong><\/span><\/h3>\n<p><strong>Spas Organisation<\/strong><br \/>\n<em>83-87 rue de Paris<\/em><br \/>\n<em>CS 90001<\/em><br \/>\n<em>92100 Boulogne Billancourt Cedex<\/em><br \/>\nT\u00e9l. : 01 45 56 09 09<br \/>\nFax : 01 44 18 99 00<\/p>\n<div class=\"salon-pubs-hp-bas-de-page salon-entity-placement\" id=\"salon-1505876638\"><div id=\"salon-2920765908\"><a data-no-instant=\"1\" href=\"https:\/\/www.adntv.fr\/home?request_origin=tv_app\" rel=\"noopener\" class=\"a2t-link\" target=\"_blank\"><p><a href=\"https:\/\/www.adntv.fr\/home?request_origin=tv_app\"><img loading=\"lazy\" decoding=\"async\" class=\"wp-image-15075  aligncenter\" src=\"https:\/\/www.salon-medecinedouce.com\/lyon\/wp-content\/uploads\/sites\/12\/2021\/12\/ADNTV_BANNIERE_.jpg\" alt=\"\" width=\"515\" height=\"196\" srcset=\"https:\/\/www.salon-medecinedouce.com\/lyon\/wp-content\/uploads\/sites\/12\/2021\/12\/ADNTV_BANNIERE_.jpg 820w, https:\/\/www.salon-medecinedouce.com\/lyon\/wp-content\/uploads\/sites\/12\/2021\/12\/ADNTV_BANNIERE_-300x114.jpg 300w, https:\/\/www.salon-medecinedouce.com\/lyon\/wp-content\/uploads\/sites\/12\/2021\/12\/ADNTV_BANNIERE_-768x292.jpg 768w, https:\/\/www.salon-medecinedouce.com\/lyon\/wp-content\/uploads\/sites\/12\/2021\/12\/ADNTV_BANNIERE_-150x57.jpg 150w, https:\/\/www.salon-medecinedouce.com\/lyon\/wp-content\/uploads\/sites\/12\/2021\/12\/ADNTV_BANNIERE_-500x190.jpg 500w\" sizes=\"(max-width: 515px) 100vw, 515px\" \/><\/a><\/p>\n<\/a><\/div><\/div>","protected":false},"excerpt":{"rendered":"<p>Optimisez votre participation et choisissez la solution de communication qui vous convient Des solutions \u00e0 la carte adapt\u00e9es \u00e0 tous les budgets pour mettre en avant votre marque de mani\u00e8re puissante ! &nbsp; R\u00e9server une publicit\u00e9 Pour pr\u00e9parer au mieux votre participation \u00e0 notre salon, nous vous proposons des solutions de communication sur mesure et&hellip; <\/p>\n","protected":false},"author":1,"featured_media":0,"parent":2087,"menu_order":4,"comment_status":"closed","ping_status":"closed","template":"","meta":{"_monsterinsights_skip_tracking":false,"_monsterinsights_sitenote_active":false,"_monsterinsights_sitenote_note":"","_monsterinsights_sitenote_category":0,"footnotes":""},"class_list":["post-2442","page","type-page","status-publish","hentry"],"yoast_head":"<!-- This site is optimized with the Yoast SEO plugin v27.3 - https:\/\/yoast.com\/product\/yoast-seo-wordpress\/ -->\n<title>Pr\u00e9parez votre salon - Bien-\u00eatre Lyon<\/title>\n<meta name=\"description\" content=\"Optimisez votre participation au salon Bien-\u00eatre M\u00e9decine douce et choisissez la solution de communication qui vous convient.\" \/>\n<meta name=\"robots\" content=\"index, follow, max-snippet:-1, max-image-preview:large, max-video-preview:-1\" \/>\n<link rel=\"canonical\" href=\"https:\/\/www.salon-medecinedouce.com\/lyon\/exposants\/exposant_pub\/\" \/>\n<meta property=\"og:locale\" content=\"fr_FR\" \/>\n<meta property=\"og:type\" content=\"article\" \/>\n<meta property=\"og:title\" content=\"Pr\u00e9parez votre salon - Bien-\u00eatre Lyon\" \/>\n<meta property=\"og:description\" content=\"Optimisez votre participation au salon Bien-\u00eatre M\u00e9decine douce et choisissez la solution de communication qui vous convient.\" \/>\n<meta property=\"og:url\" content=\"https:\/\/www.salon-medecinedouce.com\/lyon\/exposants\/exposant_pub\/\" \/>\n<meta property=\"og:site_name\" content=\"Bien-\u00eatre Lyon\" \/>\n<meta property=\"article:modified_time\" content=\"2025-11-28T10:23:52+00:00\" \/>\n<meta property=\"og:image\" content=\"https:\/\/www.salon-medecinedouce.com\/lyon\/wp-content\/uploads\/sites\/12\/2019\/06\/AdobeStock_147099277.jpg\" \/>\n\t<meta property=\"og:image:width\" content=\"840\" \/>\n\t<meta property=\"og:image:height\" content=\"250\" \/>\n\t<meta property=\"og:image:type\" content=\"image\/jpeg\" \/>\n<meta name=\"twitter:card\" content=\"summary_large_image\" \/>\n<meta name=\"twitter:label1\" content=\"Dur\u00e9e de lecture estim\u00e9e\" \/>\n\t<meta name=\"twitter:data1\" content=\"4 minutes\" \/>\n<script type=\"application\/ld+json\" class=\"yoast-schema-graph\">{\"@context\":\"https:\\\/\\\/schema.org\",\"@graph\":[{\"@type\":\"WebPage\",\"@id\":\"https:\\\/\\\/www.salon-medecinedouce.com\\\/lyon\\\/exposants\\\/exposant_pub\\\/\",\"url\":\"https:\\\/\\\/www.salon-medecinedouce.com\\\/lyon\\\/exposants\\\/exposant_pub\\\/\",\"name\":\"Pr\u00e9parez votre salon - Bien-\u00eatre Lyon\",\"isPartOf\":{\"@id\":\"https:\\\/\\\/www.salon-medecinedouce.com\\\/lyon\\\/#website\"},\"primaryImageOfPage\":{\"@id\":\"https:\\\/\\\/www.salon-medecinedouce.com\\\/lyon\\\/exposants\\\/exposant_pub\\\/#primaryimage\"},\"image\":{\"@id\":\"https:\\\/\\\/www.salon-medecinedouce.com\\\/lyon\\\/exposants\\\/exposant_pub\\\/#primaryimage\"},\"thumbnailUrl\":\"https:\\\/\\\/www.salon-medecinedouce.com\\\/lyon\\\/wp-content\\\/uploads\\\/sites\\\/12\\\/2019\\\/06\\\/AdobeStock_147099277.jpg\",\"datePublished\":\"2017-01-24T13:16:54+00:00\",\"dateModified\":\"2025-11-28T10:23:52+00:00\",\"description\":\"Optimisez votre participation au salon Bien-\u00eatre M\u00e9decine douce et choisissez la solution de communication qui vous convient.\",\"breadcrumb\":{\"@id\":\"https:\\\/\\\/www.salon-medecinedouce.com\\\/lyon\\\/exposants\\\/exposant_pub\\\/#breadcrumb\"},\"inLanguage\":\"fr-FR\",\"potentialAction\":[{\"@type\":\"ReadAction\",\"target\":[\"https:\\\/\\\/www.salon-medecinedouce.com\\\/lyon\\\/exposants\\\/exposant_pub\\\/\"]}]},{\"@type\":\"ImageObject\",\"inLanguage\":\"fr-FR\",\"@id\":\"https:\\\/\\\/www.salon-medecinedouce.com\\\/lyon\\\/exposants\\\/exposant_pub\\\/#primaryimage\",\"url\":\"https:\\\/\\\/www.salon-medecinedouce.com\\\/lyon\\\/wp-content\\\/uploads\\\/sites\\\/12\\\/2019\\\/06\\\/AdobeStock_147099277.jpg\",\"contentUrl\":\"https:\\\/\\\/www.salon-medecinedouce.com\\\/lyon\\\/wp-content\\\/uploads\\\/sites\\\/12\\\/2019\\\/06\\\/AdobeStock_147099277.jpg\",\"width\":840,\"height\":250},{\"@type\":\"BreadcrumbList\",\"@id\":\"https:\\\/\\\/www.salon-medecinedouce.com\\\/lyon\\\/exposants\\\/exposant_pub\\\/#breadcrumb\",\"itemListElement\":[{\"@type\":\"ListItem\",\"position\":1,\"name\":\"Accueil\",\"item\":\"https:\\\/\\\/www.salon-medecinedouce.com\\\/lyon\\\/\"},{\"@type\":\"ListItem\",\"position\":2,\"name\":\"Exposer sur le salon\",\"item\":\"https:\\\/\\\/www.salon-medecinedouce.com\\\/lyon\\\/exposants\\\/\"},{\"@type\":\"ListItem\",\"position\":3,\"name\":\"Pr\u00e9parez votre salon\"}]},{\"@type\":\"WebSite\",\"@id\":\"https:\\\/\\\/www.salon-medecinedouce.com\\\/lyon\\\/#website\",\"url\":\"https:\\\/\\\/www.salon-medecinedouce.com\\\/lyon\\\/\",\"name\":\"Bien-\u00eatre Lyon\",\"description\":\"La sant\u00e9 au naturel : M\u00e9decines douces - Compl\u00e9ments alimentaires - Alimentation saine - Cosm\u00e9tiques naturelles - Art de vivre - Tourisme de sant\u00e9\",\"publisher\":{\"@id\":\"https:\\\/\\\/www.salon-medecinedouce.com\\\/lyon\\\/#organization\"},\"potentialAction\":[{\"@type\":\"SearchAction\",\"target\":{\"@type\":\"EntryPoint\",\"urlTemplate\":\"https:\\\/\\\/www.salon-medecinedouce.com\\\/lyon\\\/?s={search_term_string}\"},\"query-input\":{\"@type\":\"PropertyValueSpecification\",\"valueRequired\":true,\"valueName\":\"search_term_string\"}}],\"inLanguage\":\"fr-FR\"},{\"@type\":\"Organization\",\"@id\":\"https:\\\/\\\/www.salon-medecinedouce.com\\\/lyon\\\/#organization\",\"name\":\"Bien-\u00eatre Lyon\",\"url\":\"https:\\\/\\\/www.salon-medecinedouce.com\\\/lyon\\\/\",\"logo\":{\"@type\":\"ImageObject\",\"inLanguage\":\"fr-FR\",\"@id\":\"https:\\\/\\\/www.salon-medecinedouce.com\\\/lyon\\\/#\\\/schema\\\/logo\\\/image\\\/\",\"url\":\"https:\\\/\\\/www.salon-medecinedouce.com\\\/lyon\\\/wp-content\\\/uploads\\\/sites\\\/12\\\/2024\\\/05\\\/cropped-logo-orange-bemd.png\",\"contentUrl\":\"https:\\\/\\\/www.salon-medecinedouce.com\\\/lyon\\\/wp-content\\\/uploads\\\/sites\\\/12\\\/2024\\\/05\\\/cropped-logo-orange-bemd.png\",\"width\":591,\"height\":591,\"caption\":\"Bien-\u00eatre Lyon\"},\"image\":{\"@id\":\"https:\\\/\\\/www.salon-medecinedouce.com\\\/lyon\\\/#\\\/schema\\\/logo\\\/image\\\/\"}}]}<\/script>\n<!-- \/ Yoast SEO plugin. -->","yoast_head_json":{"title":"Pr\u00e9parez votre salon - Bien-\u00eatre Lyon","description":"Optimisez votre participation au salon Bien-\u00eatre M\u00e9decine douce et choisissez la solution de communication qui vous convient.","robots":{"index":"index","follow":"follow","max-snippet":"max-snippet:-1","max-image-preview":"max-image-preview:large","max-video-preview":"max-video-preview:-1"},"canonical":"https:\/\/www.salon-medecinedouce.com\/lyon\/exposants\/exposant_pub\/","og_locale":"fr_FR","og_type":"article","og_title":"Pr\u00e9parez votre salon - Bien-\u00eatre Lyon","og_description":"Optimisez votre participation au salon Bien-\u00eatre M\u00e9decine douce et choisissez la solution de communication qui vous convient.","og_url":"https:\/\/www.salon-medecinedouce.com\/lyon\/exposants\/exposant_pub\/","og_site_name":"Bien-\u00eatre Lyon","article_modified_time":"2025-11-28T10:23:52+00:00","og_image":[{"width":840,"height":250,"url":"https:\/\/www.salon-medecinedouce.com\/lyon\/wp-content\/uploads\/sites\/12\/2019\/06\/AdobeStock_147099277.jpg","type":"image\/jpeg"}],"twitter_card":"summary_large_image","twitter_misc":{"Dur\u00e9e de lecture estim\u00e9e":"4 minutes"},"schema":{"@context":"https:\/\/schema.org","@graph":[{"@type":"WebPage","@id":"https:\/\/www.salon-medecinedouce.com\/lyon\/exposants\/exposant_pub\/","url":"https:\/\/www.salon-medecinedouce.com\/lyon\/exposants\/exposant_pub\/","name":"Pr\u00e9parez votre salon - Bien-\u00eatre Lyon","isPartOf":{"@id":"https:\/\/www.salon-medecinedouce.com\/lyon\/#website"},"primaryImageOfPage":{"@id":"https:\/\/www.salon-medecinedouce.com\/lyon\/exposants\/exposant_pub\/#primaryimage"},"image":{"@id":"https:\/\/www.salon-medecinedouce.com\/lyon\/exposants\/exposant_pub\/#primaryimage"},"thumbnailUrl":"https:\/\/www.salon-medecinedouce.com\/lyon\/wp-content\/uploads\/sites\/12\/2019\/06\/AdobeStock_147099277.jpg","datePublished":"2017-01-24T13:16:54+00:00","dateModified":"2025-11-28T10:23:52+00:00","description":"Optimisez votre participation au salon Bien-\u00eatre M\u00e9decine douce et choisissez la solution de communication qui vous convient.","breadcrumb":{"@id":"https:\/\/www.salon-medecinedouce.com\/lyon\/exposants\/exposant_pub\/#breadcrumb"},"inLanguage":"fr-FR","potentialAction":[{"@type":"ReadAction","target":["https:\/\/www.salon-medecinedouce.com\/lyon\/exposants\/exposant_pub\/"]}]},{"@type":"ImageObject","inLanguage":"fr-FR","@id":"https:\/\/www.salon-medecinedouce.com\/lyon\/exposants\/exposant_pub\/#primaryimage","url":"https:\/\/www.salon-medecinedouce.com\/lyon\/wp-content\/uploads\/sites\/12\/2019\/06\/AdobeStock_147099277.jpg","contentUrl":"https:\/\/www.salon-medecinedouce.com\/lyon\/wp-content\/uploads\/sites\/12\/2019\/06\/AdobeStock_147099277.jpg","width":840,"height":250},{"@type":"BreadcrumbList","@id":"https:\/\/www.salon-medecinedouce.com\/lyon\/exposants\/exposant_pub\/#breadcrumb","itemListElement":[{"@type":"ListItem","position":1,"name":"Accueil","item":"https:\/\/www.salon-medecinedouce.com\/lyon\/"},{"@type":"ListItem","position":2,"name":"Exposer sur le salon","item":"https:\/\/www.salon-medecinedouce.com\/lyon\/exposants\/"},{"@type":"ListItem","position":3,"name":"Pr\u00e9parez votre salon"}]},{"@type":"WebSite","@id":"https:\/\/www.salon-medecinedouce.com\/lyon\/#website","url":"https:\/\/www.salon-medecinedouce.com\/lyon\/","name":"Bien-\u00eatre Lyon","description":"La sant\u00e9 au naturel : M\u00e9decines douces - Compl\u00e9ments alimentaires - Alimentation saine - Cosm\u00e9tiques naturelles - Art de vivre - Tourisme de sant\u00e9","publisher":{"@id":"https:\/\/www.salon-medecinedouce.com\/lyon\/#organization"},"potentialAction":[{"@type":"SearchAction","target":{"@type":"EntryPoint","urlTemplate":"https:\/\/www.salon-medecinedouce.com\/lyon\/?s={search_term_string}"},"query-input":{"@type":"PropertyValueSpecification","valueRequired":true,"valueName":"search_term_string"}}],"inLanguage":"fr-FR"},{"@type":"Organization","@id":"https:\/\/www.salon-medecinedouce.com\/lyon\/#organization","name":"Bien-\u00eatre Lyon","url":"https:\/\/www.salon-medecinedouce.com\/lyon\/","logo":{"@type":"ImageObject","inLanguage":"fr-FR","@id":"https:\/\/www.salon-medecinedouce.com\/lyon\/#\/schema\/logo\/image\/","url":"https:\/\/www.salon-medecinedouce.com\/lyon\/wp-content\/uploads\/sites\/12\/2024\/05\/cropped-logo-orange-bemd.png","contentUrl":"https:\/\/www.salon-medecinedouce.com\/lyon\/wp-content\/uploads\/sites\/12\/2024\/05\/cropped-logo-orange-bemd.png","width":591,"height":591,"caption":"Bien-\u00eatre Lyon"},"image":{"@id":"https:\/\/www.salon-medecinedouce.com\/lyon\/#\/schema\/logo\/image\/"}}]}},"rttpg_featured_image_url":null,"rttpg_author":{"display_name":"admin","author_link":"https:\/\/www.salon-medecinedouce.com\/lyon\/author\/admin\/"},"rttpg_comment":0,"rttpg_category":false,"rttpg_excerpt":"Optimisez votre participation et choisissez la solution de communication qui vous convient Des solutions \u00e0 la carte adapt\u00e9es \u00e0 tous les budgets pour mettre en avant votre marque de mani\u00e8re puissante ! &nbsp; R\u00e9server une publicit\u00e9 Pour pr\u00e9parer au mieux votre participation \u00e0 notre salon, nous vous proposons des solutions de communication sur mesure et&hellip;","_links":{"self":[{"href":"https:\/\/www.salon-medecinedouce.com\/lyon\/wp-json\/wp\/v2\/pages\/2442","targetHints":{"allow":["GET"]}}],"collection":[{"href":"https:\/\/www.salon-medecinedouce.com\/lyon\/wp-json\/wp\/v2\/pages"}],"about":[{"href":"https:\/\/www.salon-medecinedouce.com\/lyon\/wp-json\/wp\/v2\/types\/page"}],"author":[{"embeddable":true,"href":"https:\/\/www.salon-medecinedouce.com\/lyon\/wp-json\/wp\/v2\/users\/1"}],"replies":[{"embeddable":true,"href":"https:\/\/www.salon-medecinedouce.com\/lyon\/wp-json\/wp\/v2\/comments?post=2442"}],"version-history":[{"count":33,"href":"https:\/\/www.salon-medecinedouce.com\/lyon\/wp-json\/wp\/v2\/pages\/2442\/revisions"}],"predecessor-version":[{"id":14394,"href":"https:\/\/www.salon-medecinedouce.com\/lyon\/wp-json\/wp\/v2\/pages\/2442\/revisions\/14394"}],"up":[{"embeddable":true,"href":"https:\/\/www.salon-medecinedouce.com\/lyon\/wp-json\/wp\/v2\/pages\/2087"}],"wp:attachment":[{"href":"https:\/\/www.salon-medecinedouce.com\/lyon\/wp-json\/wp\/v2\/media?parent=2442"}],"curies":[{"name":"wp","href":"https:\/\/api.w.org\/{rel}","templated":true}]}}