{"id":2081,"date":"2016-10-05T16:20:02","date_gmt":"2016-10-05T14:20:02","guid":{"rendered":"http:\/\/localhost:8888\/natexpo\/?page_id=2081"},"modified":"2026-03-06T11:41:16","modified_gmt":"2026-03-06T10:41:16","slug":"visiter","status":"publish","type":"page","link":"https:\/\/www.salon-medecinedouce.com\/lyon\/visiter\/","title":{"rendered":"Visiter le salon"},"content":{"rendered":"<p><img fetchpriority=\"high\" decoding=\"async\" class=\"alignnone size-full wp-image-8281\" src=\"https:\/\/www.salon-medecinedouce.com\/lyon\/wp-content\/uploads\/sites\/12\/2019\/06\/AdobeStock_139446052.jpg\" alt=\"\" width=\"840\" height=\"250\" srcset=\"https:\/\/www.salon-medecinedouce.com\/lyon\/wp-content\/uploads\/sites\/12\/2019\/06\/AdobeStock_139446052.jpg 840w, https:\/\/www.salon-medecinedouce.com\/lyon\/wp-content\/uploads\/sites\/12\/2019\/06\/AdobeStock_139446052-300x89.jpg 300w, https:\/\/www.salon-medecinedouce.com\/lyon\/wp-content\/uploads\/sites\/12\/2019\/06\/AdobeStock_139446052-768x229.jpg 768w, https:\/\/www.salon-medecinedouce.com\/lyon\/wp-content\/uploads\/sites\/12\/2019\/06\/AdobeStock_139446052-150x45.jpg 150w, https:\/\/www.salon-medecinedouce.com\/lyon\/wp-content\/uploads\/sites\/12\/2019\/06\/AdobeStock_139446052-500x149.jpg 500w\" sizes=\"(max-width: 840px) 100vw, 840px\" \/><\/p>\n<h2><span style=\"color: #165e6c;\">Bien-\u00catre M\u00e9decine Douce est l&rsquo;unique \u00e9v\u00e9nement en mati\u00e8re de bien-\u00eatre et de sant\u00e9 au naturel, c&rsquo;est le salon leader des m\u00e9decines douces en France.<\/span><\/h2>\n<p><strong><br \/>\n<\/strong>Fort de l\u2019exp\u00e9rience de ses 42 \u00e9ditions \u00e0 Paris, le salon leader des m\u00e9decines douces en France confirme sa 8e \u00e9dition \u00e0 <strong>Lyon du 15 au 17 janvier 2027 \u00e0 la Cit\u00e9 Internationale, Lyon 6.<\/strong><\/p>\n<p style=\"font-weight: 400;\"><strong>150 exposants attendus,<\/strong> experts des m\u00e9thodes alternatives de pr\u00e9vention sant\u00e9, des th\u00e9rapies douces et des produits de bien-\u00eatre r\u00e9partis en 2 p\u00f4les d\u2019exposition :<\/p>\n<ul style=\"font-weight: 400; list-style-type: circle;\">\n<li>Le p\u00f4le sant\u00e9 au naturel et m\u00e9decines douces<\/li>\n<li>Le p\u00f4le bien-\u00eatre et spirit<\/li>\n<\/ul>\n<p><strong><br \/>\n<\/strong>Un programme riche et vari\u00e9 \u00e0 d\u00e9couvrir tout au long des 3 jours :\u00a0<b>150 exposants, 110 conf\u00e9rences, ateliers et animations,\u00a0<\/b>ainsi que des\u00a0<b>espaces de massages<\/b>, un village des \u00e9coles et un tremplin du bien-\u00eatre.<\/p>\n<ul class=\"list-pages-shortcode child-pages\">\n<li class=\"page_item page-item-2321\">\n<h4><span style=\"color: #d65d00;\"><a style=\"color: #d65d00;\" href=\"https:\/\/www.salon-medecinedouce.com\/lyon\/visiter\/decouvrez-le-salon\/\">D\u00e9couvrez le salon<\/a><\/span><\/h4>\n<\/li>\n<li class=\"page_item page-item-2388\">\n<h4><span style=\"color: #d65d00;\"><a style=\"color: #d65d00;\" href=\"https:\/\/www.salon-medecinedouce.com\/lyon\/visiter\/les-secteurs-du-salon\/\">Les secteurs du salon<\/a><\/span><\/h4>\n<\/li>\n<li class=\"page_item page-item-2394\">\n<h4><span style=\"color: #d65d00;\"><a style=\"color: #d65d00;\" href=\"https:\/\/www.salon-medecinedouce.com\/lyon\/visiter\/liste-des-exposants\/\">Liste des exposants<\/a><\/span><\/h4>\n<\/li>\n<\/ul>\n<p>\n<span style=\"color: #165e6c;\"><a style=\"color: #165e6c;\" href=\"https:\/\/www.salon-medecinedouce.com\/lyon\/visiteur_invitation\/\" target=\"_blank\" rel=\"noopener noreferrer\"><strong>&gt; Demandez votre entr\u00e9e gratuite<\/strong><\/a><\/span><\/p>\n<p><strong>Une charte et un comit\u00e9 de s\u00e9lection\u00a0<br \/>\n<\/strong>Le salon Bien-\u00catre M\u00e9decine douce Lyon reste vigilant face aux d\u00e9rives sectaires et aux all\u00e9gations th\u00e9rapeutiques en s\u00e9lectionnant rigoureusement ses exposants. Les produits pr\u00e9sents sur le salon sont \u00e9galement soumis \u00e0 notre cahier des charges.<\/p>\n<div class=\"salon-pubs-hp-bas-de-page salon-entity-placement\" id=\"salon-691843185\"><div id=\"salon-3300304858\"><a data-no-instant=\"1\" href=\"https:\/\/www.adntv.fr\/home?request_origin=tv_app\" rel=\"noopener\" class=\"a2t-link\" target=\"_blank\"><p><a href=\"https:\/\/www.adntv.fr\/home?request_origin=tv_app\"><img decoding=\"async\" class=\"wp-image-15075  aligncenter\" src=\"https:\/\/www.salon-medecinedouce.com\/lyon\/wp-content\/uploads\/sites\/12\/2021\/12\/ADNTV_BANNIERE_.jpg\" alt=\"\" width=\"515\" height=\"196\" srcset=\"https:\/\/www.salon-medecinedouce.com\/lyon\/wp-content\/uploads\/sites\/12\/2021\/12\/ADNTV_BANNIERE_.jpg 820w, https:\/\/www.salon-medecinedouce.com\/lyon\/wp-content\/uploads\/sites\/12\/2021\/12\/ADNTV_BANNIERE_-300x114.jpg 300w, https:\/\/www.salon-medecinedouce.com\/lyon\/wp-content\/uploads\/sites\/12\/2021\/12\/ADNTV_BANNIERE_-768x292.jpg 768w, https:\/\/www.salon-medecinedouce.com\/lyon\/wp-content\/uploads\/sites\/12\/2021\/12\/ADNTV_BANNIERE_-150x57.jpg 150w, https:\/\/www.salon-medecinedouce.com\/lyon\/wp-content\/uploads\/sites\/12\/2021\/12\/ADNTV_BANNIERE_-500x190.jpg 500w\" sizes=\"(max-width: 515px) 100vw, 515px\" \/><\/a><\/p>\n<\/a><\/div><\/div>","protected":false},"excerpt":{"rendered":"<p>Bien-\u00catre M\u00e9decine Douce est l&rsquo;unique \u00e9v\u00e9nement en mati\u00e8re de bien-\u00eatre et de sant\u00e9 au naturel, c&rsquo;est le salon leader des m\u00e9decines douces en France. Fort de l\u2019exp\u00e9rience de ses 42 \u00e9ditions \u00e0 Paris, le salon leader des m\u00e9decines douces en France confirme sa 8e \u00e9dition \u00e0 Lyon du 15 au 17 janvier 2027 \u00e0 la&hellip; <\/p>\n","protected":false},"author":1,"featured_media":4093,"parent":0,"menu_order":1,"comment_status":"closed","ping_status":"closed","template":"","meta":{"_monsterinsights_skip_tracking":false,"_monsterinsights_sitenote_active":false,"_monsterinsights_sitenote_note":"","_monsterinsights_sitenote_category":0,"footnotes":""},"class_list":["post-2081","page","type-page","status-publish","has-post-thumbnail","hentry"],"yoast_head":"<!-- This site is optimized with the Yoast SEO plugin v27.5 - https:\/\/yoast.com\/product\/yoast-seo-wordpress\/ -->\n<title>Visiter le salon - Bien-\u00eatre Lyon<\/title>\n<meta name=\"description\" content=\"Le Salon leader des m\u00e9decines douces en France revient \u00e0 Lyon pour sa, 6\u00e8me \u00e9dition du 15 au 17 janvier 2027 \u00e0 la Cit\u00e9 internationale\" \/>\n<meta name=\"robots\" content=\"index, follow, max-snippet:-1, max-image-preview:large, max-video-preview:-1\" \/>\n<link rel=\"canonical\" href=\"https:\/\/www.salon-medecinedouce.com\/lyon\/visiter\/\" \/>\n<meta property=\"og:locale\" content=\"fr_FR\" \/>\n<meta property=\"og:type\" content=\"article\" \/>\n<meta property=\"og:title\" content=\"Visiter le salon - Bien-\u00eatre Lyon\" \/>\n<meta property=\"og:description\" content=\"Le Salon leader des m\u00e9decines douces en France revient \u00e0 Lyon pour sa, 6\u00e8me \u00e9dition du 15 au 17 janvier 2027 \u00e0 la Cit\u00e9 internationale\" \/>\n<meta property=\"og:url\" content=\"https:\/\/www.salon-medecinedouce.com\/lyon\/visiter\/\" \/>\n<meta property=\"og:site_name\" content=\"Bien-\u00eatre Lyon\" \/>\n<meta property=\"article:modified_time\" content=\"2026-03-06T10:41:16+00:00\" \/>\n<meta property=\"og:image\" content=\"https:\/\/www.salon-medecinedouce.com\/lyon\/wp-content\/uploads\/sites\/12\/2017\/06\/Fotolia_133544127_BD.jpg\" \/>\n\t<meta property=\"og:image:width\" content=\"3418\" \/>\n\t<meta property=\"og:image:height\" content=\"2282\" \/>\n\t<meta property=\"og:image:type\" content=\"image\/jpeg\" \/>\n<meta name=\"twitter:card\" content=\"summary_large_image\" \/>\n<meta name=\"twitter:label1\" content=\"Dur\u00e9e de lecture estim\u00e9e\" \/>\n\t<meta name=\"twitter:data1\" content=\"2 minutes\" \/>\n<script type=\"application\/ld+json\" class=\"yoast-schema-graph\">{\"@context\":\"https:\\\/\\\/schema.org\",\"@graph\":[{\"@type\":\"WebPage\",\"@id\":\"https:\\\/\\\/www.salon-medecinedouce.com\\\/lyon\\\/visiter\\\/\",\"url\":\"https:\\\/\\\/www.salon-medecinedouce.com\\\/lyon\\\/visiter\\\/\",\"name\":\"Visiter le salon - Bien-\u00eatre Lyon\",\"isPartOf\":{\"@id\":\"https:\\\/\\\/www.salon-medecinedouce.com\\\/lyon\\\/#website\"},\"primaryImageOfPage\":{\"@id\":\"https:\\\/\\\/www.salon-medecinedouce.com\\\/lyon\\\/visiter\\\/#primaryimage\"},\"image\":{\"@id\":\"https:\\\/\\\/www.salon-medecinedouce.com\\\/lyon\\\/visiter\\\/#primaryimage\"},\"thumbnailUrl\":\"https:\\\/\\\/www.salon-medecinedouce.com\\\/lyon\\\/wp-content\\\/uploads\\\/sites\\\/12\\\/2017\\\/06\\\/Fotolia_133544127_BD.jpg\",\"datePublished\":\"2016-10-05T14:20:02+00:00\",\"dateModified\":\"2026-03-06T10:41:16+00:00\",\"description\":\"Le Salon leader des m\u00e9decines douces en France revient \u00e0 Lyon pour sa, 6\u00e8me \u00e9dition du 15 au 17 janvier 2027 \u00e0 la Cit\u00e9 internationale\",\"breadcrumb\":{\"@id\":\"https:\\\/\\\/www.salon-medecinedouce.com\\\/lyon\\\/visiter\\\/#breadcrumb\"},\"inLanguage\":\"fr-FR\",\"potentialAction\":[{\"@type\":\"ReadAction\",\"target\":[\"https:\\\/\\\/www.salon-medecinedouce.com\\\/lyon\\\/visiter\\\/\"]}]},{\"@type\":\"ImageObject\",\"inLanguage\":\"fr-FR\",\"@id\":\"https:\\\/\\\/www.salon-medecinedouce.com\\\/lyon\\\/visiter\\\/#primaryimage\",\"url\":\"https:\\\/\\\/www.salon-medecinedouce.com\\\/lyon\\\/wp-content\\\/uploads\\\/sites\\\/12\\\/2017\\\/06\\\/Fotolia_133544127_BD.jpg\",\"contentUrl\":\"https:\\\/\\\/www.salon-medecinedouce.com\\\/lyon\\\/wp-content\\\/uploads\\\/sites\\\/12\\\/2017\\\/06\\\/Fotolia_133544127_BD.jpg\",\"width\":3418,\"height\":2282,\"caption\":\"femme pratiquant le yoga au lever du soleil \u00e0 la plage - salon Bien-\u00eatre M\u00e9decine douce\"},{\"@type\":\"BreadcrumbList\",\"@id\":\"https:\\\/\\\/www.salon-medecinedouce.com\\\/lyon\\\/visiter\\\/#breadcrumb\",\"itemListElement\":[{\"@type\":\"ListItem\",\"position\":1,\"name\":\"Accueil\",\"item\":\"https:\\\/\\\/www.salon-medecinedouce.com\\\/lyon\\\/\"},{\"@type\":\"ListItem\",\"position\":2,\"name\":\"Visiter le salon\"}]},{\"@type\":\"WebSite\",\"@id\":\"https:\\\/\\\/www.salon-medecinedouce.com\\\/lyon\\\/#website\",\"url\":\"https:\\\/\\\/www.salon-medecinedouce.com\\\/lyon\\\/\",\"name\":\"Bien-\u00eatre Lyon\",\"description\":\"La sant\u00e9 au naturel : M\u00e9decines douces - Compl\u00e9ments alimentaires - Alimentation saine - Cosm\u00e9tiques naturelles - Art de vivre - Tourisme de sant\u00e9\",\"publisher\":{\"@id\":\"https:\\\/\\\/www.salon-medecinedouce.com\\\/lyon\\\/#organization\"},\"potentialAction\":[{\"@type\":\"SearchAction\",\"target\":{\"@type\":\"EntryPoint\",\"urlTemplate\":\"https:\\\/\\\/www.salon-medecinedouce.com\\\/lyon\\\/?s={search_term_string}\"},\"query-input\":{\"@type\":\"PropertyValueSpecification\",\"valueRequired\":true,\"valueName\":\"search_term_string\"}}],\"inLanguage\":\"fr-FR\"},{\"@type\":\"Organization\",\"@id\":\"https:\\\/\\\/www.salon-medecinedouce.com\\\/lyon\\\/#organization\",\"name\":\"Bien-\u00eatre Lyon\",\"url\":\"https:\\\/\\\/www.salon-medecinedouce.com\\\/lyon\\\/\",\"logo\":{\"@type\":\"ImageObject\",\"inLanguage\":\"fr-FR\",\"@id\":\"https:\\\/\\\/www.salon-medecinedouce.com\\\/lyon\\\/#\\\/schema\\\/logo\\\/image\\\/\",\"url\":\"https:\\\/\\\/www.salon-medecinedouce.com\\\/lyon\\\/wp-content\\\/uploads\\\/sites\\\/12\\\/2024\\\/05\\\/cropped-logo-orange-bemd.png\",\"contentUrl\":\"https:\\\/\\\/www.salon-medecinedouce.com\\\/lyon\\\/wp-content\\\/uploads\\\/sites\\\/12\\\/2024\\\/05\\\/cropped-logo-orange-bemd.png\",\"width\":591,\"height\":591,\"caption\":\"Bien-\u00eatre Lyon\"},\"image\":{\"@id\":\"https:\\\/\\\/www.salon-medecinedouce.com\\\/lyon\\\/#\\\/schema\\\/logo\\\/image\\\/\"}}]}<\/script>\n<!-- \/ Yoast SEO plugin. -->","yoast_head_json":{"title":"Visiter le salon - Bien-\u00eatre Lyon","description":"Le Salon leader des m\u00e9decines douces en France revient \u00e0 Lyon pour sa, 6\u00e8me \u00e9dition du 15 au 17 janvier 2027 \u00e0 la Cit\u00e9 internationale","robots":{"index":"index","follow":"follow","max-snippet":"max-snippet:-1","max-image-preview":"max-image-preview:large","max-video-preview":"max-video-preview:-1"},"canonical":"https:\/\/www.salon-medecinedouce.com\/lyon\/visiter\/","og_locale":"fr_FR","og_type":"article","og_title":"Visiter le salon - Bien-\u00eatre Lyon","og_description":"Le Salon leader des m\u00e9decines douces en France revient \u00e0 Lyon pour sa, 6\u00e8me \u00e9dition du 15 au 17 janvier 2027 \u00e0 la Cit\u00e9 internationale","og_url":"https:\/\/www.salon-medecinedouce.com\/lyon\/visiter\/","og_site_name":"Bien-\u00eatre Lyon","article_modified_time":"2026-03-06T10:41:16+00:00","og_image":[{"width":3418,"height":2282,"url":"https:\/\/www.salon-medecinedouce.com\/lyon\/wp-content\/uploads\/sites\/12\/2017\/06\/Fotolia_133544127_BD.jpg","type":"image\/jpeg"}],"twitter_card":"summary_large_image","twitter_misc":{"Dur\u00e9e de lecture estim\u00e9e":"2 minutes"},"schema":{"@context":"https:\/\/schema.org","@graph":[{"@type":"WebPage","@id":"https:\/\/www.salon-medecinedouce.com\/lyon\/visiter\/","url":"https:\/\/www.salon-medecinedouce.com\/lyon\/visiter\/","name":"Visiter le salon - Bien-\u00eatre Lyon","isPartOf":{"@id":"https:\/\/www.salon-medecinedouce.com\/lyon\/#website"},"primaryImageOfPage":{"@id":"https:\/\/www.salon-medecinedouce.com\/lyon\/visiter\/#primaryimage"},"image":{"@id":"https:\/\/www.salon-medecinedouce.com\/lyon\/visiter\/#primaryimage"},"thumbnailUrl":"https:\/\/www.salon-medecinedouce.com\/lyon\/wp-content\/uploads\/sites\/12\/2017\/06\/Fotolia_133544127_BD.jpg","datePublished":"2016-10-05T14:20:02+00:00","dateModified":"2026-03-06T10:41:16+00:00","description":"Le Salon leader des m\u00e9decines douces en France revient \u00e0 Lyon pour sa, 6\u00e8me \u00e9dition du 15 au 17 janvier 2027 \u00e0 la Cit\u00e9 internationale","breadcrumb":{"@id":"https:\/\/www.salon-medecinedouce.com\/lyon\/visiter\/#breadcrumb"},"inLanguage":"fr-FR","potentialAction":[{"@type":"ReadAction","target":["https:\/\/www.salon-medecinedouce.com\/lyon\/visiter\/"]}]},{"@type":"ImageObject","inLanguage":"fr-FR","@id":"https:\/\/www.salon-medecinedouce.com\/lyon\/visiter\/#primaryimage","url":"https:\/\/www.salon-medecinedouce.com\/lyon\/wp-content\/uploads\/sites\/12\/2017\/06\/Fotolia_133544127_BD.jpg","contentUrl":"https:\/\/www.salon-medecinedouce.com\/lyon\/wp-content\/uploads\/sites\/12\/2017\/06\/Fotolia_133544127_BD.jpg","width":3418,"height":2282,"caption":"femme pratiquant le yoga au lever du soleil \u00e0 la plage - salon Bien-\u00eatre M\u00e9decine douce"},{"@type":"BreadcrumbList","@id":"https:\/\/www.salon-medecinedouce.com\/lyon\/visiter\/#breadcrumb","itemListElement":[{"@type":"ListItem","position":1,"name":"Accueil","item":"https:\/\/www.salon-medecinedouce.com\/lyon\/"},{"@type":"ListItem","position":2,"name":"Visiter le salon"}]},{"@type":"WebSite","@id":"https:\/\/www.salon-medecinedouce.com\/lyon\/#website","url":"https:\/\/www.salon-medecinedouce.com\/lyon\/","name":"Bien-\u00eatre Lyon","description":"La sant\u00e9 au naturel : M\u00e9decines douces - Compl\u00e9ments alimentaires - Alimentation saine - Cosm\u00e9tiques naturelles - Art de vivre - Tourisme de sant\u00e9","publisher":{"@id":"https:\/\/www.salon-medecinedouce.com\/lyon\/#organization"},"potentialAction":[{"@type":"SearchAction","target":{"@type":"EntryPoint","urlTemplate":"https:\/\/www.salon-medecinedouce.com\/lyon\/?s={search_term_string}"},"query-input":{"@type":"PropertyValueSpecification","valueRequired":true,"valueName":"search_term_string"}}],"inLanguage":"fr-FR"},{"@type":"Organization","@id":"https:\/\/www.salon-medecinedouce.com\/lyon\/#organization","name":"Bien-\u00eatre Lyon","url":"https:\/\/www.salon-medecinedouce.com\/lyon\/","logo":{"@type":"ImageObject","inLanguage":"fr-FR","@id":"https:\/\/www.salon-medecinedouce.com\/lyon\/#\/schema\/logo\/image\/","url":"https:\/\/www.salon-medecinedouce.com\/lyon\/wp-content\/uploads\/sites\/12\/2024\/05\/cropped-logo-orange-bemd.png","contentUrl":"https:\/\/www.salon-medecinedouce.com\/lyon\/wp-content\/uploads\/sites\/12\/2024\/05\/cropped-logo-orange-bemd.png","width":591,"height":591,"caption":"Bien-\u00eatre Lyon"},"image":{"@id":"https:\/\/www.salon-medecinedouce.com\/lyon\/#\/schema\/logo\/image\/"}}]}},"rttpg_featured_image_url":{"full":["https:\/\/www.salon-medecinedouce.com\/lyon\/wp-content\/uploads\/sites\/12\/2017\/06\/Fotolia_133544127_BD.jpg",3418,2282,false],"landscape":["https:\/\/www.salon-medecinedouce.com\/lyon\/wp-content\/uploads\/sites\/12\/2017\/06\/Fotolia_133544127_BD.jpg",3418,2282,false],"portraits":["https:\/\/www.salon-medecinedouce.com\/lyon\/wp-content\/uploads\/sites\/12\/2017\/06\/Fotolia_133544127_BD.jpg",3418,2282,false],"thumbnail":["https:\/\/www.salon-medecinedouce.com\/lyon\/wp-content\/uploads\/sites\/12\/2017\/06\/Fotolia_133544127_BD-150x150.jpg",150,150,true],"medium":["https:\/\/www.salon-medecinedouce.com\/lyon\/wp-content\/uploads\/sites\/12\/2017\/06\/Fotolia_133544127_BD-300x200.jpg",300,200,true],"large":["https:\/\/www.salon-medecinedouce.com\/lyon\/wp-content\/uploads\/sites\/12\/2017\/06\/Fotolia_133544127_BD-1024x684.jpg",790,528,true],"1536x1536":["https:\/\/www.salon-medecinedouce.com\/lyon\/wp-content\/uploads\/sites\/12\/2017\/06\/Fotolia_133544127_BD.jpg",1536,1025,false],"2048x2048":["https:\/\/www.salon-medecinedouce.com\/lyon\/wp-content\/uploads\/sites\/12\/2017\/06\/Fotolia_133544127_BD.jpg",2048,1367,false],"gg_gallery_thumbnail":["https:\/\/www.salon-medecinedouce.com\/lyon\/wp-content\/uploads\/sites\/12\/2017\/06\/Fotolia_133544127_BD-450x250.jpg",450,250,true],"rpwe-thumbnail":["https:\/\/www.salon-medecinedouce.com\/lyon\/wp-content\/uploads\/sites\/12\/2017\/06\/Fotolia_133544127_BD-45x45.jpg",45,45,true]},"rttpg_author":{"display_name":"admin","author_link":"https:\/\/www.salon-medecinedouce.com\/lyon\/author\/admin\/"},"rttpg_comment":0,"rttpg_category":false,"rttpg_excerpt":"Bien-\u00catre M\u00e9decine Douce est l&rsquo;unique \u00e9v\u00e9nement en mati\u00e8re de bien-\u00eatre et de sant\u00e9 au naturel, c&rsquo;est le salon leader des m\u00e9decines douces en France. Fort de l\u2019exp\u00e9rience de ses 42 \u00e9ditions \u00e0 Paris, le salon leader des m\u00e9decines douces en France confirme sa 8e \u00e9dition \u00e0 Lyon du 15 au 17 janvier 2027 \u00e0 la&hellip;","_links":{"self":[{"href":"https:\/\/www.salon-medecinedouce.com\/lyon\/wp-json\/wp\/v2\/pages\/2081","targetHints":{"allow":["GET"]}}],"collection":[{"href":"https:\/\/www.salon-medecinedouce.com\/lyon\/wp-json\/wp\/v2\/pages"}],"about":[{"href":"https:\/\/www.salon-medecinedouce.com\/lyon\/wp-json\/wp\/v2\/types\/page"}],"author":[{"embeddable":true,"href":"https:\/\/www.salon-medecinedouce.com\/lyon\/wp-json\/wp\/v2\/users\/1"}],"replies":[{"embeddable":true,"href":"https:\/\/www.salon-medecinedouce.com\/lyon\/wp-json\/wp\/v2\/comments?post=2081"}],"version-history":[{"count":55,"href":"https:\/\/www.salon-medecinedouce.com\/lyon\/wp-json\/wp\/v2\/pages\/2081\/revisions"}],"predecessor-version":[{"id":15210,"href":"https:\/\/www.salon-medecinedouce.com\/lyon\/wp-json\/wp\/v2\/pages\/2081\/revisions\/15210"}],"wp:featuredmedia":[{"embeddable":true,"href":"https:\/\/www.salon-medecinedouce.com\/lyon\/wp-json\/wp\/v2\/media\/4093"}],"wp:attachment":[{"href":"https:\/\/www.salon-medecinedouce.com\/lyon\/wp-json\/wp\/v2\/media?parent=2081"}],"curies":[{"name":"wp","href":"https:\/\/api.w.org\/{rel}","templated":true}]}}