{"id":14380,"date":"2025-11-28T10:44:26","date_gmt":"2025-11-28T09:44:26","guid":{"rendered":"https:\/\/www.salon-medecinedouce.com\/lyon\/?page_id=14380"},"modified":"2025-11-28T10:45:02","modified_gmt":"2025-11-28T09:45:02","slug":"animation-du-domaine-du-taille-espace-reconnexion","status":"publish","type":"page","link":"https:\/\/www.salon-medecinedouce.com\/lyon\/animation-du-domaine-du-taille-espace-reconnexion\/","title":{"rendered":"ANIMATION DU DOMAINE DU TAILL\u00c9 \u2013 ESPACE RECONNEXION"},"content":{"rendered":"<p>ANIMATION DU DOMAINE DU TAILL\u00c9 \u2013 ESPACE RECONNEXION<\/p>\n<p>&nbsp;<\/p>\n<p>Le Domaine du Taill\u00e9 propose un espace de reconnexion anim\u00e9s par 4 praticiens\u00a0: Christophe Falcoz, Fanny Gu\u00e9nard, Anna Ossipovitch et Sophie Tresca).<\/p>\n<p>INSCRIPTIONS SUR PLACE<\/p>\n<h4>\u00a0<\/h4>\n<h4><strong>Vendredi 16 janvier <\/strong><\/h4>\n<p><strong>11h-12h &#8211;<\/strong> Sp\u00e9cial maux de dos :\u00a0 \u00e9tirements et renforcement (Anna)<\/p>\n<p><strong>12h-13h &#8211;<\/strong> Apprendre \u00e0 m\u00e9diter pas \u00e0 pas : le bodyscan (Christophe)<\/p>\n<p><strong>13h-14h &#8211;<\/strong> Automassage pour se recentrer (Fanny)<\/p>\n<p><strong>14h-15h &#8211; <\/strong>Apprendre la micro-sieste (Sophie)<\/p>\n<p><strong>15h-16h &#8211;<\/strong> Am\u00e9liorer la concentration et l&rsquo;\u00e9quilibre (Anna)<\/p>\n<p><strong>16h-17h &#8211;<\/strong> Apprendre \u00e0 m\u00e9diter pas \u00e0 pas : la posture assise en pleine pr\u00e9sence (Christophe)<\/p>\n<p><strong>17h-18h &#8211;<\/strong> M\u00e9diter o\u00f9 que l\u2019on soit (Fanny)<\/p>\n<p><strong>\u00a0<\/strong><\/p>\n<h4><strong>Samedi 17 janvier <\/strong><\/h4>\n<p><strong>11h-12h &#8211;<\/strong> R\u00e9duire l&rsquo;anxi\u00e9t\u00e9 avec la respiration et la m\u00e9ditation (Sophie)<\/p>\n<p><strong>12h-13h &#8211;<\/strong> D\u00e9velopper l&rsquo;ancrage et la stabilit\u00e9 : postures debout et conscience des appuis (Anna)<\/p>\n<p><strong>13h-14h<\/strong> &#8211; Apprendre \u00e0 m\u00e9diter pas \u00e0 pas : le souffle en trois points (Christophe)<\/p>\n<p><strong>14h-15h &#8211;<\/strong> Automassage pour l\u00e2cher prise (Fanny)<\/p>\n<p><strong>15h-16h &#8211;<\/strong> La respiration anti-stress (Sophie)<\/p>\n<p><strong>16h-17h &#8211;<\/strong> Apprendre \u00e0 m\u00e9diter pas \u00e0 pas : la m\u00e9ditation du sourire (Christophe)<\/p>\n<p><strong>17h-18h &#8211;<\/strong> Retour sur soi, Moi et les autres (Fanny)<\/p>\n<h4><strong>Dimanche 18 janvier <\/strong><\/h4>\n<p><strong>11h-12h &#8211;<\/strong> Yoga doux pour tous (Sophie)<\/p>\n<p><strong>12h-13h &#8211;<\/strong> M\u00e9diter dans le mouvement (Fanny)<\/p>\n<p><strong>13h-14h &#8211;<\/strong> Renforcer la sangle abdominale : d\u00e9termination et confiance en soi (Anna)<\/p>\n<p><strong>14h-15h &#8211;<\/strong> Apprendre \u00e0 m\u00e9diter pas \u00e0 pas : m\u00e9ditation aves les cinq sens (Christophe)<\/p>\n<p><strong>15h-16h &#8211;<\/strong> M\u00e9diter avec le c\u0153ur (Sophie)<\/p>\n<p><strong>16h-17h &#8211;<\/strong> Booster son syst\u00e8me immunitaire, Torsions et circulation du souffle (Anna)<\/p>\n<p>&nbsp;<\/p>\n<p>&nbsp;<\/p>\n<p>&nbsp;<\/p>\n<div class=\"salon-pubs-hp-bas-de-page salon-entity-placement\" id=\"salon-3993802344\"><div id=\"salon-2727035988\"><a data-no-instant=\"1\" href=\"https:\/\/www.naia-kaolin-delphine.fr\/\" rel=\"noopener\" class=\"a2t-link\" target=\"_blank\"><p><a href=\"https:\/\/www.naia-kaolin-delphine.fr\/\"><img fetchpriority=\"high\" decoding=\"async\" class=\"wp-image-15074 size-full aligncenter\" src=\"https:\/\/www.salon-medecinedouce.com\/lyon\/wp-content\/uploads\/sites\/12\/2026\/01\/Naia-Kaolin-salon-LYON-2026.png\" alt=\"\" width=\"728\" height=\"90\" srcset=\"https:\/\/www.salon-medecinedouce.com\/lyon\/wp-content\/uploads\/sites\/12\/2026\/01\/Naia-Kaolin-salon-LYON-2026.png 728w, https:\/\/www.salon-medecinedouce.com\/lyon\/wp-content\/uploads\/sites\/12\/2026\/01\/Naia-Kaolin-salon-LYON-2026-300x37.png 300w, https:\/\/www.salon-medecinedouce.com\/lyon\/wp-content\/uploads\/sites\/12\/2026\/01\/Naia-Kaolin-salon-LYON-2026-150x19.png 150w, https:\/\/www.salon-medecinedouce.com\/lyon\/wp-content\/uploads\/sites\/12\/2026\/01\/Naia-Kaolin-salon-LYON-2026-500x62.png 500w\" sizes=\"(max-width: 728px) 100vw, 728px\" \/><\/a><\/p>\n<\/a><\/div><\/div>","protected":false},"excerpt":{"rendered":"<p>ANIMATION DU DOMAINE DU TAILL\u00c9 \u2013 ESPACE RECONNEXION &nbsp; Le Domaine du Taill\u00e9 propose un espace de reconnexion anim\u00e9s par 4 praticiens\u00a0: Christophe Falcoz, Fanny Gu\u00e9nard, Anna Ossipovitch et Sophie Tresca). INSCRIPTIONS SUR PLACE \u00a0 Vendredi 16 janvier 11h-12h &#8211; Sp\u00e9cial maux de dos :\u00a0 \u00e9tirements et renforcement (Anna) 12h-13h &#8211; Apprendre \u00e0 m\u00e9diter pas&hellip; <\/p>\n","protected":false},"author":6,"featured_media":0,"parent":0,"menu_order":0,"comment_status":"closed","ping_status":"closed","template":"","meta":{"_angie_page":false,"_monsterinsights_skip_tracking":false,"_monsterinsights_sitenote_active":false,"_monsterinsights_sitenote_note":"","_monsterinsights_sitenote_category":0,"footnotes":""},"class_list":["post-14380","page","type-page","status-publish","hentry"],"yoast_head":"<!-- This site is optimized with the Yoast SEO plugin v27.3 - https:\/\/yoast.com\/product\/yoast-seo-wordpress\/ -->\n<title>ANIMATION DU DOMAINE DU TAILL\u00c9 \u2013 ESPACE RECONNEXION - Bien-\u00eatre Lyon<\/title>\n<meta name=\"robots\" content=\"index, follow, max-snippet:-1, max-image-preview:large, max-video-preview:-1\" \/>\n<link rel=\"canonical\" href=\"https:\/\/www.salon-medecinedouce.com\/lyon\/animation-du-domaine-du-taille-espace-reconnexion\/\" \/>\n<meta property=\"og:locale\" content=\"fr_FR\" \/>\n<meta property=\"og:type\" content=\"article\" \/>\n<meta property=\"og:title\" content=\"ANIMATION DU DOMAINE DU TAILL\u00c9 \u2013 ESPACE RECONNEXION - Bien-\u00eatre Lyon\" \/>\n<meta property=\"og:description\" content=\"ANIMATION DU DOMAINE DU TAILL\u00c9 \u2013 ESPACE RECONNEXION &nbsp; Le Domaine du Taill\u00e9 propose un espace de reconnexion anim\u00e9s par 4 praticiens\u00a0: Christophe Falcoz, Fanny Gu\u00e9nard, Anna Ossipovitch et Sophie Tresca). INSCRIPTIONS SUR PLACE \u00a0 Vendredi 16 janvier 11h-12h &#8211; Sp\u00e9cial maux de dos :\u00a0 \u00e9tirements et renforcement (Anna) 12h-13h &#8211; Apprendre \u00e0 m\u00e9diter pas&hellip;\" \/>\n<meta property=\"og:url\" content=\"https:\/\/www.salon-medecinedouce.com\/lyon\/animation-du-domaine-du-taille-espace-reconnexion\/\" \/>\n<meta property=\"og:site_name\" content=\"Bien-\u00eatre Lyon\" \/>\n<meta property=\"article:modified_time\" content=\"2025-11-28T09:45:02+00:00\" \/>\n<meta name=\"twitter:card\" content=\"summary_large_image\" \/>\n<meta name=\"twitter:label1\" content=\"Dur\u00e9e de lecture estim\u00e9e\" \/>\n\t<meta name=\"twitter:data1\" content=\"2 minutes\" \/>\n<script type=\"application\/ld+json\" class=\"yoast-schema-graph\">{\"@context\":\"https:\\\/\\\/schema.org\",\"@graph\":[{\"@type\":\"WebPage\",\"@id\":\"https:\\\/\\\/www.salon-medecinedouce.com\\\/lyon\\\/animation-du-domaine-du-taille-espace-reconnexion\\\/\",\"url\":\"https:\\\/\\\/www.salon-medecinedouce.com\\\/lyon\\\/animation-du-domaine-du-taille-espace-reconnexion\\\/\",\"name\":\"ANIMATION DU DOMAINE DU TAILL\u00c9 \u2013 ESPACE RECONNEXION - Bien-\u00eatre Lyon\",\"isPartOf\":{\"@id\":\"https:\\\/\\\/www.salon-medecinedouce.com\\\/lyon\\\/#website\"},\"datePublished\":\"2025-11-28T09:44:26+00:00\",\"dateModified\":\"2025-11-28T09:45:02+00:00\",\"breadcrumb\":{\"@id\":\"https:\\\/\\\/www.salon-medecinedouce.com\\\/lyon\\\/animation-du-domaine-du-taille-espace-reconnexion\\\/#breadcrumb\"},\"inLanguage\":\"fr-FR\",\"potentialAction\":[{\"@type\":\"ReadAction\",\"target\":[\"https:\\\/\\\/www.salon-medecinedouce.com\\\/lyon\\\/animation-du-domaine-du-taille-espace-reconnexion\\\/\"]}]},{\"@type\":\"BreadcrumbList\",\"@id\":\"https:\\\/\\\/www.salon-medecinedouce.com\\\/lyon\\\/animation-du-domaine-du-taille-espace-reconnexion\\\/#breadcrumb\",\"itemListElement\":[{\"@type\":\"ListItem\",\"position\":1,\"name\":\"Accueil\",\"item\":\"https:\\\/\\\/www.salon-medecinedouce.com\\\/lyon\\\/\"},{\"@type\":\"ListItem\",\"position\":2,\"name\":\"ANIMATION DU DOMAINE DU TAILL\u00c9 \u2013 ESPACE RECONNEXION\"}]},{\"@type\":\"WebSite\",\"@id\":\"https:\\\/\\\/www.salon-medecinedouce.com\\\/lyon\\\/#website\",\"url\":\"https:\\\/\\\/www.salon-medecinedouce.com\\\/lyon\\\/\",\"name\":\"Bien-\u00eatre Lyon\",\"description\":\"La sant\u00e9 au naturel : M\u00e9decines douces - Compl\u00e9ments alimentaires - Alimentation saine - Cosm\u00e9tiques naturelles - Art de vivre - Tourisme de sant\u00e9\",\"publisher\":{\"@id\":\"https:\\\/\\\/www.salon-medecinedouce.com\\\/lyon\\\/#organization\"},\"potentialAction\":[{\"@type\":\"SearchAction\",\"target\":{\"@type\":\"EntryPoint\",\"urlTemplate\":\"https:\\\/\\\/www.salon-medecinedouce.com\\\/lyon\\\/?s={search_term_string}\"},\"query-input\":{\"@type\":\"PropertyValueSpecification\",\"valueRequired\":true,\"valueName\":\"search_term_string\"}}],\"inLanguage\":\"fr-FR\"},{\"@type\":\"Organization\",\"@id\":\"https:\\\/\\\/www.salon-medecinedouce.com\\\/lyon\\\/#organization\",\"name\":\"Bien-\u00eatre Lyon\",\"url\":\"https:\\\/\\\/www.salon-medecinedouce.com\\\/lyon\\\/\",\"logo\":{\"@type\":\"ImageObject\",\"inLanguage\":\"fr-FR\",\"@id\":\"https:\\\/\\\/www.salon-medecinedouce.com\\\/lyon\\\/#\\\/schema\\\/logo\\\/image\\\/\",\"url\":\"https:\\\/\\\/www.salon-medecinedouce.com\\\/lyon\\\/wp-content\\\/uploads\\\/sites\\\/12\\\/2024\\\/05\\\/cropped-logo-orange-bemd.png\",\"contentUrl\":\"https:\\\/\\\/www.salon-medecinedouce.com\\\/lyon\\\/wp-content\\\/uploads\\\/sites\\\/12\\\/2024\\\/05\\\/cropped-logo-orange-bemd.png\",\"width\":591,\"height\":591,\"caption\":\"Bien-\u00eatre Lyon\"},\"image\":{\"@id\":\"https:\\\/\\\/www.salon-medecinedouce.com\\\/lyon\\\/#\\\/schema\\\/logo\\\/image\\\/\"}}]}<\/script>\n<!-- \/ Yoast SEO plugin. -->","yoast_head_json":{"title":"ANIMATION DU DOMAINE DU TAILL\u00c9 \u2013 ESPACE RECONNEXION - Bien-\u00eatre Lyon","robots":{"index":"index","follow":"follow","max-snippet":"max-snippet:-1","max-image-preview":"max-image-preview:large","max-video-preview":"max-video-preview:-1"},"canonical":"https:\/\/www.salon-medecinedouce.com\/lyon\/animation-du-domaine-du-taille-espace-reconnexion\/","og_locale":"fr_FR","og_type":"article","og_title":"ANIMATION DU DOMAINE DU TAILL\u00c9 \u2013 ESPACE RECONNEXION - Bien-\u00eatre Lyon","og_description":"ANIMATION DU DOMAINE DU TAILL\u00c9 \u2013 ESPACE RECONNEXION &nbsp; Le Domaine du Taill\u00e9 propose un espace de reconnexion anim\u00e9s par 4 praticiens\u00a0: Christophe Falcoz, Fanny Gu\u00e9nard, Anna Ossipovitch et Sophie Tresca). INSCRIPTIONS SUR PLACE \u00a0 Vendredi 16 janvier 11h-12h &#8211; Sp\u00e9cial maux de dos :\u00a0 \u00e9tirements et renforcement (Anna) 12h-13h &#8211; Apprendre \u00e0 m\u00e9diter pas&hellip;","og_url":"https:\/\/www.salon-medecinedouce.com\/lyon\/animation-du-domaine-du-taille-espace-reconnexion\/","og_site_name":"Bien-\u00eatre Lyon","article_modified_time":"2025-11-28T09:45:02+00:00","twitter_card":"summary_large_image","twitter_misc":{"Dur\u00e9e de lecture estim\u00e9e":"2 minutes"},"schema":{"@context":"https:\/\/schema.org","@graph":[{"@type":"WebPage","@id":"https:\/\/www.salon-medecinedouce.com\/lyon\/animation-du-domaine-du-taille-espace-reconnexion\/","url":"https:\/\/www.salon-medecinedouce.com\/lyon\/animation-du-domaine-du-taille-espace-reconnexion\/","name":"ANIMATION DU DOMAINE DU TAILL\u00c9 \u2013 ESPACE RECONNEXION - Bien-\u00eatre Lyon","isPartOf":{"@id":"https:\/\/www.salon-medecinedouce.com\/lyon\/#website"},"datePublished":"2025-11-28T09:44:26+00:00","dateModified":"2025-11-28T09:45:02+00:00","breadcrumb":{"@id":"https:\/\/www.salon-medecinedouce.com\/lyon\/animation-du-domaine-du-taille-espace-reconnexion\/#breadcrumb"},"inLanguage":"fr-FR","potentialAction":[{"@type":"ReadAction","target":["https:\/\/www.salon-medecinedouce.com\/lyon\/animation-du-domaine-du-taille-espace-reconnexion\/"]}]},{"@type":"BreadcrumbList","@id":"https:\/\/www.salon-medecinedouce.com\/lyon\/animation-du-domaine-du-taille-espace-reconnexion\/#breadcrumb","itemListElement":[{"@type":"ListItem","position":1,"name":"Accueil","item":"https:\/\/www.salon-medecinedouce.com\/lyon\/"},{"@type":"ListItem","position":2,"name":"ANIMATION DU DOMAINE DU TAILL\u00c9 \u2013 ESPACE RECONNEXION"}]},{"@type":"WebSite","@id":"https:\/\/www.salon-medecinedouce.com\/lyon\/#website","url":"https:\/\/www.salon-medecinedouce.com\/lyon\/","name":"Bien-\u00eatre Lyon","description":"La sant\u00e9 au naturel : M\u00e9decines douces - Compl\u00e9ments alimentaires - Alimentation saine - Cosm\u00e9tiques naturelles - Art de vivre - Tourisme de sant\u00e9","publisher":{"@id":"https:\/\/www.salon-medecinedouce.com\/lyon\/#organization"},"potentialAction":[{"@type":"SearchAction","target":{"@type":"EntryPoint","urlTemplate":"https:\/\/www.salon-medecinedouce.com\/lyon\/?s={search_term_string}"},"query-input":{"@type":"PropertyValueSpecification","valueRequired":true,"valueName":"search_term_string"}}],"inLanguage":"fr-FR"},{"@type":"Organization","@id":"https:\/\/www.salon-medecinedouce.com\/lyon\/#organization","name":"Bien-\u00eatre Lyon","url":"https:\/\/www.salon-medecinedouce.com\/lyon\/","logo":{"@type":"ImageObject","inLanguage":"fr-FR","@id":"https:\/\/www.salon-medecinedouce.com\/lyon\/#\/schema\/logo\/image\/","url":"https:\/\/www.salon-medecinedouce.com\/lyon\/wp-content\/uploads\/sites\/12\/2024\/05\/cropped-logo-orange-bemd.png","contentUrl":"https:\/\/www.salon-medecinedouce.com\/lyon\/wp-content\/uploads\/sites\/12\/2024\/05\/cropped-logo-orange-bemd.png","width":591,"height":591,"caption":"Bien-\u00eatre Lyon"},"image":{"@id":"https:\/\/www.salon-medecinedouce.com\/lyon\/#\/schema\/logo\/image\/"}}]}},"rttpg_featured_image_url":null,"rttpg_author":{"display_name":"communication","author_link":"https:\/\/www.salon-medecinedouce.com\/lyon\/author\/communication\/"},"rttpg_comment":0,"rttpg_category":false,"rttpg_excerpt":"ANIMATION DU DOMAINE DU TAILL\u00c9 \u2013 ESPACE RECONNEXION &nbsp; Le Domaine du Taill\u00e9 propose un espace de reconnexion anim\u00e9s par 4 praticiens\u00a0: Christophe Falcoz, Fanny Gu\u00e9nard, Anna Ossipovitch et Sophie Tresca). INSCRIPTIONS SUR PLACE \u00a0 Vendredi 16 janvier 11h-12h &#8211; Sp\u00e9cial maux de dos :\u00a0 \u00e9tirements et renforcement (Anna) 12h-13h &#8211; Apprendre \u00e0 m\u00e9diter pas&hellip;","_links":{"self":[{"href":"https:\/\/www.salon-medecinedouce.com\/lyon\/wp-json\/wp\/v2\/pages\/14380","targetHints":{"allow":["GET"]}}],"collection":[{"href":"https:\/\/www.salon-medecinedouce.com\/lyon\/wp-json\/wp\/v2\/pages"}],"about":[{"href":"https:\/\/www.salon-medecinedouce.com\/lyon\/wp-json\/wp\/v2\/types\/page"}],"author":[{"embeddable":true,"href":"https:\/\/www.salon-medecinedouce.com\/lyon\/wp-json\/wp\/v2\/users\/6"}],"replies":[{"embeddable":true,"href":"https:\/\/www.salon-medecinedouce.com\/lyon\/wp-json\/wp\/v2\/comments?post=14380"}],"version-history":[{"count":3,"href":"https:\/\/www.salon-medecinedouce.com\/lyon\/wp-json\/wp\/v2\/pages\/14380\/revisions"}],"predecessor-version":[{"id":14384,"href":"https:\/\/www.salon-medecinedouce.com\/lyon\/wp-json\/wp\/v2\/pages\/14380\/revisions\/14384"}],"wp:attachment":[{"href":"https:\/\/www.salon-medecinedouce.com\/lyon\/wp-json\/wp\/v2\/media?parent=14380"}],"curies":[{"name":"wp","href":"https:\/\/api.w.org\/{rel}","templated":true}]}}