{"id":10799,"date":"2023-02-21T20:58:58","date_gmt":"2023-02-21T19:58:58","guid":{"rendered":"https:\/\/www.salon-medecinedouce.com\/lyon\/?page_id=10799"},"modified":"2023-02-21T20:58:58","modified_gmt":"2023-02-21T19:58:58","slug":"programme-des-ateliers-lyon-2022","status":"publish","type":"page","link":"https:\/\/www.salon-medecinedouce.com\/lyon\/programme-des-ateliers-lyon-2022\/","title":{"rendered":"Programme des ateliers Lyon 2022"},"content":{"rendered":"<h3>D\u00e9couvrez les m\u00e9thodes et produits innovants propos\u00e9s par les exposants du salon Bien-\u00catre M\u00e9decin douce.<\/h3>\n<h4><strong><span style=\"color: #b2642d;\"><br \/>\nVendredi 28 janvier 2022<\/span><\/strong><\/h4>\n<h5><span style=\"text-decoration: underline;\"><strong><span style=\"color: #f17530; text-decoration: underline;\">salle d&rsquo;ateliers conseils<\/span><\/strong><\/span><\/h5>\n<p><strong><span style=\"color: #f17530;\">12h <\/span><\/strong>Speed Dating Pro Les Cauris, d\u00e9di\u00e9 aux pros du bien-\u00eatre : rencontrez \/ \u00e9changez \/ r\u00e9seautez avec vos pairs gr\u00e2ce au 1er site d\u2019\u00e9change de soins <a href=\"http:\/\/www.lescauris.fr\">www.lescauris.fr<\/a>. <strong>Juliette de Menthon et Sandrine Peretti<\/strong><\/p>\n<p><strong><span style=\"color: #f17530;\">13h <\/span><\/strong>Se pr\u00e9parer \u00e0 la maternit\u00e9 : les soutiens naturels de la fertilit\u00e9, de la grossesse et du post-portum. <strong>La\u00ebtitia Guern<\/strong><\/p>\n<p><strong><span style=\"color: #f17530;\">14h<\/span><\/strong> Hypnose preuves et pratiques. <strong>Lola Olivera-Salipur<\/strong><\/p>\n<p><strong><span style=\"color: #f17530;\">15h<\/span><\/strong> Incroyable pouvoir de l\u2019acupuncture ! Quelle acupuncture pour am\u00e9liorer la sant\u00e9 au quotidien ? <strong>Chang Hwang<\/strong><\/p>\n<p><strong><span style=\"color: #f17530;\">16h <\/span><\/strong>Les hypersensibilit\u00e9s alimentaires de type III. <strong>Marcel Bony<\/strong><\/p>\n<p><strong><span style=\"color: #f17530;\">17h<\/span><\/strong>\u00a0Le Zen Shiatsu de Maitre Masunaga, r\u00e9\u00e9quilibrage \u00e9nerg\u00e9tique et communication bienveillante par le toucher<strong>. Annabelle Imbert<\/strong><\/p>\n<h5><span style=\"text-decoration: underline;\"><span style=\"color: #0b470a;\"><strong><br \/>\nsalle d&rsquo;ateliers d\u00e9couvertes<\/strong><\/span><\/span><\/h5>\n<p><strong><span style=\"color: #0b470a;\">11h<\/span><\/strong>\u00a0La lumi\u00e8re qui soigne, la lumi\u00e8re qui prot\u00e8ge. <strong>Cluster Lumi\u00e8re Lyon<\/strong><\/p>\n<p><strong><span style=\"color: #0b470a;\">12h <\/span><\/strong>Le soulagement de la douleur par l\u2019\u00e9lectroth\u00e9rapie. B\u00e9n\u00e9fices de l\u2019\u00e9lectroth\u00e9rapie TENS dans l\u2019arthrose\u00a0et les douleurs chroniques. Une action anti-douleur imm\u00e9diate et durable gr\u00e2ce \u00e0 une technologie cliniquement prouv\u00e9e et sans effets ind\u00e9sirables. <strong>France Viroux, Dr en Pharmacie<\/strong><\/p>\n<p><strong><span style=\"color: #0b470a;\">13h <\/span><\/strong>Les plantes sauvages au secours de nos douleurs et de notre sant\u00e9 &#8211; Les bons conseils du P\u00e8re Jean. <strong>Jean-Paul Clesse<\/strong><\/p>\n<p><strong><span style=\"color: #0b470a;\">14h<\/span><\/strong> Bienfaits des Min\u00e9raux : Origines, Vertus, Utilisations. <strong>JC Kennedec<\/strong><\/p>\n<p><span style=\"color: #0b470a;\"><strong>15h<\/strong><\/span> L&rsquo;\u00e8re du Verseau et l&rsquo;\u00e9veil de conscience. <strong>Nad\u00e8ge Luyat <\/strong><\/p>\n<p><span style=\"color: #0b470a;\"><strong>16h <\/strong><\/span>D\u00e9couvrir les bienfaits du jus de grenade et de dattes. Utilisation du bicarbonate. <strong>Gagik Saakian<\/strong><\/p>\n<p><span style=\"color: #0b470a;\"><strong>17h <\/strong><\/span>Oxydation \/ Inflammation : comment \u00e9liminer ces deux grands tueurs ? <strong>France Guillain<\/strong><\/p>\n<p>&nbsp;<\/p>\n<h4><strong><span style=\"color: #b2642d;\">Samedi 29 janvier 2022<\/span><\/strong><\/h4>\n<h5><span style=\"text-decoration: underline;\"><strong><span style=\"color: #f17530; text-decoration: underline;\">Salle d&rsquo;ateliers conseils<\/span><\/strong><\/span><\/h5>\n<p><strong><span style=\"color: #f17530;\">11h <\/span><\/strong><span style=\"color: #333333;\">\u00c9veil corporel &#8211; Eutonie. <strong>Aude Cortes<\/strong><\/span><\/p>\n<p><span style=\"color: #333333;\"><strong><span style=\"color: #f17530;\">12h<\/span>\u00a0<\/strong>La lumi\u00e8re qui soigne, la lumi\u00e8re qui prot\u00e8ge.<strong> &#8211; Cluster lumi\u00e8re Lyon<\/strong><\/span><\/p>\n<p><strong><span style=\"color: #f17530;\">13h<\/span><\/strong><span style=\"color: #333333;\">\u00a0<span dir=\"ltr\" role=\"presentation\">Le soulagement de la douleur par l\u2019\u00e9lectroth\u00e9rapie. B\u00e9n\u00e9fices de <\/span><span dir=\"ltr\" role=\"presentation\">l\u2019\u00e9lectroth\u00e9rapie TENS dans l\u2019arthrose et les douleurs chroniques. Une action anti-<\/span><span dir=\"ltr\" role=\"presentation\">douleur imm\u00e9diate et durable gr\u00e2ce \u00e0 une technologie cliniquement prouv\u00e9e et <\/span><span dir=\"ltr\" role=\"presentation\">sans effets ind\u00e9sirables.<\/span> &#8211; <strong>France Viroux, Dr en Pharmacie<\/strong><\/span><\/p>\n<p><strong><span style=\"color: #f17530;\">14h <\/span><\/strong>Cycles f\u00e9minins et M\u00e9nopause : Retrouver sa force naturellement. <strong>La\u00ebtitia Guern<\/strong><\/p>\n<p><strong><span style=\"color: #f17530;\">15h <\/span><\/strong>Et si le massage \u00e9tait le rem\u00e8de \u00e0 nos maux actuels. <strong>Jo\u00ebl Savatofski<\/strong><\/p>\n<p><strong><span style=\"color: #f17530;\">16h<\/span><\/strong>\u00a0Thermes de Bourbon-Lancy &#8211; La Pr\u00e9vention Sant\u00e9 en Station Thermale.<strong> Lo\u00efc Machillot, Directeur des Thermes et Responsable du p\u00f4le Pr\u00e9vention Sant\u00e9 aux Thermes et Benjamin Monssus, Directeur du Groupe Thermal de\u00a0Bourbon-Lancy<\/strong><\/p>\n<p><strong><span style=\"color: #f17530;\">17h<\/span><\/strong>\u00a0Comment contrer son stress et ses addictions.<strong> Jean-Claude Berton<\/strong><\/p>\n<h5>\u00a0<\/h5>\n<h5><span style=\"text-decoration: underline;\"><strong><span style=\"color: #0b470a; text-decoration: underline;\">salle d&rsquo;ateliers d\u00e9couvertes<\/span><\/strong><\/span><\/h5>\n<p><span style=\"color: #0b470a;\"><strong>11h <\/strong><\/span>Atelier initiation Shiatsu parent-enfant. D\u00e9couvrir la pratique avec votre enfant. <strong>Marie-Laure Bassi<\/strong><\/p>\n<p><span style=\"color: #0b470a;\"><strong>12h <\/strong><\/span>Le soulagement de la douleur par l\u2019\u00e9lectroth\u00e9rapie. B\u00e9n\u00e9fices de l\u2019\u00e9lectroth\u00e9rapie TENS dans l\u2019arthrose\u00a0et les douleurs chroniques. Une action anti-douleur imm\u00e9diate et durable gr\u00e2ce \u00e0 une technologie cliniquement prouv\u00e9e et sans effets ind\u00e9sirables. <strong>France Viroux, Dr en Pharmacie<\/strong><\/p>\n<p><span style=\"color: #0b470a;\"><strong>13h<\/strong><\/span> Le d\u00e9tachement des traumatismes. <strong>Nad\u00e8ge Luyat<\/strong><\/p>\n<p><span style=\"color: #0b470a;\"><strong>14h<\/strong><\/span> Bienfaits des Min\u00e9raux : Origines, Vertus, Utilisations. <strong>JC Kennedec<\/strong><\/p>\n<p><span style=\"color: #0b470a;\"><strong>15h <\/strong><\/span>D\u00e9pendance amoureuse : quand l&rsquo;attachement \u00e0 l&rsquo;objet d&rsquo;amour est mis en \u00e9chec. Comment s&rsquo;\u00e9panouir dans sa vie sentimentale quand on ne nous a pas suffisamment (bien) aim\u00e9 ? <strong>Chlo\u00e9 Merckaert<\/strong><\/p>\n<p><span style=\"color: #0b470a;\"><strong>16h<\/strong><\/span> Les plantes sauvages au service de nos douleurs et de notre sant\u00e9 &#8211; Les bons conseils du P\u00e8re Jean. <strong>Jean-Paul Clesse<\/strong><\/p>\n<p><span style=\"color: #0b470a;\"><strong>17h <\/strong><\/span>Le soulagement de la douleur par l\u2019\u00e9lectroth\u00e9rapie. B\u00e9n\u00e9fices de l\u2019\u00e9lectroth\u00e9rapie TENS dans l\u2019arthrose\u00a0et les douleurs chroniques. Une action anti-douleur imm\u00e9diate et durable gr\u00e2ce \u00e0 une technologie cliniquement prouv\u00e9e et sans effets ind\u00e9sirables. <strong>France Viroux, Dr en Pharmacie<\/strong><\/p>\n<p>&nbsp;<\/p>\n<h4><strong><span style=\"color: #b2642d;\">Dimanche 30 janvier 2022<\/span><\/strong><\/h4>\n<h5><span style=\"text-decoration: underline;\"><strong><span style=\"color: #f17530; text-decoration: underline;\">Salle d&rsquo;ateliers conseils<\/span><\/strong><\/span><\/h5>\n<p><strong><span style=\"color: #f17530;\">14h<\/span><\/strong> L\u2019Education Th\u00e9rapeutique du patient au service des patients atteints de fibromyalgie. Une exp\u00e9rience concluante aux Thermes de Bourbon Lancy avec le programme ETP FIBR\u2019EAUX. <strong>Lo\u00efc Machillot, Directeur des Thermes et Responsable du p\u00f4le pr\u00e9vention sant\u00e9 aux Thermes de Bourbon-Lancy\u00a0<\/strong><\/p>\n<p><strong><span style=\"color: #f17530;\">15h <\/span><\/strong>Comprendre la fibromyalgie. <strong>Nad\u00e8ge Guichard<\/strong><\/p>\n<h5><span style=\"text-decoration: underline;\"><span style=\"color: #0b470a;\"><strong>salle d&rsquo;ateliers d\u00e9couvertes<\/strong><\/span><\/span><\/h5>\n<p><span style=\"color: #0b470a;\"><strong>11h <\/strong><\/span>Le soulagement de la douleur par l\u2019\u00e9lectroth\u00e9rapie. B\u00e9n\u00e9fices de l\u2019\u00e9lectroth\u00e9rapie TENS dans l\u2019arthrose et les douleurs chroniques. Une action anti-douleur imm\u00e9diate et durable gr\u00e2ce \u00e0 une technologie cliniquement prouv\u00e9e et sans effets ind\u00e9sirables.\u00a0<strong>France Viroux, Dr en Pharmacie<\/strong><\/p>\n<p><span style=\"color: #0b470a;\"><strong>13h\u00a0 <\/strong><\/span>Les plantes sauvages au service de nos douleurs et de notre sant\u00e9 &#8211; Les bons conseils du P\u00e8re Jean. <strong>Jean-Paul Clesse<\/strong><\/p>\n<p><strong><span style=\"color: #0b470a;\">14h<\/span> <\/strong>Initiation Shiatsu. D\u00e9couverte de la pratique du shiatsu.<strong> Annabelle Imbert<\/strong><\/p>\n<p>&nbsp;<\/p>\n<p>&nbsp;<\/p>\n<div class=\"salon-pubs-hp-bas-de-page salon-entity-placement\" id=\"salon-1741701584\"><div id=\"salon-1804857114\"><a data-no-instant=\"1\" href=\"https:\/\/www.adntv.fr\/home?request_origin=tv_app\" rel=\"noopener\" class=\"a2t-link\" target=\"_blank\"><p><a href=\"https:\/\/www.adntv.fr\/home?request_origin=tv_app\"><img fetchpriority=\"high\" decoding=\"async\" class=\"wp-image-15075  aligncenter\" src=\"https:\/\/www.salon-medecinedouce.com\/lyon\/wp-content\/uploads\/sites\/12\/2021\/12\/ADNTV_BANNIERE_.jpg\" alt=\"\" width=\"515\" height=\"196\" srcset=\"https:\/\/www.salon-medecinedouce.com\/lyon\/wp-content\/uploads\/sites\/12\/2021\/12\/ADNTV_BANNIERE_.jpg 820w, https:\/\/www.salon-medecinedouce.com\/lyon\/wp-content\/uploads\/sites\/12\/2021\/12\/ADNTV_BANNIERE_-300x114.jpg 300w, https:\/\/www.salon-medecinedouce.com\/lyon\/wp-content\/uploads\/sites\/12\/2021\/12\/ADNTV_BANNIERE_-768x292.jpg 768w, https:\/\/www.salon-medecinedouce.com\/lyon\/wp-content\/uploads\/sites\/12\/2021\/12\/ADNTV_BANNIERE_-150x57.jpg 150w, https:\/\/www.salon-medecinedouce.com\/lyon\/wp-content\/uploads\/sites\/12\/2021\/12\/ADNTV_BANNIERE_-500x190.jpg 500w\" sizes=\"(max-width: 515px) 100vw, 515px\" \/><\/a><\/p>\n<\/a><\/div><\/div>","protected":false},"excerpt":{"rendered":"<p>D\u00e9couvrez les m\u00e9thodes et produits innovants propos\u00e9s par les exposants du salon Bien-\u00catre M\u00e9decin douce. Vendredi 28 janvier 2022 salle d&rsquo;ateliers conseils 12h Speed Dating Pro Les Cauris, d\u00e9di\u00e9 aux pros du bien-\u00eatre : rencontrez \/ \u00e9changez \/ r\u00e9seautez avec vos pairs gr\u00e2ce au 1er site d\u2019\u00e9change de soins www.lescauris.fr. Juliette de Menthon et Sandrine&hellip; <\/p>\n","protected":false},"author":5,"featured_media":0,"parent":0,"menu_order":0,"comment_status":"closed","ping_status":"closed","template":"","meta":{"_angie_page":false,"_monsterinsights_skip_tracking":false,"_monsterinsights_sitenote_active":false,"_monsterinsights_sitenote_note":"","_monsterinsights_sitenote_category":0,"footnotes":""},"class_list":["post-10799","page","type-page","status-publish","hentry"],"yoast_head":"<!-- This site is optimized with the Yoast SEO plugin v27.3 - https:\/\/yoast.com\/product\/yoast-seo-wordpress\/ -->\n<title>Programme des ateliers Lyon 2022 - Bien-\u00eatre Lyon<\/title>\n<meta name=\"robots\" content=\"index, follow, max-snippet:-1, max-image-preview:large, max-video-preview:-1\" \/>\n<link rel=\"canonical\" href=\"https:\/\/www.salon-medecinedouce.com\/lyon\/programme-des-ateliers-lyon-2022\/\" \/>\n<meta property=\"og:locale\" content=\"fr_FR\" \/>\n<meta property=\"og:type\" content=\"article\" \/>\n<meta property=\"og:title\" content=\"Programme des ateliers Lyon 2022 - Bien-\u00eatre Lyon\" \/>\n<meta property=\"og:description\" content=\"D\u00e9couvrez les m\u00e9thodes et produits innovants propos\u00e9s par les exposants du salon Bien-\u00catre M\u00e9decin douce. Vendredi 28 janvier 2022 salle d&rsquo;ateliers conseils 12h Speed Dating Pro Les Cauris, d\u00e9di\u00e9 aux pros du bien-\u00eatre : rencontrez \/ \u00e9changez \/ r\u00e9seautez avec vos pairs gr\u00e2ce au 1er site d\u2019\u00e9change de soins www.lescauris.fr. Juliette de Menthon et Sandrine&hellip;\" \/>\n<meta property=\"og:url\" content=\"https:\/\/www.salon-medecinedouce.com\/lyon\/programme-des-ateliers-lyon-2022\/\" \/>\n<meta property=\"og:site_name\" content=\"Bien-\u00eatre Lyon\" \/>\n<meta name=\"twitter:card\" content=\"summary_large_image\" \/>\n<meta name=\"twitter:label1\" content=\"Dur\u00e9e de lecture estim\u00e9e\" \/>\n\t<meta name=\"twitter:data1\" content=\"4 minutes\" \/>\n<script type=\"application\/ld+json\" class=\"yoast-schema-graph\">{\"@context\":\"https:\\\/\\\/schema.org\",\"@graph\":[{\"@type\":\"WebPage\",\"@id\":\"https:\\\/\\\/www.salon-medecinedouce.com\\\/lyon\\\/programme-des-ateliers-lyon-2022\\\/\",\"url\":\"https:\\\/\\\/www.salon-medecinedouce.com\\\/lyon\\\/programme-des-ateliers-lyon-2022\\\/\",\"name\":\"Programme des ateliers Lyon 2022 - Bien-\u00eatre Lyon\",\"isPartOf\":{\"@id\":\"https:\\\/\\\/www.salon-medecinedouce.com\\\/lyon\\\/#website\"},\"datePublished\":\"2023-02-21T19:58:58+00:00\",\"breadcrumb\":{\"@id\":\"https:\\\/\\\/www.salon-medecinedouce.com\\\/lyon\\\/programme-des-ateliers-lyon-2022\\\/#breadcrumb\"},\"inLanguage\":\"fr-FR\",\"potentialAction\":[{\"@type\":\"ReadAction\",\"target\":[\"https:\\\/\\\/www.salon-medecinedouce.com\\\/lyon\\\/programme-des-ateliers-lyon-2022\\\/\"]}]},{\"@type\":\"BreadcrumbList\",\"@id\":\"https:\\\/\\\/www.salon-medecinedouce.com\\\/lyon\\\/programme-des-ateliers-lyon-2022\\\/#breadcrumb\",\"itemListElement\":[{\"@type\":\"ListItem\",\"position\":1,\"name\":\"Accueil\",\"item\":\"https:\\\/\\\/www.salon-medecinedouce.com\\\/lyon\\\/\"},{\"@type\":\"ListItem\",\"position\":2,\"name\":\"Programme des ateliers Lyon 2022\"}]},{\"@type\":\"WebSite\",\"@id\":\"https:\\\/\\\/www.salon-medecinedouce.com\\\/lyon\\\/#website\",\"url\":\"https:\\\/\\\/www.salon-medecinedouce.com\\\/lyon\\\/\",\"name\":\"Bien-\u00eatre Lyon\",\"description\":\"La sant\u00e9 au naturel : M\u00e9decines douces - Compl\u00e9ments alimentaires - Alimentation saine - Cosm\u00e9tiques naturelles - Art de vivre - Tourisme de sant\u00e9\",\"publisher\":{\"@id\":\"https:\\\/\\\/www.salon-medecinedouce.com\\\/lyon\\\/#organization\"},\"potentialAction\":[{\"@type\":\"SearchAction\",\"target\":{\"@type\":\"EntryPoint\",\"urlTemplate\":\"https:\\\/\\\/www.salon-medecinedouce.com\\\/lyon\\\/?s={search_term_string}\"},\"query-input\":{\"@type\":\"PropertyValueSpecification\",\"valueRequired\":true,\"valueName\":\"search_term_string\"}}],\"inLanguage\":\"fr-FR\"},{\"@type\":\"Organization\",\"@id\":\"https:\\\/\\\/www.salon-medecinedouce.com\\\/lyon\\\/#organization\",\"name\":\"Bien-\u00eatre Lyon\",\"url\":\"https:\\\/\\\/www.salon-medecinedouce.com\\\/lyon\\\/\",\"logo\":{\"@type\":\"ImageObject\",\"inLanguage\":\"fr-FR\",\"@id\":\"https:\\\/\\\/www.salon-medecinedouce.com\\\/lyon\\\/#\\\/schema\\\/logo\\\/image\\\/\",\"url\":\"https:\\\/\\\/www.salon-medecinedouce.com\\\/lyon\\\/wp-content\\\/uploads\\\/sites\\\/12\\\/2024\\\/05\\\/cropped-logo-orange-bemd.png\",\"contentUrl\":\"https:\\\/\\\/www.salon-medecinedouce.com\\\/lyon\\\/wp-content\\\/uploads\\\/sites\\\/12\\\/2024\\\/05\\\/cropped-logo-orange-bemd.png\",\"width\":591,\"height\":591,\"caption\":\"Bien-\u00eatre Lyon\"},\"image\":{\"@id\":\"https:\\\/\\\/www.salon-medecinedouce.com\\\/lyon\\\/#\\\/schema\\\/logo\\\/image\\\/\"}}]}<\/script>\n<!-- \/ Yoast SEO plugin. -->","yoast_head_json":{"title":"Programme des ateliers Lyon 2022 - Bien-\u00eatre Lyon","robots":{"index":"index","follow":"follow","max-snippet":"max-snippet:-1","max-image-preview":"max-image-preview:large","max-video-preview":"max-video-preview:-1"},"canonical":"https:\/\/www.salon-medecinedouce.com\/lyon\/programme-des-ateliers-lyon-2022\/","og_locale":"fr_FR","og_type":"article","og_title":"Programme des ateliers Lyon 2022 - Bien-\u00eatre Lyon","og_description":"D\u00e9couvrez les m\u00e9thodes et produits innovants propos\u00e9s par les exposants du salon Bien-\u00catre M\u00e9decin douce. Vendredi 28 janvier 2022 salle d&rsquo;ateliers conseils 12h Speed Dating Pro Les Cauris, d\u00e9di\u00e9 aux pros du bien-\u00eatre : rencontrez \/ \u00e9changez \/ r\u00e9seautez avec vos pairs gr\u00e2ce au 1er site d\u2019\u00e9change de soins www.lescauris.fr. Juliette de Menthon et Sandrine&hellip;","og_url":"https:\/\/www.salon-medecinedouce.com\/lyon\/programme-des-ateliers-lyon-2022\/","og_site_name":"Bien-\u00eatre Lyon","twitter_card":"summary_large_image","twitter_misc":{"Dur\u00e9e de lecture estim\u00e9e":"4 minutes"},"schema":{"@context":"https:\/\/schema.org","@graph":[{"@type":"WebPage","@id":"https:\/\/www.salon-medecinedouce.com\/lyon\/programme-des-ateliers-lyon-2022\/","url":"https:\/\/www.salon-medecinedouce.com\/lyon\/programme-des-ateliers-lyon-2022\/","name":"Programme des ateliers Lyon 2022 - Bien-\u00eatre Lyon","isPartOf":{"@id":"https:\/\/www.salon-medecinedouce.com\/lyon\/#website"},"datePublished":"2023-02-21T19:58:58+00:00","breadcrumb":{"@id":"https:\/\/www.salon-medecinedouce.com\/lyon\/programme-des-ateliers-lyon-2022\/#breadcrumb"},"inLanguage":"fr-FR","potentialAction":[{"@type":"ReadAction","target":["https:\/\/www.salon-medecinedouce.com\/lyon\/programme-des-ateliers-lyon-2022\/"]}]},{"@type":"BreadcrumbList","@id":"https:\/\/www.salon-medecinedouce.com\/lyon\/programme-des-ateliers-lyon-2022\/#breadcrumb","itemListElement":[{"@type":"ListItem","position":1,"name":"Accueil","item":"https:\/\/www.salon-medecinedouce.com\/lyon\/"},{"@type":"ListItem","position":2,"name":"Programme des ateliers Lyon 2022"}]},{"@type":"WebSite","@id":"https:\/\/www.salon-medecinedouce.com\/lyon\/#website","url":"https:\/\/www.salon-medecinedouce.com\/lyon\/","name":"Bien-\u00eatre Lyon","description":"La sant\u00e9 au naturel : M\u00e9decines douces - Compl\u00e9ments alimentaires - Alimentation saine - Cosm\u00e9tiques naturelles - Art de vivre - Tourisme de sant\u00e9","publisher":{"@id":"https:\/\/www.salon-medecinedouce.com\/lyon\/#organization"},"potentialAction":[{"@type":"SearchAction","target":{"@type":"EntryPoint","urlTemplate":"https:\/\/www.salon-medecinedouce.com\/lyon\/?s={search_term_string}"},"query-input":{"@type":"PropertyValueSpecification","valueRequired":true,"valueName":"search_term_string"}}],"inLanguage":"fr-FR"},{"@type":"Organization","@id":"https:\/\/www.salon-medecinedouce.com\/lyon\/#organization","name":"Bien-\u00eatre Lyon","url":"https:\/\/www.salon-medecinedouce.com\/lyon\/","logo":{"@type":"ImageObject","inLanguage":"fr-FR","@id":"https:\/\/www.salon-medecinedouce.com\/lyon\/#\/schema\/logo\/image\/","url":"https:\/\/www.salon-medecinedouce.com\/lyon\/wp-content\/uploads\/sites\/12\/2024\/05\/cropped-logo-orange-bemd.png","contentUrl":"https:\/\/www.salon-medecinedouce.com\/lyon\/wp-content\/uploads\/sites\/12\/2024\/05\/cropped-logo-orange-bemd.png","width":591,"height":591,"caption":"Bien-\u00eatre Lyon"},"image":{"@id":"https:\/\/www.salon-medecinedouce.com\/lyon\/#\/schema\/logo\/image\/"}}]}},"rttpg_featured_image_url":null,"rttpg_author":{"display_name":"nadia","author_link":"https:\/\/www.salon-medecinedouce.com\/lyon\/author\/nadia\/"},"rttpg_comment":0,"rttpg_category":false,"rttpg_excerpt":"D\u00e9couvrez les m\u00e9thodes et produits innovants propos\u00e9s par les exposants du salon Bien-\u00catre M\u00e9decin douce. Vendredi 28 janvier 2022 salle d&rsquo;ateliers conseils 12h Speed Dating Pro Les Cauris, d\u00e9di\u00e9 aux pros du bien-\u00eatre : rencontrez \/ \u00e9changez \/ r\u00e9seautez avec vos pairs gr\u00e2ce au 1er site d\u2019\u00e9change de soins www.lescauris.fr. Juliette de Menthon et Sandrine&hellip;","_links":{"self":[{"href":"https:\/\/www.salon-medecinedouce.com\/lyon\/wp-json\/wp\/v2\/pages\/10799","targetHints":{"allow":["GET"]}}],"collection":[{"href":"https:\/\/www.salon-medecinedouce.com\/lyon\/wp-json\/wp\/v2\/pages"}],"about":[{"href":"https:\/\/www.salon-medecinedouce.com\/lyon\/wp-json\/wp\/v2\/types\/page"}],"author":[{"embeddable":true,"href":"https:\/\/www.salon-medecinedouce.com\/lyon\/wp-json\/wp\/v2\/users\/5"}],"replies":[{"embeddable":true,"href":"https:\/\/www.salon-medecinedouce.com\/lyon\/wp-json\/wp\/v2\/comments?post=10799"}],"version-history":[{"count":1,"href":"https:\/\/www.salon-medecinedouce.com\/lyon\/wp-json\/wp\/v2\/pages\/10799\/revisions"}],"predecessor-version":[{"id":10800,"href":"https:\/\/www.salon-medecinedouce.com\/lyon\/wp-json\/wp\/v2\/pages\/10799\/revisions\/10800"}],"wp:attachment":[{"href":"https:\/\/www.salon-medecinedouce.com\/lyon\/wp-json\/wp\/v2\/media?parent=10799"}],"curies":[{"name":"wp","href":"https:\/\/api.w.org\/{rel}","templated":true}]}}